{"id":26036,"date":"2023-10-02T15:24:23","date_gmt":"2023-10-02T13:24:23","guid":{"rendered":"https:\/\/naturalpoland.com\/produkty\/unkategorisiert\/kuerbiseiweiss\/"},"modified":"2023-10-03T09:29:08","modified_gmt":"2023-10-03T07:29:08","slug":"protein-from-dynia","status":"publish","type":"product","link":"https:\/\/naturalpoland.com\/de\/produkte\/produkte-fur-die-pharmaindustrie\/nahrungserganzungmittel\/protein-from-dynia\/","title":{"rendered":"K\u00fcrbiseiwei\u00df"},"content":{"rendered":"<h3>Eigenschaften von K\u00fcrbisprotein<\/h3>\n<ol>\n<li><strong>Reich an N\u00e4hrstoffen:<\/strong> K\u00fcrbisprotein liefert ein breites Spektrum an Aminos\u00e4uren, einschlie\u00dflich Arginin und Glutamin, und enth\u00e4lt nur geringe Mengen an ges\u00e4ttigten Fetten und Zucker.<\/li>\n<li><strong>Unterst\u00fctzt den Stoffwechsel:<\/strong> Enth\u00e4lt Magnesium, Eisen und Zink, die f\u00fcr die Aufrechterhaltung eines gesunden Stoffwechsels wichtig sind.<\/li>\n<li><strong>Antioxidative Wirkung:<\/strong> K\u00fcrbisprotein ist reich an Antioxidantien, die das Immunsystem unterst\u00fctzen und die Erholung nach dem Sport beschleunigen.<\/li>\n<li><strong>Veganerfreundlich:<\/strong> Da es sich um ein pflanzliches Protein handelt, ist es eine gute Option f\u00fcr <strong>Veganer<\/strong>, Vegetarier und Menschen mit Laktoseintoleranz.<\/li>\n<\/ol>\n<p>Aufgrund seiner ern\u00e4hrungsphysiologischen Eigenschaften und seines hohen Proteingehalts ist K\u00fcrbisprotein eine beliebte Zutat in Nahrungserg\u00e4nzungsmitteln, Fitnessprodukten und als Zusatz zu Shakes und Smoothies. Sein neutraler Geschmack und seine Textur machen es zu einer gro\u00dfartigen Erg\u00e4nzung f\u00fcr Backwaren, Fr\u00fchst\u00fccksflocken und andere Gerichte.<\/p>\n<p>K\u00fcrbiseiwei\u00dfprodukte lassen sich gut in das Sortiment f\u00fcr Menschen mit einem aktiven Lebensstil, Veganer, Vegetarier und alle, die Alternativen zu tierischen Proteinen suchen, aufnehmen.<\/p>\n","protected":false},"excerpt":{"rendered":"<p>Mit etwa 60 % Eiwei\u00df ist K\u00fcrbisprotein eine hervorragende Nahrungserg\u00e4nzung, die in einer Vielzahl von Lebensmitteln verwendet wird. Es ist eine Art pflanzliches Protein, das aus K\u00fcrbiskernen gewonnen wird, die getrocknet und gepresst werden, um ein Proteinkonzentrat herzustellen.<\/p>\n","protected":false},"featured_media":26005,"template":"","meta":{"_acf_changed":false},"product_brand":[],"product_cat":[2667,373],"product_tag":[],"class_list":{"0":"post-26036","1":"product","2":"type-product","3":"status-publish","4":"has-post-thumbnail","6":"product_cat-pflanzliche-proteine","7":"product_cat-nahrungserganzungmittel","9":"first","10":"instock","11":"shipping-taxable","12":"product-type-simple"},"acf":[],"yoast_head":"<!-- This site is optimized with the Yoast SEO plugin v27.5 - https:\/\/yoast.com\/product\/yoast-seo-wordpress\/ -->\n<title>K\u00fcrbiseiwei\u00df - Gro\u00dfhandelsvertrieb<\/title>\n<meta name=\"description\" content=\"K\u00fcrbiseiwei\u00df, das etwa 60 % Eiwei\u00df enth\u00e4lt, ist eine Art pflanzliches Eiwei\u00df, das aus getrockneten und gepressten K\u00fcrbiskernen gewonnen wird.\" \/>\n<meta name=\"robots\" content=\"index, follow, max-snippet:-1, max-image-preview:large, max-video-preview:-1\" \/>\n<link rel=\"canonical\" href=\"https:\/\/naturalpoland.com\/de\/produkte\/produkte-fur-die-pharmaindustrie\/nahrungserganzungmittel\/protein-from-dynia\/\" \/>\n<meta property=\"og:locale\" content=\"de_DE\" \/>\n<meta property=\"og:type\" content=\"article\" \/>\n<meta property=\"og:title\" content=\"K\u00fcrbiseiwei\u00df - Gro\u00dfhandelsvertrieb\" \/>\n<meta property=\"og:description\" content=\"K\u00fcrbiseiwei\u00df, das etwa 60 % Eiwei\u00df enth\u00e4lt, ist eine Art pflanzliches Eiwei\u00df, das aus getrockneten und gepressten K\u00fcrbiskernen gewonnen wird.\" \/>\n<meta property=\"og:url\" content=\"https:\/\/naturalpoland.com\/de\/produkte\/produkte-fur-die-pharmaindustrie\/nahrungserganzungmittel\/protein-from-dynia\/\" \/>\n<meta property=\"og:site_name\" content=\"NATURAL POLAND - IMPORT UND HANDEL VON ROHSTOFFEN\" \/>\n<meta property=\"article:publisher\" content=\"https:\/\/www.facebook.com\/naturalpoland.b2b\" \/>\n<meta property=\"article:modified_time\" content=\"2023-10-03T07:29:08+00:00\" \/>\n<meta property=\"og:image\" content=\"https:\/\/naturalpoland.com\/wp-content\/uploads\/bialko-dyni.jpg\" \/>\n\t<meta property=\"og:image:width\" content=\"650\" \/>\n\t<meta property=\"og:image:height\" content=\"650\" \/>\n\t<meta property=\"og:image:type\" content=\"image\/jpeg\" \/>\n<script type=\"application\/ld+json\" class=\"yoast-schema-graph\">{\"@context\":\"https:\\\/\\\/schema.org\",\"@graph\":[{\"@type\":\"WebPage\",\"@id\":\"https:\\\/\\\/naturalpoland.com\\\/de\\\/produkte\\\/produkte-fur-die-pharmaindustrie\\\/nahrungserganzungmittel\\\/protein-from-dynia\\\/\",\"url\":\"https:\\\/\\\/naturalpoland.com\\\/de\\\/produkte\\\/produkte-fur-die-pharmaindustrie\\\/nahrungserganzungmittel\\\/protein-from-dynia\\\/\",\"name\":\"K\u00fcrbiseiwei\u00df - Gro\u00dfhandelsvertrieb\",\"isPartOf\":{\"@id\":\"https:\\\/\\\/naturalpoland.com\\\/de\\\/#website\"},\"primaryImageOfPage\":{\"@id\":\"https:\\\/\\\/naturalpoland.com\\\/de\\\/produkte\\\/produkte-fur-die-pharmaindustrie\\\/nahrungserganzungmittel\\\/protein-from-dynia\\\/#primaryimage\"},\"image\":{\"@id\":\"https:\\\/\\\/naturalpoland.com\\\/de\\\/produkte\\\/produkte-fur-die-pharmaindustrie\\\/nahrungserganzungmittel\\\/protein-from-dynia\\\/#primaryimage\"},\"thumbnailUrl\":\"https:\\\/\\\/naturalpoland.com\\\/wp-content\\\/uploads\\\/bialko-dyni.jpg\",\"datePublished\":\"2023-10-02T13:24:23+00:00\",\"dateModified\":\"2023-10-03T07:29:08+00:00\",\"description\":\"K\u00fcrbiseiwei\u00df, das etwa 60 % Eiwei\u00df enth\u00e4lt, ist eine Art pflanzliches Eiwei\u00df, das aus getrockneten und gepressten K\u00fcrbiskernen gewonnen wird.\",\"breadcrumb\":{\"@id\":\"https:\\\/\\\/naturalpoland.com\\\/de\\\/produkte\\\/produkte-fur-die-pharmaindustrie\\\/nahrungserganzungmittel\\\/protein-from-dynia\\\/#breadcrumb\"},\"inLanguage\":\"de\",\"potentialAction\":[{\"@type\":\"ReadAction\",\"target\":[\"https:\\\/\\\/naturalpoland.com\\\/de\\\/produkte\\\/produkte-fur-die-pharmaindustrie\\\/nahrungserganzungmittel\\\/protein-from-dynia\\\/\"]}]},{\"@type\":\"ImageObject\",\"inLanguage\":\"de\",\"@id\":\"https:\\\/\\\/naturalpoland.com\\\/de\\\/produkte\\\/produkte-fur-die-pharmaindustrie\\\/nahrungserganzungmittel\\\/protein-from-dynia\\\/#primaryimage\",\"url\":\"https:\\\/\\\/naturalpoland.com\\\/wp-content\\\/uploads\\\/bialko-dyni.jpg\",\"contentUrl\":\"https:\\\/\\\/naturalpoland.com\\\/wp-content\\\/uploads\\\/bialko-dyni.jpg\",\"width\":650,\"height\":650,\"caption\":\"K\u00fcrbiseiwei\u00df\"},{\"@type\":\"BreadcrumbList\",\"@id\":\"https:\\\/\\\/naturalpoland.com\\\/de\\\/produkte\\\/produkte-fur-die-pharmaindustrie\\\/nahrungserganzungmittel\\\/protein-from-dynia\\\/#breadcrumb\",\"itemListElement\":[{\"@type\":\"ListItem\",\"position\":1,\"name\":\"Startseite\",\"item\":\"https:\\\/\\\/naturalpoland.com\\\/de\\\/\"},{\"@type\":\"ListItem\",\"position\":2,\"name\":\"Produkte\",\"item\":\"https:\\\/\\\/naturalpoland.com\\\/de\\\/produkte\\\/\"},{\"@type\":\"ListItem\",\"position\":3,\"name\":\"K\u00fcrbiseiwei\u00df\"}]},{\"@type\":\"WebSite\",\"@id\":\"https:\\\/\\\/naturalpoland.com\\\/de\\\/#website\",\"url\":\"https:\\\/\\\/naturalpoland.com\\\/de\\\/\",\"name\":\"NATURAL POLAND - IMPORT UND HANDEL VON ROHSTOFFEN\",\"description\":\"Rohstoffe f\u00fcr die Lebensmittelindustrie, Kosmetikindustrie, Pharmaindustrie\",\"publisher\":{\"@id\":\"https:\\\/\\\/naturalpoland.com\\\/de\\\/#organization\"},\"potentialAction\":[{\"@type\":\"SearchAction\",\"target\":{\"@type\":\"EntryPoint\",\"urlTemplate\":\"https:\\\/\\\/naturalpoland.com\\\/de\\\/?s={search_term_string}\"},\"query-input\":{\"@type\":\"PropertyValueSpecification\",\"valueRequired\":true,\"valueName\":\"search_term_string\"}}],\"inLanguage\":\"de\"},{\"@type\":\"Organization\",\"@id\":\"https:\\\/\\\/naturalpoland.com\\\/de\\\/#organization\",\"name\":\"Natural Poland\",\"url\":\"https:\\\/\\\/naturalpoland.com\\\/de\\\/\",\"logo\":{\"@type\":\"ImageObject\",\"inLanguage\":\"de\",\"@id\":\"https:\\\/\\\/naturalpoland.com\\\/de\\\/#\\\/schema\\\/logo\\\/image\\\/\",\"url\":\"https:\\\/\\\/naturalpoland.com\\\/wp-content\\\/uploads\\\/2021\\\/05\\\/natural-poland-icon.png\",\"contentUrl\":\"https:\\\/\\\/naturalpoland.com\\\/wp-content\\\/uploads\\\/2021\\\/05\\\/natural-poland-icon.png\",\"width\":512,\"height\":512,\"caption\":\"Natural Poland\"},\"image\":{\"@id\":\"https:\\\/\\\/naturalpoland.com\\\/de\\\/#\\\/schema\\\/logo\\\/image\\\/\"},\"sameAs\":[\"https:\\\/\\\/www.facebook.com\\\/naturalpoland.b2b\",\"https:\\\/\\\/pl.linkedin.com\\\/company\\\/natural-poland\",\"https:\\\/\\\/www.youtube.com\\\/channel\\\/UCgeGGkvOMahZo-xu_MSEWxg\"]}]}<\/script>\n<!-- \/ Yoast SEO plugin. -->","yoast_head_json":{"title":"K\u00fcrbiseiwei\u00df - Gro\u00dfhandelsvertrieb","description":"K\u00fcrbiseiwei\u00df, das etwa 60 % Eiwei\u00df enth\u00e4lt, ist eine Art pflanzliches Eiwei\u00df, das aus getrockneten und gepressten K\u00fcrbiskernen gewonnen wird.","robots":{"index":"index","follow":"follow","max-snippet":"max-snippet:-1","max-image-preview":"max-image-preview:large","max-video-preview":"max-video-preview:-1"},"canonical":"https:\/\/naturalpoland.com\/de\/produkte\/produkte-fur-die-pharmaindustrie\/nahrungserganzungmittel\/protein-from-dynia\/","og_locale":"de_DE","og_type":"article","og_title":"K\u00fcrbiseiwei\u00df - Gro\u00dfhandelsvertrieb","og_description":"K\u00fcrbiseiwei\u00df, das etwa 60 % Eiwei\u00df enth\u00e4lt, ist eine Art pflanzliches Eiwei\u00df, das aus getrockneten und gepressten K\u00fcrbiskernen gewonnen wird.","og_url":"https:\/\/naturalpoland.com\/de\/produkte\/produkte-fur-die-pharmaindustrie\/nahrungserganzungmittel\/protein-from-dynia\/","og_site_name":"NATURAL POLAND - IMPORT UND HANDEL VON ROHSTOFFEN","article_publisher":"https:\/\/www.facebook.com\/naturalpoland.b2b","article_modified_time":"2023-10-03T07:29:08+00:00","og_image":[{"width":650,"height":650,"url":"https:\/\/naturalpoland.com\/wp-content\/uploads\/bialko-dyni.jpg","type":"image\/jpeg"}],"schema":{"@context":"https:\/\/schema.org","@graph":[{"@type":"WebPage","@id":"https:\/\/naturalpoland.com\/de\/produkte\/produkte-fur-die-pharmaindustrie\/nahrungserganzungmittel\/protein-from-dynia\/","url":"https:\/\/naturalpoland.com\/de\/produkte\/produkte-fur-die-pharmaindustrie\/nahrungserganzungmittel\/protein-from-dynia\/","name":"K\u00fcrbiseiwei\u00df - Gro\u00dfhandelsvertrieb","isPartOf":{"@id":"https:\/\/naturalpoland.com\/de\/#website"},"primaryImageOfPage":{"@id":"https:\/\/naturalpoland.com\/de\/produkte\/produkte-fur-die-pharmaindustrie\/nahrungserganzungmittel\/protein-from-dynia\/#primaryimage"},"image":{"@id":"https:\/\/naturalpoland.com\/de\/produkte\/produkte-fur-die-pharmaindustrie\/nahrungserganzungmittel\/protein-from-dynia\/#primaryimage"},"thumbnailUrl":"https:\/\/naturalpoland.com\/wp-content\/uploads\/bialko-dyni.jpg","datePublished":"2023-10-02T13:24:23+00:00","dateModified":"2023-10-03T07:29:08+00:00","description":"K\u00fcrbiseiwei\u00df, das etwa 60 % Eiwei\u00df enth\u00e4lt, ist eine Art pflanzliches Eiwei\u00df, das aus getrockneten und gepressten K\u00fcrbiskernen gewonnen wird.","breadcrumb":{"@id":"https:\/\/naturalpoland.com\/de\/produkte\/produkte-fur-die-pharmaindustrie\/nahrungserganzungmittel\/protein-from-dynia\/#breadcrumb"},"inLanguage":"de","potentialAction":[{"@type":"ReadAction","target":["https:\/\/naturalpoland.com\/de\/produkte\/produkte-fur-die-pharmaindustrie\/nahrungserganzungmittel\/protein-from-dynia\/"]}]},{"@type":"ImageObject","inLanguage":"de","@id":"https:\/\/naturalpoland.com\/de\/produkte\/produkte-fur-die-pharmaindustrie\/nahrungserganzungmittel\/protein-from-dynia\/#primaryimage","url":"https:\/\/naturalpoland.com\/wp-content\/uploads\/bialko-dyni.jpg","contentUrl":"https:\/\/naturalpoland.com\/wp-content\/uploads\/bialko-dyni.jpg","width":650,"height":650,"caption":"K\u00fcrbiseiwei\u00df"},{"@type":"BreadcrumbList","@id":"https:\/\/naturalpoland.com\/de\/produkte\/produkte-fur-die-pharmaindustrie\/nahrungserganzungmittel\/protein-from-dynia\/#breadcrumb","itemListElement":[{"@type":"ListItem","position":1,"name":"Startseite","item":"https:\/\/naturalpoland.com\/de\/"},{"@type":"ListItem","position":2,"name":"Produkte","item":"https:\/\/naturalpoland.com\/de\/produkte\/"},{"@type":"ListItem","position":3,"name":"K\u00fcrbiseiwei\u00df"}]},{"@type":"WebSite","@id":"https:\/\/naturalpoland.com\/de\/#website","url":"https:\/\/naturalpoland.com\/de\/","name":"NATURAL POLAND - IMPORT UND HANDEL VON ROHSTOFFEN","description":"Rohstoffe f\u00fcr die Lebensmittelindustrie, Kosmetikindustrie, Pharmaindustrie","publisher":{"@id":"https:\/\/naturalpoland.com\/de\/#organization"},"potentialAction":[{"@type":"SearchAction","target":{"@type":"EntryPoint","urlTemplate":"https:\/\/naturalpoland.com\/de\/?s={search_term_string}"},"query-input":{"@type":"PropertyValueSpecification","valueRequired":true,"valueName":"search_term_string"}}],"inLanguage":"de"},{"@type":"Organization","@id":"https:\/\/naturalpoland.com\/de\/#organization","name":"Natural Poland","url":"https:\/\/naturalpoland.com\/de\/","logo":{"@type":"ImageObject","inLanguage":"de","@id":"https:\/\/naturalpoland.com\/de\/#\/schema\/logo\/image\/","url":"https:\/\/naturalpoland.com\/wp-content\/uploads\/2021\/05\/natural-poland-icon.png","contentUrl":"https:\/\/naturalpoland.com\/wp-content\/uploads\/2021\/05\/natural-poland-icon.png","width":512,"height":512,"caption":"Natural Poland"},"image":{"@id":"https:\/\/naturalpoland.com\/de\/#\/schema\/logo\/image\/"},"sameAs":["https:\/\/www.facebook.com\/naturalpoland.b2b","https:\/\/pl.linkedin.com\/company\/natural-poland","https:\/\/www.youtube.com\/channel\/UCgeGGkvOMahZo-xu_MSEWxg"]}]}},"_links":{"self":[{"href":"https:\/\/naturalpoland.com\/de\/wp-json\/wp\/v2\/product\/26036","targetHints":{"allow":["GET"]}}],"collection":[{"href":"https:\/\/naturalpoland.com\/de\/wp-json\/wp\/v2\/product"}],"about":[{"href":"https:\/\/naturalpoland.com\/de\/wp-json\/wp\/v2\/types\/product"}],"wp:featuredmedia":[{"embeddable":true,"href":"https:\/\/naturalpoland.com\/de\/wp-json\/wp\/v2\/media\/26005"}],"wp:attachment":[{"href":"https:\/\/naturalpoland.com\/de\/wp-json\/wp\/v2\/media?parent=26036"}],"wp:term":[{"taxonomy":"product_brand","embeddable":true,"href":"https:\/\/naturalpoland.com\/de\/wp-json\/wp\/v2\/product_brand?post=26036"},{"taxonomy":"product_cat","embeddable":true,"href":"https:\/\/naturalpoland.com\/de\/wp-json\/wp\/v2\/product_cat?post=26036"},{"taxonomy":"product_tag","embeddable":true,"href":"https:\/\/naturalpoland.com\/de\/wp-json\/wp\/v2\/product_tag?post=26036"}],"curies":[{"name":"wp","href":"https:\/\/api.w.org\/{rel}","templated":true}]}}