{"id":26098,"date":"2023-10-02T13:56:47","date_gmt":"2023-10-02T11:56:47","guid":{"rendered":"https:\/\/naturalpoland.com\/produkty\/unkategorisiert\/eiweiss-aus-saubohnen\/"},"modified":"2023-10-03T10:09:02","modified_gmt":"2023-10-03T08:09:02","slug":"eiweis-bohnen","status":"publish","type":"product","link":"https:\/\/naturalpoland.com\/de\/produkte\/produkte-der-lebensmittelindustrie\/pflanzliche-proteine\/eiweis-bohnen\/","title":{"rendered":"Eiwei\u00df aus Saubohnen"},"content":{"rendered":"<p>Sein gr\u00f6\u00dfter Vorteil ist sein vollst\u00e4ndiges Aminos\u00e4urenprofil &#8211; es <strong>enth\u00e4lt alle essenziellen Aminos\u00e4uren<\/strong>, was bei pflanzlichen Proteinen selten ist. So kann das Eiwei\u00df der Saubohne die Regenerationsprozesse des K\u00f6rpers, den Aufbau und die Reparatur von Muskelgewebe und den normalen Ablauf vieler wichtiger Stoffwechselprozesse wirksam unterst\u00fctzen.<\/p>\n<p>Die N\u00e4hrwerte von Saubohnenprotein sind vielseitig genug. Dieses Produkt kann sowohl von Sportlern als auch von Menschen mit einem weniger aktiven Lebensstil erfolgreich eingesetzt werden. Sein regelm\u00e4\u00dfiger Verzehr kann dazu beitragen, den Gesamtzustand des K\u00f6rpers zu verbessern und den t\u00e4glichen Eiwei\u00dfbedarf zu decken, was insbesondere bei vegetarischer und veganer Ern\u00e4hrung wichtig ist.<\/p>\n<p>Durch seinen milden, neutralen Geschmack passt das Eiwei\u00df der Saubohne hervorragend zu einer Vielzahl von Speisen. Sie k\u00f6nnen Smoothies, Proteinshakes, Haferflocken, Joghurt, Salaten zugesetzt oder als Zutat in Backwaren und Fertiggerichten verwendet werden, was deren N\u00e4hrwert erh\u00f6ht.<\/p>\n<p>Au\u00dferdem ist das Saubohnenprotein glutenfrei und hypoallergen, so dass es auch f\u00fcr Menschen mit Nahrungsmittelunvertr\u00e4glichkeiten und -allergien geeignet ist. Richtig verarbeitet, bietet es einen Inhaltsstoff, der vom K\u00f6rper leicht aufgenommen und verdaut werden kann, ohne das Verdauungssystem zus\u00e4tzlich zu belasten.<\/p>\n<p>Auch die \u00f6kologischen Aspekte der Eiwei\u00dfproduktion aus Saubohnen sind nicht zu vernachl\u00e4ssigen. Es handelt sich um einen nachwachsenden Rohstoff, dessen Anbau geringe Auswirkungen auf die Umwelt hat, was ihn zu einer umweltfreundlichen Wahl macht. In einer Zeit, in der das Umweltbewusstsein der Verbraucher zunimmt, wird ein solches Argument immer wichtiger, und das Eiwei\u00df der Saubohne erf\u00fcllt diese Erwartungen mit Sicherheit.<\/p>\n","protected":false},"excerpt":{"rendered":"<p>Bohnenprotein ist mit einem Proteingehalt von 60 % eine hervorragende pflanzliche Proteinquelle. Es ist eine hervorragende Alternative f\u00fcr alle, die auf der Suche nach vielf\u00e4ltigen und wertvollen Eiwei\u00dfquellen f\u00fcr ihre Ern\u00e4hrung sind.<\/p>\n","protected":false},"featured_media":25927,"template":"","meta":{"_acf_changed":false},"product_brand":[],"product_cat":[2667],"product_tag":[],"class_list":{"0":"post-26098","1":"product","2":"type-product","3":"status-publish","4":"has-post-thumbnail","6":"product_cat-pflanzliche-proteine","8":"first","9":"instock","10":"shipping-taxable","11":"product-type-simple"},"acf":[],"yoast_head":"<!-- This site is optimized with the Yoast SEO plugin v27.4 - https:\/\/yoast.com\/product\/yoast-seo-wordpress\/ -->\n<title>Eiwei\u00df aus Saubohnen - Gro\u00dfhandelsvertrieb<\/title>\n<meta name=\"robots\" content=\"index, follow, max-snippet:-1, max-image-preview:large, max-video-preview:-1\" \/>\n<link rel=\"canonical\" href=\"https:\/\/naturalpoland.com\/de\/produkte\/produkte-der-lebensmittelindustrie\/pflanzliche-proteine\/eiweis-bohnen\/\" \/>\n<meta property=\"og:locale\" content=\"de_DE\" \/>\n<meta property=\"og:type\" content=\"article\" \/>\n<meta property=\"og:title\" content=\"Eiwei\u00df aus Saubohnen - Gro\u00dfhandelsvertrieb\" \/>\n<meta property=\"og:description\" content=\"Bohnenprotein ist mit einem Proteingehalt von 60 % eine hervorragende pflanzliche Proteinquelle. Es ist eine hervorragende Alternative f\u00fcr alle, die auf der Suche nach vielf\u00e4ltigen und wertvollen Eiwei\u00dfquellen f\u00fcr ihre Ern\u00e4hrung sind.\" \/>\n<meta property=\"og:url\" content=\"https:\/\/naturalpoland.com\/de\/produkte\/produkte-der-lebensmittelindustrie\/pflanzliche-proteine\/eiweis-bohnen\/\" \/>\n<meta property=\"og:site_name\" content=\"NATURAL POLAND - IMPORT UND HANDEL VON ROHSTOFFEN\" \/>\n<meta property=\"article:publisher\" content=\"https:\/\/www.facebook.com\/naturalpoland.b2b\" \/>\n<meta property=\"article:modified_time\" content=\"2023-10-03T08:09:02+00:00\" \/>\n<meta property=\"og:image\" content=\"https:\/\/naturalpoland.com\/wp-content\/uploads\/bialko-bobu.jpg\" \/>\n\t<meta property=\"og:image:width\" content=\"650\" \/>\n\t<meta property=\"og:image:height\" content=\"650\" \/>\n\t<meta property=\"og:image:type\" content=\"image\/jpeg\" \/>\n<script type=\"application\/ld+json\" class=\"yoast-schema-graph\">{\"@context\":\"https:\\\/\\\/schema.org\",\"@graph\":[{\"@type\":\"WebPage\",\"@id\":\"https:\\\/\\\/naturalpoland.com\\\/de\\\/produkte\\\/produkte-der-lebensmittelindustrie\\\/pflanzliche-proteine\\\/eiweis-bohnen\\\/\",\"url\":\"https:\\\/\\\/naturalpoland.com\\\/de\\\/produkte\\\/produkte-der-lebensmittelindustrie\\\/pflanzliche-proteine\\\/eiweis-bohnen\\\/\",\"name\":\"Eiwei\u00df aus Saubohnen - Gro\u00dfhandelsvertrieb\",\"isPartOf\":{\"@id\":\"https:\\\/\\\/naturalpoland.com\\\/de\\\/#website\"},\"primaryImageOfPage\":{\"@id\":\"https:\\\/\\\/naturalpoland.com\\\/de\\\/produkte\\\/produkte-der-lebensmittelindustrie\\\/pflanzliche-proteine\\\/eiweis-bohnen\\\/#primaryimage\"},\"image\":{\"@id\":\"https:\\\/\\\/naturalpoland.com\\\/de\\\/produkte\\\/produkte-der-lebensmittelindustrie\\\/pflanzliche-proteine\\\/eiweis-bohnen\\\/#primaryimage\"},\"thumbnailUrl\":\"https:\\\/\\\/naturalpoland.com\\\/wp-content\\\/uploads\\\/bialko-bobu.jpg\",\"datePublished\":\"2023-10-02T11:56:47+00:00\",\"dateModified\":\"2023-10-03T08:09:02+00:00\",\"breadcrumb\":{\"@id\":\"https:\\\/\\\/naturalpoland.com\\\/de\\\/produkte\\\/produkte-der-lebensmittelindustrie\\\/pflanzliche-proteine\\\/eiweis-bohnen\\\/#breadcrumb\"},\"inLanguage\":\"de\",\"potentialAction\":[{\"@type\":\"ReadAction\",\"target\":[\"https:\\\/\\\/naturalpoland.com\\\/de\\\/produkte\\\/produkte-der-lebensmittelindustrie\\\/pflanzliche-proteine\\\/eiweis-bohnen\\\/\"]}]},{\"@type\":\"ImageObject\",\"inLanguage\":\"de\",\"@id\":\"https:\\\/\\\/naturalpoland.com\\\/de\\\/produkte\\\/produkte-der-lebensmittelindustrie\\\/pflanzliche-proteine\\\/eiweis-bohnen\\\/#primaryimage\",\"url\":\"https:\\\/\\\/naturalpoland.com\\\/wp-content\\\/uploads\\\/bialko-bobu.jpg\",\"contentUrl\":\"https:\\\/\\\/naturalpoland.com\\\/wp-content\\\/uploads\\\/bialko-bobu.jpg\",\"width\":650,\"height\":650,\"caption\":\"Saubohnenprotein\"},{\"@type\":\"BreadcrumbList\",\"@id\":\"https:\\\/\\\/naturalpoland.com\\\/de\\\/produkte\\\/produkte-der-lebensmittelindustrie\\\/pflanzliche-proteine\\\/eiweis-bohnen\\\/#breadcrumb\",\"itemListElement\":[{\"@type\":\"ListItem\",\"position\":1,\"name\":\"Startseite\",\"item\":\"https:\\\/\\\/naturalpoland.com\\\/de\\\/\"},{\"@type\":\"ListItem\",\"position\":2,\"name\":\"Produkte\",\"item\":\"https:\\\/\\\/naturalpoland.com\\\/de\\\/produkte\\\/\"},{\"@type\":\"ListItem\",\"position\":3,\"name\":\"Eiwei\u00df aus Saubohnen\"}]},{\"@type\":\"WebSite\",\"@id\":\"https:\\\/\\\/naturalpoland.com\\\/de\\\/#website\",\"url\":\"https:\\\/\\\/naturalpoland.com\\\/de\\\/\",\"name\":\"NATURAL POLAND - IMPORT UND HANDEL VON ROHSTOFFEN\",\"description\":\"Rohstoffe f\u00fcr die Lebensmittelindustrie, Kosmetikindustrie, Pharmaindustrie\",\"publisher\":{\"@id\":\"https:\\\/\\\/naturalpoland.com\\\/de\\\/#organization\"},\"potentialAction\":[{\"@type\":\"SearchAction\",\"target\":{\"@type\":\"EntryPoint\",\"urlTemplate\":\"https:\\\/\\\/naturalpoland.com\\\/de\\\/?s={search_term_string}\"},\"query-input\":{\"@type\":\"PropertyValueSpecification\",\"valueRequired\":true,\"valueName\":\"search_term_string\"}}],\"inLanguage\":\"de\"},{\"@type\":\"Organization\",\"@id\":\"https:\\\/\\\/naturalpoland.com\\\/de\\\/#organization\",\"name\":\"Natural Poland\",\"url\":\"https:\\\/\\\/naturalpoland.com\\\/de\\\/\",\"logo\":{\"@type\":\"ImageObject\",\"inLanguage\":\"de\",\"@id\":\"https:\\\/\\\/naturalpoland.com\\\/de\\\/#\\\/schema\\\/logo\\\/image\\\/\",\"url\":\"https:\\\/\\\/naturalpoland.com\\\/wp-content\\\/uploads\\\/2021\\\/05\\\/natural-poland-icon.png\",\"contentUrl\":\"https:\\\/\\\/naturalpoland.com\\\/wp-content\\\/uploads\\\/2021\\\/05\\\/natural-poland-icon.png\",\"width\":512,\"height\":512,\"caption\":\"Natural Poland\"},\"image\":{\"@id\":\"https:\\\/\\\/naturalpoland.com\\\/de\\\/#\\\/schema\\\/logo\\\/image\\\/\"},\"sameAs\":[\"https:\\\/\\\/www.facebook.com\\\/naturalpoland.b2b\",\"https:\\\/\\\/pl.linkedin.com\\\/company\\\/natural-poland\",\"https:\\\/\\\/www.youtube.com\\\/channel\\\/UCgeGGkvOMahZo-xu_MSEWxg\"]}]}<\/script>\n<!-- \/ Yoast SEO plugin. -->","yoast_head_json":{"title":"Eiwei\u00df aus Saubohnen - Gro\u00dfhandelsvertrieb","robots":{"index":"index","follow":"follow","max-snippet":"max-snippet:-1","max-image-preview":"max-image-preview:large","max-video-preview":"max-video-preview:-1"},"canonical":"https:\/\/naturalpoland.com\/de\/produkte\/produkte-der-lebensmittelindustrie\/pflanzliche-proteine\/eiweis-bohnen\/","og_locale":"de_DE","og_type":"article","og_title":"Eiwei\u00df aus Saubohnen - Gro\u00dfhandelsvertrieb","og_description":"Bohnenprotein ist mit einem Proteingehalt von 60 % eine hervorragende pflanzliche Proteinquelle. Es ist eine hervorragende Alternative f\u00fcr alle, die auf der Suche nach vielf\u00e4ltigen und wertvollen Eiwei\u00dfquellen f\u00fcr ihre Ern\u00e4hrung sind.","og_url":"https:\/\/naturalpoland.com\/de\/produkte\/produkte-der-lebensmittelindustrie\/pflanzliche-proteine\/eiweis-bohnen\/","og_site_name":"NATURAL POLAND - IMPORT UND HANDEL VON ROHSTOFFEN","article_publisher":"https:\/\/www.facebook.com\/naturalpoland.b2b","article_modified_time":"2023-10-03T08:09:02+00:00","og_image":[{"width":650,"height":650,"url":"https:\/\/naturalpoland.com\/wp-content\/uploads\/bialko-bobu.jpg","type":"image\/jpeg"}],"schema":{"@context":"https:\/\/schema.org","@graph":[{"@type":"WebPage","@id":"https:\/\/naturalpoland.com\/de\/produkte\/produkte-der-lebensmittelindustrie\/pflanzliche-proteine\/eiweis-bohnen\/","url":"https:\/\/naturalpoland.com\/de\/produkte\/produkte-der-lebensmittelindustrie\/pflanzliche-proteine\/eiweis-bohnen\/","name":"Eiwei\u00df aus Saubohnen - Gro\u00dfhandelsvertrieb","isPartOf":{"@id":"https:\/\/naturalpoland.com\/de\/#website"},"primaryImageOfPage":{"@id":"https:\/\/naturalpoland.com\/de\/produkte\/produkte-der-lebensmittelindustrie\/pflanzliche-proteine\/eiweis-bohnen\/#primaryimage"},"image":{"@id":"https:\/\/naturalpoland.com\/de\/produkte\/produkte-der-lebensmittelindustrie\/pflanzliche-proteine\/eiweis-bohnen\/#primaryimage"},"thumbnailUrl":"https:\/\/naturalpoland.com\/wp-content\/uploads\/bialko-bobu.jpg","datePublished":"2023-10-02T11:56:47+00:00","dateModified":"2023-10-03T08:09:02+00:00","breadcrumb":{"@id":"https:\/\/naturalpoland.com\/de\/produkte\/produkte-der-lebensmittelindustrie\/pflanzliche-proteine\/eiweis-bohnen\/#breadcrumb"},"inLanguage":"de","potentialAction":[{"@type":"ReadAction","target":["https:\/\/naturalpoland.com\/de\/produkte\/produkte-der-lebensmittelindustrie\/pflanzliche-proteine\/eiweis-bohnen\/"]}]},{"@type":"ImageObject","inLanguage":"de","@id":"https:\/\/naturalpoland.com\/de\/produkte\/produkte-der-lebensmittelindustrie\/pflanzliche-proteine\/eiweis-bohnen\/#primaryimage","url":"https:\/\/naturalpoland.com\/wp-content\/uploads\/bialko-bobu.jpg","contentUrl":"https:\/\/naturalpoland.com\/wp-content\/uploads\/bialko-bobu.jpg","width":650,"height":650,"caption":"Saubohnenprotein"},{"@type":"BreadcrumbList","@id":"https:\/\/naturalpoland.com\/de\/produkte\/produkte-der-lebensmittelindustrie\/pflanzliche-proteine\/eiweis-bohnen\/#breadcrumb","itemListElement":[{"@type":"ListItem","position":1,"name":"Startseite","item":"https:\/\/naturalpoland.com\/de\/"},{"@type":"ListItem","position":2,"name":"Produkte","item":"https:\/\/naturalpoland.com\/de\/produkte\/"},{"@type":"ListItem","position":3,"name":"Eiwei\u00df aus Saubohnen"}]},{"@type":"WebSite","@id":"https:\/\/naturalpoland.com\/de\/#website","url":"https:\/\/naturalpoland.com\/de\/","name":"NATURAL POLAND - IMPORT UND HANDEL VON ROHSTOFFEN","description":"Rohstoffe f\u00fcr die Lebensmittelindustrie, Kosmetikindustrie, Pharmaindustrie","publisher":{"@id":"https:\/\/naturalpoland.com\/de\/#organization"},"potentialAction":[{"@type":"SearchAction","target":{"@type":"EntryPoint","urlTemplate":"https:\/\/naturalpoland.com\/de\/?s={search_term_string}"},"query-input":{"@type":"PropertyValueSpecification","valueRequired":true,"valueName":"search_term_string"}}],"inLanguage":"de"},{"@type":"Organization","@id":"https:\/\/naturalpoland.com\/de\/#organization","name":"Natural Poland","url":"https:\/\/naturalpoland.com\/de\/","logo":{"@type":"ImageObject","inLanguage":"de","@id":"https:\/\/naturalpoland.com\/de\/#\/schema\/logo\/image\/","url":"https:\/\/naturalpoland.com\/wp-content\/uploads\/2021\/05\/natural-poland-icon.png","contentUrl":"https:\/\/naturalpoland.com\/wp-content\/uploads\/2021\/05\/natural-poland-icon.png","width":512,"height":512,"caption":"Natural Poland"},"image":{"@id":"https:\/\/naturalpoland.com\/de\/#\/schema\/logo\/image\/"},"sameAs":["https:\/\/www.facebook.com\/naturalpoland.b2b","https:\/\/pl.linkedin.com\/company\/natural-poland","https:\/\/www.youtube.com\/channel\/UCgeGGkvOMahZo-xu_MSEWxg"]}]}},"_links":{"self":[{"href":"https:\/\/naturalpoland.com\/de\/wp-json\/wp\/v2\/product\/26098","targetHints":{"allow":["GET"]}}],"collection":[{"href":"https:\/\/naturalpoland.com\/de\/wp-json\/wp\/v2\/product"}],"about":[{"href":"https:\/\/naturalpoland.com\/de\/wp-json\/wp\/v2\/types\/product"}],"wp:featuredmedia":[{"embeddable":true,"href":"https:\/\/naturalpoland.com\/de\/wp-json\/wp\/v2\/media\/25927"}],"wp:attachment":[{"href":"https:\/\/naturalpoland.com\/de\/wp-json\/wp\/v2\/media?parent=26098"}],"wp:term":[{"taxonomy":"product_brand","embeddable":true,"href":"https:\/\/naturalpoland.com\/de\/wp-json\/wp\/v2\/product_brand?post=26098"},{"taxonomy":"product_cat","embeddable":true,"href":"https:\/\/naturalpoland.com\/de\/wp-json\/wp\/v2\/product_cat?post=26098"},{"taxonomy":"product_tag","embeddable":true,"href":"https:\/\/naturalpoland.com\/de\/wp-json\/wp\/v2\/product_tag?post=26098"}],"curies":[{"name":"wp","href":"https:\/\/api.w.org\/{rel}","templated":true}]}}