{"id":26128,"date":"2023-10-02T13:19:15","date_gmt":"2023-10-02T11:19:15","guid":{"rendered":"https:\/\/naturalpoland.com\/produkty\/unkategorisiert\/hanfprotein\/"},"modified":"2023-10-03T10:09:24","modified_gmt":"2023-10-03T08:09:24","slug":"eiweis-kupfer","status":"publish","type":"product","link":"https:\/\/naturalpoland.com\/de\/produkte\/produkte-der-lebensmittelindustrie\/pflanzliche-proteine\/eiweis-kupfer\/","title":{"rendered":"Hanfprotein"},"content":{"rendered":"<p>Das Produkt wird in drei verschiedenen Konzentrationen angeboten: <strong>30%, 50% und 65%<\/strong>, so dass Sie die Option w\u00e4hlen k\u00f6nnen, die Ihren Bed\u00fcrfnissen am besten entspricht. Hanfprotein 30% wird als vielseitige Erg\u00e4nzung zu einer Vielzahl von Gerichten empfohlen und stellt eine gro\u00dfartige Erg\u00e4nzung der t\u00e4glichen Proteinzufuhr dar. H\u00f6here Konzentrationen wie 50 % und 65 % sind ideal f\u00fcr k\u00f6rperlich aktive Menschen, Sportler oder Personen, die sich nach dem Training schnell erholen und ihre Energie wieder auff\u00fcllen m\u00fcssen.<\/p>\n<h2>Eigenschaften von Hanfprotein<\/h2>\n<p>Hanfprotein versorgt den K\u00f6rper nicht nur mit essenziellen Aminos\u00e4uren, sondern enth\u00e4lt auch Omega-3- und Omega-6-Fetts\u00e4uren in einem optimalen Verh\u00e4ltnis, was zu einer besseren Herz-Kreislauf-Funktion beitr\u00e4gt. Dar\u00fcber hinaus enth\u00e4lt er Ballaststoffe, die die Verdauung unterst\u00fctzen und eine gesundheitsf\u00f6rdernde Wirkung auf das Verdauungssystem haben.<\/p>\n<p>Dank des schonenden Herstellungsverfahrens beh\u00e4lt das Hanfprotein seine einzigartigen ern\u00e4hrungsphysiologischen und bioaktiven Eigenschaften. Au\u00dferdem ist es ein hypoallergenes Produkt, d. h. es kann auch von Menschen mit Nahrungsmittelallergien und -unvertr\u00e4glichkeiten verzehrt werden. Es ist laktosefrei, glutenfrei und cholesterinfrei.<\/p>\n<p>Er ist sowohl f\u00fcr den direkten Verzehr als auch f\u00fcr die geschmackliche und ern\u00e4hrungsphysiologische Aufwertung von Speisen bestimmt. Es eignet sich gut als Zusatz zu Smoothies, Shakes, M\u00fcsli und Salaten sowie zum Backen von Brot, Kuchen und Keksen. Mit seinem neutralen Geschmack und seiner cremigen Textur passt er zu einer Vielzahl von kulinarischen Kreationen und ist eine perfekte Erg\u00e4nzung zu einer ausgewogenen Ern\u00e4hrung.<\/p>\n","protected":false},"excerpt":{"rendered":"<p>Hanfprotein ist eine hochwertige, pflanzliche Proteinquelle. Es wird aus Hanfsamen gewonnen und ist eine hervorragende Alternative zu tierischem Eiwei\u00df. Er ist ein wichtiger Bestandteil der vegetarischen und veganen Ern\u00e4hrung.<\/p>\n","protected":false},"featured_media":25888,"template":"","meta":{"_acf_changed":false},"product_brand":[],"product_cat":[2667],"product_tag":[],"class_list":{"0":"post-26128","1":"product","2":"type-product","3":"status-publish","4":"has-post-thumbnail","6":"product_cat-pflanzliche-proteine","8":"first","9":"instock","10":"shipping-taxable","11":"product-type-simple"},"acf":[],"yoast_head":"<!-- This site is optimized with the Yoast SEO plugin v27.5 - https:\/\/yoast.com\/product\/yoast-seo-wordpress\/ -->\n<title>Hanfprotein - Gro\u00dfhandelsvertrieb<\/title>\n<meta name=\"description\" content=\"Hanfprotein ist eine hochwertige, pflanzliche Proteinquelle. Es wird aus Hanfsamen gewonnen und ist eine hervorragende Alternative zu tierischem Eiwei\u00df.\" \/>\n<meta name=\"robots\" content=\"index, follow, max-snippet:-1, max-image-preview:large, max-video-preview:-1\" \/>\n<link rel=\"canonical\" href=\"https:\/\/naturalpoland.com\/de\/produkte\/produkte-der-lebensmittelindustrie\/pflanzliche-proteine\/eiweis-kupfer\/\" \/>\n<meta property=\"og:locale\" content=\"de_DE\" \/>\n<meta property=\"og:type\" content=\"article\" \/>\n<meta property=\"og:title\" content=\"Hanfprotein - Gro\u00dfhandelsvertrieb\" \/>\n<meta property=\"og:description\" content=\"Hanfprotein ist eine hochwertige, pflanzliche Proteinquelle. Es wird aus Hanfsamen gewonnen und ist eine hervorragende Alternative zu tierischem Eiwei\u00df.\" \/>\n<meta property=\"og:url\" content=\"https:\/\/naturalpoland.com\/de\/produkte\/produkte-der-lebensmittelindustrie\/pflanzliche-proteine\/eiweis-kupfer\/\" \/>\n<meta property=\"og:site_name\" content=\"NATURAL POLAND - IMPORT UND HANDEL VON ROHSTOFFEN\" \/>\n<meta property=\"article:publisher\" content=\"https:\/\/www.facebook.com\/naturalpoland.b2b\" \/>\n<meta property=\"article:modified_time\" content=\"2023-10-03T08:09:24+00:00\" \/>\n<meta property=\"og:image\" content=\"https:\/\/naturalpoland.com\/wp-content\/uploads\/bialko-konopne.jpg\" \/>\n\t<meta property=\"og:image:width\" content=\"650\" \/>\n\t<meta property=\"og:image:height\" content=\"650\" \/>\n\t<meta property=\"og:image:type\" content=\"image\/jpeg\" \/>\n<script type=\"application\/ld+json\" class=\"yoast-schema-graph\">{\"@context\":\"https:\\\/\\\/schema.org\",\"@graph\":[{\"@type\":\"WebPage\",\"@id\":\"https:\\\/\\\/naturalpoland.com\\\/de\\\/produkte\\\/produkte-der-lebensmittelindustrie\\\/pflanzliche-proteine\\\/eiweis-kupfer\\\/\",\"url\":\"https:\\\/\\\/naturalpoland.com\\\/de\\\/produkte\\\/produkte-der-lebensmittelindustrie\\\/pflanzliche-proteine\\\/eiweis-kupfer\\\/\",\"name\":\"Hanfprotein - Gro\u00dfhandelsvertrieb\",\"isPartOf\":{\"@id\":\"https:\\\/\\\/naturalpoland.com\\\/de\\\/#website\"},\"primaryImageOfPage\":{\"@id\":\"https:\\\/\\\/naturalpoland.com\\\/de\\\/produkte\\\/produkte-der-lebensmittelindustrie\\\/pflanzliche-proteine\\\/eiweis-kupfer\\\/#primaryimage\"},\"image\":{\"@id\":\"https:\\\/\\\/naturalpoland.com\\\/de\\\/produkte\\\/produkte-der-lebensmittelindustrie\\\/pflanzliche-proteine\\\/eiweis-kupfer\\\/#primaryimage\"},\"thumbnailUrl\":\"https:\\\/\\\/naturalpoland.com\\\/wp-content\\\/uploads\\\/bialko-konopne.jpg\",\"datePublished\":\"2023-10-02T11:19:15+00:00\",\"dateModified\":\"2023-10-03T08:09:24+00:00\",\"description\":\"Hanfprotein ist eine hochwertige, pflanzliche Proteinquelle. Es wird aus Hanfsamen gewonnen und ist eine hervorragende Alternative zu tierischem Eiwei\u00df.\",\"breadcrumb\":{\"@id\":\"https:\\\/\\\/naturalpoland.com\\\/de\\\/produkte\\\/produkte-der-lebensmittelindustrie\\\/pflanzliche-proteine\\\/eiweis-kupfer\\\/#breadcrumb\"},\"inLanguage\":\"de\",\"potentialAction\":[{\"@type\":\"ReadAction\",\"target\":[\"https:\\\/\\\/naturalpoland.com\\\/de\\\/produkte\\\/produkte-der-lebensmittelindustrie\\\/pflanzliche-proteine\\\/eiweis-kupfer\\\/\"]}]},{\"@type\":\"ImageObject\",\"inLanguage\":\"de\",\"@id\":\"https:\\\/\\\/naturalpoland.com\\\/de\\\/produkte\\\/produkte-der-lebensmittelindustrie\\\/pflanzliche-proteine\\\/eiweis-kupfer\\\/#primaryimage\",\"url\":\"https:\\\/\\\/naturalpoland.com\\\/wp-content\\\/uploads\\\/bialko-konopne.jpg\",\"contentUrl\":\"https:\\\/\\\/naturalpoland.com\\\/wp-content\\\/uploads\\\/bialko-konopne.jpg\",\"width\":650,\"height\":650,\"caption\":\"Hanfprotein\"},{\"@type\":\"BreadcrumbList\",\"@id\":\"https:\\\/\\\/naturalpoland.com\\\/de\\\/produkte\\\/produkte-der-lebensmittelindustrie\\\/pflanzliche-proteine\\\/eiweis-kupfer\\\/#breadcrumb\",\"itemListElement\":[{\"@type\":\"ListItem\",\"position\":1,\"name\":\"Startseite\",\"item\":\"https:\\\/\\\/naturalpoland.com\\\/de\\\/\"},{\"@type\":\"ListItem\",\"position\":2,\"name\":\"Produkte\",\"item\":\"https:\\\/\\\/naturalpoland.com\\\/de\\\/produkte\\\/\"},{\"@type\":\"ListItem\",\"position\":3,\"name\":\"Hanfprotein\"}]},{\"@type\":\"WebSite\",\"@id\":\"https:\\\/\\\/naturalpoland.com\\\/de\\\/#website\",\"url\":\"https:\\\/\\\/naturalpoland.com\\\/de\\\/\",\"name\":\"NATURAL POLAND - IMPORT UND HANDEL VON ROHSTOFFEN\",\"description\":\"Rohstoffe f\u00fcr die Lebensmittelindustrie, Kosmetikindustrie, Pharmaindustrie\",\"publisher\":{\"@id\":\"https:\\\/\\\/naturalpoland.com\\\/de\\\/#organization\"},\"potentialAction\":[{\"@type\":\"SearchAction\",\"target\":{\"@type\":\"EntryPoint\",\"urlTemplate\":\"https:\\\/\\\/naturalpoland.com\\\/de\\\/?s={search_term_string}\"},\"query-input\":{\"@type\":\"PropertyValueSpecification\",\"valueRequired\":true,\"valueName\":\"search_term_string\"}}],\"inLanguage\":\"de\"},{\"@type\":\"Organization\",\"@id\":\"https:\\\/\\\/naturalpoland.com\\\/de\\\/#organization\",\"name\":\"Natural Poland\",\"url\":\"https:\\\/\\\/naturalpoland.com\\\/de\\\/\",\"logo\":{\"@type\":\"ImageObject\",\"inLanguage\":\"de\",\"@id\":\"https:\\\/\\\/naturalpoland.com\\\/de\\\/#\\\/schema\\\/logo\\\/image\\\/\",\"url\":\"https:\\\/\\\/naturalpoland.com\\\/wp-content\\\/uploads\\\/2021\\\/05\\\/natural-poland-icon.png\",\"contentUrl\":\"https:\\\/\\\/naturalpoland.com\\\/wp-content\\\/uploads\\\/2021\\\/05\\\/natural-poland-icon.png\",\"width\":512,\"height\":512,\"caption\":\"Natural Poland\"},\"image\":{\"@id\":\"https:\\\/\\\/naturalpoland.com\\\/de\\\/#\\\/schema\\\/logo\\\/image\\\/\"},\"sameAs\":[\"https:\\\/\\\/www.facebook.com\\\/naturalpoland.b2b\",\"https:\\\/\\\/pl.linkedin.com\\\/company\\\/natural-poland\",\"https:\\\/\\\/www.youtube.com\\\/channel\\\/UCgeGGkvOMahZo-xu_MSEWxg\"]}]}<\/script>\n<!-- \/ Yoast SEO plugin. -->","yoast_head_json":{"title":"Hanfprotein - Gro\u00dfhandelsvertrieb","description":"Hanfprotein ist eine hochwertige, pflanzliche Proteinquelle. Es wird aus Hanfsamen gewonnen und ist eine hervorragende Alternative zu tierischem Eiwei\u00df.","robots":{"index":"index","follow":"follow","max-snippet":"max-snippet:-1","max-image-preview":"max-image-preview:large","max-video-preview":"max-video-preview:-1"},"canonical":"https:\/\/naturalpoland.com\/de\/produkte\/produkte-der-lebensmittelindustrie\/pflanzliche-proteine\/eiweis-kupfer\/","og_locale":"de_DE","og_type":"article","og_title":"Hanfprotein - Gro\u00dfhandelsvertrieb","og_description":"Hanfprotein ist eine hochwertige, pflanzliche Proteinquelle. Es wird aus Hanfsamen gewonnen und ist eine hervorragende Alternative zu tierischem Eiwei\u00df.","og_url":"https:\/\/naturalpoland.com\/de\/produkte\/produkte-der-lebensmittelindustrie\/pflanzliche-proteine\/eiweis-kupfer\/","og_site_name":"NATURAL POLAND - IMPORT UND HANDEL VON ROHSTOFFEN","article_publisher":"https:\/\/www.facebook.com\/naturalpoland.b2b","article_modified_time":"2023-10-03T08:09:24+00:00","og_image":[{"width":650,"height":650,"url":"https:\/\/naturalpoland.com\/wp-content\/uploads\/bialko-konopne.jpg","type":"image\/jpeg"}],"schema":{"@context":"https:\/\/schema.org","@graph":[{"@type":"WebPage","@id":"https:\/\/naturalpoland.com\/de\/produkte\/produkte-der-lebensmittelindustrie\/pflanzliche-proteine\/eiweis-kupfer\/","url":"https:\/\/naturalpoland.com\/de\/produkte\/produkte-der-lebensmittelindustrie\/pflanzliche-proteine\/eiweis-kupfer\/","name":"Hanfprotein - Gro\u00dfhandelsvertrieb","isPartOf":{"@id":"https:\/\/naturalpoland.com\/de\/#website"},"primaryImageOfPage":{"@id":"https:\/\/naturalpoland.com\/de\/produkte\/produkte-der-lebensmittelindustrie\/pflanzliche-proteine\/eiweis-kupfer\/#primaryimage"},"image":{"@id":"https:\/\/naturalpoland.com\/de\/produkte\/produkte-der-lebensmittelindustrie\/pflanzliche-proteine\/eiweis-kupfer\/#primaryimage"},"thumbnailUrl":"https:\/\/naturalpoland.com\/wp-content\/uploads\/bialko-konopne.jpg","datePublished":"2023-10-02T11:19:15+00:00","dateModified":"2023-10-03T08:09:24+00:00","description":"Hanfprotein ist eine hochwertige, pflanzliche Proteinquelle. Es wird aus Hanfsamen gewonnen und ist eine hervorragende Alternative zu tierischem Eiwei\u00df.","breadcrumb":{"@id":"https:\/\/naturalpoland.com\/de\/produkte\/produkte-der-lebensmittelindustrie\/pflanzliche-proteine\/eiweis-kupfer\/#breadcrumb"},"inLanguage":"de","potentialAction":[{"@type":"ReadAction","target":["https:\/\/naturalpoland.com\/de\/produkte\/produkte-der-lebensmittelindustrie\/pflanzliche-proteine\/eiweis-kupfer\/"]}]},{"@type":"ImageObject","inLanguage":"de","@id":"https:\/\/naturalpoland.com\/de\/produkte\/produkte-der-lebensmittelindustrie\/pflanzliche-proteine\/eiweis-kupfer\/#primaryimage","url":"https:\/\/naturalpoland.com\/wp-content\/uploads\/bialko-konopne.jpg","contentUrl":"https:\/\/naturalpoland.com\/wp-content\/uploads\/bialko-konopne.jpg","width":650,"height":650,"caption":"Hanfprotein"},{"@type":"BreadcrumbList","@id":"https:\/\/naturalpoland.com\/de\/produkte\/produkte-der-lebensmittelindustrie\/pflanzliche-proteine\/eiweis-kupfer\/#breadcrumb","itemListElement":[{"@type":"ListItem","position":1,"name":"Startseite","item":"https:\/\/naturalpoland.com\/de\/"},{"@type":"ListItem","position":2,"name":"Produkte","item":"https:\/\/naturalpoland.com\/de\/produkte\/"},{"@type":"ListItem","position":3,"name":"Hanfprotein"}]},{"@type":"WebSite","@id":"https:\/\/naturalpoland.com\/de\/#website","url":"https:\/\/naturalpoland.com\/de\/","name":"NATURAL POLAND - IMPORT UND HANDEL VON ROHSTOFFEN","description":"Rohstoffe f\u00fcr die Lebensmittelindustrie, Kosmetikindustrie, Pharmaindustrie","publisher":{"@id":"https:\/\/naturalpoland.com\/de\/#organization"},"potentialAction":[{"@type":"SearchAction","target":{"@type":"EntryPoint","urlTemplate":"https:\/\/naturalpoland.com\/de\/?s={search_term_string}"},"query-input":{"@type":"PropertyValueSpecification","valueRequired":true,"valueName":"search_term_string"}}],"inLanguage":"de"},{"@type":"Organization","@id":"https:\/\/naturalpoland.com\/de\/#organization","name":"Natural Poland","url":"https:\/\/naturalpoland.com\/de\/","logo":{"@type":"ImageObject","inLanguage":"de","@id":"https:\/\/naturalpoland.com\/de\/#\/schema\/logo\/image\/","url":"https:\/\/naturalpoland.com\/wp-content\/uploads\/2021\/05\/natural-poland-icon.png","contentUrl":"https:\/\/naturalpoland.com\/wp-content\/uploads\/2021\/05\/natural-poland-icon.png","width":512,"height":512,"caption":"Natural Poland"},"image":{"@id":"https:\/\/naturalpoland.com\/de\/#\/schema\/logo\/image\/"},"sameAs":["https:\/\/www.facebook.com\/naturalpoland.b2b","https:\/\/pl.linkedin.com\/company\/natural-poland","https:\/\/www.youtube.com\/channel\/UCgeGGkvOMahZo-xu_MSEWxg"]}]}},"_links":{"self":[{"href":"https:\/\/naturalpoland.com\/de\/wp-json\/wp\/v2\/product\/26128","targetHints":{"allow":["GET"]}}],"collection":[{"href":"https:\/\/naturalpoland.com\/de\/wp-json\/wp\/v2\/product"}],"about":[{"href":"https:\/\/naturalpoland.com\/de\/wp-json\/wp\/v2\/types\/product"}],"wp:featuredmedia":[{"embeddable":true,"href":"https:\/\/naturalpoland.com\/de\/wp-json\/wp\/v2\/media\/25888"}],"wp:attachment":[{"href":"https:\/\/naturalpoland.com\/de\/wp-json\/wp\/v2\/media?parent=26128"}],"wp:term":[{"taxonomy":"product_brand","embeddable":true,"href":"https:\/\/naturalpoland.com\/de\/wp-json\/wp\/v2\/product_brand?post=26128"},{"taxonomy":"product_cat","embeddable":true,"href":"https:\/\/naturalpoland.com\/de\/wp-json\/wp\/v2\/product_cat?post=26128"},{"taxonomy":"product_tag","embeddable":true,"href":"https:\/\/naturalpoland.com\/de\/wp-json\/wp\/v2\/product_tag?post=26128"}],"curies":[{"name":"wp","href":"https:\/\/api.w.org\/{rel}","templated":true}]}}