{"id":26178,"date":"2023-09-15T15:46:00","date_gmt":"2023-10-03T08:29:59","guid":{"rendered":"https:\/\/naturalpoland.com\/produkty\/unkategorisiert\/mischungen-fuer-nagetiere-und-pflanzenfressende-reptilien\/"},"modified":"2023-10-03T10:29:59","modified_gmt":"2023-10-03T08:29:59","slug":"mischungen-fur-nagetiere-und-wildnagetiere","status":"publish","type":"product","link":"https:\/\/naturalpoland.com\/de\/produkte\/tierfutterprodukte\/mischungen-fur-nagetiere-und-wildnagetiere\/","title":{"rendered":"Mischungen f\u00fcr Nagetiere und pflanzenfressende Reptilien"},"content":{"rendered":"<ol>\n<li><strong>Klassische Mischung<\/strong>: Luzerne, Ringelblumenbl\u00e4tter, Kamille, Rosenbl\u00fcten, Petersilienst\u00e4ngel &#8211; eine ideale Kombination von Eiwei\u00df, Vitaminen und Mineralstoffen.<\/li>\n<li><strong>Frucht- und Kr\u00e4utermischung<\/strong>: Petersilienst\u00e4ngel, Himbeerbl\u00e4tter, Brennnessel, Wegerich, L\u00f6wenzahn und Kornblume in Rot- und Rosat\u00f6nen.<\/li>\n<li><strong>Angereicherte Mischung<\/strong>: Petersilienst\u00e4ngel, blaue Kornblume, Himbeerbl\u00e4tter, Brombeere, Echinacea und Kamillenbl\u00fcten &#8211; eine immunit\u00e4tsf\u00f6rdernde Komposition.<\/li>\n<li><strong>Exotische Mischung<\/strong>: Petersilienst\u00e4ngel, Banane, Birkenbl\u00e4tter, Himbeerbl\u00e4tter, L\u00f6wenzahn, Alfalfa, Hibiskus &#8211; ein einzigartiges Geschmacksprofil.<\/li>\n<li><strong>Gem\u00fcse- und Obstmischung<\/strong>: Birkenbl\u00e4tter, Luzerne, Karotte, Zucchini, Apfel, Himbeerbl\u00e4tter, Petersilienst\u00e4ngel, Wegerich, Tomate, Gurke, L\u00f6wenzahn.<\/li>\n<li><strong>Sommerliche Mischung<\/strong>: Luzerne, M\u00f6hren, Hibiskus, Petersilienst\u00e4ngel, Gurke, Ringelblumenbl\u00e4tter &#8211; die perfekte Kombination f\u00fcr w\u00e4rmere Tage.<\/li>\n<li><strong>Kr\u00e4utermischung<\/strong>: Petersilienst\u00e4ngel, Kornblume, L\u00f6wenzahn, Wegerich, Brennnessel, Kamille, Hopfen &#8211; Unterst\u00fctzung f\u00fcr das Verdauungssystem.<\/li>\n<\/ol>\n<p>Jede dieser Mischungen ist auf die unterschiedlichen Ern\u00e4hrungsbed\u00fcrfnisse von Nagetieren und pflanzenfressenden Reptilien abgestimmt und bietet gleichzeitig eine Vielfalt an Geschmack und N\u00e4hrwert.<\/p>\n","protected":false},"excerpt":{"rendered":"<p>Unsere Mischungen f\u00fcr Nagetiere und pflanzenfressende Reptilien wurden sorgf\u00e4ltig auf der Grundlage hochwertiger pflanzlicher Inhaltsstoffe zusammengestellt. Sie liefern alle wichtigen N\u00e4hrstoffe, die die Tiere f\u00fcr ihre Entwicklung und Gesundheit ben\u00f6tigen.<\/p>\n","protected":false},"featured_media":25523,"template":"","meta":{"_acf_changed":false},"product_brand":[],"product_cat":[2511],"product_tag":[],"class_list":{"0":"post-26178","1":"product","2":"type-product","3":"status-publish","4":"has-post-thumbnail","6":"product_cat-tierfutterprodukte","8":"first","9":"instock","10":"shipping-taxable","11":"product-type-simple"},"acf":[],"yoast_head":"<!-- This site is optimized with the Yoast SEO plugin v27.5 - https:\/\/yoast.com\/product\/yoast-seo-wordpress\/ -->\n<title>Mischungen f\u00fcr Nagetiere und pflanzenfressende Reptilien - Gro\u00dfhandelsvertrieb<\/title>\n<meta name=\"description\" content=\"Unsere Mischungen f\u00fcr Nagetiere und pflanzenfressende Reptilien wurden sorgf\u00e4ltig auf der Grundlage hochwertiger pflanzlicher Inhaltsstoffe zusammengestellt.\" \/>\n<meta name=\"robots\" content=\"index, follow, max-snippet:-1, max-image-preview:large, max-video-preview:-1\" \/>\n<link rel=\"canonical\" href=\"https:\/\/naturalpoland.com\/de\/produkte\/tierfutterprodukte\/mischungen-fur-nagetiere-und-wildnagetiere\/\" \/>\n<meta property=\"og:locale\" content=\"de_DE\" \/>\n<meta property=\"og:type\" content=\"article\" \/>\n<meta property=\"og:title\" content=\"Mischungen f\u00fcr Nagetiere und pflanzenfressende Reptilien - Gro\u00dfhandelsvertrieb\" \/>\n<meta property=\"og:description\" content=\"Unsere Mischungen f\u00fcr Nagetiere und pflanzenfressende Reptilien wurden sorgf\u00e4ltig auf der Grundlage hochwertiger pflanzlicher Inhaltsstoffe zusammengestellt.\" \/>\n<meta property=\"og:url\" content=\"https:\/\/naturalpoland.com\/de\/produkte\/tierfutterprodukte\/mischungen-fur-nagetiere-und-wildnagetiere\/\" \/>\n<meta property=\"og:site_name\" content=\"NATURAL POLAND - IMPORT UND HANDEL VON ROHSTOFFEN\" \/>\n<meta property=\"article:publisher\" content=\"https:\/\/www.facebook.com\/naturalpoland.b2b\" \/>\n<meta property=\"og:image\" content=\"https:\/\/naturalpoland.com\/wp-content\/uploads\/mieszanki-dla-gryzoni.jpg\" \/>\n\t<meta property=\"og:image:width\" content=\"650\" \/>\n\t<meta property=\"og:image:height\" content=\"650\" \/>\n\t<meta property=\"og:image:type\" content=\"image\/jpeg\" \/>\n<script type=\"application\/ld+json\" class=\"yoast-schema-graph\">{\"@context\":\"https:\\\/\\\/schema.org\",\"@graph\":[{\"@type\":\"WebPage\",\"@id\":\"https:\\\/\\\/naturalpoland.com\\\/de\\\/produkte\\\/tierfutterprodukte\\\/mischungen-fur-nagetiere-und-wildnagetiere\\\/\",\"url\":\"https:\\\/\\\/naturalpoland.com\\\/de\\\/produkte\\\/tierfutterprodukte\\\/mischungen-fur-nagetiere-und-wildnagetiere\\\/\",\"name\":\"Mischungen f\u00fcr Nagetiere und pflanzenfressende Reptilien - Gro\u00dfhandelsvertrieb\",\"isPartOf\":{\"@id\":\"https:\\\/\\\/naturalpoland.com\\\/de\\\/#website\"},\"primaryImageOfPage\":{\"@id\":\"https:\\\/\\\/naturalpoland.com\\\/de\\\/produkte\\\/tierfutterprodukte\\\/mischungen-fur-nagetiere-und-wildnagetiere\\\/#primaryimage\"},\"image\":{\"@id\":\"https:\\\/\\\/naturalpoland.com\\\/de\\\/produkte\\\/tierfutterprodukte\\\/mischungen-fur-nagetiere-und-wildnagetiere\\\/#primaryimage\"},\"thumbnailUrl\":\"https:\\\/\\\/naturalpoland.com\\\/wp-content\\\/uploads\\\/mieszanki-dla-gryzoni.jpg\",\"datePublished\":\"2023-10-03T08:29:59+00:00\",\"description\":\"Unsere Mischungen f\u00fcr Nagetiere und pflanzenfressende Reptilien wurden sorgf\u00e4ltig auf der Grundlage hochwertiger pflanzlicher Inhaltsstoffe zusammengestellt.\",\"breadcrumb\":{\"@id\":\"https:\\\/\\\/naturalpoland.com\\\/de\\\/produkte\\\/tierfutterprodukte\\\/mischungen-fur-nagetiere-und-wildnagetiere\\\/#breadcrumb\"},\"inLanguage\":\"de\",\"potentialAction\":[{\"@type\":\"ReadAction\",\"target\":[\"https:\\\/\\\/naturalpoland.com\\\/de\\\/produkte\\\/tierfutterprodukte\\\/mischungen-fur-nagetiere-und-wildnagetiere\\\/\"]}]},{\"@type\":\"ImageObject\",\"inLanguage\":\"de\",\"@id\":\"https:\\\/\\\/naturalpoland.com\\\/de\\\/produkte\\\/tierfutterprodukte\\\/mischungen-fur-nagetiere-und-wildnagetiere\\\/#primaryimage\",\"url\":\"https:\\\/\\\/naturalpoland.com\\\/wp-content\\\/uploads\\\/mieszanki-dla-gryzoni.jpg\",\"contentUrl\":\"https:\\\/\\\/naturalpoland.com\\\/wp-content\\\/uploads\\\/mieszanki-dla-gryzoni.jpg\",\"width\":650,\"height\":650,\"caption\":\"Mischungen f\u00fcr Nagetiere\"},{\"@type\":\"BreadcrumbList\",\"@id\":\"https:\\\/\\\/naturalpoland.com\\\/de\\\/produkte\\\/tierfutterprodukte\\\/mischungen-fur-nagetiere-und-wildnagetiere\\\/#breadcrumb\",\"itemListElement\":[{\"@type\":\"ListItem\",\"position\":1,\"name\":\"Startseite\",\"item\":\"https:\\\/\\\/naturalpoland.com\\\/de\\\/\"},{\"@type\":\"ListItem\",\"position\":2,\"name\":\"Produkte\",\"item\":\"https:\\\/\\\/naturalpoland.com\\\/de\\\/produkte\\\/\"},{\"@type\":\"ListItem\",\"position\":3,\"name\":\"Mischungen f\u00fcr Nagetiere und pflanzenfressende Reptilien\"}]},{\"@type\":\"WebSite\",\"@id\":\"https:\\\/\\\/naturalpoland.com\\\/de\\\/#website\",\"url\":\"https:\\\/\\\/naturalpoland.com\\\/de\\\/\",\"name\":\"NATURAL POLAND - IMPORT UND HANDEL VON ROHSTOFFEN\",\"description\":\"Rohstoffe f\u00fcr die Lebensmittelindustrie, Kosmetikindustrie, Pharmaindustrie\",\"publisher\":{\"@id\":\"https:\\\/\\\/naturalpoland.com\\\/de\\\/#organization\"},\"potentialAction\":[{\"@type\":\"SearchAction\",\"target\":{\"@type\":\"EntryPoint\",\"urlTemplate\":\"https:\\\/\\\/naturalpoland.com\\\/de\\\/?s={search_term_string}\"},\"query-input\":{\"@type\":\"PropertyValueSpecification\",\"valueRequired\":true,\"valueName\":\"search_term_string\"}}],\"inLanguage\":\"de\"},{\"@type\":\"Organization\",\"@id\":\"https:\\\/\\\/naturalpoland.com\\\/de\\\/#organization\",\"name\":\"Natural Poland\",\"url\":\"https:\\\/\\\/naturalpoland.com\\\/de\\\/\",\"logo\":{\"@type\":\"ImageObject\",\"inLanguage\":\"de\",\"@id\":\"https:\\\/\\\/naturalpoland.com\\\/de\\\/#\\\/schema\\\/logo\\\/image\\\/\",\"url\":\"https:\\\/\\\/naturalpoland.com\\\/wp-content\\\/uploads\\\/2021\\\/05\\\/natural-poland-icon.png\",\"contentUrl\":\"https:\\\/\\\/naturalpoland.com\\\/wp-content\\\/uploads\\\/2021\\\/05\\\/natural-poland-icon.png\",\"width\":512,\"height\":512,\"caption\":\"Natural Poland\"},\"image\":{\"@id\":\"https:\\\/\\\/naturalpoland.com\\\/de\\\/#\\\/schema\\\/logo\\\/image\\\/\"},\"sameAs\":[\"https:\\\/\\\/www.facebook.com\\\/naturalpoland.b2b\",\"https:\\\/\\\/pl.linkedin.com\\\/company\\\/natural-poland\",\"https:\\\/\\\/www.youtube.com\\\/channel\\\/UCgeGGkvOMahZo-xu_MSEWxg\"]}]}<\/script>\n<!-- \/ Yoast SEO plugin. -->","yoast_head_json":{"title":"Mischungen f\u00fcr Nagetiere und pflanzenfressende Reptilien - Gro\u00dfhandelsvertrieb","description":"Unsere Mischungen f\u00fcr Nagetiere und pflanzenfressende Reptilien wurden sorgf\u00e4ltig auf der Grundlage hochwertiger pflanzlicher Inhaltsstoffe zusammengestellt.","robots":{"index":"index","follow":"follow","max-snippet":"max-snippet:-1","max-image-preview":"max-image-preview:large","max-video-preview":"max-video-preview:-1"},"canonical":"https:\/\/naturalpoland.com\/de\/produkte\/tierfutterprodukte\/mischungen-fur-nagetiere-und-wildnagetiere\/","og_locale":"de_DE","og_type":"article","og_title":"Mischungen f\u00fcr Nagetiere und pflanzenfressende Reptilien - Gro\u00dfhandelsvertrieb","og_description":"Unsere Mischungen f\u00fcr Nagetiere und pflanzenfressende Reptilien wurden sorgf\u00e4ltig auf der Grundlage hochwertiger pflanzlicher Inhaltsstoffe zusammengestellt.","og_url":"https:\/\/naturalpoland.com\/de\/produkte\/tierfutterprodukte\/mischungen-fur-nagetiere-und-wildnagetiere\/","og_site_name":"NATURAL POLAND - IMPORT UND HANDEL VON ROHSTOFFEN","article_publisher":"https:\/\/www.facebook.com\/naturalpoland.b2b","og_image":[{"width":650,"height":650,"url":"https:\/\/naturalpoland.com\/wp-content\/uploads\/mieszanki-dla-gryzoni.jpg","type":"image\/jpeg"}],"schema":{"@context":"https:\/\/schema.org","@graph":[{"@type":"WebPage","@id":"https:\/\/naturalpoland.com\/de\/produkte\/tierfutterprodukte\/mischungen-fur-nagetiere-und-wildnagetiere\/","url":"https:\/\/naturalpoland.com\/de\/produkte\/tierfutterprodukte\/mischungen-fur-nagetiere-und-wildnagetiere\/","name":"Mischungen f\u00fcr Nagetiere und pflanzenfressende Reptilien - Gro\u00dfhandelsvertrieb","isPartOf":{"@id":"https:\/\/naturalpoland.com\/de\/#website"},"primaryImageOfPage":{"@id":"https:\/\/naturalpoland.com\/de\/produkte\/tierfutterprodukte\/mischungen-fur-nagetiere-und-wildnagetiere\/#primaryimage"},"image":{"@id":"https:\/\/naturalpoland.com\/de\/produkte\/tierfutterprodukte\/mischungen-fur-nagetiere-und-wildnagetiere\/#primaryimage"},"thumbnailUrl":"https:\/\/naturalpoland.com\/wp-content\/uploads\/mieszanki-dla-gryzoni.jpg","datePublished":"2023-10-03T08:29:59+00:00","description":"Unsere Mischungen f\u00fcr Nagetiere und pflanzenfressende Reptilien wurden sorgf\u00e4ltig auf der Grundlage hochwertiger pflanzlicher Inhaltsstoffe zusammengestellt.","breadcrumb":{"@id":"https:\/\/naturalpoland.com\/de\/produkte\/tierfutterprodukte\/mischungen-fur-nagetiere-und-wildnagetiere\/#breadcrumb"},"inLanguage":"de","potentialAction":[{"@type":"ReadAction","target":["https:\/\/naturalpoland.com\/de\/produkte\/tierfutterprodukte\/mischungen-fur-nagetiere-und-wildnagetiere\/"]}]},{"@type":"ImageObject","inLanguage":"de","@id":"https:\/\/naturalpoland.com\/de\/produkte\/tierfutterprodukte\/mischungen-fur-nagetiere-und-wildnagetiere\/#primaryimage","url":"https:\/\/naturalpoland.com\/wp-content\/uploads\/mieszanki-dla-gryzoni.jpg","contentUrl":"https:\/\/naturalpoland.com\/wp-content\/uploads\/mieszanki-dla-gryzoni.jpg","width":650,"height":650,"caption":"Mischungen f\u00fcr Nagetiere"},{"@type":"BreadcrumbList","@id":"https:\/\/naturalpoland.com\/de\/produkte\/tierfutterprodukte\/mischungen-fur-nagetiere-und-wildnagetiere\/#breadcrumb","itemListElement":[{"@type":"ListItem","position":1,"name":"Startseite","item":"https:\/\/naturalpoland.com\/de\/"},{"@type":"ListItem","position":2,"name":"Produkte","item":"https:\/\/naturalpoland.com\/de\/produkte\/"},{"@type":"ListItem","position":3,"name":"Mischungen f\u00fcr Nagetiere und pflanzenfressende Reptilien"}]},{"@type":"WebSite","@id":"https:\/\/naturalpoland.com\/de\/#website","url":"https:\/\/naturalpoland.com\/de\/","name":"NATURAL POLAND - IMPORT UND HANDEL VON ROHSTOFFEN","description":"Rohstoffe f\u00fcr die Lebensmittelindustrie, Kosmetikindustrie, Pharmaindustrie","publisher":{"@id":"https:\/\/naturalpoland.com\/de\/#organization"},"potentialAction":[{"@type":"SearchAction","target":{"@type":"EntryPoint","urlTemplate":"https:\/\/naturalpoland.com\/de\/?s={search_term_string}"},"query-input":{"@type":"PropertyValueSpecification","valueRequired":true,"valueName":"search_term_string"}}],"inLanguage":"de"},{"@type":"Organization","@id":"https:\/\/naturalpoland.com\/de\/#organization","name":"Natural Poland","url":"https:\/\/naturalpoland.com\/de\/","logo":{"@type":"ImageObject","inLanguage":"de","@id":"https:\/\/naturalpoland.com\/de\/#\/schema\/logo\/image\/","url":"https:\/\/naturalpoland.com\/wp-content\/uploads\/2021\/05\/natural-poland-icon.png","contentUrl":"https:\/\/naturalpoland.com\/wp-content\/uploads\/2021\/05\/natural-poland-icon.png","width":512,"height":512,"caption":"Natural Poland"},"image":{"@id":"https:\/\/naturalpoland.com\/de\/#\/schema\/logo\/image\/"},"sameAs":["https:\/\/www.facebook.com\/naturalpoland.b2b","https:\/\/pl.linkedin.com\/company\/natural-poland","https:\/\/www.youtube.com\/channel\/UCgeGGkvOMahZo-xu_MSEWxg"]}]}},"_links":{"self":[{"href":"https:\/\/naturalpoland.com\/de\/wp-json\/wp\/v2\/product\/26178","targetHints":{"allow":["GET"]}}],"collection":[{"href":"https:\/\/naturalpoland.com\/de\/wp-json\/wp\/v2\/product"}],"about":[{"href":"https:\/\/naturalpoland.com\/de\/wp-json\/wp\/v2\/types\/product"}],"wp:featuredmedia":[{"embeddable":true,"href":"https:\/\/naturalpoland.com\/de\/wp-json\/wp\/v2\/media\/25523"}],"wp:attachment":[{"href":"https:\/\/naturalpoland.com\/de\/wp-json\/wp\/v2\/media?parent=26178"}],"wp:term":[{"taxonomy":"product_brand","embeddable":true,"href":"https:\/\/naturalpoland.com\/de\/wp-json\/wp\/v2\/product_brand?post=26178"},{"taxonomy":"product_cat","embeddable":true,"href":"https:\/\/naturalpoland.com\/de\/wp-json\/wp\/v2\/product_cat?post=26178"},{"taxonomy":"product_tag","embeddable":true,"href":"https:\/\/naturalpoland.com\/de\/wp-json\/wp\/v2\/product_tag?post=26178"}],"curies":[{"name":"wp","href":"https:\/\/api.w.org\/{rel}","templated":true}]}}