{"id":26201,"date":"2023-09-15T15:13:14","date_gmt":"2023-10-03T08:30:09","guid":{"rendered":"https:\/\/naturalpoland.com\/produkty\/unkategorisiert\/oele-fuer-tiere\/"},"modified":"2023-10-03T10:30:09","modified_gmt":"2023-10-03T08:30:09","slug":"ole-fur-tiere","status":"publish","type":"product","link":"https:\/\/naturalpoland.com\/de\/produkte\/tierfutterprodukte\/ole-fur-tiere\/","title":{"rendered":"\u00d6le f\u00fcr Tiere"},"content":{"rendered":"<div class=\"group w-full text-token-text-primary border-b border-black\/10 dark:border-gray-900\/50 bg-gray-50 dark:bg-[#444654]\" data-testid=\"conversation-turn-120\">\n<div class=\"p-4 justify-center text-base md:gap-6 md:py-6 m-auto\">\n<div class=\"flex flex-1 gap-4 text-base mx-auto md:gap-6 md:max-w-2xl lg:max-w-[38rem] xl:max-w-3xl }\">\n<div class=\"relative flex w-[calc(100%-50px)] flex-col gap-1 md:gap-3 lg:w-[calc(100%-115px)]\">\n<div class=\"flex flex-grow flex-col gap-3 max-w-full\">\n<div class=\"min-h-[20px] flex flex-col items-start gap-3 overflow-x-auto whitespace-pre-wrap break-words\">\n<div class=\"markdown prose w-full break-words dark:prose-invert light\">\n<ul>\n<li><strong>Schwarzk\u00fcmmel\u00f6l<\/strong>: Bekannt f\u00fcr seine stark entz\u00fcndungshemmenden und antioxidativen Eigenschaften. Unterst\u00fctzt das Immunsystem und hat eine positive Wirkung auf den Zustand von Haut und Fell. Ideal f\u00fcr Haustiere mit Hautproblemen oder Allergien.<\/li>\n<li><strong>Lachs\u00f6l<\/strong>: Reich an mehrfach unges\u00e4ttigten Omega-3-Fetts\u00e4uren, die sich positiv auf das Herz-Kreislauf-System, die Haut und das Fell auswirken. Besonders empfohlen f\u00fcr \u00e4ltere Tiere und solche mit Gelenkproblemen.<\/li>\n<li><strong>Lebertran<\/strong>: Wertvolle Quelle f\u00fcr die Vitamine A und D, die die Gesundheit von Augen, Knochen und Immunsystem unterst\u00fctzen. Empfohlen f\u00fcr junge, wachsende Tiere und solche in der Rekonvaleszenz.<\/li>\n<li><strong>Leinsamen\u00f6l<\/strong>: Enth\u00e4lt Omega-3- und Omega-6-Fetts\u00e4uren, die das Herz-Kreislauf-System unterst\u00fctzen und eine positive Wirkung auf Haut und Fell haben.<\/li>\n<li><strong>Hanf\u00f6l<\/strong>: Enth\u00e4lt essenzielle Fetts\u00e4uren und Antioxidantien, die das Nervensystem unterst\u00fctzen und den Zustand von Haut und Fell verbessern.<\/li>\n<\/ul>\n<p>Unsere Heimtier\u00f6le sind eine Garantie f\u00fcr h\u00f6chste Qualit\u00e4t und stammen aus nat\u00fcrlichen Quellen. Das schonende Extraktionsverfahren gew\u00e4hrleistet, dass alle positiven Eigenschaften erhalten bleiben. Die Verwendung dieser \u00d6le in tierischen Erzeugnissen tr\u00e4gt zu deren Wohlbefinden und gesundem Aussehen bei. Ideal f\u00fcr Hersteller und Einzelh\u00e4ndler von Heimtierfutter, die auf der Suche nach Zutaten h\u00f6chster Qualit\u00e4t sind.<\/p>\n<\/div>\n<\/div>\n<\/div>\n<div class=\"flex justify-between lg:block\">\n<div class=\"text-xs flex items-center justify-center gap-1 self-center pt-2 !invisible\"><\/div>\n<div class=\"text-gray-400 flex self-end lg:self-center justify-center mt-2 gap-2 md:gap-3 lg:gap-1 lg:absolute lg:top-0 lg:translate-x-full lg:right-0 lg:mt-0 lg:pl-2 visible\"><button class=\"flex ml-auto gap-2 rounded-md p-1 hover:bg-gray-100 hover:text-gray-700 dark:text-gray-400 dark:hover:bg-gray-700 dark:hover:text-gray-200 disabled:dark:hover:text-gray-400\"><\/button><\/p>\n<div class=\"flex gap-1\"><\/div>\n<\/div>\n<\/div>\n<\/div>\n<\/div>\n<\/div>\n<\/div>\n","protected":false},"excerpt":{"rendered":"<p>Die von uns angebotenen tierischen \u00d6le sind eine hervorragende Quelle f\u00fcr essenzielle Fetts\u00e4uren und Vitamine, die eine wichtige Erg\u00e4nzung zur Nahrungserg\u00e4nzung f\u00fcr Tiere darstellen. Jedes \u00d6l hat ein spezifisches N\u00e4hrstoffprofil, das die allgemeine Gesundheit des Tieres unterst\u00fctzt.<\/p>\n","protected":false},"featured_media":25497,"template":"","meta":{"_acf_changed":false},"product_brand":[],"product_cat":[2511],"product_tag":[],"class_list":{"0":"post-26201","1":"product","2":"type-product","3":"status-publish","4":"has-post-thumbnail","6":"product_cat-tierfutterprodukte","8":"first","9":"instock","10":"shipping-taxable","11":"product-type-simple"},"acf":[],"yoast_head":"<!-- This site is optimized with the Yoast SEO plugin v27.4 - https:\/\/yoast.com\/product\/yoast-seo-wordpress\/ -->\n<title>\u00d6le f\u00fcr Tiere - Gro\u00dfhandelsvertrieb<\/title>\n<meta name=\"description\" content=\"Tierische \u00d6le sind eine hervorragende Quelle f\u00fcr essenzielle Fetts\u00e4uren und Vitamine und stellen eine wichtige Erg\u00e4nzung der Tiernahrung dar.\" \/>\n<meta name=\"robots\" content=\"index, follow, max-snippet:-1, max-image-preview:large, max-video-preview:-1\" \/>\n<link rel=\"canonical\" href=\"https:\/\/naturalpoland.com\/de\/produkte\/tierfutterprodukte\/ole-fur-tiere\/\" \/>\n<meta property=\"og:locale\" content=\"de_DE\" \/>\n<meta property=\"og:type\" content=\"article\" \/>\n<meta property=\"og:title\" content=\"\u00d6le f\u00fcr Tiere - Gro\u00dfhandelsvertrieb\" \/>\n<meta property=\"og:description\" content=\"Tierische \u00d6le sind eine hervorragende Quelle f\u00fcr essenzielle Fetts\u00e4uren und Vitamine und stellen eine wichtige Erg\u00e4nzung der Tiernahrung dar.\" \/>\n<meta property=\"og:url\" content=\"https:\/\/naturalpoland.com\/de\/produkte\/tierfutterprodukte\/ole-fur-tiere\/\" \/>\n<meta property=\"og:site_name\" content=\"NATURAL POLAND - IMPORT UND HANDEL VON ROHSTOFFEN\" \/>\n<meta property=\"article:publisher\" content=\"https:\/\/www.facebook.com\/naturalpoland.b2b\" \/>\n<meta property=\"og:image\" content=\"https:\/\/naturalpoland.com\/wp-content\/uploads\/oleje-dla-zwierzat.jpg\" \/>\n\t<meta property=\"og:image:width\" content=\"650\" \/>\n\t<meta property=\"og:image:height\" content=\"650\" \/>\n\t<meta property=\"og:image:type\" content=\"image\/jpeg\" \/>\n<script type=\"application\/ld+json\" class=\"yoast-schema-graph\">{\"@context\":\"https:\\\/\\\/schema.org\",\"@graph\":[{\"@type\":\"WebPage\",\"@id\":\"https:\\\/\\\/naturalpoland.com\\\/de\\\/produkte\\\/tierfutterprodukte\\\/ole-fur-tiere\\\/\",\"url\":\"https:\\\/\\\/naturalpoland.com\\\/de\\\/produkte\\\/tierfutterprodukte\\\/ole-fur-tiere\\\/\",\"name\":\"\u00d6le f\u00fcr Tiere - Gro\u00dfhandelsvertrieb\",\"isPartOf\":{\"@id\":\"https:\\\/\\\/naturalpoland.com\\\/de\\\/#website\"},\"primaryImageOfPage\":{\"@id\":\"https:\\\/\\\/naturalpoland.com\\\/de\\\/produkte\\\/tierfutterprodukte\\\/ole-fur-tiere\\\/#primaryimage\"},\"image\":{\"@id\":\"https:\\\/\\\/naturalpoland.com\\\/de\\\/produkte\\\/tierfutterprodukte\\\/ole-fur-tiere\\\/#primaryimage\"},\"thumbnailUrl\":\"https:\\\/\\\/naturalpoland.com\\\/wp-content\\\/uploads\\\/oleje-dla-zwierzat.jpg\",\"datePublished\":\"2023-10-03T08:30:09+00:00\",\"description\":\"Tierische \u00d6le sind eine hervorragende Quelle f\u00fcr essenzielle Fetts\u00e4uren und Vitamine und stellen eine wichtige Erg\u00e4nzung der Tiernahrung dar.\",\"breadcrumb\":{\"@id\":\"https:\\\/\\\/naturalpoland.com\\\/de\\\/produkte\\\/tierfutterprodukte\\\/ole-fur-tiere\\\/#breadcrumb\"},\"inLanguage\":\"de\",\"potentialAction\":[{\"@type\":\"ReadAction\",\"target\":[\"https:\\\/\\\/naturalpoland.com\\\/de\\\/produkte\\\/tierfutterprodukte\\\/ole-fur-tiere\\\/\"]}]},{\"@type\":\"ImageObject\",\"inLanguage\":\"de\",\"@id\":\"https:\\\/\\\/naturalpoland.com\\\/de\\\/produkte\\\/tierfutterprodukte\\\/ole-fur-tiere\\\/#primaryimage\",\"url\":\"https:\\\/\\\/naturalpoland.com\\\/wp-content\\\/uploads\\\/oleje-dla-zwierzat.jpg\",\"contentUrl\":\"https:\\\/\\\/naturalpoland.com\\\/wp-content\\\/uploads\\\/oleje-dla-zwierzat.jpg\",\"width\":650,\"height\":650,\"caption\":\"\u00d6le f\u00fcr Tiere\"},{\"@type\":\"BreadcrumbList\",\"@id\":\"https:\\\/\\\/naturalpoland.com\\\/de\\\/produkte\\\/tierfutterprodukte\\\/ole-fur-tiere\\\/#breadcrumb\",\"itemListElement\":[{\"@type\":\"ListItem\",\"position\":1,\"name\":\"Startseite\",\"item\":\"https:\\\/\\\/naturalpoland.com\\\/de\\\/\"},{\"@type\":\"ListItem\",\"position\":2,\"name\":\"Produkte\",\"item\":\"https:\\\/\\\/naturalpoland.com\\\/de\\\/produkte\\\/\"},{\"@type\":\"ListItem\",\"position\":3,\"name\":\"\u00d6le f\u00fcr Tiere\"}]},{\"@type\":\"WebSite\",\"@id\":\"https:\\\/\\\/naturalpoland.com\\\/de\\\/#website\",\"url\":\"https:\\\/\\\/naturalpoland.com\\\/de\\\/\",\"name\":\"NATURAL POLAND - IMPORT UND HANDEL VON ROHSTOFFEN\",\"description\":\"Rohstoffe f\u00fcr die Lebensmittelindustrie, Kosmetikindustrie, Pharmaindustrie\",\"publisher\":{\"@id\":\"https:\\\/\\\/naturalpoland.com\\\/de\\\/#organization\"},\"potentialAction\":[{\"@type\":\"SearchAction\",\"target\":{\"@type\":\"EntryPoint\",\"urlTemplate\":\"https:\\\/\\\/naturalpoland.com\\\/de\\\/?s={search_term_string}\"},\"query-input\":{\"@type\":\"PropertyValueSpecification\",\"valueRequired\":true,\"valueName\":\"search_term_string\"}}],\"inLanguage\":\"de\"},{\"@type\":\"Organization\",\"@id\":\"https:\\\/\\\/naturalpoland.com\\\/de\\\/#organization\",\"name\":\"Natural Poland\",\"url\":\"https:\\\/\\\/naturalpoland.com\\\/de\\\/\",\"logo\":{\"@type\":\"ImageObject\",\"inLanguage\":\"de\",\"@id\":\"https:\\\/\\\/naturalpoland.com\\\/de\\\/#\\\/schema\\\/logo\\\/image\\\/\",\"url\":\"https:\\\/\\\/naturalpoland.com\\\/wp-content\\\/uploads\\\/2021\\\/05\\\/natural-poland-icon.png\",\"contentUrl\":\"https:\\\/\\\/naturalpoland.com\\\/wp-content\\\/uploads\\\/2021\\\/05\\\/natural-poland-icon.png\",\"width\":512,\"height\":512,\"caption\":\"Natural Poland\"},\"image\":{\"@id\":\"https:\\\/\\\/naturalpoland.com\\\/de\\\/#\\\/schema\\\/logo\\\/image\\\/\"},\"sameAs\":[\"https:\\\/\\\/www.facebook.com\\\/naturalpoland.b2b\",\"https:\\\/\\\/pl.linkedin.com\\\/company\\\/natural-poland\",\"https:\\\/\\\/www.youtube.com\\\/channel\\\/UCgeGGkvOMahZo-xu_MSEWxg\"]}]}<\/script>\n<!-- \/ Yoast SEO plugin. -->","yoast_head_json":{"title":"\u00d6le f\u00fcr Tiere - Gro\u00dfhandelsvertrieb","description":"Tierische \u00d6le sind eine hervorragende Quelle f\u00fcr essenzielle Fetts\u00e4uren und Vitamine und stellen eine wichtige Erg\u00e4nzung der Tiernahrung dar.","robots":{"index":"index","follow":"follow","max-snippet":"max-snippet:-1","max-image-preview":"max-image-preview:large","max-video-preview":"max-video-preview:-1"},"canonical":"https:\/\/naturalpoland.com\/de\/produkte\/tierfutterprodukte\/ole-fur-tiere\/","og_locale":"de_DE","og_type":"article","og_title":"\u00d6le f\u00fcr Tiere - Gro\u00dfhandelsvertrieb","og_description":"Tierische \u00d6le sind eine hervorragende Quelle f\u00fcr essenzielle Fetts\u00e4uren und Vitamine und stellen eine wichtige Erg\u00e4nzung der Tiernahrung dar.","og_url":"https:\/\/naturalpoland.com\/de\/produkte\/tierfutterprodukte\/ole-fur-tiere\/","og_site_name":"NATURAL POLAND - IMPORT UND HANDEL VON ROHSTOFFEN","article_publisher":"https:\/\/www.facebook.com\/naturalpoland.b2b","og_image":[{"width":650,"height":650,"url":"https:\/\/naturalpoland.com\/wp-content\/uploads\/oleje-dla-zwierzat.jpg","type":"image\/jpeg"}],"schema":{"@context":"https:\/\/schema.org","@graph":[{"@type":"WebPage","@id":"https:\/\/naturalpoland.com\/de\/produkte\/tierfutterprodukte\/ole-fur-tiere\/","url":"https:\/\/naturalpoland.com\/de\/produkte\/tierfutterprodukte\/ole-fur-tiere\/","name":"\u00d6le f\u00fcr Tiere - Gro\u00dfhandelsvertrieb","isPartOf":{"@id":"https:\/\/naturalpoland.com\/de\/#website"},"primaryImageOfPage":{"@id":"https:\/\/naturalpoland.com\/de\/produkte\/tierfutterprodukte\/ole-fur-tiere\/#primaryimage"},"image":{"@id":"https:\/\/naturalpoland.com\/de\/produkte\/tierfutterprodukte\/ole-fur-tiere\/#primaryimage"},"thumbnailUrl":"https:\/\/naturalpoland.com\/wp-content\/uploads\/oleje-dla-zwierzat.jpg","datePublished":"2023-10-03T08:30:09+00:00","description":"Tierische \u00d6le sind eine hervorragende Quelle f\u00fcr essenzielle Fetts\u00e4uren und Vitamine und stellen eine wichtige Erg\u00e4nzung der Tiernahrung dar.","breadcrumb":{"@id":"https:\/\/naturalpoland.com\/de\/produkte\/tierfutterprodukte\/ole-fur-tiere\/#breadcrumb"},"inLanguage":"de","potentialAction":[{"@type":"ReadAction","target":["https:\/\/naturalpoland.com\/de\/produkte\/tierfutterprodukte\/ole-fur-tiere\/"]}]},{"@type":"ImageObject","inLanguage":"de","@id":"https:\/\/naturalpoland.com\/de\/produkte\/tierfutterprodukte\/ole-fur-tiere\/#primaryimage","url":"https:\/\/naturalpoland.com\/wp-content\/uploads\/oleje-dla-zwierzat.jpg","contentUrl":"https:\/\/naturalpoland.com\/wp-content\/uploads\/oleje-dla-zwierzat.jpg","width":650,"height":650,"caption":"\u00d6le f\u00fcr Tiere"},{"@type":"BreadcrumbList","@id":"https:\/\/naturalpoland.com\/de\/produkte\/tierfutterprodukte\/ole-fur-tiere\/#breadcrumb","itemListElement":[{"@type":"ListItem","position":1,"name":"Startseite","item":"https:\/\/naturalpoland.com\/de\/"},{"@type":"ListItem","position":2,"name":"Produkte","item":"https:\/\/naturalpoland.com\/de\/produkte\/"},{"@type":"ListItem","position":3,"name":"\u00d6le f\u00fcr Tiere"}]},{"@type":"WebSite","@id":"https:\/\/naturalpoland.com\/de\/#website","url":"https:\/\/naturalpoland.com\/de\/","name":"NATURAL POLAND - IMPORT UND HANDEL VON ROHSTOFFEN","description":"Rohstoffe f\u00fcr die Lebensmittelindustrie, Kosmetikindustrie, Pharmaindustrie","publisher":{"@id":"https:\/\/naturalpoland.com\/de\/#organization"},"potentialAction":[{"@type":"SearchAction","target":{"@type":"EntryPoint","urlTemplate":"https:\/\/naturalpoland.com\/de\/?s={search_term_string}"},"query-input":{"@type":"PropertyValueSpecification","valueRequired":true,"valueName":"search_term_string"}}],"inLanguage":"de"},{"@type":"Organization","@id":"https:\/\/naturalpoland.com\/de\/#organization","name":"Natural Poland","url":"https:\/\/naturalpoland.com\/de\/","logo":{"@type":"ImageObject","inLanguage":"de","@id":"https:\/\/naturalpoland.com\/de\/#\/schema\/logo\/image\/","url":"https:\/\/naturalpoland.com\/wp-content\/uploads\/2021\/05\/natural-poland-icon.png","contentUrl":"https:\/\/naturalpoland.com\/wp-content\/uploads\/2021\/05\/natural-poland-icon.png","width":512,"height":512,"caption":"Natural Poland"},"image":{"@id":"https:\/\/naturalpoland.com\/de\/#\/schema\/logo\/image\/"},"sameAs":["https:\/\/www.facebook.com\/naturalpoland.b2b","https:\/\/pl.linkedin.com\/company\/natural-poland","https:\/\/www.youtube.com\/channel\/UCgeGGkvOMahZo-xu_MSEWxg"]}]}},"_links":{"self":[{"href":"https:\/\/naturalpoland.com\/de\/wp-json\/wp\/v2\/product\/26201","targetHints":{"allow":["GET"]}}],"collection":[{"href":"https:\/\/naturalpoland.com\/de\/wp-json\/wp\/v2\/product"}],"about":[{"href":"https:\/\/naturalpoland.com\/de\/wp-json\/wp\/v2\/types\/product"}],"wp:featuredmedia":[{"embeddable":true,"href":"https:\/\/naturalpoland.com\/de\/wp-json\/wp\/v2\/media\/25497"}],"wp:attachment":[{"href":"https:\/\/naturalpoland.com\/de\/wp-json\/wp\/v2\/media?parent=26201"}],"wp:term":[{"taxonomy":"product_brand","embeddable":true,"href":"https:\/\/naturalpoland.com\/de\/wp-json\/wp\/v2\/product_brand?post=26201"},{"taxonomy":"product_cat","embeddable":true,"href":"https:\/\/naturalpoland.com\/de\/wp-json\/wp\/v2\/product_cat?post=26201"},{"taxonomy":"product_tag","embeddable":true,"href":"https:\/\/naturalpoland.com\/de\/wp-json\/wp\/v2\/product_tag?post=26201"}],"curies":[{"name":"wp","href":"https:\/\/api.w.org\/{rel}","templated":true}]}}