{"id":26216,"date":"2023-09-15T14:53:58","date_gmt":"2023-09-15T12:53:58","guid":{"rendered":"https:\/\/naturalpoland.com\/produkty\/unkategorisiert\/pellets\/"},"modified":"2023-10-03T10:30:23","modified_gmt":"2023-10-03T08:30:23","slug":"pellets","status":"publish","type":"product","link":"https:\/\/naturalpoland.com\/de\/produkte\/tierfutterprodukte\/pellets\/","title":{"rendered":"Pellets"},"content":{"rendered":"<ul>\n<li><strong>L\u00f6wenzahn-Granulat<\/strong>: L\u00f6wenzahn ist ein bekanntes Kraut, das die Verdauung f\u00f6rdert und eine entz\u00fcndungshemmende Wirkung hat. In Pelletform ist es einfach, die Ern\u00e4hrung mit diesen positiven Eigenschaften anzureichern.<\/li>\n<li><strong>Alfalfa-Pellets<\/strong>: Alfalfa ist eine hervorragende Quelle f\u00fcr Proteine und Vitamine. Die pelletierte Formel gew\u00e4hrleistet, dass die Tiere alle ben\u00f6tigten N\u00e4hrstoffe erhalten.<\/li>\n<li><strong>Premium-Kr\u00e4uterpellets f\u00fcr Nagetiere<\/strong>: Eine speziell zusammengestellte Kr\u00e4utermischung, die auf die Bed\u00fcrfnisse von Nagetieren zugeschnitten ist. Enth\u00e4lt Inhaltsstoffe zur Unterst\u00fctzung der Verdauung, der Fellgesundheit und des allgemeinen Zustands des Tieres.<\/li>\n<li><strong>Premium-Kr\u00e4uterpellets f\u00fcr Reptilien<\/strong>: Sorgf\u00e4ltig ausgew\u00e4hlte Kr\u00e4uter, die die nat\u00fcrliche Ern\u00e4hrung vieler Reptilienarten widerspiegeln. Unterst\u00fctzt das Verdauungssystem, das Wachstum und die Gesundheit der Haut.<\/li>\n<\/ul>\n<p>Unsere Pellets werden mit viel Liebe zum Detail hergestellt und entsprechen den h\u00f6chsten Qualit\u00e4tsstandards. Sie stellen eine Komplettl\u00f6sung f\u00fcr Tierhalter dar, die ihre Sch\u00fctzlinge mit den besten nat\u00fcrlichen Inhaltsstoffen in praktischer Form versorgen wollen.<\/p>\n","protected":false},"excerpt":{"rendered":"<p>Unser Sortiment an Pellets ist eine ideale Nahrungsquelle f\u00fcr eine Vielzahl von Tierarten. Die aus hochwertigen Zutaten hergestellten Pellets werden sorgf\u00e4ltig verarbeitet, damit m\u00f6glichst viele der positiven Eigenschaften der Rohstoffe, aus denen sie hergestellt werden, erhalten bleiben.<\/p>\n","protected":false},"featured_media":25471,"template":"","meta":{"_acf_changed":false},"product_brand":[],"product_cat":[2511],"product_tag":[],"class_list":{"0":"post-26216","1":"product","2":"type-product","3":"status-publish","4":"has-post-thumbnail","6":"product_cat-tierfutterprodukte","8":"first","9":"instock","10":"shipping-taxable","11":"product-type-simple"},"acf":[],"yoast_head":"<!-- This site is optimized with the Yoast SEO plugin v27.4 - https:\/\/yoast.com\/product\/yoast-seo-wordpress\/ -->\n<title>Pellets - Gro\u00dfhandelsvertrieb<\/title>\n<meta name=\"description\" content=\"Pellets sind eine ideale N\u00e4hrstoffquelle f\u00fcr eine Vielzahl von Tierarten. Pellets bieten optimale Vorteile f\u00fcr die Tiergesundheit.\" \/>\n<meta name=\"robots\" content=\"index, follow, max-snippet:-1, max-image-preview:large, max-video-preview:-1\" \/>\n<link rel=\"canonical\" href=\"https:\/\/naturalpoland.com\/de\/produkte\/tierfutterprodukte\/pellets\/\" \/>\n<meta property=\"og:locale\" content=\"de_DE\" \/>\n<meta property=\"og:type\" content=\"article\" \/>\n<meta property=\"og:title\" content=\"Pellets - Gro\u00dfhandelsvertrieb\" \/>\n<meta property=\"og:description\" content=\"Pellets sind eine ideale N\u00e4hrstoffquelle f\u00fcr eine Vielzahl von Tierarten. Pellets bieten optimale Vorteile f\u00fcr die Tiergesundheit.\" \/>\n<meta property=\"og:url\" content=\"https:\/\/naturalpoland.com\/de\/produkte\/tierfutterprodukte\/pellets\/\" \/>\n<meta property=\"og:site_name\" content=\"NATURAL POLAND - IMPORT UND HANDEL VON ROHSTOFFEN\" \/>\n<meta property=\"article:publisher\" content=\"https:\/\/www.facebook.com\/naturalpoland.b2b\" \/>\n<meta property=\"article:modified_time\" content=\"2023-10-03T08:30:23+00:00\" \/>\n<meta property=\"og:image\" content=\"https:\/\/naturalpoland.com\/wp-content\/uploads\/pelet-dla-gryzoni.jpg\" \/>\n\t<meta property=\"og:image:width\" content=\"650\" \/>\n\t<meta property=\"og:image:height\" content=\"650\" \/>\n\t<meta property=\"og:image:type\" content=\"image\/jpeg\" \/>\n<script type=\"application\/ld+json\" class=\"yoast-schema-graph\">{\"@context\":\"https:\\\/\\\/schema.org\",\"@graph\":[{\"@type\":\"WebPage\",\"@id\":\"https:\\\/\\\/naturalpoland.com\\\/de\\\/produkte\\\/tierfutterprodukte\\\/pellets\\\/\",\"url\":\"https:\\\/\\\/naturalpoland.com\\\/de\\\/produkte\\\/tierfutterprodukte\\\/pellets\\\/\",\"name\":\"Pellets - Gro\u00dfhandelsvertrieb\",\"isPartOf\":{\"@id\":\"https:\\\/\\\/naturalpoland.com\\\/de\\\/#website\"},\"primaryImageOfPage\":{\"@id\":\"https:\\\/\\\/naturalpoland.com\\\/de\\\/produkte\\\/tierfutterprodukte\\\/pellets\\\/#primaryimage\"},\"image\":{\"@id\":\"https:\\\/\\\/naturalpoland.com\\\/de\\\/produkte\\\/tierfutterprodukte\\\/pellets\\\/#primaryimage\"},\"thumbnailUrl\":\"https:\\\/\\\/naturalpoland.com\\\/wp-content\\\/uploads\\\/pelet-dla-gryzoni.jpg\",\"datePublished\":\"2023-09-15T12:53:58+00:00\",\"dateModified\":\"2023-10-03T08:30:23+00:00\",\"description\":\"Pellets sind eine ideale N\u00e4hrstoffquelle f\u00fcr eine Vielzahl von Tierarten. Pellets bieten optimale Vorteile f\u00fcr die Tiergesundheit.\",\"breadcrumb\":{\"@id\":\"https:\\\/\\\/naturalpoland.com\\\/de\\\/produkte\\\/tierfutterprodukte\\\/pellets\\\/#breadcrumb\"},\"inLanguage\":\"de\",\"potentialAction\":[{\"@type\":\"ReadAction\",\"target\":[\"https:\\\/\\\/naturalpoland.com\\\/de\\\/produkte\\\/tierfutterprodukte\\\/pellets\\\/\"]}]},{\"@type\":\"ImageObject\",\"inLanguage\":\"de\",\"@id\":\"https:\\\/\\\/naturalpoland.com\\\/de\\\/produkte\\\/tierfutterprodukte\\\/pellets\\\/#primaryimage\",\"url\":\"https:\\\/\\\/naturalpoland.com\\\/wp-content\\\/uploads\\\/pelet-dla-gryzoni.jpg\",\"contentUrl\":\"https:\\\/\\\/naturalpoland.com\\\/wp-content\\\/uploads\\\/pelet-dla-gryzoni.jpg\",\"width\":650,\"height\":650,\"caption\":\"Nagetierpellets\"},{\"@type\":\"BreadcrumbList\",\"@id\":\"https:\\\/\\\/naturalpoland.com\\\/de\\\/produkte\\\/tierfutterprodukte\\\/pellets\\\/#breadcrumb\",\"itemListElement\":[{\"@type\":\"ListItem\",\"position\":1,\"name\":\"Startseite\",\"item\":\"https:\\\/\\\/naturalpoland.com\\\/de\\\/\"},{\"@type\":\"ListItem\",\"position\":2,\"name\":\"Produkte\",\"item\":\"https:\\\/\\\/naturalpoland.com\\\/de\\\/produkte\\\/\"},{\"@type\":\"ListItem\",\"position\":3,\"name\":\"Pellets\"}]},{\"@type\":\"WebSite\",\"@id\":\"https:\\\/\\\/naturalpoland.com\\\/de\\\/#website\",\"url\":\"https:\\\/\\\/naturalpoland.com\\\/de\\\/\",\"name\":\"NATURAL POLAND - IMPORT UND HANDEL VON ROHSTOFFEN\",\"description\":\"Rohstoffe f\u00fcr die Lebensmittelindustrie, Kosmetikindustrie, Pharmaindustrie\",\"publisher\":{\"@id\":\"https:\\\/\\\/naturalpoland.com\\\/de\\\/#organization\"},\"potentialAction\":[{\"@type\":\"SearchAction\",\"target\":{\"@type\":\"EntryPoint\",\"urlTemplate\":\"https:\\\/\\\/naturalpoland.com\\\/de\\\/?s={search_term_string}\"},\"query-input\":{\"@type\":\"PropertyValueSpecification\",\"valueRequired\":true,\"valueName\":\"search_term_string\"}}],\"inLanguage\":\"de\"},{\"@type\":\"Organization\",\"@id\":\"https:\\\/\\\/naturalpoland.com\\\/de\\\/#organization\",\"name\":\"Natural Poland\",\"url\":\"https:\\\/\\\/naturalpoland.com\\\/de\\\/\",\"logo\":{\"@type\":\"ImageObject\",\"inLanguage\":\"de\",\"@id\":\"https:\\\/\\\/naturalpoland.com\\\/de\\\/#\\\/schema\\\/logo\\\/image\\\/\",\"url\":\"https:\\\/\\\/naturalpoland.com\\\/wp-content\\\/uploads\\\/2021\\\/05\\\/natural-poland-icon.png\",\"contentUrl\":\"https:\\\/\\\/naturalpoland.com\\\/wp-content\\\/uploads\\\/2021\\\/05\\\/natural-poland-icon.png\",\"width\":512,\"height\":512,\"caption\":\"Natural Poland\"},\"image\":{\"@id\":\"https:\\\/\\\/naturalpoland.com\\\/de\\\/#\\\/schema\\\/logo\\\/image\\\/\"},\"sameAs\":[\"https:\\\/\\\/www.facebook.com\\\/naturalpoland.b2b\",\"https:\\\/\\\/pl.linkedin.com\\\/company\\\/natural-poland\",\"https:\\\/\\\/www.youtube.com\\\/channel\\\/UCgeGGkvOMahZo-xu_MSEWxg\"]}]}<\/script>\n<!-- \/ Yoast SEO plugin. -->","yoast_head_json":{"title":"Pellets - Gro\u00dfhandelsvertrieb","description":"Pellets sind eine ideale N\u00e4hrstoffquelle f\u00fcr eine Vielzahl von Tierarten. Pellets bieten optimale Vorteile f\u00fcr die Tiergesundheit.","robots":{"index":"index","follow":"follow","max-snippet":"max-snippet:-1","max-image-preview":"max-image-preview:large","max-video-preview":"max-video-preview:-1"},"canonical":"https:\/\/naturalpoland.com\/de\/produkte\/tierfutterprodukte\/pellets\/","og_locale":"de_DE","og_type":"article","og_title":"Pellets - Gro\u00dfhandelsvertrieb","og_description":"Pellets sind eine ideale N\u00e4hrstoffquelle f\u00fcr eine Vielzahl von Tierarten. Pellets bieten optimale Vorteile f\u00fcr die Tiergesundheit.","og_url":"https:\/\/naturalpoland.com\/de\/produkte\/tierfutterprodukte\/pellets\/","og_site_name":"NATURAL POLAND - IMPORT UND HANDEL VON ROHSTOFFEN","article_publisher":"https:\/\/www.facebook.com\/naturalpoland.b2b","article_modified_time":"2023-10-03T08:30:23+00:00","og_image":[{"width":650,"height":650,"url":"https:\/\/naturalpoland.com\/wp-content\/uploads\/pelet-dla-gryzoni.jpg","type":"image\/jpeg"}],"schema":{"@context":"https:\/\/schema.org","@graph":[{"@type":"WebPage","@id":"https:\/\/naturalpoland.com\/de\/produkte\/tierfutterprodukte\/pellets\/","url":"https:\/\/naturalpoland.com\/de\/produkte\/tierfutterprodukte\/pellets\/","name":"Pellets - Gro\u00dfhandelsvertrieb","isPartOf":{"@id":"https:\/\/naturalpoland.com\/de\/#website"},"primaryImageOfPage":{"@id":"https:\/\/naturalpoland.com\/de\/produkte\/tierfutterprodukte\/pellets\/#primaryimage"},"image":{"@id":"https:\/\/naturalpoland.com\/de\/produkte\/tierfutterprodukte\/pellets\/#primaryimage"},"thumbnailUrl":"https:\/\/naturalpoland.com\/wp-content\/uploads\/pelet-dla-gryzoni.jpg","datePublished":"2023-09-15T12:53:58+00:00","dateModified":"2023-10-03T08:30:23+00:00","description":"Pellets sind eine ideale N\u00e4hrstoffquelle f\u00fcr eine Vielzahl von Tierarten. Pellets bieten optimale Vorteile f\u00fcr die Tiergesundheit.","breadcrumb":{"@id":"https:\/\/naturalpoland.com\/de\/produkte\/tierfutterprodukte\/pellets\/#breadcrumb"},"inLanguage":"de","potentialAction":[{"@type":"ReadAction","target":["https:\/\/naturalpoland.com\/de\/produkte\/tierfutterprodukte\/pellets\/"]}]},{"@type":"ImageObject","inLanguage":"de","@id":"https:\/\/naturalpoland.com\/de\/produkte\/tierfutterprodukte\/pellets\/#primaryimage","url":"https:\/\/naturalpoland.com\/wp-content\/uploads\/pelet-dla-gryzoni.jpg","contentUrl":"https:\/\/naturalpoland.com\/wp-content\/uploads\/pelet-dla-gryzoni.jpg","width":650,"height":650,"caption":"Nagetierpellets"},{"@type":"BreadcrumbList","@id":"https:\/\/naturalpoland.com\/de\/produkte\/tierfutterprodukte\/pellets\/#breadcrumb","itemListElement":[{"@type":"ListItem","position":1,"name":"Startseite","item":"https:\/\/naturalpoland.com\/de\/"},{"@type":"ListItem","position":2,"name":"Produkte","item":"https:\/\/naturalpoland.com\/de\/produkte\/"},{"@type":"ListItem","position":3,"name":"Pellets"}]},{"@type":"WebSite","@id":"https:\/\/naturalpoland.com\/de\/#website","url":"https:\/\/naturalpoland.com\/de\/","name":"NATURAL POLAND - IMPORT UND HANDEL VON ROHSTOFFEN","description":"Rohstoffe f\u00fcr die Lebensmittelindustrie, Kosmetikindustrie, Pharmaindustrie","publisher":{"@id":"https:\/\/naturalpoland.com\/de\/#organization"},"potentialAction":[{"@type":"SearchAction","target":{"@type":"EntryPoint","urlTemplate":"https:\/\/naturalpoland.com\/de\/?s={search_term_string}"},"query-input":{"@type":"PropertyValueSpecification","valueRequired":true,"valueName":"search_term_string"}}],"inLanguage":"de"},{"@type":"Organization","@id":"https:\/\/naturalpoland.com\/de\/#organization","name":"Natural Poland","url":"https:\/\/naturalpoland.com\/de\/","logo":{"@type":"ImageObject","inLanguage":"de","@id":"https:\/\/naturalpoland.com\/de\/#\/schema\/logo\/image\/","url":"https:\/\/naturalpoland.com\/wp-content\/uploads\/2021\/05\/natural-poland-icon.png","contentUrl":"https:\/\/naturalpoland.com\/wp-content\/uploads\/2021\/05\/natural-poland-icon.png","width":512,"height":512,"caption":"Natural Poland"},"image":{"@id":"https:\/\/naturalpoland.com\/de\/#\/schema\/logo\/image\/"},"sameAs":["https:\/\/www.facebook.com\/naturalpoland.b2b","https:\/\/pl.linkedin.com\/company\/natural-poland","https:\/\/www.youtube.com\/channel\/UCgeGGkvOMahZo-xu_MSEWxg"]}]}},"_links":{"self":[{"href":"https:\/\/naturalpoland.com\/de\/wp-json\/wp\/v2\/product\/26216","targetHints":{"allow":["GET"]}}],"collection":[{"href":"https:\/\/naturalpoland.com\/de\/wp-json\/wp\/v2\/product"}],"about":[{"href":"https:\/\/naturalpoland.com\/de\/wp-json\/wp\/v2\/types\/product"}],"wp:featuredmedia":[{"embeddable":true,"href":"https:\/\/naturalpoland.com\/de\/wp-json\/wp\/v2\/media\/25471"}],"wp:attachment":[{"href":"https:\/\/naturalpoland.com\/de\/wp-json\/wp\/v2\/media?parent=26216"}],"wp:term":[{"taxonomy":"product_brand","embeddable":true,"href":"https:\/\/naturalpoland.com\/de\/wp-json\/wp\/v2\/product_brand?post=26216"},{"taxonomy":"product_cat","embeddable":true,"href":"https:\/\/naturalpoland.com\/de\/wp-json\/wp\/v2\/product_cat?post=26216"},{"taxonomy":"product_tag","embeddable":true,"href":"https:\/\/naturalpoland.com\/de\/wp-json\/wp\/v2\/product_tag?post=26216"}],"curies":[{"name":"wp","href":"https:\/\/api.w.org\/{rel}","templated":true}]}}