{"id":26241,"date":"2023-09-15T14:37:21","date_gmt":"2023-10-03T09:12:18","guid":{"rendered":"https:\/\/naturalpoland.com\/produkty\/unkategorisiert\/wurzeln-rinde-und-zweige-fuer-tiere\/"},"modified":"2023-10-03T11:12:18","modified_gmt":"2023-10-03T09:12:18","slug":"wurzeln-rinden-eier","status":"publish","type":"product","link":"https:\/\/naturalpoland.com\/de\/produkte\/tierfutterprodukte\/wurzeln-rinden-eier\/","title":{"rendered":"Wurzeln, Rinde und Zweige f\u00fcr Tiere"},"content":{"rendered":"<ul>\n<li><strong>Apfelzweige<\/strong>: Enthalten nat\u00fcrliche Antioxidantien und unterst\u00fctzen die Verdauung.<\/li>\n<li><strong>Geschnittene Baldrianwurzeln<\/strong>: Bekannt f\u00fcr ihre beruhigenden Eigenschaften, ideal f\u00fcr Tiere unter Stress.<\/li>\n<li><strong>Birnenzweige 5-7 mm<\/strong>: Reich an Ballaststoffen, die das reibungslose Funktionieren des Verdauungssystems unterst\u00fctzen.<\/li>\n<li><strong>Geschnittene Legalisewurzel<\/strong>: Hilft bei Reizungen der Atemwege und des Verdauungssystems.<\/li>\n<li><strong>Kalmuswurzeln<\/strong>: Wohltuend f\u00fcr das Verdauungs- und Atmungssystem.<\/li>\n<li><strong>Klettenwurzeln geschnitten<\/strong>: Unterst\u00fctzt die Gesundheit von Haut und Fell.<\/li>\n<li><strong>L\u00f6wenzahnwurzeln<\/strong>: Bekannt f\u00fcr seine harntreibenden Eigenschaften.<\/li>\n<li><strong>S\u00fc\u00dfholzwurzelpulver<\/strong>: Wird als nat\u00fcrliches Heilmittel verwendet, um Reizungen des Verdauungssystems zu lindern.<\/li>\n<li><strong>S\u00fc\u00dfholzwurzeln geschnitten<\/strong>: Hilft, die Leber zu sch\u00fctzen und die Verdauung zu unterst\u00fctzen.<\/li>\n<li><strong>Cut Black Claw<\/strong>: Bekannt f\u00fcr seine entz\u00fcndungshemmenden Eigenschaften.<\/li>\n<li><strong>Schnittzichorie<\/strong>: Unterst\u00fctzt die Funktion des Verdauungssystems und enth\u00e4lt Pr\u00e4biotika.<\/li>\n<li><strong>Geschnittene Weidenrinde<\/strong>: Quelle f\u00fcr nat\u00fcrliche Salicylate, die schmerzlindernd und entz\u00fcndungshemmend wirken.<\/li>\n<\/ul>\n","protected":false},"excerpt":{"rendered":"<p>Die Verwendung von Wurzeln, Rinde und Zweigen in der Ern\u00e4hrung der Tiere erm\u00f6glicht es ihnen, ihre Instinkte und ihren N\u00e4hrstoffbedarf zu befriedigen.<\/p>\n","protected":false},"featured_media":25445,"template":"","meta":{"_acf_changed":false},"product_brand":[],"product_cat":[2511],"product_tag":[],"class_list":{"0":"post-26241","1":"product","2":"type-product","3":"status-publish","4":"has-post-thumbnail","6":"product_cat-tierfutterprodukte","8":"first","9":"instock","10":"shipping-taxable","11":"product-type-simple"},"acf":[],"yoast_head":"<!-- This site is optimized with the Yoast SEO plugin v27.4 - https:\/\/yoast.com\/product\/yoast-seo-wordpress\/ -->\n<title>Wurzeln, Rinde und Zweige f\u00fcr Tiere - Gro\u00dfhandelsvertrieb<\/title>\n<meta name=\"description\" content=\"Die Verwendung von Wurzeln, Rinde und Zweigen in der Ern\u00e4hrung der Tiere erm\u00f6glicht es ihnen, ihre Instinkte und ihren N\u00e4hrstoffbedarf zu befriedigen.\" \/>\n<meta name=\"robots\" content=\"index, follow, max-snippet:-1, max-image-preview:large, max-video-preview:-1\" \/>\n<link rel=\"canonical\" href=\"https:\/\/naturalpoland.com\/de\/produkte\/tierfutterprodukte\/wurzeln-rinden-eier\/\" \/>\n<meta property=\"og:locale\" content=\"de_DE\" \/>\n<meta property=\"og:type\" content=\"article\" \/>\n<meta property=\"og:title\" content=\"Wurzeln, Rinde und Zweige f\u00fcr Tiere - Gro\u00dfhandelsvertrieb\" \/>\n<meta property=\"og:description\" content=\"Die Verwendung von Wurzeln, Rinde und Zweigen in der Ern\u00e4hrung der Tiere erm\u00f6glicht es ihnen, ihre Instinkte und ihren N\u00e4hrstoffbedarf zu befriedigen.\" \/>\n<meta property=\"og:url\" content=\"https:\/\/naturalpoland.com\/de\/produkte\/tierfutterprodukte\/wurzeln-rinden-eier\/\" \/>\n<meta property=\"og:site_name\" content=\"NATURAL POLAND - IMPORT UND HANDEL VON ROHSTOFFEN\" \/>\n<meta property=\"article:publisher\" content=\"https:\/\/www.facebook.com\/naturalpoland.b2b\" \/>\n<meta property=\"og:image\" content=\"https:\/\/naturalpoland.com\/wp-content\/uploads\/korzenie-galazki-dla-zwierzat.jpg\" \/>\n\t<meta property=\"og:image:width\" content=\"650\" \/>\n\t<meta property=\"og:image:height\" content=\"650\" \/>\n\t<meta property=\"og:image:type\" content=\"image\/jpeg\" \/>\n<script type=\"application\/ld+json\" class=\"yoast-schema-graph\">{\"@context\":\"https:\\\/\\\/schema.org\",\"@graph\":[{\"@type\":\"WebPage\",\"@id\":\"https:\\\/\\\/naturalpoland.com\\\/de\\\/produkte\\\/tierfutterprodukte\\\/wurzeln-rinden-eier\\\/\",\"url\":\"https:\\\/\\\/naturalpoland.com\\\/de\\\/produkte\\\/tierfutterprodukte\\\/wurzeln-rinden-eier\\\/\",\"name\":\"Wurzeln, Rinde und Zweige f\u00fcr Tiere - Gro\u00dfhandelsvertrieb\",\"isPartOf\":{\"@id\":\"https:\\\/\\\/naturalpoland.com\\\/de\\\/#website\"},\"primaryImageOfPage\":{\"@id\":\"https:\\\/\\\/naturalpoland.com\\\/de\\\/produkte\\\/tierfutterprodukte\\\/wurzeln-rinden-eier\\\/#primaryimage\"},\"image\":{\"@id\":\"https:\\\/\\\/naturalpoland.com\\\/de\\\/produkte\\\/tierfutterprodukte\\\/wurzeln-rinden-eier\\\/#primaryimage\"},\"thumbnailUrl\":\"https:\\\/\\\/naturalpoland.com\\\/wp-content\\\/uploads\\\/korzenie-galazki-dla-zwierzat.jpg\",\"datePublished\":\"2023-10-03T09:12:18+00:00\",\"description\":\"Die Verwendung von Wurzeln, Rinde und Zweigen in der Ern\u00e4hrung der Tiere erm\u00f6glicht es ihnen, ihre Instinkte und ihren N\u00e4hrstoffbedarf zu befriedigen.\",\"breadcrumb\":{\"@id\":\"https:\\\/\\\/naturalpoland.com\\\/de\\\/produkte\\\/tierfutterprodukte\\\/wurzeln-rinden-eier\\\/#breadcrumb\"},\"inLanguage\":\"de\",\"potentialAction\":[{\"@type\":\"ReadAction\",\"target\":[\"https:\\\/\\\/naturalpoland.com\\\/de\\\/produkte\\\/tierfutterprodukte\\\/wurzeln-rinden-eier\\\/\"]}]},{\"@type\":\"ImageObject\",\"inLanguage\":\"de\",\"@id\":\"https:\\\/\\\/naturalpoland.com\\\/de\\\/produkte\\\/tierfutterprodukte\\\/wurzeln-rinden-eier\\\/#primaryimage\",\"url\":\"https:\\\/\\\/naturalpoland.com\\\/wp-content\\\/uploads\\\/korzenie-galazki-dla-zwierzat.jpg\",\"contentUrl\":\"https:\\\/\\\/naturalpoland.com\\\/wp-content\\\/uploads\\\/korzenie-galazki-dla-zwierzat.jpg\",\"width\":650,\"height\":650,\"caption\":\"Zweige f\u00fcr Tiere\"},{\"@type\":\"BreadcrumbList\",\"@id\":\"https:\\\/\\\/naturalpoland.com\\\/de\\\/produkte\\\/tierfutterprodukte\\\/wurzeln-rinden-eier\\\/#breadcrumb\",\"itemListElement\":[{\"@type\":\"ListItem\",\"position\":1,\"name\":\"Startseite\",\"item\":\"https:\\\/\\\/naturalpoland.com\\\/de\\\/\"},{\"@type\":\"ListItem\",\"position\":2,\"name\":\"Produkte\",\"item\":\"https:\\\/\\\/naturalpoland.com\\\/de\\\/produkte\\\/\"},{\"@type\":\"ListItem\",\"position\":3,\"name\":\"Wurzeln, Rinde und Zweige f\u00fcr Tiere\"}]},{\"@type\":\"WebSite\",\"@id\":\"https:\\\/\\\/naturalpoland.com\\\/de\\\/#website\",\"url\":\"https:\\\/\\\/naturalpoland.com\\\/de\\\/\",\"name\":\"NATURAL POLAND - IMPORT UND HANDEL VON ROHSTOFFEN\",\"description\":\"Rohstoffe f\u00fcr die Lebensmittelindustrie, Kosmetikindustrie, Pharmaindustrie\",\"publisher\":{\"@id\":\"https:\\\/\\\/naturalpoland.com\\\/de\\\/#organization\"},\"potentialAction\":[{\"@type\":\"SearchAction\",\"target\":{\"@type\":\"EntryPoint\",\"urlTemplate\":\"https:\\\/\\\/naturalpoland.com\\\/de\\\/?s={search_term_string}\"},\"query-input\":{\"@type\":\"PropertyValueSpecification\",\"valueRequired\":true,\"valueName\":\"search_term_string\"}}],\"inLanguage\":\"de\"},{\"@type\":\"Organization\",\"@id\":\"https:\\\/\\\/naturalpoland.com\\\/de\\\/#organization\",\"name\":\"Natural Poland\",\"url\":\"https:\\\/\\\/naturalpoland.com\\\/de\\\/\",\"logo\":{\"@type\":\"ImageObject\",\"inLanguage\":\"de\",\"@id\":\"https:\\\/\\\/naturalpoland.com\\\/de\\\/#\\\/schema\\\/logo\\\/image\\\/\",\"url\":\"https:\\\/\\\/naturalpoland.com\\\/wp-content\\\/uploads\\\/2021\\\/05\\\/natural-poland-icon.png\",\"contentUrl\":\"https:\\\/\\\/naturalpoland.com\\\/wp-content\\\/uploads\\\/2021\\\/05\\\/natural-poland-icon.png\",\"width\":512,\"height\":512,\"caption\":\"Natural Poland\"},\"image\":{\"@id\":\"https:\\\/\\\/naturalpoland.com\\\/de\\\/#\\\/schema\\\/logo\\\/image\\\/\"},\"sameAs\":[\"https:\\\/\\\/www.facebook.com\\\/naturalpoland.b2b\",\"https:\\\/\\\/pl.linkedin.com\\\/company\\\/natural-poland\",\"https:\\\/\\\/www.youtube.com\\\/channel\\\/UCgeGGkvOMahZo-xu_MSEWxg\"]}]}<\/script>\n<!-- \/ Yoast SEO plugin. -->","yoast_head_json":{"title":"Wurzeln, Rinde und Zweige f\u00fcr Tiere - Gro\u00dfhandelsvertrieb","description":"Die Verwendung von Wurzeln, Rinde und Zweigen in der Ern\u00e4hrung der Tiere erm\u00f6glicht es ihnen, ihre Instinkte und ihren N\u00e4hrstoffbedarf zu befriedigen.","robots":{"index":"index","follow":"follow","max-snippet":"max-snippet:-1","max-image-preview":"max-image-preview:large","max-video-preview":"max-video-preview:-1"},"canonical":"https:\/\/naturalpoland.com\/de\/produkte\/tierfutterprodukte\/wurzeln-rinden-eier\/","og_locale":"de_DE","og_type":"article","og_title":"Wurzeln, Rinde und Zweige f\u00fcr Tiere - Gro\u00dfhandelsvertrieb","og_description":"Die Verwendung von Wurzeln, Rinde und Zweigen in der Ern\u00e4hrung der Tiere erm\u00f6glicht es ihnen, ihre Instinkte und ihren N\u00e4hrstoffbedarf zu befriedigen.","og_url":"https:\/\/naturalpoland.com\/de\/produkte\/tierfutterprodukte\/wurzeln-rinden-eier\/","og_site_name":"NATURAL POLAND - IMPORT UND HANDEL VON ROHSTOFFEN","article_publisher":"https:\/\/www.facebook.com\/naturalpoland.b2b","og_image":[{"width":650,"height":650,"url":"https:\/\/naturalpoland.com\/wp-content\/uploads\/korzenie-galazki-dla-zwierzat.jpg","type":"image\/jpeg"}],"schema":{"@context":"https:\/\/schema.org","@graph":[{"@type":"WebPage","@id":"https:\/\/naturalpoland.com\/de\/produkte\/tierfutterprodukte\/wurzeln-rinden-eier\/","url":"https:\/\/naturalpoland.com\/de\/produkte\/tierfutterprodukte\/wurzeln-rinden-eier\/","name":"Wurzeln, Rinde und Zweige f\u00fcr Tiere - Gro\u00dfhandelsvertrieb","isPartOf":{"@id":"https:\/\/naturalpoland.com\/de\/#website"},"primaryImageOfPage":{"@id":"https:\/\/naturalpoland.com\/de\/produkte\/tierfutterprodukte\/wurzeln-rinden-eier\/#primaryimage"},"image":{"@id":"https:\/\/naturalpoland.com\/de\/produkte\/tierfutterprodukte\/wurzeln-rinden-eier\/#primaryimage"},"thumbnailUrl":"https:\/\/naturalpoland.com\/wp-content\/uploads\/korzenie-galazki-dla-zwierzat.jpg","datePublished":"2023-10-03T09:12:18+00:00","description":"Die Verwendung von Wurzeln, Rinde und Zweigen in der Ern\u00e4hrung der Tiere erm\u00f6glicht es ihnen, ihre Instinkte und ihren N\u00e4hrstoffbedarf zu befriedigen.","breadcrumb":{"@id":"https:\/\/naturalpoland.com\/de\/produkte\/tierfutterprodukte\/wurzeln-rinden-eier\/#breadcrumb"},"inLanguage":"de","potentialAction":[{"@type":"ReadAction","target":["https:\/\/naturalpoland.com\/de\/produkte\/tierfutterprodukte\/wurzeln-rinden-eier\/"]}]},{"@type":"ImageObject","inLanguage":"de","@id":"https:\/\/naturalpoland.com\/de\/produkte\/tierfutterprodukte\/wurzeln-rinden-eier\/#primaryimage","url":"https:\/\/naturalpoland.com\/wp-content\/uploads\/korzenie-galazki-dla-zwierzat.jpg","contentUrl":"https:\/\/naturalpoland.com\/wp-content\/uploads\/korzenie-galazki-dla-zwierzat.jpg","width":650,"height":650,"caption":"Zweige f\u00fcr Tiere"},{"@type":"BreadcrumbList","@id":"https:\/\/naturalpoland.com\/de\/produkte\/tierfutterprodukte\/wurzeln-rinden-eier\/#breadcrumb","itemListElement":[{"@type":"ListItem","position":1,"name":"Startseite","item":"https:\/\/naturalpoland.com\/de\/"},{"@type":"ListItem","position":2,"name":"Produkte","item":"https:\/\/naturalpoland.com\/de\/produkte\/"},{"@type":"ListItem","position":3,"name":"Wurzeln, Rinde und Zweige f\u00fcr Tiere"}]},{"@type":"WebSite","@id":"https:\/\/naturalpoland.com\/de\/#website","url":"https:\/\/naturalpoland.com\/de\/","name":"NATURAL POLAND - IMPORT UND HANDEL VON ROHSTOFFEN","description":"Rohstoffe f\u00fcr die Lebensmittelindustrie, Kosmetikindustrie, Pharmaindustrie","publisher":{"@id":"https:\/\/naturalpoland.com\/de\/#organization"},"potentialAction":[{"@type":"SearchAction","target":{"@type":"EntryPoint","urlTemplate":"https:\/\/naturalpoland.com\/de\/?s={search_term_string}"},"query-input":{"@type":"PropertyValueSpecification","valueRequired":true,"valueName":"search_term_string"}}],"inLanguage":"de"},{"@type":"Organization","@id":"https:\/\/naturalpoland.com\/de\/#organization","name":"Natural Poland","url":"https:\/\/naturalpoland.com\/de\/","logo":{"@type":"ImageObject","inLanguage":"de","@id":"https:\/\/naturalpoland.com\/de\/#\/schema\/logo\/image\/","url":"https:\/\/naturalpoland.com\/wp-content\/uploads\/2021\/05\/natural-poland-icon.png","contentUrl":"https:\/\/naturalpoland.com\/wp-content\/uploads\/2021\/05\/natural-poland-icon.png","width":512,"height":512,"caption":"Natural Poland"},"image":{"@id":"https:\/\/naturalpoland.com\/de\/#\/schema\/logo\/image\/"},"sameAs":["https:\/\/www.facebook.com\/naturalpoland.b2b","https:\/\/pl.linkedin.com\/company\/natural-poland","https:\/\/www.youtube.com\/channel\/UCgeGGkvOMahZo-xu_MSEWxg"]}]}},"_links":{"self":[{"href":"https:\/\/naturalpoland.com\/de\/wp-json\/wp\/v2\/product\/26241","targetHints":{"allow":["GET"]}}],"collection":[{"href":"https:\/\/naturalpoland.com\/de\/wp-json\/wp\/v2\/product"}],"about":[{"href":"https:\/\/naturalpoland.com\/de\/wp-json\/wp\/v2\/types\/product"}],"wp:featuredmedia":[{"embeddable":true,"href":"https:\/\/naturalpoland.com\/de\/wp-json\/wp\/v2\/media\/25445"}],"wp:attachment":[{"href":"https:\/\/naturalpoland.com\/de\/wp-json\/wp\/v2\/media?parent=26241"}],"wp:term":[{"taxonomy":"product_brand","embeddable":true,"href":"https:\/\/naturalpoland.com\/de\/wp-json\/wp\/v2\/product_brand?post=26241"},{"taxonomy":"product_cat","embeddable":true,"href":"https:\/\/naturalpoland.com\/de\/wp-json\/wp\/v2\/product_cat?post=26241"},{"taxonomy":"product_tag","embeddable":true,"href":"https:\/\/naturalpoland.com\/de\/wp-json\/wp\/v2\/product_tag?post=26241"}],"curies":[{"name":"wp","href":"https:\/\/api.w.org\/{rel}","templated":true}]}}