{"id":26257,"date":"2023-09-14T15:41:28","date_gmt":"2023-10-03T09:12:23","guid":{"rendered":"https:\/\/naturalpoland.com\/produkty\/unkategorisiert\/kraeuter-fuer-tiere\/"},"modified":"2023-10-03T11:12:23","modified_gmt":"2023-10-03T09:12:23","slug":"krauter","status":"publish","type":"product","link":"https:\/\/naturalpoland.com\/de\/produkte\/tierfutterprodukte\/krauter\/","title":{"rendered":"Kr\u00e4uter f\u00fcr Tiere"},"content":{"rendered":"<p><strong>Luzerne<\/strong> &#8211; St\u00e4rkt die Kondition der Tiere, Vitamin- und Eiwei\u00dfquelle.<\/p>\n<p><strong>Apfel-, Aprikosen-, Birnen-, Pfirsich- und Pflaumenbl\u00e4tter<\/strong> &#8211; nat\u00fcrliche Antioxidantien, f\u00f6rdern die Verdauung und liefern Vitamine.<\/p>\n<p><strong>Artischockenbl\u00e4tter<\/strong> &#8211; Bekannt f\u00fcr ihre entgiftenden und die Leber unterst\u00fctzenden Eigenschaften.<\/p>\n<p><strong>Birken- und Eukalyptusbl\u00e4tter<\/strong> &#8211; haben eine harntreibende Wirkung und unterst\u00fctzen das Harnsystem des Tieres.<\/p>\n<p><strong>Gew\u00f6hnlicher und lanzettlicher Wegerich<\/strong> &#8211; unterst\u00fctzen das Verdauungssystem und wirken entz\u00fcndungshemmend.<\/p>\n<p><strong>Brennnessel- und Brombeerbl\u00e4tter<\/strong> &#8211; Sie sind reich an Eisen und Vitaminen und st\u00e4rken die Kondition des Tieres.<\/p>\n<p>Goldrute <strong>und Schafgarbe<\/strong> &#8211; unterst\u00fctzen das Verdauungssystem und wirken entz\u00fcndungshemmend.<\/p>\n<p><strong>Dinkel-, Hafer- und Weizenkr\u00e4uter<\/strong> &#8211; Ausgezeichnete Eiwei\u00dfquelle, verbessert die Kondition der Tiere.<\/p>\n<p><strong>Haselnuss- und Walnussbl\u00e4tter<\/strong> &#8211; Reich an pflanzlichen Fetten, verbessern sie den Zustand des Fells.<\/p>\n<p><strong>Isl\u00e4ndisch Moos<\/strong> &#8211; Unterst\u00fctzt das Atmungssystem, Quelle nat\u00fcrlicher Schleimstoffe.<\/p>\n<p><strong>Bl\u00e4tter von schwarzen Johannisbeeren, Himbeeren und Kirschen<\/strong> &#8211; Quelle von Vitaminen und Antioxidantien, die das Immunsystem st\u00e4rken.<\/p>\n<p><strong>L\u00f6wenzahnbl\u00e4tter<\/strong> &#8211; haben eine harntreibende Wirkung und unterst\u00fctzen das Harnsystem.<\/p>\n<p><strong>Distel<\/strong> &#8211; Unterst\u00fctzt die Leberfunktion, entgiftende Wirkung.<\/p>\n<p><strong>Melisse<\/strong> &#8211; hat eine beruhigende Wirkung und unterst\u00fctzt das Nervensystem des Tieres.<\/p>\n<p><strong>Salbeibl\u00e4tter<\/strong> &#8211; f\u00f6rdern die Verdauung und haben eine antimikrobielle Wirkung.<\/p>\n<p><strong>Thymian<\/strong> &#8211; Quelle f\u00fcr nat\u00fcrliche Antibiotika, unterst\u00fctzt das Immunsystem.<\/p>\n<p><strong>Spinatbl\u00e4tter<\/strong> &#8211; Sie sind reich an Eisen und verbessern die Fitness und den Blutkreislauf.<\/p>\n<p><strong>Gr\u00fcne Minze und Pfefferminze<\/strong> &#8211; haben eine erfrischende Wirkung und unterst\u00fctzen die Verdauung.<\/p>\n<p><strong>Echinacea und Echinacea<\/strong> &#8211; St\u00e4rken das Immunsystem, wirken entz\u00fcndungshemmend.<\/p>\n<p><strong>Schachtelhalm<\/strong> &#8211; Reich an Silizium, unterst\u00fctzt die Gesundheit der Knochen und Gelenke.<\/p>\n<p>Die von uns angebotenen Kr\u00e4uter sind eine nat\u00fcrliche N\u00e4hrstoffquelle f\u00fcr Tiere. Wir sind \u00fcberzeugt, dass unser Angebot die Erwartungen der anspruchsvollsten Kunden in der Heimtierbranche erf\u00fcllt. Wir laden Sie ein, mit uns Kontakt aufzunehmen und mit uns zusammenzuarbeiten.<\/p>\n","protected":false},"excerpt":{"rendered":"<p>Kr\u00e4uter, die dem Futter zugesetzt werden, garantieren den Tieren hervorragende Ern\u00e4hrungs- und Gesundheitseigenschaften. Unsere Kr\u00e4uter stammen aus kontrolliertem Anbau, was f\u00fcr ihre hohe Qualit\u00e4t spricht.<\/p>\n","protected":false},"featured_media":25408,"template":"","meta":{"_acf_changed":false},"product_brand":[],"product_cat":[2511],"product_tag":[],"class_list":{"0":"post-26257","1":"product","2":"type-product","3":"status-publish","4":"has-post-thumbnail","6":"product_cat-tierfutterprodukte","8":"first","9":"instock","10":"shipping-taxable","11":"product-type-simple"},"acf":[],"yoast_head":"<!-- This site is optimized with the Yoast SEO plugin v27.4 - https:\/\/yoast.com\/product\/yoast-seo-wordpress\/ -->\n<title>Kr\u00e4uter f\u00fcr Tiere - Gro\u00dfhandelsvertrieb<\/title>\n<meta name=\"description\" content=\"Kr\u00e4uter, die dem Futter zugesetzt werden, garantieren den Tieren hervorragende Ern\u00e4hrungs- und Gesundheitseigenschaften. Unsere Kr\u00e4uter stammen aus kontrolliertem Anbau.\" \/>\n<meta name=\"robots\" content=\"index, follow, max-snippet:-1, max-image-preview:large, max-video-preview:-1\" \/>\n<link rel=\"canonical\" href=\"https:\/\/naturalpoland.com\/de\/produkte\/tierfutterprodukte\/krauter\/\" \/>\n<meta property=\"og:locale\" content=\"de_DE\" \/>\n<meta property=\"og:type\" content=\"article\" \/>\n<meta property=\"og:title\" content=\"Kr\u00e4uter f\u00fcr Tiere - Gro\u00dfhandelsvertrieb\" \/>\n<meta property=\"og:description\" content=\"Kr\u00e4uter, die dem Futter zugesetzt werden, garantieren den Tieren hervorragende Ern\u00e4hrungs- und Gesundheitseigenschaften. Unsere Kr\u00e4uter stammen aus kontrolliertem Anbau.\" \/>\n<meta property=\"og:url\" content=\"https:\/\/naturalpoland.com\/de\/produkte\/tierfutterprodukte\/krauter\/\" \/>\n<meta property=\"og:site_name\" content=\"NATURAL POLAND - IMPORT UND HANDEL VON ROHSTOFFEN\" \/>\n<meta property=\"article:publisher\" content=\"https:\/\/www.facebook.com\/naturalpoland.b2b\" \/>\n<meta property=\"og:image\" content=\"https:\/\/naturalpoland.com\/wp-content\/uploads\/ziola-liscie-dla-zwierzat.jpg\" \/>\n\t<meta property=\"og:image:width\" content=\"650\" \/>\n\t<meta property=\"og:image:height\" content=\"650\" \/>\n\t<meta property=\"og:image:type\" content=\"image\/jpeg\" \/>\n<script type=\"application\/ld+json\" class=\"yoast-schema-graph\">{\"@context\":\"https:\\\/\\\/schema.org\",\"@graph\":[{\"@type\":\"WebPage\",\"@id\":\"https:\\\/\\\/naturalpoland.com\\\/de\\\/produkte\\\/tierfutterprodukte\\\/krauter\\\/\",\"url\":\"https:\\\/\\\/naturalpoland.com\\\/de\\\/produkte\\\/tierfutterprodukte\\\/krauter\\\/\",\"name\":\"Kr\u00e4uter f\u00fcr Tiere - Gro\u00dfhandelsvertrieb\",\"isPartOf\":{\"@id\":\"https:\\\/\\\/naturalpoland.com\\\/de\\\/#website\"},\"primaryImageOfPage\":{\"@id\":\"https:\\\/\\\/naturalpoland.com\\\/de\\\/produkte\\\/tierfutterprodukte\\\/krauter\\\/#primaryimage\"},\"image\":{\"@id\":\"https:\\\/\\\/naturalpoland.com\\\/de\\\/produkte\\\/tierfutterprodukte\\\/krauter\\\/#primaryimage\"},\"thumbnailUrl\":\"https:\\\/\\\/naturalpoland.com\\\/wp-content\\\/uploads\\\/ziola-liscie-dla-zwierzat.jpg\",\"datePublished\":\"2023-10-03T09:12:23+00:00\",\"description\":\"Kr\u00e4uter, die dem Futter zugesetzt werden, garantieren den Tieren hervorragende Ern\u00e4hrungs- und Gesundheitseigenschaften. Unsere Kr\u00e4uter stammen aus kontrolliertem Anbau.\",\"breadcrumb\":{\"@id\":\"https:\\\/\\\/naturalpoland.com\\\/de\\\/produkte\\\/tierfutterprodukte\\\/krauter\\\/#breadcrumb\"},\"inLanguage\":\"de\",\"potentialAction\":[{\"@type\":\"ReadAction\",\"target\":[\"https:\\\/\\\/naturalpoland.com\\\/de\\\/produkte\\\/tierfutterprodukte\\\/krauter\\\/\"]}]},{\"@type\":\"ImageObject\",\"inLanguage\":\"de\",\"@id\":\"https:\\\/\\\/naturalpoland.com\\\/de\\\/produkte\\\/tierfutterprodukte\\\/krauter\\\/#primaryimage\",\"url\":\"https:\\\/\\\/naturalpoland.com\\\/wp-content\\\/uploads\\\/ziola-liscie-dla-zwierzat.jpg\",\"contentUrl\":\"https:\\\/\\\/naturalpoland.com\\\/wp-content\\\/uploads\\\/ziola-liscie-dla-zwierzat.jpg\",\"width\":650,\"height\":650,\"caption\":\"Kr\u00e4uter f\u00fcr Tiere\"},{\"@type\":\"BreadcrumbList\",\"@id\":\"https:\\\/\\\/naturalpoland.com\\\/de\\\/produkte\\\/tierfutterprodukte\\\/krauter\\\/#breadcrumb\",\"itemListElement\":[{\"@type\":\"ListItem\",\"position\":1,\"name\":\"Startseite\",\"item\":\"https:\\\/\\\/naturalpoland.com\\\/de\\\/\"},{\"@type\":\"ListItem\",\"position\":2,\"name\":\"Produkte\",\"item\":\"https:\\\/\\\/naturalpoland.com\\\/de\\\/produkte\\\/\"},{\"@type\":\"ListItem\",\"position\":3,\"name\":\"Kr\u00e4uter f\u00fcr Tiere\"}]},{\"@type\":\"WebSite\",\"@id\":\"https:\\\/\\\/naturalpoland.com\\\/de\\\/#website\",\"url\":\"https:\\\/\\\/naturalpoland.com\\\/de\\\/\",\"name\":\"NATURAL POLAND - IMPORT UND HANDEL VON ROHSTOFFEN\",\"description\":\"Rohstoffe f\u00fcr die Lebensmittelindustrie, Kosmetikindustrie, Pharmaindustrie\",\"publisher\":{\"@id\":\"https:\\\/\\\/naturalpoland.com\\\/de\\\/#organization\"},\"potentialAction\":[{\"@type\":\"SearchAction\",\"target\":{\"@type\":\"EntryPoint\",\"urlTemplate\":\"https:\\\/\\\/naturalpoland.com\\\/de\\\/?s={search_term_string}\"},\"query-input\":{\"@type\":\"PropertyValueSpecification\",\"valueRequired\":true,\"valueName\":\"search_term_string\"}}],\"inLanguage\":\"de\"},{\"@type\":\"Organization\",\"@id\":\"https:\\\/\\\/naturalpoland.com\\\/de\\\/#organization\",\"name\":\"Natural Poland\",\"url\":\"https:\\\/\\\/naturalpoland.com\\\/de\\\/\",\"logo\":{\"@type\":\"ImageObject\",\"inLanguage\":\"de\",\"@id\":\"https:\\\/\\\/naturalpoland.com\\\/de\\\/#\\\/schema\\\/logo\\\/image\\\/\",\"url\":\"https:\\\/\\\/naturalpoland.com\\\/wp-content\\\/uploads\\\/2021\\\/05\\\/natural-poland-icon.png\",\"contentUrl\":\"https:\\\/\\\/naturalpoland.com\\\/wp-content\\\/uploads\\\/2021\\\/05\\\/natural-poland-icon.png\",\"width\":512,\"height\":512,\"caption\":\"Natural Poland\"},\"image\":{\"@id\":\"https:\\\/\\\/naturalpoland.com\\\/de\\\/#\\\/schema\\\/logo\\\/image\\\/\"},\"sameAs\":[\"https:\\\/\\\/www.facebook.com\\\/naturalpoland.b2b\",\"https:\\\/\\\/pl.linkedin.com\\\/company\\\/natural-poland\",\"https:\\\/\\\/www.youtube.com\\\/channel\\\/UCgeGGkvOMahZo-xu_MSEWxg\"]}]}<\/script>\n<!-- \/ Yoast SEO plugin. -->","yoast_head_json":{"title":"Kr\u00e4uter f\u00fcr Tiere - Gro\u00dfhandelsvertrieb","description":"Kr\u00e4uter, die dem Futter zugesetzt werden, garantieren den Tieren hervorragende Ern\u00e4hrungs- und Gesundheitseigenschaften. Unsere Kr\u00e4uter stammen aus kontrolliertem Anbau.","robots":{"index":"index","follow":"follow","max-snippet":"max-snippet:-1","max-image-preview":"max-image-preview:large","max-video-preview":"max-video-preview:-1"},"canonical":"https:\/\/naturalpoland.com\/de\/produkte\/tierfutterprodukte\/krauter\/","og_locale":"de_DE","og_type":"article","og_title":"Kr\u00e4uter f\u00fcr Tiere - Gro\u00dfhandelsvertrieb","og_description":"Kr\u00e4uter, die dem Futter zugesetzt werden, garantieren den Tieren hervorragende Ern\u00e4hrungs- und Gesundheitseigenschaften. Unsere Kr\u00e4uter stammen aus kontrolliertem Anbau.","og_url":"https:\/\/naturalpoland.com\/de\/produkte\/tierfutterprodukte\/krauter\/","og_site_name":"NATURAL POLAND - IMPORT UND HANDEL VON ROHSTOFFEN","article_publisher":"https:\/\/www.facebook.com\/naturalpoland.b2b","og_image":[{"width":650,"height":650,"url":"https:\/\/naturalpoland.com\/wp-content\/uploads\/ziola-liscie-dla-zwierzat.jpg","type":"image\/jpeg"}],"schema":{"@context":"https:\/\/schema.org","@graph":[{"@type":"WebPage","@id":"https:\/\/naturalpoland.com\/de\/produkte\/tierfutterprodukte\/krauter\/","url":"https:\/\/naturalpoland.com\/de\/produkte\/tierfutterprodukte\/krauter\/","name":"Kr\u00e4uter f\u00fcr Tiere - Gro\u00dfhandelsvertrieb","isPartOf":{"@id":"https:\/\/naturalpoland.com\/de\/#website"},"primaryImageOfPage":{"@id":"https:\/\/naturalpoland.com\/de\/produkte\/tierfutterprodukte\/krauter\/#primaryimage"},"image":{"@id":"https:\/\/naturalpoland.com\/de\/produkte\/tierfutterprodukte\/krauter\/#primaryimage"},"thumbnailUrl":"https:\/\/naturalpoland.com\/wp-content\/uploads\/ziola-liscie-dla-zwierzat.jpg","datePublished":"2023-10-03T09:12:23+00:00","description":"Kr\u00e4uter, die dem Futter zugesetzt werden, garantieren den Tieren hervorragende Ern\u00e4hrungs- und Gesundheitseigenschaften. Unsere Kr\u00e4uter stammen aus kontrolliertem Anbau.","breadcrumb":{"@id":"https:\/\/naturalpoland.com\/de\/produkte\/tierfutterprodukte\/krauter\/#breadcrumb"},"inLanguage":"de","potentialAction":[{"@type":"ReadAction","target":["https:\/\/naturalpoland.com\/de\/produkte\/tierfutterprodukte\/krauter\/"]}]},{"@type":"ImageObject","inLanguage":"de","@id":"https:\/\/naturalpoland.com\/de\/produkte\/tierfutterprodukte\/krauter\/#primaryimage","url":"https:\/\/naturalpoland.com\/wp-content\/uploads\/ziola-liscie-dla-zwierzat.jpg","contentUrl":"https:\/\/naturalpoland.com\/wp-content\/uploads\/ziola-liscie-dla-zwierzat.jpg","width":650,"height":650,"caption":"Kr\u00e4uter f\u00fcr Tiere"},{"@type":"BreadcrumbList","@id":"https:\/\/naturalpoland.com\/de\/produkte\/tierfutterprodukte\/krauter\/#breadcrumb","itemListElement":[{"@type":"ListItem","position":1,"name":"Startseite","item":"https:\/\/naturalpoland.com\/de\/"},{"@type":"ListItem","position":2,"name":"Produkte","item":"https:\/\/naturalpoland.com\/de\/produkte\/"},{"@type":"ListItem","position":3,"name":"Kr\u00e4uter f\u00fcr Tiere"}]},{"@type":"WebSite","@id":"https:\/\/naturalpoland.com\/de\/#website","url":"https:\/\/naturalpoland.com\/de\/","name":"NATURAL POLAND - IMPORT UND HANDEL VON ROHSTOFFEN","description":"Rohstoffe f\u00fcr die Lebensmittelindustrie, Kosmetikindustrie, Pharmaindustrie","publisher":{"@id":"https:\/\/naturalpoland.com\/de\/#organization"},"potentialAction":[{"@type":"SearchAction","target":{"@type":"EntryPoint","urlTemplate":"https:\/\/naturalpoland.com\/de\/?s={search_term_string}"},"query-input":{"@type":"PropertyValueSpecification","valueRequired":true,"valueName":"search_term_string"}}],"inLanguage":"de"},{"@type":"Organization","@id":"https:\/\/naturalpoland.com\/de\/#organization","name":"Natural Poland","url":"https:\/\/naturalpoland.com\/de\/","logo":{"@type":"ImageObject","inLanguage":"de","@id":"https:\/\/naturalpoland.com\/de\/#\/schema\/logo\/image\/","url":"https:\/\/naturalpoland.com\/wp-content\/uploads\/2021\/05\/natural-poland-icon.png","contentUrl":"https:\/\/naturalpoland.com\/wp-content\/uploads\/2021\/05\/natural-poland-icon.png","width":512,"height":512,"caption":"Natural Poland"},"image":{"@id":"https:\/\/naturalpoland.com\/de\/#\/schema\/logo\/image\/"},"sameAs":["https:\/\/www.facebook.com\/naturalpoland.b2b","https:\/\/pl.linkedin.com\/company\/natural-poland","https:\/\/www.youtube.com\/channel\/UCgeGGkvOMahZo-xu_MSEWxg"]}]}},"_links":{"self":[{"href":"https:\/\/naturalpoland.com\/de\/wp-json\/wp\/v2\/product\/26257","targetHints":{"allow":["GET"]}}],"collection":[{"href":"https:\/\/naturalpoland.com\/de\/wp-json\/wp\/v2\/product"}],"about":[{"href":"https:\/\/naturalpoland.com\/de\/wp-json\/wp\/v2\/types\/product"}],"wp:featuredmedia":[{"embeddable":true,"href":"https:\/\/naturalpoland.com\/de\/wp-json\/wp\/v2\/media\/25408"}],"wp:attachment":[{"href":"https:\/\/naturalpoland.com\/de\/wp-json\/wp\/v2\/media?parent=26257"}],"wp:term":[{"taxonomy":"product_brand","embeddable":true,"href":"https:\/\/naturalpoland.com\/de\/wp-json\/wp\/v2\/product_brand?post=26257"},{"taxonomy":"product_cat","embeddable":true,"href":"https:\/\/naturalpoland.com\/de\/wp-json\/wp\/v2\/product_cat?post=26257"},{"taxonomy":"product_tag","embeddable":true,"href":"https:\/\/naturalpoland.com\/de\/wp-json\/wp\/v2\/product_tag?post=26257"}],"curies":[{"name":"wp","href":"https:\/\/api.w.org\/{rel}","templated":true}]}}