{"id":26263,"date":"2023-09-14T15:27:34","date_gmt":"2023-10-03T09:12:26","guid":{"rendered":"https:\/\/naturalpoland.com\/produkty\/unkategorisiert\/tierisches-saatgut\/"},"modified":"2023-10-03T11:12:26","modified_gmt":"2023-10-03T09:12:26","slug":"samen","status":"publish","type":"product","link":"https:\/\/naturalpoland.com\/de\/produkte\/tierfutterprodukte\/samen\/","title":{"rendered":"Tierisches Saatgut"},"content":{"rendered":"<p><strong>Anis<\/strong> &#8211; Bekannt f\u00fcr seine verdauungsf\u00f6rdernden Eigenschaften, regt er den Appetit an und f\u00f6rdert die Verdauung bei Tieren.<\/p>\n<p><strong>Bockshornkleesamen<\/strong> &#8211; regt den Stoffwechsel an und st\u00e4rkt die Kondition des Tieres. Auch in Pulverform erh\u00e4ltlich.<\/p>\n<p><strong>Gelbe Hirseflasche<\/strong> &#8211; Reich an Proteinen und Mineralien, ideal f\u00fcr V\u00f6gel und Nager, um ihre Gesundheit und Energie zu erhalten.<\/p>\n<p><strong>Fenchelsamen<\/strong> &#8211; Unterst\u00fctzt das Verdauungssystem und hat eine antibakterielle Wirkung.<\/p>\n<p><strong>Flohsamenschalen<\/strong> &#8211; Bekannt f\u00fcr ihre darmregulierenden Eigenschaften, die der Nahrung zugesetzt werden, um die Verdauung zu verbessern.<\/p>\n<p><strong>Roter Hirsekolben<\/strong> &#8211; Eine ausgezeichnete Protein- und Eisenquelle, ideal f\u00fcr V\u00f6gel.<\/p>\n<p><strong>K\u00fcmmel<\/strong> &#8211; F\u00f6rdert die Verdauung, wirkt entz\u00fcndungshemmend und hat eine positive Wirkung auf die Darmmikroflora der Tiere.<\/p>\n<p><strong>Leinsamen<\/strong> &#8211; Reich an Omega-3-Fetts\u00e4uren, die die Gesundheit von Haut und Fell sowie das Verdauungssystem unterst\u00fctzen.<\/p>\n<p><strong>Distelsamen gemahlen<\/strong> &#8211; Bekannt f\u00fcr ihre leberunterst\u00fctzenden Eigenschaften, verbessern sie den allgemeinen Zustand der Tiere.<\/p>\n<p><strong>Immaculat<\/strong> &#8211; Wird in Vogelfutter verwendet und unterst\u00fctzt das Verdauungssystem der V\u00f6gel. Auch in Pulverform erh\u00e4ltlich.<\/p>\n<p><strong>Nigella<\/strong> &#8211; Sie ist eine Quelle mehrfach unges\u00e4ttigter Fetts\u00e4uren, st\u00e4rkt das Immunsystem und verbessert den Zustand von Haut und Fell des Tieres.<\/p>\n<p>Wir bieten Saatgut in S\u00e4cken oder Kartons von 10 bis 26 kg an, die auf die individuellen Bed\u00fcrfnisse unserer Kunden zugeschnitten sind. Wir sind \u00fcberzeugt, dass unser Angebot die Erwartungen der anspruchsvollsten Gesch\u00e4ftspartner erf\u00fcllen wird. Wir laden Sie ein, mit uns Kontakt aufzunehmen und mit uns zusammenzuarbeiten.<\/p>\n","protected":false},"excerpt":{"rendered":"<p>Wir pr\u00e4sentieren eine sorgf\u00e4ltig ausgew\u00e4hlte Sammlung von Saatgut f\u00fcr die Tierf\u00fctterung. Das von uns angebotene Saatgut stammt aus kontrolliertem Anbau und garantiert die h\u00f6chste Qualit\u00e4t, die von der professionellen Heimtierbranche verlangt wird.<\/p>\n","protected":false},"featured_media":25395,"template":"","meta":{"_acf_changed":false},"product_brand":[],"product_cat":[2511],"product_tag":[],"class_list":{"0":"post-26263","1":"product","2":"type-product","3":"status-publish","4":"has-post-thumbnail","6":"product_cat-tierfutterprodukte","8":"first","9":"instock","10":"shipping-taxable","11":"product-type-simple"},"acf":[],"yoast_head":"<!-- This site is optimized with the Yoast SEO plugin v27.4 - https:\/\/yoast.com\/product\/yoast-seo-wordpress\/ -->\n<title>Tierisches Saatgut - Gro\u00dfhandelsvertrieb<\/title>\n<meta name=\"robots\" content=\"index, follow, max-snippet:-1, max-image-preview:large, max-video-preview:-1\" \/>\n<link rel=\"canonical\" href=\"https:\/\/naturalpoland.com\/de\/produkte\/tierfutterprodukte\/samen\/\" \/>\n<meta property=\"og:locale\" content=\"de_DE\" \/>\n<meta property=\"og:type\" content=\"article\" \/>\n<meta property=\"og:title\" content=\"Tierisches Saatgut - Gro\u00dfhandelsvertrieb\" \/>\n<meta property=\"og:description\" content=\"Wir pr\u00e4sentieren eine sorgf\u00e4ltig ausgew\u00e4hlte Sammlung von Saatgut f\u00fcr die Tierf\u00fctterung. Das von uns angebotene Saatgut stammt aus kontrolliertem Anbau und garantiert die h\u00f6chste Qualit\u00e4t, die von der professionellen Heimtierbranche verlangt wird.\" \/>\n<meta property=\"og:url\" content=\"https:\/\/naturalpoland.com\/de\/produkte\/tierfutterprodukte\/samen\/\" \/>\n<meta property=\"og:site_name\" content=\"NATURAL POLAND - IMPORT UND HANDEL VON ROHSTOFFEN\" \/>\n<meta property=\"article:publisher\" content=\"https:\/\/www.facebook.com\/naturalpoland.b2b\" \/>\n<meta property=\"og:image\" content=\"https:\/\/naturalpoland.com\/wp-content\/uploads\/nasiona-dla-zwierzat.jpg\" \/>\n\t<meta property=\"og:image:width\" content=\"650\" \/>\n\t<meta property=\"og:image:height\" content=\"650\" \/>\n\t<meta property=\"og:image:type\" content=\"image\/jpeg\" \/>\n<script type=\"application\/ld+json\" class=\"yoast-schema-graph\">{\"@context\":\"https:\\\/\\\/schema.org\",\"@graph\":[{\"@type\":\"WebPage\",\"@id\":\"https:\\\/\\\/naturalpoland.com\\\/de\\\/produkte\\\/tierfutterprodukte\\\/samen\\\/\",\"url\":\"https:\\\/\\\/naturalpoland.com\\\/de\\\/produkte\\\/tierfutterprodukte\\\/samen\\\/\",\"name\":\"Tierisches Saatgut - Gro\u00dfhandelsvertrieb\",\"isPartOf\":{\"@id\":\"https:\\\/\\\/naturalpoland.com\\\/de\\\/#website\"},\"primaryImageOfPage\":{\"@id\":\"https:\\\/\\\/naturalpoland.com\\\/de\\\/produkte\\\/tierfutterprodukte\\\/samen\\\/#primaryimage\"},\"image\":{\"@id\":\"https:\\\/\\\/naturalpoland.com\\\/de\\\/produkte\\\/tierfutterprodukte\\\/samen\\\/#primaryimage\"},\"thumbnailUrl\":\"https:\\\/\\\/naturalpoland.com\\\/wp-content\\\/uploads\\\/nasiona-dla-zwierzat.jpg\",\"datePublished\":\"2023-10-03T09:12:26+00:00\",\"breadcrumb\":{\"@id\":\"https:\\\/\\\/naturalpoland.com\\\/de\\\/produkte\\\/tierfutterprodukte\\\/samen\\\/#breadcrumb\"},\"inLanguage\":\"de\",\"potentialAction\":[{\"@type\":\"ReadAction\",\"target\":[\"https:\\\/\\\/naturalpoland.com\\\/de\\\/produkte\\\/tierfutterprodukte\\\/samen\\\/\"]}]},{\"@type\":\"ImageObject\",\"inLanguage\":\"de\",\"@id\":\"https:\\\/\\\/naturalpoland.com\\\/de\\\/produkte\\\/tierfutterprodukte\\\/samen\\\/#primaryimage\",\"url\":\"https:\\\/\\\/naturalpoland.com\\\/wp-content\\\/uploads\\\/nasiona-dla-zwierzat.jpg\",\"contentUrl\":\"https:\\\/\\\/naturalpoland.com\\\/wp-content\\\/uploads\\\/nasiona-dla-zwierzat.jpg\",\"width\":650,\"height\":650,\"caption\":\"Tiersamen\"},{\"@type\":\"BreadcrumbList\",\"@id\":\"https:\\\/\\\/naturalpoland.com\\\/de\\\/produkte\\\/tierfutterprodukte\\\/samen\\\/#breadcrumb\",\"itemListElement\":[{\"@type\":\"ListItem\",\"position\":1,\"name\":\"Startseite\",\"item\":\"https:\\\/\\\/naturalpoland.com\\\/de\\\/\"},{\"@type\":\"ListItem\",\"position\":2,\"name\":\"Produkte\",\"item\":\"https:\\\/\\\/naturalpoland.com\\\/de\\\/produkte\\\/\"},{\"@type\":\"ListItem\",\"position\":3,\"name\":\"Tierisches Saatgut\"}]},{\"@type\":\"WebSite\",\"@id\":\"https:\\\/\\\/naturalpoland.com\\\/de\\\/#website\",\"url\":\"https:\\\/\\\/naturalpoland.com\\\/de\\\/\",\"name\":\"NATURAL POLAND - IMPORT UND HANDEL VON ROHSTOFFEN\",\"description\":\"Rohstoffe f\u00fcr die Lebensmittelindustrie, Kosmetikindustrie, Pharmaindustrie\",\"publisher\":{\"@id\":\"https:\\\/\\\/naturalpoland.com\\\/de\\\/#organization\"},\"potentialAction\":[{\"@type\":\"SearchAction\",\"target\":{\"@type\":\"EntryPoint\",\"urlTemplate\":\"https:\\\/\\\/naturalpoland.com\\\/de\\\/?s={search_term_string}\"},\"query-input\":{\"@type\":\"PropertyValueSpecification\",\"valueRequired\":true,\"valueName\":\"search_term_string\"}}],\"inLanguage\":\"de\"},{\"@type\":\"Organization\",\"@id\":\"https:\\\/\\\/naturalpoland.com\\\/de\\\/#organization\",\"name\":\"Natural Poland\",\"url\":\"https:\\\/\\\/naturalpoland.com\\\/de\\\/\",\"logo\":{\"@type\":\"ImageObject\",\"inLanguage\":\"de\",\"@id\":\"https:\\\/\\\/naturalpoland.com\\\/de\\\/#\\\/schema\\\/logo\\\/image\\\/\",\"url\":\"https:\\\/\\\/naturalpoland.com\\\/wp-content\\\/uploads\\\/2021\\\/05\\\/natural-poland-icon.png\",\"contentUrl\":\"https:\\\/\\\/naturalpoland.com\\\/wp-content\\\/uploads\\\/2021\\\/05\\\/natural-poland-icon.png\",\"width\":512,\"height\":512,\"caption\":\"Natural Poland\"},\"image\":{\"@id\":\"https:\\\/\\\/naturalpoland.com\\\/de\\\/#\\\/schema\\\/logo\\\/image\\\/\"},\"sameAs\":[\"https:\\\/\\\/www.facebook.com\\\/naturalpoland.b2b\",\"https:\\\/\\\/pl.linkedin.com\\\/company\\\/natural-poland\",\"https:\\\/\\\/www.youtube.com\\\/channel\\\/UCgeGGkvOMahZo-xu_MSEWxg\"]}]}<\/script>\n<!-- \/ Yoast SEO plugin. -->","yoast_head_json":{"title":"Tierisches Saatgut - Gro\u00dfhandelsvertrieb","robots":{"index":"index","follow":"follow","max-snippet":"max-snippet:-1","max-image-preview":"max-image-preview:large","max-video-preview":"max-video-preview:-1"},"canonical":"https:\/\/naturalpoland.com\/de\/produkte\/tierfutterprodukte\/samen\/","og_locale":"de_DE","og_type":"article","og_title":"Tierisches Saatgut - Gro\u00dfhandelsvertrieb","og_description":"Wir pr\u00e4sentieren eine sorgf\u00e4ltig ausgew\u00e4hlte Sammlung von Saatgut f\u00fcr die Tierf\u00fctterung. Das von uns angebotene Saatgut stammt aus kontrolliertem Anbau und garantiert die h\u00f6chste Qualit\u00e4t, die von der professionellen Heimtierbranche verlangt wird.","og_url":"https:\/\/naturalpoland.com\/de\/produkte\/tierfutterprodukte\/samen\/","og_site_name":"NATURAL POLAND - IMPORT UND HANDEL VON ROHSTOFFEN","article_publisher":"https:\/\/www.facebook.com\/naturalpoland.b2b","og_image":[{"width":650,"height":650,"url":"https:\/\/naturalpoland.com\/wp-content\/uploads\/nasiona-dla-zwierzat.jpg","type":"image\/jpeg"}],"schema":{"@context":"https:\/\/schema.org","@graph":[{"@type":"WebPage","@id":"https:\/\/naturalpoland.com\/de\/produkte\/tierfutterprodukte\/samen\/","url":"https:\/\/naturalpoland.com\/de\/produkte\/tierfutterprodukte\/samen\/","name":"Tierisches Saatgut - Gro\u00dfhandelsvertrieb","isPartOf":{"@id":"https:\/\/naturalpoland.com\/de\/#website"},"primaryImageOfPage":{"@id":"https:\/\/naturalpoland.com\/de\/produkte\/tierfutterprodukte\/samen\/#primaryimage"},"image":{"@id":"https:\/\/naturalpoland.com\/de\/produkte\/tierfutterprodukte\/samen\/#primaryimage"},"thumbnailUrl":"https:\/\/naturalpoland.com\/wp-content\/uploads\/nasiona-dla-zwierzat.jpg","datePublished":"2023-10-03T09:12:26+00:00","breadcrumb":{"@id":"https:\/\/naturalpoland.com\/de\/produkte\/tierfutterprodukte\/samen\/#breadcrumb"},"inLanguage":"de","potentialAction":[{"@type":"ReadAction","target":["https:\/\/naturalpoland.com\/de\/produkte\/tierfutterprodukte\/samen\/"]}]},{"@type":"ImageObject","inLanguage":"de","@id":"https:\/\/naturalpoland.com\/de\/produkte\/tierfutterprodukte\/samen\/#primaryimage","url":"https:\/\/naturalpoland.com\/wp-content\/uploads\/nasiona-dla-zwierzat.jpg","contentUrl":"https:\/\/naturalpoland.com\/wp-content\/uploads\/nasiona-dla-zwierzat.jpg","width":650,"height":650,"caption":"Tiersamen"},{"@type":"BreadcrumbList","@id":"https:\/\/naturalpoland.com\/de\/produkte\/tierfutterprodukte\/samen\/#breadcrumb","itemListElement":[{"@type":"ListItem","position":1,"name":"Startseite","item":"https:\/\/naturalpoland.com\/de\/"},{"@type":"ListItem","position":2,"name":"Produkte","item":"https:\/\/naturalpoland.com\/de\/produkte\/"},{"@type":"ListItem","position":3,"name":"Tierisches Saatgut"}]},{"@type":"WebSite","@id":"https:\/\/naturalpoland.com\/de\/#website","url":"https:\/\/naturalpoland.com\/de\/","name":"NATURAL POLAND - IMPORT UND HANDEL VON ROHSTOFFEN","description":"Rohstoffe f\u00fcr die Lebensmittelindustrie, Kosmetikindustrie, Pharmaindustrie","publisher":{"@id":"https:\/\/naturalpoland.com\/de\/#organization"},"potentialAction":[{"@type":"SearchAction","target":{"@type":"EntryPoint","urlTemplate":"https:\/\/naturalpoland.com\/de\/?s={search_term_string}"},"query-input":{"@type":"PropertyValueSpecification","valueRequired":true,"valueName":"search_term_string"}}],"inLanguage":"de"},{"@type":"Organization","@id":"https:\/\/naturalpoland.com\/de\/#organization","name":"Natural Poland","url":"https:\/\/naturalpoland.com\/de\/","logo":{"@type":"ImageObject","inLanguage":"de","@id":"https:\/\/naturalpoland.com\/de\/#\/schema\/logo\/image\/","url":"https:\/\/naturalpoland.com\/wp-content\/uploads\/2021\/05\/natural-poland-icon.png","contentUrl":"https:\/\/naturalpoland.com\/wp-content\/uploads\/2021\/05\/natural-poland-icon.png","width":512,"height":512,"caption":"Natural Poland"},"image":{"@id":"https:\/\/naturalpoland.com\/de\/#\/schema\/logo\/image\/"},"sameAs":["https:\/\/www.facebook.com\/naturalpoland.b2b","https:\/\/pl.linkedin.com\/company\/natural-poland","https:\/\/www.youtube.com\/channel\/UCgeGGkvOMahZo-xu_MSEWxg"]}]}},"_links":{"self":[{"href":"https:\/\/naturalpoland.com\/de\/wp-json\/wp\/v2\/product\/26263","targetHints":{"allow":["GET"]}}],"collection":[{"href":"https:\/\/naturalpoland.com\/de\/wp-json\/wp\/v2\/product"}],"about":[{"href":"https:\/\/naturalpoland.com\/de\/wp-json\/wp\/v2\/types\/product"}],"wp:featuredmedia":[{"embeddable":true,"href":"https:\/\/naturalpoland.com\/de\/wp-json\/wp\/v2\/media\/25395"}],"wp:attachment":[{"href":"https:\/\/naturalpoland.com\/de\/wp-json\/wp\/v2\/media?parent=26263"}],"wp:term":[{"taxonomy":"product_brand","embeddable":true,"href":"https:\/\/naturalpoland.com\/de\/wp-json\/wp\/v2\/product_brand?post=26263"},{"taxonomy":"product_cat","embeddable":true,"href":"https:\/\/naturalpoland.com\/de\/wp-json\/wp\/v2\/product_cat?post=26263"},{"taxonomy":"product_tag","embeddable":true,"href":"https:\/\/naturalpoland.com\/de\/wp-json\/wp\/v2\/product_tag?post=26263"}],"curies":[{"name":"wp","href":"https:\/\/api.w.org\/{rel}","templated":true}]}}