{"id":26272,"date":"2023-09-14T15:04:18","date_gmt":"2023-10-03T09:12:30","guid":{"rendered":"https:\/\/naturalpoland.com\/produkty\/unkategorisiert\/futtergetreide-fuer-tiere\/"},"modified":"2023-10-03T11:12:30","modified_gmt":"2023-10-03T09:12:30","slug":"getreide","status":"publish","type":"product","link":"https:\/\/naturalpoland.com\/de\/produkte\/tierfutterprodukte\/getreide\/","title":{"rendered":"Futtergetreide f\u00fcr Tiere"},"content":{"rendered":"<p><strong>Cornflakes<\/strong> &#8211; Reich an Ballaststoffen und Kohlenhydraten, ausgezeichnet als Energiequelle f\u00fcr Tiere, f\u00f6rdern die Verdauung und regulieren das Verdauungssystem.<\/p>\n<p><strong>Reisflocken<\/strong> &#8211; Leicht verdaulich, sind sie eine hervorragende Energiequelle und eignen sich besonders f\u00fcr Tiere mit einem empfindlichen Verdauungssystem.<\/p>\n<p><strong>Haferflocken<\/strong> &#8211; Bekannt f\u00fcr ihren hohen Gehalt an Proteinen und Ballaststoffen, f\u00f6rdern sie das Muskelwachstum und verbessern den Zustand von Haut und Fell.<\/p>\n<p><strong>Dinkelflocken<\/strong> &#8211; Sie sind reich an Vitaminen und Mineralien, st\u00e4rken die Abwehrkr\u00e4fte und liefern wichtige Mineralien.<\/p>\n<p><strong>Gerstenflocken<\/strong> &#8211; Eine Quelle f\u00fcr wichtige B-Vitamine, die die Funktion des Nervensystems unterst\u00fctzen und zur Erhaltung einer gesunden Haut und eines gesunden Fells beitragen.<\/p>\n<p><strong>Weizenflocken<\/strong> &#8211; Enth\u00e4lt eine gro\u00dfe Menge an Eiwei\u00df, das f\u00fcr den Aufbau der Muskeln des Tieres unerl\u00e4sslich ist.<\/p>\n<p><strong>Gepuffter Mais<\/strong> &#8211; Leicht verdaulich und energiereich, ideal f\u00fcr Tiere, die eine schnelle Energiequelle ben\u00f6tigen.<\/p>\n<p><strong>Puffreis<\/strong> &#8211; schont das Verdauungssystem und liefert wichtige Kohlenhydrate.<\/p>\n<p><strong>Gepuffter Dinkel<\/strong> &#8211; Eine Protein- und Ballaststoffquelle, die die Verdauung unterst\u00fctzt und l\u00e4nger Energie liefert.<\/p>\n<p><strong>Gepuffte Gerste<\/strong> &#8211; F\u00f6rdert die Verdauung, liefert Eiwei\u00df und wichtige Vitamine zur St\u00e4rkung der Kondition der Tiere.<\/p>\n<p><strong>Gepuffter Weizen<\/strong> &#8211; Reich an Proteinen und Ballaststoffen, unterst\u00fctzt er den Muskelaufbau und verbessert die Verdauungsfunktion.<\/p>\n","protected":false},"excerpt":{"rendered":"<p>Wir m\u00f6chten Ihnen gerne unser ausgew\u00e4hltes Sortiment an Getreide f\u00fcr Tiere vorstellen. Jedes der angebotenen Produkte ist auf die Bed\u00fcrfnisse verschiedener Tierarten abgestimmt, und die reichhaltigen N\u00e4hrstoffe des Getreides sorgen f\u00fcr Gesundheit und Energie im Alltag.<\/p>\n","protected":false},"featured_media":25381,"template":"","meta":{"_acf_changed":false},"product_brand":[],"product_cat":[2511],"product_tag":[],"class_list":{"0":"post-26272","1":"product","2":"type-product","3":"status-publish","4":"has-post-thumbnail","6":"product_cat-tierfutterprodukte","8":"first","9":"instock","10":"shipping-taxable","11":"product-type-simple"},"acf":[],"yoast_head":"<!-- This site is optimized with the Yoast SEO plugin v27.4 - https:\/\/yoast.com\/product\/yoast-seo-wordpress\/ -->\n<title>Futtergetreide f\u00fcr Tiere - Gro\u00dfhandelsvertrieb<\/title>\n<meta name=\"description\" content=\"Die reichhaltigen N\u00e4hrstoffe in tierischem Getreide sorgen f\u00fcr Gesundheit und Energie im Alltag. Wir freuen uns auf die Zusammenarbeit mit Ihnen.\" \/>\n<meta name=\"robots\" content=\"index, follow, max-snippet:-1, max-image-preview:large, max-video-preview:-1\" \/>\n<link rel=\"canonical\" href=\"https:\/\/naturalpoland.com\/de\/produkte\/tierfutterprodukte\/getreide\/\" \/>\n<meta property=\"og:locale\" content=\"de_DE\" \/>\n<meta property=\"og:type\" content=\"article\" \/>\n<meta property=\"og:title\" content=\"Futtergetreide f\u00fcr Tiere - Gro\u00dfhandelsvertrieb\" \/>\n<meta property=\"og:description\" content=\"Die reichhaltigen N\u00e4hrstoffe in tierischem Getreide sorgen f\u00fcr Gesundheit und Energie im Alltag. Wir freuen uns auf die Zusammenarbeit mit Ihnen.\" \/>\n<meta property=\"og:url\" content=\"https:\/\/naturalpoland.com\/de\/produkte\/tierfutterprodukte\/getreide\/\" \/>\n<meta property=\"og:site_name\" content=\"NATURAL POLAND - IMPORT UND HANDEL VON ROHSTOFFEN\" \/>\n<meta property=\"article:publisher\" content=\"https:\/\/www.facebook.com\/naturalpoland.b2b\" \/>\n<meta property=\"og:image\" content=\"https:\/\/naturalpoland.com\/wp-content\/uploads\/zboza-dla-zwierzat.jpg\" \/>\n\t<meta property=\"og:image:width\" content=\"650\" \/>\n\t<meta property=\"og:image:height\" content=\"650\" \/>\n\t<meta property=\"og:image:type\" content=\"image\/jpeg\" \/>\n<script type=\"application\/ld+json\" class=\"yoast-schema-graph\">{\"@context\":\"https:\\\/\\\/schema.org\",\"@graph\":[{\"@type\":\"WebPage\",\"@id\":\"https:\\\/\\\/naturalpoland.com\\\/de\\\/produkte\\\/tierfutterprodukte\\\/getreide\\\/\",\"url\":\"https:\\\/\\\/naturalpoland.com\\\/de\\\/produkte\\\/tierfutterprodukte\\\/getreide\\\/\",\"name\":\"Futtergetreide f\u00fcr Tiere - Gro\u00dfhandelsvertrieb\",\"isPartOf\":{\"@id\":\"https:\\\/\\\/naturalpoland.com\\\/de\\\/#website\"},\"primaryImageOfPage\":{\"@id\":\"https:\\\/\\\/naturalpoland.com\\\/de\\\/produkte\\\/tierfutterprodukte\\\/getreide\\\/#primaryimage\"},\"image\":{\"@id\":\"https:\\\/\\\/naturalpoland.com\\\/de\\\/produkte\\\/tierfutterprodukte\\\/getreide\\\/#primaryimage\"},\"thumbnailUrl\":\"https:\\\/\\\/naturalpoland.com\\\/wp-content\\\/uploads\\\/zboza-dla-zwierzat.jpg\",\"datePublished\":\"2023-10-03T09:12:30+00:00\",\"description\":\"Die reichhaltigen N\u00e4hrstoffe in tierischem Getreide sorgen f\u00fcr Gesundheit und Energie im Alltag. Wir freuen uns auf die Zusammenarbeit mit Ihnen.\",\"breadcrumb\":{\"@id\":\"https:\\\/\\\/naturalpoland.com\\\/de\\\/produkte\\\/tierfutterprodukte\\\/getreide\\\/#breadcrumb\"},\"inLanguage\":\"de\",\"potentialAction\":[{\"@type\":\"ReadAction\",\"target\":[\"https:\\\/\\\/naturalpoland.com\\\/de\\\/produkte\\\/tierfutterprodukte\\\/getreide\\\/\"]}]},{\"@type\":\"ImageObject\",\"inLanguage\":\"de\",\"@id\":\"https:\\\/\\\/naturalpoland.com\\\/de\\\/produkte\\\/tierfutterprodukte\\\/getreide\\\/#primaryimage\",\"url\":\"https:\\\/\\\/naturalpoland.com\\\/wp-content\\\/uploads\\\/zboza-dla-zwierzat.jpg\",\"contentUrl\":\"https:\\\/\\\/naturalpoland.com\\\/wp-content\\\/uploads\\\/zboza-dla-zwierzat.jpg\",\"width\":650,\"height\":650,\"caption\":\"Getreide f\u00fcr Tiere\"},{\"@type\":\"BreadcrumbList\",\"@id\":\"https:\\\/\\\/naturalpoland.com\\\/de\\\/produkte\\\/tierfutterprodukte\\\/getreide\\\/#breadcrumb\",\"itemListElement\":[{\"@type\":\"ListItem\",\"position\":1,\"name\":\"Startseite\",\"item\":\"https:\\\/\\\/naturalpoland.com\\\/de\\\/\"},{\"@type\":\"ListItem\",\"position\":2,\"name\":\"Produkte\",\"item\":\"https:\\\/\\\/naturalpoland.com\\\/de\\\/produkte\\\/\"},{\"@type\":\"ListItem\",\"position\":3,\"name\":\"Futtergetreide f\u00fcr Tiere\"}]},{\"@type\":\"WebSite\",\"@id\":\"https:\\\/\\\/naturalpoland.com\\\/de\\\/#website\",\"url\":\"https:\\\/\\\/naturalpoland.com\\\/de\\\/\",\"name\":\"NATURAL POLAND - IMPORT UND HANDEL VON ROHSTOFFEN\",\"description\":\"Rohstoffe f\u00fcr die Lebensmittelindustrie, Kosmetikindustrie, Pharmaindustrie\",\"publisher\":{\"@id\":\"https:\\\/\\\/naturalpoland.com\\\/de\\\/#organization\"},\"potentialAction\":[{\"@type\":\"SearchAction\",\"target\":{\"@type\":\"EntryPoint\",\"urlTemplate\":\"https:\\\/\\\/naturalpoland.com\\\/de\\\/?s={search_term_string}\"},\"query-input\":{\"@type\":\"PropertyValueSpecification\",\"valueRequired\":true,\"valueName\":\"search_term_string\"}}],\"inLanguage\":\"de\"},{\"@type\":\"Organization\",\"@id\":\"https:\\\/\\\/naturalpoland.com\\\/de\\\/#organization\",\"name\":\"Natural Poland\",\"url\":\"https:\\\/\\\/naturalpoland.com\\\/de\\\/\",\"logo\":{\"@type\":\"ImageObject\",\"inLanguage\":\"de\",\"@id\":\"https:\\\/\\\/naturalpoland.com\\\/de\\\/#\\\/schema\\\/logo\\\/image\\\/\",\"url\":\"https:\\\/\\\/naturalpoland.com\\\/wp-content\\\/uploads\\\/2021\\\/05\\\/natural-poland-icon.png\",\"contentUrl\":\"https:\\\/\\\/naturalpoland.com\\\/wp-content\\\/uploads\\\/2021\\\/05\\\/natural-poland-icon.png\",\"width\":512,\"height\":512,\"caption\":\"Natural Poland\"},\"image\":{\"@id\":\"https:\\\/\\\/naturalpoland.com\\\/de\\\/#\\\/schema\\\/logo\\\/image\\\/\"},\"sameAs\":[\"https:\\\/\\\/www.facebook.com\\\/naturalpoland.b2b\",\"https:\\\/\\\/pl.linkedin.com\\\/company\\\/natural-poland\",\"https:\\\/\\\/www.youtube.com\\\/channel\\\/UCgeGGkvOMahZo-xu_MSEWxg\"]}]}<\/script>\n<!-- \/ Yoast SEO plugin. -->","yoast_head_json":{"title":"Futtergetreide f\u00fcr Tiere - Gro\u00dfhandelsvertrieb","description":"Die reichhaltigen N\u00e4hrstoffe in tierischem Getreide sorgen f\u00fcr Gesundheit und Energie im Alltag. Wir freuen uns auf die Zusammenarbeit mit Ihnen.","robots":{"index":"index","follow":"follow","max-snippet":"max-snippet:-1","max-image-preview":"max-image-preview:large","max-video-preview":"max-video-preview:-1"},"canonical":"https:\/\/naturalpoland.com\/de\/produkte\/tierfutterprodukte\/getreide\/","og_locale":"de_DE","og_type":"article","og_title":"Futtergetreide f\u00fcr Tiere - Gro\u00dfhandelsvertrieb","og_description":"Die reichhaltigen N\u00e4hrstoffe in tierischem Getreide sorgen f\u00fcr Gesundheit und Energie im Alltag. Wir freuen uns auf die Zusammenarbeit mit Ihnen.","og_url":"https:\/\/naturalpoland.com\/de\/produkte\/tierfutterprodukte\/getreide\/","og_site_name":"NATURAL POLAND - IMPORT UND HANDEL VON ROHSTOFFEN","article_publisher":"https:\/\/www.facebook.com\/naturalpoland.b2b","og_image":[{"width":650,"height":650,"url":"https:\/\/naturalpoland.com\/wp-content\/uploads\/zboza-dla-zwierzat.jpg","type":"image\/jpeg"}],"schema":{"@context":"https:\/\/schema.org","@graph":[{"@type":"WebPage","@id":"https:\/\/naturalpoland.com\/de\/produkte\/tierfutterprodukte\/getreide\/","url":"https:\/\/naturalpoland.com\/de\/produkte\/tierfutterprodukte\/getreide\/","name":"Futtergetreide f\u00fcr Tiere - Gro\u00dfhandelsvertrieb","isPartOf":{"@id":"https:\/\/naturalpoland.com\/de\/#website"},"primaryImageOfPage":{"@id":"https:\/\/naturalpoland.com\/de\/produkte\/tierfutterprodukte\/getreide\/#primaryimage"},"image":{"@id":"https:\/\/naturalpoland.com\/de\/produkte\/tierfutterprodukte\/getreide\/#primaryimage"},"thumbnailUrl":"https:\/\/naturalpoland.com\/wp-content\/uploads\/zboza-dla-zwierzat.jpg","datePublished":"2023-10-03T09:12:30+00:00","description":"Die reichhaltigen N\u00e4hrstoffe in tierischem Getreide sorgen f\u00fcr Gesundheit und Energie im Alltag. Wir freuen uns auf die Zusammenarbeit mit Ihnen.","breadcrumb":{"@id":"https:\/\/naturalpoland.com\/de\/produkte\/tierfutterprodukte\/getreide\/#breadcrumb"},"inLanguage":"de","potentialAction":[{"@type":"ReadAction","target":["https:\/\/naturalpoland.com\/de\/produkte\/tierfutterprodukte\/getreide\/"]}]},{"@type":"ImageObject","inLanguage":"de","@id":"https:\/\/naturalpoland.com\/de\/produkte\/tierfutterprodukte\/getreide\/#primaryimage","url":"https:\/\/naturalpoland.com\/wp-content\/uploads\/zboza-dla-zwierzat.jpg","contentUrl":"https:\/\/naturalpoland.com\/wp-content\/uploads\/zboza-dla-zwierzat.jpg","width":650,"height":650,"caption":"Getreide f\u00fcr Tiere"},{"@type":"BreadcrumbList","@id":"https:\/\/naturalpoland.com\/de\/produkte\/tierfutterprodukte\/getreide\/#breadcrumb","itemListElement":[{"@type":"ListItem","position":1,"name":"Startseite","item":"https:\/\/naturalpoland.com\/de\/"},{"@type":"ListItem","position":2,"name":"Produkte","item":"https:\/\/naturalpoland.com\/de\/produkte\/"},{"@type":"ListItem","position":3,"name":"Futtergetreide f\u00fcr Tiere"}]},{"@type":"WebSite","@id":"https:\/\/naturalpoland.com\/de\/#website","url":"https:\/\/naturalpoland.com\/de\/","name":"NATURAL POLAND - IMPORT UND HANDEL VON ROHSTOFFEN","description":"Rohstoffe f\u00fcr die Lebensmittelindustrie, Kosmetikindustrie, Pharmaindustrie","publisher":{"@id":"https:\/\/naturalpoland.com\/de\/#organization"},"potentialAction":[{"@type":"SearchAction","target":{"@type":"EntryPoint","urlTemplate":"https:\/\/naturalpoland.com\/de\/?s={search_term_string}"},"query-input":{"@type":"PropertyValueSpecification","valueRequired":true,"valueName":"search_term_string"}}],"inLanguage":"de"},{"@type":"Organization","@id":"https:\/\/naturalpoland.com\/de\/#organization","name":"Natural Poland","url":"https:\/\/naturalpoland.com\/de\/","logo":{"@type":"ImageObject","inLanguage":"de","@id":"https:\/\/naturalpoland.com\/de\/#\/schema\/logo\/image\/","url":"https:\/\/naturalpoland.com\/wp-content\/uploads\/2021\/05\/natural-poland-icon.png","contentUrl":"https:\/\/naturalpoland.com\/wp-content\/uploads\/2021\/05\/natural-poland-icon.png","width":512,"height":512,"caption":"Natural Poland"},"image":{"@id":"https:\/\/naturalpoland.com\/de\/#\/schema\/logo\/image\/"},"sameAs":["https:\/\/www.facebook.com\/naturalpoland.b2b","https:\/\/pl.linkedin.com\/company\/natural-poland","https:\/\/www.youtube.com\/channel\/UCgeGGkvOMahZo-xu_MSEWxg"]}]}},"_links":{"self":[{"href":"https:\/\/naturalpoland.com\/de\/wp-json\/wp\/v2\/product\/26272","targetHints":{"allow":["GET"]}}],"collection":[{"href":"https:\/\/naturalpoland.com\/de\/wp-json\/wp\/v2\/product"}],"about":[{"href":"https:\/\/naturalpoland.com\/de\/wp-json\/wp\/v2\/types\/product"}],"wp:featuredmedia":[{"embeddable":true,"href":"https:\/\/naturalpoland.com\/de\/wp-json\/wp\/v2\/media\/25381"}],"wp:attachment":[{"href":"https:\/\/naturalpoland.com\/de\/wp-json\/wp\/v2\/media?parent=26272"}],"wp:term":[{"taxonomy":"product_brand","embeddable":true,"href":"https:\/\/naturalpoland.com\/de\/wp-json\/wp\/v2\/product_brand?post=26272"},{"taxonomy":"product_cat","embeddable":true,"href":"https:\/\/naturalpoland.com\/de\/wp-json\/wp\/v2\/product_cat?post=26272"},{"taxonomy":"product_tag","embeddable":true,"href":"https:\/\/naturalpoland.com\/de\/wp-json\/wp\/v2\/product_tag?post=26272"}],"curies":[{"name":"wp","href":"https:\/\/api.w.org\/{rel}","templated":true}]}}