{"id":26529,"date":"2023-10-06T10:52:50","date_gmt":"2023-10-06T08:52:50","guid":{"rendered":"https:\/\/naturalpoland.com\/produkty\/unkategorisiert\/fermentierter-reis-extrakt\/"},"modified":"2023-10-06T11:28:40","modified_gmt":"2023-10-06T09:28:40","slug":"vergorener-reis-extrakt","status":"publish","type":"product","link":"https:\/\/naturalpoland.com\/de\/produkte\/produkte-fur-die-kosmetikindustrie\/fermentierte-extrakte\/vergorener-reis-extrakt\/","title":{"rendered":"Fermentierter Reis-Extrakt"},"content":{"rendered":"<p>Dank seiner Vielzahl an essentiellen N\u00e4hrstoffen wie Peptiden, Aminos\u00e4uren, Vitaminen und Mineralien bietet der Reis-Extrakt eine intensive feuchtigkeitsspendende und n\u00e4hrende Wirkung. H\u00e4lt die Haut weich und geschmeidig, spendet ihr viel Feuchtigkeit und mildert das Erscheinungsbild feiner Linien und F\u00e4ltchen.<\/p>\n<p>Einer der wichtigsten Bestandteile des Extrakts ist die <strong>Ferulas\u00e4ure<\/strong>, die f\u00fcr ihre starke antioxidative Wirkung bekannt ist. Es hilft, sch\u00e4dliche freie Radikale zu neutralisieren und die Haut vor oxidativem Stress und altersbeschleunigenden Umwelteinfl\u00fcssen wie Umweltverschmutzung und UV-Strahlung zu sch\u00fctzen.<\/p>\n<p>Fermentierter Reis-Extrakt ist au\u00dferdem reich an aufhellenden Inhaltsstoffen, die den Hautton ausgleichen und Pigmentflecken und Unebenheiten reduzieren. Seine sanft aufhellenden Eigenschaften machen es ideal f\u00fcr Produkte, die f\u00fcr vaskul\u00e4re Haut, Verf\u00e4rbungen oder ungleichm\u00e4\u00dfige Hautt\u00f6ne entwickelt wurden.<\/p>\n<p>Die einzigartigen beruhigenden Eigenschaften des Extrakts machen ihn zu einem hervorragenden Inhaltsstoff f\u00fcr Produkte, die f\u00fcr empfindliche und gereizte Haut bestimmt sind. Sie beruhigt und mildert R\u00f6tungen und verschafft selbst sehr anspruchsvoller Haut Linderung und Komfort.<\/p>\n<p>Die Verwendung von fermentiertem Reis-Extrakt in Kosmetika ist eine Garantie f\u00fcr eine luxuri\u00f6se Pflege, tiefe Hydratation und Regeneration der Haut. Es ist unverzichtbar in Cremes, Seren, Masken und anderen Hautpflegeprodukten f\u00fcr die t\u00e4gliche Pflege junger und gesunder Haut.<\/p>\n","protected":false},"excerpt":{"rendered":"<p>Fermentierter Reis-Extrakt (INCI: <em>Rice Ferment Extract<\/em>) ist ein luxuri\u00f6ser kosmetischer Inhaltsstoff, der f\u00fcr seine vielf\u00e4ltigen hautpflegenden und regenerierenden Wirkungen gesch\u00e4tzt wird. Dieser exklusive Extrakt, der durch einen genau kontrollierten Fermentationsprozess von Reisk\u00f6rnern gewonnen wird, ist besonders in hochwertigen kosmetischen Formulierungen gefragt.<\/p>\n","protected":false},"featured_media":26445,"template":"","meta":{"_acf_changed":false},"product_brand":[],"product_cat":[2695],"product_tag":[],"class_list":{"0":"post-26529","1":"product","2":"type-product","3":"status-publish","4":"has-post-thumbnail","6":"product_cat-fermentierte-extrakte","8":"first","9":"instock","10":"shipping-taxable","11":"product-type-simple"},"acf":[],"yoast_head":"<!-- This site is optimized with the Yoast SEO plugin v27.4 - https:\/\/yoast.com\/product\/yoast-seo-wordpress\/ -->\n<title>Fermentierter Reis-Extrakt - Gro\u00dfhandelsvertrieb<\/title>\n<meta name=\"description\" content=\"Fermentierter Reis-Extrakt ist ein luxuri\u00f6ser kosmetischer Inhaltsstoff, der f\u00fcr seine vielf\u00e4ltigen hautpflegenden und regenerierenden Wirkungen gesch\u00e4tzt wird.\" \/>\n<meta name=\"robots\" content=\"index, follow, max-snippet:-1, max-image-preview:large, max-video-preview:-1\" \/>\n<link rel=\"canonical\" href=\"https:\/\/naturalpoland.com\/de\/produkte\/produkte-fur-die-kosmetikindustrie\/fermentierte-extrakte\/vergorener-reis-extrakt\/\" \/>\n<meta property=\"og:locale\" content=\"de_DE\" \/>\n<meta property=\"og:type\" content=\"article\" \/>\n<meta property=\"og:title\" content=\"Fermentierter Reis-Extrakt - Gro\u00dfhandelsvertrieb\" \/>\n<meta property=\"og:description\" content=\"Fermentierter Reis-Extrakt ist ein luxuri\u00f6ser kosmetischer Inhaltsstoff, der f\u00fcr seine vielf\u00e4ltigen hautpflegenden und regenerierenden Wirkungen gesch\u00e4tzt wird.\" \/>\n<meta property=\"og:url\" content=\"https:\/\/naturalpoland.com\/de\/produkte\/produkte-fur-die-kosmetikindustrie\/fermentierte-extrakte\/vergorener-reis-extrakt\/\" \/>\n<meta property=\"og:site_name\" content=\"NATURAL POLAND - IMPORT UND HANDEL VON ROHSTOFFEN\" \/>\n<meta property=\"article:publisher\" content=\"https:\/\/www.facebook.com\/naturalpoland.b2b\" \/>\n<meta property=\"article:modified_time\" content=\"2023-10-06T09:28:40+00:00\" \/>\n<meta property=\"og:image\" content=\"https:\/\/naturalpoland.com\/wp-content\/uploads\/fermentowany-ekstrakt-z-ryzu.png\" \/>\n\t<meta property=\"og:image:width\" content=\"590\" \/>\n\t<meta property=\"og:image:height\" content=\"590\" \/>\n\t<meta property=\"og:image:type\" content=\"image\/png\" \/>\n<script type=\"application\/ld+json\" class=\"yoast-schema-graph\">{\"@context\":\"https:\\\/\\\/schema.org\",\"@graph\":[{\"@type\":\"WebPage\",\"@id\":\"https:\\\/\\\/naturalpoland.com\\\/de\\\/produkte\\\/produkte-fur-die-kosmetikindustrie\\\/fermentierte-extrakte\\\/vergorener-reis-extrakt\\\/\",\"url\":\"https:\\\/\\\/naturalpoland.com\\\/de\\\/produkte\\\/produkte-fur-die-kosmetikindustrie\\\/fermentierte-extrakte\\\/vergorener-reis-extrakt\\\/\",\"name\":\"Fermentierter Reis-Extrakt - Gro\u00dfhandelsvertrieb\",\"isPartOf\":{\"@id\":\"https:\\\/\\\/naturalpoland.com\\\/de\\\/#website\"},\"primaryImageOfPage\":{\"@id\":\"https:\\\/\\\/naturalpoland.com\\\/de\\\/produkte\\\/produkte-fur-die-kosmetikindustrie\\\/fermentierte-extrakte\\\/vergorener-reis-extrakt\\\/#primaryimage\"},\"image\":{\"@id\":\"https:\\\/\\\/naturalpoland.com\\\/de\\\/produkte\\\/produkte-fur-die-kosmetikindustrie\\\/fermentierte-extrakte\\\/vergorener-reis-extrakt\\\/#primaryimage\"},\"thumbnailUrl\":\"https:\\\/\\\/naturalpoland.com\\\/wp-content\\\/uploads\\\/fermentowany-ekstrakt-z-ryzu.png\",\"datePublished\":\"2023-10-06T08:52:50+00:00\",\"dateModified\":\"2023-10-06T09:28:40+00:00\",\"description\":\"Fermentierter Reis-Extrakt ist ein luxuri\u00f6ser kosmetischer Inhaltsstoff, der f\u00fcr seine vielf\u00e4ltigen hautpflegenden und regenerierenden Wirkungen gesch\u00e4tzt wird.\",\"breadcrumb\":{\"@id\":\"https:\\\/\\\/naturalpoland.com\\\/de\\\/produkte\\\/produkte-fur-die-kosmetikindustrie\\\/fermentierte-extrakte\\\/vergorener-reis-extrakt\\\/#breadcrumb\"},\"inLanguage\":\"de\",\"potentialAction\":[{\"@type\":\"ReadAction\",\"target\":[\"https:\\\/\\\/naturalpoland.com\\\/de\\\/produkte\\\/produkte-fur-die-kosmetikindustrie\\\/fermentierte-extrakte\\\/vergorener-reis-extrakt\\\/\"]}]},{\"@type\":\"ImageObject\",\"inLanguage\":\"de\",\"@id\":\"https:\\\/\\\/naturalpoland.com\\\/de\\\/produkte\\\/produkte-fur-die-kosmetikindustrie\\\/fermentierte-extrakte\\\/vergorener-reis-extrakt\\\/#primaryimage\",\"url\":\"https:\\\/\\\/naturalpoland.com\\\/wp-content\\\/uploads\\\/fermentowany-ekstrakt-z-ryzu.png\",\"contentUrl\":\"https:\\\/\\\/naturalpoland.com\\\/wp-content\\\/uploads\\\/fermentowany-ekstrakt-z-ryzu.png\",\"width\":590,\"height\":590,\"caption\":\"fermentierter Reis-Extrakt\"},{\"@type\":\"BreadcrumbList\",\"@id\":\"https:\\\/\\\/naturalpoland.com\\\/de\\\/produkte\\\/produkte-fur-die-kosmetikindustrie\\\/fermentierte-extrakte\\\/vergorener-reis-extrakt\\\/#breadcrumb\",\"itemListElement\":[{\"@type\":\"ListItem\",\"position\":1,\"name\":\"Startseite\",\"item\":\"https:\\\/\\\/naturalpoland.com\\\/de\\\/\"},{\"@type\":\"ListItem\",\"position\":2,\"name\":\"Produkte\",\"item\":\"https:\\\/\\\/naturalpoland.com\\\/de\\\/produkte\\\/\"},{\"@type\":\"ListItem\",\"position\":3,\"name\":\"Fermentierter Reis-Extrakt\"}]},{\"@type\":\"WebSite\",\"@id\":\"https:\\\/\\\/naturalpoland.com\\\/de\\\/#website\",\"url\":\"https:\\\/\\\/naturalpoland.com\\\/de\\\/\",\"name\":\"NATURAL POLAND - IMPORT UND HANDEL VON ROHSTOFFEN\",\"description\":\"Rohstoffe f\u00fcr die Lebensmittelindustrie, Kosmetikindustrie, Pharmaindustrie\",\"publisher\":{\"@id\":\"https:\\\/\\\/naturalpoland.com\\\/de\\\/#organization\"},\"potentialAction\":[{\"@type\":\"SearchAction\",\"target\":{\"@type\":\"EntryPoint\",\"urlTemplate\":\"https:\\\/\\\/naturalpoland.com\\\/de\\\/?s={search_term_string}\"},\"query-input\":{\"@type\":\"PropertyValueSpecification\",\"valueRequired\":true,\"valueName\":\"search_term_string\"}}],\"inLanguage\":\"de\"},{\"@type\":\"Organization\",\"@id\":\"https:\\\/\\\/naturalpoland.com\\\/de\\\/#organization\",\"name\":\"Natural Poland\",\"url\":\"https:\\\/\\\/naturalpoland.com\\\/de\\\/\",\"logo\":{\"@type\":\"ImageObject\",\"inLanguage\":\"de\",\"@id\":\"https:\\\/\\\/naturalpoland.com\\\/de\\\/#\\\/schema\\\/logo\\\/image\\\/\",\"url\":\"https:\\\/\\\/naturalpoland.com\\\/wp-content\\\/uploads\\\/2021\\\/05\\\/natural-poland-icon.png\",\"contentUrl\":\"https:\\\/\\\/naturalpoland.com\\\/wp-content\\\/uploads\\\/2021\\\/05\\\/natural-poland-icon.png\",\"width\":512,\"height\":512,\"caption\":\"Natural Poland\"},\"image\":{\"@id\":\"https:\\\/\\\/naturalpoland.com\\\/de\\\/#\\\/schema\\\/logo\\\/image\\\/\"},\"sameAs\":[\"https:\\\/\\\/www.facebook.com\\\/naturalpoland.b2b\",\"https:\\\/\\\/pl.linkedin.com\\\/company\\\/natural-poland\",\"https:\\\/\\\/www.youtube.com\\\/channel\\\/UCgeGGkvOMahZo-xu_MSEWxg\"]}]}<\/script>\n<!-- \/ Yoast SEO plugin. -->","yoast_head_json":{"title":"Fermentierter Reis-Extrakt - Gro\u00dfhandelsvertrieb","description":"Fermentierter Reis-Extrakt ist ein luxuri\u00f6ser kosmetischer Inhaltsstoff, der f\u00fcr seine vielf\u00e4ltigen hautpflegenden und regenerierenden Wirkungen gesch\u00e4tzt wird.","robots":{"index":"index","follow":"follow","max-snippet":"max-snippet:-1","max-image-preview":"max-image-preview:large","max-video-preview":"max-video-preview:-1"},"canonical":"https:\/\/naturalpoland.com\/de\/produkte\/produkte-fur-die-kosmetikindustrie\/fermentierte-extrakte\/vergorener-reis-extrakt\/","og_locale":"de_DE","og_type":"article","og_title":"Fermentierter Reis-Extrakt - Gro\u00dfhandelsvertrieb","og_description":"Fermentierter Reis-Extrakt ist ein luxuri\u00f6ser kosmetischer Inhaltsstoff, der f\u00fcr seine vielf\u00e4ltigen hautpflegenden und regenerierenden Wirkungen gesch\u00e4tzt wird.","og_url":"https:\/\/naturalpoland.com\/de\/produkte\/produkte-fur-die-kosmetikindustrie\/fermentierte-extrakte\/vergorener-reis-extrakt\/","og_site_name":"NATURAL POLAND - IMPORT UND HANDEL VON ROHSTOFFEN","article_publisher":"https:\/\/www.facebook.com\/naturalpoland.b2b","article_modified_time":"2023-10-06T09:28:40+00:00","og_image":[{"width":590,"height":590,"url":"https:\/\/naturalpoland.com\/wp-content\/uploads\/fermentowany-ekstrakt-z-ryzu.png","type":"image\/png"}],"schema":{"@context":"https:\/\/schema.org","@graph":[{"@type":"WebPage","@id":"https:\/\/naturalpoland.com\/de\/produkte\/produkte-fur-die-kosmetikindustrie\/fermentierte-extrakte\/vergorener-reis-extrakt\/","url":"https:\/\/naturalpoland.com\/de\/produkte\/produkte-fur-die-kosmetikindustrie\/fermentierte-extrakte\/vergorener-reis-extrakt\/","name":"Fermentierter Reis-Extrakt - Gro\u00dfhandelsvertrieb","isPartOf":{"@id":"https:\/\/naturalpoland.com\/de\/#website"},"primaryImageOfPage":{"@id":"https:\/\/naturalpoland.com\/de\/produkte\/produkte-fur-die-kosmetikindustrie\/fermentierte-extrakte\/vergorener-reis-extrakt\/#primaryimage"},"image":{"@id":"https:\/\/naturalpoland.com\/de\/produkte\/produkte-fur-die-kosmetikindustrie\/fermentierte-extrakte\/vergorener-reis-extrakt\/#primaryimage"},"thumbnailUrl":"https:\/\/naturalpoland.com\/wp-content\/uploads\/fermentowany-ekstrakt-z-ryzu.png","datePublished":"2023-10-06T08:52:50+00:00","dateModified":"2023-10-06T09:28:40+00:00","description":"Fermentierter Reis-Extrakt ist ein luxuri\u00f6ser kosmetischer Inhaltsstoff, der f\u00fcr seine vielf\u00e4ltigen hautpflegenden und regenerierenden Wirkungen gesch\u00e4tzt wird.","breadcrumb":{"@id":"https:\/\/naturalpoland.com\/de\/produkte\/produkte-fur-die-kosmetikindustrie\/fermentierte-extrakte\/vergorener-reis-extrakt\/#breadcrumb"},"inLanguage":"de","potentialAction":[{"@type":"ReadAction","target":["https:\/\/naturalpoland.com\/de\/produkte\/produkte-fur-die-kosmetikindustrie\/fermentierte-extrakte\/vergorener-reis-extrakt\/"]}]},{"@type":"ImageObject","inLanguage":"de","@id":"https:\/\/naturalpoland.com\/de\/produkte\/produkte-fur-die-kosmetikindustrie\/fermentierte-extrakte\/vergorener-reis-extrakt\/#primaryimage","url":"https:\/\/naturalpoland.com\/wp-content\/uploads\/fermentowany-ekstrakt-z-ryzu.png","contentUrl":"https:\/\/naturalpoland.com\/wp-content\/uploads\/fermentowany-ekstrakt-z-ryzu.png","width":590,"height":590,"caption":"fermentierter Reis-Extrakt"},{"@type":"BreadcrumbList","@id":"https:\/\/naturalpoland.com\/de\/produkte\/produkte-fur-die-kosmetikindustrie\/fermentierte-extrakte\/vergorener-reis-extrakt\/#breadcrumb","itemListElement":[{"@type":"ListItem","position":1,"name":"Startseite","item":"https:\/\/naturalpoland.com\/de\/"},{"@type":"ListItem","position":2,"name":"Produkte","item":"https:\/\/naturalpoland.com\/de\/produkte\/"},{"@type":"ListItem","position":3,"name":"Fermentierter Reis-Extrakt"}]},{"@type":"WebSite","@id":"https:\/\/naturalpoland.com\/de\/#website","url":"https:\/\/naturalpoland.com\/de\/","name":"NATURAL POLAND - IMPORT UND HANDEL VON ROHSTOFFEN","description":"Rohstoffe f\u00fcr die Lebensmittelindustrie, Kosmetikindustrie, Pharmaindustrie","publisher":{"@id":"https:\/\/naturalpoland.com\/de\/#organization"},"potentialAction":[{"@type":"SearchAction","target":{"@type":"EntryPoint","urlTemplate":"https:\/\/naturalpoland.com\/de\/?s={search_term_string}"},"query-input":{"@type":"PropertyValueSpecification","valueRequired":true,"valueName":"search_term_string"}}],"inLanguage":"de"},{"@type":"Organization","@id":"https:\/\/naturalpoland.com\/de\/#organization","name":"Natural Poland","url":"https:\/\/naturalpoland.com\/de\/","logo":{"@type":"ImageObject","inLanguage":"de","@id":"https:\/\/naturalpoland.com\/de\/#\/schema\/logo\/image\/","url":"https:\/\/naturalpoland.com\/wp-content\/uploads\/2021\/05\/natural-poland-icon.png","contentUrl":"https:\/\/naturalpoland.com\/wp-content\/uploads\/2021\/05\/natural-poland-icon.png","width":512,"height":512,"caption":"Natural Poland"},"image":{"@id":"https:\/\/naturalpoland.com\/de\/#\/schema\/logo\/image\/"},"sameAs":["https:\/\/www.facebook.com\/naturalpoland.b2b","https:\/\/pl.linkedin.com\/company\/natural-poland","https:\/\/www.youtube.com\/channel\/UCgeGGkvOMahZo-xu_MSEWxg"]}]}},"_links":{"self":[{"href":"https:\/\/naturalpoland.com\/de\/wp-json\/wp\/v2\/product\/26529","targetHints":{"allow":["GET"]}}],"collection":[{"href":"https:\/\/naturalpoland.com\/de\/wp-json\/wp\/v2\/product"}],"about":[{"href":"https:\/\/naturalpoland.com\/de\/wp-json\/wp\/v2\/types\/product"}],"wp:featuredmedia":[{"embeddable":true,"href":"https:\/\/naturalpoland.com\/de\/wp-json\/wp\/v2\/media\/26445"}],"wp:attachment":[{"href":"https:\/\/naturalpoland.com\/de\/wp-json\/wp\/v2\/media?parent=26529"}],"wp:term":[{"taxonomy":"product_brand","embeddable":true,"href":"https:\/\/naturalpoland.com\/de\/wp-json\/wp\/v2\/product_brand?post=26529"},{"taxonomy":"product_cat","embeddable":true,"href":"https:\/\/naturalpoland.com\/de\/wp-json\/wp\/v2\/product_cat?post=26529"},{"taxonomy":"product_tag","embeddable":true,"href":"https:\/\/naturalpoland.com\/de\/wp-json\/wp\/v2\/product_tag?post=26529"}],"curies":[{"name":"wp","href":"https:\/\/api.w.org\/{rel}","templated":true}]}}