{"id":26609,"date":"2023-10-06T09:52:28","date_gmt":"2023-10-06T09:40:06","guid":{"rendered":"https:\/\/naturalpoland.com\/produkty\/unkategorisiert\/fermentierter-apfelextrakt\/"},"modified":"2023-10-06T11:40:06","modified_gmt":"2023-10-06T09:40:06","slug":"fermentierter-apfel-extrakt","status":"publish","type":"product","link":"https:\/\/naturalpoland.com\/de\/produkte\/produkte-fur-die-kosmetikindustrie\/fermentierte-extrakte\/fermentierter-apfel-extrakt\/","title":{"rendered":"Fermentierter Apfelextrakt"},"content":{"rendered":"<p>\u00c4pfel sind eine reiche Quelle von Vitaminen, darunter Vitamin C, und Antioxidantien, die die Haut vor Sch\u00e4den durch freie Radikale sch\u00fctzen. Dies wirkt der vorzeitigen Hautalterung entgegen und l\u00e4sst die Haut strahlen und voller Energie sein. Der Apfelextrakt ist auch f\u00fcr seine feuchtigkeitsspendenden Eigenschaften bekannt, die dazu beitragen, die Haut geschmeidig und weich zu halten und das Auftreten von feinen Linien und F\u00e4ltchen zu reduzieren.<\/p>\n<p>Das sanfte Peeling beschleunigt die Zellerneuerung der Haut und hilft, Hautunreinheiten zu minimieren und den Hautton zu verbessern. Fermentierter Apfelextrakt f\u00f6rdert durch seine probiotischen Eigenschaften auch das Gleichgewicht der Mikroflora der Haut, schafft ein gesundes Milieu f\u00fcr die Haut und st\u00e4rkt ihre nat\u00fcrlichen Schutzbarrieren.<\/p>\n<p>Dieser multifunktionale Wirkstoff eignet sich hervorragend zur Anreicherung verschiedener kosmetischer Formulierungen wie Cremes, Lotionen, Seren, Masken oder Tonics. Es ist ideal f\u00fcr Produkte, die f\u00fcr reife, trockene, empfindliche oder problematische Haut entwickelt wurden, und bietet eine umfassende Wirkung, um das Aussehen und den Zustand der Haut zu verbessern.<\/p>\n<p>Fermentierter Apfelextrakt ist eine wertvolle Erg\u00e4nzung f\u00fcr Natur- und Biokosmetik, da er nicht nur wirksam, sondern auch sicher f\u00fcr die Haut ist. Es ist vegan und wurde nicht an Tieren getestet, was seinen ethischen und nachhaltigen Charakter unterstreicht.<\/p>\n","protected":false},"excerpt":{"rendered":"<p>Fermentierter Apfel-Extrakt (INCI:<em> Apple Ferment Extract<\/em>) ist ein hochwertiger Wirkstoff f\u00fcr alle Hauttypen. Dieser einzigartige Extrakt profitiert von einem Fermentationsprozess, der die N\u00e4hrstoffe in \u00c4pfeln besser absorbierbar und auf zellul\u00e4rer Ebene aktiv macht.<\/p>\n","protected":false},"featured_media":26354,"template":"","meta":[],"product_brand":[],"product_cat":[2695],"product_tag":[],"class_list":{"0":"post-26609","1":"product","2":"type-product","3":"status-publish","4":"has-post-thumbnail","6":"product_cat-fermentierte-extrakte","8":"first","9":"instock","10":"shipping-taxable","11":"product-type-simple"},"yoast_head":"<!-- This site is optimized with the Yoast SEO plugin v27.3 - https:\/\/yoast.com\/product\/yoast-seo-wordpress\/ -->\n<title>Fermentierter Apfelextrakt - Gro\u00dfhandelsvertrieb<\/title>\n<meta name=\"description\" content=\"Fermentierter Apfel-Extrakt (INCI: Apple Ferment Extract) ist ein hochwertiger Wirkstoff f\u00fcr alle Hauttypen.\" \/>\n<meta name=\"robots\" content=\"index, follow, max-snippet:-1, max-image-preview:large, max-video-preview:-1\" \/>\n<link rel=\"canonical\" href=\"https:\/\/naturalpoland.com\/de\/produkte\/produkte-fur-die-kosmetikindustrie\/fermentierte-extrakte\/fermentierter-apfel-extrakt\/\" \/>\n<meta property=\"og:locale\" content=\"de_DE\" \/>\n<meta property=\"og:type\" content=\"article\" \/>\n<meta property=\"og:title\" content=\"Fermentierter Apfelextrakt - Gro\u00dfhandelsvertrieb\" \/>\n<meta property=\"og:description\" content=\"Fermentierter Apfel-Extrakt (INCI: Apple Ferment Extract) ist ein hochwertiger Wirkstoff f\u00fcr alle Hauttypen.\" \/>\n<meta property=\"og:url\" content=\"https:\/\/naturalpoland.com\/de\/produkte\/produkte-fur-die-kosmetikindustrie\/fermentierte-extrakte\/fermentierter-apfel-extrakt\/\" \/>\n<meta property=\"og:site_name\" content=\"NATURAL POLAND - IMPORT UND HANDEL VON ROHSTOFFEN\" \/>\n<meta property=\"article:publisher\" content=\"https:\/\/www.facebook.com\/naturalpoland.b2b\" \/>\n<meta property=\"og:image\" content=\"https:\/\/naturalpoland.com\/wp-content\/uploads\/fermentowany-ekstrakt-z-jablka.jpg\" \/>\n\t<meta property=\"og:image:width\" content=\"590\" \/>\n\t<meta property=\"og:image:height\" content=\"590\" \/>\n\t<meta property=\"og:image:type\" content=\"image\/jpeg\" \/>\n<script type=\"application\/ld+json\" class=\"yoast-schema-graph\">{\"@context\":\"https:\\\/\\\/schema.org\",\"@graph\":[{\"@type\":\"WebPage\",\"@id\":\"https:\\\/\\\/naturalpoland.com\\\/de\\\/produkte\\\/produkte-fur-die-kosmetikindustrie\\\/fermentierte-extrakte\\\/fermentierter-apfel-extrakt\\\/\",\"url\":\"https:\\\/\\\/naturalpoland.com\\\/de\\\/produkte\\\/produkte-fur-die-kosmetikindustrie\\\/fermentierte-extrakte\\\/fermentierter-apfel-extrakt\\\/\",\"name\":\"Fermentierter Apfelextrakt - Gro\u00dfhandelsvertrieb\",\"isPartOf\":{\"@id\":\"https:\\\/\\\/naturalpoland.com\\\/de\\\/#website\"},\"primaryImageOfPage\":{\"@id\":\"https:\\\/\\\/naturalpoland.com\\\/de\\\/produkte\\\/produkte-fur-die-kosmetikindustrie\\\/fermentierte-extrakte\\\/fermentierter-apfel-extrakt\\\/#primaryimage\"},\"image\":{\"@id\":\"https:\\\/\\\/naturalpoland.com\\\/de\\\/produkte\\\/produkte-fur-die-kosmetikindustrie\\\/fermentierte-extrakte\\\/fermentierter-apfel-extrakt\\\/#primaryimage\"},\"thumbnailUrl\":\"https:\\\/\\\/naturalpoland.com\\\/wp-content\\\/uploads\\\/fermentowany-ekstrakt-z-jablka.jpg\",\"datePublished\":\"2023-10-06T09:40:06+00:00\",\"description\":\"Fermentierter Apfel-Extrakt (INCI: Apple Ferment Extract) ist ein hochwertiger Wirkstoff f\u00fcr alle Hauttypen.\",\"breadcrumb\":{\"@id\":\"https:\\\/\\\/naturalpoland.com\\\/de\\\/produkte\\\/produkte-fur-die-kosmetikindustrie\\\/fermentierte-extrakte\\\/fermentierter-apfel-extrakt\\\/#breadcrumb\"},\"inLanguage\":\"de\",\"potentialAction\":[{\"@type\":\"ReadAction\",\"target\":[\"https:\\\/\\\/naturalpoland.com\\\/de\\\/produkte\\\/produkte-fur-die-kosmetikindustrie\\\/fermentierte-extrakte\\\/fermentierter-apfel-extrakt\\\/\"]}]},{\"@type\":\"ImageObject\",\"inLanguage\":\"de\",\"@id\":\"https:\\\/\\\/naturalpoland.com\\\/de\\\/produkte\\\/produkte-fur-die-kosmetikindustrie\\\/fermentierte-extrakte\\\/fermentierter-apfel-extrakt\\\/#primaryimage\",\"url\":\"https:\\\/\\\/naturalpoland.com\\\/wp-content\\\/uploads\\\/fermentowany-ekstrakt-z-jablka.jpg\",\"contentUrl\":\"https:\\\/\\\/naturalpoland.com\\\/wp-content\\\/uploads\\\/fermentowany-ekstrakt-z-jablka.jpg\",\"width\":590,\"height\":590,\"caption\":\"fermentierter Apfelextrakt\"},{\"@type\":\"BreadcrumbList\",\"@id\":\"https:\\\/\\\/naturalpoland.com\\\/de\\\/produkte\\\/produkte-fur-die-kosmetikindustrie\\\/fermentierte-extrakte\\\/fermentierter-apfel-extrakt\\\/#breadcrumb\",\"itemListElement\":[{\"@type\":\"ListItem\",\"position\":1,\"name\":\"Startseite\",\"item\":\"https:\\\/\\\/naturalpoland.com\\\/de\\\/\"},{\"@type\":\"ListItem\",\"position\":2,\"name\":\"Produkte\",\"item\":\"https:\\\/\\\/naturalpoland.com\\\/de\\\/produkte\\\/\"},{\"@type\":\"ListItem\",\"position\":3,\"name\":\"Fermentierter Apfelextrakt\"}]},{\"@type\":\"WebSite\",\"@id\":\"https:\\\/\\\/naturalpoland.com\\\/de\\\/#website\",\"url\":\"https:\\\/\\\/naturalpoland.com\\\/de\\\/\",\"name\":\"NATURAL POLAND - IMPORT UND HANDEL VON ROHSTOFFEN\",\"description\":\"Rohstoffe f\u00fcr die Lebensmittelindustrie, Kosmetikindustrie, Pharmaindustrie\",\"publisher\":{\"@id\":\"https:\\\/\\\/naturalpoland.com\\\/de\\\/#organization\"},\"potentialAction\":[{\"@type\":\"SearchAction\",\"target\":{\"@type\":\"EntryPoint\",\"urlTemplate\":\"https:\\\/\\\/naturalpoland.com\\\/de\\\/?s={search_term_string}\"},\"query-input\":{\"@type\":\"PropertyValueSpecification\",\"valueRequired\":true,\"valueName\":\"search_term_string\"}}],\"inLanguage\":\"de\"},{\"@type\":\"Organization\",\"@id\":\"https:\\\/\\\/naturalpoland.com\\\/de\\\/#organization\",\"name\":\"Natural Poland\",\"url\":\"https:\\\/\\\/naturalpoland.com\\\/de\\\/\",\"logo\":{\"@type\":\"ImageObject\",\"inLanguage\":\"de\",\"@id\":\"https:\\\/\\\/naturalpoland.com\\\/de\\\/#\\\/schema\\\/logo\\\/image\\\/\",\"url\":\"https:\\\/\\\/naturalpoland.com\\\/wp-content\\\/uploads\\\/2021\\\/05\\\/natural-poland-icon.png\",\"contentUrl\":\"https:\\\/\\\/naturalpoland.com\\\/wp-content\\\/uploads\\\/2021\\\/05\\\/natural-poland-icon.png\",\"width\":512,\"height\":512,\"caption\":\"Natural Poland\"},\"image\":{\"@id\":\"https:\\\/\\\/naturalpoland.com\\\/de\\\/#\\\/schema\\\/logo\\\/image\\\/\"},\"sameAs\":[\"https:\\\/\\\/www.facebook.com\\\/naturalpoland.b2b\",\"https:\\\/\\\/pl.linkedin.com\\\/company\\\/natural-poland\",\"https:\\\/\\\/www.youtube.com\\\/channel\\\/UCgeGGkvOMahZo-xu_MSEWxg\"]}]}<\/script>\n<!-- \/ Yoast SEO plugin. -->","yoast_head_json":{"title":"Fermentierter Apfelextrakt - Gro\u00dfhandelsvertrieb","description":"Fermentierter Apfel-Extrakt (INCI: Apple Ferment Extract) ist ein hochwertiger Wirkstoff f\u00fcr alle Hauttypen.","robots":{"index":"index","follow":"follow","max-snippet":"max-snippet:-1","max-image-preview":"max-image-preview:large","max-video-preview":"max-video-preview:-1"},"canonical":"https:\/\/naturalpoland.com\/de\/produkte\/produkte-fur-die-kosmetikindustrie\/fermentierte-extrakte\/fermentierter-apfel-extrakt\/","og_locale":"de_DE","og_type":"article","og_title":"Fermentierter Apfelextrakt - Gro\u00dfhandelsvertrieb","og_description":"Fermentierter Apfel-Extrakt (INCI: Apple Ferment Extract) ist ein hochwertiger Wirkstoff f\u00fcr alle Hauttypen.","og_url":"https:\/\/naturalpoland.com\/de\/produkte\/produkte-fur-die-kosmetikindustrie\/fermentierte-extrakte\/fermentierter-apfel-extrakt\/","og_site_name":"NATURAL POLAND - IMPORT UND HANDEL VON ROHSTOFFEN","article_publisher":"https:\/\/www.facebook.com\/naturalpoland.b2b","og_image":[{"width":590,"height":590,"url":"https:\/\/naturalpoland.com\/wp-content\/uploads\/fermentowany-ekstrakt-z-jablka.jpg","type":"image\/jpeg"}],"schema":{"@context":"https:\/\/schema.org","@graph":[{"@type":"WebPage","@id":"https:\/\/naturalpoland.com\/de\/produkte\/produkte-fur-die-kosmetikindustrie\/fermentierte-extrakte\/fermentierter-apfel-extrakt\/","url":"https:\/\/naturalpoland.com\/de\/produkte\/produkte-fur-die-kosmetikindustrie\/fermentierte-extrakte\/fermentierter-apfel-extrakt\/","name":"Fermentierter Apfelextrakt - Gro\u00dfhandelsvertrieb","isPartOf":{"@id":"https:\/\/naturalpoland.com\/de\/#website"},"primaryImageOfPage":{"@id":"https:\/\/naturalpoland.com\/de\/produkte\/produkte-fur-die-kosmetikindustrie\/fermentierte-extrakte\/fermentierter-apfel-extrakt\/#primaryimage"},"image":{"@id":"https:\/\/naturalpoland.com\/de\/produkte\/produkte-fur-die-kosmetikindustrie\/fermentierte-extrakte\/fermentierter-apfel-extrakt\/#primaryimage"},"thumbnailUrl":"https:\/\/naturalpoland.com\/wp-content\/uploads\/fermentowany-ekstrakt-z-jablka.jpg","datePublished":"2023-10-06T09:40:06+00:00","description":"Fermentierter Apfel-Extrakt (INCI: Apple Ferment Extract) ist ein hochwertiger Wirkstoff f\u00fcr alle Hauttypen.","breadcrumb":{"@id":"https:\/\/naturalpoland.com\/de\/produkte\/produkte-fur-die-kosmetikindustrie\/fermentierte-extrakte\/fermentierter-apfel-extrakt\/#breadcrumb"},"inLanguage":"de","potentialAction":[{"@type":"ReadAction","target":["https:\/\/naturalpoland.com\/de\/produkte\/produkte-fur-die-kosmetikindustrie\/fermentierte-extrakte\/fermentierter-apfel-extrakt\/"]}]},{"@type":"ImageObject","inLanguage":"de","@id":"https:\/\/naturalpoland.com\/de\/produkte\/produkte-fur-die-kosmetikindustrie\/fermentierte-extrakte\/fermentierter-apfel-extrakt\/#primaryimage","url":"https:\/\/naturalpoland.com\/wp-content\/uploads\/fermentowany-ekstrakt-z-jablka.jpg","contentUrl":"https:\/\/naturalpoland.com\/wp-content\/uploads\/fermentowany-ekstrakt-z-jablka.jpg","width":590,"height":590,"caption":"fermentierter Apfelextrakt"},{"@type":"BreadcrumbList","@id":"https:\/\/naturalpoland.com\/de\/produkte\/produkte-fur-die-kosmetikindustrie\/fermentierte-extrakte\/fermentierter-apfel-extrakt\/#breadcrumb","itemListElement":[{"@type":"ListItem","position":1,"name":"Startseite","item":"https:\/\/naturalpoland.com\/de\/"},{"@type":"ListItem","position":2,"name":"Produkte","item":"https:\/\/naturalpoland.com\/de\/produkte\/"},{"@type":"ListItem","position":3,"name":"Fermentierter Apfelextrakt"}]},{"@type":"WebSite","@id":"https:\/\/naturalpoland.com\/de\/#website","url":"https:\/\/naturalpoland.com\/de\/","name":"NATURAL POLAND - IMPORT UND HANDEL VON ROHSTOFFEN","description":"Rohstoffe f\u00fcr die Lebensmittelindustrie, Kosmetikindustrie, Pharmaindustrie","publisher":{"@id":"https:\/\/naturalpoland.com\/de\/#organization"},"potentialAction":[{"@type":"SearchAction","target":{"@type":"EntryPoint","urlTemplate":"https:\/\/naturalpoland.com\/de\/?s={search_term_string}"},"query-input":{"@type":"PropertyValueSpecification","valueRequired":true,"valueName":"search_term_string"}}],"inLanguage":"de"},{"@type":"Organization","@id":"https:\/\/naturalpoland.com\/de\/#organization","name":"Natural Poland","url":"https:\/\/naturalpoland.com\/de\/","logo":{"@type":"ImageObject","inLanguage":"de","@id":"https:\/\/naturalpoland.com\/de\/#\/schema\/logo\/image\/","url":"https:\/\/naturalpoland.com\/wp-content\/uploads\/2021\/05\/natural-poland-icon.png","contentUrl":"https:\/\/naturalpoland.com\/wp-content\/uploads\/2021\/05\/natural-poland-icon.png","width":512,"height":512,"caption":"Natural Poland"},"image":{"@id":"https:\/\/naturalpoland.com\/de\/#\/schema\/logo\/image\/"},"sameAs":["https:\/\/www.facebook.com\/naturalpoland.b2b","https:\/\/pl.linkedin.com\/company\/natural-poland","https:\/\/www.youtube.com\/channel\/UCgeGGkvOMahZo-xu_MSEWxg"]}]}},"_links":{"self":[{"href":"https:\/\/naturalpoland.com\/de\/wp-json\/wp\/v2\/product\/26609","targetHints":{"allow":["GET"]}}],"collection":[{"href":"https:\/\/naturalpoland.com\/de\/wp-json\/wp\/v2\/product"}],"about":[{"href":"https:\/\/naturalpoland.com\/de\/wp-json\/wp\/v2\/types\/product"}],"wp:featuredmedia":[{"embeddable":true,"href":"https:\/\/naturalpoland.com\/de\/wp-json\/wp\/v2\/media\/26354"}],"wp:attachment":[{"href":"https:\/\/naturalpoland.com\/de\/wp-json\/wp\/v2\/media?parent=26609"}],"wp:term":[{"taxonomy":"product_brand","embeddable":true,"href":"https:\/\/naturalpoland.com\/de\/wp-json\/wp\/v2\/product_brand?post=26609"},{"taxonomy":"product_cat","embeddable":true,"href":"https:\/\/naturalpoland.com\/de\/wp-json\/wp\/v2\/product_cat?post=26609"},{"taxonomy":"product_tag","embeddable":true,"href":"https:\/\/naturalpoland.com\/de\/wp-json\/wp\/v2\/product_tag?post=26609"}],"curies":[{"name":"wp","href":"https:\/\/api.w.org\/{rel}","templated":true}]}}