{"id":26880,"date":"2023-10-17T13:28:14","date_gmt":"2023-10-17T11:28:14","guid":{"rendered":"https:\/\/naturalpoland.com\/produkty\/unkategorisiert\/nmn-nicotinamid-mononukleotid\/"},"modified":"2025-07-31T11:59:15","modified_gmt":"2025-07-31T09:59:15","slug":"nmn-nikotinamid-mononukleotid","status":"publish","type":"product","link":"https:\/\/naturalpoland.com\/de\/produkte\/produkte-fur-die-pharmaindustrie\/nahrungserganzungmittel\/nmn-nikotinamid-mononukleotid\/","title":{"rendered":"NMN (Nicotinamid-Mononukleotid)"},"content":{"rendered":"<h2>Anwendung:<\/h2>\n<p>Das Produkt findet Anwendung in modernen Nahrungserg\u00e4nzungsmitteln, die auf folgende Bereiche ausgerichtet sind: Verbesserung des Stoffwechsels, Steigerung des Energielevels, Unterst\u00fctzung des Immunsystems, Anti-Aging-Pr\u00e4vention, Neuroprotektion sowie Zellschutz vor oxidativem Stress. Es kann auch in Pr\u00e4paraten eingesetzt werden, die der Regeneration nach k\u00f6rperlicher Anstrengung, \u00e4sthetischen Behandlungen oder w\u00e4hrend der Rekonvaleszenz dienen. <\/p>\n<h2>Wichtige Vorteile der NMN-Supplementierung:<\/h2>\n<ol>\n<li><strong>Unterst\u00fctzung des Stoffwechsels:<\/strong> NAD\u207a ist f\u00fcr viele Stoffwechselprozesse unerl\u00e4sslich, einschlie\u00dflich der Energieumwandlung in den Mitochondrien.<\/li>\n<li><strong>Langlebigkeit<\/strong>: Studien an Tieren deuten darauf hin, dass NMN die Lebensdauer durch die Aktivierung bestimmter Stoffwechselwege unterst\u00fctzen kann.<\/li>\n<li><strong>DNA-Schutz<\/strong>: NAD\u207a ist wichtig f\u00fcr den DNA-Reparaturprozess, und eine Supplementierung mit NMN kann die F\u00e4higkeit der Zellen zur Reparatur besch\u00e4digter DNA unterst\u00fctzen.<\/li>\n<li><strong>Unterst\u00fctzung des Nervensystems<\/strong>: Erste Studien legen nahe, dass NMN neurologische Funktionen unterst\u00fctzen und vor der Degeneration von Nervenzellen sch\u00fctzen kann.<\/li>\n<li><strong>Steigerung der Energie<\/strong>: Durch die Unterst\u00fctzung der mitochondrialen Funktion kann NMN zur Erh\u00f6hung der Gesamtenergie im K\u00f6rper beitragen.<\/li>\n<\/ol>\n<p>&nbsp;<\/p>\n<p>NMN ist ein innovatives Nahrungserg\u00e4nzungsmittel, das sich auf die Unterst\u00fctzung eines gesunden Alterns und der zellul\u00e4ren Energie konzentriert, indem es den NAD\u207a-Spiegel im K\u00f6rper erh\u00f6ht. Ideal f\u00fcr Menschen, die ihre allgemeine Vitalit\u00e4t verbessern m\u00f6chten und f\u00fcr diejenigen, die die neuesten Erkenntnisse der Altersforschung verstehen wollen. <\/p>\n","protected":false},"excerpt":{"rendered":"<p><strong>NMN<\/strong> ist die Abk\u00fcrzung f\u00fcr <strong>Nicotinamid-Mononukleotid<\/strong>, ein Schl\u00fcsselmolek\u00fcl, das nat\u00fcrlicherweise in unserem K\u00f6rper vorkommt und eine wichtige Rolle bei der Produktion von NAD\u207a spielt \u2013 einem essenziellen Coenzym in jeder menschlichen Zelle. Der NAD\u207a-Spiegel nimmt mit zunehmendem Alter nat\u00fcrlicherweise ab, was verschiedene biochemische Prozesse im K\u00f6rper beeinflusst. <\/p>\n","protected":false},"featured_media":41397,"template":"","meta":{"_acf_changed":false},"product_brand":[],"product_cat":[373],"product_tag":[],"class_list":{"0":"post-26880","1":"product","2":"type-product","3":"status-publish","4":"has-post-thumbnail","6":"product_cat-nahrungserganzungmittel","8":"first","9":"instock","10":"shipping-taxable","11":"product-type-simple"},"acf":[],"yoast_head":"<!-- This site is optimized with the Yoast SEO plugin v27.4 - https:\/\/yoast.com\/product\/yoast-seo-wordpress\/ -->\n<title>NMN (Nicotinamid-Mononukleotid) - Gro\u00dfhandelsvertrieb<\/title>\n<meta name=\"description\" content=\"NMN konzentriert sich auf die Unterst\u00fctzung des gesunden Alterns und der zellul\u00e4ren Energetik durch die Unterst\u00fctzung des NAD+-Spiegels im K\u00f6rper.\" \/>\n<meta name=\"robots\" content=\"index, follow, max-snippet:-1, max-image-preview:large, max-video-preview:-1\" \/>\n<link rel=\"canonical\" href=\"https:\/\/naturalpoland.com\/de\/produkte\/produkte-fur-die-pharmaindustrie\/nahrungserganzungmittel\/nmn-nikotinamid-mononukleotid\/\" \/>\n<meta property=\"og:locale\" content=\"de_DE\" \/>\n<meta property=\"og:type\" content=\"article\" \/>\n<meta property=\"og:title\" content=\"NMN (Nicotinamid-Mononukleotid) - Gro\u00dfhandelsvertrieb\" \/>\n<meta property=\"og:description\" content=\"NMN konzentriert sich auf die Unterst\u00fctzung des gesunden Alterns und der zellul\u00e4ren Energetik durch die Unterst\u00fctzung des NAD+-Spiegels im K\u00f6rper.\" \/>\n<meta property=\"og:url\" content=\"https:\/\/naturalpoland.com\/de\/produkte\/produkte-fur-die-pharmaindustrie\/nahrungserganzungmittel\/nmn-nikotinamid-mononukleotid\/\" \/>\n<meta property=\"og:site_name\" content=\"NATURAL POLAND - IMPORT UND HANDEL VON ROHSTOFFEN\" \/>\n<meta property=\"article:publisher\" content=\"https:\/\/www.facebook.com\/naturalpoland.b2b\" \/>\n<meta property=\"article:modified_time\" content=\"2025-07-31T09:59:15+00:00\" \/>\n<meta property=\"og:image\" content=\"https:\/\/naturalpoland.com\/wp-content\/uploads\/nmn.webp\" \/>\n\t<meta property=\"og:image:width\" content=\"1024\" \/>\n\t<meta property=\"og:image:height\" content=\"1024\" \/>\n\t<meta property=\"og:image:type\" content=\"image\/webp\" \/>\n<script type=\"application\/ld+json\" class=\"yoast-schema-graph\">{\"@context\":\"https:\\\/\\\/schema.org\",\"@graph\":[{\"@type\":\"WebPage\",\"@id\":\"https:\\\/\\\/naturalpoland.com\\\/de\\\/produkte\\\/produkte-fur-die-pharmaindustrie\\\/nahrungserganzungmittel\\\/nmn-nikotinamid-mononukleotid\\\/\",\"url\":\"https:\\\/\\\/naturalpoland.com\\\/de\\\/produkte\\\/produkte-fur-die-pharmaindustrie\\\/nahrungserganzungmittel\\\/nmn-nikotinamid-mononukleotid\\\/\",\"name\":\"NMN (Nicotinamid-Mononukleotid) - Gro\u00dfhandelsvertrieb\",\"isPartOf\":{\"@id\":\"https:\\\/\\\/naturalpoland.com\\\/de\\\/#website\"},\"primaryImageOfPage\":{\"@id\":\"https:\\\/\\\/naturalpoland.com\\\/de\\\/produkte\\\/produkte-fur-die-pharmaindustrie\\\/nahrungserganzungmittel\\\/nmn-nikotinamid-mononukleotid\\\/#primaryimage\"},\"image\":{\"@id\":\"https:\\\/\\\/naturalpoland.com\\\/de\\\/produkte\\\/produkte-fur-die-pharmaindustrie\\\/nahrungserganzungmittel\\\/nmn-nikotinamid-mononukleotid\\\/#primaryimage\"},\"thumbnailUrl\":\"https:\\\/\\\/naturalpoland.com\\\/wp-content\\\/uploads\\\/nmn.webp\",\"datePublished\":\"2023-10-17T11:28:14+00:00\",\"dateModified\":\"2025-07-31T09:59:15+00:00\",\"description\":\"NMN konzentriert sich auf die Unterst\u00fctzung des gesunden Alterns und der zellul\u00e4ren Energetik durch die Unterst\u00fctzung des NAD+-Spiegels im K\u00f6rper.\",\"breadcrumb\":{\"@id\":\"https:\\\/\\\/naturalpoland.com\\\/de\\\/produkte\\\/produkte-fur-die-pharmaindustrie\\\/nahrungserganzungmittel\\\/nmn-nikotinamid-mononukleotid\\\/#breadcrumb\"},\"inLanguage\":\"de\",\"potentialAction\":[{\"@type\":\"ReadAction\",\"target\":[\"https:\\\/\\\/naturalpoland.com\\\/de\\\/produkte\\\/produkte-fur-die-pharmaindustrie\\\/nahrungserganzungmittel\\\/nmn-nikotinamid-mononukleotid\\\/\"]}]},{\"@type\":\"ImageObject\",\"inLanguage\":\"de\",\"@id\":\"https:\\\/\\\/naturalpoland.com\\\/de\\\/produkte\\\/produkte-fur-die-pharmaindustrie\\\/nahrungserganzungmittel\\\/nmn-nikotinamid-mononukleotid\\\/#primaryimage\",\"url\":\"https:\\\/\\\/naturalpoland.com\\\/wp-content\\\/uploads\\\/nmn.webp\",\"contentUrl\":\"https:\\\/\\\/naturalpoland.com\\\/wp-content\\\/uploads\\\/nmn.webp\",\"width\":1024,\"height\":1024,\"caption\":\"Nikotynamid Mononukleotyd\"},{\"@type\":\"BreadcrumbList\",\"@id\":\"https:\\\/\\\/naturalpoland.com\\\/de\\\/produkte\\\/produkte-fur-die-pharmaindustrie\\\/nahrungserganzungmittel\\\/nmn-nikotinamid-mononukleotid\\\/#breadcrumb\",\"itemListElement\":[{\"@type\":\"ListItem\",\"position\":1,\"name\":\"Startseite\",\"item\":\"https:\\\/\\\/naturalpoland.com\\\/de\\\/\"},{\"@type\":\"ListItem\",\"position\":2,\"name\":\"Produkte\",\"item\":\"https:\\\/\\\/naturalpoland.com\\\/de\\\/produkte\\\/\"},{\"@type\":\"ListItem\",\"position\":3,\"name\":\"NMN (Nicotinamid-Mononukleotid)\"}]},{\"@type\":\"WebSite\",\"@id\":\"https:\\\/\\\/naturalpoland.com\\\/de\\\/#website\",\"url\":\"https:\\\/\\\/naturalpoland.com\\\/de\\\/\",\"name\":\"NATURAL POLAND - IMPORT UND HANDEL VON ROHSTOFFEN\",\"description\":\"Rohstoffe f\u00fcr die Lebensmittelindustrie, Kosmetikindustrie, Pharmaindustrie\",\"publisher\":{\"@id\":\"https:\\\/\\\/naturalpoland.com\\\/de\\\/#organization\"},\"potentialAction\":[{\"@type\":\"SearchAction\",\"target\":{\"@type\":\"EntryPoint\",\"urlTemplate\":\"https:\\\/\\\/naturalpoland.com\\\/de\\\/?s={search_term_string}\"},\"query-input\":{\"@type\":\"PropertyValueSpecification\",\"valueRequired\":true,\"valueName\":\"search_term_string\"}}],\"inLanguage\":\"de\"},{\"@type\":\"Organization\",\"@id\":\"https:\\\/\\\/naturalpoland.com\\\/de\\\/#organization\",\"name\":\"Natural Poland\",\"url\":\"https:\\\/\\\/naturalpoland.com\\\/de\\\/\",\"logo\":{\"@type\":\"ImageObject\",\"inLanguage\":\"de\",\"@id\":\"https:\\\/\\\/naturalpoland.com\\\/de\\\/#\\\/schema\\\/logo\\\/image\\\/\",\"url\":\"https:\\\/\\\/naturalpoland.com\\\/wp-content\\\/uploads\\\/2021\\\/05\\\/natural-poland-icon.png\",\"contentUrl\":\"https:\\\/\\\/naturalpoland.com\\\/wp-content\\\/uploads\\\/2021\\\/05\\\/natural-poland-icon.png\",\"width\":512,\"height\":512,\"caption\":\"Natural Poland\"},\"image\":{\"@id\":\"https:\\\/\\\/naturalpoland.com\\\/de\\\/#\\\/schema\\\/logo\\\/image\\\/\"},\"sameAs\":[\"https:\\\/\\\/www.facebook.com\\\/naturalpoland.b2b\",\"https:\\\/\\\/pl.linkedin.com\\\/company\\\/natural-poland\",\"https:\\\/\\\/www.youtube.com\\\/channel\\\/UCgeGGkvOMahZo-xu_MSEWxg\"]}]}<\/script>\n<!-- \/ Yoast SEO plugin. -->","yoast_head_json":{"title":"NMN (Nicotinamid-Mononukleotid) - Gro\u00dfhandelsvertrieb","description":"NMN konzentriert sich auf die Unterst\u00fctzung des gesunden Alterns und der zellul\u00e4ren Energetik durch die Unterst\u00fctzung des NAD+-Spiegels im K\u00f6rper.","robots":{"index":"index","follow":"follow","max-snippet":"max-snippet:-1","max-image-preview":"max-image-preview:large","max-video-preview":"max-video-preview:-1"},"canonical":"https:\/\/naturalpoland.com\/de\/produkte\/produkte-fur-die-pharmaindustrie\/nahrungserganzungmittel\/nmn-nikotinamid-mononukleotid\/","og_locale":"de_DE","og_type":"article","og_title":"NMN (Nicotinamid-Mononukleotid) - Gro\u00dfhandelsvertrieb","og_description":"NMN konzentriert sich auf die Unterst\u00fctzung des gesunden Alterns und der zellul\u00e4ren Energetik durch die Unterst\u00fctzung des NAD+-Spiegels im K\u00f6rper.","og_url":"https:\/\/naturalpoland.com\/de\/produkte\/produkte-fur-die-pharmaindustrie\/nahrungserganzungmittel\/nmn-nikotinamid-mononukleotid\/","og_site_name":"NATURAL POLAND - IMPORT UND HANDEL VON ROHSTOFFEN","article_publisher":"https:\/\/www.facebook.com\/naturalpoland.b2b","article_modified_time":"2025-07-31T09:59:15+00:00","og_image":[{"width":1024,"height":1024,"url":"https:\/\/naturalpoland.com\/wp-content\/uploads\/nmn.webp","type":"image\/webp"}],"schema":{"@context":"https:\/\/schema.org","@graph":[{"@type":"WebPage","@id":"https:\/\/naturalpoland.com\/de\/produkte\/produkte-fur-die-pharmaindustrie\/nahrungserganzungmittel\/nmn-nikotinamid-mononukleotid\/","url":"https:\/\/naturalpoland.com\/de\/produkte\/produkte-fur-die-pharmaindustrie\/nahrungserganzungmittel\/nmn-nikotinamid-mononukleotid\/","name":"NMN (Nicotinamid-Mononukleotid) - Gro\u00dfhandelsvertrieb","isPartOf":{"@id":"https:\/\/naturalpoland.com\/de\/#website"},"primaryImageOfPage":{"@id":"https:\/\/naturalpoland.com\/de\/produkte\/produkte-fur-die-pharmaindustrie\/nahrungserganzungmittel\/nmn-nikotinamid-mononukleotid\/#primaryimage"},"image":{"@id":"https:\/\/naturalpoland.com\/de\/produkte\/produkte-fur-die-pharmaindustrie\/nahrungserganzungmittel\/nmn-nikotinamid-mononukleotid\/#primaryimage"},"thumbnailUrl":"https:\/\/naturalpoland.com\/wp-content\/uploads\/nmn.webp","datePublished":"2023-10-17T11:28:14+00:00","dateModified":"2025-07-31T09:59:15+00:00","description":"NMN konzentriert sich auf die Unterst\u00fctzung des gesunden Alterns und der zellul\u00e4ren Energetik durch die Unterst\u00fctzung des NAD+-Spiegels im K\u00f6rper.","breadcrumb":{"@id":"https:\/\/naturalpoland.com\/de\/produkte\/produkte-fur-die-pharmaindustrie\/nahrungserganzungmittel\/nmn-nikotinamid-mononukleotid\/#breadcrumb"},"inLanguage":"de","potentialAction":[{"@type":"ReadAction","target":["https:\/\/naturalpoland.com\/de\/produkte\/produkte-fur-die-pharmaindustrie\/nahrungserganzungmittel\/nmn-nikotinamid-mononukleotid\/"]}]},{"@type":"ImageObject","inLanguage":"de","@id":"https:\/\/naturalpoland.com\/de\/produkte\/produkte-fur-die-pharmaindustrie\/nahrungserganzungmittel\/nmn-nikotinamid-mononukleotid\/#primaryimage","url":"https:\/\/naturalpoland.com\/wp-content\/uploads\/nmn.webp","contentUrl":"https:\/\/naturalpoland.com\/wp-content\/uploads\/nmn.webp","width":1024,"height":1024,"caption":"Nikotynamid Mononukleotyd"},{"@type":"BreadcrumbList","@id":"https:\/\/naturalpoland.com\/de\/produkte\/produkte-fur-die-pharmaindustrie\/nahrungserganzungmittel\/nmn-nikotinamid-mononukleotid\/#breadcrumb","itemListElement":[{"@type":"ListItem","position":1,"name":"Startseite","item":"https:\/\/naturalpoland.com\/de\/"},{"@type":"ListItem","position":2,"name":"Produkte","item":"https:\/\/naturalpoland.com\/de\/produkte\/"},{"@type":"ListItem","position":3,"name":"NMN (Nicotinamid-Mononukleotid)"}]},{"@type":"WebSite","@id":"https:\/\/naturalpoland.com\/de\/#website","url":"https:\/\/naturalpoland.com\/de\/","name":"NATURAL POLAND - IMPORT UND HANDEL VON ROHSTOFFEN","description":"Rohstoffe f\u00fcr die Lebensmittelindustrie, Kosmetikindustrie, Pharmaindustrie","publisher":{"@id":"https:\/\/naturalpoland.com\/de\/#organization"},"potentialAction":[{"@type":"SearchAction","target":{"@type":"EntryPoint","urlTemplate":"https:\/\/naturalpoland.com\/de\/?s={search_term_string}"},"query-input":{"@type":"PropertyValueSpecification","valueRequired":true,"valueName":"search_term_string"}}],"inLanguage":"de"},{"@type":"Organization","@id":"https:\/\/naturalpoland.com\/de\/#organization","name":"Natural Poland","url":"https:\/\/naturalpoland.com\/de\/","logo":{"@type":"ImageObject","inLanguage":"de","@id":"https:\/\/naturalpoland.com\/de\/#\/schema\/logo\/image\/","url":"https:\/\/naturalpoland.com\/wp-content\/uploads\/2021\/05\/natural-poland-icon.png","contentUrl":"https:\/\/naturalpoland.com\/wp-content\/uploads\/2021\/05\/natural-poland-icon.png","width":512,"height":512,"caption":"Natural Poland"},"image":{"@id":"https:\/\/naturalpoland.com\/de\/#\/schema\/logo\/image\/"},"sameAs":["https:\/\/www.facebook.com\/naturalpoland.b2b","https:\/\/pl.linkedin.com\/company\/natural-poland","https:\/\/www.youtube.com\/channel\/UCgeGGkvOMahZo-xu_MSEWxg"]}]}},"_links":{"self":[{"href":"https:\/\/naturalpoland.com\/de\/wp-json\/wp\/v2\/product\/26880","targetHints":{"allow":["GET"]}}],"collection":[{"href":"https:\/\/naturalpoland.com\/de\/wp-json\/wp\/v2\/product"}],"about":[{"href":"https:\/\/naturalpoland.com\/de\/wp-json\/wp\/v2\/types\/product"}],"wp:featuredmedia":[{"embeddable":true,"href":"https:\/\/naturalpoland.com\/de\/wp-json\/wp\/v2\/media\/41397"}],"wp:attachment":[{"href":"https:\/\/naturalpoland.com\/de\/wp-json\/wp\/v2\/media?parent=26880"}],"wp:term":[{"taxonomy":"product_brand","embeddable":true,"href":"https:\/\/naturalpoland.com\/de\/wp-json\/wp\/v2\/product_brand?post=26880"},{"taxonomy":"product_cat","embeddable":true,"href":"https:\/\/naturalpoland.com\/de\/wp-json\/wp\/v2\/product_cat?post=26880"},{"taxonomy":"product_tag","embeddable":true,"href":"https:\/\/naturalpoland.com\/de\/wp-json\/wp\/v2\/product_tag?post=26880"}],"curies":[{"name":"wp","href":"https:\/\/api.w.org\/{rel}","templated":true}]}}