{"id":27195,"date":"2023-10-18T16:25:38","date_gmt":"2023-10-26T13:02:02","guid":{"rendered":"https:\/\/naturalpoland.com\/produkty\/unkategorisiert\/cellulasen-ec-3-2-1-4\/"},"modified":"2023-10-26T15:02:02","modified_gmt":"2023-10-26T13:02:02","slug":"cellulasen","status":"publish","type":"product","link":"https:\/\/naturalpoland.com\/de\/produkte\/produkte-der-lebensmittelindustrie\/enzyme\/backenzyme\/cellulasen\/","title":{"rendered":"Cellulasen EC 3.2.1.4"},"content":{"rendered":"<p>Ein weiterer Vorteil dieses Enzyms ist, dass es die Konzentration von Arabino-Xyl-Oligosacchariden im Brot erh\u00f6ht, die sich positiv auf die menschliche Gesundheit auswirken.<\/p>\n<h3>Urspr\u00fcnge:<\/h3>\n<ul>\n<li>Pilze der Gattung <em>Trichoderma<\/em>: <em>T. reesei QM 6a<\/em> und seine Mutanten, <em>T. harzianum, T. viride<\/em>.<\/li>\n<li>Bakterielle \u00dcberlebensbakterien: <em>Aspergillus, Penicillium, Humicola, Cellulomonas, Pseudomonas<\/em>.<\/li>\n<li>Actinobakterien wie <em>Streptomyces<\/em><\/li>\n<\/ul>\n<h3>Wirkung:<\/h3>\n<ul>\n<li>Wasservermittelte Katalyse der Zellulosezersetzung.<br \/>\nHydrolyse der \u03b2-1,4-glykosidischen Bindung der Cellulose und allm\u00e4hliche Verk\u00fcrzung des Polymers, um das Endprodukt Glucose zu erhalten.<\/li>\n<\/ul>\n","protected":false},"excerpt":{"rendered":"<p>Cellulasen sind Backenzyme, die unl\u00f6sliche Arabinoxylane entfernen, die die Bildung des Glutennetzwerks st\u00f6ren, was zur Bildung von gel\u00f6sten Arabinoxylanen mit hohem Molekulargewicht f\u00fchrt, was eine erh\u00f6hte Viskosit\u00e4t und damit <strong>eine verbesserte Teigstabilit\u00e4t<\/strong> zur Folge hat. Die Verwendung von Cellulasen in der Backindustrie beeinflusst die rheologischen Eigenschaften des Teigs und die organoleptischen Eigenschaften des Brotes.<\/p>\n","protected":false},"featured_media":27528,"template":"","meta":{"_acf_changed":false},"product_brand":[],"product_cat":[2716],"product_tag":[],"class_list":{"0":"post-27195","1":"product","2":"type-product","3":"status-publish","4":"has-post-thumbnail","6":"product_cat-backenzyme","8":"first","9":"instock","10":"shipping-taxable","11":"product-type-simple"},"acf":[],"yoast_head":"<!-- This site is optimized with the Yoast SEO plugin v27.5 - https:\/\/yoast.com\/product\/yoast-seo-wordpress\/ -->\n<title>Cellulasen EC 3.2.1.4 - Gro\u00dfhandelsvertrieb<\/title>\n<meta name=\"description\" content=\"Cellulasen sind B\u00e4ckerei-Enzyme, die unl\u00f6sliche Arabinoxylane entfernen, die die Bildung des Glutennetzwerks st\u00f6ren, und so die Viskosit\u00e4t des Teigs verbessern.\" \/>\n<meta name=\"robots\" content=\"index, follow, max-snippet:-1, max-image-preview:large, max-video-preview:-1\" \/>\n<link rel=\"canonical\" href=\"https:\/\/naturalpoland.com\/de\/produkte\/produkte-der-lebensmittelindustrie\/enzyme\/backenzyme\/cellulasen\/\" \/>\n<meta property=\"og:locale\" content=\"de_DE\" \/>\n<meta property=\"og:type\" content=\"article\" \/>\n<meta property=\"og:title\" content=\"Cellulasen EC 3.2.1.4 - Gro\u00dfhandelsvertrieb\" \/>\n<meta property=\"og:description\" content=\"Cellulasen sind B\u00e4ckerei-Enzyme, die unl\u00f6sliche Arabinoxylane entfernen, die die Bildung des Glutennetzwerks st\u00f6ren, und so die Viskosit\u00e4t des Teigs verbessern.\" \/>\n<meta property=\"og:url\" content=\"https:\/\/naturalpoland.com\/de\/produkte\/produkte-der-lebensmittelindustrie\/enzyme\/backenzyme\/cellulasen\/\" \/>\n<meta property=\"og:site_name\" content=\"NATURAL POLAND - IMPORT UND HANDEL VON ROHSTOFFEN\" \/>\n<meta property=\"article:publisher\" content=\"https:\/\/www.facebook.com\/naturalpoland.b2b\" \/>\n<meta property=\"og:image\" content=\"https:\/\/naturalpoland.com\/wp-content\/uploads\/celulaza.jpg\" \/>\n\t<meta property=\"og:image:width\" content=\"650\" \/>\n\t<meta property=\"og:image:height\" content=\"650\" \/>\n\t<meta property=\"og:image:type\" content=\"image\/jpeg\" \/>\n<script type=\"application\/ld+json\" class=\"yoast-schema-graph\">{\"@context\":\"https:\\\/\\\/schema.org\",\"@graph\":[{\"@type\":\"WebPage\",\"@id\":\"https:\\\/\\\/naturalpoland.com\\\/de\\\/produkte\\\/produkte-der-lebensmittelindustrie\\\/enzyme\\\/backenzyme\\\/cellulasen\\\/\",\"url\":\"https:\\\/\\\/naturalpoland.com\\\/de\\\/produkte\\\/produkte-der-lebensmittelindustrie\\\/enzyme\\\/backenzyme\\\/cellulasen\\\/\",\"name\":\"Cellulasen EC 3.2.1.4 - Gro\u00dfhandelsvertrieb\",\"isPartOf\":{\"@id\":\"https:\\\/\\\/naturalpoland.com\\\/de\\\/#website\"},\"primaryImageOfPage\":{\"@id\":\"https:\\\/\\\/naturalpoland.com\\\/de\\\/produkte\\\/produkte-der-lebensmittelindustrie\\\/enzyme\\\/backenzyme\\\/cellulasen\\\/#primaryimage\"},\"image\":{\"@id\":\"https:\\\/\\\/naturalpoland.com\\\/de\\\/produkte\\\/produkte-der-lebensmittelindustrie\\\/enzyme\\\/backenzyme\\\/cellulasen\\\/#primaryimage\"},\"thumbnailUrl\":\"https:\\\/\\\/naturalpoland.com\\\/wp-content\\\/uploads\\\/celulaza.jpg\",\"datePublished\":\"2023-10-26T13:02:02+00:00\",\"description\":\"Cellulasen sind B\u00e4ckerei-Enzyme, die unl\u00f6sliche Arabinoxylane entfernen, die die Bildung des Glutennetzwerks st\u00f6ren, und so die Viskosit\u00e4t des Teigs verbessern.\",\"breadcrumb\":{\"@id\":\"https:\\\/\\\/naturalpoland.com\\\/de\\\/produkte\\\/produkte-der-lebensmittelindustrie\\\/enzyme\\\/backenzyme\\\/cellulasen\\\/#breadcrumb\"},\"inLanguage\":\"de\",\"potentialAction\":[{\"@type\":\"ReadAction\",\"target\":[\"https:\\\/\\\/naturalpoland.com\\\/de\\\/produkte\\\/produkte-der-lebensmittelindustrie\\\/enzyme\\\/backenzyme\\\/cellulasen\\\/\"]}]},{\"@type\":\"ImageObject\",\"inLanguage\":\"de\",\"@id\":\"https:\\\/\\\/naturalpoland.com\\\/de\\\/produkte\\\/produkte-der-lebensmittelindustrie\\\/enzyme\\\/backenzyme\\\/cellulasen\\\/#primaryimage\",\"url\":\"https:\\\/\\\/naturalpoland.com\\\/wp-content\\\/uploads\\\/celulaza.jpg\",\"contentUrl\":\"https:\\\/\\\/naturalpoland.com\\\/wp-content\\\/uploads\\\/celulaza.jpg\",\"width\":650,\"height\":650,\"caption\":\"celulaza\"},{\"@type\":\"BreadcrumbList\",\"@id\":\"https:\\\/\\\/naturalpoland.com\\\/de\\\/produkte\\\/produkte-der-lebensmittelindustrie\\\/enzyme\\\/backenzyme\\\/cellulasen\\\/#breadcrumb\",\"itemListElement\":[{\"@type\":\"ListItem\",\"position\":1,\"name\":\"Startseite\",\"item\":\"https:\\\/\\\/naturalpoland.com\\\/de\\\/\"},{\"@type\":\"ListItem\",\"position\":2,\"name\":\"Produkte\",\"item\":\"https:\\\/\\\/naturalpoland.com\\\/de\\\/produkte\\\/\"},{\"@type\":\"ListItem\",\"position\":3,\"name\":\"Cellulasen EC 3.2.1.4\"}]},{\"@type\":\"WebSite\",\"@id\":\"https:\\\/\\\/naturalpoland.com\\\/de\\\/#website\",\"url\":\"https:\\\/\\\/naturalpoland.com\\\/de\\\/\",\"name\":\"NATURAL POLAND - IMPORT UND HANDEL VON ROHSTOFFEN\",\"description\":\"Rohstoffe f\u00fcr die Lebensmittelindustrie, Kosmetikindustrie, Pharmaindustrie\",\"publisher\":{\"@id\":\"https:\\\/\\\/naturalpoland.com\\\/de\\\/#organization\"},\"potentialAction\":[{\"@type\":\"SearchAction\",\"target\":{\"@type\":\"EntryPoint\",\"urlTemplate\":\"https:\\\/\\\/naturalpoland.com\\\/de\\\/?s={search_term_string}\"},\"query-input\":{\"@type\":\"PropertyValueSpecification\",\"valueRequired\":true,\"valueName\":\"search_term_string\"}}],\"inLanguage\":\"de\"},{\"@type\":\"Organization\",\"@id\":\"https:\\\/\\\/naturalpoland.com\\\/de\\\/#organization\",\"name\":\"Natural Poland\",\"url\":\"https:\\\/\\\/naturalpoland.com\\\/de\\\/\",\"logo\":{\"@type\":\"ImageObject\",\"inLanguage\":\"de\",\"@id\":\"https:\\\/\\\/naturalpoland.com\\\/de\\\/#\\\/schema\\\/logo\\\/image\\\/\",\"url\":\"https:\\\/\\\/naturalpoland.com\\\/wp-content\\\/uploads\\\/2021\\\/05\\\/natural-poland-icon.png\",\"contentUrl\":\"https:\\\/\\\/naturalpoland.com\\\/wp-content\\\/uploads\\\/2021\\\/05\\\/natural-poland-icon.png\",\"width\":512,\"height\":512,\"caption\":\"Natural Poland\"},\"image\":{\"@id\":\"https:\\\/\\\/naturalpoland.com\\\/de\\\/#\\\/schema\\\/logo\\\/image\\\/\"},\"sameAs\":[\"https:\\\/\\\/www.facebook.com\\\/naturalpoland.b2b\",\"https:\\\/\\\/pl.linkedin.com\\\/company\\\/natural-poland\",\"https:\\\/\\\/www.youtube.com\\\/channel\\\/UCgeGGkvOMahZo-xu_MSEWxg\"]}]}<\/script>\n<!-- \/ Yoast SEO plugin. -->","yoast_head_json":{"title":"Cellulasen EC 3.2.1.4 - Gro\u00dfhandelsvertrieb","description":"Cellulasen sind B\u00e4ckerei-Enzyme, die unl\u00f6sliche Arabinoxylane entfernen, die die Bildung des Glutennetzwerks st\u00f6ren, und so die Viskosit\u00e4t des Teigs verbessern.","robots":{"index":"index","follow":"follow","max-snippet":"max-snippet:-1","max-image-preview":"max-image-preview:large","max-video-preview":"max-video-preview:-1"},"canonical":"https:\/\/naturalpoland.com\/de\/produkte\/produkte-der-lebensmittelindustrie\/enzyme\/backenzyme\/cellulasen\/","og_locale":"de_DE","og_type":"article","og_title":"Cellulasen EC 3.2.1.4 - Gro\u00dfhandelsvertrieb","og_description":"Cellulasen sind B\u00e4ckerei-Enzyme, die unl\u00f6sliche Arabinoxylane entfernen, die die Bildung des Glutennetzwerks st\u00f6ren, und so die Viskosit\u00e4t des Teigs verbessern.","og_url":"https:\/\/naturalpoland.com\/de\/produkte\/produkte-der-lebensmittelindustrie\/enzyme\/backenzyme\/cellulasen\/","og_site_name":"NATURAL POLAND - IMPORT UND HANDEL VON ROHSTOFFEN","article_publisher":"https:\/\/www.facebook.com\/naturalpoland.b2b","og_image":[{"width":650,"height":650,"url":"https:\/\/naturalpoland.com\/wp-content\/uploads\/celulaza.jpg","type":"image\/jpeg"}],"schema":{"@context":"https:\/\/schema.org","@graph":[{"@type":"WebPage","@id":"https:\/\/naturalpoland.com\/de\/produkte\/produkte-der-lebensmittelindustrie\/enzyme\/backenzyme\/cellulasen\/","url":"https:\/\/naturalpoland.com\/de\/produkte\/produkte-der-lebensmittelindustrie\/enzyme\/backenzyme\/cellulasen\/","name":"Cellulasen EC 3.2.1.4 - Gro\u00dfhandelsvertrieb","isPartOf":{"@id":"https:\/\/naturalpoland.com\/de\/#website"},"primaryImageOfPage":{"@id":"https:\/\/naturalpoland.com\/de\/produkte\/produkte-der-lebensmittelindustrie\/enzyme\/backenzyme\/cellulasen\/#primaryimage"},"image":{"@id":"https:\/\/naturalpoland.com\/de\/produkte\/produkte-der-lebensmittelindustrie\/enzyme\/backenzyme\/cellulasen\/#primaryimage"},"thumbnailUrl":"https:\/\/naturalpoland.com\/wp-content\/uploads\/celulaza.jpg","datePublished":"2023-10-26T13:02:02+00:00","description":"Cellulasen sind B\u00e4ckerei-Enzyme, die unl\u00f6sliche Arabinoxylane entfernen, die die Bildung des Glutennetzwerks st\u00f6ren, und so die Viskosit\u00e4t des Teigs verbessern.","breadcrumb":{"@id":"https:\/\/naturalpoland.com\/de\/produkte\/produkte-der-lebensmittelindustrie\/enzyme\/backenzyme\/cellulasen\/#breadcrumb"},"inLanguage":"de","potentialAction":[{"@type":"ReadAction","target":["https:\/\/naturalpoland.com\/de\/produkte\/produkte-der-lebensmittelindustrie\/enzyme\/backenzyme\/cellulasen\/"]}]},{"@type":"ImageObject","inLanguage":"de","@id":"https:\/\/naturalpoland.com\/de\/produkte\/produkte-der-lebensmittelindustrie\/enzyme\/backenzyme\/cellulasen\/#primaryimage","url":"https:\/\/naturalpoland.com\/wp-content\/uploads\/celulaza.jpg","contentUrl":"https:\/\/naturalpoland.com\/wp-content\/uploads\/celulaza.jpg","width":650,"height":650,"caption":"celulaza"},{"@type":"BreadcrumbList","@id":"https:\/\/naturalpoland.com\/de\/produkte\/produkte-der-lebensmittelindustrie\/enzyme\/backenzyme\/cellulasen\/#breadcrumb","itemListElement":[{"@type":"ListItem","position":1,"name":"Startseite","item":"https:\/\/naturalpoland.com\/de\/"},{"@type":"ListItem","position":2,"name":"Produkte","item":"https:\/\/naturalpoland.com\/de\/produkte\/"},{"@type":"ListItem","position":3,"name":"Cellulasen EC 3.2.1.4"}]},{"@type":"WebSite","@id":"https:\/\/naturalpoland.com\/de\/#website","url":"https:\/\/naturalpoland.com\/de\/","name":"NATURAL POLAND - IMPORT UND HANDEL VON ROHSTOFFEN","description":"Rohstoffe f\u00fcr die Lebensmittelindustrie, Kosmetikindustrie, Pharmaindustrie","publisher":{"@id":"https:\/\/naturalpoland.com\/de\/#organization"},"potentialAction":[{"@type":"SearchAction","target":{"@type":"EntryPoint","urlTemplate":"https:\/\/naturalpoland.com\/de\/?s={search_term_string}"},"query-input":{"@type":"PropertyValueSpecification","valueRequired":true,"valueName":"search_term_string"}}],"inLanguage":"de"},{"@type":"Organization","@id":"https:\/\/naturalpoland.com\/de\/#organization","name":"Natural Poland","url":"https:\/\/naturalpoland.com\/de\/","logo":{"@type":"ImageObject","inLanguage":"de","@id":"https:\/\/naturalpoland.com\/de\/#\/schema\/logo\/image\/","url":"https:\/\/naturalpoland.com\/wp-content\/uploads\/2021\/05\/natural-poland-icon.png","contentUrl":"https:\/\/naturalpoland.com\/wp-content\/uploads\/2021\/05\/natural-poland-icon.png","width":512,"height":512,"caption":"Natural Poland"},"image":{"@id":"https:\/\/naturalpoland.com\/de\/#\/schema\/logo\/image\/"},"sameAs":["https:\/\/www.facebook.com\/naturalpoland.b2b","https:\/\/pl.linkedin.com\/company\/natural-poland","https:\/\/www.youtube.com\/channel\/UCgeGGkvOMahZo-xu_MSEWxg"]}]}},"_links":{"self":[{"href":"https:\/\/naturalpoland.com\/de\/wp-json\/wp\/v2\/product\/27195","targetHints":{"allow":["GET"]}}],"collection":[{"href":"https:\/\/naturalpoland.com\/de\/wp-json\/wp\/v2\/product"}],"about":[{"href":"https:\/\/naturalpoland.com\/de\/wp-json\/wp\/v2\/types\/product"}],"wp:featuredmedia":[{"embeddable":true,"href":"https:\/\/naturalpoland.com\/de\/wp-json\/wp\/v2\/media\/27528"}],"wp:attachment":[{"href":"https:\/\/naturalpoland.com\/de\/wp-json\/wp\/v2\/media?parent=27195"}],"wp:term":[{"taxonomy":"product_brand","embeddable":true,"href":"https:\/\/naturalpoland.com\/de\/wp-json\/wp\/v2\/product_brand?post=27195"},{"taxonomy":"product_cat","embeddable":true,"href":"https:\/\/naturalpoland.com\/de\/wp-json\/wp\/v2\/product_cat?post=27195"},{"taxonomy":"product_tag","embeddable":true,"href":"https:\/\/naturalpoland.com\/de\/wp-json\/wp\/v2\/product_tag?post=27195"}],"curies":[{"name":"wp","href":"https:\/\/api.w.org\/{rel}","templated":true}]}}