{"id":27283,"date":"2023-10-24T12:58:24","date_gmt":"2023-10-27T08:46:48","guid":{"rendered":"https:\/\/naturalpoland.com\/produkty\/unkategorisiert\/lactoferrin\/"},"modified":"2024-07-24T10:53:13","modified_gmt":"2024-07-24T08:53:13","slug":"lactoferrin","status":"publish","type":"product","link":"https:\/\/naturalpoland.com\/de\/produkte\/produkte-fur-die-pharmaindustrie\/nahrungserganzungmittel\/lactoferrin\/","title":{"rendered":"Lactoferrin"},"content":{"rendered":"<h2>Eigenschaften von Lactoferrin<\/h2>\n<p> Unser Lactoferrin wird aus nat\u00fcrlicher Milch gewonnen, was seine h\u00f6chste biologische Aktivit\u00e4t garantiert. Es ist ein unverzichtbares Element in einer Ern\u00e4hrung, die die nat\u00fcrliche Immunit\u00e4t und eine optimale Eisenaufnahme unterst\u00fctzt.<br \/>\nUnser Lactoferrin zeichnet sich durch eine au\u00dfergew\u00f6hnliche<strong> Reinheit von mehr als 95%<\/strong> Lactoferrin im Protein und einen Gesamtproteingehalt von mehr als 93% aus.<br \/>\nDas Herstellungsverfahren stellt sicher, dass die h\u00f6chste biologische Aktivit\u00e4t des Lactoferrins erhalten bleibt, was sich in seiner Wirksamkeit bei der St\u00e4rkung der Schutzbarrieren des K\u00f6rpers und der Unterst\u00fctzung des Immunsystems niederschl\u00e4gt.<br \/>\nDas in unserem Produkt enthaltene Lactoferrin pr\u00e4sentiert sich als frei flie\u00dfendes Pulver, dessen Farbe von rosa bis r\u00f6tlich-braun reicht.<br \/>\nEs l\u00f6st sich leicht in Wasser auf und bildet eine klare, transparente L\u00f6sung, die eine breite Verwendung in Nahrungserg\u00e4nzungsmitteln, funktionellen Produkten und anderen Lebensmitteln und pharmazeutischen Produkten erm\u00f6glicht.      <\/p>\n<h2>Anwendung:<\/h2>\n<p><strong>Lebensmittelindustrie:<\/strong> Lactoferrin wird Lebensmitteln als immunst\u00e4rkende Zutat und aufgrund seiner antibakteriellen Eigenschaften als nat\u00fcrliches Konservierungsmittel zugesetzt.<br \/>\n<strong>Pharmazeutische Industrie:<\/strong> Lactoferrin wird in Nahrungserg\u00e4nzungsmitteln und pharmazeutischen Pr\u00e4paraten verwendet, um das Immunsystem zu unterst\u00fctzen und die Darmgesundheit zu verbessern.<br \/>\nEs wird auch zur Behandlung von Entz\u00fcndungen und Infektionen eingesetzt. <strong>Kosmetikindustrie<\/strong>: Dank seiner antioxidativen und regenerativen Eigenschaften wird Lactoferrin in Cremes, Seren und anderen Hautpflegeprodukten verwendet, um die Zeichen der Hautalterung zu bek\u00e4mpfen und die Gesundheit der Haut zu unterst\u00fctzen.    &nbsp;<\/p>\n","protected":false},"excerpt":{"rendered":"<p>Das aus frischer Kuhmilch gewonnene Lactoferrin ist ein hochentwickelter biologisch aktiver Inhaltsstoff, der eine Schl\u00fcsselrolle bei der Unterst\u00fctzung der Gesundheit und des ordnungsgem\u00e4\u00dfen Funktionierens des K\u00f6rpers spielt.<\/p>\n","protected":false},"featured_media":27084,"template":"","meta":[],"product_brand":[],"product_cat":[373],"product_tag":[],"class_list":{"0":"post-27283","1":"product","2":"type-product","3":"status-publish","4":"has-post-thumbnail","6":"product_cat-nahrungserganzungmittel","8":"first","9":"instock","10":"shipping-taxable","11":"product-type-simple"},"yoast_head":"<!-- This site is optimized with the Yoast SEO plugin v27.3 - https:\/\/yoast.com\/product\/yoast-seo-wordpress\/ -->\n<title>Lactoferrin - NATURAL POLAND - IMPORT UND HANDEL VON ROHSTOFFEN<\/title>\n<meta name=\"description\" content=\"Lactoferrin ist ein direkt aus der Milch isoliertes Protein. Es ist einer der wichtigsten Inhaltsstoffe zur Unterst\u00fctzung des reibungslosen Funktionierens des K\u00f6rpers.\" \/>\n<meta name=\"robots\" content=\"index, follow, max-snippet:-1, max-image-preview:large, max-video-preview:-1\" \/>\n<link rel=\"canonical\" href=\"https:\/\/naturalpoland.com\/de\/produkte\/produkte-fur-die-pharmaindustrie\/nahrungserganzungmittel\/lactoferrin\/\" \/>\n<meta property=\"og:locale\" content=\"de_DE\" \/>\n<meta property=\"og:type\" content=\"article\" \/>\n<meta property=\"og:title\" content=\"Lactoferrin - NATURAL POLAND - IMPORT UND HANDEL VON ROHSTOFFEN\" \/>\n<meta property=\"og:description\" content=\"Lactoferrin ist ein direkt aus der Milch isoliertes Protein. Es ist einer der wichtigsten Inhaltsstoffe zur Unterst\u00fctzung des reibungslosen Funktionierens des K\u00f6rpers.\" \/>\n<meta property=\"og:url\" content=\"https:\/\/naturalpoland.com\/de\/produkte\/produkte-fur-die-pharmaindustrie\/nahrungserganzungmittel\/lactoferrin\/\" \/>\n<meta property=\"og:site_name\" content=\"NATURAL POLAND - IMPORT UND HANDEL VON ROHSTOFFEN\" \/>\n<meta property=\"article:publisher\" content=\"https:\/\/www.facebook.com\/naturalpoland.b2b\" \/>\n<meta property=\"article:modified_time\" content=\"2024-07-24T08:53:13+00:00\" \/>\n<meta property=\"og:image\" content=\"https:\/\/naturalpoland.com\/wp-content\/uploads\/laktoferyna-1.png\" \/>\n\t<meta property=\"og:image:width\" content=\"618\" \/>\n\t<meta property=\"og:image:height\" content=\"618\" \/>\n\t<meta property=\"og:image:type\" content=\"image\/png\" \/>\n<script type=\"application\/ld+json\" class=\"yoast-schema-graph\">{\"@context\":\"https:\\\/\\\/schema.org\",\"@graph\":[{\"@type\":\"WebPage\",\"@id\":\"https:\\\/\\\/naturalpoland.com\\\/de\\\/produkte\\\/produkte-fur-die-pharmaindustrie\\\/nahrungserganzungmittel\\\/lactoferrin\\\/\",\"url\":\"https:\\\/\\\/naturalpoland.com\\\/de\\\/produkte\\\/produkte-fur-die-pharmaindustrie\\\/nahrungserganzungmittel\\\/lactoferrin\\\/\",\"name\":\"Lactoferrin - NATURAL POLAND - IMPORT UND HANDEL VON ROHSTOFFEN\",\"isPartOf\":{\"@id\":\"https:\\\/\\\/naturalpoland.com\\\/de\\\/#website\"},\"primaryImageOfPage\":{\"@id\":\"https:\\\/\\\/naturalpoland.com\\\/de\\\/produkte\\\/produkte-fur-die-pharmaindustrie\\\/nahrungserganzungmittel\\\/lactoferrin\\\/#primaryimage\"},\"image\":{\"@id\":\"https:\\\/\\\/naturalpoland.com\\\/de\\\/produkte\\\/produkte-fur-die-pharmaindustrie\\\/nahrungserganzungmittel\\\/lactoferrin\\\/#primaryimage\"},\"thumbnailUrl\":\"https:\\\/\\\/naturalpoland.com\\\/wp-content\\\/uploads\\\/laktoferyna-1.png\",\"datePublished\":\"2023-10-27T08:46:48+00:00\",\"dateModified\":\"2024-07-24T08:53:13+00:00\",\"description\":\"Lactoferrin ist ein direkt aus der Milch isoliertes Protein. Es ist einer der wichtigsten Inhaltsstoffe zur Unterst\u00fctzung des reibungslosen Funktionierens des K\u00f6rpers.\",\"breadcrumb\":{\"@id\":\"https:\\\/\\\/naturalpoland.com\\\/de\\\/produkte\\\/produkte-fur-die-pharmaindustrie\\\/nahrungserganzungmittel\\\/lactoferrin\\\/#breadcrumb\"},\"inLanguage\":\"de\",\"potentialAction\":[{\"@type\":\"ReadAction\",\"target\":[\"https:\\\/\\\/naturalpoland.com\\\/de\\\/produkte\\\/produkte-fur-die-pharmaindustrie\\\/nahrungserganzungmittel\\\/lactoferrin\\\/\"]}]},{\"@type\":\"ImageObject\",\"inLanguage\":\"de\",\"@id\":\"https:\\\/\\\/naturalpoland.com\\\/de\\\/produkte\\\/produkte-fur-die-pharmaindustrie\\\/nahrungserganzungmittel\\\/lactoferrin\\\/#primaryimage\",\"url\":\"https:\\\/\\\/naturalpoland.com\\\/wp-content\\\/uploads\\\/laktoferyna-1.png\",\"contentUrl\":\"https:\\\/\\\/naturalpoland.com\\\/wp-content\\\/uploads\\\/laktoferyna-1.png\",\"width\":618,\"height\":618,\"caption\":\"Lactoferrin\"},{\"@type\":\"BreadcrumbList\",\"@id\":\"https:\\\/\\\/naturalpoland.com\\\/de\\\/produkte\\\/produkte-fur-die-pharmaindustrie\\\/nahrungserganzungmittel\\\/lactoferrin\\\/#breadcrumb\",\"itemListElement\":[{\"@type\":\"ListItem\",\"position\":1,\"name\":\"Startseite\",\"item\":\"https:\\\/\\\/naturalpoland.com\\\/de\\\/\"},{\"@type\":\"ListItem\",\"position\":2,\"name\":\"Produkte\",\"item\":\"https:\\\/\\\/naturalpoland.com\\\/de\\\/produkte\\\/\"},{\"@type\":\"ListItem\",\"position\":3,\"name\":\"Lactoferrin\"}]},{\"@type\":\"WebSite\",\"@id\":\"https:\\\/\\\/naturalpoland.com\\\/de\\\/#website\",\"url\":\"https:\\\/\\\/naturalpoland.com\\\/de\\\/\",\"name\":\"NATURAL POLAND - IMPORT UND HANDEL VON ROHSTOFFEN\",\"description\":\"Rohstoffe f\u00fcr die Lebensmittelindustrie, Kosmetikindustrie, Pharmaindustrie\",\"publisher\":{\"@id\":\"https:\\\/\\\/naturalpoland.com\\\/de\\\/#organization\"},\"potentialAction\":[{\"@type\":\"SearchAction\",\"target\":{\"@type\":\"EntryPoint\",\"urlTemplate\":\"https:\\\/\\\/naturalpoland.com\\\/de\\\/?s={search_term_string}\"},\"query-input\":{\"@type\":\"PropertyValueSpecification\",\"valueRequired\":true,\"valueName\":\"search_term_string\"}}],\"inLanguage\":\"de\"},{\"@type\":\"Organization\",\"@id\":\"https:\\\/\\\/naturalpoland.com\\\/de\\\/#organization\",\"name\":\"Natural Poland\",\"url\":\"https:\\\/\\\/naturalpoland.com\\\/de\\\/\",\"logo\":{\"@type\":\"ImageObject\",\"inLanguage\":\"de\",\"@id\":\"https:\\\/\\\/naturalpoland.com\\\/de\\\/#\\\/schema\\\/logo\\\/image\\\/\",\"url\":\"https:\\\/\\\/naturalpoland.com\\\/wp-content\\\/uploads\\\/2021\\\/05\\\/natural-poland-icon.png\",\"contentUrl\":\"https:\\\/\\\/naturalpoland.com\\\/wp-content\\\/uploads\\\/2021\\\/05\\\/natural-poland-icon.png\",\"width\":512,\"height\":512,\"caption\":\"Natural Poland\"},\"image\":{\"@id\":\"https:\\\/\\\/naturalpoland.com\\\/de\\\/#\\\/schema\\\/logo\\\/image\\\/\"},\"sameAs\":[\"https:\\\/\\\/www.facebook.com\\\/naturalpoland.b2b\",\"https:\\\/\\\/pl.linkedin.com\\\/company\\\/natural-poland\",\"https:\\\/\\\/www.youtube.com\\\/channel\\\/UCgeGGkvOMahZo-xu_MSEWxg\"]}]}<\/script>\n<!-- \/ Yoast SEO plugin. -->","yoast_head_json":{"title":"Lactoferrin - NATURAL POLAND - IMPORT UND HANDEL VON ROHSTOFFEN","description":"Lactoferrin ist ein direkt aus der Milch isoliertes Protein. Es ist einer der wichtigsten Inhaltsstoffe zur Unterst\u00fctzung des reibungslosen Funktionierens des K\u00f6rpers.","robots":{"index":"index","follow":"follow","max-snippet":"max-snippet:-1","max-image-preview":"max-image-preview:large","max-video-preview":"max-video-preview:-1"},"canonical":"https:\/\/naturalpoland.com\/de\/produkte\/produkte-fur-die-pharmaindustrie\/nahrungserganzungmittel\/lactoferrin\/","og_locale":"de_DE","og_type":"article","og_title":"Lactoferrin - NATURAL POLAND - IMPORT UND HANDEL VON ROHSTOFFEN","og_description":"Lactoferrin ist ein direkt aus der Milch isoliertes Protein. Es ist einer der wichtigsten Inhaltsstoffe zur Unterst\u00fctzung des reibungslosen Funktionierens des K\u00f6rpers.","og_url":"https:\/\/naturalpoland.com\/de\/produkte\/produkte-fur-die-pharmaindustrie\/nahrungserganzungmittel\/lactoferrin\/","og_site_name":"NATURAL POLAND - IMPORT UND HANDEL VON ROHSTOFFEN","article_publisher":"https:\/\/www.facebook.com\/naturalpoland.b2b","article_modified_time":"2024-07-24T08:53:13+00:00","og_image":[{"width":618,"height":618,"url":"https:\/\/naturalpoland.com\/wp-content\/uploads\/laktoferyna-1.png","type":"image\/png"}],"schema":{"@context":"https:\/\/schema.org","@graph":[{"@type":"WebPage","@id":"https:\/\/naturalpoland.com\/de\/produkte\/produkte-fur-die-pharmaindustrie\/nahrungserganzungmittel\/lactoferrin\/","url":"https:\/\/naturalpoland.com\/de\/produkte\/produkte-fur-die-pharmaindustrie\/nahrungserganzungmittel\/lactoferrin\/","name":"Lactoferrin - NATURAL POLAND - IMPORT UND HANDEL VON ROHSTOFFEN","isPartOf":{"@id":"https:\/\/naturalpoland.com\/de\/#website"},"primaryImageOfPage":{"@id":"https:\/\/naturalpoland.com\/de\/produkte\/produkte-fur-die-pharmaindustrie\/nahrungserganzungmittel\/lactoferrin\/#primaryimage"},"image":{"@id":"https:\/\/naturalpoland.com\/de\/produkte\/produkte-fur-die-pharmaindustrie\/nahrungserganzungmittel\/lactoferrin\/#primaryimage"},"thumbnailUrl":"https:\/\/naturalpoland.com\/wp-content\/uploads\/laktoferyna-1.png","datePublished":"2023-10-27T08:46:48+00:00","dateModified":"2024-07-24T08:53:13+00:00","description":"Lactoferrin ist ein direkt aus der Milch isoliertes Protein. Es ist einer der wichtigsten Inhaltsstoffe zur Unterst\u00fctzung des reibungslosen Funktionierens des K\u00f6rpers.","breadcrumb":{"@id":"https:\/\/naturalpoland.com\/de\/produkte\/produkte-fur-die-pharmaindustrie\/nahrungserganzungmittel\/lactoferrin\/#breadcrumb"},"inLanguage":"de","potentialAction":[{"@type":"ReadAction","target":["https:\/\/naturalpoland.com\/de\/produkte\/produkte-fur-die-pharmaindustrie\/nahrungserganzungmittel\/lactoferrin\/"]}]},{"@type":"ImageObject","inLanguage":"de","@id":"https:\/\/naturalpoland.com\/de\/produkte\/produkte-fur-die-pharmaindustrie\/nahrungserganzungmittel\/lactoferrin\/#primaryimage","url":"https:\/\/naturalpoland.com\/wp-content\/uploads\/laktoferyna-1.png","contentUrl":"https:\/\/naturalpoland.com\/wp-content\/uploads\/laktoferyna-1.png","width":618,"height":618,"caption":"Lactoferrin"},{"@type":"BreadcrumbList","@id":"https:\/\/naturalpoland.com\/de\/produkte\/produkte-fur-die-pharmaindustrie\/nahrungserganzungmittel\/lactoferrin\/#breadcrumb","itemListElement":[{"@type":"ListItem","position":1,"name":"Startseite","item":"https:\/\/naturalpoland.com\/de\/"},{"@type":"ListItem","position":2,"name":"Produkte","item":"https:\/\/naturalpoland.com\/de\/produkte\/"},{"@type":"ListItem","position":3,"name":"Lactoferrin"}]},{"@type":"WebSite","@id":"https:\/\/naturalpoland.com\/de\/#website","url":"https:\/\/naturalpoland.com\/de\/","name":"NATURAL POLAND - IMPORT UND HANDEL VON ROHSTOFFEN","description":"Rohstoffe f\u00fcr die Lebensmittelindustrie, Kosmetikindustrie, Pharmaindustrie","publisher":{"@id":"https:\/\/naturalpoland.com\/de\/#organization"},"potentialAction":[{"@type":"SearchAction","target":{"@type":"EntryPoint","urlTemplate":"https:\/\/naturalpoland.com\/de\/?s={search_term_string}"},"query-input":{"@type":"PropertyValueSpecification","valueRequired":true,"valueName":"search_term_string"}}],"inLanguage":"de"},{"@type":"Organization","@id":"https:\/\/naturalpoland.com\/de\/#organization","name":"Natural Poland","url":"https:\/\/naturalpoland.com\/de\/","logo":{"@type":"ImageObject","inLanguage":"de","@id":"https:\/\/naturalpoland.com\/de\/#\/schema\/logo\/image\/","url":"https:\/\/naturalpoland.com\/wp-content\/uploads\/2021\/05\/natural-poland-icon.png","contentUrl":"https:\/\/naturalpoland.com\/wp-content\/uploads\/2021\/05\/natural-poland-icon.png","width":512,"height":512,"caption":"Natural Poland"},"image":{"@id":"https:\/\/naturalpoland.com\/de\/#\/schema\/logo\/image\/"},"sameAs":["https:\/\/www.facebook.com\/naturalpoland.b2b","https:\/\/pl.linkedin.com\/company\/natural-poland","https:\/\/www.youtube.com\/channel\/UCgeGGkvOMahZo-xu_MSEWxg"]}]}},"_links":{"self":[{"href":"https:\/\/naturalpoland.com\/de\/wp-json\/wp\/v2\/product\/27283","targetHints":{"allow":["GET"]}}],"collection":[{"href":"https:\/\/naturalpoland.com\/de\/wp-json\/wp\/v2\/product"}],"about":[{"href":"https:\/\/naturalpoland.com\/de\/wp-json\/wp\/v2\/types\/product"}],"wp:featuredmedia":[{"embeddable":true,"href":"https:\/\/naturalpoland.com\/de\/wp-json\/wp\/v2\/media\/27084"}],"wp:attachment":[{"href":"https:\/\/naturalpoland.com\/de\/wp-json\/wp\/v2\/media?parent=27283"}],"wp:term":[{"taxonomy":"product_brand","embeddable":true,"href":"https:\/\/naturalpoland.com\/de\/wp-json\/wp\/v2\/product_brand?post=27283"},{"taxonomy":"product_cat","embeddable":true,"href":"https:\/\/naturalpoland.com\/de\/wp-json\/wp\/v2\/product_cat?post=27283"},{"taxonomy":"product_tag","embeddable":true,"href":"https:\/\/naturalpoland.com\/de\/wp-json\/wp\/v2\/product_tag?post=27283"}],"curies":[{"name":"wp","href":"https:\/\/api.w.org\/{rel}","templated":true}]}}