{"id":27307,"date":"2023-10-19T11:07:09","date_gmt":"2023-10-27T08:55:41","guid":{"rendered":"https:\/\/naturalpoland.com\/produkty\/unkategorisiert\/transglutaminase\/"},"modified":"2023-10-27T10:55:41","modified_gmt":"2023-10-27T08:55:41","slug":"transglutaminase","status":"publish","type":"product","link":"https:\/\/naturalpoland.com\/de\/produkte\/produkte-der-lebensmittelindustrie\/enzyme\/backenzyme\/transglutaminase\/","title":{"rendered":"Transglutaminase"},"content":{"rendered":"<p>Transglutaminase ist ein Enzym, das <strong>die Bildung von Querverbindungen zwischen Proteinen katalysiert<\/strong>, was zur Bildung von stabilen Proteinnetzwerken f\u00fchrt. Es ist eine nat\u00fcrlich vorkommende Substanz in vielen Organismen, auch im menschlichen K\u00f6rper, wo es an Prozessen im Zusammenhang mit der Blutgerinnung beteiligt ist. Es besitzt die <strong>F\u00e4higkeit, Lysin- und Glutaminbindungen zu vernetzen<\/strong> (kovalente Vernetzungen zwischen Glutamin und Lysin).<\/p>\n<h3><strong>Transglutaminase beim Backen:<\/strong><\/h3>\n<p>Transglutaminase ist in der Backwarenindustrie weit verbreitet, da sie die Textur und Qualit\u00e4t von Backwaren verbessern kann.<\/p>\n<ol>\n<li><strong>Verbesserte Brottextur:<\/strong> Transglutaminase erm\u00f6glicht die Bildung st\u00e4rkerer Proteinnetzwerke in Teigen, was zu einer besseren Textur und einem gr\u00f6\u00dferen Brotvolumen f\u00fchrt.<\/li>\n<li><strong>Erh\u00f6hung der Elastizit\u00e4t des Teigs:<\/strong> Dieses Enzym kann den Teig elastischer machen, so dass er sich leichter verarbeiten und modellieren l\u00e4sst.<\/li>\n<li><strong>Optimierung der Inhaltsstoffe:<\/strong> Erm\u00f6glicht die Verwendung von mehr Wasser in Formulierungen, was zu einer Senkung der Produktionskosten f\u00fchren kann.<\/li>\n<li><strong>Verl\u00e4ngerte Haltbarkeit von Backwaren:<\/strong> Dank der st\u00e4rkeren Eiwei\u00dfbindung bleiben Backwaren l\u00e4nger frisch und sind widerstandsf\u00e4higer gegen Austrocknung.<\/li>\n<li><strong>Verbesserter Geschmack:<\/strong> Eine verbesserte Brottextur kann sich auf den Geschmack und das Aroma des Brotes auswirken, wodurch das Produkt f\u00fcr den Verbraucher attraktiver wird.<\/li>\n<\/ol>\n","protected":false},"excerpt":{"rendered":"<p>Transglutaminase ist ein wertvolles Backenzym, das durch die Bildung stabiler Proteinnetzwerke die Qualit\u00e4t von Backwaren, deren Textur und Haltbarkeit deutlich verbessert. Seine richtige Verwendung kann zur Herstellung von Brot mit hervorragender Textur, hervorragendem Geschmack und l\u00e4ngerer Frische beitragen.<\/p>\n","protected":false},"featured_media":27492,"template":"","meta":{"_acf_changed":false},"product_brand":[],"product_cat":[2716],"product_tag":[],"class_list":{"0":"post-27307","1":"product","2":"type-product","3":"status-publish","4":"has-post-thumbnail","6":"product_cat-backenzyme","8":"first","9":"instock","10":"shipping-taxable","11":"product-type-simple"},"acf":[],"yoast_head":"<!-- This site is optimized with the Yoast SEO plugin v27.4 - https:\/\/yoast.com\/product\/yoast-seo-wordpress\/ -->\n<title>Transglutaminase - Gro\u00dfhandelsvertrieb<\/title>\n<meta name=\"description\" content=\"Transglutaminase ist ein Backenzym, das durch die Bildung stabiler Proteinnetzwerke die Qualit\u00e4t von Backwaren, deren Textur und Haltbarkeit deutlich verbessert.\" \/>\n<meta name=\"robots\" content=\"index, follow, max-snippet:-1, max-image-preview:large, max-video-preview:-1\" \/>\n<link rel=\"canonical\" href=\"https:\/\/naturalpoland.com\/de\/produkte\/produkte-der-lebensmittelindustrie\/enzyme\/backenzyme\/transglutaminase\/\" \/>\n<meta property=\"og:locale\" content=\"de_DE\" \/>\n<meta property=\"og:type\" content=\"article\" \/>\n<meta property=\"og:title\" content=\"Transglutaminase - Gro\u00dfhandelsvertrieb\" \/>\n<meta property=\"og:description\" content=\"Transglutaminase ist ein Backenzym, das durch die Bildung stabiler Proteinnetzwerke die Qualit\u00e4t von Backwaren, deren Textur und Haltbarkeit deutlich verbessert.\" \/>\n<meta property=\"og:url\" content=\"https:\/\/naturalpoland.com\/de\/produkte\/produkte-der-lebensmittelindustrie\/enzyme\/backenzyme\/transglutaminase\/\" \/>\n<meta property=\"og:site_name\" content=\"NATURAL POLAND - IMPORT UND HANDEL VON ROHSTOFFEN\" \/>\n<meta property=\"article:publisher\" content=\"https:\/\/www.facebook.com\/naturalpoland.b2b\" \/>\n<meta property=\"og:image\" content=\"https:\/\/naturalpoland.com\/wp-content\/uploads\/transglutaminaza.jpg\" \/>\n\t<meta property=\"og:image:width\" content=\"650\" \/>\n\t<meta property=\"og:image:height\" content=\"650\" \/>\n\t<meta property=\"og:image:type\" content=\"image\/jpeg\" \/>\n<script type=\"application\/ld+json\" class=\"yoast-schema-graph\">{\"@context\":\"https:\\\/\\\/schema.org\",\"@graph\":[{\"@type\":\"WebPage\",\"@id\":\"https:\\\/\\\/naturalpoland.com\\\/de\\\/produkte\\\/produkte-der-lebensmittelindustrie\\\/enzyme\\\/backenzyme\\\/transglutaminase\\\/\",\"url\":\"https:\\\/\\\/naturalpoland.com\\\/de\\\/produkte\\\/produkte-der-lebensmittelindustrie\\\/enzyme\\\/backenzyme\\\/transglutaminase\\\/\",\"name\":\"Transglutaminase - Gro\u00dfhandelsvertrieb\",\"isPartOf\":{\"@id\":\"https:\\\/\\\/naturalpoland.com\\\/de\\\/#website\"},\"primaryImageOfPage\":{\"@id\":\"https:\\\/\\\/naturalpoland.com\\\/de\\\/produkte\\\/produkte-der-lebensmittelindustrie\\\/enzyme\\\/backenzyme\\\/transglutaminase\\\/#primaryimage\"},\"image\":{\"@id\":\"https:\\\/\\\/naturalpoland.com\\\/de\\\/produkte\\\/produkte-der-lebensmittelindustrie\\\/enzyme\\\/backenzyme\\\/transglutaminase\\\/#primaryimage\"},\"thumbnailUrl\":\"https:\\\/\\\/naturalpoland.com\\\/wp-content\\\/uploads\\\/transglutaminaza.jpg\",\"datePublished\":\"2023-10-27T08:55:41+00:00\",\"description\":\"Transglutaminase ist ein Backenzym, das durch die Bildung stabiler Proteinnetzwerke die Qualit\u00e4t von Backwaren, deren Textur und Haltbarkeit deutlich verbessert.\",\"breadcrumb\":{\"@id\":\"https:\\\/\\\/naturalpoland.com\\\/de\\\/produkte\\\/produkte-der-lebensmittelindustrie\\\/enzyme\\\/backenzyme\\\/transglutaminase\\\/#breadcrumb\"},\"inLanguage\":\"de\",\"potentialAction\":[{\"@type\":\"ReadAction\",\"target\":[\"https:\\\/\\\/naturalpoland.com\\\/de\\\/produkte\\\/produkte-der-lebensmittelindustrie\\\/enzyme\\\/backenzyme\\\/transglutaminase\\\/\"]}]},{\"@type\":\"ImageObject\",\"inLanguage\":\"de\",\"@id\":\"https:\\\/\\\/naturalpoland.com\\\/de\\\/produkte\\\/produkte-der-lebensmittelindustrie\\\/enzyme\\\/backenzyme\\\/transglutaminase\\\/#primaryimage\",\"url\":\"https:\\\/\\\/naturalpoland.com\\\/wp-content\\\/uploads\\\/transglutaminaza.jpg\",\"contentUrl\":\"https:\\\/\\\/naturalpoland.com\\\/wp-content\\\/uploads\\\/transglutaminaza.jpg\",\"width\":650,\"height\":650,\"caption\":\"transglutaminaza\"},{\"@type\":\"BreadcrumbList\",\"@id\":\"https:\\\/\\\/naturalpoland.com\\\/de\\\/produkte\\\/produkte-der-lebensmittelindustrie\\\/enzyme\\\/backenzyme\\\/transglutaminase\\\/#breadcrumb\",\"itemListElement\":[{\"@type\":\"ListItem\",\"position\":1,\"name\":\"Startseite\",\"item\":\"https:\\\/\\\/naturalpoland.com\\\/de\\\/\"},{\"@type\":\"ListItem\",\"position\":2,\"name\":\"Produkte\",\"item\":\"https:\\\/\\\/naturalpoland.com\\\/de\\\/produkte\\\/\"},{\"@type\":\"ListItem\",\"position\":3,\"name\":\"Transglutaminase\"}]},{\"@type\":\"WebSite\",\"@id\":\"https:\\\/\\\/naturalpoland.com\\\/de\\\/#website\",\"url\":\"https:\\\/\\\/naturalpoland.com\\\/de\\\/\",\"name\":\"NATURAL POLAND - IMPORT UND HANDEL VON ROHSTOFFEN\",\"description\":\"Rohstoffe f\u00fcr die Lebensmittelindustrie, Kosmetikindustrie, Pharmaindustrie\",\"publisher\":{\"@id\":\"https:\\\/\\\/naturalpoland.com\\\/de\\\/#organization\"},\"potentialAction\":[{\"@type\":\"SearchAction\",\"target\":{\"@type\":\"EntryPoint\",\"urlTemplate\":\"https:\\\/\\\/naturalpoland.com\\\/de\\\/?s={search_term_string}\"},\"query-input\":{\"@type\":\"PropertyValueSpecification\",\"valueRequired\":true,\"valueName\":\"search_term_string\"}}],\"inLanguage\":\"de\"},{\"@type\":\"Organization\",\"@id\":\"https:\\\/\\\/naturalpoland.com\\\/de\\\/#organization\",\"name\":\"Natural Poland\",\"url\":\"https:\\\/\\\/naturalpoland.com\\\/de\\\/\",\"logo\":{\"@type\":\"ImageObject\",\"inLanguage\":\"de\",\"@id\":\"https:\\\/\\\/naturalpoland.com\\\/de\\\/#\\\/schema\\\/logo\\\/image\\\/\",\"url\":\"https:\\\/\\\/naturalpoland.com\\\/wp-content\\\/uploads\\\/2021\\\/05\\\/natural-poland-icon.png\",\"contentUrl\":\"https:\\\/\\\/naturalpoland.com\\\/wp-content\\\/uploads\\\/2021\\\/05\\\/natural-poland-icon.png\",\"width\":512,\"height\":512,\"caption\":\"Natural Poland\"},\"image\":{\"@id\":\"https:\\\/\\\/naturalpoland.com\\\/de\\\/#\\\/schema\\\/logo\\\/image\\\/\"},\"sameAs\":[\"https:\\\/\\\/www.facebook.com\\\/naturalpoland.b2b\",\"https:\\\/\\\/pl.linkedin.com\\\/company\\\/natural-poland\",\"https:\\\/\\\/www.youtube.com\\\/channel\\\/UCgeGGkvOMahZo-xu_MSEWxg\"]}]}<\/script>\n<!-- \/ Yoast SEO plugin. -->","yoast_head_json":{"title":"Transglutaminase - Gro\u00dfhandelsvertrieb","description":"Transglutaminase ist ein Backenzym, das durch die Bildung stabiler Proteinnetzwerke die Qualit\u00e4t von Backwaren, deren Textur und Haltbarkeit deutlich verbessert.","robots":{"index":"index","follow":"follow","max-snippet":"max-snippet:-1","max-image-preview":"max-image-preview:large","max-video-preview":"max-video-preview:-1"},"canonical":"https:\/\/naturalpoland.com\/de\/produkte\/produkte-der-lebensmittelindustrie\/enzyme\/backenzyme\/transglutaminase\/","og_locale":"de_DE","og_type":"article","og_title":"Transglutaminase - Gro\u00dfhandelsvertrieb","og_description":"Transglutaminase ist ein Backenzym, das durch die Bildung stabiler Proteinnetzwerke die Qualit\u00e4t von Backwaren, deren Textur und Haltbarkeit deutlich verbessert.","og_url":"https:\/\/naturalpoland.com\/de\/produkte\/produkte-der-lebensmittelindustrie\/enzyme\/backenzyme\/transglutaminase\/","og_site_name":"NATURAL POLAND - IMPORT UND HANDEL VON ROHSTOFFEN","article_publisher":"https:\/\/www.facebook.com\/naturalpoland.b2b","og_image":[{"width":650,"height":650,"url":"https:\/\/naturalpoland.com\/wp-content\/uploads\/transglutaminaza.jpg","type":"image\/jpeg"}],"schema":{"@context":"https:\/\/schema.org","@graph":[{"@type":"WebPage","@id":"https:\/\/naturalpoland.com\/de\/produkte\/produkte-der-lebensmittelindustrie\/enzyme\/backenzyme\/transglutaminase\/","url":"https:\/\/naturalpoland.com\/de\/produkte\/produkte-der-lebensmittelindustrie\/enzyme\/backenzyme\/transglutaminase\/","name":"Transglutaminase - Gro\u00dfhandelsvertrieb","isPartOf":{"@id":"https:\/\/naturalpoland.com\/de\/#website"},"primaryImageOfPage":{"@id":"https:\/\/naturalpoland.com\/de\/produkte\/produkte-der-lebensmittelindustrie\/enzyme\/backenzyme\/transglutaminase\/#primaryimage"},"image":{"@id":"https:\/\/naturalpoland.com\/de\/produkte\/produkte-der-lebensmittelindustrie\/enzyme\/backenzyme\/transglutaminase\/#primaryimage"},"thumbnailUrl":"https:\/\/naturalpoland.com\/wp-content\/uploads\/transglutaminaza.jpg","datePublished":"2023-10-27T08:55:41+00:00","description":"Transglutaminase ist ein Backenzym, das durch die Bildung stabiler Proteinnetzwerke die Qualit\u00e4t von Backwaren, deren Textur und Haltbarkeit deutlich verbessert.","breadcrumb":{"@id":"https:\/\/naturalpoland.com\/de\/produkte\/produkte-der-lebensmittelindustrie\/enzyme\/backenzyme\/transglutaminase\/#breadcrumb"},"inLanguage":"de","potentialAction":[{"@type":"ReadAction","target":["https:\/\/naturalpoland.com\/de\/produkte\/produkte-der-lebensmittelindustrie\/enzyme\/backenzyme\/transglutaminase\/"]}]},{"@type":"ImageObject","inLanguage":"de","@id":"https:\/\/naturalpoland.com\/de\/produkte\/produkte-der-lebensmittelindustrie\/enzyme\/backenzyme\/transglutaminase\/#primaryimage","url":"https:\/\/naturalpoland.com\/wp-content\/uploads\/transglutaminaza.jpg","contentUrl":"https:\/\/naturalpoland.com\/wp-content\/uploads\/transglutaminaza.jpg","width":650,"height":650,"caption":"transglutaminaza"},{"@type":"BreadcrumbList","@id":"https:\/\/naturalpoland.com\/de\/produkte\/produkte-der-lebensmittelindustrie\/enzyme\/backenzyme\/transglutaminase\/#breadcrumb","itemListElement":[{"@type":"ListItem","position":1,"name":"Startseite","item":"https:\/\/naturalpoland.com\/de\/"},{"@type":"ListItem","position":2,"name":"Produkte","item":"https:\/\/naturalpoland.com\/de\/produkte\/"},{"@type":"ListItem","position":3,"name":"Transglutaminase"}]},{"@type":"WebSite","@id":"https:\/\/naturalpoland.com\/de\/#website","url":"https:\/\/naturalpoland.com\/de\/","name":"NATURAL POLAND - IMPORT UND HANDEL VON ROHSTOFFEN","description":"Rohstoffe f\u00fcr die Lebensmittelindustrie, Kosmetikindustrie, Pharmaindustrie","publisher":{"@id":"https:\/\/naturalpoland.com\/de\/#organization"},"potentialAction":[{"@type":"SearchAction","target":{"@type":"EntryPoint","urlTemplate":"https:\/\/naturalpoland.com\/de\/?s={search_term_string}"},"query-input":{"@type":"PropertyValueSpecification","valueRequired":true,"valueName":"search_term_string"}}],"inLanguage":"de"},{"@type":"Organization","@id":"https:\/\/naturalpoland.com\/de\/#organization","name":"Natural Poland","url":"https:\/\/naturalpoland.com\/de\/","logo":{"@type":"ImageObject","inLanguage":"de","@id":"https:\/\/naturalpoland.com\/de\/#\/schema\/logo\/image\/","url":"https:\/\/naturalpoland.com\/wp-content\/uploads\/2021\/05\/natural-poland-icon.png","contentUrl":"https:\/\/naturalpoland.com\/wp-content\/uploads\/2021\/05\/natural-poland-icon.png","width":512,"height":512,"caption":"Natural Poland"},"image":{"@id":"https:\/\/naturalpoland.com\/de\/#\/schema\/logo\/image\/"},"sameAs":["https:\/\/www.facebook.com\/naturalpoland.b2b","https:\/\/pl.linkedin.com\/company\/natural-poland","https:\/\/www.youtube.com\/channel\/UCgeGGkvOMahZo-xu_MSEWxg"]}]}},"_links":{"self":[{"href":"https:\/\/naturalpoland.com\/de\/wp-json\/wp\/v2\/product\/27307","targetHints":{"allow":["GET"]}}],"collection":[{"href":"https:\/\/naturalpoland.com\/de\/wp-json\/wp\/v2\/product"}],"about":[{"href":"https:\/\/naturalpoland.com\/de\/wp-json\/wp\/v2\/types\/product"}],"wp:featuredmedia":[{"embeddable":true,"href":"https:\/\/naturalpoland.com\/de\/wp-json\/wp\/v2\/media\/27492"}],"wp:attachment":[{"href":"https:\/\/naturalpoland.com\/de\/wp-json\/wp\/v2\/media?parent=27307"}],"wp:term":[{"taxonomy":"product_brand","embeddable":true,"href":"https:\/\/naturalpoland.com\/de\/wp-json\/wp\/v2\/product_brand?post=27307"},{"taxonomy":"product_cat","embeddable":true,"href":"https:\/\/naturalpoland.com\/de\/wp-json\/wp\/v2\/product_cat?post=27307"},{"taxonomy":"product_tag","embeddable":true,"href":"https:\/\/naturalpoland.com\/de\/wp-json\/wp\/v2\/product_tag?post=27307"}],"curies":[{"name":"wp","href":"https:\/\/api.w.org\/{rel}","templated":true}]}}