{"id":27585,"date":"2023-11-13T11:23:04","date_gmt":"2023-11-13T10:26:01","guid":{"rendered":"https:\/\/naturalpoland.com\/produkty\/unkategorisiert\/l-arginin-alpha-ketoglutarat\/"},"modified":"2023-11-13T11:26:01","modified_gmt":"2023-11-13T10:26:01","slug":"alpha-ketoglutarat-l-arginin","status":"publish","type":"product","link":"https:\/\/naturalpoland.com\/de\/produkte\/produkte-fur-die-pharmaindustrie\/nahrungserganzungmittel\/alpha-ketoglutarat-l-arginin\/","title":{"rendered":"L-Arginin-Alpha-Ketoglutarat"},"content":{"rendered":"<p>L-Arginin-Alpha-Ketoglutarat ist besonders empfehlenswert f\u00fcr Sportler, Menschen, die aktiv trainieren und diejenigen, die ihren K\u00f6rper bei der Aufrechterhaltung einer guten k\u00f6rperlichen Verfassung unterst\u00fctzen wollen. Dieses Produkt ist ideal f\u00fcr alle, die eine umfassende Energieversorgung und Leistungssteigerung suchen.<\/p>\n<h3>Vorteile von L-Arginin-Alpha-Ketoglutarat<\/h3>\n<ol>\n<li><strong>Unterst\u00fctzung der Produktion von Stickstoffmonoxid:<\/strong> L-Arginin ist eine Vorstufe von Stickstoffmonoxid, das eine wichtige Rolle bei der Regulierung des Blutflusses, des Sauerstofftransports und der Muskelfunktion spielt. Eine Supplementierung mit L-Arginin-Alpha-Ketoglutarat unterst\u00fctzt diesen Prozess, was zu einer verbesserten Leistung und Fitness f\u00fchren kann.<\/li>\n<li><strong>Energieeffizienz:<\/strong> Alpha-Ketoglutarat tr\u00e4gt als Bestandteil des Krebs-Zyklus zur Optimierung der Energieprozesse im K\u00f6rper bei, was besonders bei intensiver k\u00f6rperlicher Bet\u00e4tigung wichtig ist.<\/li>\n<li><strong>Bessere Muskelerholung und -leistung:<\/strong> Dank seiner Eigenschaften kann L-Arginin-Alpha-Ketoglutarat zu einer schnelleren Erholung der Muskeln und einer besseren Muskelern\u00e4hrung beitragen, was f\u00fcr Sportler und k\u00f6rperlich aktive Menschen von entscheidender Bedeutung ist.<\/li>\n<\/ol>\n<p>L-Arginin-Alpha-Ketoglutarat ist ein hochentwickeltes Nahrungserg\u00e4nzungsmittel, das wichtige Bestandteile zur Optimierung der K\u00f6rperfunktionen vereint. Es ist die ideale Wahl f\u00fcr alle, die ihre Trainings- und Erholungsf\u00e4higkeit auf nat\u00fcrliche Weise unterst\u00fctzen wollen.<\/p>\n","protected":false},"excerpt":{"rendered":"<p>L-Arginin-Alpha-Ketoglutarat ist ein fortschrittliches Nahrungserg\u00e4nzungsmittel, das zwei Schl\u00fcsselsubstanzen kombiniert: L-Arginin, eine Aminos\u00e4ure, die f\u00fcr zahlreiche Prozesse im Organismus von entscheidender Bedeutung ist, und Alpha-Ketoglutarat, ein Metabolit, der am Krebszyklus beteiligt ist, der ein Schl\u00fcsselelement der Energieproduktion auf zellul\u00e4rer Ebene darstellt.<\/p>\n","protected":false},"featured_media":27575,"template":"","meta":{"_acf_changed":false},"product_brand":[],"product_cat":[373],"product_tag":[],"class_list":{"0":"post-27585","1":"product","2":"type-product","3":"status-publish","4":"has-post-thumbnail","6":"product_cat-nahrungserganzungmittel","8":"first","9":"instock","10":"shipping-taxable","11":"product-type-simple"},"acf":[],"yoast_head":"<!-- This site is optimized with the Yoast SEO plugin v27.4 - https:\/\/yoast.com\/product\/yoast-seo-wordpress\/ -->\n<title>L-Arginin-Alpha-Ketoglutarat - Gro\u00dfhandelsvertrieb<\/title>\n<meta name=\"description\" content=\"L-Arginin-Alpha-Ketoglutarat wird vor allem Sportlern, aktiven Trainierenden und Menschen, die auf ihre k\u00f6rperliche Fitness achten, empfohlen.\" \/>\n<meta name=\"robots\" content=\"index, follow, max-snippet:-1, max-image-preview:large, max-video-preview:-1\" \/>\n<link rel=\"canonical\" href=\"https:\/\/naturalpoland.com\/de\/produkte\/produkte-fur-die-pharmaindustrie\/nahrungserganzungmittel\/alpha-ketoglutarat-l-arginin\/\" \/>\n<meta property=\"og:locale\" content=\"de_DE\" \/>\n<meta property=\"og:type\" content=\"article\" \/>\n<meta property=\"og:title\" content=\"L-Arginin-Alpha-Ketoglutarat - Gro\u00dfhandelsvertrieb\" \/>\n<meta property=\"og:description\" content=\"L-Arginin-Alpha-Ketoglutarat wird vor allem Sportlern, aktiven Trainierenden und Menschen, die auf ihre k\u00f6rperliche Fitness achten, empfohlen.\" \/>\n<meta property=\"og:url\" content=\"https:\/\/naturalpoland.com\/de\/produkte\/produkte-fur-die-pharmaindustrie\/nahrungserganzungmittel\/alpha-ketoglutarat-l-arginin\/\" \/>\n<meta property=\"og:site_name\" content=\"NATURAL POLAND - IMPORT UND HANDEL VON ROHSTOFFEN\" \/>\n<meta property=\"article:publisher\" content=\"https:\/\/www.facebook.com\/naturalpoland.b2b\" \/>\n<meta property=\"og:image\" content=\"https:\/\/naturalpoland.com\/wp-content\/uploads\/alfa-ketoglutaran-l-argininy.png\" \/>\n\t<meta property=\"og:image:width\" content=\"618\" \/>\n\t<meta property=\"og:image:height\" content=\"618\" \/>\n\t<meta property=\"og:image:type\" content=\"image\/png\" \/>\n<script type=\"application\/ld+json\" class=\"yoast-schema-graph\">{\"@context\":\"https:\\\/\\\/schema.org\",\"@graph\":[{\"@type\":\"WebPage\",\"@id\":\"https:\\\/\\\/naturalpoland.com\\\/de\\\/produkte\\\/produkte-fur-die-pharmaindustrie\\\/nahrungserganzungmittel\\\/alpha-ketoglutarat-l-arginin\\\/\",\"url\":\"https:\\\/\\\/naturalpoland.com\\\/de\\\/produkte\\\/produkte-fur-die-pharmaindustrie\\\/nahrungserganzungmittel\\\/alpha-ketoglutarat-l-arginin\\\/\",\"name\":\"L-Arginin-Alpha-Ketoglutarat - Gro\u00dfhandelsvertrieb\",\"isPartOf\":{\"@id\":\"https:\\\/\\\/naturalpoland.com\\\/de\\\/#website\"},\"primaryImageOfPage\":{\"@id\":\"https:\\\/\\\/naturalpoland.com\\\/de\\\/produkte\\\/produkte-fur-die-pharmaindustrie\\\/nahrungserganzungmittel\\\/alpha-ketoglutarat-l-arginin\\\/#primaryimage\"},\"image\":{\"@id\":\"https:\\\/\\\/naturalpoland.com\\\/de\\\/produkte\\\/produkte-fur-die-pharmaindustrie\\\/nahrungserganzungmittel\\\/alpha-ketoglutarat-l-arginin\\\/#primaryimage\"},\"thumbnailUrl\":\"https:\\\/\\\/naturalpoland.com\\\/wp-content\\\/uploads\\\/alfa-ketoglutaran-l-argininy.png\",\"datePublished\":\"2023-11-13T10:26:01+00:00\",\"description\":\"L-Arginin-Alpha-Ketoglutarat wird vor allem Sportlern, aktiven Trainierenden und Menschen, die auf ihre k\u00f6rperliche Fitness achten, empfohlen.\",\"breadcrumb\":{\"@id\":\"https:\\\/\\\/naturalpoland.com\\\/de\\\/produkte\\\/produkte-fur-die-pharmaindustrie\\\/nahrungserganzungmittel\\\/alpha-ketoglutarat-l-arginin\\\/#breadcrumb\"},\"inLanguage\":\"de\",\"potentialAction\":[{\"@type\":\"ReadAction\",\"target\":[\"https:\\\/\\\/naturalpoland.com\\\/de\\\/produkte\\\/produkte-fur-die-pharmaindustrie\\\/nahrungserganzungmittel\\\/alpha-ketoglutarat-l-arginin\\\/\"]}]},{\"@type\":\"ImageObject\",\"inLanguage\":\"de\",\"@id\":\"https:\\\/\\\/naturalpoland.com\\\/de\\\/produkte\\\/produkte-fur-die-pharmaindustrie\\\/nahrungserganzungmittel\\\/alpha-ketoglutarat-l-arginin\\\/#primaryimage\",\"url\":\"https:\\\/\\\/naturalpoland.com\\\/wp-content\\\/uploads\\\/alfa-ketoglutaran-l-argininy.png\",\"contentUrl\":\"https:\\\/\\\/naturalpoland.com\\\/wp-content\\\/uploads\\\/alfa-ketoglutaran-l-argininy.png\",\"width\":618,\"height\":618,\"caption\":\"L-Arginin-Alpha-Ketoglutarat\"},{\"@type\":\"BreadcrumbList\",\"@id\":\"https:\\\/\\\/naturalpoland.com\\\/de\\\/produkte\\\/produkte-fur-die-pharmaindustrie\\\/nahrungserganzungmittel\\\/alpha-ketoglutarat-l-arginin\\\/#breadcrumb\",\"itemListElement\":[{\"@type\":\"ListItem\",\"position\":1,\"name\":\"Startseite\",\"item\":\"https:\\\/\\\/naturalpoland.com\\\/de\\\/\"},{\"@type\":\"ListItem\",\"position\":2,\"name\":\"Produkte\",\"item\":\"https:\\\/\\\/naturalpoland.com\\\/de\\\/produkte\\\/\"},{\"@type\":\"ListItem\",\"position\":3,\"name\":\"L-Arginin-Alpha-Ketoglutarat\"}]},{\"@type\":\"WebSite\",\"@id\":\"https:\\\/\\\/naturalpoland.com\\\/de\\\/#website\",\"url\":\"https:\\\/\\\/naturalpoland.com\\\/de\\\/\",\"name\":\"NATURAL POLAND - IMPORT UND HANDEL VON ROHSTOFFEN\",\"description\":\"Rohstoffe f\u00fcr die Lebensmittelindustrie, Kosmetikindustrie, Pharmaindustrie\",\"publisher\":{\"@id\":\"https:\\\/\\\/naturalpoland.com\\\/de\\\/#organization\"},\"potentialAction\":[{\"@type\":\"SearchAction\",\"target\":{\"@type\":\"EntryPoint\",\"urlTemplate\":\"https:\\\/\\\/naturalpoland.com\\\/de\\\/?s={search_term_string}\"},\"query-input\":{\"@type\":\"PropertyValueSpecification\",\"valueRequired\":true,\"valueName\":\"search_term_string\"}}],\"inLanguage\":\"de\"},{\"@type\":\"Organization\",\"@id\":\"https:\\\/\\\/naturalpoland.com\\\/de\\\/#organization\",\"name\":\"Natural Poland\",\"url\":\"https:\\\/\\\/naturalpoland.com\\\/de\\\/\",\"logo\":{\"@type\":\"ImageObject\",\"inLanguage\":\"de\",\"@id\":\"https:\\\/\\\/naturalpoland.com\\\/de\\\/#\\\/schema\\\/logo\\\/image\\\/\",\"url\":\"https:\\\/\\\/naturalpoland.com\\\/wp-content\\\/uploads\\\/2021\\\/05\\\/natural-poland-icon.png\",\"contentUrl\":\"https:\\\/\\\/naturalpoland.com\\\/wp-content\\\/uploads\\\/2021\\\/05\\\/natural-poland-icon.png\",\"width\":512,\"height\":512,\"caption\":\"Natural Poland\"},\"image\":{\"@id\":\"https:\\\/\\\/naturalpoland.com\\\/de\\\/#\\\/schema\\\/logo\\\/image\\\/\"},\"sameAs\":[\"https:\\\/\\\/www.facebook.com\\\/naturalpoland.b2b\",\"https:\\\/\\\/pl.linkedin.com\\\/company\\\/natural-poland\",\"https:\\\/\\\/www.youtube.com\\\/channel\\\/UCgeGGkvOMahZo-xu_MSEWxg\"]}]}<\/script>\n<!-- \/ Yoast SEO plugin. -->","yoast_head_json":{"title":"L-Arginin-Alpha-Ketoglutarat - Gro\u00dfhandelsvertrieb","description":"L-Arginin-Alpha-Ketoglutarat wird vor allem Sportlern, aktiven Trainierenden und Menschen, die auf ihre k\u00f6rperliche Fitness achten, empfohlen.","robots":{"index":"index","follow":"follow","max-snippet":"max-snippet:-1","max-image-preview":"max-image-preview:large","max-video-preview":"max-video-preview:-1"},"canonical":"https:\/\/naturalpoland.com\/de\/produkte\/produkte-fur-die-pharmaindustrie\/nahrungserganzungmittel\/alpha-ketoglutarat-l-arginin\/","og_locale":"de_DE","og_type":"article","og_title":"L-Arginin-Alpha-Ketoglutarat - Gro\u00dfhandelsvertrieb","og_description":"L-Arginin-Alpha-Ketoglutarat wird vor allem Sportlern, aktiven Trainierenden und Menschen, die auf ihre k\u00f6rperliche Fitness achten, empfohlen.","og_url":"https:\/\/naturalpoland.com\/de\/produkte\/produkte-fur-die-pharmaindustrie\/nahrungserganzungmittel\/alpha-ketoglutarat-l-arginin\/","og_site_name":"NATURAL POLAND - IMPORT UND HANDEL VON ROHSTOFFEN","article_publisher":"https:\/\/www.facebook.com\/naturalpoland.b2b","og_image":[{"width":618,"height":618,"url":"https:\/\/naturalpoland.com\/wp-content\/uploads\/alfa-ketoglutaran-l-argininy.png","type":"image\/png"}],"schema":{"@context":"https:\/\/schema.org","@graph":[{"@type":"WebPage","@id":"https:\/\/naturalpoland.com\/de\/produkte\/produkte-fur-die-pharmaindustrie\/nahrungserganzungmittel\/alpha-ketoglutarat-l-arginin\/","url":"https:\/\/naturalpoland.com\/de\/produkte\/produkte-fur-die-pharmaindustrie\/nahrungserganzungmittel\/alpha-ketoglutarat-l-arginin\/","name":"L-Arginin-Alpha-Ketoglutarat - Gro\u00dfhandelsvertrieb","isPartOf":{"@id":"https:\/\/naturalpoland.com\/de\/#website"},"primaryImageOfPage":{"@id":"https:\/\/naturalpoland.com\/de\/produkte\/produkte-fur-die-pharmaindustrie\/nahrungserganzungmittel\/alpha-ketoglutarat-l-arginin\/#primaryimage"},"image":{"@id":"https:\/\/naturalpoland.com\/de\/produkte\/produkte-fur-die-pharmaindustrie\/nahrungserganzungmittel\/alpha-ketoglutarat-l-arginin\/#primaryimage"},"thumbnailUrl":"https:\/\/naturalpoland.com\/wp-content\/uploads\/alfa-ketoglutaran-l-argininy.png","datePublished":"2023-11-13T10:26:01+00:00","description":"L-Arginin-Alpha-Ketoglutarat wird vor allem Sportlern, aktiven Trainierenden und Menschen, die auf ihre k\u00f6rperliche Fitness achten, empfohlen.","breadcrumb":{"@id":"https:\/\/naturalpoland.com\/de\/produkte\/produkte-fur-die-pharmaindustrie\/nahrungserganzungmittel\/alpha-ketoglutarat-l-arginin\/#breadcrumb"},"inLanguage":"de","potentialAction":[{"@type":"ReadAction","target":["https:\/\/naturalpoland.com\/de\/produkte\/produkte-fur-die-pharmaindustrie\/nahrungserganzungmittel\/alpha-ketoglutarat-l-arginin\/"]}]},{"@type":"ImageObject","inLanguage":"de","@id":"https:\/\/naturalpoland.com\/de\/produkte\/produkte-fur-die-pharmaindustrie\/nahrungserganzungmittel\/alpha-ketoglutarat-l-arginin\/#primaryimage","url":"https:\/\/naturalpoland.com\/wp-content\/uploads\/alfa-ketoglutaran-l-argininy.png","contentUrl":"https:\/\/naturalpoland.com\/wp-content\/uploads\/alfa-ketoglutaran-l-argininy.png","width":618,"height":618,"caption":"L-Arginin-Alpha-Ketoglutarat"},{"@type":"BreadcrumbList","@id":"https:\/\/naturalpoland.com\/de\/produkte\/produkte-fur-die-pharmaindustrie\/nahrungserganzungmittel\/alpha-ketoglutarat-l-arginin\/#breadcrumb","itemListElement":[{"@type":"ListItem","position":1,"name":"Startseite","item":"https:\/\/naturalpoland.com\/de\/"},{"@type":"ListItem","position":2,"name":"Produkte","item":"https:\/\/naturalpoland.com\/de\/produkte\/"},{"@type":"ListItem","position":3,"name":"L-Arginin-Alpha-Ketoglutarat"}]},{"@type":"WebSite","@id":"https:\/\/naturalpoland.com\/de\/#website","url":"https:\/\/naturalpoland.com\/de\/","name":"NATURAL POLAND - IMPORT UND HANDEL VON ROHSTOFFEN","description":"Rohstoffe f\u00fcr die Lebensmittelindustrie, Kosmetikindustrie, Pharmaindustrie","publisher":{"@id":"https:\/\/naturalpoland.com\/de\/#organization"},"potentialAction":[{"@type":"SearchAction","target":{"@type":"EntryPoint","urlTemplate":"https:\/\/naturalpoland.com\/de\/?s={search_term_string}"},"query-input":{"@type":"PropertyValueSpecification","valueRequired":true,"valueName":"search_term_string"}}],"inLanguage":"de"},{"@type":"Organization","@id":"https:\/\/naturalpoland.com\/de\/#organization","name":"Natural Poland","url":"https:\/\/naturalpoland.com\/de\/","logo":{"@type":"ImageObject","inLanguage":"de","@id":"https:\/\/naturalpoland.com\/de\/#\/schema\/logo\/image\/","url":"https:\/\/naturalpoland.com\/wp-content\/uploads\/2021\/05\/natural-poland-icon.png","contentUrl":"https:\/\/naturalpoland.com\/wp-content\/uploads\/2021\/05\/natural-poland-icon.png","width":512,"height":512,"caption":"Natural Poland"},"image":{"@id":"https:\/\/naturalpoland.com\/de\/#\/schema\/logo\/image\/"},"sameAs":["https:\/\/www.facebook.com\/naturalpoland.b2b","https:\/\/pl.linkedin.com\/company\/natural-poland","https:\/\/www.youtube.com\/channel\/UCgeGGkvOMahZo-xu_MSEWxg"]}]}},"_links":{"self":[{"href":"https:\/\/naturalpoland.com\/de\/wp-json\/wp\/v2\/product\/27585","targetHints":{"allow":["GET"]}}],"collection":[{"href":"https:\/\/naturalpoland.com\/de\/wp-json\/wp\/v2\/product"}],"about":[{"href":"https:\/\/naturalpoland.com\/de\/wp-json\/wp\/v2\/types\/product"}],"wp:featuredmedia":[{"embeddable":true,"href":"https:\/\/naturalpoland.com\/de\/wp-json\/wp\/v2\/media\/27575"}],"wp:attachment":[{"href":"https:\/\/naturalpoland.com\/de\/wp-json\/wp\/v2\/media?parent=27585"}],"wp:term":[{"taxonomy":"product_brand","embeddable":true,"href":"https:\/\/naturalpoland.com\/de\/wp-json\/wp\/v2\/product_brand?post=27585"},{"taxonomy":"product_cat","embeddable":true,"href":"https:\/\/naturalpoland.com\/de\/wp-json\/wp\/v2\/product_cat?post=27585"},{"taxonomy":"product_tag","embeddable":true,"href":"https:\/\/naturalpoland.com\/de\/wp-json\/wp\/v2\/product_tag?post=27585"}],"curies":[{"name":"wp","href":"https:\/\/api.w.org\/{rel}","templated":true}]}}