{"id":29346,"date":"2024-01-08T11:53:06","date_gmt":"2024-01-10T11:34:02","guid":{"rendered":"https:\/\/naturalpoland.com\/produkty\/unkategorisiert\/palmitoyl-tetrapeptid-7\/"},"modified":"2024-01-10T12:34:02","modified_gmt":"2024-01-10T11:34:02","slug":"palmitoyl-tetrapeptid-7","status":"publish","type":"product","link":"https:\/\/naturalpoland.com\/de\/produkte\/produkte-fur-die-kosmetikindustrie\/peptide\/palmitoyl-tetrapeptid-7\/","title":{"rendered":"Palmitoyl-Tetrapeptid-7"},"content":{"rendered":"<p><strong>Mechanismus der Wirkung:<\/strong><\/p>\n<p>Palmitoyltripeptid-7 wirkt auf Keratinozyten und reduziert die Sekretion von Interleukin 6 (IL6). Dadurch wird das zellul\u00e4re Gleichgewicht der Haut erhalten und die Entz\u00fcndungsreaktion minimiert. Daher kann dieser Inhaltsstoff die Festigkeit und Elastizit\u00e4t der Haut verbessern. Dar\u00fcber hinaus wirkt es als zellul\u00e4rer Botenstoff, der die Synthese von Kollagen (Typ I, II, IV) und Elastin in der Haut anregt, was zur Regeneration der Kollagenfasern beitr\u00e4gt.<\/p>\n<p><strong>Ein Experiment zur Wirksamkeit von Anti-Falten-Mitteln:<\/strong><\/p>\n<p>In einer Studie, an der 28 Personen teilnahmen, wurde Palmitoyltripeptid-7 auf das Gesicht aufgetragen. Die Ergebnisse zeigten, dass nach einer zweimonatigen Anwendung des Wirkstoffs ein signifikanter Anstieg des Hautfasergehalts im Vergleich zum Ausgangswert zu verzeichnen war.<\/p>\n<p><strong>Anwendungen:<\/strong><\/p>\n<p>Palmitoyltripeptid-7 wird h\u00e4ufig in kosmetischen Produkten verwendet, die eine Anti-Aging-, Anti-Falten-, entz\u00fcndungshemmende, straffende, antiallergische und andere Wirkung haben. Es ist ein wichtiger Bestandteil von Produkten wie Gelen, Lotionen, Tages- und Nachtcremes, Augenseren und Gesichtsmasken.<\/p>\n<p>Die empfohlene Konzentration f\u00fcr die Verwendung in Produkten liegt zwischen 0,002% und 0,01%.<\/p>\n","protected":false},"excerpt":{"rendered":"<p>Palmitoyl Tripeptide-7 ist ein wirksamer Wirkstoff in der Kosmetik, dessen Hauptfunktion darin besteht, entz\u00fcndliche Prozesse in der Haut zu reduzieren, was zu einer verbesserten Festigkeit und Elastizit\u00e4t f\u00fchrt.<\/p>\n","protected":false},"featured_media":29299,"template":"","meta":{"_acf_changed":false},"product_brand":[],"product_cat":[2492],"product_tag":[],"class_list":{"0":"post-29346","1":"product","2":"type-product","3":"status-publish","4":"has-post-thumbnail","6":"product_cat-peptide","7":"pa_metoda-pozyskiwania-biologische-fermentation","9":"first","10":"instock","11":"shipping-taxable","12":"product-type-simple"},"acf":[],"yoast_head":"<!-- This site is optimized with the Yoast SEO plugin v27.4 - https:\/\/yoast.com\/product\/yoast-seo-wordpress\/ -->\n<title>Palmitoyl-Tetrapeptid-7 - Gro\u00dfhandelsvertrieb<\/title>\n<meta name=\"description\" content=\"Palmitoyl Tripeptide-7 ist ein effektiver Wirkstoff in der Kosmetik, dessen Hauptfunktion darin besteht, entz\u00fcndliche Prozesse in der Haut zu reduzieren.\" \/>\n<meta name=\"robots\" content=\"index, follow, max-snippet:-1, max-image-preview:large, max-video-preview:-1\" \/>\n<link rel=\"canonical\" href=\"https:\/\/naturalpoland.com\/de\/produkte\/produkte-fur-die-kosmetikindustrie\/peptide\/palmitoyl-tetrapeptid-7\/\" \/>\n<meta property=\"og:locale\" content=\"de_DE\" \/>\n<meta property=\"og:type\" content=\"article\" \/>\n<meta property=\"og:title\" content=\"Palmitoyl-Tetrapeptid-7 - Gro\u00dfhandelsvertrieb\" \/>\n<meta property=\"og:description\" content=\"Palmitoyl Tripeptide-7 ist ein effektiver Wirkstoff in der Kosmetik, dessen Hauptfunktion darin besteht, entz\u00fcndliche Prozesse in der Haut zu reduzieren.\" \/>\n<meta property=\"og:url\" content=\"https:\/\/naturalpoland.com\/de\/produkte\/produkte-fur-die-kosmetikindustrie\/peptide\/palmitoyl-tetrapeptid-7\/\" \/>\n<meta property=\"og:site_name\" content=\"NATURAL POLAND - IMPORT UND HANDEL VON ROHSTOFFEN\" \/>\n<meta property=\"article:publisher\" content=\"https:\/\/www.facebook.com\/naturalpoland.b2b\" \/>\n<meta property=\"og:image\" content=\"https:\/\/naturalpoland.com\/wp-content\/uploads\/copper_peptide.webp\" \/>\n\t<meta property=\"og:image:width\" content=\"618\" \/>\n\t<meta property=\"og:image:height\" content=\"618\" \/>\n\t<meta property=\"og:image:type\" content=\"image\/webp\" \/>\n<script type=\"application\/ld+json\" class=\"yoast-schema-graph\">{\"@context\":\"https:\\\/\\\/schema.org\",\"@graph\":[{\"@type\":\"WebPage\",\"@id\":\"https:\\\/\\\/naturalpoland.com\\\/de\\\/produkte\\\/produkte-fur-die-kosmetikindustrie\\\/peptide\\\/palmitoyl-tetrapeptid-7\\\/\",\"url\":\"https:\\\/\\\/naturalpoland.com\\\/de\\\/produkte\\\/produkte-fur-die-kosmetikindustrie\\\/peptide\\\/palmitoyl-tetrapeptid-7\\\/\",\"name\":\"Palmitoyl-Tetrapeptid-7 - Gro\u00dfhandelsvertrieb\",\"isPartOf\":{\"@id\":\"https:\\\/\\\/naturalpoland.com\\\/de\\\/#website\"},\"primaryImageOfPage\":{\"@id\":\"https:\\\/\\\/naturalpoland.com\\\/de\\\/produkte\\\/produkte-fur-die-kosmetikindustrie\\\/peptide\\\/palmitoyl-tetrapeptid-7\\\/#primaryimage\"},\"image\":{\"@id\":\"https:\\\/\\\/naturalpoland.com\\\/de\\\/produkte\\\/produkte-fur-die-kosmetikindustrie\\\/peptide\\\/palmitoyl-tetrapeptid-7\\\/#primaryimage\"},\"thumbnailUrl\":\"https:\\\/\\\/naturalpoland.com\\\/wp-content\\\/uploads\\\/copper_peptide.webp\",\"datePublished\":\"2024-01-10T11:34:02+00:00\",\"description\":\"Palmitoyl Tripeptide-7 ist ein effektiver Wirkstoff in der Kosmetik, dessen Hauptfunktion darin besteht, entz\u00fcndliche Prozesse in der Haut zu reduzieren.\",\"breadcrumb\":{\"@id\":\"https:\\\/\\\/naturalpoland.com\\\/de\\\/produkte\\\/produkte-fur-die-kosmetikindustrie\\\/peptide\\\/palmitoyl-tetrapeptid-7\\\/#breadcrumb\"},\"inLanguage\":\"de\",\"potentialAction\":[{\"@type\":\"ReadAction\",\"target\":[\"https:\\\/\\\/naturalpoland.com\\\/de\\\/produkte\\\/produkte-fur-die-kosmetikindustrie\\\/peptide\\\/palmitoyl-tetrapeptid-7\\\/\"]}]},{\"@type\":\"ImageObject\",\"inLanguage\":\"de\",\"@id\":\"https:\\\/\\\/naturalpoland.com\\\/de\\\/produkte\\\/produkte-fur-die-kosmetikindustrie\\\/peptide\\\/palmitoyl-tetrapeptid-7\\\/#primaryimage\",\"url\":\"https:\\\/\\\/naturalpoland.com\\\/wp-content\\\/uploads\\\/copper_peptide.webp\",\"contentUrl\":\"https:\\\/\\\/naturalpoland.com\\\/wp-content\\\/uploads\\\/copper_peptide.webp\",\"width\":618,\"height\":618,\"caption\":\"Kupferpeptid\"},{\"@type\":\"BreadcrumbList\",\"@id\":\"https:\\\/\\\/naturalpoland.com\\\/de\\\/produkte\\\/produkte-fur-die-kosmetikindustrie\\\/peptide\\\/palmitoyl-tetrapeptid-7\\\/#breadcrumb\",\"itemListElement\":[{\"@type\":\"ListItem\",\"position\":1,\"name\":\"Startseite\",\"item\":\"https:\\\/\\\/naturalpoland.com\\\/de\\\/\"},{\"@type\":\"ListItem\",\"position\":2,\"name\":\"Produkte\",\"item\":\"https:\\\/\\\/naturalpoland.com\\\/de\\\/produkte\\\/\"},{\"@type\":\"ListItem\",\"position\":3,\"name\":\"Palmitoyl-Tetrapeptid-7\"}]},{\"@type\":\"WebSite\",\"@id\":\"https:\\\/\\\/naturalpoland.com\\\/de\\\/#website\",\"url\":\"https:\\\/\\\/naturalpoland.com\\\/de\\\/\",\"name\":\"NATURAL POLAND - IMPORT UND HANDEL VON ROHSTOFFEN\",\"description\":\"Rohstoffe f\u00fcr die Lebensmittelindustrie, Kosmetikindustrie, Pharmaindustrie\",\"publisher\":{\"@id\":\"https:\\\/\\\/naturalpoland.com\\\/de\\\/#organization\"},\"potentialAction\":[{\"@type\":\"SearchAction\",\"target\":{\"@type\":\"EntryPoint\",\"urlTemplate\":\"https:\\\/\\\/naturalpoland.com\\\/de\\\/?s={search_term_string}\"},\"query-input\":{\"@type\":\"PropertyValueSpecification\",\"valueRequired\":true,\"valueName\":\"search_term_string\"}}],\"inLanguage\":\"de\"},{\"@type\":\"Organization\",\"@id\":\"https:\\\/\\\/naturalpoland.com\\\/de\\\/#organization\",\"name\":\"Natural Poland\",\"url\":\"https:\\\/\\\/naturalpoland.com\\\/de\\\/\",\"logo\":{\"@type\":\"ImageObject\",\"inLanguage\":\"de\",\"@id\":\"https:\\\/\\\/naturalpoland.com\\\/de\\\/#\\\/schema\\\/logo\\\/image\\\/\",\"url\":\"https:\\\/\\\/naturalpoland.com\\\/wp-content\\\/uploads\\\/2021\\\/05\\\/natural-poland-icon.png\",\"contentUrl\":\"https:\\\/\\\/naturalpoland.com\\\/wp-content\\\/uploads\\\/2021\\\/05\\\/natural-poland-icon.png\",\"width\":512,\"height\":512,\"caption\":\"Natural Poland\"},\"image\":{\"@id\":\"https:\\\/\\\/naturalpoland.com\\\/de\\\/#\\\/schema\\\/logo\\\/image\\\/\"},\"sameAs\":[\"https:\\\/\\\/www.facebook.com\\\/naturalpoland.b2b\",\"https:\\\/\\\/pl.linkedin.com\\\/company\\\/natural-poland\",\"https:\\\/\\\/www.youtube.com\\\/channel\\\/UCgeGGkvOMahZo-xu_MSEWxg\"]}]}<\/script>\n<!-- \/ Yoast SEO plugin. -->","yoast_head_json":{"title":"Palmitoyl-Tetrapeptid-7 - Gro\u00dfhandelsvertrieb","description":"Palmitoyl Tripeptide-7 ist ein effektiver Wirkstoff in der Kosmetik, dessen Hauptfunktion darin besteht, entz\u00fcndliche Prozesse in der Haut zu reduzieren.","robots":{"index":"index","follow":"follow","max-snippet":"max-snippet:-1","max-image-preview":"max-image-preview:large","max-video-preview":"max-video-preview:-1"},"canonical":"https:\/\/naturalpoland.com\/de\/produkte\/produkte-fur-die-kosmetikindustrie\/peptide\/palmitoyl-tetrapeptid-7\/","og_locale":"de_DE","og_type":"article","og_title":"Palmitoyl-Tetrapeptid-7 - Gro\u00dfhandelsvertrieb","og_description":"Palmitoyl Tripeptide-7 ist ein effektiver Wirkstoff in der Kosmetik, dessen Hauptfunktion darin besteht, entz\u00fcndliche Prozesse in der Haut zu reduzieren.","og_url":"https:\/\/naturalpoland.com\/de\/produkte\/produkte-fur-die-kosmetikindustrie\/peptide\/palmitoyl-tetrapeptid-7\/","og_site_name":"NATURAL POLAND - IMPORT UND HANDEL VON ROHSTOFFEN","article_publisher":"https:\/\/www.facebook.com\/naturalpoland.b2b","og_image":[{"width":618,"height":618,"url":"https:\/\/naturalpoland.com\/wp-content\/uploads\/copper_peptide.webp","type":"image\/webp"}],"schema":{"@context":"https:\/\/schema.org","@graph":[{"@type":"WebPage","@id":"https:\/\/naturalpoland.com\/de\/produkte\/produkte-fur-die-kosmetikindustrie\/peptide\/palmitoyl-tetrapeptid-7\/","url":"https:\/\/naturalpoland.com\/de\/produkte\/produkte-fur-die-kosmetikindustrie\/peptide\/palmitoyl-tetrapeptid-7\/","name":"Palmitoyl-Tetrapeptid-7 - Gro\u00dfhandelsvertrieb","isPartOf":{"@id":"https:\/\/naturalpoland.com\/de\/#website"},"primaryImageOfPage":{"@id":"https:\/\/naturalpoland.com\/de\/produkte\/produkte-fur-die-kosmetikindustrie\/peptide\/palmitoyl-tetrapeptid-7\/#primaryimage"},"image":{"@id":"https:\/\/naturalpoland.com\/de\/produkte\/produkte-fur-die-kosmetikindustrie\/peptide\/palmitoyl-tetrapeptid-7\/#primaryimage"},"thumbnailUrl":"https:\/\/naturalpoland.com\/wp-content\/uploads\/copper_peptide.webp","datePublished":"2024-01-10T11:34:02+00:00","description":"Palmitoyl Tripeptide-7 ist ein effektiver Wirkstoff in der Kosmetik, dessen Hauptfunktion darin besteht, entz\u00fcndliche Prozesse in der Haut zu reduzieren.","breadcrumb":{"@id":"https:\/\/naturalpoland.com\/de\/produkte\/produkte-fur-die-kosmetikindustrie\/peptide\/palmitoyl-tetrapeptid-7\/#breadcrumb"},"inLanguage":"de","potentialAction":[{"@type":"ReadAction","target":["https:\/\/naturalpoland.com\/de\/produkte\/produkte-fur-die-kosmetikindustrie\/peptide\/palmitoyl-tetrapeptid-7\/"]}]},{"@type":"ImageObject","inLanguage":"de","@id":"https:\/\/naturalpoland.com\/de\/produkte\/produkte-fur-die-kosmetikindustrie\/peptide\/palmitoyl-tetrapeptid-7\/#primaryimage","url":"https:\/\/naturalpoland.com\/wp-content\/uploads\/copper_peptide.webp","contentUrl":"https:\/\/naturalpoland.com\/wp-content\/uploads\/copper_peptide.webp","width":618,"height":618,"caption":"Kupferpeptid"},{"@type":"BreadcrumbList","@id":"https:\/\/naturalpoland.com\/de\/produkte\/produkte-fur-die-kosmetikindustrie\/peptide\/palmitoyl-tetrapeptid-7\/#breadcrumb","itemListElement":[{"@type":"ListItem","position":1,"name":"Startseite","item":"https:\/\/naturalpoland.com\/de\/"},{"@type":"ListItem","position":2,"name":"Produkte","item":"https:\/\/naturalpoland.com\/de\/produkte\/"},{"@type":"ListItem","position":3,"name":"Palmitoyl-Tetrapeptid-7"}]},{"@type":"WebSite","@id":"https:\/\/naturalpoland.com\/de\/#website","url":"https:\/\/naturalpoland.com\/de\/","name":"NATURAL POLAND - IMPORT UND HANDEL VON ROHSTOFFEN","description":"Rohstoffe f\u00fcr die Lebensmittelindustrie, Kosmetikindustrie, Pharmaindustrie","publisher":{"@id":"https:\/\/naturalpoland.com\/de\/#organization"},"potentialAction":[{"@type":"SearchAction","target":{"@type":"EntryPoint","urlTemplate":"https:\/\/naturalpoland.com\/de\/?s={search_term_string}"},"query-input":{"@type":"PropertyValueSpecification","valueRequired":true,"valueName":"search_term_string"}}],"inLanguage":"de"},{"@type":"Organization","@id":"https:\/\/naturalpoland.com\/de\/#organization","name":"Natural Poland","url":"https:\/\/naturalpoland.com\/de\/","logo":{"@type":"ImageObject","inLanguage":"de","@id":"https:\/\/naturalpoland.com\/de\/#\/schema\/logo\/image\/","url":"https:\/\/naturalpoland.com\/wp-content\/uploads\/2021\/05\/natural-poland-icon.png","contentUrl":"https:\/\/naturalpoland.com\/wp-content\/uploads\/2021\/05\/natural-poland-icon.png","width":512,"height":512,"caption":"Natural Poland"},"image":{"@id":"https:\/\/naturalpoland.com\/de\/#\/schema\/logo\/image\/"},"sameAs":["https:\/\/www.facebook.com\/naturalpoland.b2b","https:\/\/pl.linkedin.com\/company\/natural-poland","https:\/\/www.youtube.com\/channel\/UCgeGGkvOMahZo-xu_MSEWxg"]}]}},"_links":{"self":[{"href":"https:\/\/naturalpoland.com\/de\/wp-json\/wp\/v2\/product\/29346","targetHints":{"allow":["GET"]}}],"collection":[{"href":"https:\/\/naturalpoland.com\/de\/wp-json\/wp\/v2\/product"}],"about":[{"href":"https:\/\/naturalpoland.com\/de\/wp-json\/wp\/v2\/types\/product"}],"wp:featuredmedia":[{"embeddable":true,"href":"https:\/\/naturalpoland.com\/de\/wp-json\/wp\/v2\/media\/29299"}],"wp:attachment":[{"href":"https:\/\/naturalpoland.com\/de\/wp-json\/wp\/v2\/media?parent=29346"}],"wp:term":[{"taxonomy":"product_brand","embeddable":true,"href":"https:\/\/naturalpoland.com\/de\/wp-json\/wp\/v2\/product_brand?post=29346"},{"taxonomy":"product_cat","embeddable":true,"href":"https:\/\/naturalpoland.com\/de\/wp-json\/wp\/v2\/product_cat?post=29346"},{"taxonomy":"product_tag","embeddable":true,"href":"https:\/\/naturalpoland.com\/de\/wp-json\/wp\/v2\/product_tag?post=29346"}],"curies":[{"name":"wp","href":"https:\/\/api.w.org\/{rel}","templated":true}]}}