{"id":29463,"date":"2023-12-20T16:37:56","date_gmt":"2024-01-10T11:54:23","guid":{"rendered":"https:\/\/naturalpoland.com\/produkty\/unkategorisiert\/dipeptid-diaminobutyroyl-benzylamid-diacetat\/"},"modified":"2024-01-10T12:54:23","modified_gmt":"2024-01-10T11:54:23","slug":"dipeptid-diaminobutyroyl-benzylamid-diacetat","status":"publish","type":"product","link":"https:\/\/naturalpoland.com\/de\/produkte\/produkte-fur-die-kosmetikindustrie\/peptide\/dipeptid-diaminobutyroyl-benzylamid-diacetat\/","title":{"rendered":"Dipeptid Diaminobutyroyl Benzylamid Diacetat"},"content":{"rendered":"<p><strong>Effektivit\u00e4t:<\/strong><\/p>\n<p>In einer Studie mit 30 Personen im Alter von 30 bis 50 Jahren wurde festgestellt, dass eine Lotion mit einer 0,2 %igen DDBD-L\u00f6sung, die vier Wochen lang zweimal t\u00e4glich aufgetragen wurde, die Falten deutlich reduziert und die Hautstruktur sowie das allgemeine Erscheinungsbild der Augenpartie verbessert.<\/p>\n<p><strong>Mechanismus der Wirkung:<\/strong><\/p>\n<p>Das Diaminobutyroylbenzylamiddiacetat-Dipeptid ist ein reversibler Antagonist des nmAchR-Rezeptors, der die Aktivierung durch Acetylcholin hemmt, was zu einer Entspannung der Gesichtsmuskeln und einer Gl\u00e4ttung der Falten f\u00fchrt.<\/p>\n<p><strong>Anwendungen:<\/strong><\/p>\n<p>Es wird in Kosmetik- und Hautpflegeprodukten wie Augenseren, Lotionen und Gesichtscremes empfohlen, da es eine faltenreduzierende, antioxidative und hautstraffende Wirkung hat.<\/p>\n","protected":false},"excerpt":{"rendered":"<p>Diaminobutyroyl dipeptide benzylamide Diacetate blockiert die Bindung von Acetylcholin an den Rezeptor, was zu einer Muskelentspannung und einer raschen Gl\u00e4ttung von Falten wie Nasolabialfalten, Stirnfalten oder der Augenpartie f\u00fchrt, wodurch die Haut gegl\u00e4ttet und ihre Elastizit\u00e4t verbessert wird.<\/p>\n","protected":false},"featured_media":28815,"template":"","meta":[],"product_brand":[],"product_cat":[2492],"product_tag":[],"class_list":{"0":"post-29463","1":"product","2":"type-product","3":"status-publish","4":"has-post-thumbnail","6":"product_cat-peptide","7":"pa_metoda-pozyskiwania-biologische-fermentation","9":"first","10":"instock","11":"shipping-taxable","12":"product-type-simple"},"yoast_head":"<!-- This site is optimized with the Yoast SEO plugin v27.4 - https:\/\/yoast.com\/product\/yoast-seo-wordpress\/ -->\n<title>Dipeptid Diaminobutyroyl Benzylamid Diacetat - Gro\u00dfhandelsvertrieb<\/title>\n<meta name=\"description\" content=\"Diaminobutyroylbenzylamiddiacetat-Dipeptid ist ein reversibler Antagonist des nmAchR-Rezeptors, der die Aktivierung durch Acetylcholin hemmt.\" \/>\n<meta name=\"robots\" content=\"index, follow, max-snippet:-1, max-image-preview:large, max-video-preview:-1\" \/>\n<link rel=\"canonical\" href=\"https:\/\/naturalpoland.com\/de\/produkte\/produkte-fur-die-kosmetikindustrie\/peptide\/dipeptid-diaminobutyroyl-benzylamid-diacetat\/\" \/>\n<meta property=\"og:locale\" content=\"de_DE\" \/>\n<meta property=\"og:type\" content=\"article\" \/>\n<meta property=\"og:title\" content=\"Dipeptid Diaminobutyroyl Benzylamid Diacetat - Gro\u00dfhandelsvertrieb\" \/>\n<meta property=\"og:description\" content=\"Diaminobutyroylbenzylamiddiacetat-Dipeptid ist ein reversibler Antagonist des nmAchR-Rezeptors, der die Aktivierung durch Acetylcholin hemmt.\" \/>\n<meta property=\"og:url\" content=\"https:\/\/naturalpoland.com\/de\/produkte\/produkte-fur-die-kosmetikindustrie\/peptide\/dipeptid-diaminobutyroyl-benzylamid-diacetat\/\" \/>\n<meta property=\"og:site_name\" content=\"NATURAL POLAND - IMPORT UND HANDEL VON ROHSTOFFEN\" \/>\n<meta property=\"article:publisher\" content=\"https:\/\/www.facebook.com\/naturalpoland.b2b\" \/>\n<meta property=\"og:image\" content=\"https:\/\/naturalpoland.com\/wp-content\/uploads\/dipeptide_diaminobutyroyl_benzylamide_diacetate.webp\" \/>\n\t<meta property=\"og:image:width\" content=\"1024\" \/>\n\t<meta property=\"og:image:height\" content=\"1024\" \/>\n\t<meta property=\"og:image:type\" content=\"image\/webp\" \/>\n<script type=\"application\/ld+json\" class=\"yoast-schema-graph\">{\"@context\":\"https:\\\/\\\/schema.org\",\"@graph\":[{\"@type\":\"WebPage\",\"@id\":\"https:\\\/\\\/naturalpoland.com\\\/de\\\/produkte\\\/produkte-fur-die-kosmetikindustrie\\\/peptide\\\/dipeptid-diaminobutyroyl-benzylamid-diacetat\\\/\",\"url\":\"https:\\\/\\\/naturalpoland.com\\\/de\\\/produkte\\\/produkte-fur-die-kosmetikindustrie\\\/peptide\\\/dipeptid-diaminobutyroyl-benzylamid-diacetat\\\/\",\"name\":\"Dipeptid Diaminobutyroyl Benzylamid Diacetat - Gro\u00dfhandelsvertrieb\",\"isPartOf\":{\"@id\":\"https:\\\/\\\/naturalpoland.com\\\/de\\\/#website\"},\"primaryImageOfPage\":{\"@id\":\"https:\\\/\\\/naturalpoland.com\\\/de\\\/produkte\\\/produkte-fur-die-kosmetikindustrie\\\/peptide\\\/dipeptid-diaminobutyroyl-benzylamid-diacetat\\\/#primaryimage\"},\"image\":{\"@id\":\"https:\\\/\\\/naturalpoland.com\\\/de\\\/produkte\\\/produkte-fur-die-kosmetikindustrie\\\/peptide\\\/dipeptid-diaminobutyroyl-benzylamid-diacetat\\\/#primaryimage\"},\"thumbnailUrl\":\"https:\\\/\\\/naturalpoland.com\\\/wp-content\\\/uploads\\\/dipeptide_diaminobutyroyl_benzylamide_diacetate.webp\",\"datePublished\":\"2024-01-10T11:54:23+00:00\",\"description\":\"Diaminobutyroylbenzylamiddiacetat-Dipeptid ist ein reversibler Antagonist des nmAchR-Rezeptors, der die Aktivierung durch Acetylcholin hemmt.\",\"breadcrumb\":{\"@id\":\"https:\\\/\\\/naturalpoland.com\\\/de\\\/produkte\\\/produkte-fur-die-kosmetikindustrie\\\/peptide\\\/dipeptid-diaminobutyroyl-benzylamid-diacetat\\\/#breadcrumb\"},\"inLanguage\":\"de\",\"potentialAction\":[{\"@type\":\"ReadAction\",\"target\":[\"https:\\\/\\\/naturalpoland.com\\\/de\\\/produkte\\\/produkte-fur-die-kosmetikindustrie\\\/peptide\\\/dipeptid-diaminobutyroyl-benzylamid-diacetat\\\/\"]}]},{\"@type\":\"ImageObject\",\"inLanguage\":\"de\",\"@id\":\"https:\\\/\\\/naturalpoland.com\\\/de\\\/produkte\\\/produkte-fur-die-kosmetikindustrie\\\/peptide\\\/dipeptid-diaminobutyroyl-benzylamid-diacetat\\\/#primaryimage\",\"url\":\"https:\\\/\\\/naturalpoland.com\\\/wp-content\\\/uploads\\\/dipeptide_diaminobutyroyl_benzylamide_diacetate.webp\",\"contentUrl\":\"https:\\\/\\\/naturalpoland.com\\\/wp-content\\\/uploads\\\/dipeptide_diaminobutyroyl_benzylamide_diacetate.webp\",\"width\":1024,\"height\":1024,\"caption\":\"Dipeptid Diaminobutyroyl Benzylamid Diacetat\"},{\"@type\":\"BreadcrumbList\",\"@id\":\"https:\\\/\\\/naturalpoland.com\\\/de\\\/produkte\\\/produkte-fur-die-kosmetikindustrie\\\/peptide\\\/dipeptid-diaminobutyroyl-benzylamid-diacetat\\\/#breadcrumb\",\"itemListElement\":[{\"@type\":\"ListItem\",\"position\":1,\"name\":\"Startseite\",\"item\":\"https:\\\/\\\/naturalpoland.com\\\/de\\\/\"},{\"@type\":\"ListItem\",\"position\":2,\"name\":\"Produkte\",\"item\":\"https:\\\/\\\/naturalpoland.com\\\/de\\\/produkte\\\/\"},{\"@type\":\"ListItem\",\"position\":3,\"name\":\"Dipeptid Diaminobutyroyl Benzylamid Diacetat\"}]},{\"@type\":\"WebSite\",\"@id\":\"https:\\\/\\\/naturalpoland.com\\\/de\\\/#website\",\"url\":\"https:\\\/\\\/naturalpoland.com\\\/de\\\/\",\"name\":\"NATURAL POLAND - IMPORT UND HANDEL VON ROHSTOFFEN\",\"description\":\"Rohstoffe f\u00fcr die Lebensmittelindustrie, Kosmetikindustrie, Pharmaindustrie\",\"publisher\":{\"@id\":\"https:\\\/\\\/naturalpoland.com\\\/de\\\/#organization\"},\"potentialAction\":[{\"@type\":\"SearchAction\",\"target\":{\"@type\":\"EntryPoint\",\"urlTemplate\":\"https:\\\/\\\/naturalpoland.com\\\/de\\\/?s={search_term_string}\"},\"query-input\":{\"@type\":\"PropertyValueSpecification\",\"valueRequired\":true,\"valueName\":\"search_term_string\"}}],\"inLanguage\":\"de\"},{\"@type\":\"Organization\",\"@id\":\"https:\\\/\\\/naturalpoland.com\\\/de\\\/#organization\",\"name\":\"Natural Poland\",\"url\":\"https:\\\/\\\/naturalpoland.com\\\/de\\\/\",\"logo\":{\"@type\":\"ImageObject\",\"inLanguage\":\"de\",\"@id\":\"https:\\\/\\\/naturalpoland.com\\\/de\\\/#\\\/schema\\\/logo\\\/image\\\/\",\"url\":\"https:\\\/\\\/naturalpoland.com\\\/wp-content\\\/uploads\\\/2021\\\/05\\\/natural-poland-icon.png\",\"contentUrl\":\"https:\\\/\\\/naturalpoland.com\\\/wp-content\\\/uploads\\\/2021\\\/05\\\/natural-poland-icon.png\",\"width\":512,\"height\":512,\"caption\":\"Natural Poland\"},\"image\":{\"@id\":\"https:\\\/\\\/naturalpoland.com\\\/de\\\/#\\\/schema\\\/logo\\\/image\\\/\"},\"sameAs\":[\"https:\\\/\\\/www.facebook.com\\\/naturalpoland.b2b\",\"https:\\\/\\\/pl.linkedin.com\\\/company\\\/natural-poland\",\"https:\\\/\\\/www.youtube.com\\\/channel\\\/UCgeGGkvOMahZo-xu_MSEWxg\"]}]}<\/script>\n<!-- \/ Yoast SEO plugin. -->","yoast_head_json":{"title":"Dipeptid Diaminobutyroyl Benzylamid Diacetat - Gro\u00dfhandelsvertrieb","description":"Diaminobutyroylbenzylamiddiacetat-Dipeptid ist ein reversibler Antagonist des nmAchR-Rezeptors, der die Aktivierung durch Acetylcholin hemmt.","robots":{"index":"index","follow":"follow","max-snippet":"max-snippet:-1","max-image-preview":"max-image-preview:large","max-video-preview":"max-video-preview:-1"},"canonical":"https:\/\/naturalpoland.com\/de\/produkte\/produkte-fur-die-kosmetikindustrie\/peptide\/dipeptid-diaminobutyroyl-benzylamid-diacetat\/","og_locale":"de_DE","og_type":"article","og_title":"Dipeptid Diaminobutyroyl Benzylamid Diacetat - Gro\u00dfhandelsvertrieb","og_description":"Diaminobutyroylbenzylamiddiacetat-Dipeptid ist ein reversibler Antagonist des nmAchR-Rezeptors, der die Aktivierung durch Acetylcholin hemmt.","og_url":"https:\/\/naturalpoland.com\/de\/produkte\/produkte-fur-die-kosmetikindustrie\/peptide\/dipeptid-diaminobutyroyl-benzylamid-diacetat\/","og_site_name":"NATURAL POLAND - IMPORT UND HANDEL VON ROHSTOFFEN","article_publisher":"https:\/\/www.facebook.com\/naturalpoland.b2b","og_image":[{"width":1024,"height":1024,"url":"https:\/\/naturalpoland.com\/wp-content\/uploads\/dipeptide_diaminobutyroyl_benzylamide_diacetate.webp","type":"image\/webp"}],"schema":{"@context":"https:\/\/schema.org","@graph":[{"@type":"WebPage","@id":"https:\/\/naturalpoland.com\/de\/produkte\/produkte-fur-die-kosmetikindustrie\/peptide\/dipeptid-diaminobutyroyl-benzylamid-diacetat\/","url":"https:\/\/naturalpoland.com\/de\/produkte\/produkte-fur-die-kosmetikindustrie\/peptide\/dipeptid-diaminobutyroyl-benzylamid-diacetat\/","name":"Dipeptid Diaminobutyroyl Benzylamid Diacetat - Gro\u00dfhandelsvertrieb","isPartOf":{"@id":"https:\/\/naturalpoland.com\/de\/#website"},"primaryImageOfPage":{"@id":"https:\/\/naturalpoland.com\/de\/produkte\/produkte-fur-die-kosmetikindustrie\/peptide\/dipeptid-diaminobutyroyl-benzylamid-diacetat\/#primaryimage"},"image":{"@id":"https:\/\/naturalpoland.com\/de\/produkte\/produkte-fur-die-kosmetikindustrie\/peptide\/dipeptid-diaminobutyroyl-benzylamid-diacetat\/#primaryimage"},"thumbnailUrl":"https:\/\/naturalpoland.com\/wp-content\/uploads\/dipeptide_diaminobutyroyl_benzylamide_diacetate.webp","datePublished":"2024-01-10T11:54:23+00:00","description":"Diaminobutyroylbenzylamiddiacetat-Dipeptid ist ein reversibler Antagonist des nmAchR-Rezeptors, der die Aktivierung durch Acetylcholin hemmt.","breadcrumb":{"@id":"https:\/\/naturalpoland.com\/de\/produkte\/produkte-fur-die-kosmetikindustrie\/peptide\/dipeptid-diaminobutyroyl-benzylamid-diacetat\/#breadcrumb"},"inLanguage":"de","potentialAction":[{"@type":"ReadAction","target":["https:\/\/naturalpoland.com\/de\/produkte\/produkte-fur-die-kosmetikindustrie\/peptide\/dipeptid-diaminobutyroyl-benzylamid-diacetat\/"]}]},{"@type":"ImageObject","inLanguage":"de","@id":"https:\/\/naturalpoland.com\/de\/produkte\/produkte-fur-die-kosmetikindustrie\/peptide\/dipeptid-diaminobutyroyl-benzylamid-diacetat\/#primaryimage","url":"https:\/\/naturalpoland.com\/wp-content\/uploads\/dipeptide_diaminobutyroyl_benzylamide_diacetate.webp","contentUrl":"https:\/\/naturalpoland.com\/wp-content\/uploads\/dipeptide_diaminobutyroyl_benzylamide_diacetate.webp","width":1024,"height":1024,"caption":"Dipeptid Diaminobutyroyl Benzylamid Diacetat"},{"@type":"BreadcrumbList","@id":"https:\/\/naturalpoland.com\/de\/produkte\/produkte-fur-die-kosmetikindustrie\/peptide\/dipeptid-diaminobutyroyl-benzylamid-diacetat\/#breadcrumb","itemListElement":[{"@type":"ListItem","position":1,"name":"Startseite","item":"https:\/\/naturalpoland.com\/de\/"},{"@type":"ListItem","position":2,"name":"Produkte","item":"https:\/\/naturalpoland.com\/de\/produkte\/"},{"@type":"ListItem","position":3,"name":"Dipeptid Diaminobutyroyl Benzylamid Diacetat"}]},{"@type":"WebSite","@id":"https:\/\/naturalpoland.com\/de\/#website","url":"https:\/\/naturalpoland.com\/de\/","name":"NATURAL POLAND - IMPORT UND HANDEL VON ROHSTOFFEN","description":"Rohstoffe f\u00fcr die Lebensmittelindustrie, Kosmetikindustrie, Pharmaindustrie","publisher":{"@id":"https:\/\/naturalpoland.com\/de\/#organization"},"potentialAction":[{"@type":"SearchAction","target":{"@type":"EntryPoint","urlTemplate":"https:\/\/naturalpoland.com\/de\/?s={search_term_string}"},"query-input":{"@type":"PropertyValueSpecification","valueRequired":true,"valueName":"search_term_string"}}],"inLanguage":"de"},{"@type":"Organization","@id":"https:\/\/naturalpoland.com\/de\/#organization","name":"Natural Poland","url":"https:\/\/naturalpoland.com\/de\/","logo":{"@type":"ImageObject","inLanguage":"de","@id":"https:\/\/naturalpoland.com\/de\/#\/schema\/logo\/image\/","url":"https:\/\/naturalpoland.com\/wp-content\/uploads\/2021\/05\/natural-poland-icon.png","contentUrl":"https:\/\/naturalpoland.com\/wp-content\/uploads\/2021\/05\/natural-poland-icon.png","width":512,"height":512,"caption":"Natural Poland"},"image":{"@id":"https:\/\/naturalpoland.com\/de\/#\/schema\/logo\/image\/"},"sameAs":["https:\/\/www.facebook.com\/naturalpoland.b2b","https:\/\/pl.linkedin.com\/company\/natural-poland","https:\/\/www.youtube.com\/channel\/UCgeGGkvOMahZo-xu_MSEWxg"]}]}},"_links":{"self":[{"href":"https:\/\/naturalpoland.com\/de\/wp-json\/wp\/v2\/product\/29463","targetHints":{"allow":["GET"]}}],"collection":[{"href":"https:\/\/naturalpoland.com\/de\/wp-json\/wp\/v2\/product"}],"about":[{"href":"https:\/\/naturalpoland.com\/de\/wp-json\/wp\/v2\/types\/product"}],"wp:featuredmedia":[{"embeddable":true,"href":"https:\/\/naturalpoland.com\/de\/wp-json\/wp\/v2\/media\/28815"}],"wp:attachment":[{"href":"https:\/\/naturalpoland.com\/de\/wp-json\/wp\/v2\/media?parent=29463"}],"wp:term":[{"taxonomy":"product_brand","embeddable":true,"href":"https:\/\/naturalpoland.com\/de\/wp-json\/wp\/v2\/product_brand?post=29463"},{"taxonomy":"product_cat","embeddable":true,"href":"https:\/\/naturalpoland.com\/de\/wp-json\/wp\/v2\/product_cat?post=29463"},{"taxonomy":"product_tag","embeddable":true,"href":"https:\/\/naturalpoland.com\/de\/wp-json\/wp\/v2\/product_tag?post=29463"}],"curies":[{"name":"wp","href":"https:\/\/api.w.org\/{rel}","templated":true}]}}