{"id":29468,"date":"2023-12-20T15:26:26","date_gmt":"2024-01-10T11:55:06","guid":{"rendered":"https:\/\/naturalpoland.com\/produkty\/unkategorisiert\/arginin-lysin-polypeptid\/"},"modified":"2024-01-10T12:55:06","modified_gmt":"2024-01-10T11:55:06","slug":"arginin-lysin-polypeptid","status":"publish","type":"product","link":"https:\/\/naturalpoland.com\/de\/produkte\/produkte-fur-die-kosmetikindustrie\/peptide\/arginin-lysin-polypeptid\/","title":{"rendered":"Arginin\/Lysin-Polypeptid"},"content":{"rendered":"<p><strong>Effektivit\u00e4t:<\/strong><\/p>\n<p>Die Anwendung von 30 ppm Arginin auf der Haut der Augenpartie von Testpersonen zeigte bereits nach 15 Minuten eine signifikante Verringerung der Hautrauhigkeit und der Faltentiefe. Die durchschnittliche Faltenreduzierung betrug 30,67 % und der durchschnittliche Faltenwert sank von 9,39 auf 4,49. Dar\u00fcber hinaus wurden die Falten nach der Verwendung von L\u00f6sungen mit 5 ppm bzw. 20 ppm um 23,30 % bzw. 23,97 % reduziert.<\/p>\n<p><strong>Mechanismus der Wirkung:<\/strong><\/p>\n<p>Das Polypeptid Arginin\/Lysin hat bei seiner Synthese eine stark entspannende Wirkung auf die Gesichtsmuskeln, was zu einer sofortigen Gl\u00e4ttung der Falten f\u00fchrt. Es blockiert den NaV1.4-Weg, der f\u00fcr den Einstrom von Na+-Ionen in die Muskelfasern verantwortlich ist, und hemmt so die Bildung des terminalen Pl\u00e4ttchenpotenzials und kontrolliert die Muskelbewegung. Dieser Effekt f\u00fchrt zur Entspannung der Gesichtsmuskulatur und zur Gl\u00e4ttung von Falten.<\/p>\n<p><strong>Anwendung:<\/strong><\/p>\n<p>Arginin\/Lysin-Polypeptid wird h\u00e4ufig in Kosmetik- und Hautpflegeprodukten verwendet, die eine Anti-Falten-Wirkung haben. Es kann in Produkten wie Lippenbalsam, Lotionen, Tages- und Nachtcremes, Augenseren, Gelen und mehr verwendet werden.<\/p>\n","protected":false},"excerpt":{"rendered":"<p>Arginin\/Lysin-Polypeptid ist ein innovativer Wirkstoff, der sich die Fortschritte der Biotechnologie zunutze macht. Es wird durch ein biologisches Fermentationsverfahren gewonnen und zeichnet sich durch seine hohe Reinheit und Anti-Falten-Wirkung aus.<\/p>\n","protected":false},"featured_media":28801,"template":"","meta":[],"product_brand":[],"product_cat":[2492],"product_tag":[],"class_list":{"0":"post-29468","1":"product","2":"type-product","3":"status-publish","4":"has-post-thumbnail","6":"product_cat-peptide","7":"pa_metoda-pozyskiwania-biologische-fermentation","9":"first","10":"instock","11":"shipping-taxable","12":"product-type-simple"},"yoast_head":"<!-- This site is optimized with the Yoast SEO plugin v27.4 - https:\/\/yoast.com\/product\/yoast-seo-wordpress\/ -->\n<title>Arginin\/Lysin-Polypeptid - Gro\u00dfhandelsvertrieb<\/title>\n<meta name=\"description\" content=\"Das Polypeptid Arginin\/Lysin verbindet biotechnologische Innovation mit kosmetischer Wirksamkeit und bietet schnelle und sichtbare Ergebnisse bei der Faltenreduzierung.\" \/>\n<meta name=\"robots\" content=\"index, follow, max-snippet:-1, max-image-preview:large, max-video-preview:-1\" \/>\n<link rel=\"canonical\" href=\"https:\/\/naturalpoland.com\/de\/produkte\/produkte-fur-die-kosmetikindustrie\/peptide\/arginin-lysin-polypeptid\/\" \/>\n<meta property=\"og:locale\" content=\"de_DE\" \/>\n<meta property=\"og:type\" content=\"article\" \/>\n<meta property=\"og:title\" content=\"Arginin\/Lysin-Polypeptid - Gro\u00dfhandelsvertrieb\" \/>\n<meta property=\"og:description\" content=\"Das Polypeptid Arginin\/Lysin verbindet biotechnologische Innovation mit kosmetischer Wirksamkeit und bietet schnelle und sichtbare Ergebnisse bei der Faltenreduzierung.\" \/>\n<meta property=\"og:url\" content=\"https:\/\/naturalpoland.com\/de\/produkte\/produkte-fur-die-kosmetikindustrie\/peptide\/arginin-lysin-polypeptid\/\" \/>\n<meta property=\"og:site_name\" content=\"NATURAL POLAND - IMPORT UND HANDEL VON ROHSTOFFEN\" \/>\n<meta property=\"article:publisher\" content=\"https:\/\/www.facebook.com\/naturalpoland.b2b\" \/>\n<meta property=\"og:image\" content=\"https:\/\/naturalpoland.com\/wp-content\/uploads\/arginine-lysine_polypeptide.webp\" \/>\n\t<meta property=\"og:image:width\" content=\"1024\" \/>\n\t<meta property=\"og:image:height\" content=\"1024\" \/>\n\t<meta property=\"og:image:type\" content=\"image\/webp\" \/>\n<script type=\"application\/ld+json\" class=\"yoast-schema-graph\">{\"@context\":\"https:\\\/\\\/schema.org\",\"@graph\":[{\"@type\":\"WebPage\",\"@id\":\"https:\\\/\\\/naturalpoland.com\\\/de\\\/produkte\\\/produkte-fur-die-kosmetikindustrie\\\/peptide\\\/arginin-lysin-polypeptid\\\/\",\"url\":\"https:\\\/\\\/naturalpoland.com\\\/de\\\/produkte\\\/produkte-fur-die-kosmetikindustrie\\\/peptide\\\/arginin-lysin-polypeptid\\\/\",\"name\":\"Arginin\\\/Lysin-Polypeptid - Gro\u00dfhandelsvertrieb\",\"isPartOf\":{\"@id\":\"https:\\\/\\\/naturalpoland.com\\\/de\\\/#website\"},\"primaryImageOfPage\":{\"@id\":\"https:\\\/\\\/naturalpoland.com\\\/de\\\/produkte\\\/produkte-fur-die-kosmetikindustrie\\\/peptide\\\/arginin-lysin-polypeptid\\\/#primaryimage\"},\"image\":{\"@id\":\"https:\\\/\\\/naturalpoland.com\\\/de\\\/produkte\\\/produkte-fur-die-kosmetikindustrie\\\/peptide\\\/arginin-lysin-polypeptid\\\/#primaryimage\"},\"thumbnailUrl\":\"https:\\\/\\\/naturalpoland.com\\\/wp-content\\\/uploads\\\/arginine-lysine_polypeptide.webp\",\"datePublished\":\"2024-01-10T11:55:06+00:00\",\"description\":\"Das Polypeptid Arginin\\\/Lysin verbindet biotechnologische Innovation mit kosmetischer Wirksamkeit und bietet schnelle und sichtbare Ergebnisse bei der Faltenreduzierung.\",\"breadcrumb\":{\"@id\":\"https:\\\/\\\/naturalpoland.com\\\/de\\\/produkte\\\/produkte-fur-die-kosmetikindustrie\\\/peptide\\\/arginin-lysin-polypeptid\\\/#breadcrumb\"},\"inLanguage\":\"de\",\"potentialAction\":[{\"@type\":\"ReadAction\",\"target\":[\"https:\\\/\\\/naturalpoland.com\\\/de\\\/produkte\\\/produkte-fur-die-kosmetikindustrie\\\/peptide\\\/arginin-lysin-polypeptid\\\/\"]}]},{\"@type\":\"ImageObject\",\"inLanguage\":\"de\",\"@id\":\"https:\\\/\\\/naturalpoland.com\\\/de\\\/produkte\\\/produkte-fur-die-kosmetikindustrie\\\/peptide\\\/arginin-lysin-polypeptid\\\/#primaryimage\",\"url\":\"https:\\\/\\\/naturalpoland.com\\\/wp-content\\\/uploads\\\/arginine-lysine_polypeptide.webp\",\"contentUrl\":\"https:\\\/\\\/naturalpoland.com\\\/wp-content\\\/uploads\\\/arginine-lysine_polypeptide.webp\",\"width\":1024,\"height\":1024,\"caption\":\"Arginin\\\/Lysin-Polypeptid\"},{\"@type\":\"BreadcrumbList\",\"@id\":\"https:\\\/\\\/naturalpoland.com\\\/de\\\/produkte\\\/produkte-fur-die-kosmetikindustrie\\\/peptide\\\/arginin-lysin-polypeptid\\\/#breadcrumb\",\"itemListElement\":[{\"@type\":\"ListItem\",\"position\":1,\"name\":\"Startseite\",\"item\":\"https:\\\/\\\/naturalpoland.com\\\/de\\\/\"},{\"@type\":\"ListItem\",\"position\":2,\"name\":\"Produkte\",\"item\":\"https:\\\/\\\/naturalpoland.com\\\/de\\\/produkte\\\/\"},{\"@type\":\"ListItem\",\"position\":3,\"name\":\"Arginin\\\/Lysin-Polypeptid\"}]},{\"@type\":\"WebSite\",\"@id\":\"https:\\\/\\\/naturalpoland.com\\\/de\\\/#website\",\"url\":\"https:\\\/\\\/naturalpoland.com\\\/de\\\/\",\"name\":\"NATURAL POLAND - IMPORT UND HANDEL VON ROHSTOFFEN\",\"description\":\"Rohstoffe f\u00fcr die Lebensmittelindustrie, Kosmetikindustrie, Pharmaindustrie\",\"publisher\":{\"@id\":\"https:\\\/\\\/naturalpoland.com\\\/de\\\/#organization\"},\"potentialAction\":[{\"@type\":\"SearchAction\",\"target\":{\"@type\":\"EntryPoint\",\"urlTemplate\":\"https:\\\/\\\/naturalpoland.com\\\/de\\\/?s={search_term_string}\"},\"query-input\":{\"@type\":\"PropertyValueSpecification\",\"valueRequired\":true,\"valueName\":\"search_term_string\"}}],\"inLanguage\":\"de\"},{\"@type\":\"Organization\",\"@id\":\"https:\\\/\\\/naturalpoland.com\\\/de\\\/#organization\",\"name\":\"Natural Poland\",\"url\":\"https:\\\/\\\/naturalpoland.com\\\/de\\\/\",\"logo\":{\"@type\":\"ImageObject\",\"inLanguage\":\"de\",\"@id\":\"https:\\\/\\\/naturalpoland.com\\\/de\\\/#\\\/schema\\\/logo\\\/image\\\/\",\"url\":\"https:\\\/\\\/naturalpoland.com\\\/wp-content\\\/uploads\\\/2021\\\/05\\\/natural-poland-icon.png\",\"contentUrl\":\"https:\\\/\\\/naturalpoland.com\\\/wp-content\\\/uploads\\\/2021\\\/05\\\/natural-poland-icon.png\",\"width\":512,\"height\":512,\"caption\":\"Natural Poland\"},\"image\":{\"@id\":\"https:\\\/\\\/naturalpoland.com\\\/de\\\/#\\\/schema\\\/logo\\\/image\\\/\"},\"sameAs\":[\"https:\\\/\\\/www.facebook.com\\\/naturalpoland.b2b\",\"https:\\\/\\\/pl.linkedin.com\\\/company\\\/natural-poland\",\"https:\\\/\\\/www.youtube.com\\\/channel\\\/UCgeGGkvOMahZo-xu_MSEWxg\"]}]}<\/script>\n<!-- \/ Yoast SEO plugin. -->","yoast_head_json":{"title":"Arginin\/Lysin-Polypeptid - Gro\u00dfhandelsvertrieb","description":"Das Polypeptid Arginin\/Lysin verbindet biotechnologische Innovation mit kosmetischer Wirksamkeit und bietet schnelle und sichtbare Ergebnisse bei der Faltenreduzierung.","robots":{"index":"index","follow":"follow","max-snippet":"max-snippet:-1","max-image-preview":"max-image-preview:large","max-video-preview":"max-video-preview:-1"},"canonical":"https:\/\/naturalpoland.com\/de\/produkte\/produkte-fur-die-kosmetikindustrie\/peptide\/arginin-lysin-polypeptid\/","og_locale":"de_DE","og_type":"article","og_title":"Arginin\/Lysin-Polypeptid - Gro\u00dfhandelsvertrieb","og_description":"Das Polypeptid Arginin\/Lysin verbindet biotechnologische Innovation mit kosmetischer Wirksamkeit und bietet schnelle und sichtbare Ergebnisse bei der Faltenreduzierung.","og_url":"https:\/\/naturalpoland.com\/de\/produkte\/produkte-fur-die-kosmetikindustrie\/peptide\/arginin-lysin-polypeptid\/","og_site_name":"NATURAL POLAND - IMPORT UND HANDEL VON ROHSTOFFEN","article_publisher":"https:\/\/www.facebook.com\/naturalpoland.b2b","og_image":[{"width":1024,"height":1024,"url":"https:\/\/naturalpoland.com\/wp-content\/uploads\/arginine-lysine_polypeptide.webp","type":"image\/webp"}],"schema":{"@context":"https:\/\/schema.org","@graph":[{"@type":"WebPage","@id":"https:\/\/naturalpoland.com\/de\/produkte\/produkte-fur-die-kosmetikindustrie\/peptide\/arginin-lysin-polypeptid\/","url":"https:\/\/naturalpoland.com\/de\/produkte\/produkte-fur-die-kosmetikindustrie\/peptide\/arginin-lysin-polypeptid\/","name":"Arginin\/Lysin-Polypeptid - Gro\u00dfhandelsvertrieb","isPartOf":{"@id":"https:\/\/naturalpoland.com\/de\/#website"},"primaryImageOfPage":{"@id":"https:\/\/naturalpoland.com\/de\/produkte\/produkte-fur-die-kosmetikindustrie\/peptide\/arginin-lysin-polypeptid\/#primaryimage"},"image":{"@id":"https:\/\/naturalpoland.com\/de\/produkte\/produkte-fur-die-kosmetikindustrie\/peptide\/arginin-lysin-polypeptid\/#primaryimage"},"thumbnailUrl":"https:\/\/naturalpoland.com\/wp-content\/uploads\/arginine-lysine_polypeptide.webp","datePublished":"2024-01-10T11:55:06+00:00","description":"Das Polypeptid Arginin\/Lysin verbindet biotechnologische Innovation mit kosmetischer Wirksamkeit und bietet schnelle und sichtbare Ergebnisse bei der Faltenreduzierung.","breadcrumb":{"@id":"https:\/\/naturalpoland.com\/de\/produkte\/produkte-fur-die-kosmetikindustrie\/peptide\/arginin-lysin-polypeptid\/#breadcrumb"},"inLanguage":"de","potentialAction":[{"@type":"ReadAction","target":["https:\/\/naturalpoland.com\/de\/produkte\/produkte-fur-die-kosmetikindustrie\/peptide\/arginin-lysin-polypeptid\/"]}]},{"@type":"ImageObject","inLanguage":"de","@id":"https:\/\/naturalpoland.com\/de\/produkte\/produkte-fur-die-kosmetikindustrie\/peptide\/arginin-lysin-polypeptid\/#primaryimage","url":"https:\/\/naturalpoland.com\/wp-content\/uploads\/arginine-lysine_polypeptide.webp","contentUrl":"https:\/\/naturalpoland.com\/wp-content\/uploads\/arginine-lysine_polypeptide.webp","width":1024,"height":1024,"caption":"Arginin\/Lysin-Polypeptid"},{"@type":"BreadcrumbList","@id":"https:\/\/naturalpoland.com\/de\/produkte\/produkte-fur-die-kosmetikindustrie\/peptide\/arginin-lysin-polypeptid\/#breadcrumb","itemListElement":[{"@type":"ListItem","position":1,"name":"Startseite","item":"https:\/\/naturalpoland.com\/de\/"},{"@type":"ListItem","position":2,"name":"Produkte","item":"https:\/\/naturalpoland.com\/de\/produkte\/"},{"@type":"ListItem","position":3,"name":"Arginin\/Lysin-Polypeptid"}]},{"@type":"WebSite","@id":"https:\/\/naturalpoland.com\/de\/#website","url":"https:\/\/naturalpoland.com\/de\/","name":"NATURAL POLAND - IMPORT UND HANDEL VON ROHSTOFFEN","description":"Rohstoffe f\u00fcr die Lebensmittelindustrie, Kosmetikindustrie, Pharmaindustrie","publisher":{"@id":"https:\/\/naturalpoland.com\/de\/#organization"},"potentialAction":[{"@type":"SearchAction","target":{"@type":"EntryPoint","urlTemplate":"https:\/\/naturalpoland.com\/de\/?s={search_term_string}"},"query-input":{"@type":"PropertyValueSpecification","valueRequired":true,"valueName":"search_term_string"}}],"inLanguage":"de"},{"@type":"Organization","@id":"https:\/\/naturalpoland.com\/de\/#organization","name":"Natural Poland","url":"https:\/\/naturalpoland.com\/de\/","logo":{"@type":"ImageObject","inLanguage":"de","@id":"https:\/\/naturalpoland.com\/de\/#\/schema\/logo\/image\/","url":"https:\/\/naturalpoland.com\/wp-content\/uploads\/2021\/05\/natural-poland-icon.png","contentUrl":"https:\/\/naturalpoland.com\/wp-content\/uploads\/2021\/05\/natural-poland-icon.png","width":512,"height":512,"caption":"Natural Poland"},"image":{"@id":"https:\/\/naturalpoland.com\/de\/#\/schema\/logo\/image\/"},"sameAs":["https:\/\/www.facebook.com\/naturalpoland.b2b","https:\/\/pl.linkedin.com\/company\/natural-poland","https:\/\/www.youtube.com\/channel\/UCgeGGkvOMahZo-xu_MSEWxg"]}]}},"_links":{"self":[{"href":"https:\/\/naturalpoland.com\/de\/wp-json\/wp\/v2\/product\/29468","targetHints":{"allow":["GET"]}}],"collection":[{"href":"https:\/\/naturalpoland.com\/de\/wp-json\/wp\/v2\/product"}],"about":[{"href":"https:\/\/naturalpoland.com\/de\/wp-json\/wp\/v2\/types\/product"}],"wp:featuredmedia":[{"embeddable":true,"href":"https:\/\/naturalpoland.com\/de\/wp-json\/wp\/v2\/media\/28801"}],"wp:attachment":[{"href":"https:\/\/naturalpoland.com\/de\/wp-json\/wp\/v2\/media?parent=29468"}],"wp:term":[{"taxonomy":"product_brand","embeddable":true,"href":"https:\/\/naturalpoland.com\/de\/wp-json\/wp\/v2\/product_brand?post=29468"},{"taxonomy":"product_cat","embeddable":true,"href":"https:\/\/naturalpoland.com\/de\/wp-json\/wp\/v2\/product_cat?post=29468"},{"taxonomy":"product_tag","embeddable":true,"href":"https:\/\/naturalpoland.com\/de\/wp-json\/wp\/v2\/product_tag?post=29468"}],"curies":[{"name":"wp","href":"https:\/\/api.w.org\/{rel}","templated":true}]}}