{"id":29970,"date":"2024-01-16T16:18:33","date_gmt":"2024-01-26T10:47:33","guid":{"rendered":"https:\/\/naturalpoland.com\/produkty\/unkategorisiert\/acetyl-dipeptid-1-cetyl-ester\/"},"modified":"2024-01-26T12:46:02","modified_gmt":"2024-01-26T11:46:02","slug":"acetyl-dipeptid-1-cetyl-ester","status":"publish","type":"product","link":"https:\/\/naturalpoland.com\/de\/produkte\/produkte-fur-die-kosmetikindustrie\/peptide\/acetyl-dipeptid-1-cetyl-ester\/","title":{"rendered":"Acetyl-Dipeptid-1-Cetyl-Ester"},"content":{"rendered":"<h2>Mechanismus der Wirkung:<\/h2>\n<p>Acetyl-Dipeptid-1-Cetylester ahmt die Struktur von \u03b2-Endorphin nach und kann so die Stimulation von CGPR abschw\u00e4chen und dessen Freisetzung hemmen, wodurch die Synthese von Entz\u00fcndungsfaktoren verringert und Entz\u00fcndungen sowie das Brennen der Haut gelindert werden. Ihre einzigartige Lipidstruktur versorgt die Haut mit essentiellen Fetten, reduziert die Wasserverdunstung und macht die Haut weich und strahlend. Dieses Peptid ist in der Lage, das Stratum corneum leicht zu durchdringen und die tiefen Hautschichten zu erreichen, um dort effektiv zu wirken.<\/p>\n<h2>Anwendung:<\/h2>\n<p>Acetyl-Dipeptid-1-Cetyl-Ester wird h\u00e4ufig in kosmetischen Produkten wie Seren, Augencremes, Gesichtsmasken und Feuchtigkeitscremes verwendet.  <strong>Es wirkt entz\u00fcndungshemmend, reizlindernd, reizlindernd, regeneriert die Haut und verbessert ihren Gesamtzustand.<\/strong><\/p>\n<p>Die empfohlene Konzentration des Zusatzstoffs in kosmetischen Mitteln liegt zwischen 0,01 % und 0,025 %. Dieser Inhaltsstoff wird besonders f\u00fcr Produkte empfohlen, die f\u00fcr empfindliche, gereizte Haut und f\u00fcr Haut, die intensive Regeneration und Feuchtigkeitszufuhr ben\u00f6tigt, entwickelt wurden.<\/p>\n","protected":false},"excerpt":{"rendered":"<p>Acetyl-Dipeptid-1-Cetyl-Ester ist ein fortschrittlicher Wirkstoff, der in der Kosmetik verwendet wird. Er hat eine Reinheit von \u226598% und wird durch biologische Fermentation hergestellt. Dank seiner einzigartigen Eigenschaften verbessert dieses Peptid den Zustand der Haut erheblich und bietet zahlreiche Pflege- und Regenerationsvorteile.<\/p>\n","protected":false},"featured_media":29536,"template":"","meta":[],"product_brand":[],"product_cat":[2492],"product_tag":[],"class_list":{"0":"post-29970","1":"product","2":"type-product","3":"status-publish","4":"has-post-thumbnail","6":"product_cat-peptide","7":"pa_metoda-pozyskiwania-biologische-fermentation","9":"first","10":"instock","11":"shipping-taxable","12":"product-type-simple"},"yoast_head":"<!-- This site is optimized with the Yoast SEO plugin v27.4 - https:\/\/yoast.com\/product\/yoast-seo-wordpress\/ -->\n<title>Acetyl-Dipeptid-1-Cetyl-Ester - Gro\u00dfhandelsvertrieb<\/title>\n<meta name=\"description\" content=\"Acetyl-Dipeptid-1-Cetyl-Ester verbessert den Hautzustand erheblich und bietet zahlreiche Vorteile f\u00fcr die Hautpflege und -regeneration.\" \/>\n<meta name=\"robots\" content=\"index, follow, max-snippet:-1, max-image-preview:large, max-video-preview:-1\" \/>\n<link rel=\"canonical\" href=\"https:\/\/naturalpoland.com\/de\/produkte\/produkte-fur-die-kosmetikindustrie\/peptide\/acetyl-dipeptid-1-cetyl-ester\/\" \/>\n<meta property=\"og:locale\" content=\"de_DE\" \/>\n<meta property=\"og:type\" content=\"article\" \/>\n<meta property=\"og:title\" content=\"Acetyl-Dipeptid-1-Cetyl-Ester - Gro\u00dfhandelsvertrieb\" \/>\n<meta property=\"og:description\" content=\"Acetyl-Dipeptid-1-Cetyl-Ester verbessert den Hautzustand erheblich und bietet zahlreiche Vorteile f\u00fcr die Hautpflege und -regeneration.\" \/>\n<meta property=\"og:url\" content=\"https:\/\/naturalpoland.com\/de\/produkte\/produkte-fur-die-kosmetikindustrie\/peptide\/acetyl-dipeptid-1-cetyl-ester\/\" \/>\n<meta property=\"og:site_name\" content=\"NATURAL POLAND - IMPORT UND HANDEL VON ROHSTOFFEN\" \/>\n<meta property=\"article:publisher\" content=\"https:\/\/www.facebook.com\/naturalpoland.b2b\" \/>\n<meta property=\"article:modified_time\" content=\"2024-01-26T11:46:02+00:00\" \/>\n<meta property=\"og:image\" content=\"https:\/\/naturalpoland.com\/wp-content\/uploads\/acetyl_dipeptide-1_cetyl_ester.webp\" \/>\n\t<meta property=\"og:image:width\" content=\"618\" \/>\n\t<meta property=\"og:image:height\" content=\"618\" \/>\n\t<meta property=\"og:image:type\" content=\"image\/webp\" \/>\n<script type=\"application\/ld+json\" class=\"yoast-schema-graph\">{\"@context\":\"https:\\\/\\\/schema.org\",\"@graph\":[{\"@type\":\"WebPage\",\"@id\":\"https:\\\/\\\/naturalpoland.com\\\/de\\\/produkte\\\/produkte-fur-die-kosmetikindustrie\\\/peptide\\\/acetyl-dipeptid-1-cetyl-ester\\\/\",\"url\":\"https:\\\/\\\/naturalpoland.com\\\/de\\\/produkte\\\/produkte-fur-die-kosmetikindustrie\\\/peptide\\\/acetyl-dipeptid-1-cetyl-ester\\\/\",\"name\":\"Acetyl-Dipeptid-1-Cetyl-Ester - Gro\u00dfhandelsvertrieb\",\"isPartOf\":{\"@id\":\"https:\\\/\\\/naturalpoland.com\\\/de\\\/#website\"},\"primaryImageOfPage\":{\"@id\":\"https:\\\/\\\/naturalpoland.com\\\/de\\\/produkte\\\/produkte-fur-die-kosmetikindustrie\\\/peptide\\\/acetyl-dipeptid-1-cetyl-ester\\\/#primaryimage\"},\"image\":{\"@id\":\"https:\\\/\\\/naturalpoland.com\\\/de\\\/produkte\\\/produkte-fur-die-kosmetikindustrie\\\/peptide\\\/acetyl-dipeptid-1-cetyl-ester\\\/#primaryimage\"},\"thumbnailUrl\":\"https:\\\/\\\/naturalpoland.com\\\/wp-content\\\/uploads\\\/acetyl_dipeptide-1_cetyl_ester.webp\",\"datePublished\":\"2024-01-26T10:47:33+00:00\",\"dateModified\":\"2024-01-26T11:46:02+00:00\",\"description\":\"Acetyl-Dipeptid-1-Cetyl-Ester verbessert den Hautzustand erheblich und bietet zahlreiche Vorteile f\u00fcr die Hautpflege und -regeneration.\",\"breadcrumb\":{\"@id\":\"https:\\\/\\\/naturalpoland.com\\\/de\\\/produkte\\\/produkte-fur-die-kosmetikindustrie\\\/peptide\\\/acetyl-dipeptid-1-cetyl-ester\\\/#breadcrumb\"},\"inLanguage\":\"de\",\"potentialAction\":[{\"@type\":\"ReadAction\",\"target\":[\"https:\\\/\\\/naturalpoland.com\\\/de\\\/produkte\\\/produkte-fur-die-kosmetikindustrie\\\/peptide\\\/acetyl-dipeptid-1-cetyl-ester\\\/\"]}]},{\"@type\":\"ImageObject\",\"inLanguage\":\"de\",\"@id\":\"https:\\\/\\\/naturalpoland.com\\\/de\\\/produkte\\\/produkte-fur-die-kosmetikindustrie\\\/peptide\\\/acetyl-dipeptid-1-cetyl-ester\\\/#primaryimage\",\"url\":\"https:\\\/\\\/naturalpoland.com\\\/wp-content\\\/uploads\\\/acetyl_dipeptide-1_cetyl_ester.webp\",\"contentUrl\":\"https:\\\/\\\/naturalpoland.com\\\/wp-content\\\/uploads\\\/acetyl_dipeptide-1_cetyl_ester.webp\",\"width\":618,\"height\":618,\"caption\":\"Acetyl dipeptyd-1 cetylowy ester\"},{\"@type\":\"BreadcrumbList\",\"@id\":\"https:\\\/\\\/naturalpoland.com\\\/de\\\/produkte\\\/produkte-fur-die-kosmetikindustrie\\\/peptide\\\/acetyl-dipeptid-1-cetyl-ester\\\/#breadcrumb\",\"itemListElement\":[{\"@type\":\"ListItem\",\"position\":1,\"name\":\"Startseite\",\"item\":\"https:\\\/\\\/naturalpoland.com\\\/de\\\/\"},{\"@type\":\"ListItem\",\"position\":2,\"name\":\"Produkte\",\"item\":\"https:\\\/\\\/naturalpoland.com\\\/de\\\/produkte\\\/\"},{\"@type\":\"ListItem\",\"position\":3,\"name\":\"Acetyl-Dipeptid-1-Cetyl-Ester\"}]},{\"@type\":\"WebSite\",\"@id\":\"https:\\\/\\\/naturalpoland.com\\\/de\\\/#website\",\"url\":\"https:\\\/\\\/naturalpoland.com\\\/de\\\/\",\"name\":\"NATURAL POLAND - IMPORT UND HANDEL VON ROHSTOFFEN\",\"description\":\"Rohstoffe f\u00fcr die Lebensmittelindustrie, Kosmetikindustrie, Pharmaindustrie\",\"publisher\":{\"@id\":\"https:\\\/\\\/naturalpoland.com\\\/de\\\/#organization\"},\"potentialAction\":[{\"@type\":\"SearchAction\",\"target\":{\"@type\":\"EntryPoint\",\"urlTemplate\":\"https:\\\/\\\/naturalpoland.com\\\/de\\\/?s={search_term_string}\"},\"query-input\":{\"@type\":\"PropertyValueSpecification\",\"valueRequired\":true,\"valueName\":\"search_term_string\"}}],\"inLanguage\":\"de\"},{\"@type\":\"Organization\",\"@id\":\"https:\\\/\\\/naturalpoland.com\\\/de\\\/#organization\",\"name\":\"Natural Poland\",\"url\":\"https:\\\/\\\/naturalpoland.com\\\/de\\\/\",\"logo\":{\"@type\":\"ImageObject\",\"inLanguage\":\"de\",\"@id\":\"https:\\\/\\\/naturalpoland.com\\\/de\\\/#\\\/schema\\\/logo\\\/image\\\/\",\"url\":\"https:\\\/\\\/naturalpoland.com\\\/wp-content\\\/uploads\\\/2021\\\/05\\\/natural-poland-icon.png\",\"contentUrl\":\"https:\\\/\\\/naturalpoland.com\\\/wp-content\\\/uploads\\\/2021\\\/05\\\/natural-poland-icon.png\",\"width\":512,\"height\":512,\"caption\":\"Natural Poland\"},\"image\":{\"@id\":\"https:\\\/\\\/naturalpoland.com\\\/de\\\/#\\\/schema\\\/logo\\\/image\\\/\"},\"sameAs\":[\"https:\\\/\\\/www.facebook.com\\\/naturalpoland.b2b\",\"https:\\\/\\\/pl.linkedin.com\\\/company\\\/natural-poland\",\"https:\\\/\\\/www.youtube.com\\\/channel\\\/UCgeGGkvOMahZo-xu_MSEWxg\"]}]}<\/script>\n<!-- \/ Yoast SEO plugin. -->","yoast_head_json":{"title":"Acetyl-Dipeptid-1-Cetyl-Ester - Gro\u00dfhandelsvertrieb","description":"Acetyl-Dipeptid-1-Cetyl-Ester verbessert den Hautzustand erheblich und bietet zahlreiche Vorteile f\u00fcr die Hautpflege und -regeneration.","robots":{"index":"index","follow":"follow","max-snippet":"max-snippet:-1","max-image-preview":"max-image-preview:large","max-video-preview":"max-video-preview:-1"},"canonical":"https:\/\/naturalpoland.com\/de\/produkte\/produkte-fur-die-kosmetikindustrie\/peptide\/acetyl-dipeptid-1-cetyl-ester\/","og_locale":"de_DE","og_type":"article","og_title":"Acetyl-Dipeptid-1-Cetyl-Ester - Gro\u00dfhandelsvertrieb","og_description":"Acetyl-Dipeptid-1-Cetyl-Ester verbessert den Hautzustand erheblich und bietet zahlreiche Vorteile f\u00fcr die Hautpflege und -regeneration.","og_url":"https:\/\/naturalpoland.com\/de\/produkte\/produkte-fur-die-kosmetikindustrie\/peptide\/acetyl-dipeptid-1-cetyl-ester\/","og_site_name":"NATURAL POLAND - IMPORT UND HANDEL VON ROHSTOFFEN","article_publisher":"https:\/\/www.facebook.com\/naturalpoland.b2b","article_modified_time":"2024-01-26T11:46:02+00:00","og_image":[{"width":618,"height":618,"url":"https:\/\/naturalpoland.com\/wp-content\/uploads\/acetyl_dipeptide-1_cetyl_ester.webp","type":"image\/webp"}],"schema":{"@context":"https:\/\/schema.org","@graph":[{"@type":"WebPage","@id":"https:\/\/naturalpoland.com\/de\/produkte\/produkte-fur-die-kosmetikindustrie\/peptide\/acetyl-dipeptid-1-cetyl-ester\/","url":"https:\/\/naturalpoland.com\/de\/produkte\/produkte-fur-die-kosmetikindustrie\/peptide\/acetyl-dipeptid-1-cetyl-ester\/","name":"Acetyl-Dipeptid-1-Cetyl-Ester - Gro\u00dfhandelsvertrieb","isPartOf":{"@id":"https:\/\/naturalpoland.com\/de\/#website"},"primaryImageOfPage":{"@id":"https:\/\/naturalpoland.com\/de\/produkte\/produkte-fur-die-kosmetikindustrie\/peptide\/acetyl-dipeptid-1-cetyl-ester\/#primaryimage"},"image":{"@id":"https:\/\/naturalpoland.com\/de\/produkte\/produkte-fur-die-kosmetikindustrie\/peptide\/acetyl-dipeptid-1-cetyl-ester\/#primaryimage"},"thumbnailUrl":"https:\/\/naturalpoland.com\/wp-content\/uploads\/acetyl_dipeptide-1_cetyl_ester.webp","datePublished":"2024-01-26T10:47:33+00:00","dateModified":"2024-01-26T11:46:02+00:00","description":"Acetyl-Dipeptid-1-Cetyl-Ester verbessert den Hautzustand erheblich und bietet zahlreiche Vorteile f\u00fcr die Hautpflege und -regeneration.","breadcrumb":{"@id":"https:\/\/naturalpoland.com\/de\/produkte\/produkte-fur-die-kosmetikindustrie\/peptide\/acetyl-dipeptid-1-cetyl-ester\/#breadcrumb"},"inLanguage":"de","potentialAction":[{"@type":"ReadAction","target":["https:\/\/naturalpoland.com\/de\/produkte\/produkte-fur-die-kosmetikindustrie\/peptide\/acetyl-dipeptid-1-cetyl-ester\/"]}]},{"@type":"ImageObject","inLanguage":"de","@id":"https:\/\/naturalpoland.com\/de\/produkte\/produkte-fur-die-kosmetikindustrie\/peptide\/acetyl-dipeptid-1-cetyl-ester\/#primaryimage","url":"https:\/\/naturalpoland.com\/wp-content\/uploads\/acetyl_dipeptide-1_cetyl_ester.webp","contentUrl":"https:\/\/naturalpoland.com\/wp-content\/uploads\/acetyl_dipeptide-1_cetyl_ester.webp","width":618,"height":618,"caption":"Acetyl dipeptyd-1 cetylowy ester"},{"@type":"BreadcrumbList","@id":"https:\/\/naturalpoland.com\/de\/produkte\/produkte-fur-die-kosmetikindustrie\/peptide\/acetyl-dipeptid-1-cetyl-ester\/#breadcrumb","itemListElement":[{"@type":"ListItem","position":1,"name":"Startseite","item":"https:\/\/naturalpoland.com\/de\/"},{"@type":"ListItem","position":2,"name":"Produkte","item":"https:\/\/naturalpoland.com\/de\/produkte\/"},{"@type":"ListItem","position":3,"name":"Acetyl-Dipeptid-1-Cetyl-Ester"}]},{"@type":"WebSite","@id":"https:\/\/naturalpoland.com\/de\/#website","url":"https:\/\/naturalpoland.com\/de\/","name":"NATURAL POLAND - IMPORT UND HANDEL VON ROHSTOFFEN","description":"Rohstoffe f\u00fcr die Lebensmittelindustrie, Kosmetikindustrie, Pharmaindustrie","publisher":{"@id":"https:\/\/naturalpoland.com\/de\/#organization"},"potentialAction":[{"@type":"SearchAction","target":{"@type":"EntryPoint","urlTemplate":"https:\/\/naturalpoland.com\/de\/?s={search_term_string}"},"query-input":{"@type":"PropertyValueSpecification","valueRequired":true,"valueName":"search_term_string"}}],"inLanguage":"de"},{"@type":"Organization","@id":"https:\/\/naturalpoland.com\/de\/#organization","name":"Natural Poland","url":"https:\/\/naturalpoland.com\/de\/","logo":{"@type":"ImageObject","inLanguage":"de","@id":"https:\/\/naturalpoland.com\/de\/#\/schema\/logo\/image\/","url":"https:\/\/naturalpoland.com\/wp-content\/uploads\/2021\/05\/natural-poland-icon.png","contentUrl":"https:\/\/naturalpoland.com\/wp-content\/uploads\/2021\/05\/natural-poland-icon.png","width":512,"height":512,"caption":"Natural Poland"},"image":{"@id":"https:\/\/naturalpoland.com\/de\/#\/schema\/logo\/image\/"},"sameAs":["https:\/\/www.facebook.com\/naturalpoland.b2b","https:\/\/pl.linkedin.com\/company\/natural-poland","https:\/\/www.youtube.com\/channel\/UCgeGGkvOMahZo-xu_MSEWxg"]}]}},"_links":{"self":[{"href":"https:\/\/naturalpoland.com\/de\/wp-json\/wp\/v2\/product\/29970","targetHints":{"allow":["GET"]}}],"collection":[{"href":"https:\/\/naturalpoland.com\/de\/wp-json\/wp\/v2\/product"}],"about":[{"href":"https:\/\/naturalpoland.com\/de\/wp-json\/wp\/v2\/types\/product"}],"wp:featuredmedia":[{"embeddable":true,"href":"https:\/\/naturalpoland.com\/de\/wp-json\/wp\/v2\/media\/29536"}],"wp:attachment":[{"href":"https:\/\/naturalpoland.com\/de\/wp-json\/wp\/v2\/media?parent=29970"}],"wp:term":[{"taxonomy":"product_brand","embeddable":true,"href":"https:\/\/naturalpoland.com\/de\/wp-json\/wp\/v2\/product_brand?post=29970"},{"taxonomy":"product_cat","embeddable":true,"href":"https:\/\/naturalpoland.com\/de\/wp-json\/wp\/v2\/product_cat?post=29970"},{"taxonomy":"product_tag","embeddable":true,"href":"https:\/\/naturalpoland.com\/de\/wp-json\/wp\/v2\/product_tag?post=29970"}],"curies":[{"name":"wp","href":"https:\/\/api.w.org\/{rel}","templated":true}]}}