{"id":30002,"date":"2024-01-25T14:50:31","date_gmt":"2024-01-26T12:27:01","guid":{"rendered":"https:\/\/naturalpoland.com\/produkty\/unkategorisiert\/baumwollsamenoel\/"},"modified":"2024-01-26T13:27:01","modified_gmt":"2024-01-26T12:27:01","slug":"baumwollsamenoel","status":"publish","type":"product","link":"https:\/\/naturalpoland.com\/de\/produkte\/produkte-fur-die-kosmetikindustrie\/kosmetische-ole\/baumwollsamenoel\/","title":{"rendered":"Baumwollsamen\u00f6l"},"content":{"rendered":"<p>Baumwollsamen\u00f6l zeichnet sich durch seine hellgelbe Farbe und seinen kaum wahrnehmbaren Geruch aus, was es zu einem hervorragenden Zusatz f\u00fcr viele kosmetische und pharmazeutische Produkte macht.<\/p>\n<h2><strong>Anwendung und Eigenschaften:<\/strong><\/h2>\n<ol>\n<li><strong>Kosmetika und Pharmazeutika:<\/strong> Baumwollsamen\u00f6l wird wegen seiner feuchtigkeitsspendenden und hauterweichenden Eigenschaften gesch\u00e4tzt. Dank seines hohen Gehalts an Fetts\u00e4uren, wie z. B. Linols\u00e4ure, ist das \u00d6l ein idealer Bestandteil von Haut- und Haarpflegeprodukten sowie pharmazeutischen Pr\u00e4paraten.<\/li>\n<li><strong>Antioxidative Eigenschaften:<\/strong> Dieses \u00d6l besitzt antioxidative Eigenschaften und sch\u00fctzt die Haut vor den sch\u00e4dlichen Auswirkungen freier Radikale und externer Faktoren wie UV-Strahlung.<\/li>\n<li><strong>Unterst\u00fctzung der Hautbarriere:<\/strong> Seine Verwendung in Kosmetika kann dazu beitragen, die Hydrolipidbarriere der Haut aufrechtzuerhalten und \u00fcberm\u00e4\u00dfigen Feuchtigkeitsverlust zu verhindern.<\/li>\n<\/ol>\n<h2><strong>Sicherheit und Stabilit\u00e4t:<\/strong><\/h2>\n<p>Baumwollsaat\u00f6l ist ein stabiles Produkt, das unter normalen Lagerungsbedingungen (unter 20\u00b0C) keine chemische Reaktivit\u00e4t zeigt. Nicht als gef\u00e4hrlicher Stoff gem\u00e4\u00df der REACH-Verordnung 2020\/878 eingestuft. Es ist sicher in der Anwendung und hat keine toxischen oder reizenden Eigenschaften.<\/p>\n<h2><strong>Lagerung und Verwendung:<\/strong><\/h2>\n<p>Um eine optimale Produktqualit\u00e4t zu gew\u00e4hrleisten, sollten Sie das Produkt in dicht verschlossenen Beh\u00e4ltern an einem trockenen und k\u00fchlen Ort lagern, fern von W\u00e4rme- und Lichtquellen. Baumwollsamen\u00f6l ist ideal f\u00fcr Produkte, die lang anhaltende Feuchtigkeit und Hautschutz ben\u00f6tigen.<\/p>\n","protected":false},"excerpt":{"rendered":"<p><strong><em>Baumwollsamen\u00f6l<\/em>(<em>Gossypium Herbaceum Seed<\/em><\/strong> Oil<strong>)<\/strong>, auch bekannt als <strong>Baumwollsamen\u00f6l<\/strong>, ist ein wertvoller Rohstoff, der aus den Samen der Gossypium Herbaceum Pflanze gewonnen wird.<\/p>\n","protected":false},"featured_media":29882,"template":"","meta":{"_acf_changed":false},"product_brand":[],"product_cat":[384],"product_tag":[],"class_list":{"0":"post-30002","1":"product","2":"type-product","3":"status-publish","4":"has-post-thumbnail","6":"product_cat-kosmetische-ole","8":"first","9":"instock","10":"shipping-taxable","11":"product-type-simple"},"acf":[],"yoast_head":"<!-- This site is optimized with the Yoast SEO plugin v27.4 - https:\/\/yoast.com\/product\/yoast-seo-wordpress\/ -->\n<title>Baumwollsamen\u00f6l - Gro\u00dfhandelsvertrieb<\/title>\n<meta name=\"description\" content=\"Baumwollsamen\u00f6l zeichnet sich durch seine hellgelbe Farbe und seinen kaum wahrnehmbaren Geruch aus, was es zu einem hervorragenden Zusatz f\u00fcr kosmetische Produkte macht.\" \/>\n<meta name=\"robots\" content=\"index, follow, max-snippet:-1, max-image-preview:large, max-video-preview:-1\" \/>\n<link rel=\"canonical\" href=\"https:\/\/naturalpoland.com\/de\/produkte\/produkte-fur-die-kosmetikindustrie\/kosmetische-ole\/baumwollsamenoel\/\" \/>\n<meta property=\"og:locale\" content=\"de_DE\" \/>\n<meta property=\"og:type\" content=\"article\" \/>\n<meta property=\"og:title\" content=\"Baumwollsamen\u00f6l - Gro\u00dfhandelsvertrieb\" \/>\n<meta property=\"og:description\" content=\"Baumwollsamen\u00f6l zeichnet sich durch seine hellgelbe Farbe und seinen kaum wahrnehmbaren Geruch aus, was es zu einem hervorragenden Zusatz f\u00fcr kosmetische Produkte macht.\" \/>\n<meta property=\"og:url\" content=\"https:\/\/naturalpoland.com\/de\/produkte\/produkte-fur-die-kosmetikindustrie\/kosmetische-ole\/baumwollsamenoel\/\" \/>\n<meta property=\"og:site_name\" content=\"NATURAL POLAND - IMPORT UND HANDEL VON ROHSTOFFEN\" \/>\n<meta property=\"article:publisher\" content=\"https:\/\/www.facebook.com\/naturalpoland.b2b\" \/>\n<meta property=\"og:image\" content=\"https:\/\/naturalpoland.com\/wp-content\/uploads\/olej-bawelniany.webp\" \/>\n\t<meta property=\"og:image:width\" content=\"614\" \/>\n\t<meta property=\"og:image:height\" content=\"614\" \/>\n\t<meta property=\"og:image:type\" content=\"image\/webp\" \/>\n<script type=\"application\/ld+json\" class=\"yoast-schema-graph\">{\"@context\":\"https:\\\/\\\/schema.org\",\"@graph\":[{\"@type\":\"WebPage\",\"@id\":\"https:\\\/\\\/naturalpoland.com\\\/de\\\/produkte\\\/produkte-fur-die-kosmetikindustrie\\\/kosmetische-ole\\\/baumwollsamenoel\\\/\",\"url\":\"https:\\\/\\\/naturalpoland.com\\\/de\\\/produkte\\\/produkte-fur-die-kosmetikindustrie\\\/kosmetische-ole\\\/baumwollsamenoel\\\/\",\"name\":\"Baumwollsamen\u00f6l - Gro\u00dfhandelsvertrieb\",\"isPartOf\":{\"@id\":\"https:\\\/\\\/naturalpoland.com\\\/de\\\/#website\"},\"primaryImageOfPage\":{\"@id\":\"https:\\\/\\\/naturalpoland.com\\\/de\\\/produkte\\\/produkte-fur-die-kosmetikindustrie\\\/kosmetische-ole\\\/baumwollsamenoel\\\/#primaryimage\"},\"image\":{\"@id\":\"https:\\\/\\\/naturalpoland.com\\\/de\\\/produkte\\\/produkte-fur-die-kosmetikindustrie\\\/kosmetische-ole\\\/baumwollsamenoel\\\/#primaryimage\"},\"thumbnailUrl\":\"https:\\\/\\\/naturalpoland.com\\\/wp-content\\\/uploads\\\/olej-bawelniany.webp\",\"datePublished\":\"2024-01-26T12:27:01+00:00\",\"description\":\"Baumwollsamen\u00f6l zeichnet sich durch seine hellgelbe Farbe und seinen kaum wahrnehmbaren Geruch aus, was es zu einem hervorragenden Zusatz f\u00fcr kosmetische Produkte macht.\",\"breadcrumb\":{\"@id\":\"https:\\\/\\\/naturalpoland.com\\\/de\\\/produkte\\\/produkte-fur-die-kosmetikindustrie\\\/kosmetische-ole\\\/baumwollsamenoel\\\/#breadcrumb\"},\"inLanguage\":\"de\",\"potentialAction\":[{\"@type\":\"ReadAction\",\"target\":[\"https:\\\/\\\/naturalpoland.com\\\/de\\\/produkte\\\/produkte-fur-die-kosmetikindustrie\\\/kosmetische-ole\\\/baumwollsamenoel\\\/\"]}]},{\"@type\":\"ImageObject\",\"inLanguage\":\"de\",\"@id\":\"https:\\\/\\\/naturalpoland.com\\\/de\\\/produkte\\\/produkte-fur-die-kosmetikindustrie\\\/kosmetische-ole\\\/baumwollsamenoel\\\/#primaryimage\",\"url\":\"https:\\\/\\\/naturalpoland.com\\\/wp-content\\\/uploads\\\/olej-bawelniany.webp\",\"contentUrl\":\"https:\\\/\\\/naturalpoland.com\\\/wp-content\\\/uploads\\\/olej-bawelniany.webp\",\"width\":614,\"height\":614,\"caption\":\"olej bawe\u0142niany\"},{\"@type\":\"BreadcrumbList\",\"@id\":\"https:\\\/\\\/naturalpoland.com\\\/de\\\/produkte\\\/produkte-fur-die-kosmetikindustrie\\\/kosmetische-ole\\\/baumwollsamenoel\\\/#breadcrumb\",\"itemListElement\":[{\"@type\":\"ListItem\",\"position\":1,\"name\":\"Startseite\",\"item\":\"https:\\\/\\\/naturalpoland.com\\\/de\\\/\"},{\"@type\":\"ListItem\",\"position\":2,\"name\":\"Produkte\",\"item\":\"https:\\\/\\\/naturalpoland.com\\\/de\\\/produkte\\\/\"},{\"@type\":\"ListItem\",\"position\":3,\"name\":\"Baumwollsamen\u00f6l\"}]},{\"@type\":\"WebSite\",\"@id\":\"https:\\\/\\\/naturalpoland.com\\\/de\\\/#website\",\"url\":\"https:\\\/\\\/naturalpoland.com\\\/de\\\/\",\"name\":\"NATURAL POLAND - IMPORT UND HANDEL VON ROHSTOFFEN\",\"description\":\"Rohstoffe f\u00fcr die Lebensmittelindustrie, Kosmetikindustrie, Pharmaindustrie\",\"publisher\":{\"@id\":\"https:\\\/\\\/naturalpoland.com\\\/de\\\/#organization\"},\"potentialAction\":[{\"@type\":\"SearchAction\",\"target\":{\"@type\":\"EntryPoint\",\"urlTemplate\":\"https:\\\/\\\/naturalpoland.com\\\/de\\\/?s={search_term_string}\"},\"query-input\":{\"@type\":\"PropertyValueSpecification\",\"valueRequired\":true,\"valueName\":\"search_term_string\"}}],\"inLanguage\":\"de\"},{\"@type\":\"Organization\",\"@id\":\"https:\\\/\\\/naturalpoland.com\\\/de\\\/#organization\",\"name\":\"Natural Poland\",\"url\":\"https:\\\/\\\/naturalpoland.com\\\/de\\\/\",\"logo\":{\"@type\":\"ImageObject\",\"inLanguage\":\"de\",\"@id\":\"https:\\\/\\\/naturalpoland.com\\\/de\\\/#\\\/schema\\\/logo\\\/image\\\/\",\"url\":\"https:\\\/\\\/naturalpoland.com\\\/wp-content\\\/uploads\\\/2021\\\/05\\\/natural-poland-icon.png\",\"contentUrl\":\"https:\\\/\\\/naturalpoland.com\\\/wp-content\\\/uploads\\\/2021\\\/05\\\/natural-poland-icon.png\",\"width\":512,\"height\":512,\"caption\":\"Natural Poland\"},\"image\":{\"@id\":\"https:\\\/\\\/naturalpoland.com\\\/de\\\/#\\\/schema\\\/logo\\\/image\\\/\"},\"sameAs\":[\"https:\\\/\\\/www.facebook.com\\\/naturalpoland.b2b\",\"https:\\\/\\\/pl.linkedin.com\\\/company\\\/natural-poland\",\"https:\\\/\\\/www.youtube.com\\\/channel\\\/UCgeGGkvOMahZo-xu_MSEWxg\"]}]}<\/script>\n<!-- \/ Yoast SEO plugin. -->","yoast_head_json":{"title":"Baumwollsamen\u00f6l - Gro\u00dfhandelsvertrieb","description":"Baumwollsamen\u00f6l zeichnet sich durch seine hellgelbe Farbe und seinen kaum wahrnehmbaren Geruch aus, was es zu einem hervorragenden Zusatz f\u00fcr kosmetische Produkte macht.","robots":{"index":"index","follow":"follow","max-snippet":"max-snippet:-1","max-image-preview":"max-image-preview:large","max-video-preview":"max-video-preview:-1"},"canonical":"https:\/\/naturalpoland.com\/de\/produkte\/produkte-fur-die-kosmetikindustrie\/kosmetische-ole\/baumwollsamenoel\/","og_locale":"de_DE","og_type":"article","og_title":"Baumwollsamen\u00f6l - Gro\u00dfhandelsvertrieb","og_description":"Baumwollsamen\u00f6l zeichnet sich durch seine hellgelbe Farbe und seinen kaum wahrnehmbaren Geruch aus, was es zu einem hervorragenden Zusatz f\u00fcr kosmetische Produkte macht.","og_url":"https:\/\/naturalpoland.com\/de\/produkte\/produkte-fur-die-kosmetikindustrie\/kosmetische-ole\/baumwollsamenoel\/","og_site_name":"NATURAL POLAND - IMPORT UND HANDEL VON ROHSTOFFEN","article_publisher":"https:\/\/www.facebook.com\/naturalpoland.b2b","og_image":[{"width":614,"height":614,"url":"https:\/\/naturalpoland.com\/wp-content\/uploads\/olej-bawelniany.webp","type":"image\/webp"}],"schema":{"@context":"https:\/\/schema.org","@graph":[{"@type":"WebPage","@id":"https:\/\/naturalpoland.com\/de\/produkte\/produkte-fur-die-kosmetikindustrie\/kosmetische-ole\/baumwollsamenoel\/","url":"https:\/\/naturalpoland.com\/de\/produkte\/produkte-fur-die-kosmetikindustrie\/kosmetische-ole\/baumwollsamenoel\/","name":"Baumwollsamen\u00f6l - Gro\u00dfhandelsvertrieb","isPartOf":{"@id":"https:\/\/naturalpoland.com\/de\/#website"},"primaryImageOfPage":{"@id":"https:\/\/naturalpoland.com\/de\/produkte\/produkte-fur-die-kosmetikindustrie\/kosmetische-ole\/baumwollsamenoel\/#primaryimage"},"image":{"@id":"https:\/\/naturalpoland.com\/de\/produkte\/produkte-fur-die-kosmetikindustrie\/kosmetische-ole\/baumwollsamenoel\/#primaryimage"},"thumbnailUrl":"https:\/\/naturalpoland.com\/wp-content\/uploads\/olej-bawelniany.webp","datePublished":"2024-01-26T12:27:01+00:00","description":"Baumwollsamen\u00f6l zeichnet sich durch seine hellgelbe Farbe und seinen kaum wahrnehmbaren Geruch aus, was es zu einem hervorragenden Zusatz f\u00fcr kosmetische Produkte macht.","breadcrumb":{"@id":"https:\/\/naturalpoland.com\/de\/produkte\/produkte-fur-die-kosmetikindustrie\/kosmetische-ole\/baumwollsamenoel\/#breadcrumb"},"inLanguage":"de","potentialAction":[{"@type":"ReadAction","target":["https:\/\/naturalpoland.com\/de\/produkte\/produkte-fur-die-kosmetikindustrie\/kosmetische-ole\/baumwollsamenoel\/"]}]},{"@type":"ImageObject","inLanguage":"de","@id":"https:\/\/naturalpoland.com\/de\/produkte\/produkte-fur-die-kosmetikindustrie\/kosmetische-ole\/baumwollsamenoel\/#primaryimage","url":"https:\/\/naturalpoland.com\/wp-content\/uploads\/olej-bawelniany.webp","contentUrl":"https:\/\/naturalpoland.com\/wp-content\/uploads\/olej-bawelniany.webp","width":614,"height":614,"caption":"olej bawe\u0142niany"},{"@type":"BreadcrumbList","@id":"https:\/\/naturalpoland.com\/de\/produkte\/produkte-fur-die-kosmetikindustrie\/kosmetische-ole\/baumwollsamenoel\/#breadcrumb","itemListElement":[{"@type":"ListItem","position":1,"name":"Startseite","item":"https:\/\/naturalpoland.com\/de\/"},{"@type":"ListItem","position":2,"name":"Produkte","item":"https:\/\/naturalpoland.com\/de\/produkte\/"},{"@type":"ListItem","position":3,"name":"Baumwollsamen\u00f6l"}]},{"@type":"WebSite","@id":"https:\/\/naturalpoland.com\/de\/#website","url":"https:\/\/naturalpoland.com\/de\/","name":"NATURAL POLAND - IMPORT UND HANDEL VON ROHSTOFFEN","description":"Rohstoffe f\u00fcr die Lebensmittelindustrie, Kosmetikindustrie, Pharmaindustrie","publisher":{"@id":"https:\/\/naturalpoland.com\/de\/#organization"},"potentialAction":[{"@type":"SearchAction","target":{"@type":"EntryPoint","urlTemplate":"https:\/\/naturalpoland.com\/de\/?s={search_term_string}"},"query-input":{"@type":"PropertyValueSpecification","valueRequired":true,"valueName":"search_term_string"}}],"inLanguage":"de"},{"@type":"Organization","@id":"https:\/\/naturalpoland.com\/de\/#organization","name":"Natural Poland","url":"https:\/\/naturalpoland.com\/de\/","logo":{"@type":"ImageObject","inLanguage":"de","@id":"https:\/\/naturalpoland.com\/de\/#\/schema\/logo\/image\/","url":"https:\/\/naturalpoland.com\/wp-content\/uploads\/2021\/05\/natural-poland-icon.png","contentUrl":"https:\/\/naturalpoland.com\/wp-content\/uploads\/2021\/05\/natural-poland-icon.png","width":512,"height":512,"caption":"Natural Poland"},"image":{"@id":"https:\/\/naturalpoland.com\/de\/#\/schema\/logo\/image\/"},"sameAs":["https:\/\/www.facebook.com\/naturalpoland.b2b","https:\/\/pl.linkedin.com\/company\/natural-poland","https:\/\/www.youtube.com\/channel\/UCgeGGkvOMahZo-xu_MSEWxg"]}]}},"_links":{"self":[{"href":"https:\/\/naturalpoland.com\/de\/wp-json\/wp\/v2\/product\/30002","targetHints":{"allow":["GET"]}}],"collection":[{"href":"https:\/\/naturalpoland.com\/de\/wp-json\/wp\/v2\/product"}],"about":[{"href":"https:\/\/naturalpoland.com\/de\/wp-json\/wp\/v2\/types\/product"}],"wp:featuredmedia":[{"embeddable":true,"href":"https:\/\/naturalpoland.com\/de\/wp-json\/wp\/v2\/media\/29882"}],"wp:attachment":[{"href":"https:\/\/naturalpoland.com\/de\/wp-json\/wp\/v2\/media?parent=30002"}],"wp:term":[{"taxonomy":"product_brand","embeddable":true,"href":"https:\/\/naturalpoland.com\/de\/wp-json\/wp\/v2\/product_brand?post=30002"},{"taxonomy":"product_cat","embeddable":true,"href":"https:\/\/naturalpoland.com\/de\/wp-json\/wp\/v2\/product_cat?post=30002"},{"taxonomy":"product_tag","embeddable":true,"href":"https:\/\/naturalpoland.com\/de\/wp-json\/wp\/v2\/product_tag?post=30002"}],"curies":[{"name":"wp","href":"https:\/\/api.w.org\/{rel}","templated":true}]}}