{"id":30010,"date":"2024-01-25T12:48:21","date_gmt":"2024-01-26T12:27:08","guid":{"rendered":"https:\/\/naturalpoland.com\/produkty\/unkategorisiert\/macadamia-wachs\/"},"modified":"2024-01-26T13:27:08","modified_gmt":"2024-01-26T12:27:08","slug":"macadamia-wachs","status":"publish","type":"product","link":"https:\/\/naturalpoland.com\/de\/produkte\/wachse\/macadamia-wachs\/","title":{"rendered":"Macadamia-Wachs"},"content":{"rendered":"<p>Macadamia-Wachs hat eine cremig-gelbe Farbe und ist geruchlos, so dass es leicht in einer Vielzahl von kosmetischen Formulierungen verwendet werden kann.<\/p>\n<p>Der Fetts\u00e4uregehalt von Macadamia-Wachs, darunter \u00d6l-, Palmitin- und Stearins\u00e4ure, tr\u00e4gt zu seinen feuchtigkeitsspendenden und erweichenden Eigenschaften bei. Die gleichen Fetts\u00e4uren machen dieses Wachs zu einem idealen Inhaltsstoff f\u00fcr Produkte, die f\u00fcr trockene und reife Haut entwickelt wurden, um sie zu n\u00e4hren und zu sch\u00fctzen.<\/p>\n<p>Macadamia-Wachs hat auch eine <strong>sch\u00fctzende Wirkung<\/strong>, indem es einen zarten Film auf der Haut bildet, der hilft, Feuchtigkeit zu speichern und Feuchtigkeitsverlust zu verhindern. Dank dieses Inhaltsstoffs k\u00f6nnen kosmetische Produkte die Haut besser vor sch\u00e4dlichen \u00e4u\u00dferen Einfl\u00fcssen wie Umweltverschmutzung und Trockenheit sch\u00fctzen.<\/p>\n<p><strong>Anmeldung<\/strong><\/p>\n<p>Die Verwendungsm\u00f6glichkeiten von Macadamia-Wachs reichen von Feuchtigkeitscremes \u00fcber K\u00f6rperlotionen bis hin zu Haarstylingprodukten. Seine Vielseitigkeit macht es zu einem wertvollen Inhaltsstoff in der <a href=\"https:\/\/naturalpoland.com\/de\/kategorie\/produkte-fur-die-kosmetikindustrie\/\">Kosmetikindustrie<\/a>, und seine Ungiftigkeit und Sanftheit machen es auch f\u00fcr Menschen mit empfindlicher Haut geeignet.<\/p>\n<p>Dank seiner feuchtigkeitsspendenden und weichmachenden Eigenschaften eignet sich dieses Wachs besonders f\u00fcr Produkte, die f\u00fcr trockene, empfindliche und reife Haut bestimmt sind.<\/p>\n","protected":false},"excerpt":{"rendered":"<p>Macadamia-Wachs ist ein einzigartiger kosmetischer Rohstoff, der aus der Macadamia-Nuss gewonnen wird. Seine einzigartigen Eigenschaften beruhen auf dem Hydrierungsprozess des Macadamianuss\u00f6ls, der ihm eine feste Konsistenz verleiht.<\/p>\n","protected":false},"featured_media":29869,"template":"","meta":{"_acf_changed":false},"product_brand":[],"product_cat":[391],"product_tag":[],"class_list":{"0":"post-30010","1":"product","2":"type-product","3":"status-publish","4":"has-post-thumbnail","6":"product_cat-wachse","8":"first","9":"instock","10":"shipping-taxable","11":"product-type-simple"},"acf":[],"yoast_head":"<!-- This site is optimized with the Yoast SEO plugin v27.4 - https:\/\/yoast.com\/product\/yoast-seo-wordpress\/ -->\n<title>Macadamia-Wachs - Gro\u00dfhandelsvertrieb<\/title>\n<meta name=\"description\" content=\"Macadamia-Wachs wird besonders f\u00fcr Produkte empfohlen, die f\u00fcr trockene, empfindliche und reife Haut bestimmt sind.\" \/>\n<meta name=\"robots\" content=\"index, follow, max-snippet:-1, max-image-preview:large, max-video-preview:-1\" \/>\n<link rel=\"canonical\" href=\"https:\/\/naturalpoland.com\/de\/produkte\/wachse\/macadamia-wachs\/\" \/>\n<meta property=\"og:locale\" content=\"de_DE\" \/>\n<meta property=\"og:type\" content=\"article\" \/>\n<meta property=\"og:title\" content=\"Macadamia-Wachs - Gro\u00dfhandelsvertrieb\" \/>\n<meta property=\"og:description\" content=\"Macadamia-Wachs wird besonders f\u00fcr Produkte empfohlen, die f\u00fcr trockene, empfindliche und reife Haut bestimmt sind.\" \/>\n<meta property=\"og:url\" content=\"https:\/\/naturalpoland.com\/de\/produkte\/wachse\/macadamia-wachs\/\" \/>\n<meta property=\"og:site_name\" content=\"NATURAL POLAND - IMPORT UND HANDEL VON ROHSTOFFEN\" \/>\n<meta property=\"article:publisher\" content=\"https:\/\/www.facebook.com\/naturalpoland.b2b\" \/>\n<meta property=\"og:image\" content=\"https:\/\/naturalpoland.com\/wp-content\/uploads\/wosk-makadamia.webp\" \/>\n\t<meta property=\"og:image:width\" content=\"614\" \/>\n\t<meta property=\"og:image:height\" content=\"614\" \/>\n\t<meta property=\"og:image:type\" content=\"image\/webp\" \/>\n<script type=\"application\/ld+json\" class=\"yoast-schema-graph\">{\"@context\":\"https:\\\/\\\/schema.org\",\"@graph\":[{\"@type\":\"WebPage\",\"@id\":\"https:\\\/\\\/naturalpoland.com\\\/de\\\/produkte\\\/wachse\\\/macadamia-wachs\\\/\",\"url\":\"https:\\\/\\\/naturalpoland.com\\\/de\\\/produkte\\\/wachse\\\/macadamia-wachs\\\/\",\"name\":\"Macadamia-Wachs - Gro\u00dfhandelsvertrieb\",\"isPartOf\":{\"@id\":\"https:\\\/\\\/naturalpoland.com\\\/de\\\/#website\"},\"primaryImageOfPage\":{\"@id\":\"https:\\\/\\\/naturalpoland.com\\\/de\\\/produkte\\\/wachse\\\/macadamia-wachs\\\/#primaryimage\"},\"image\":{\"@id\":\"https:\\\/\\\/naturalpoland.com\\\/de\\\/produkte\\\/wachse\\\/macadamia-wachs\\\/#primaryimage\"},\"thumbnailUrl\":\"https:\\\/\\\/naturalpoland.com\\\/wp-content\\\/uploads\\\/wosk-makadamia.webp\",\"datePublished\":\"2024-01-26T12:27:08+00:00\",\"description\":\"Macadamia-Wachs wird besonders f\u00fcr Produkte empfohlen, die f\u00fcr trockene, empfindliche und reife Haut bestimmt sind.\",\"breadcrumb\":{\"@id\":\"https:\\\/\\\/naturalpoland.com\\\/de\\\/produkte\\\/wachse\\\/macadamia-wachs\\\/#breadcrumb\"},\"inLanguage\":\"de\",\"potentialAction\":[{\"@type\":\"ReadAction\",\"target\":[\"https:\\\/\\\/naturalpoland.com\\\/de\\\/produkte\\\/wachse\\\/macadamia-wachs\\\/\"]}]},{\"@type\":\"ImageObject\",\"inLanguage\":\"de\",\"@id\":\"https:\\\/\\\/naturalpoland.com\\\/de\\\/produkte\\\/wachse\\\/macadamia-wachs\\\/#primaryimage\",\"url\":\"https:\\\/\\\/naturalpoland.com\\\/wp-content\\\/uploads\\\/wosk-makadamia.webp\",\"contentUrl\":\"https:\\\/\\\/naturalpoland.com\\\/wp-content\\\/uploads\\\/wosk-makadamia.webp\",\"width\":614,\"height\":614,\"caption\":\"wosk makadamia\"},{\"@type\":\"BreadcrumbList\",\"@id\":\"https:\\\/\\\/naturalpoland.com\\\/de\\\/produkte\\\/wachse\\\/macadamia-wachs\\\/#breadcrumb\",\"itemListElement\":[{\"@type\":\"ListItem\",\"position\":1,\"name\":\"Startseite\",\"item\":\"https:\\\/\\\/naturalpoland.com\\\/de\\\/\"},{\"@type\":\"ListItem\",\"position\":2,\"name\":\"Produkte\",\"item\":\"https:\\\/\\\/naturalpoland.com\\\/de\\\/produkte\\\/\"},{\"@type\":\"ListItem\",\"position\":3,\"name\":\"Macadamia-Wachs\"}]},{\"@type\":\"WebSite\",\"@id\":\"https:\\\/\\\/naturalpoland.com\\\/de\\\/#website\",\"url\":\"https:\\\/\\\/naturalpoland.com\\\/de\\\/\",\"name\":\"NATURAL POLAND - IMPORT UND HANDEL VON ROHSTOFFEN\",\"description\":\"Rohstoffe f\u00fcr die Lebensmittelindustrie, Kosmetikindustrie, Pharmaindustrie\",\"publisher\":{\"@id\":\"https:\\\/\\\/naturalpoland.com\\\/de\\\/#organization\"},\"potentialAction\":[{\"@type\":\"SearchAction\",\"target\":{\"@type\":\"EntryPoint\",\"urlTemplate\":\"https:\\\/\\\/naturalpoland.com\\\/de\\\/?s={search_term_string}\"},\"query-input\":{\"@type\":\"PropertyValueSpecification\",\"valueRequired\":true,\"valueName\":\"search_term_string\"}}],\"inLanguage\":\"de\"},{\"@type\":\"Organization\",\"@id\":\"https:\\\/\\\/naturalpoland.com\\\/de\\\/#organization\",\"name\":\"Natural Poland\",\"url\":\"https:\\\/\\\/naturalpoland.com\\\/de\\\/\",\"logo\":{\"@type\":\"ImageObject\",\"inLanguage\":\"de\",\"@id\":\"https:\\\/\\\/naturalpoland.com\\\/de\\\/#\\\/schema\\\/logo\\\/image\\\/\",\"url\":\"https:\\\/\\\/naturalpoland.com\\\/wp-content\\\/uploads\\\/2021\\\/05\\\/natural-poland-icon.png\",\"contentUrl\":\"https:\\\/\\\/naturalpoland.com\\\/wp-content\\\/uploads\\\/2021\\\/05\\\/natural-poland-icon.png\",\"width\":512,\"height\":512,\"caption\":\"Natural Poland\"},\"image\":{\"@id\":\"https:\\\/\\\/naturalpoland.com\\\/de\\\/#\\\/schema\\\/logo\\\/image\\\/\"},\"sameAs\":[\"https:\\\/\\\/www.facebook.com\\\/naturalpoland.b2b\",\"https:\\\/\\\/pl.linkedin.com\\\/company\\\/natural-poland\",\"https:\\\/\\\/www.youtube.com\\\/channel\\\/UCgeGGkvOMahZo-xu_MSEWxg\"]}]}<\/script>\n<!-- \/ Yoast SEO plugin. -->","yoast_head_json":{"title":"Macadamia-Wachs - Gro\u00dfhandelsvertrieb","description":"Macadamia-Wachs wird besonders f\u00fcr Produkte empfohlen, die f\u00fcr trockene, empfindliche und reife Haut bestimmt sind.","robots":{"index":"index","follow":"follow","max-snippet":"max-snippet:-1","max-image-preview":"max-image-preview:large","max-video-preview":"max-video-preview:-1"},"canonical":"https:\/\/naturalpoland.com\/de\/produkte\/wachse\/macadamia-wachs\/","og_locale":"de_DE","og_type":"article","og_title":"Macadamia-Wachs - Gro\u00dfhandelsvertrieb","og_description":"Macadamia-Wachs wird besonders f\u00fcr Produkte empfohlen, die f\u00fcr trockene, empfindliche und reife Haut bestimmt sind.","og_url":"https:\/\/naturalpoland.com\/de\/produkte\/wachse\/macadamia-wachs\/","og_site_name":"NATURAL POLAND - IMPORT UND HANDEL VON ROHSTOFFEN","article_publisher":"https:\/\/www.facebook.com\/naturalpoland.b2b","og_image":[{"width":614,"height":614,"url":"https:\/\/naturalpoland.com\/wp-content\/uploads\/wosk-makadamia.webp","type":"image\/webp"}],"schema":{"@context":"https:\/\/schema.org","@graph":[{"@type":"WebPage","@id":"https:\/\/naturalpoland.com\/de\/produkte\/wachse\/macadamia-wachs\/","url":"https:\/\/naturalpoland.com\/de\/produkte\/wachse\/macadamia-wachs\/","name":"Macadamia-Wachs - Gro\u00dfhandelsvertrieb","isPartOf":{"@id":"https:\/\/naturalpoland.com\/de\/#website"},"primaryImageOfPage":{"@id":"https:\/\/naturalpoland.com\/de\/produkte\/wachse\/macadamia-wachs\/#primaryimage"},"image":{"@id":"https:\/\/naturalpoland.com\/de\/produkte\/wachse\/macadamia-wachs\/#primaryimage"},"thumbnailUrl":"https:\/\/naturalpoland.com\/wp-content\/uploads\/wosk-makadamia.webp","datePublished":"2024-01-26T12:27:08+00:00","description":"Macadamia-Wachs wird besonders f\u00fcr Produkte empfohlen, die f\u00fcr trockene, empfindliche und reife Haut bestimmt sind.","breadcrumb":{"@id":"https:\/\/naturalpoland.com\/de\/produkte\/wachse\/macadamia-wachs\/#breadcrumb"},"inLanguage":"de","potentialAction":[{"@type":"ReadAction","target":["https:\/\/naturalpoland.com\/de\/produkte\/wachse\/macadamia-wachs\/"]}]},{"@type":"ImageObject","inLanguage":"de","@id":"https:\/\/naturalpoland.com\/de\/produkte\/wachse\/macadamia-wachs\/#primaryimage","url":"https:\/\/naturalpoland.com\/wp-content\/uploads\/wosk-makadamia.webp","contentUrl":"https:\/\/naturalpoland.com\/wp-content\/uploads\/wosk-makadamia.webp","width":614,"height":614,"caption":"wosk makadamia"},{"@type":"BreadcrumbList","@id":"https:\/\/naturalpoland.com\/de\/produkte\/wachse\/macadamia-wachs\/#breadcrumb","itemListElement":[{"@type":"ListItem","position":1,"name":"Startseite","item":"https:\/\/naturalpoland.com\/de\/"},{"@type":"ListItem","position":2,"name":"Produkte","item":"https:\/\/naturalpoland.com\/de\/produkte\/"},{"@type":"ListItem","position":3,"name":"Macadamia-Wachs"}]},{"@type":"WebSite","@id":"https:\/\/naturalpoland.com\/de\/#website","url":"https:\/\/naturalpoland.com\/de\/","name":"NATURAL POLAND - IMPORT UND HANDEL VON ROHSTOFFEN","description":"Rohstoffe f\u00fcr die Lebensmittelindustrie, Kosmetikindustrie, Pharmaindustrie","publisher":{"@id":"https:\/\/naturalpoland.com\/de\/#organization"},"potentialAction":[{"@type":"SearchAction","target":{"@type":"EntryPoint","urlTemplate":"https:\/\/naturalpoland.com\/de\/?s={search_term_string}"},"query-input":{"@type":"PropertyValueSpecification","valueRequired":true,"valueName":"search_term_string"}}],"inLanguage":"de"},{"@type":"Organization","@id":"https:\/\/naturalpoland.com\/de\/#organization","name":"Natural Poland","url":"https:\/\/naturalpoland.com\/de\/","logo":{"@type":"ImageObject","inLanguage":"de","@id":"https:\/\/naturalpoland.com\/de\/#\/schema\/logo\/image\/","url":"https:\/\/naturalpoland.com\/wp-content\/uploads\/2021\/05\/natural-poland-icon.png","contentUrl":"https:\/\/naturalpoland.com\/wp-content\/uploads\/2021\/05\/natural-poland-icon.png","width":512,"height":512,"caption":"Natural Poland"},"image":{"@id":"https:\/\/naturalpoland.com\/de\/#\/schema\/logo\/image\/"},"sameAs":["https:\/\/www.facebook.com\/naturalpoland.b2b","https:\/\/pl.linkedin.com\/company\/natural-poland","https:\/\/www.youtube.com\/channel\/UCgeGGkvOMahZo-xu_MSEWxg"]}]}},"_links":{"self":[{"href":"https:\/\/naturalpoland.com\/de\/wp-json\/wp\/v2\/product\/30010","targetHints":{"allow":["GET"]}}],"collection":[{"href":"https:\/\/naturalpoland.com\/de\/wp-json\/wp\/v2\/product"}],"about":[{"href":"https:\/\/naturalpoland.com\/de\/wp-json\/wp\/v2\/types\/product"}],"wp:featuredmedia":[{"embeddable":true,"href":"https:\/\/naturalpoland.com\/de\/wp-json\/wp\/v2\/media\/29869"}],"wp:attachment":[{"href":"https:\/\/naturalpoland.com\/de\/wp-json\/wp\/v2\/media?parent=30010"}],"wp:term":[{"taxonomy":"product_brand","embeddable":true,"href":"https:\/\/naturalpoland.com\/de\/wp-json\/wp\/v2\/product_brand?post=30010"},{"taxonomy":"product_cat","embeddable":true,"href":"https:\/\/naturalpoland.com\/de\/wp-json\/wp\/v2\/product_cat?post=30010"},{"taxonomy":"product_tag","embeddable":true,"href":"https:\/\/naturalpoland.com\/de\/wp-json\/wp\/v2\/product_tag?post=30010"}],"curies":[{"name":"wp","href":"https:\/\/api.w.org\/{rel}","templated":true}]}}