{"id":30016,"date":"2024-01-18T15:41:53","date_gmt":"2024-01-26T12:27:13","guid":{"rendered":"https:\/\/naturalpoland.com\/produkty\/unkategorisiert\/acetyl-tetrapeptid-5\/"},"modified":"2024-06-05T14:16:54","modified_gmt":"2024-06-05T12:16:54","slug":"acetyl-tetrapeptid-5","status":"publish","type":"product","link":"https:\/\/naturalpoland.com\/de\/produkte\/produkte-fur-die-kosmetikindustrie\/peptide\/acetyl-tetrapeptid-5\/","title":{"rendered":"Acetyl-Tetrapeptid-5"},"content":{"rendered":"<h3>Mechanismus der Wirkung<\/h3>\n<p><strong>Erh\u00f6hung der Aktivit\u00e4t der Superoxid-Dismutase (SOD)<\/strong><\/p>\n<p>Acetyl Tetrapeptide-5 unterst\u00fctzt die SOD-Aktivit\u00e4t, die zum Schutz der Hautzellen vor oxidativem Stress beitr\u00e4gt. Auf diese Weise tr\u00e4gt das Peptid dazu bei, den Glykationsprozess zu hemmen, der zu einer Proteinvernetzung f\u00fchrt, was wiederum die Elastizit\u00e4t der Haut verbessert und eine vorzeitige Alterung verhindert.<\/p>\n<p><strong>Verbesserte Mikrozirkulation<\/strong><\/p>\n<p>Durch die Anregung der Mikrozirkulation in der Augenpartie reduziert Acetyl Tetrapeptide-5 die Durchl\u00e4ssigkeit der Blutgef\u00e4\u00dfe und den Feuchtigkeitsverlust. Diese Wirkung tr\u00e4gt zur Verringerung von Schwellungen und dunklen Augenringen bei und sorgt f\u00fcr ein ausgeruhteres und jugendlicheres Aussehen.<\/p>\n<p><strong>Anti-Glykationseffekt<\/strong><\/p>\n<p>Glykation ist der Prozess, bei dem Zucker mit Proteinen reagieren und fortgeschrittene Glykationsendprodukte (AGEs) bilden, die Kollagen und Elastin sch\u00e4digen und zu Festigkeitsverlust und Falten f\u00fchren. Acetyl Tetrapeptide-5 hemmt diesen Prozess effektiv und f\u00f6rdert die Struktur und Elastizit\u00e4t der Haut.<\/p>\n<h3>Kosmetische Vorteile<\/h3>\n<p>Dank seiner <strong>anti\u00f6demat\u00f6sen<\/strong> Eigenschaften ist Acetyl Tetrapeptide-5 besonders wirksam bei der Reduzierung von Tr\u00e4nens\u00e4cken, die oft das Ergebnis einer schlechten Lymphzirkulation und Fl\u00fcssigkeitsansammlung sind. Dieses Peptid verbessert die Lymphzirkulation, was <strong>Schwellungen reduziert<\/strong> und f\u00fcr ein ausgeruhteres Aussehen sorgt. Dar\u00fcber hinaus <strong>hat<\/strong> es eine <strong>beruhigende und feuchtigkeitsspendende Wirkung<\/strong> auf die Haut und verbessert ihre Geschmeidigkeit und Elastizit\u00e4t. Dieses Peptid hat auch <strong>entz\u00fcndungshemmende Eigenschaften<\/strong>, die helfen, Hautreizungen und R\u00f6tungen zu reduzieren. Es ist ein hervorragender Inhaltsstoff in Produkten f\u00fcr empfindliche und zu Allergien neigende Haut.<\/p>\n<h3>Forschung<\/h3>\n<p>Die Wirksamkeit von Acetyl Tetrapeptide-5 wurde in zahlreichen In-vivo-Studien best\u00e4tigt. In einer Studie trugen 20 Freiwillige 60 Tage lang eine Creme mit Acetyl Tetrapeptide-5 auf. Die Ergebnisse zeigten, dass bei 70% der Teilnehmer das Auftreten von Tr\u00e4nens\u00e4cken bis zum 15. Tag der Anwendung und bei 95% der Teilnehmer bis zum Ende der Studie reduziert wurde.<\/p>\n<h3>Sicherheit<\/h3>\n<p>Das Produkt ist als sicherer kosmetischer Inhaltsstoff anerkannt. In den verwendeten Konzentrationen zeigt es keine reizenden oder toxischen Wirkungen. Die fehlende Einstufung als gef\u00e4hrliche Substanz gem\u00e4\u00df der Chemikalienverordnung best\u00e4tigt seine Sicherheit f\u00fcr Anwender und Umwelt.<\/p>\n","protected":false},"excerpt":{"rendered":"<p>Acetyl Tetrapeptide-5 ist ein synthetisches Peptid aus vier Aminos\u00e4uren mit Eigenschaften, die Schwellungen und dunkle Augenringe reduzieren. Das Produkt wird h\u00e4ufig in der Kosmetikindustrie verwendet, unter anderem f\u00fcr Gele, Cremes, Augenseren und Masken.<\/p>\n","protected":false},"featured_media":29610,"template":"","meta":{"_acf_changed":false},"product_brand":[],"product_cat":[2492],"product_tag":[],"class_list":{"0":"post-30016","1":"product","2":"type-product","3":"status-publish","4":"has-post-thumbnail","6":"product_cat-peptide","7":"pa_metoda-pozyskiwania-biologische-fermentation","9":"first","10":"instock","11":"shipping-taxable","12":"product-type-simple"},"acf":[],"yoast_head":"<!-- This site is optimized with the Yoast SEO plugin v27.4 - https:\/\/yoast.com\/product\/yoast-seo-wordpress\/ -->\n<title>Acetyl-Tetrapeptid-5 - NATURAL POLAND - IMPORT UND HANDEL VON ROHSTOFFEN<\/title>\n<meta name=\"description\" content=\"Acetyl Tetrapeptide-5, auch bekannt als Eyeseryl, ist ein Peptid, das in der Kosmetik aufgrund seiner einzigartigen Eigenschaften verwendet wird.\" \/>\n<meta name=\"robots\" content=\"index, follow, max-snippet:-1, max-image-preview:large, max-video-preview:-1\" \/>\n<link rel=\"canonical\" href=\"https:\/\/naturalpoland.com\/de\/produkte\/produkte-fur-die-kosmetikindustrie\/peptide\/acetyl-tetrapeptid-5\/\" \/>\n<meta property=\"og:locale\" content=\"de_DE\" \/>\n<meta property=\"og:type\" content=\"article\" \/>\n<meta property=\"og:title\" content=\"Acetyl-Tetrapeptid-5 - NATURAL POLAND - IMPORT UND HANDEL VON ROHSTOFFEN\" \/>\n<meta property=\"og:description\" content=\"Acetyl Tetrapeptide-5, auch bekannt als Eyeseryl, ist ein Peptid, das in der Kosmetik aufgrund seiner einzigartigen Eigenschaften verwendet wird.\" \/>\n<meta property=\"og:url\" content=\"https:\/\/naturalpoland.com\/de\/produkte\/produkte-fur-die-kosmetikindustrie\/peptide\/acetyl-tetrapeptid-5\/\" \/>\n<meta property=\"og:site_name\" content=\"NATURAL POLAND - IMPORT UND HANDEL VON ROHSTOFFEN\" \/>\n<meta property=\"article:publisher\" content=\"https:\/\/www.facebook.com\/naturalpoland.b2b\" \/>\n<meta property=\"article:modified_time\" content=\"2024-06-05T12:16:54+00:00\" \/>\n<meta property=\"og:image\" content=\"https:\/\/naturalpoland.com\/wp-content\/uploads\/tetrapeptide-5.webp\" \/>\n\t<meta property=\"og:image:width\" content=\"614\" \/>\n\t<meta property=\"og:image:height\" content=\"614\" \/>\n\t<meta property=\"og:image:type\" content=\"image\/webp\" \/>\n<script type=\"application\/ld+json\" class=\"yoast-schema-graph\">{\"@context\":\"https:\\\/\\\/schema.org\",\"@graph\":[{\"@type\":\"WebPage\",\"@id\":\"https:\\\/\\\/naturalpoland.com\\\/de\\\/produkte\\\/produkte-fur-die-kosmetikindustrie\\\/peptide\\\/acetyl-tetrapeptid-5\\\/\",\"url\":\"https:\\\/\\\/naturalpoland.com\\\/de\\\/produkte\\\/produkte-fur-die-kosmetikindustrie\\\/peptide\\\/acetyl-tetrapeptid-5\\\/\",\"name\":\"Acetyl-Tetrapeptid-5 - NATURAL POLAND - IMPORT UND HANDEL VON ROHSTOFFEN\",\"isPartOf\":{\"@id\":\"https:\\\/\\\/naturalpoland.com\\\/de\\\/#website\"},\"primaryImageOfPage\":{\"@id\":\"https:\\\/\\\/naturalpoland.com\\\/de\\\/produkte\\\/produkte-fur-die-kosmetikindustrie\\\/peptide\\\/acetyl-tetrapeptid-5\\\/#primaryimage\"},\"image\":{\"@id\":\"https:\\\/\\\/naturalpoland.com\\\/de\\\/produkte\\\/produkte-fur-die-kosmetikindustrie\\\/peptide\\\/acetyl-tetrapeptid-5\\\/#primaryimage\"},\"thumbnailUrl\":\"https:\\\/\\\/naturalpoland.com\\\/wp-content\\\/uploads\\\/tetrapeptide-5.webp\",\"datePublished\":\"2024-01-26T12:27:13+00:00\",\"dateModified\":\"2024-06-05T12:16:54+00:00\",\"description\":\"Acetyl Tetrapeptide-5, auch bekannt als Eyeseryl, ist ein Peptid, das in der Kosmetik aufgrund seiner einzigartigen Eigenschaften verwendet wird.\",\"breadcrumb\":{\"@id\":\"https:\\\/\\\/naturalpoland.com\\\/de\\\/produkte\\\/produkte-fur-die-kosmetikindustrie\\\/peptide\\\/acetyl-tetrapeptid-5\\\/#breadcrumb\"},\"inLanguage\":\"de\",\"potentialAction\":[{\"@type\":\"ReadAction\",\"target\":[\"https:\\\/\\\/naturalpoland.com\\\/de\\\/produkte\\\/produkte-fur-die-kosmetikindustrie\\\/peptide\\\/acetyl-tetrapeptid-5\\\/\"]}]},{\"@type\":\"ImageObject\",\"inLanguage\":\"de\",\"@id\":\"https:\\\/\\\/naturalpoland.com\\\/de\\\/produkte\\\/produkte-fur-die-kosmetikindustrie\\\/peptide\\\/acetyl-tetrapeptid-5\\\/#primaryimage\",\"url\":\"https:\\\/\\\/naturalpoland.com\\\/wp-content\\\/uploads\\\/tetrapeptide-5.webp\",\"contentUrl\":\"https:\\\/\\\/naturalpoland.com\\\/wp-content\\\/uploads\\\/tetrapeptide-5.webp\",\"width\":614,\"height\":614,\"caption\":\"Acetyl Tetrapeptide-5\"},{\"@type\":\"BreadcrumbList\",\"@id\":\"https:\\\/\\\/naturalpoland.com\\\/de\\\/produkte\\\/produkte-fur-die-kosmetikindustrie\\\/peptide\\\/acetyl-tetrapeptid-5\\\/#breadcrumb\",\"itemListElement\":[{\"@type\":\"ListItem\",\"position\":1,\"name\":\"Startseite\",\"item\":\"https:\\\/\\\/naturalpoland.com\\\/de\\\/\"},{\"@type\":\"ListItem\",\"position\":2,\"name\":\"Produkte\",\"item\":\"https:\\\/\\\/naturalpoland.com\\\/de\\\/produkte\\\/\"},{\"@type\":\"ListItem\",\"position\":3,\"name\":\"Acetyl-Tetrapeptid-5\"}]},{\"@type\":\"WebSite\",\"@id\":\"https:\\\/\\\/naturalpoland.com\\\/de\\\/#website\",\"url\":\"https:\\\/\\\/naturalpoland.com\\\/de\\\/\",\"name\":\"NATURAL POLAND - IMPORT UND HANDEL VON ROHSTOFFEN\",\"description\":\"Rohstoffe f\u00fcr die Lebensmittelindustrie, Kosmetikindustrie, Pharmaindustrie\",\"publisher\":{\"@id\":\"https:\\\/\\\/naturalpoland.com\\\/de\\\/#organization\"},\"potentialAction\":[{\"@type\":\"SearchAction\",\"target\":{\"@type\":\"EntryPoint\",\"urlTemplate\":\"https:\\\/\\\/naturalpoland.com\\\/de\\\/?s={search_term_string}\"},\"query-input\":{\"@type\":\"PropertyValueSpecification\",\"valueRequired\":true,\"valueName\":\"search_term_string\"}}],\"inLanguage\":\"de\"},{\"@type\":\"Organization\",\"@id\":\"https:\\\/\\\/naturalpoland.com\\\/de\\\/#organization\",\"name\":\"Natural Poland\",\"url\":\"https:\\\/\\\/naturalpoland.com\\\/de\\\/\",\"logo\":{\"@type\":\"ImageObject\",\"inLanguage\":\"de\",\"@id\":\"https:\\\/\\\/naturalpoland.com\\\/de\\\/#\\\/schema\\\/logo\\\/image\\\/\",\"url\":\"https:\\\/\\\/naturalpoland.com\\\/wp-content\\\/uploads\\\/2021\\\/05\\\/natural-poland-icon.png\",\"contentUrl\":\"https:\\\/\\\/naturalpoland.com\\\/wp-content\\\/uploads\\\/2021\\\/05\\\/natural-poland-icon.png\",\"width\":512,\"height\":512,\"caption\":\"Natural Poland\"},\"image\":{\"@id\":\"https:\\\/\\\/naturalpoland.com\\\/de\\\/#\\\/schema\\\/logo\\\/image\\\/\"},\"sameAs\":[\"https:\\\/\\\/www.facebook.com\\\/naturalpoland.b2b\",\"https:\\\/\\\/pl.linkedin.com\\\/company\\\/natural-poland\",\"https:\\\/\\\/www.youtube.com\\\/channel\\\/UCgeGGkvOMahZo-xu_MSEWxg\"]}]}<\/script>\n<!-- \/ Yoast SEO plugin. -->","yoast_head_json":{"title":"Acetyl-Tetrapeptid-5 - NATURAL POLAND - IMPORT UND HANDEL VON ROHSTOFFEN","description":"Acetyl Tetrapeptide-5, auch bekannt als Eyeseryl, ist ein Peptid, das in der Kosmetik aufgrund seiner einzigartigen Eigenschaften verwendet wird.","robots":{"index":"index","follow":"follow","max-snippet":"max-snippet:-1","max-image-preview":"max-image-preview:large","max-video-preview":"max-video-preview:-1"},"canonical":"https:\/\/naturalpoland.com\/de\/produkte\/produkte-fur-die-kosmetikindustrie\/peptide\/acetyl-tetrapeptid-5\/","og_locale":"de_DE","og_type":"article","og_title":"Acetyl-Tetrapeptid-5 - NATURAL POLAND - IMPORT UND HANDEL VON ROHSTOFFEN","og_description":"Acetyl Tetrapeptide-5, auch bekannt als Eyeseryl, ist ein Peptid, das in der Kosmetik aufgrund seiner einzigartigen Eigenschaften verwendet wird.","og_url":"https:\/\/naturalpoland.com\/de\/produkte\/produkte-fur-die-kosmetikindustrie\/peptide\/acetyl-tetrapeptid-5\/","og_site_name":"NATURAL POLAND - IMPORT UND HANDEL VON ROHSTOFFEN","article_publisher":"https:\/\/www.facebook.com\/naturalpoland.b2b","article_modified_time":"2024-06-05T12:16:54+00:00","og_image":[{"width":614,"height":614,"url":"https:\/\/naturalpoland.com\/wp-content\/uploads\/tetrapeptide-5.webp","type":"image\/webp"}],"schema":{"@context":"https:\/\/schema.org","@graph":[{"@type":"WebPage","@id":"https:\/\/naturalpoland.com\/de\/produkte\/produkte-fur-die-kosmetikindustrie\/peptide\/acetyl-tetrapeptid-5\/","url":"https:\/\/naturalpoland.com\/de\/produkte\/produkte-fur-die-kosmetikindustrie\/peptide\/acetyl-tetrapeptid-5\/","name":"Acetyl-Tetrapeptid-5 - NATURAL POLAND - IMPORT UND HANDEL VON ROHSTOFFEN","isPartOf":{"@id":"https:\/\/naturalpoland.com\/de\/#website"},"primaryImageOfPage":{"@id":"https:\/\/naturalpoland.com\/de\/produkte\/produkte-fur-die-kosmetikindustrie\/peptide\/acetyl-tetrapeptid-5\/#primaryimage"},"image":{"@id":"https:\/\/naturalpoland.com\/de\/produkte\/produkte-fur-die-kosmetikindustrie\/peptide\/acetyl-tetrapeptid-5\/#primaryimage"},"thumbnailUrl":"https:\/\/naturalpoland.com\/wp-content\/uploads\/tetrapeptide-5.webp","datePublished":"2024-01-26T12:27:13+00:00","dateModified":"2024-06-05T12:16:54+00:00","description":"Acetyl Tetrapeptide-5, auch bekannt als Eyeseryl, ist ein Peptid, das in der Kosmetik aufgrund seiner einzigartigen Eigenschaften verwendet wird.","breadcrumb":{"@id":"https:\/\/naturalpoland.com\/de\/produkte\/produkte-fur-die-kosmetikindustrie\/peptide\/acetyl-tetrapeptid-5\/#breadcrumb"},"inLanguage":"de","potentialAction":[{"@type":"ReadAction","target":["https:\/\/naturalpoland.com\/de\/produkte\/produkte-fur-die-kosmetikindustrie\/peptide\/acetyl-tetrapeptid-5\/"]}]},{"@type":"ImageObject","inLanguage":"de","@id":"https:\/\/naturalpoland.com\/de\/produkte\/produkte-fur-die-kosmetikindustrie\/peptide\/acetyl-tetrapeptid-5\/#primaryimage","url":"https:\/\/naturalpoland.com\/wp-content\/uploads\/tetrapeptide-5.webp","contentUrl":"https:\/\/naturalpoland.com\/wp-content\/uploads\/tetrapeptide-5.webp","width":614,"height":614,"caption":"Acetyl Tetrapeptide-5"},{"@type":"BreadcrumbList","@id":"https:\/\/naturalpoland.com\/de\/produkte\/produkte-fur-die-kosmetikindustrie\/peptide\/acetyl-tetrapeptid-5\/#breadcrumb","itemListElement":[{"@type":"ListItem","position":1,"name":"Startseite","item":"https:\/\/naturalpoland.com\/de\/"},{"@type":"ListItem","position":2,"name":"Produkte","item":"https:\/\/naturalpoland.com\/de\/produkte\/"},{"@type":"ListItem","position":3,"name":"Acetyl-Tetrapeptid-5"}]},{"@type":"WebSite","@id":"https:\/\/naturalpoland.com\/de\/#website","url":"https:\/\/naturalpoland.com\/de\/","name":"NATURAL POLAND - IMPORT UND HANDEL VON ROHSTOFFEN","description":"Rohstoffe f\u00fcr die Lebensmittelindustrie, Kosmetikindustrie, Pharmaindustrie","publisher":{"@id":"https:\/\/naturalpoland.com\/de\/#organization"},"potentialAction":[{"@type":"SearchAction","target":{"@type":"EntryPoint","urlTemplate":"https:\/\/naturalpoland.com\/de\/?s={search_term_string}"},"query-input":{"@type":"PropertyValueSpecification","valueRequired":true,"valueName":"search_term_string"}}],"inLanguage":"de"},{"@type":"Organization","@id":"https:\/\/naturalpoland.com\/de\/#organization","name":"Natural Poland","url":"https:\/\/naturalpoland.com\/de\/","logo":{"@type":"ImageObject","inLanguage":"de","@id":"https:\/\/naturalpoland.com\/de\/#\/schema\/logo\/image\/","url":"https:\/\/naturalpoland.com\/wp-content\/uploads\/2021\/05\/natural-poland-icon.png","contentUrl":"https:\/\/naturalpoland.com\/wp-content\/uploads\/2021\/05\/natural-poland-icon.png","width":512,"height":512,"caption":"Natural Poland"},"image":{"@id":"https:\/\/naturalpoland.com\/de\/#\/schema\/logo\/image\/"},"sameAs":["https:\/\/www.facebook.com\/naturalpoland.b2b","https:\/\/pl.linkedin.com\/company\/natural-poland","https:\/\/www.youtube.com\/channel\/UCgeGGkvOMahZo-xu_MSEWxg"]}]}},"_links":{"self":[{"href":"https:\/\/naturalpoland.com\/de\/wp-json\/wp\/v2\/product\/30016","targetHints":{"allow":["GET"]}}],"collection":[{"href":"https:\/\/naturalpoland.com\/de\/wp-json\/wp\/v2\/product"}],"about":[{"href":"https:\/\/naturalpoland.com\/de\/wp-json\/wp\/v2\/types\/product"}],"wp:featuredmedia":[{"embeddable":true,"href":"https:\/\/naturalpoland.com\/de\/wp-json\/wp\/v2\/media\/29610"}],"wp:attachment":[{"href":"https:\/\/naturalpoland.com\/de\/wp-json\/wp\/v2\/media?parent=30016"}],"wp:term":[{"taxonomy":"product_brand","embeddable":true,"href":"https:\/\/naturalpoland.com\/de\/wp-json\/wp\/v2\/product_brand?post=30016"},{"taxonomy":"product_cat","embeddable":true,"href":"https:\/\/naturalpoland.com\/de\/wp-json\/wp\/v2\/product_cat?post=30016"},{"taxonomy":"product_tag","embeddable":true,"href":"https:\/\/naturalpoland.com\/de\/wp-json\/wp\/v2\/product_tag?post=30016"}],"curies":[{"name":"wp","href":"https:\/\/api.w.org\/{rel}","templated":true}]}}