{"id":30256,"date":"2024-01-26T11:36:50","date_gmt":"2024-01-26T10:36:50","guid":{"rendered":"https:\/\/naturalpoland.com\/produkty\/unkategorisiert\/extrakt-gegen-kraetze\/"},"modified":"2024-04-29T14:52:59","modified_gmt":"2024-04-29T12:52:59","slug":"extrakt-gegen-kraetze","status":"publish","type":"product","link":"https:\/\/naturalpoland.com\/de\/produkte\/pflanzenextrakte\/extrakt-gegen-kraetze\/","title":{"rendered":"Extrakt gegen Kr\u00e4tze"},"content":{"rendered":"<p>Die Verwendungsm\u00f6glichkeiten von Kr\u00f6tenextrakt reichen von der Unterst\u00fctzung der Gesundheit des Gehirns und der Verbesserung der Stimmung bis zur Unterst\u00fctzung des Fortpflanzungssystems. In der ayurvedischen Medizin wird Mucuna Pruriens zur Verbesserung der Libido, der Fruchtbarkeit und als allgemeines Tonikum zur St\u00e4rkung des K\u00f6rpers verwendet.<\/p>\n<p>Im Zusammenhang mit der Gesundheit des Gehirns kann dieser Extrakt dank seiner Wirkung auf den Dopaminspiegel die kognitiven Funktionen verbessern und die Symptome von Depressionen verringern. In der Naturheilkunde wird es auch zur Behandlung der Parkinson-Krankheit eingesetzt, was allerdings noch weiter erforscht werden muss.<\/p>\n<p>Als Nahrungserg\u00e4nzungsmittel wird er wegen seiner adaptogenen Eigenschaften gesch\u00e4tzt, die dem K\u00f6rper helfen, besser mit Stress und M\u00fcdigkeit umzugehen. Durch seine antioxidativen Eigenschaften kann er auch die Gesundheit von Haut und Haar unterst\u00fctzen.<\/p>\n<p>Was die Sicherheit betrifft, so gilt der Extrakt aus Mucuna Pruriens im Allgemeinen als sicher, sollte aber mit Vorsicht verwendet werden, insbesondere bei Personen mit Herzerkrankungen, Diabetes oder in der Schwangerschaft.<\/p>\n<p>Der Extrakt hat die Form eines hellbraunen Pulvers mit charakteristischem Geruch und Geschmack und erf\u00fcllt alle Qualit\u00e4tsstandards, einschlie\u00dflich der Tests auf Schwermetalle und Mikrobiologie. Es wird mit Wasser als L\u00f6sungsmittel hergestellt und enth\u00e4lt keine GVO.<\/p>\n","protected":false},"excerpt":{"rendered":"<p><strong>Kr\u00e4tze-Extrakt<\/strong> (<strong><br \/>\n  <em>Mucuna Pruriens<\/em><br \/>\n<\/strong>) ist ein gesch\u00e4tzter Inhaltsstoff in der Welt der Nahrungserg\u00e4nzung und der Naturmedizin. Dieser aus den Samen der Pflanze gewonnene Extrakt ist reich an zahlreichen Wirkstoffen, darunter L-Dopa, eine Vorstufe des Neurotransmitters Dopamin.<\/p>\n","protected":false},"featured_media":29923,"template":"","meta":{"_acf_changed":false},"product_brand":[],"product_cat":[385],"product_tag":[],"class_list":{"0":"post-30256","1":"product","2":"type-product","3":"status-publish","4":"has-post-thumbnail","6":"product_cat-pflanzenextrakte","7":"pa_certyfikaty-halal-de","8":"pa_certyfikaty-koscher-zertifizierung","9":"pa_czesc-rosliny-samen","11":"first","12":"instock","13":"shipping-taxable","14":"product-type-simple"},"acf":[],"yoast_head":"<!-- This site is optimized with the Yoast SEO plugin v27.5 - https:\/\/yoast.com\/product\/yoast-seo-wordpress\/ -->\n<title>Extrakt gegen Kr\u00e4tze - Gro\u00dfhandelsvertrieb<\/title>\n<meta name=\"description\" content=\"Der Kr\u00e4tze-Extrakt (Mucuna Pruriens) ist ein gesch\u00e4tzter Inhaltsstoff in der Welt der Nahrungserg\u00e4nzung und der Naturmedizin.\" \/>\n<meta name=\"robots\" content=\"index, follow, max-snippet:-1, max-image-preview:large, max-video-preview:-1\" \/>\n<link rel=\"canonical\" href=\"https:\/\/naturalpoland.com\/de\/produkte\/pflanzenextrakte\/extrakt-gegen-kraetze\/\" \/>\n<meta property=\"og:locale\" content=\"de_DE\" \/>\n<meta property=\"og:type\" content=\"article\" \/>\n<meta property=\"og:title\" content=\"Extrakt gegen Kr\u00e4tze - Gro\u00dfhandelsvertrieb\" \/>\n<meta property=\"og:description\" content=\"Der Kr\u00e4tze-Extrakt (Mucuna Pruriens) ist ein gesch\u00e4tzter Inhaltsstoff in der Welt der Nahrungserg\u00e4nzung und der Naturmedizin.\" \/>\n<meta property=\"og:url\" content=\"https:\/\/naturalpoland.com\/de\/produkte\/pflanzenextrakte\/extrakt-gegen-kraetze\/\" \/>\n<meta property=\"og:site_name\" content=\"NATURAL POLAND - IMPORT UND HANDEL VON ROHSTOFFEN\" \/>\n<meta property=\"article:publisher\" content=\"https:\/\/www.facebook.com\/naturalpoland.b2b\" \/>\n<meta property=\"article:modified_time\" content=\"2024-04-29T12:52:59+00:00\" \/>\n<meta property=\"og:image\" content=\"https:\/\/naturalpoland.com\/wp-content\/uploads\/mucuna_pruriens_extract.webp\" \/>\n\t<meta property=\"og:image:width\" content=\"614\" \/>\n\t<meta property=\"og:image:height\" content=\"614\" \/>\n\t<meta property=\"og:image:type\" content=\"image\/webp\" \/>\n<script type=\"application\/ld+json\" class=\"yoast-schema-graph\">{\"@context\":\"https:\\\/\\\/schema.org\",\"@graph\":[{\"@type\":\"WebPage\",\"@id\":\"https:\\\/\\\/naturalpoland.com\\\/de\\\/produkte\\\/pflanzenextrakte\\\/extrakt-gegen-kraetze\\\/\",\"url\":\"https:\\\/\\\/naturalpoland.com\\\/de\\\/produkte\\\/pflanzenextrakte\\\/extrakt-gegen-kraetze\\\/\",\"name\":\"Extrakt gegen Kr\u00e4tze - Gro\u00dfhandelsvertrieb\",\"isPartOf\":{\"@id\":\"https:\\\/\\\/naturalpoland.com\\\/de\\\/#website\"},\"primaryImageOfPage\":{\"@id\":\"https:\\\/\\\/naturalpoland.com\\\/de\\\/produkte\\\/pflanzenextrakte\\\/extrakt-gegen-kraetze\\\/#primaryimage\"},\"image\":{\"@id\":\"https:\\\/\\\/naturalpoland.com\\\/de\\\/produkte\\\/pflanzenextrakte\\\/extrakt-gegen-kraetze\\\/#primaryimage\"},\"thumbnailUrl\":\"https:\\\/\\\/naturalpoland.com\\\/wp-content\\\/uploads\\\/mucuna_pruriens_extract.webp\",\"datePublished\":\"2024-01-26T10:36:50+00:00\",\"dateModified\":\"2024-04-29T12:52:59+00:00\",\"description\":\"Der Kr\u00e4tze-Extrakt (Mucuna Pruriens) ist ein gesch\u00e4tzter Inhaltsstoff in der Welt der Nahrungserg\u00e4nzung und der Naturmedizin.\",\"breadcrumb\":{\"@id\":\"https:\\\/\\\/naturalpoland.com\\\/de\\\/produkte\\\/pflanzenextrakte\\\/extrakt-gegen-kraetze\\\/#breadcrumb\"},\"inLanguage\":\"de\",\"potentialAction\":[{\"@type\":\"ReadAction\",\"target\":[\"https:\\\/\\\/naturalpoland.com\\\/de\\\/produkte\\\/pflanzenextrakte\\\/extrakt-gegen-kraetze\\\/\"]}]},{\"@type\":\"ImageObject\",\"inLanguage\":\"de\",\"@id\":\"https:\\\/\\\/naturalpoland.com\\\/de\\\/produkte\\\/pflanzenextrakte\\\/extrakt-gegen-kraetze\\\/#primaryimage\",\"url\":\"https:\\\/\\\/naturalpoland.com\\\/wp-content\\\/uploads\\\/mucuna_pruriens_extract.webp\",\"contentUrl\":\"https:\\\/\\\/naturalpoland.com\\\/wp-content\\\/uploads\\\/mucuna_pruriens_extract.webp\",\"width\":614,\"height\":614,\"caption\":\"Ekstrakt z \u015bwierzbca w\u0142a\u015bciwego\"},{\"@type\":\"BreadcrumbList\",\"@id\":\"https:\\\/\\\/naturalpoland.com\\\/de\\\/produkte\\\/pflanzenextrakte\\\/extrakt-gegen-kraetze\\\/#breadcrumb\",\"itemListElement\":[{\"@type\":\"ListItem\",\"position\":1,\"name\":\"Startseite\",\"item\":\"https:\\\/\\\/naturalpoland.com\\\/de\\\/\"},{\"@type\":\"ListItem\",\"position\":2,\"name\":\"Produkte\",\"item\":\"https:\\\/\\\/naturalpoland.com\\\/de\\\/produkte\\\/\"},{\"@type\":\"ListItem\",\"position\":3,\"name\":\"Extrakt gegen Kr\u00e4tze\"}]},{\"@type\":\"WebSite\",\"@id\":\"https:\\\/\\\/naturalpoland.com\\\/de\\\/#website\",\"url\":\"https:\\\/\\\/naturalpoland.com\\\/de\\\/\",\"name\":\"NATURAL POLAND - IMPORT UND HANDEL VON ROHSTOFFEN\",\"description\":\"Rohstoffe f\u00fcr die Lebensmittelindustrie, Kosmetikindustrie, Pharmaindustrie\",\"publisher\":{\"@id\":\"https:\\\/\\\/naturalpoland.com\\\/de\\\/#organization\"},\"potentialAction\":[{\"@type\":\"SearchAction\",\"target\":{\"@type\":\"EntryPoint\",\"urlTemplate\":\"https:\\\/\\\/naturalpoland.com\\\/de\\\/?s={search_term_string}\"},\"query-input\":{\"@type\":\"PropertyValueSpecification\",\"valueRequired\":true,\"valueName\":\"search_term_string\"}}],\"inLanguage\":\"de\"},{\"@type\":\"Organization\",\"@id\":\"https:\\\/\\\/naturalpoland.com\\\/de\\\/#organization\",\"name\":\"Natural Poland\",\"url\":\"https:\\\/\\\/naturalpoland.com\\\/de\\\/\",\"logo\":{\"@type\":\"ImageObject\",\"inLanguage\":\"de\",\"@id\":\"https:\\\/\\\/naturalpoland.com\\\/de\\\/#\\\/schema\\\/logo\\\/image\\\/\",\"url\":\"https:\\\/\\\/naturalpoland.com\\\/wp-content\\\/uploads\\\/2021\\\/05\\\/natural-poland-icon.png\",\"contentUrl\":\"https:\\\/\\\/naturalpoland.com\\\/wp-content\\\/uploads\\\/2021\\\/05\\\/natural-poland-icon.png\",\"width\":512,\"height\":512,\"caption\":\"Natural Poland\"},\"image\":{\"@id\":\"https:\\\/\\\/naturalpoland.com\\\/de\\\/#\\\/schema\\\/logo\\\/image\\\/\"},\"sameAs\":[\"https:\\\/\\\/www.facebook.com\\\/naturalpoland.b2b\",\"https:\\\/\\\/pl.linkedin.com\\\/company\\\/natural-poland\",\"https:\\\/\\\/www.youtube.com\\\/channel\\\/UCgeGGkvOMahZo-xu_MSEWxg\"]}]}<\/script>\n<!-- \/ Yoast SEO plugin. -->","yoast_head_json":{"title":"Extrakt gegen Kr\u00e4tze - Gro\u00dfhandelsvertrieb","description":"Der Kr\u00e4tze-Extrakt (Mucuna Pruriens) ist ein gesch\u00e4tzter Inhaltsstoff in der Welt der Nahrungserg\u00e4nzung und der Naturmedizin.","robots":{"index":"index","follow":"follow","max-snippet":"max-snippet:-1","max-image-preview":"max-image-preview:large","max-video-preview":"max-video-preview:-1"},"canonical":"https:\/\/naturalpoland.com\/de\/produkte\/pflanzenextrakte\/extrakt-gegen-kraetze\/","og_locale":"de_DE","og_type":"article","og_title":"Extrakt gegen Kr\u00e4tze - Gro\u00dfhandelsvertrieb","og_description":"Der Kr\u00e4tze-Extrakt (Mucuna Pruriens) ist ein gesch\u00e4tzter Inhaltsstoff in der Welt der Nahrungserg\u00e4nzung und der Naturmedizin.","og_url":"https:\/\/naturalpoland.com\/de\/produkte\/pflanzenextrakte\/extrakt-gegen-kraetze\/","og_site_name":"NATURAL POLAND - IMPORT UND HANDEL VON ROHSTOFFEN","article_publisher":"https:\/\/www.facebook.com\/naturalpoland.b2b","article_modified_time":"2024-04-29T12:52:59+00:00","og_image":[{"width":614,"height":614,"url":"https:\/\/naturalpoland.com\/wp-content\/uploads\/mucuna_pruriens_extract.webp","type":"image\/webp"}],"schema":{"@context":"https:\/\/schema.org","@graph":[{"@type":"WebPage","@id":"https:\/\/naturalpoland.com\/de\/produkte\/pflanzenextrakte\/extrakt-gegen-kraetze\/","url":"https:\/\/naturalpoland.com\/de\/produkte\/pflanzenextrakte\/extrakt-gegen-kraetze\/","name":"Extrakt gegen Kr\u00e4tze - Gro\u00dfhandelsvertrieb","isPartOf":{"@id":"https:\/\/naturalpoland.com\/de\/#website"},"primaryImageOfPage":{"@id":"https:\/\/naturalpoland.com\/de\/produkte\/pflanzenextrakte\/extrakt-gegen-kraetze\/#primaryimage"},"image":{"@id":"https:\/\/naturalpoland.com\/de\/produkte\/pflanzenextrakte\/extrakt-gegen-kraetze\/#primaryimage"},"thumbnailUrl":"https:\/\/naturalpoland.com\/wp-content\/uploads\/mucuna_pruriens_extract.webp","datePublished":"2024-01-26T10:36:50+00:00","dateModified":"2024-04-29T12:52:59+00:00","description":"Der Kr\u00e4tze-Extrakt (Mucuna Pruriens) ist ein gesch\u00e4tzter Inhaltsstoff in der Welt der Nahrungserg\u00e4nzung und der Naturmedizin.","breadcrumb":{"@id":"https:\/\/naturalpoland.com\/de\/produkte\/pflanzenextrakte\/extrakt-gegen-kraetze\/#breadcrumb"},"inLanguage":"de","potentialAction":[{"@type":"ReadAction","target":["https:\/\/naturalpoland.com\/de\/produkte\/pflanzenextrakte\/extrakt-gegen-kraetze\/"]}]},{"@type":"ImageObject","inLanguage":"de","@id":"https:\/\/naturalpoland.com\/de\/produkte\/pflanzenextrakte\/extrakt-gegen-kraetze\/#primaryimage","url":"https:\/\/naturalpoland.com\/wp-content\/uploads\/mucuna_pruriens_extract.webp","contentUrl":"https:\/\/naturalpoland.com\/wp-content\/uploads\/mucuna_pruriens_extract.webp","width":614,"height":614,"caption":"Ekstrakt z \u015bwierzbca w\u0142a\u015bciwego"},{"@type":"BreadcrumbList","@id":"https:\/\/naturalpoland.com\/de\/produkte\/pflanzenextrakte\/extrakt-gegen-kraetze\/#breadcrumb","itemListElement":[{"@type":"ListItem","position":1,"name":"Startseite","item":"https:\/\/naturalpoland.com\/de\/"},{"@type":"ListItem","position":2,"name":"Produkte","item":"https:\/\/naturalpoland.com\/de\/produkte\/"},{"@type":"ListItem","position":3,"name":"Extrakt gegen Kr\u00e4tze"}]},{"@type":"WebSite","@id":"https:\/\/naturalpoland.com\/de\/#website","url":"https:\/\/naturalpoland.com\/de\/","name":"NATURAL POLAND - IMPORT UND HANDEL VON ROHSTOFFEN","description":"Rohstoffe f\u00fcr die Lebensmittelindustrie, Kosmetikindustrie, Pharmaindustrie","publisher":{"@id":"https:\/\/naturalpoland.com\/de\/#organization"},"potentialAction":[{"@type":"SearchAction","target":{"@type":"EntryPoint","urlTemplate":"https:\/\/naturalpoland.com\/de\/?s={search_term_string}"},"query-input":{"@type":"PropertyValueSpecification","valueRequired":true,"valueName":"search_term_string"}}],"inLanguage":"de"},{"@type":"Organization","@id":"https:\/\/naturalpoland.com\/de\/#organization","name":"Natural Poland","url":"https:\/\/naturalpoland.com\/de\/","logo":{"@type":"ImageObject","inLanguage":"de","@id":"https:\/\/naturalpoland.com\/de\/#\/schema\/logo\/image\/","url":"https:\/\/naturalpoland.com\/wp-content\/uploads\/2021\/05\/natural-poland-icon.png","contentUrl":"https:\/\/naturalpoland.com\/wp-content\/uploads\/2021\/05\/natural-poland-icon.png","width":512,"height":512,"caption":"Natural Poland"},"image":{"@id":"https:\/\/naturalpoland.com\/de\/#\/schema\/logo\/image\/"},"sameAs":["https:\/\/www.facebook.com\/naturalpoland.b2b","https:\/\/pl.linkedin.com\/company\/natural-poland","https:\/\/www.youtube.com\/channel\/UCgeGGkvOMahZo-xu_MSEWxg"]}]}},"_links":{"self":[{"href":"https:\/\/naturalpoland.com\/de\/wp-json\/wp\/v2\/product\/30256","targetHints":{"allow":["GET"]}}],"collection":[{"href":"https:\/\/naturalpoland.com\/de\/wp-json\/wp\/v2\/product"}],"about":[{"href":"https:\/\/naturalpoland.com\/de\/wp-json\/wp\/v2\/types\/product"}],"wp:featuredmedia":[{"embeddable":true,"href":"https:\/\/naturalpoland.com\/de\/wp-json\/wp\/v2\/media\/29923"}],"wp:attachment":[{"href":"https:\/\/naturalpoland.com\/de\/wp-json\/wp\/v2\/media?parent=30256"}],"wp:term":[{"taxonomy":"product_brand","embeddable":true,"href":"https:\/\/naturalpoland.com\/de\/wp-json\/wp\/v2\/product_brand?post=30256"},{"taxonomy":"product_cat","embeddable":true,"href":"https:\/\/naturalpoland.com\/de\/wp-json\/wp\/v2\/product_cat?post=30256"},{"taxonomy":"product_tag","embeddable":true,"href":"https:\/\/naturalpoland.com\/de\/wp-json\/wp\/v2\/product_tag?post=30256"}],"curies":[{"name":"wp","href":"https:\/\/api.w.org\/{rel}","templated":true}]}}