{"id":30271,"date":"2024-01-25T15:30:07","date_gmt":"2024-02-01T14:02:43","guid":{"rendered":"https:\/\/naturalpoland.com\/produkty\/unkategorisiert\/extrakt-aus-peruanischem-pfeffer\/"},"modified":"2024-04-29T14:48:36","modified_gmt":"2024-04-29T12:48:36","slug":"extrakt-aus-peruanischem-pfeffer","status":"publish","type":"product","link":"https:\/\/naturalpoland.com\/de\/produkte\/pflanzenextrakte\/extrakt-aus-peruanischem-pfeffer\/","title":{"rendered":"Extrakt aus peruanischem Pfeffer"},"content":{"rendered":"<p>Der aus China stammende peruanische Pfefferextrakt wird aus der Wurzel der Pflanze gewonnen und zeichnet sich durch seine braune Farbe, seinen charakteristischen Geruch und Geschmack aus. Das fein gemahlene Pulver wird durch ein 80-Mesh-Sieb gesiebt und erh\u00e4lt so eine gleichm\u00e4\u00dfige Konsistenz.<\/p>\n<p>Der Feuchtigkeitsgehalt des Extrakts liegt unter 5 % und der Aschegehalt nicht \u00fcber 5 %. Das Produkt ist frei von GVO und erf\u00fcllt die USP-Normen f\u00fcr Pestizidr\u00fcckst\u00e4nde. Tests auf Schwermetalle best\u00e4tigen, dass der Gehalt an Arsen, Quecksilber, Blei und Kadmium unter den festgelegten Grenzwerten liegt, was seine Unbedenklichkeit beweist. Dar\u00fcber hinaus ist der Extrakt frei von mikrobiologischen Gefahren wie E. coli, Salmonellen und Staphylococcus aureus.<\/p>\n<h2>Eigenschaften und Anwendungen<\/h2>\n<p>Der peruanische Pfefferextrakt ist bekannt f\u00fcr seinen hohen Gehalt an nat\u00fcrlichen N\u00e4hrstoffen, einschlie\u00dflich Vitaminen, Mineralien und Aminos\u00e4uren. Es ist ein beliebter Bestandteil von Nahrungserg\u00e4nzungsmitteln aufgrund seiner <strong>adaptogenen Eigenschaften<\/strong>, die dem K\u00f6rper helfen, Stress zu bew\u00e4ltigen und die allgemeine Ausdauer und Energie zu steigern. Es wird auch wegen seiner positiven Auswirkungen auf das hormonelle Gleichgewicht, die sexuelle Gesundheit und die kognitiven Funktionen verwendet.<\/p>\n<p>Die Verwendung von peruanischem Pfefferextrakt ist vielseitig, von Nahrungserg\u00e4nzungsmitteln bis hin zu kosmetischen Anwendungen, dank seines reichen N\u00e4hrstoffgehalts und seiner potenziellen gesundheitlichen Vorteile.<\/p>\n","protected":false},"excerpt":{"rendered":"<p>Der <strong>Extrakt aus peruanischem Pfeffer<\/strong>, wissenschaftlich bekannt als <strong>Lepidium Meyenii<\/strong>, ist ein hoch angesehenes Nahrungserg\u00e4nzungsmittel, das f\u00fcr seine einzigartigen Gesundheits- und Ern\u00e4hrungseigenschaften bekannt ist.<\/p>\n","protected":false},"featured_media":29895,"template":"","meta":[],"product_brand":[],"product_cat":[385],"product_tag":[],"class_list":{"0":"post-30271","1":"product","2":"type-product","3":"status-publish","4":"has-post-thumbnail","6":"product_cat-pflanzenextrakte","7":"pa_certyfikaty-halal-de","8":"pa_certyfikaty-koscher-zertifizierung","9":"pa_czesc-rosliny-wurzel","11":"first","12":"instock","13":"shipping-taxable","14":"product-type-simple"},"yoast_head":"<!-- This site is optimized with the Yoast SEO plugin v27.4 - https:\/\/yoast.com\/product\/yoast-seo-wordpress\/ -->\n<title>Extrakt aus peruanischem Pfeffer - Gro\u00dfhandelsvertrieb<\/title>\n<meta name=\"description\" content=\"Der peruanische Capsicum-Extrakt ist eine gesch\u00e4tzte Erg\u00e4nzung zu Nahrungserg\u00e4nzungsmitteln, die f\u00fcr ihre einzigartigen Gesundheits- und Ern\u00e4hrungseigenschaften bekannt ist.\" \/>\n<meta name=\"robots\" content=\"index, follow, max-snippet:-1, max-image-preview:large, max-video-preview:-1\" \/>\n<link rel=\"canonical\" href=\"https:\/\/naturalpoland.com\/de\/produkte\/pflanzenextrakte\/extrakt-aus-peruanischem-pfeffer\/\" \/>\n<meta property=\"og:locale\" content=\"de_DE\" \/>\n<meta property=\"og:type\" content=\"article\" \/>\n<meta property=\"og:title\" content=\"Extrakt aus peruanischem Pfeffer - Gro\u00dfhandelsvertrieb\" \/>\n<meta property=\"og:description\" content=\"Der peruanische Capsicum-Extrakt ist eine gesch\u00e4tzte Erg\u00e4nzung zu Nahrungserg\u00e4nzungsmitteln, die f\u00fcr ihre einzigartigen Gesundheits- und Ern\u00e4hrungseigenschaften bekannt ist.\" \/>\n<meta property=\"og:url\" content=\"https:\/\/naturalpoland.com\/de\/produkte\/pflanzenextrakte\/extrakt-aus-peruanischem-pfeffer\/\" \/>\n<meta property=\"og:site_name\" content=\"NATURAL POLAND - IMPORT UND HANDEL VON ROHSTOFFEN\" \/>\n<meta property=\"article:publisher\" content=\"https:\/\/www.facebook.com\/naturalpoland.b2b\" \/>\n<meta property=\"article:modified_time\" content=\"2024-04-29T12:48:36+00:00\" \/>\n<meta property=\"og:image\" content=\"https:\/\/naturalpoland.com\/wp-content\/uploads\/ekstrakt-z-pieprzycy-peruwianskiej.webp\" \/>\n\t<meta property=\"og:image:width\" content=\"614\" \/>\n\t<meta property=\"og:image:height\" content=\"614\" \/>\n\t<meta property=\"og:image:type\" content=\"image\/webp\" \/>\n<script type=\"application\/ld+json\" class=\"yoast-schema-graph\">{\"@context\":\"https:\\\/\\\/schema.org\",\"@graph\":[{\"@type\":\"WebPage\",\"@id\":\"https:\\\/\\\/naturalpoland.com\\\/de\\\/produkte\\\/pflanzenextrakte\\\/extrakt-aus-peruanischem-pfeffer\\\/\",\"url\":\"https:\\\/\\\/naturalpoland.com\\\/de\\\/produkte\\\/pflanzenextrakte\\\/extrakt-aus-peruanischem-pfeffer\\\/\",\"name\":\"Extrakt aus peruanischem Pfeffer - Gro\u00dfhandelsvertrieb\",\"isPartOf\":{\"@id\":\"https:\\\/\\\/naturalpoland.com\\\/de\\\/#website\"},\"primaryImageOfPage\":{\"@id\":\"https:\\\/\\\/naturalpoland.com\\\/de\\\/produkte\\\/pflanzenextrakte\\\/extrakt-aus-peruanischem-pfeffer\\\/#primaryimage\"},\"image\":{\"@id\":\"https:\\\/\\\/naturalpoland.com\\\/de\\\/produkte\\\/pflanzenextrakte\\\/extrakt-aus-peruanischem-pfeffer\\\/#primaryimage\"},\"thumbnailUrl\":\"https:\\\/\\\/naturalpoland.com\\\/wp-content\\\/uploads\\\/ekstrakt-z-pieprzycy-peruwianskiej.webp\",\"datePublished\":\"2024-02-01T14:02:43+00:00\",\"dateModified\":\"2024-04-29T12:48:36+00:00\",\"description\":\"Der peruanische Capsicum-Extrakt ist eine gesch\u00e4tzte Erg\u00e4nzung zu Nahrungserg\u00e4nzungsmitteln, die f\u00fcr ihre einzigartigen Gesundheits- und Ern\u00e4hrungseigenschaften bekannt ist.\",\"breadcrumb\":{\"@id\":\"https:\\\/\\\/naturalpoland.com\\\/de\\\/produkte\\\/pflanzenextrakte\\\/extrakt-aus-peruanischem-pfeffer\\\/#breadcrumb\"},\"inLanguage\":\"de\",\"potentialAction\":[{\"@type\":\"ReadAction\",\"target\":[\"https:\\\/\\\/naturalpoland.com\\\/de\\\/produkte\\\/pflanzenextrakte\\\/extrakt-aus-peruanischem-pfeffer\\\/\"]}]},{\"@type\":\"ImageObject\",\"inLanguage\":\"de\",\"@id\":\"https:\\\/\\\/naturalpoland.com\\\/de\\\/produkte\\\/pflanzenextrakte\\\/extrakt-aus-peruanischem-pfeffer\\\/#primaryimage\",\"url\":\"https:\\\/\\\/naturalpoland.com\\\/wp-content\\\/uploads\\\/ekstrakt-z-pieprzycy-peruwianskiej.webp\",\"contentUrl\":\"https:\\\/\\\/naturalpoland.com\\\/wp-content\\\/uploads\\\/ekstrakt-z-pieprzycy-peruwianskiej.webp\",\"width\":614,\"height\":614,\"caption\":\"ekstrakt z pieprzycy peruwia\u0144skiej\"},{\"@type\":\"BreadcrumbList\",\"@id\":\"https:\\\/\\\/naturalpoland.com\\\/de\\\/produkte\\\/pflanzenextrakte\\\/extrakt-aus-peruanischem-pfeffer\\\/#breadcrumb\",\"itemListElement\":[{\"@type\":\"ListItem\",\"position\":1,\"name\":\"Startseite\",\"item\":\"https:\\\/\\\/naturalpoland.com\\\/de\\\/\"},{\"@type\":\"ListItem\",\"position\":2,\"name\":\"Produkte\",\"item\":\"https:\\\/\\\/naturalpoland.com\\\/de\\\/produkte\\\/\"},{\"@type\":\"ListItem\",\"position\":3,\"name\":\"Extrakt aus peruanischem Pfeffer\"}]},{\"@type\":\"WebSite\",\"@id\":\"https:\\\/\\\/naturalpoland.com\\\/de\\\/#website\",\"url\":\"https:\\\/\\\/naturalpoland.com\\\/de\\\/\",\"name\":\"NATURAL POLAND - IMPORT UND HANDEL VON ROHSTOFFEN\",\"description\":\"Rohstoffe f\u00fcr die Lebensmittelindustrie, Kosmetikindustrie, Pharmaindustrie\",\"publisher\":{\"@id\":\"https:\\\/\\\/naturalpoland.com\\\/de\\\/#organization\"},\"potentialAction\":[{\"@type\":\"SearchAction\",\"target\":{\"@type\":\"EntryPoint\",\"urlTemplate\":\"https:\\\/\\\/naturalpoland.com\\\/de\\\/?s={search_term_string}\"},\"query-input\":{\"@type\":\"PropertyValueSpecification\",\"valueRequired\":true,\"valueName\":\"search_term_string\"}}],\"inLanguage\":\"de\"},{\"@type\":\"Organization\",\"@id\":\"https:\\\/\\\/naturalpoland.com\\\/de\\\/#organization\",\"name\":\"Natural Poland\",\"url\":\"https:\\\/\\\/naturalpoland.com\\\/de\\\/\",\"logo\":{\"@type\":\"ImageObject\",\"inLanguage\":\"de\",\"@id\":\"https:\\\/\\\/naturalpoland.com\\\/de\\\/#\\\/schema\\\/logo\\\/image\\\/\",\"url\":\"https:\\\/\\\/naturalpoland.com\\\/wp-content\\\/uploads\\\/2021\\\/05\\\/natural-poland-icon.png\",\"contentUrl\":\"https:\\\/\\\/naturalpoland.com\\\/wp-content\\\/uploads\\\/2021\\\/05\\\/natural-poland-icon.png\",\"width\":512,\"height\":512,\"caption\":\"Natural Poland\"},\"image\":{\"@id\":\"https:\\\/\\\/naturalpoland.com\\\/de\\\/#\\\/schema\\\/logo\\\/image\\\/\"},\"sameAs\":[\"https:\\\/\\\/www.facebook.com\\\/naturalpoland.b2b\",\"https:\\\/\\\/pl.linkedin.com\\\/company\\\/natural-poland\",\"https:\\\/\\\/www.youtube.com\\\/channel\\\/UCgeGGkvOMahZo-xu_MSEWxg\"]}]}<\/script>\n<!-- \/ Yoast SEO plugin. -->","yoast_head_json":{"title":"Extrakt aus peruanischem Pfeffer - Gro\u00dfhandelsvertrieb","description":"Der peruanische Capsicum-Extrakt ist eine gesch\u00e4tzte Erg\u00e4nzung zu Nahrungserg\u00e4nzungsmitteln, die f\u00fcr ihre einzigartigen Gesundheits- und Ern\u00e4hrungseigenschaften bekannt ist.","robots":{"index":"index","follow":"follow","max-snippet":"max-snippet:-1","max-image-preview":"max-image-preview:large","max-video-preview":"max-video-preview:-1"},"canonical":"https:\/\/naturalpoland.com\/de\/produkte\/pflanzenextrakte\/extrakt-aus-peruanischem-pfeffer\/","og_locale":"de_DE","og_type":"article","og_title":"Extrakt aus peruanischem Pfeffer - Gro\u00dfhandelsvertrieb","og_description":"Der peruanische Capsicum-Extrakt ist eine gesch\u00e4tzte Erg\u00e4nzung zu Nahrungserg\u00e4nzungsmitteln, die f\u00fcr ihre einzigartigen Gesundheits- und Ern\u00e4hrungseigenschaften bekannt ist.","og_url":"https:\/\/naturalpoland.com\/de\/produkte\/pflanzenextrakte\/extrakt-aus-peruanischem-pfeffer\/","og_site_name":"NATURAL POLAND - IMPORT UND HANDEL VON ROHSTOFFEN","article_publisher":"https:\/\/www.facebook.com\/naturalpoland.b2b","article_modified_time":"2024-04-29T12:48:36+00:00","og_image":[{"width":614,"height":614,"url":"https:\/\/naturalpoland.com\/wp-content\/uploads\/ekstrakt-z-pieprzycy-peruwianskiej.webp","type":"image\/webp"}],"schema":{"@context":"https:\/\/schema.org","@graph":[{"@type":"WebPage","@id":"https:\/\/naturalpoland.com\/de\/produkte\/pflanzenextrakte\/extrakt-aus-peruanischem-pfeffer\/","url":"https:\/\/naturalpoland.com\/de\/produkte\/pflanzenextrakte\/extrakt-aus-peruanischem-pfeffer\/","name":"Extrakt aus peruanischem Pfeffer - Gro\u00dfhandelsvertrieb","isPartOf":{"@id":"https:\/\/naturalpoland.com\/de\/#website"},"primaryImageOfPage":{"@id":"https:\/\/naturalpoland.com\/de\/produkte\/pflanzenextrakte\/extrakt-aus-peruanischem-pfeffer\/#primaryimage"},"image":{"@id":"https:\/\/naturalpoland.com\/de\/produkte\/pflanzenextrakte\/extrakt-aus-peruanischem-pfeffer\/#primaryimage"},"thumbnailUrl":"https:\/\/naturalpoland.com\/wp-content\/uploads\/ekstrakt-z-pieprzycy-peruwianskiej.webp","datePublished":"2024-02-01T14:02:43+00:00","dateModified":"2024-04-29T12:48:36+00:00","description":"Der peruanische Capsicum-Extrakt ist eine gesch\u00e4tzte Erg\u00e4nzung zu Nahrungserg\u00e4nzungsmitteln, die f\u00fcr ihre einzigartigen Gesundheits- und Ern\u00e4hrungseigenschaften bekannt ist.","breadcrumb":{"@id":"https:\/\/naturalpoland.com\/de\/produkte\/pflanzenextrakte\/extrakt-aus-peruanischem-pfeffer\/#breadcrumb"},"inLanguage":"de","potentialAction":[{"@type":"ReadAction","target":["https:\/\/naturalpoland.com\/de\/produkte\/pflanzenextrakte\/extrakt-aus-peruanischem-pfeffer\/"]}]},{"@type":"ImageObject","inLanguage":"de","@id":"https:\/\/naturalpoland.com\/de\/produkte\/pflanzenextrakte\/extrakt-aus-peruanischem-pfeffer\/#primaryimage","url":"https:\/\/naturalpoland.com\/wp-content\/uploads\/ekstrakt-z-pieprzycy-peruwianskiej.webp","contentUrl":"https:\/\/naturalpoland.com\/wp-content\/uploads\/ekstrakt-z-pieprzycy-peruwianskiej.webp","width":614,"height":614,"caption":"ekstrakt z pieprzycy peruwia\u0144skiej"},{"@type":"BreadcrumbList","@id":"https:\/\/naturalpoland.com\/de\/produkte\/pflanzenextrakte\/extrakt-aus-peruanischem-pfeffer\/#breadcrumb","itemListElement":[{"@type":"ListItem","position":1,"name":"Startseite","item":"https:\/\/naturalpoland.com\/de\/"},{"@type":"ListItem","position":2,"name":"Produkte","item":"https:\/\/naturalpoland.com\/de\/produkte\/"},{"@type":"ListItem","position":3,"name":"Extrakt aus peruanischem Pfeffer"}]},{"@type":"WebSite","@id":"https:\/\/naturalpoland.com\/de\/#website","url":"https:\/\/naturalpoland.com\/de\/","name":"NATURAL POLAND - IMPORT UND HANDEL VON ROHSTOFFEN","description":"Rohstoffe f\u00fcr die Lebensmittelindustrie, Kosmetikindustrie, Pharmaindustrie","publisher":{"@id":"https:\/\/naturalpoland.com\/de\/#organization"},"potentialAction":[{"@type":"SearchAction","target":{"@type":"EntryPoint","urlTemplate":"https:\/\/naturalpoland.com\/de\/?s={search_term_string}"},"query-input":{"@type":"PropertyValueSpecification","valueRequired":true,"valueName":"search_term_string"}}],"inLanguage":"de"},{"@type":"Organization","@id":"https:\/\/naturalpoland.com\/de\/#organization","name":"Natural Poland","url":"https:\/\/naturalpoland.com\/de\/","logo":{"@type":"ImageObject","inLanguage":"de","@id":"https:\/\/naturalpoland.com\/de\/#\/schema\/logo\/image\/","url":"https:\/\/naturalpoland.com\/wp-content\/uploads\/2021\/05\/natural-poland-icon.png","contentUrl":"https:\/\/naturalpoland.com\/wp-content\/uploads\/2021\/05\/natural-poland-icon.png","width":512,"height":512,"caption":"Natural Poland"},"image":{"@id":"https:\/\/naturalpoland.com\/de\/#\/schema\/logo\/image\/"},"sameAs":["https:\/\/www.facebook.com\/naturalpoland.b2b","https:\/\/pl.linkedin.com\/company\/natural-poland","https:\/\/www.youtube.com\/channel\/UCgeGGkvOMahZo-xu_MSEWxg"]}]}},"_links":{"self":[{"href":"https:\/\/naturalpoland.com\/de\/wp-json\/wp\/v2\/product\/30271","targetHints":{"allow":["GET"]}}],"collection":[{"href":"https:\/\/naturalpoland.com\/de\/wp-json\/wp\/v2\/product"}],"about":[{"href":"https:\/\/naturalpoland.com\/de\/wp-json\/wp\/v2\/types\/product"}],"wp:featuredmedia":[{"embeddable":true,"href":"https:\/\/naturalpoland.com\/de\/wp-json\/wp\/v2\/media\/29895"}],"wp:attachment":[{"href":"https:\/\/naturalpoland.com\/de\/wp-json\/wp\/v2\/media?parent=30271"}],"wp:term":[{"taxonomy":"product_brand","embeddable":true,"href":"https:\/\/naturalpoland.com\/de\/wp-json\/wp\/v2\/product_brand?post=30271"},{"taxonomy":"product_cat","embeddable":true,"href":"https:\/\/naturalpoland.com\/de\/wp-json\/wp\/v2\/product_cat?post=30271"},{"taxonomy":"product_tag","embeddable":true,"href":"https:\/\/naturalpoland.com\/de\/wp-json\/wp\/v2\/product_tag?post=30271"}],"curies":[{"name":"wp","href":"https:\/\/api.w.org\/{rel}","templated":true}]}}