{"id":30273,"date":"2024-01-26T10:43:36","date_gmt":"2024-02-01T14:02:45","guid":{"rendered":"https:\/\/naturalpoland.com\/produkty\/unkategorisiert\/muskatbluetenextrakt\/"},"modified":"2025-01-28T15:40:33","modified_gmt":"2025-01-28T14:40:33","slug":"muskatbluetenextrakt","status":"publish","type":"product","link":"https:\/\/naturalpoland.com\/de\/produkte\/pflanzenextrakte\/muskatbluetenextrakt\/","title":{"rendered":"Muskatbl\u00fctenextrakt"},"content":{"rendered":"<p>Muskatbl\u00fctenextrakt ist ein fein gemahlenes Pulver mit br\u00e4unlicher Farbe, charakteristischem Geruch und Geschmack. Das Produkt erf\u00fcllt die Qualit\u00e4tsnormen, einschlie\u00dflich der Siebanalyse mit einer 95%igen Siebung durch ein 80-Maschen-Sieb, einem maximalen Aschegehalt von 5% und einem maximalen Trocknungsverlust von 5%.<\/p>\n<p>Zur Gewinnung des Extrakts werden die Samen der Pflanze verwendet, wobei Ethanol und Wasser zur Extraktion eingesetzt werden. Das Produkt ist frei von GVO und erf\u00fcllt die Normen des US-Pharmakop\u00f6es (USP) f\u00fcr Pestizid- und Schwermetallr\u00fcckst\u00e4nde. Au\u00dferdem entspricht es den mikrobiologischen Standards der AOAC und enth\u00e4lt keine S. aureus, E. coli, Salmonellen oder Pseudomonas aeruginosa.<\/p>\n<h2>Eigenschaften und Anwendungen:<\/h2>\n<p>Der Muskatbl\u00fctenextrakt wird wegen seiner potenziellen gesundheitlichen Eigenschaften gesch\u00e4tzt, insbesondere im Zusammenhang mit der Unterst\u00fctzung der hormonellen und sexuellen Funktion. Es wird h\u00e4ufig in <strong>Nahrungserg\u00e4nzungsmitteln<\/strong> verwendet <strong>, um die Libido und die k\u00f6rperliche Leistungsf\u00e4higkeit zu unterst\u00fctzen<\/strong>. Dank seines Saponingehalts kann er bei M\u00e4nnern den Testosteronspiegel erh\u00f6hen, was sich in einer verbesserten Leistungsf\u00e4higkeit und Muskelkraft niederschl\u00e4gt, und sich auch positiv auf die sexuelle Gesundheit auswirken kann.<\/p>\n<p>Es wird auch in Produkten verwendet, die das <strong>Herz-Kreislauf-System<\/strong> unterst\u00fctzen und die <strong>Funktion der Harnwege<\/strong> f\u00f6rdern k\u00f6nnen. Seine antioxidativen und das Immunsystem unterst\u00fctzenden Eigenschaften machen es zu einem beliebten Inhaltsstoff in Nahrungserg\u00e4nzungsmitteln und Gesundheitsprodukten.<\/p>\n","protected":false},"excerpt":{"rendered":"<p>Der <strong>Muskatbl\u00fctenextrakt<\/strong>, wissenschaftlich bekannt als <strong>Tribulus Terrestris<\/strong>, ist nach UV-Analyse auf seinen Saponingehalt standardisiert.<\/p>\n","protected":false},"featured_media":29910,"template":"","meta":[],"product_brand":[],"product_cat":[385],"product_tag":[],"class_list":{"0":"post-30273","1":"product","2":"type-product","3":"status-publish","4":"has-post-thumbnail","6":"product_cat-pflanzenextrakte","7":"pa_certyfikaty-halal-de","8":"pa_certyfikaty-koscher-zertifizierung","9":"pa_czesc-rosliny-samen","10":"pa_skladnik-aktywny-saponine-de","12":"first","13":"instock","14":"shipping-taxable","15":"product-type-simple"},"yoast_head":"<!-- This site is optimized with the Yoast SEO plugin v27.4 - https:\/\/yoast.com\/product\/yoast-seo-wordpress\/ -->\n<title>Muskatbl\u00fctenextrakt - Gro\u00dfhandelsunternehmen<\/title>\n<meta name=\"description\" content=\"Muskatbl\u00fctenextrakt wird wegen seiner potenziellen gesundheitlichen Eigenschaften gesch\u00e4tzt, insbesondere im Zusammenhang mit der Unterst\u00fctzung der hormonellen Funktion.\" \/>\n<meta name=\"robots\" content=\"index, follow, max-snippet:-1, max-image-preview:large, max-video-preview:-1\" \/>\n<link rel=\"canonical\" href=\"https:\/\/naturalpoland.com\/de\/produkte\/pflanzenextrakte\/muskatbluetenextrakt\/\" \/>\n<meta property=\"og:locale\" content=\"de_DE\" \/>\n<meta property=\"og:type\" content=\"article\" \/>\n<meta property=\"og:title\" content=\"Muskatbl\u00fctenextrakt - Gro\u00dfhandelsunternehmen\" \/>\n<meta property=\"og:description\" content=\"Muskatbl\u00fctenextrakt wird wegen seiner potenziellen gesundheitlichen Eigenschaften gesch\u00e4tzt, insbesondere im Zusammenhang mit der Unterst\u00fctzung der hormonellen Funktion.\" \/>\n<meta property=\"og:url\" content=\"https:\/\/naturalpoland.com\/de\/produkte\/pflanzenextrakte\/muskatbluetenextrakt\/\" \/>\n<meta property=\"og:site_name\" content=\"NATURAL POLAND - IMPORT UND HANDEL VON ROHSTOFFEN\" \/>\n<meta property=\"article:publisher\" content=\"https:\/\/www.facebook.com\/naturalpoland.b2b\" \/>\n<meta property=\"article:modified_time\" content=\"2025-01-28T14:40:33+00:00\" \/>\n<meta property=\"og:image\" content=\"https:\/\/naturalpoland.com\/wp-content\/uploads\/ekstrakt-z-buzdyganka-naziemnego.webp\" \/>\n\t<meta property=\"og:image:width\" content=\"614\" \/>\n\t<meta property=\"og:image:height\" content=\"614\" \/>\n\t<meta property=\"og:image:type\" content=\"image\/webp\" \/>\n<script type=\"application\/ld+json\" class=\"yoast-schema-graph\">{\"@context\":\"https:\\\/\\\/schema.org\",\"@graph\":[{\"@type\":\"WebPage\",\"@id\":\"https:\\\/\\\/naturalpoland.com\\\/de\\\/produkte\\\/pflanzenextrakte\\\/muskatbluetenextrakt\\\/\",\"url\":\"https:\\\/\\\/naturalpoland.com\\\/de\\\/produkte\\\/pflanzenextrakte\\\/muskatbluetenextrakt\\\/\",\"name\":\"Muskatbl\u00fctenextrakt - Gro\u00dfhandelsunternehmen\",\"isPartOf\":{\"@id\":\"https:\\\/\\\/naturalpoland.com\\\/de\\\/#website\"},\"primaryImageOfPage\":{\"@id\":\"https:\\\/\\\/naturalpoland.com\\\/de\\\/produkte\\\/pflanzenextrakte\\\/muskatbluetenextrakt\\\/#primaryimage\"},\"image\":{\"@id\":\"https:\\\/\\\/naturalpoland.com\\\/de\\\/produkte\\\/pflanzenextrakte\\\/muskatbluetenextrakt\\\/#primaryimage\"},\"thumbnailUrl\":\"https:\\\/\\\/naturalpoland.com\\\/wp-content\\\/uploads\\\/ekstrakt-z-buzdyganka-naziemnego.webp\",\"datePublished\":\"2024-02-01T14:02:45+00:00\",\"dateModified\":\"2025-01-28T14:40:33+00:00\",\"description\":\"Muskatbl\u00fctenextrakt wird wegen seiner potenziellen gesundheitlichen Eigenschaften gesch\u00e4tzt, insbesondere im Zusammenhang mit der Unterst\u00fctzung der hormonellen Funktion.\",\"breadcrumb\":{\"@id\":\"https:\\\/\\\/naturalpoland.com\\\/de\\\/produkte\\\/pflanzenextrakte\\\/muskatbluetenextrakt\\\/#breadcrumb\"},\"inLanguage\":\"de\",\"potentialAction\":[{\"@type\":\"ReadAction\",\"target\":[\"https:\\\/\\\/naturalpoland.com\\\/de\\\/produkte\\\/pflanzenextrakte\\\/muskatbluetenextrakt\\\/\"]}]},{\"@type\":\"ImageObject\",\"inLanguage\":\"de\",\"@id\":\"https:\\\/\\\/naturalpoland.com\\\/de\\\/produkte\\\/pflanzenextrakte\\\/muskatbluetenextrakt\\\/#primaryimage\",\"url\":\"https:\\\/\\\/naturalpoland.com\\\/wp-content\\\/uploads\\\/ekstrakt-z-buzdyganka-naziemnego.webp\",\"contentUrl\":\"https:\\\/\\\/naturalpoland.com\\\/wp-content\\\/uploads\\\/ekstrakt-z-buzdyganka-naziemnego.webp\",\"width\":614,\"height\":614,\"caption\":\"Ekstrakt z buzdyganka naziemnego\"},{\"@type\":\"BreadcrumbList\",\"@id\":\"https:\\\/\\\/naturalpoland.com\\\/de\\\/produkte\\\/pflanzenextrakte\\\/muskatbluetenextrakt\\\/#breadcrumb\",\"itemListElement\":[{\"@type\":\"ListItem\",\"position\":1,\"name\":\"Startseite\",\"item\":\"https:\\\/\\\/naturalpoland.com\\\/de\\\/\"},{\"@type\":\"ListItem\",\"position\":2,\"name\":\"Produkte\",\"item\":\"https:\\\/\\\/naturalpoland.com\\\/de\\\/produkte\\\/\"},{\"@type\":\"ListItem\",\"position\":3,\"name\":\"Muskatbl\u00fctenextrakt\"}]},{\"@type\":\"WebSite\",\"@id\":\"https:\\\/\\\/naturalpoland.com\\\/de\\\/#website\",\"url\":\"https:\\\/\\\/naturalpoland.com\\\/de\\\/\",\"name\":\"NATURAL POLAND - IMPORT UND HANDEL VON ROHSTOFFEN\",\"description\":\"Rohstoffe f\u00fcr die Lebensmittelindustrie, Kosmetikindustrie, Pharmaindustrie\",\"publisher\":{\"@id\":\"https:\\\/\\\/naturalpoland.com\\\/de\\\/#organization\"},\"potentialAction\":[{\"@type\":\"SearchAction\",\"target\":{\"@type\":\"EntryPoint\",\"urlTemplate\":\"https:\\\/\\\/naturalpoland.com\\\/de\\\/?s={search_term_string}\"},\"query-input\":{\"@type\":\"PropertyValueSpecification\",\"valueRequired\":true,\"valueName\":\"search_term_string\"}}],\"inLanguage\":\"de\"},{\"@type\":\"Organization\",\"@id\":\"https:\\\/\\\/naturalpoland.com\\\/de\\\/#organization\",\"name\":\"Natural Poland\",\"url\":\"https:\\\/\\\/naturalpoland.com\\\/de\\\/\",\"logo\":{\"@type\":\"ImageObject\",\"inLanguage\":\"de\",\"@id\":\"https:\\\/\\\/naturalpoland.com\\\/de\\\/#\\\/schema\\\/logo\\\/image\\\/\",\"url\":\"https:\\\/\\\/naturalpoland.com\\\/wp-content\\\/uploads\\\/2021\\\/05\\\/natural-poland-icon.png\",\"contentUrl\":\"https:\\\/\\\/naturalpoland.com\\\/wp-content\\\/uploads\\\/2021\\\/05\\\/natural-poland-icon.png\",\"width\":512,\"height\":512,\"caption\":\"Natural Poland\"},\"image\":{\"@id\":\"https:\\\/\\\/naturalpoland.com\\\/de\\\/#\\\/schema\\\/logo\\\/image\\\/\"},\"sameAs\":[\"https:\\\/\\\/www.facebook.com\\\/naturalpoland.b2b\",\"https:\\\/\\\/pl.linkedin.com\\\/company\\\/natural-poland\",\"https:\\\/\\\/www.youtube.com\\\/channel\\\/UCgeGGkvOMahZo-xu_MSEWxg\"]}]}<\/script>\n<!-- \/ Yoast SEO plugin. -->","yoast_head_json":{"title":"Muskatbl\u00fctenextrakt - Gro\u00dfhandelsunternehmen","description":"Muskatbl\u00fctenextrakt wird wegen seiner potenziellen gesundheitlichen Eigenschaften gesch\u00e4tzt, insbesondere im Zusammenhang mit der Unterst\u00fctzung der hormonellen Funktion.","robots":{"index":"index","follow":"follow","max-snippet":"max-snippet:-1","max-image-preview":"max-image-preview:large","max-video-preview":"max-video-preview:-1"},"canonical":"https:\/\/naturalpoland.com\/de\/produkte\/pflanzenextrakte\/muskatbluetenextrakt\/","og_locale":"de_DE","og_type":"article","og_title":"Muskatbl\u00fctenextrakt - Gro\u00dfhandelsunternehmen","og_description":"Muskatbl\u00fctenextrakt wird wegen seiner potenziellen gesundheitlichen Eigenschaften gesch\u00e4tzt, insbesondere im Zusammenhang mit der Unterst\u00fctzung der hormonellen Funktion.","og_url":"https:\/\/naturalpoland.com\/de\/produkte\/pflanzenextrakte\/muskatbluetenextrakt\/","og_site_name":"NATURAL POLAND - IMPORT UND HANDEL VON ROHSTOFFEN","article_publisher":"https:\/\/www.facebook.com\/naturalpoland.b2b","article_modified_time":"2025-01-28T14:40:33+00:00","og_image":[{"width":614,"height":614,"url":"https:\/\/naturalpoland.com\/wp-content\/uploads\/ekstrakt-z-buzdyganka-naziemnego.webp","type":"image\/webp"}],"schema":{"@context":"https:\/\/schema.org","@graph":[{"@type":"WebPage","@id":"https:\/\/naturalpoland.com\/de\/produkte\/pflanzenextrakte\/muskatbluetenextrakt\/","url":"https:\/\/naturalpoland.com\/de\/produkte\/pflanzenextrakte\/muskatbluetenextrakt\/","name":"Muskatbl\u00fctenextrakt - Gro\u00dfhandelsunternehmen","isPartOf":{"@id":"https:\/\/naturalpoland.com\/de\/#website"},"primaryImageOfPage":{"@id":"https:\/\/naturalpoland.com\/de\/produkte\/pflanzenextrakte\/muskatbluetenextrakt\/#primaryimage"},"image":{"@id":"https:\/\/naturalpoland.com\/de\/produkte\/pflanzenextrakte\/muskatbluetenextrakt\/#primaryimage"},"thumbnailUrl":"https:\/\/naturalpoland.com\/wp-content\/uploads\/ekstrakt-z-buzdyganka-naziemnego.webp","datePublished":"2024-02-01T14:02:45+00:00","dateModified":"2025-01-28T14:40:33+00:00","description":"Muskatbl\u00fctenextrakt wird wegen seiner potenziellen gesundheitlichen Eigenschaften gesch\u00e4tzt, insbesondere im Zusammenhang mit der Unterst\u00fctzung der hormonellen Funktion.","breadcrumb":{"@id":"https:\/\/naturalpoland.com\/de\/produkte\/pflanzenextrakte\/muskatbluetenextrakt\/#breadcrumb"},"inLanguage":"de","potentialAction":[{"@type":"ReadAction","target":["https:\/\/naturalpoland.com\/de\/produkte\/pflanzenextrakte\/muskatbluetenextrakt\/"]}]},{"@type":"ImageObject","inLanguage":"de","@id":"https:\/\/naturalpoland.com\/de\/produkte\/pflanzenextrakte\/muskatbluetenextrakt\/#primaryimage","url":"https:\/\/naturalpoland.com\/wp-content\/uploads\/ekstrakt-z-buzdyganka-naziemnego.webp","contentUrl":"https:\/\/naturalpoland.com\/wp-content\/uploads\/ekstrakt-z-buzdyganka-naziemnego.webp","width":614,"height":614,"caption":"Ekstrakt z buzdyganka naziemnego"},{"@type":"BreadcrumbList","@id":"https:\/\/naturalpoland.com\/de\/produkte\/pflanzenextrakte\/muskatbluetenextrakt\/#breadcrumb","itemListElement":[{"@type":"ListItem","position":1,"name":"Startseite","item":"https:\/\/naturalpoland.com\/de\/"},{"@type":"ListItem","position":2,"name":"Produkte","item":"https:\/\/naturalpoland.com\/de\/produkte\/"},{"@type":"ListItem","position":3,"name":"Muskatbl\u00fctenextrakt"}]},{"@type":"WebSite","@id":"https:\/\/naturalpoland.com\/de\/#website","url":"https:\/\/naturalpoland.com\/de\/","name":"NATURAL POLAND - IMPORT UND HANDEL VON ROHSTOFFEN","description":"Rohstoffe f\u00fcr die Lebensmittelindustrie, Kosmetikindustrie, Pharmaindustrie","publisher":{"@id":"https:\/\/naturalpoland.com\/de\/#organization"},"potentialAction":[{"@type":"SearchAction","target":{"@type":"EntryPoint","urlTemplate":"https:\/\/naturalpoland.com\/de\/?s={search_term_string}"},"query-input":{"@type":"PropertyValueSpecification","valueRequired":true,"valueName":"search_term_string"}}],"inLanguage":"de"},{"@type":"Organization","@id":"https:\/\/naturalpoland.com\/de\/#organization","name":"Natural Poland","url":"https:\/\/naturalpoland.com\/de\/","logo":{"@type":"ImageObject","inLanguage":"de","@id":"https:\/\/naturalpoland.com\/de\/#\/schema\/logo\/image\/","url":"https:\/\/naturalpoland.com\/wp-content\/uploads\/2021\/05\/natural-poland-icon.png","contentUrl":"https:\/\/naturalpoland.com\/wp-content\/uploads\/2021\/05\/natural-poland-icon.png","width":512,"height":512,"caption":"Natural Poland"},"image":{"@id":"https:\/\/naturalpoland.com\/de\/#\/schema\/logo\/image\/"},"sameAs":["https:\/\/www.facebook.com\/naturalpoland.b2b","https:\/\/pl.linkedin.com\/company\/natural-poland","https:\/\/www.youtube.com\/channel\/UCgeGGkvOMahZo-xu_MSEWxg"]}]}},"_links":{"self":[{"href":"https:\/\/naturalpoland.com\/de\/wp-json\/wp\/v2\/product\/30273","targetHints":{"allow":["GET"]}}],"collection":[{"href":"https:\/\/naturalpoland.com\/de\/wp-json\/wp\/v2\/product"}],"about":[{"href":"https:\/\/naturalpoland.com\/de\/wp-json\/wp\/v2\/types\/product"}],"wp:featuredmedia":[{"embeddable":true,"href":"https:\/\/naturalpoland.com\/de\/wp-json\/wp\/v2\/media\/29910"}],"wp:attachment":[{"href":"https:\/\/naturalpoland.com\/de\/wp-json\/wp\/v2\/media?parent=30273"}],"wp:term":[{"taxonomy":"product_brand","embeddable":true,"href":"https:\/\/naturalpoland.com\/de\/wp-json\/wp\/v2\/product_brand?post=30273"},{"taxonomy":"product_cat","embeddable":true,"href":"https:\/\/naturalpoland.com\/de\/wp-json\/wp\/v2\/product_cat?post=30273"},{"taxonomy":"product_tag","embeddable":true,"href":"https:\/\/naturalpoland.com\/de\/wp-json\/wp\/v2\/product_tag?post=30273"}],"curies":[{"name":"wp","href":"https:\/\/api.w.org\/{rel}","templated":true}]}}