{"id":30697,"date":"2024-03-25T16:03:09","date_gmt":"2024-03-25T15:03:09","guid":{"rendered":"https:\/\/naturalpoland.com\/produkty\/unkategorisiert\/dmae-dimethylaminoethanol\/"},"modified":"2024-04-29T14:13:20","modified_gmt":"2024-04-29T12:13:20","slug":"dmae-dimethylaminoethanol","status":"publish","type":"product","link":"https:\/\/naturalpoland.com\/de\/produkte\/produkte-fur-die-kosmetikindustrie\/rohstoffe-fur-kosmetika\/dmae-dimethylaminoethanol\/","title":{"rendered":"DMAE (Dimethylaminoethanol)"},"content":{"rendered":"<p>Die Eigenschaften von DMAE verbessern das Erscheinungsbild der Haut und verleihen ihr Festigkeit und Elastizit\u00e4t. Der Wirkmechanismus von DMAE besteht darin, die Produktion von Acetylcholin, dem f\u00fcr den Muskeltonus verantwortlichen Neurotransmitter, zu stimulieren, was zur Verringerung der Faltenbildung und zur Verbesserung der Gesichtskonturen beitr\u00e4gt. Dank dieses Inhaltsstoffes wird die Haut straffer, glatter und sichtbar verj\u00fcngt.<\/p>\n<p>DMAE hat auch antioxidative Eigenschaften und sch\u00fctzt die Haut wirksam vor den sch\u00e4dlichen Auswirkungen freier Radikale und externer Faktoren, die den Alterungsprozess beschleunigen. Die regelm\u00e4\u00dfige Anwendung von DMAE-haltigen Produkten kann den Zustand der Haut deutlich verbessern, ihre Widerstandskraft gegen negative Umwelteinfl\u00fcsse erh\u00f6hen und vorzeitiger Hautalterung vorbeugen.<\/p>\n<p>Einer der wichtigsten Vorteile von DMAE ist seine <strong>F\u00e4higkeit, schnell und effektiv zu wirken<\/strong>. Die Wirkung von Produkten mit diesem Inhaltsstoff ist in der Regel schon nach den ersten Anwendungen sichtbar, was sie zu einer \u00e4u\u00dferst attraktiven L\u00f6sung f\u00fcr diejenigen macht, die schnelle und sichtbare Ergebnisse bei der Verbesserung ihres Hautbildes suchen.<\/p>\n","protected":false},"excerpt":{"rendered":"<p>DMAE, auch bekannt als Dimethylaminoethanol, ist ein innovativer kosmetischer Inhaltsstoff mit nachgewiesener Anti-Aging-Wirkung, der in der Sch\u00f6nheitsindustrie auf wachsendes Interesse st\u00f6\u00dft. Es wird insbesondere in Lifting-, Straffungs- und Anti-Falten-Produkten verwendet.<\/p>\n","protected":false},"featured_media":30689,"template":"","meta":{"_acf_changed":false},"product_brand":[],"product_cat":[381],"product_tag":[],"class_list":{"0":"post-30697","1":"product","2":"type-product","3":"status-publish","4":"has-post-thumbnail","6":"product_cat-rohstoffe-fur-kosmetika","8":"first","9":"instock","10":"shipping-taxable","11":"product-type-simple"},"acf":[],"yoast_head":"<!-- This site is optimized with the Yoast SEO plugin v27.4 - https:\/\/yoast.com\/product\/yoast-seo-wordpress\/ -->\n<title>DMAE (Dimethylaminoethanol) - Gro\u00dfhandelsvertrieb<\/title>\n<meta name=\"description\" content=\"DMAE ist ein hochmoderner Inhaltsstoff, der die Haut sichtbar strafft, festigt und verj\u00fcngt. Es hilft, das jugendliche Aussehen der Haut zu erhalten.\" \/>\n<meta name=\"robots\" content=\"index, follow, max-snippet:-1, max-image-preview:large, max-video-preview:-1\" \/>\n<link rel=\"canonical\" href=\"https:\/\/naturalpoland.com\/de\/produkte\/produkte-fur-die-kosmetikindustrie\/rohstoffe-fur-kosmetika\/dmae-dimethylaminoethanol\/\" \/>\n<meta property=\"og:locale\" content=\"de_DE\" \/>\n<meta property=\"og:type\" content=\"article\" \/>\n<meta property=\"og:title\" content=\"DMAE (Dimethylaminoethanol) - Gro\u00dfhandelsvertrieb\" \/>\n<meta property=\"og:description\" content=\"DMAE ist ein hochmoderner Inhaltsstoff, der die Haut sichtbar strafft, festigt und verj\u00fcngt. Es hilft, das jugendliche Aussehen der Haut zu erhalten.\" \/>\n<meta property=\"og:url\" content=\"https:\/\/naturalpoland.com\/de\/produkte\/produkte-fur-die-kosmetikindustrie\/rohstoffe-fur-kosmetika\/dmae-dimethylaminoethanol\/\" \/>\n<meta property=\"og:site_name\" content=\"NATURAL POLAND - IMPORT UND HANDEL VON ROHSTOFFEN\" \/>\n<meta property=\"article:publisher\" content=\"https:\/\/www.facebook.com\/naturalpoland.b2b\" \/>\n<meta property=\"article:modified_time\" content=\"2024-04-29T12:13:20+00:00\" \/>\n<meta property=\"og:image\" content=\"https:\/\/naturalpoland.com\/wp-content\/uploads\/dimethylaminoethanol.webp\" \/>\n\t<meta property=\"og:image:width\" content=\"609\" \/>\n\t<meta property=\"og:image:height\" content=\"609\" \/>\n\t<meta property=\"og:image:type\" content=\"image\/webp\" \/>\n<script type=\"application\/ld+json\" class=\"yoast-schema-graph\">{\"@context\":\"https:\\\/\\\/schema.org\",\"@graph\":[{\"@type\":\"WebPage\",\"@id\":\"https:\\\/\\\/naturalpoland.com\\\/de\\\/produkte\\\/produkte-fur-die-kosmetikindustrie\\\/rohstoffe-fur-kosmetika\\\/dmae-dimethylaminoethanol\\\/\",\"url\":\"https:\\\/\\\/naturalpoland.com\\\/de\\\/produkte\\\/produkte-fur-die-kosmetikindustrie\\\/rohstoffe-fur-kosmetika\\\/dmae-dimethylaminoethanol\\\/\",\"name\":\"DMAE (Dimethylaminoethanol) - Gro\u00dfhandelsvertrieb\",\"isPartOf\":{\"@id\":\"https:\\\/\\\/naturalpoland.com\\\/de\\\/#website\"},\"primaryImageOfPage\":{\"@id\":\"https:\\\/\\\/naturalpoland.com\\\/de\\\/produkte\\\/produkte-fur-die-kosmetikindustrie\\\/rohstoffe-fur-kosmetika\\\/dmae-dimethylaminoethanol\\\/#primaryimage\"},\"image\":{\"@id\":\"https:\\\/\\\/naturalpoland.com\\\/de\\\/produkte\\\/produkte-fur-die-kosmetikindustrie\\\/rohstoffe-fur-kosmetika\\\/dmae-dimethylaminoethanol\\\/#primaryimage\"},\"thumbnailUrl\":\"https:\\\/\\\/naturalpoland.com\\\/wp-content\\\/uploads\\\/dimethylaminoethanol.webp\",\"datePublished\":\"2024-03-25T15:03:09+00:00\",\"dateModified\":\"2024-04-29T12:13:20+00:00\",\"description\":\"DMAE ist ein hochmoderner Inhaltsstoff, der die Haut sichtbar strafft, festigt und verj\u00fcngt. Es hilft, das jugendliche Aussehen der Haut zu erhalten.\",\"breadcrumb\":{\"@id\":\"https:\\\/\\\/naturalpoland.com\\\/de\\\/produkte\\\/produkte-fur-die-kosmetikindustrie\\\/rohstoffe-fur-kosmetika\\\/dmae-dimethylaminoethanol\\\/#breadcrumb\"},\"inLanguage\":\"de\",\"potentialAction\":[{\"@type\":\"ReadAction\",\"target\":[\"https:\\\/\\\/naturalpoland.com\\\/de\\\/produkte\\\/produkte-fur-die-kosmetikindustrie\\\/rohstoffe-fur-kosmetika\\\/dmae-dimethylaminoethanol\\\/\"]}]},{\"@type\":\"ImageObject\",\"inLanguage\":\"de\",\"@id\":\"https:\\\/\\\/naturalpoland.com\\\/de\\\/produkte\\\/produkte-fur-die-kosmetikindustrie\\\/rohstoffe-fur-kosmetika\\\/dmae-dimethylaminoethanol\\\/#primaryimage\",\"url\":\"https:\\\/\\\/naturalpoland.com\\\/wp-content\\\/uploads\\\/dimethylaminoethanol.webp\",\"contentUrl\":\"https:\\\/\\\/naturalpoland.com\\\/wp-content\\\/uploads\\\/dimethylaminoethanol.webp\",\"width\":609,\"height\":609,\"caption\":\"DMAE\"},{\"@type\":\"BreadcrumbList\",\"@id\":\"https:\\\/\\\/naturalpoland.com\\\/de\\\/produkte\\\/produkte-fur-die-kosmetikindustrie\\\/rohstoffe-fur-kosmetika\\\/dmae-dimethylaminoethanol\\\/#breadcrumb\",\"itemListElement\":[{\"@type\":\"ListItem\",\"position\":1,\"name\":\"Startseite\",\"item\":\"https:\\\/\\\/naturalpoland.com\\\/de\\\/\"},{\"@type\":\"ListItem\",\"position\":2,\"name\":\"Produkte\",\"item\":\"https:\\\/\\\/naturalpoland.com\\\/de\\\/produkte\\\/\"},{\"@type\":\"ListItem\",\"position\":3,\"name\":\"DMAE (Dimethylaminoethanol)\"}]},{\"@type\":\"WebSite\",\"@id\":\"https:\\\/\\\/naturalpoland.com\\\/de\\\/#website\",\"url\":\"https:\\\/\\\/naturalpoland.com\\\/de\\\/\",\"name\":\"NATURAL POLAND - IMPORT UND HANDEL VON ROHSTOFFEN\",\"description\":\"Rohstoffe f\u00fcr die Lebensmittelindustrie, Kosmetikindustrie, Pharmaindustrie\",\"publisher\":{\"@id\":\"https:\\\/\\\/naturalpoland.com\\\/de\\\/#organization\"},\"potentialAction\":[{\"@type\":\"SearchAction\",\"target\":{\"@type\":\"EntryPoint\",\"urlTemplate\":\"https:\\\/\\\/naturalpoland.com\\\/de\\\/?s={search_term_string}\"},\"query-input\":{\"@type\":\"PropertyValueSpecification\",\"valueRequired\":true,\"valueName\":\"search_term_string\"}}],\"inLanguage\":\"de\"},{\"@type\":\"Organization\",\"@id\":\"https:\\\/\\\/naturalpoland.com\\\/de\\\/#organization\",\"name\":\"Natural Poland\",\"url\":\"https:\\\/\\\/naturalpoland.com\\\/de\\\/\",\"logo\":{\"@type\":\"ImageObject\",\"inLanguage\":\"de\",\"@id\":\"https:\\\/\\\/naturalpoland.com\\\/de\\\/#\\\/schema\\\/logo\\\/image\\\/\",\"url\":\"https:\\\/\\\/naturalpoland.com\\\/wp-content\\\/uploads\\\/2021\\\/05\\\/natural-poland-icon.png\",\"contentUrl\":\"https:\\\/\\\/naturalpoland.com\\\/wp-content\\\/uploads\\\/2021\\\/05\\\/natural-poland-icon.png\",\"width\":512,\"height\":512,\"caption\":\"Natural Poland\"},\"image\":{\"@id\":\"https:\\\/\\\/naturalpoland.com\\\/de\\\/#\\\/schema\\\/logo\\\/image\\\/\"},\"sameAs\":[\"https:\\\/\\\/www.facebook.com\\\/naturalpoland.b2b\",\"https:\\\/\\\/pl.linkedin.com\\\/company\\\/natural-poland\",\"https:\\\/\\\/www.youtube.com\\\/channel\\\/UCgeGGkvOMahZo-xu_MSEWxg\"]}]}<\/script>\n<!-- \/ Yoast SEO plugin. -->","yoast_head_json":{"title":"DMAE (Dimethylaminoethanol) - Gro\u00dfhandelsvertrieb","description":"DMAE ist ein hochmoderner Inhaltsstoff, der die Haut sichtbar strafft, festigt und verj\u00fcngt. Es hilft, das jugendliche Aussehen der Haut zu erhalten.","robots":{"index":"index","follow":"follow","max-snippet":"max-snippet:-1","max-image-preview":"max-image-preview:large","max-video-preview":"max-video-preview:-1"},"canonical":"https:\/\/naturalpoland.com\/de\/produkte\/produkte-fur-die-kosmetikindustrie\/rohstoffe-fur-kosmetika\/dmae-dimethylaminoethanol\/","og_locale":"de_DE","og_type":"article","og_title":"DMAE (Dimethylaminoethanol) - Gro\u00dfhandelsvertrieb","og_description":"DMAE ist ein hochmoderner Inhaltsstoff, der die Haut sichtbar strafft, festigt und verj\u00fcngt. Es hilft, das jugendliche Aussehen der Haut zu erhalten.","og_url":"https:\/\/naturalpoland.com\/de\/produkte\/produkte-fur-die-kosmetikindustrie\/rohstoffe-fur-kosmetika\/dmae-dimethylaminoethanol\/","og_site_name":"NATURAL POLAND - IMPORT UND HANDEL VON ROHSTOFFEN","article_publisher":"https:\/\/www.facebook.com\/naturalpoland.b2b","article_modified_time":"2024-04-29T12:13:20+00:00","og_image":[{"width":609,"height":609,"url":"https:\/\/naturalpoland.com\/wp-content\/uploads\/dimethylaminoethanol.webp","type":"image\/webp"}],"schema":{"@context":"https:\/\/schema.org","@graph":[{"@type":"WebPage","@id":"https:\/\/naturalpoland.com\/de\/produkte\/produkte-fur-die-kosmetikindustrie\/rohstoffe-fur-kosmetika\/dmae-dimethylaminoethanol\/","url":"https:\/\/naturalpoland.com\/de\/produkte\/produkte-fur-die-kosmetikindustrie\/rohstoffe-fur-kosmetika\/dmae-dimethylaminoethanol\/","name":"DMAE (Dimethylaminoethanol) - Gro\u00dfhandelsvertrieb","isPartOf":{"@id":"https:\/\/naturalpoland.com\/de\/#website"},"primaryImageOfPage":{"@id":"https:\/\/naturalpoland.com\/de\/produkte\/produkte-fur-die-kosmetikindustrie\/rohstoffe-fur-kosmetika\/dmae-dimethylaminoethanol\/#primaryimage"},"image":{"@id":"https:\/\/naturalpoland.com\/de\/produkte\/produkte-fur-die-kosmetikindustrie\/rohstoffe-fur-kosmetika\/dmae-dimethylaminoethanol\/#primaryimage"},"thumbnailUrl":"https:\/\/naturalpoland.com\/wp-content\/uploads\/dimethylaminoethanol.webp","datePublished":"2024-03-25T15:03:09+00:00","dateModified":"2024-04-29T12:13:20+00:00","description":"DMAE ist ein hochmoderner Inhaltsstoff, der die Haut sichtbar strafft, festigt und verj\u00fcngt. Es hilft, das jugendliche Aussehen der Haut zu erhalten.","breadcrumb":{"@id":"https:\/\/naturalpoland.com\/de\/produkte\/produkte-fur-die-kosmetikindustrie\/rohstoffe-fur-kosmetika\/dmae-dimethylaminoethanol\/#breadcrumb"},"inLanguage":"de","potentialAction":[{"@type":"ReadAction","target":["https:\/\/naturalpoland.com\/de\/produkte\/produkte-fur-die-kosmetikindustrie\/rohstoffe-fur-kosmetika\/dmae-dimethylaminoethanol\/"]}]},{"@type":"ImageObject","inLanguage":"de","@id":"https:\/\/naturalpoland.com\/de\/produkte\/produkte-fur-die-kosmetikindustrie\/rohstoffe-fur-kosmetika\/dmae-dimethylaminoethanol\/#primaryimage","url":"https:\/\/naturalpoland.com\/wp-content\/uploads\/dimethylaminoethanol.webp","contentUrl":"https:\/\/naturalpoland.com\/wp-content\/uploads\/dimethylaminoethanol.webp","width":609,"height":609,"caption":"DMAE"},{"@type":"BreadcrumbList","@id":"https:\/\/naturalpoland.com\/de\/produkte\/produkte-fur-die-kosmetikindustrie\/rohstoffe-fur-kosmetika\/dmae-dimethylaminoethanol\/#breadcrumb","itemListElement":[{"@type":"ListItem","position":1,"name":"Startseite","item":"https:\/\/naturalpoland.com\/de\/"},{"@type":"ListItem","position":2,"name":"Produkte","item":"https:\/\/naturalpoland.com\/de\/produkte\/"},{"@type":"ListItem","position":3,"name":"DMAE (Dimethylaminoethanol)"}]},{"@type":"WebSite","@id":"https:\/\/naturalpoland.com\/de\/#website","url":"https:\/\/naturalpoland.com\/de\/","name":"NATURAL POLAND - IMPORT UND HANDEL VON ROHSTOFFEN","description":"Rohstoffe f\u00fcr die Lebensmittelindustrie, Kosmetikindustrie, Pharmaindustrie","publisher":{"@id":"https:\/\/naturalpoland.com\/de\/#organization"},"potentialAction":[{"@type":"SearchAction","target":{"@type":"EntryPoint","urlTemplate":"https:\/\/naturalpoland.com\/de\/?s={search_term_string}"},"query-input":{"@type":"PropertyValueSpecification","valueRequired":true,"valueName":"search_term_string"}}],"inLanguage":"de"},{"@type":"Organization","@id":"https:\/\/naturalpoland.com\/de\/#organization","name":"Natural Poland","url":"https:\/\/naturalpoland.com\/de\/","logo":{"@type":"ImageObject","inLanguage":"de","@id":"https:\/\/naturalpoland.com\/de\/#\/schema\/logo\/image\/","url":"https:\/\/naturalpoland.com\/wp-content\/uploads\/2021\/05\/natural-poland-icon.png","contentUrl":"https:\/\/naturalpoland.com\/wp-content\/uploads\/2021\/05\/natural-poland-icon.png","width":512,"height":512,"caption":"Natural Poland"},"image":{"@id":"https:\/\/naturalpoland.com\/de\/#\/schema\/logo\/image\/"},"sameAs":["https:\/\/www.facebook.com\/naturalpoland.b2b","https:\/\/pl.linkedin.com\/company\/natural-poland","https:\/\/www.youtube.com\/channel\/UCgeGGkvOMahZo-xu_MSEWxg"]}]}},"_links":{"self":[{"href":"https:\/\/naturalpoland.com\/de\/wp-json\/wp\/v2\/product\/30697","targetHints":{"allow":["GET"]}}],"collection":[{"href":"https:\/\/naturalpoland.com\/de\/wp-json\/wp\/v2\/product"}],"about":[{"href":"https:\/\/naturalpoland.com\/de\/wp-json\/wp\/v2\/types\/product"}],"wp:featuredmedia":[{"embeddable":true,"href":"https:\/\/naturalpoland.com\/de\/wp-json\/wp\/v2\/media\/30689"}],"wp:attachment":[{"href":"https:\/\/naturalpoland.com\/de\/wp-json\/wp\/v2\/media?parent=30697"}],"wp:term":[{"taxonomy":"product_brand","embeddable":true,"href":"https:\/\/naturalpoland.com\/de\/wp-json\/wp\/v2\/product_brand?post=30697"},{"taxonomy":"product_cat","embeddable":true,"href":"https:\/\/naturalpoland.com\/de\/wp-json\/wp\/v2\/product_cat?post=30697"},{"taxonomy":"product_tag","embeddable":true,"href":"https:\/\/naturalpoland.com\/de\/wp-json\/wp\/v2\/product_tag?post=30697"}],"curies":[{"name":"wp","href":"https:\/\/api.w.org\/{rel}","templated":true}]}}