{"id":30721,"date":"2024-03-26T08:23:36","date_gmt":"2024-03-26T07:23:36","guid":{"rendered":"https:\/\/naturalpoland.com\/produkty\/unkategorisiert\/akkermansia-muciniphila-akk11\/"},"modified":"2026-01-15T12:27:42","modified_gmt":"2026-01-15T11:27:42","slug":"akkermansia-muciniphila-akk11","status":"publish","type":"product","link":"https:\/\/naturalpoland.com\/de\/produkte\/produkte-fur-die-kosmetikindustrie\/probiotika-de\/akkermansia-muciniphila-akk11\/","title":{"rendered":"Akkermansia Muciniphila Akk11"},"content":{"rendered":"<p>Der Bakterienstamm <strong>Akkermansia Muciniphila Akk11<\/strong> geh\u00f6rt zu einer Gruppe von Bakterien, die Gegenstand intensiver wissenschaftlicher Forschung im Kontext der Interaktionen mit biologischen Barrieren des Organismus und dem Mikrobiom sind.<\/p>\n<p>Das Produkt wird in Form einer stabilen, trockenen Bakterienbiomasse angeboten, die f\u00fcr weitere Forschungs- und Entwicklungs-, Anwendungs- und Formulierungsarbeiten bestimmt ist, abh\u00e4ngig vom T\u00e4tigkeitsprofil des Abnehmers.<\/p>\n<h2>Eigenschaften und Wirkung in Kosmetika<\/h2>\n<p>Akkermansia muciniphila wird in der wissenschaftlichen Literatur ausf\u00fchrlich beschrieben, haupts\u00e4chlich im Hinblick auf ihre Rolle bei der <strong>Aufrechterhaltung des mikrobiologischen Gleichgewichts<\/strong> und der <strong>Integrit\u00e4t biologischer Barrieren<\/strong>. Aus diesem Grund weckt dieser Stamm Interesse nicht nur im Lebensmittelsektor, sondern auch in anderen Forschungsbereichen zum Mikrobiom und seinen Derivaten. <\/p>\n<p>In den letzten Jahren ist ein wachsendes Interesse an mikrobiologischen Inhaltsstoffen und deren Derivaten auch in Branchen zu beobachten, die nicht direkt mit Nahrungserg\u00e4nzungsmitteln verbunden sind, einschlie\u00dflich Konzeptprojekten und Forschungen zu neuen Generationen von mikrobiom-inspirierten Rohstoffen.<\/p>\n<p>Je nach gew\u00e4hlter Strategie und regulatorischem Rahmen kann Akkermansia muciniphila Akk11 einen Ausgangspunkt f\u00fcr weitere Arbeiten an:<\/p>\n<ul>\n<li>mikrobiom-inspirierten Rohstoffen,<\/li>\n<li>biotechnologischen Komponenten,<\/li>\n<li>Fraktionen, Metaboliten oder Derivaten von Mikroorganismen,<\/li>\n<li>Formulierungskonzepten, die auf der Synergie von Mikrobiologie und Biologie der Barrieren basieren.<\/li>\n<\/ul>\n<p>Umfang und Art der Rohstoffverwendung h\u00e4ngen vom Gesch\u00e4ftsmodell und dem Zielmarkt des Abnehmers ab.<\/p>\n","protected":false},"excerpt":{"rendered":"<p><strong>Akkermansia muciniphila Akk11<\/strong> ist ein moderner mikrobiologischer Rohstoff, der mittels kontrollierter Fermentations- und Lyophilisationsprozesse gewonnen wird.<\/p>\n","protected":false},"featured_media":30713,"template":"","meta":{"_acf_changed":false},"product_brand":[],"product_cat":[2092],"product_tag":[],"class_list":{"0":"post-30721","1":"product","2":"type-product","3":"status-publish","4":"has-post-thumbnail","6":"product_cat-probiotika-de","7":"pa_grupa-substancji-probiotische-bakterien","9":"first","10":"instock","11":"shipping-taxable","12":"product-type-simple"},"acf":[],"yoast_head":"<!-- This site is optimized with the Yoast SEO plugin v27.5 - https:\/\/yoast.com\/product\/yoast-seo-wordpress\/ -->\n<title>Akkermansia Muciniphila Akk11 - NATURAL POLAND - IMPORT UND HANDEL VON ROHSTOFFEN<\/title>\n<meta name=\"description\" content=\"Akkermansia muciniphila Akk11 ist ein moderner mikrobiologischer Rohstoff, der mittels kontrollierter Fermentations- und Lyophilisationsprozesse gewonnen wird.\" \/>\n<meta name=\"robots\" content=\"index, follow, max-snippet:-1, max-image-preview:large, max-video-preview:-1\" \/>\n<link rel=\"canonical\" href=\"https:\/\/naturalpoland.com\/de\/produkte\/produkte-fur-die-kosmetikindustrie\/probiotika-de\/akkermansia-muciniphila-akk11\/\" \/>\n<meta property=\"og:locale\" content=\"de_DE\" \/>\n<meta property=\"og:type\" content=\"article\" \/>\n<meta property=\"og:title\" content=\"Akkermansia Muciniphila Akk11 - NATURAL POLAND - IMPORT UND HANDEL VON ROHSTOFFEN\" \/>\n<meta property=\"og:description\" content=\"Akkermansia muciniphila Akk11 ist ein moderner mikrobiologischer Rohstoff, der mittels kontrollierter Fermentations- und Lyophilisationsprozesse gewonnen wird.\" \/>\n<meta property=\"og:url\" content=\"https:\/\/naturalpoland.com\/de\/produkte\/produkte-fur-die-kosmetikindustrie\/probiotika-de\/akkermansia-muciniphila-akk11\/\" \/>\n<meta property=\"og:site_name\" content=\"NATURAL POLAND - IMPORT UND HANDEL VON ROHSTOFFEN\" \/>\n<meta property=\"article:publisher\" content=\"https:\/\/www.facebook.com\/naturalpoland.b2b\" \/>\n<meta property=\"article:modified_time\" content=\"2026-01-15T11:27:42+00:00\" \/>\n<meta property=\"og:image\" content=\"https:\/\/naturalpoland.com\/wp-content\/uploads\/akkermansia-muciniphila.webp\" \/>\n\t<meta property=\"og:image:width\" content=\"1024\" \/>\n\t<meta property=\"og:image:height\" content=\"1024\" \/>\n\t<meta property=\"og:image:type\" content=\"image\/webp\" \/>\n<script type=\"application\/ld+json\" class=\"yoast-schema-graph\">{\"@context\":\"https:\\\/\\\/schema.org\",\"@graph\":[{\"@type\":\"WebPage\",\"@id\":\"https:\\\/\\\/naturalpoland.com\\\/de\\\/produkte\\\/produkte-fur-die-kosmetikindustrie\\\/probiotika-de\\\/akkermansia-muciniphila-akk11\\\/\",\"url\":\"https:\\\/\\\/naturalpoland.com\\\/de\\\/produkte\\\/produkte-fur-die-kosmetikindustrie\\\/probiotika-de\\\/akkermansia-muciniphila-akk11\\\/\",\"name\":\"Akkermansia Muciniphila Akk11 - NATURAL POLAND - IMPORT UND HANDEL VON ROHSTOFFEN\",\"isPartOf\":{\"@id\":\"https:\\\/\\\/naturalpoland.com\\\/de\\\/#website\"},\"primaryImageOfPage\":{\"@id\":\"https:\\\/\\\/naturalpoland.com\\\/de\\\/produkte\\\/produkte-fur-die-kosmetikindustrie\\\/probiotika-de\\\/akkermansia-muciniphila-akk11\\\/#primaryimage\"},\"image\":{\"@id\":\"https:\\\/\\\/naturalpoland.com\\\/de\\\/produkte\\\/produkte-fur-die-kosmetikindustrie\\\/probiotika-de\\\/akkermansia-muciniphila-akk11\\\/#primaryimage\"},\"thumbnailUrl\":\"https:\\\/\\\/naturalpoland.com\\\/wp-content\\\/uploads\\\/akkermansia-muciniphila.webp\",\"datePublished\":\"2024-03-26T07:23:36+00:00\",\"dateModified\":\"2026-01-15T11:27:42+00:00\",\"description\":\"Akkermansia muciniphila Akk11 ist ein moderner mikrobiologischer Rohstoff, der mittels kontrollierter Fermentations- und Lyophilisationsprozesse gewonnen wird.\",\"breadcrumb\":{\"@id\":\"https:\\\/\\\/naturalpoland.com\\\/de\\\/produkte\\\/produkte-fur-die-kosmetikindustrie\\\/probiotika-de\\\/akkermansia-muciniphila-akk11\\\/#breadcrumb\"},\"inLanguage\":\"de\",\"potentialAction\":[{\"@type\":\"ReadAction\",\"target\":[\"https:\\\/\\\/naturalpoland.com\\\/de\\\/produkte\\\/produkte-fur-die-kosmetikindustrie\\\/probiotika-de\\\/akkermansia-muciniphila-akk11\\\/\"]}]},{\"@type\":\"ImageObject\",\"inLanguage\":\"de\",\"@id\":\"https:\\\/\\\/naturalpoland.com\\\/de\\\/produkte\\\/produkte-fur-die-kosmetikindustrie\\\/probiotika-de\\\/akkermansia-muciniphila-akk11\\\/#primaryimage\",\"url\":\"https:\\\/\\\/naturalpoland.com\\\/wp-content\\\/uploads\\\/akkermansia-muciniphila.webp\",\"contentUrl\":\"https:\\\/\\\/naturalpoland.com\\\/wp-content\\\/uploads\\\/akkermansia-muciniphila.webp\",\"width\":1024,\"height\":1024,\"caption\":\"Akkermansia muciniphila\"},{\"@type\":\"BreadcrumbList\",\"@id\":\"https:\\\/\\\/naturalpoland.com\\\/de\\\/produkte\\\/produkte-fur-die-kosmetikindustrie\\\/probiotika-de\\\/akkermansia-muciniphila-akk11\\\/#breadcrumb\",\"itemListElement\":[{\"@type\":\"ListItem\",\"position\":1,\"name\":\"Startseite\",\"item\":\"https:\\\/\\\/naturalpoland.com\\\/de\\\/\"},{\"@type\":\"ListItem\",\"position\":2,\"name\":\"Produkte\",\"item\":\"https:\\\/\\\/naturalpoland.com\\\/de\\\/produkte\\\/\"},{\"@type\":\"ListItem\",\"position\":3,\"name\":\"Akkermansia Muciniphila Akk11\"}]},{\"@type\":\"WebSite\",\"@id\":\"https:\\\/\\\/naturalpoland.com\\\/de\\\/#website\",\"url\":\"https:\\\/\\\/naturalpoland.com\\\/de\\\/\",\"name\":\"NATURAL POLAND - IMPORT UND HANDEL VON ROHSTOFFEN\",\"description\":\"Rohstoffe f\u00fcr die Lebensmittelindustrie, Kosmetikindustrie, Pharmaindustrie\",\"publisher\":{\"@id\":\"https:\\\/\\\/naturalpoland.com\\\/de\\\/#organization\"},\"potentialAction\":[{\"@type\":\"SearchAction\",\"target\":{\"@type\":\"EntryPoint\",\"urlTemplate\":\"https:\\\/\\\/naturalpoland.com\\\/de\\\/?s={search_term_string}\"},\"query-input\":{\"@type\":\"PropertyValueSpecification\",\"valueRequired\":true,\"valueName\":\"search_term_string\"}}],\"inLanguage\":\"de\"},{\"@type\":\"Organization\",\"@id\":\"https:\\\/\\\/naturalpoland.com\\\/de\\\/#organization\",\"name\":\"Natural Poland\",\"url\":\"https:\\\/\\\/naturalpoland.com\\\/de\\\/\",\"logo\":{\"@type\":\"ImageObject\",\"inLanguage\":\"de\",\"@id\":\"https:\\\/\\\/naturalpoland.com\\\/de\\\/#\\\/schema\\\/logo\\\/image\\\/\",\"url\":\"https:\\\/\\\/naturalpoland.com\\\/wp-content\\\/uploads\\\/2021\\\/05\\\/natural-poland-icon.png\",\"contentUrl\":\"https:\\\/\\\/naturalpoland.com\\\/wp-content\\\/uploads\\\/2021\\\/05\\\/natural-poland-icon.png\",\"width\":512,\"height\":512,\"caption\":\"Natural Poland\"},\"image\":{\"@id\":\"https:\\\/\\\/naturalpoland.com\\\/de\\\/#\\\/schema\\\/logo\\\/image\\\/\"},\"sameAs\":[\"https:\\\/\\\/www.facebook.com\\\/naturalpoland.b2b\",\"https:\\\/\\\/pl.linkedin.com\\\/company\\\/natural-poland\",\"https:\\\/\\\/www.youtube.com\\\/channel\\\/UCgeGGkvOMahZo-xu_MSEWxg\"]}]}<\/script>\n<!-- \/ Yoast SEO plugin. -->","yoast_head_json":{"title":"Akkermansia Muciniphila Akk11 - NATURAL POLAND - IMPORT UND HANDEL VON ROHSTOFFEN","description":"Akkermansia muciniphila Akk11 ist ein moderner mikrobiologischer Rohstoff, der mittels kontrollierter Fermentations- und Lyophilisationsprozesse gewonnen wird.","robots":{"index":"index","follow":"follow","max-snippet":"max-snippet:-1","max-image-preview":"max-image-preview:large","max-video-preview":"max-video-preview:-1"},"canonical":"https:\/\/naturalpoland.com\/de\/produkte\/produkte-fur-die-kosmetikindustrie\/probiotika-de\/akkermansia-muciniphila-akk11\/","og_locale":"de_DE","og_type":"article","og_title":"Akkermansia Muciniphila Akk11 - NATURAL POLAND - IMPORT UND HANDEL VON ROHSTOFFEN","og_description":"Akkermansia muciniphila Akk11 ist ein moderner mikrobiologischer Rohstoff, der mittels kontrollierter Fermentations- und Lyophilisationsprozesse gewonnen wird.","og_url":"https:\/\/naturalpoland.com\/de\/produkte\/produkte-fur-die-kosmetikindustrie\/probiotika-de\/akkermansia-muciniphila-akk11\/","og_site_name":"NATURAL POLAND - IMPORT UND HANDEL VON ROHSTOFFEN","article_publisher":"https:\/\/www.facebook.com\/naturalpoland.b2b","article_modified_time":"2026-01-15T11:27:42+00:00","og_image":[{"width":1024,"height":1024,"url":"https:\/\/naturalpoland.com\/wp-content\/uploads\/akkermansia-muciniphila.webp","type":"image\/webp"}],"schema":{"@context":"https:\/\/schema.org","@graph":[{"@type":"WebPage","@id":"https:\/\/naturalpoland.com\/de\/produkte\/produkte-fur-die-kosmetikindustrie\/probiotika-de\/akkermansia-muciniphila-akk11\/","url":"https:\/\/naturalpoland.com\/de\/produkte\/produkte-fur-die-kosmetikindustrie\/probiotika-de\/akkermansia-muciniphila-akk11\/","name":"Akkermansia Muciniphila Akk11 - NATURAL POLAND - IMPORT UND HANDEL VON ROHSTOFFEN","isPartOf":{"@id":"https:\/\/naturalpoland.com\/de\/#website"},"primaryImageOfPage":{"@id":"https:\/\/naturalpoland.com\/de\/produkte\/produkte-fur-die-kosmetikindustrie\/probiotika-de\/akkermansia-muciniphila-akk11\/#primaryimage"},"image":{"@id":"https:\/\/naturalpoland.com\/de\/produkte\/produkte-fur-die-kosmetikindustrie\/probiotika-de\/akkermansia-muciniphila-akk11\/#primaryimage"},"thumbnailUrl":"https:\/\/naturalpoland.com\/wp-content\/uploads\/akkermansia-muciniphila.webp","datePublished":"2024-03-26T07:23:36+00:00","dateModified":"2026-01-15T11:27:42+00:00","description":"Akkermansia muciniphila Akk11 ist ein moderner mikrobiologischer Rohstoff, der mittels kontrollierter Fermentations- und Lyophilisationsprozesse gewonnen wird.","breadcrumb":{"@id":"https:\/\/naturalpoland.com\/de\/produkte\/produkte-fur-die-kosmetikindustrie\/probiotika-de\/akkermansia-muciniphila-akk11\/#breadcrumb"},"inLanguage":"de","potentialAction":[{"@type":"ReadAction","target":["https:\/\/naturalpoland.com\/de\/produkte\/produkte-fur-die-kosmetikindustrie\/probiotika-de\/akkermansia-muciniphila-akk11\/"]}]},{"@type":"ImageObject","inLanguage":"de","@id":"https:\/\/naturalpoland.com\/de\/produkte\/produkte-fur-die-kosmetikindustrie\/probiotika-de\/akkermansia-muciniphila-akk11\/#primaryimage","url":"https:\/\/naturalpoland.com\/wp-content\/uploads\/akkermansia-muciniphila.webp","contentUrl":"https:\/\/naturalpoland.com\/wp-content\/uploads\/akkermansia-muciniphila.webp","width":1024,"height":1024,"caption":"Akkermansia muciniphila"},{"@type":"BreadcrumbList","@id":"https:\/\/naturalpoland.com\/de\/produkte\/produkte-fur-die-kosmetikindustrie\/probiotika-de\/akkermansia-muciniphila-akk11\/#breadcrumb","itemListElement":[{"@type":"ListItem","position":1,"name":"Startseite","item":"https:\/\/naturalpoland.com\/de\/"},{"@type":"ListItem","position":2,"name":"Produkte","item":"https:\/\/naturalpoland.com\/de\/produkte\/"},{"@type":"ListItem","position":3,"name":"Akkermansia Muciniphila Akk11"}]},{"@type":"WebSite","@id":"https:\/\/naturalpoland.com\/de\/#website","url":"https:\/\/naturalpoland.com\/de\/","name":"NATURAL POLAND - IMPORT UND HANDEL VON ROHSTOFFEN","description":"Rohstoffe f\u00fcr die Lebensmittelindustrie, Kosmetikindustrie, Pharmaindustrie","publisher":{"@id":"https:\/\/naturalpoland.com\/de\/#organization"},"potentialAction":[{"@type":"SearchAction","target":{"@type":"EntryPoint","urlTemplate":"https:\/\/naturalpoland.com\/de\/?s={search_term_string}"},"query-input":{"@type":"PropertyValueSpecification","valueRequired":true,"valueName":"search_term_string"}}],"inLanguage":"de"},{"@type":"Organization","@id":"https:\/\/naturalpoland.com\/de\/#organization","name":"Natural Poland","url":"https:\/\/naturalpoland.com\/de\/","logo":{"@type":"ImageObject","inLanguage":"de","@id":"https:\/\/naturalpoland.com\/de\/#\/schema\/logo\/image\/","url":"https:\/\/naturalpoland.com\/wp-content\/uploads\/2021\/05\/natural-poland-icon.png","contentUrl":"https:\/\/naturalpoland.com\/wp-content\/uploads\/2021\/05\/natural-poland-icon.png","width":512,"height":512,"caption":"Natural Poland"},"image":{"@id":"https:\/\/naturalpoland.com\/de\/#\/schema\/logo\/image\/"},"sameAs":["https:\/\/www.facebook.com\/naturalpoland.b2b","https:\/\/pl.linkedin.com\/company\/natural-poland","https:\/\/www.youtube.com\/channel\/UCgeGGkvOMahZo-xu_MSEWxg"]}]}},"_links":{"self":[{"href":"https:\/\/naturalpoland.com\/de\/wp-json\/wp\/v2\/product\/30721","targetHints":{"allow":["GET"]}}],"collection":[{"href":"https:\/\/naturalpoland.com\/de\/wp-json\/wp\/v2\/product"}],"about":[{"href":"https:\/\/naturalpoland.com\/de\/wp-json\/wp\/v2\/types\/product"}],"wp:featuredmedia":[{"embeddable":true,"href":"https:\/\/naturalpoland.com\/de\/wp-json\/wp\/v2\/media\/30713"}],"wp:attachment":[{"href":"https:\/\/naturalpoland.com\/de\/wp-json\/wp\/v2\/media?parent=30721"}],"wp:term":[{"taxonomy":"product_brand","embeddable":true,"href":"https:\/\/naturalpoland.com\/de\/wp-json\/wp\/v2\/product_brand?post=30721"},{"taxonomy":"product_cat","embeddable":true,"href":"https:\/\/naturalpoland.com\/de\/wp-json\/wp\/v2\/product_cat?post=30721"},{"taxonomy":"product_tag","embeddable":true,"href":"https:\/\/naturalpoland.com\/de\/wp-json\/wp\/v2\/product_tag?post=30721"}],"curies":[{"name":"wp","href":"https:\/\/api.w.org\/{rel}","templated":true}]}}