{"id":31456,"date":"2024-04-11T13:18:07","date_gmt":"2024-04-29T12:02:30","guid":{"rendered":"https:\/\/naturalpoland.com\/produkty\/unkategorisiert\/ringelblumenhydrolat\/"},"modified":"2024-04-29T14:02:30","modified_gmt":"2024-04-29T12:02:30","slug":"ringelblumenhydrolat","status":"publish","type":"product","link":"https:\/\/naturalpoland.com\/de\/produkte\/produkte-fur-die-kosmetikindustrie\/blutenwasser\/ringelblumenhydrolat\/","title":{"rendered":"Ringelblumenhydrolat"},"content":{"rendered":"<p><strong>Eigenschaften<\/strong><\/p>\n<p>Calendula-Hydrolat bietet eine hervorragende Unterst\u00fctzung f\u00fcr problematische Haut, die zu Reizungen, Entz\u00fcndungen und Akne neigt. Seine feuchtigkeitsspendende Wirkung tr\u00e4gt dazu bei, die Haut mit Feuchtigkeit zu versorgen, was besonders wichtig f\u00fcr die Erhaltung von Elastizit\u00e4t, Geschmeidigkeit und einem gesunden Aussehen ist. Dar\u00fcber hinaus f\u00f6rdert das Vorhandensein von regenerierenden Wirkstoffen die nat\u00fcrlichen Heilungsprozesse kleinerer Epidermissch\u00e4den, beschleunigt die Zellerneuerung und hilft, Narbenbildung und Verf\u00e4rbungen zu bek\u00e4mpfen.<\/p>\n<p><strong>Anmeldung<\/strong><\/p>\n<p>Das Produkt kann als Gesichtswasser verwendet werden, um das pH-Gleichgewicht der Haut wiederherzustellen, sie zu erfrischen und auf die weiteren Pflegeschritte vorzubereiten. Es eignet sich auch hervorragend als Zutat f\u00fcr Masken und als beruhigender Badezusatz.<\/p>\n<p>Aufgrund seiner beruhigenden Eigenschaften wird Calendula-Hydrolat auch bei empfindlicher, trockener und nach \u00fcberm\u00e4\u00dfiger Sonneneinstrahlung gereizter Haut empfohlen. Es hat eine beruhigende Wirkung, lindert R\u00f6tungen und sorgt f\u00fcr ein Gef\u00fchl der Erleichterung und des Komforts.<\/p>\n","protected":false},"excerpt":{"rendered":"<p>Calendula-Hydrolat wird vor allem f\u00fcr seine feuchtigkeitsspendenden Eigenschaften und seine F\u00e4higkeit, die Regenerationsprozesse der Haut zu unterst\u00fctzen, gesch\u00e4tzt. Es wird durch Wasserdampfdestillation aus Ringelblumenbl\u00fcten gewonnen und bewahrt den Reichtum der aktiven Inhaltsstoffe der Pflanze.<\/p>\n","protected":false},"featured_media":30956,"template":"","meta":{"_acf_changed":false},"product_brand":[],"product_cat":[3552],"product_tag":[],"class_list":{"0":"post-31456","1":"product","2":"type-product","3":"status-publish","4":"has-post-thumbnail","6":"product_cat-blutenwasser","7":"pa_grupa-substancji-destillate","9":"first","10":"instock","11":"shipping-taxable","12":"product-type-simple"},"acf":[],"yoast_head":"<!-- This site is optimized with the Yoast SEO plugin v27.4 - https:\/\/yoast.com\/product\/yoast-seo-wordpress\/ -->\n<title>Ringelblumenhydrolat - Gro\u00dfhandelsvertrieb<\/title>\n<meta name=\"description\" content=\"Calendula-Hydrolat ist ein unverzichtbares Produkt f\u00fcr die Pflege problematischer Haut. Es spendet Feuchtigkeit und f\u00f6rdert die Regeneration der Haut.\" \/>\n<meta name=\"robots\" content=\"index, follow, max-snippet:-1, max-image-preview:large, max-video-preview:-1\" \/>\n<link rel=\"canonical\" href=\"https:\/\/naturalpoland.com\/de\/produkte\/produkte-fur-die-kosmetikindustrie\/blutenwasser\/ringelblumenhydrolat\/\" \/>\n<meta property=\"og:locale\" content=\"de_DE\" \/>\n<meta property=\"og:type\" content=\"article\" \/>\n<meta property=\"og:title\" content=\"Ringelblumenhydrolat - Gro\u00dfhandelsvertrieb\" \/>\n<meta property=\"og:description\" content=\"Calendula-Hydrolat ist ein unverzichtbares Produkt f\u00fcr die Pflege problematischer Haut. Es spendet Feuchtigkeit und f\u00f6rdert die Regeneration der Haut.\" \/>\n<meta property=\"og:url\" content=\"https:\/\/naturalpoland.com\/de\/produkte\/produkte-fur-die-kosmetikindustrie\/blutenwasser\/ringelblumenhydrolat\/\" \/>\n<meta property=\"og:site_name\" content=\"NATURAL POLAND - IMPORT UND HANDEL VON ROHSTOFFEN\" \/>\n<meta property=\"article:publisher\" content=\"https:\/\/www.facebook.com\/naturalpoland.b2b\" \/>\n<meta property=\"og:image\" content=\"https:\/\/naturalpoland.com\/wp-content\/uploads\/hydrolat-z-nagietka.webp\" \/>\n\t<meta property=\"og:image:width\" content=\"618\" \/>\n\t<meta property=\"og:image:height\" content=\"618\" \/>\n\t<meta property=\"og:image:type\" content=\"image\/webp\" \/>\n<script type=\"application\/ld+json\" class=\"yoast-schema-graph\">{\"@context\":\"https:\\\/\\\/schema.org\",\"@graph\":[{\"@type\":\"WebPage\",\"@id\":\"https:\\\/\\\/naturalpoland.com\\\/de\\\/produkte\\\/produkte-fur-die-kosmetikindustrie\\\/blutenwasser\\\/ringelblumenhydrolat\\\/\",\"url\":\"https:\\\/\\\/naturalpoland.com\\\/de\\\/produkte\\\/produkte-fur-die-kosmetikindustrie\\\/blutenwasser\\\/ringelblumenhydrolat\\\/\",\"name\":\"Ringelblumenhydrolat - Gro\u00dfhandelsvertrieb\",\"isPartOf\":{\"@id\":\"https:\\\/\\\/naturalpoland.com\\\/de\\\/#website\"},\"primaryImageOfPage\":{\"@id\":\"https:\\\/\\\/naturalpoland.com\\\/de\\\/produkte\\\/produkte-fur-die-kosmetikindustrie\\\/blutenwasser\\\/ringelblumenhydrolat\\\/#primaryimage\"},\"image\":{\"@id\":\"https:\\\/\\\/naturalpoland.com\\\/de\\\/produkte\\\/produkte-fur-die-kosmetikindustrie\\\/blutenwasser\\\/ringelblumenhydrolat\\\/#primaryimage\"},\"thumbnailUrl\":\"https:\\\/\\\/naturalpoland.com\\\/wp-content\\\/uploads\\\/hydrolat-z-nagietka.webp\",\"datePublished\":\"2024-04-29T12:02:30+00:00\",\"description\":\"Calendula-Hydrolat ist ein unverzichtbares Produkt f\u00fcr die Pflege problematischer Haut. Es spendet Feuchtigkeit und f\u00f6rdert die Regeneration der Haut.\",\"breadcrumb\":{\"@id\":\"https:\\\/\\\/naturalpoland.com\\\/de\\\/produkte\\\/produkte-fur-die-kosmetikindustrie\\\/blutenwasser\\\/ringelblumenhydrolat\\\/#breadcrumb\"},\"inLanguage\":\"de\",\"potentialAction\":[{\"@type\":\"ReadAction\",\"target\":[\"https:\\\/\\\/naturalpoland.com\\\/de\\\/produkte\\\/produkte-fur-die-kosmetikindustrie\\\/blutenwasser\\\/ringelblumenhydrolat\\\/\"]}]},{\"@type\":\"ImageObject\",\"inLanguage\":\"de\",\"@id\":\"https:\\\/\\\/naturalpoland.com\\\/de\\\/produkte\\\/produkte-fur-die-kosmetikindustrie\\\/blutenwasser\\\/ringelblumenhydrolat\\\/#primaryimage\",\"url\":\"https:\\\/\\\/naturalpoland.com\\\/wp-content\\\/uploads\\\/hydrolat-z-nagietka.webp\",\"contentUrl\":\"https:\\\/\\\/naturalpoland.com\\\/wp-content\\\/uploads\\\/hydrolat-z-nagietka.webp\",\"width\":618,\"height\":618,\"caption\":\"hydrolat z nagietka\"},{\"@type\":\"BreadcrumbList\",\"@id\":\"https:\\\/\\\/naturalpoland.com\\\/de\\\/produkte\\\/produkte-fur-die-kosmetikindustrie\\\/blutenwasser\\\/ringelblumenhydrolat\\\/#breadcrumb\",\"itemListElement\":[{\"@type\":\"ListItem\",\"position\":1,\"name\":\"Startseite\",\"item\":\"https:\\\/\\\/naturalpoland.com\\\/de\\\/\"},{\"@type\":\"ListItem\",\"position\":2,\"name\":\"Produkte\",\"item\":\"https:\\\/\\\/naturalpoland.com\\\/de\\\/produkte\\\/\"},{\"@type\":\"ListItem\",\"position\":3,\"name\":\"Ringelblumenhydrolat\"}]},{\"@type\":\"WebSite\",\"@id\":\"https:\\\/\\\/naturalpoland.com\\\/de\\\/#website\",\"url\":\"https:\\\/\\\/naturalpoland.com\\\/de\\\/\",\"name\":\"NATURAL POLAND - IMPORT UND HANDEL VON ROHSTOFFEN\",\"description\":\"Rohstoffe f\u00fcr die Lebensmittelindustrie, Kosmetikindustrie, Pharmaindustrie\",\"publisher\":{\"@id\":\"https:\\\/\\\/naturalpoland.com\\\/de\\\/#organization\"},\"potentialAction\":[{\"@type\":\"SearchAction\",\"target\":{\"@type\":\"EntryPoint\",\"urlTemplate\":\"https:\\\/\\\/naturalpoland.com\\\/de\\\/?s={search_term_string}\"},\"query-input\":{\"@type\":\"PropertyValueSpecification\",\"valueRequired\":true,\"valueName\":\"search_term_string\"}}],\"inLanguage\":\"de\"},{\"@type\":\"Organization\",\"@id\":\"https:\\\/\\\/naturalpoland.com\\\/de\\\/#organization\",\"name\":\"Natural Poland\",\"url\":\"https:\\\/\\\/naturalpoland.com\\\/de\\\/\",\"logo\":{\"@type\":\"ImageObject\",\"inLanguage\":\"de\",\"@id\":\"https:\\\/\\\/naturalpoland.com\\\/de\\\/#\\\/schema\\\/logo\\\/image\\\/\",\"url\":\"https:\\\/\\\/naturalpoland.com\\\/wp-content\\\/uploads\\\/2021\\\/05\\\/natural-poland-icon.png\",\"contentUrl\":\"https:\\\/\\\/naturalpoland.com\\\/wp-content\\\/uploads\\\/2021\\\/05\\\/natural-poland-icon.png\",\"width\":512,\"height\":512,\"caption\":\"Natural Poland\"},\"image\":{\"@id\":\"https:\\\/\\\/naturalpoland.com\\\/de\\\/#\\\/schema\\\/logo\\\/image\\\/\"},\"sameAs\":[\"https:\\\/\\\/www.facebook.com\\\/naturalpoland.b2b\",\"https:\\\/\\\/pl.linkedin.com\\\/company\\\/natural-poland\",\"https:\\\/\\\/www.youtube.com\\\/channel\\\/UCgeGGkvOMahZo-xu_MSEWxg\"]}]}<\/script>\n<!-- \/ Yoast SEO plugin. -->","yoast_head_json":{"title":"Ringelblumenhydrolat - Gro\u00dfhandelsvertrieb","description":"Calendula-Hydrolat ist ein unverzichtbares Produkt f\u00fcr die Pflege problematischer Haut. Es spendet Feuchtigkeit und f\u00f6rdert die Regeneration der Haut.","robots":{"index":"index","follow":"follow","max-snippet":"max-snippet:-1","max-image-preview":"max-image-preview:large","max-video-preview":"max-video-preview:-1"},"canonical":"https:\/\/naturalpoland.com\/de\/produkte\/produkte-fur-die-kosmetikindustrie\/blutenwasser\/ringelblumenhydrolat\/","og_locale":"de_DE","og_type":"article","og_title":"Ringelblumenhydrolat - Gro\u00dfhandelsvertrieb","og_description":"Calendula-Hydrolat ist ein unverzichtbares Produkt f\u00fcr die Pflege problematischer Haut. Es spendet Feuchtigkeit und f\u00f6rdert die Regeneration der Haut.","og_url":"https:\/\/naturalpoland.com\/de\/produkte\/produkte-fur-die-kosmetikindustrie\/blutenwasser\/ringelblumenhydrolat\/","og_site_name":"NATURAL POLAND - IMPORT UND HANDEL VON ROHSTOFFEN","article_publisher":"https:\/\/www.facebook.com\/naturalpoland.b2b","og_image":[{"width":618,"height":618,"url":"https:\/\/naturalpoland.com\/wp-content\/uploads\/hydrolat-z-nagietka.webp","type":"image\/webp"}],"schema":{"@context":"https:\/\/schema.org","@graph":[{"@type":"WebPage","@id":"https:\/\/naturalpoland.com\/de\/produkte\/produkte-fur-die-kosmetikindustrie\/blutenwasser\/ringelblumenhydrolat\/","url":"https:\/\/naturalpoland.com\/de\/produkte\/produkte-fur-die-kosmetikindustrie\/blutenwasser\/ringelblumenhydrolat\/","name":"Ringelblumenhydrolat - Gro\u00dfhandelsvertrieb","isPartOf":{"@id":"https:\/\/naturalpoland.com\/de\/#website"},"primaryImageOfPage":{"@id":"https:\/\/naturalpoland.com\/de\/produkte\/produkte-fur-die-kosmetikindustrie\/blutenwasser\/ringelblumenhydrolat\/#primaryimage"},"image":{"@id":"https:\/\/naturalpoland.com\/de\/produkte\/produkte-fur-die-kosmetikindustrie\/blutenwasser\/ringelblumenhydrolat\/#primaryimage"},"thumbnailUrl":"https:\/\/naturalpoland.com\/wp-content\/uploads\/hydrolat-z-nagietka.webp","datePublished":"2024-04-29T12:02:30+00:00","description":"Calendula-Hydrolat ist ein unverzichtbares Produkt f\u00fcr die Pflege problematischer Haut. Es spendet Feuchtigkeit und f\u00f6rdert die Regeneration der Haut.","breadcrumb":{"@id":"https:\/\/naturalpoland.com\/de\/produkte\/produkte-fur-die-kosmetikindustrie\/blutenwasser\/ringelblumenhydrolat\/#breadcrumb"},"inLanguage":"de","potentialAction":[{"@type":"ReadAction","target":["https:\/\/naturalpoland.com\/de\/produkte\/produkte-fur-die-kosmetikindustrie\/blutenwasser\/ringelblumenhydrolat\/"]}]},{"@type":"ImageObject","inLanguage":"de","@id":"https:\/\/naturalpoland.com\/de\/produkte\/produkte-fur-die-kosmetikindustrie\/blutenwasser\/ringelblumenhydrolat\/#primaryimage","url":"https:\/\/naturalpoland.com\/wp-content\/uploads\/hydrolat-z-nagietka.webp","contentUrl":"https:\/\/naturalpoland.com\/wp-content\/uploads\/hydrolat-z-nagietka.webp","width":618,"height":618,"caption":"hydrolat z nagietka"},{"@type":"BreadcrumbList","@id":"https:\/\/naturalpoland.com\/de\/produkte\/produkte-fur-die-kosmetikindustrie\/blutenwasser\/ringelblumenhydrolat\/#breadcrumb","itemListElement":[{"@type":"ListItem","position":1,"name":"Startseite","item":"https:\/\/naturalpoland.com\/de\/"},{"@type":"ListItem","position":2,"name":"Produkte","item":"https:\/\/naturalpoland.com\/de\/produkte\/"},{"@type":"ListItem","position":3,"name":"Ringelblumenhydrolat"}]},{"@type":"WebSite","@id":"https:\/\/naturalpoland.com\/de\/#website","url":"https:\/\/naturalpoland.com\/de\/","name":"NATURAL POLAND - IMPORT UND HANDEL VON ROHSTOFFEN","description":"Rohstoffe f\u00fcr die Lebensmittelindustrie, Kosmetikindustrie, Pharmaindustrie","publisher":{"@id":"https:\/\/naturalpoland.com\/de\/#organization"},"potentialAction":[{"@type":"SearchAction","target":{"@type":"EntryPoint","urlTemplate":"https:\/\/naturalpoland.com\/de\/?s={search_term_string}"},"query-input":{"@type":"PropertyValueSpecification","valueRequired":true,"valueName":"search_term_string"}}],"inLanguage":"de"},{"@type":"Organization","@id":"https:\/\/naturalpoland.com\/de\/#organization","name":"Natural Poland","url":"https:\/\/naturalpoland.com\/de\/","logo":{"@type":"ImageObject","inLanguage":"de","@id":"https:\/\/naturalpoland.com\/de\/#\/schema\/logo\/image\/","url":"https:\/\/naturalpoland.com\/wp-content\/uploads\/2021\/05\/natural-poland-icon.png","contentUrl":"https:\/\/naturalpoland.com\/wp-content\/uploads\/2021\/05\/natural-poland-icon.png","width":512,"height":512,"caption":"Natural Poland"},"image":{"@id":"https:\/\/naturalpoland.com\/de\/#\/schema\/logo\/image\/"},"sameAs":["https:\/\/www.facebook.com\/naturalpoland.b2b","https:\/\/pl.linkedin.com\/company\/natural-poland","https:\/\/www.youtube.com\/channel\/UCgeGGkvOMahZo-xu_MSEWxg"]}]}},"_links":{"self":[{"href":"https:\/\/naturalpoland.com\/de\/wp-json\/wp\/v2\/product\/31456","targetHints":{"allow":["GET"]}}],"collection":[{"href":"https:\/\/naturalpoland.com\/de\/wp-json\/wp\/v2\/product"}],"about":[{"href":"https:\/\/naturalpoland.com\/de\/wp-json\/wp\/v2\/types\/product"}],"wp:featuredmedia":[{"embeddable":true,"href":"https:\/\/naturalpoland.com\/de\/wp-json\/wp\/v2\/media\/30956"}],"wp:attachment":[{"href":"https:\/\/naturalpoland.com\/de\/wp-json\/wp\/v2\/media?parent=31456"}],"wp:term":[{"taxonomy":"product_brand","embeddable":true,"href":"https:\/\/naturalpoland.com\/de\/wp-json\/wp\/v2\/product_brand?post=31456"},{"taxonomy":"product_cat","embeddable":true,"href":"https:\/\/naturalpoland.com\/de\/wp-json\/wp\/v2\/product_cat?post=31456"},{"taxonomy":"product_tag","embeddable":true,"href":"https:\/\/naturalpoland.com\/de\/wp-json\/wp\/v2\/product_tag?post=31456"}],"curies":[{"name":"wp","href":"https:\/\/api.w.org\/{rel}","templated":true}]}}