{"id":31478,"date":"2024-04-10T14:38:24","date_gmt":"2024-04-29T12:04:26","guid":{"rendered":"https:\/\/naturalpoland.com\/produkty\/unkategorisiert\/extrakt-aus-der-bluete-der-chinesischen-pampelmuse-pulsatilla-chinensis\/"},"modified":"2024-04-29T14:04:26","modified_gmt":"2024-04-29T12:04:26","slug":"extrakt-aus-der-bluete-der-chinesischen-pampelmuse-pulsatilla-chinensis","status":"publish","type":"product","link":"https:\/\/naturalpoland.com\/de\/produkte\/pflanzenextrakte\/extrakt-aus-der-bluete-der-chinesischen-pampelmuse-pulsatilla-chinensis\/","title":{"rendered":"Extrakt aus der Bl\u00fcte der Chinesischen Pampelmuse (Pulsatilla chinensis)"},"content":{"rendered":"<p><strong>Eigenschaften<\/strong><\/p>\n<p>Der Extrakt aus der Chinesischen K\u00fcchenschelle wird mit Wasser als L\u00f6sungsmittel hergestellt, so dass die wertvollen Pflanzenbestandteile erhalten bleiben. Das Produkt ist frei von GVO, Schwermetallen und Mykotoxinen und somit sicher in der Anwendung. Dar\u00fcber hinaus ist es frei von sch\u00e4dlichen Krankheitserregern.<\/p>\n<p>Eine der Haupteigenschaften des Extrakts aus chinesischer Wiesenschaumkraut ist sein <strong>entz\u00fcndungshemmendes und antibakterielles Potenzial<\/strong>. Diese Eigenschaften f\u00fchren dazu, dass der Extrakt in nat\u00fcrlichen Therapien zur Bek\u00e4mpfung verschiedener Infektionen und zur Linderung von Entz\u00fcndungen im K\u00f6rper eingesetzt wird. Dar\u00fcber hinaus k\u00f6nnen die in der chinesischen Sassana enthaltenen Wirkstoffe das Immunsystem unterst\u00fctzen und die Abwehrkr\u00e4fte des K\u00f6rpers gegen Krankheitserreger st\u00e4rken.<\/p>\n<p>Der Extrakt zeichnet sich auch durch seine Wirkung<strong>zur Unterst\u00fctzung des Verdauungssystems<\/strong> aus. Dank seiner Eigenschaften kann er helfen, den Verdauungstrakt zu regulieren, Magenbeschwerden zu lindern und die allgemeine Verdauungsfunktion zu verbessern.<\/p>\n<p><strong>Anmeldung<\/strong><\/p>\n<p>Der Extrakt der Chinesischen Passionsblume findet seinen Platz in der Herstellung einer breiten Palette von Nahrungserg\u00e4nzungsmitteln f\u00fcr diejenigen, die eine nat\u00fcrliche Unterst\u00fctzung zur Erhaltung der Gesundheit suchen. Es wird besonders in Formeln zur Unterst\u00fctzung des Immunsystems, der Verdauungsgesundheit und als Bestandteil von antibakteriellen und entz\u00fcndungshemmenden Produkten gesch\u00e4tzt.<\/p>\n<p>&nbsp;<\/p>\n","protected":false},"excerpt":{"rendered":"<p>Der Extrakt aus der Chinesischen Passionsblume<em>(Pulsatilla chinensis<\/em>) ist ein Rohstoff, der aus dem Rhizom dieser Pflanze gewonnen wird. Der Extrakt wird f\u00fcr seine F\u00e4higkeit gesch\u00e4tzt, die nat\u00fcrlichen Abwehrmechanismen des K\u00f6rpers zu unterst\u00fctzen und f\u00fcr seine entz\u00fcndungshemmenden und antibakteriellen Eigenschaften.<\/p>\n","protected":false},"featured_media":30916,"template":"","meta":{"_acf_changed":false},"product_brand":[],"product_cat":[385],"product_tag":[],"class_list":{"0":"post-31478","1":"product","2":"type-product","3":"status-publish","4":"has-post-thumbnail","6":"product_cat-pflanzenextrakte","7":"pa_certyfikaty-halal-de","8":"pa_certyfikaty-koscher-zertifizierung","9":"pa_czesc-rosliny-rhizom","11":"first","12":"instock","13":"shipping-taxable","14":"product-type-simple"},"acf":[],"yoast_head":"<!-- This site is optimized with the Yoast SEO plugin v27.4 - https:\/\/yoast.com\/product\/yoast-seo-wordpress\/ -->\n<title>Extrakt aus der Bl\u00fcte der Chinesischen Pampelmuse (Pulsatilla chinensis) - Gro\u00dfhandelsvertrieb<\/title>\n<meta name=\"description\" content=\"Der Extrakt aus chinesischer Wiesenschaumkraut (Pulsatilla chinensis) ist ein gesch\u00e4tzter Bestandteil im Bereich der nat\u00fcrlichen Gesundheitserg\u00e4nzungen.\" \/>\n<meta name=\"robots\" content=\"index, follow, max-snippet:-1, max-image-preview:large, max-video-preview:-1\" \/>\n<link rel=\"canonical\" href=\"https:\/\/naturalpoland.com\/de\/produkte\/pflanzenextrakte\/extrakt-aus-der-bluete-der-chinesischen-pampelmuse-pulsatilla-chinensis\/\" \/>\n<meta property=\"og:locale\" content=\"de_DE\" \/>\n<meta property=\"og:type\" content=\"article\" \/>\n<meta property=\"og:title\" content=\"Extrakt aus der Bl\u00fcte der Chinesischen Pampelmuse (Pulsatilla chinensis) - Gro\u00dfhandelsvertrieb\" \/>\n<meta property=\"og:description\" content=\"Der Extrakt aus chinesischer Wiesenschaumkraut (Pulsatilla chinensis) ist ein gesch\u00e4tzter Bestandteil im Bereich der nat\u00fcrlichen Gesundheitserg\u00e4nzungen.\" \/>\n<meta property=\"og:url\" content=\"https:\/\/naturalpoland.com\/de\/produkte\/pflanzenextrakte\/extrakt-aus-der-bluete-der-chinesischen-pampelmuse-pulsatilla-chinensis\/\" \/>\n<meta property=\"og:site_name\" content=\"NATURAL POLAND - IMPORT UND HANDEL VON ROHSTOFFEN\" \/>\n<meta property=\"article:publisher\" content=\"https:\/\/www.facebook.com\/naturalpoland.b2b\" \/>\n<meta property=\"og:image\" content=\"https:\/\/naturalpoland.com\/wp-content\/uploads\/pulsatilla_chinensis_extract.webp\" \/>\n\t<meta property=\"og:image:width\" content=\"1024\" \/>\n\t<meta property=\"og:image:height\" content=\"1024\" \/>\n\t<meta property=\"og:image:type\" content=\"image\/webp\" \/>\n<script type=\"application\/ld+json\" class=\"yoast-schema-graph\">{\"@context\":\"https:\\\/\\\/schema.org\",\"@graph\":[{\"@type\":\"WebPage\",\"@id\":\"https:\\\/\\\/naturalpoland.com\\\/de\\\/produkte\\\/pflanzenextrakte\\\/extrakt-aus-der-bluete-der-chinesischen-pampelmuse-pulsatilla-chinensis\\\/\",\"url\":\"https:\\\/\\\/naturalpoland.com\\\/de\\\/produkte\\\/pflanzenextrakte\\\/extrakt-aus-der-bluete-der-chinesischen-pampelmuse-pulsatilla-chinensis\\\/\",\"name\":\"Extrakt aus der Bl\u00fcte der Chinesischen Pampelmuse (Pulsatilla chinensis) - Gro\u00dfhandelsvertrieb\",\"isPartOf\":{\"@id\":\"https:\\\/\\\/naturalpoland.com\\\/de\\\/#website\"},\"primaryImageOfPage\":{\"@id\":\"https:\\\/\\\/naturalpoland.com\\\/de\\\/produkte\\\/pflanzenextrakte\\\/extrakt-aus-der-bluete-der-chinesischen-pampelmuse-pulsatilla-chinensis\\\/#primaryimage\"},\"image\":{\"@id\":\"https:\\\/\\\/naturalpoland.com\\\/de\\\/produkte\\\/pflanzenextrakte\\\/extrakt-aus-der-bluete-der-chinesischen-pampelmuse-pulsatilla-chinensis\\\/#primaryimage\"},\"thumbnailUrl\":\"https:\\\/\\\/naturalpoland.com\\\/wp-content\\\/uploads\\\/pulsatilla_chinensis_extract.webp\",\"datePublished\":\"2024-04-29T12:04:26+00:00\",\"description\":\"Der Extrakt aus chinesischer Wiesenschaumkraut (Pulsatilla chinensis) ist ein gesch\u00e4tzter Bestandteil im Bereich der nat\u00fcrlichen Gesundheitserg\u00e4nzungen.\",\"breadcrumb\":{\"@id\":\"https:\\\/\\\/naturalpoland.com\\\/de\\\/produkte\\\/pflanzenextrakte\\\/extrakt-aus-der-bluete-der-chinesischen-pampelmuse-pulsatilla-chinensis\\\/#breadcrumb\"},\"inLanguage\":\"de\",\"potentialAction\":[{\"@type\":\"ReadAction\",\"target\":[\"https:\\\/\\\/naturalpoland.com\\\/de\\\/produkte\\\/pflanzenextrakte\\\/extrakt-aus-der-bluete-der-chinesischen-pampelmuse-pulsatilla-chinensis\\\/\"]}]},{\"@type\":\"ImageObject\",\"inLanguage\":\"de\",\"@id\":\"https:\\\/\\\/naturalpoland.com\\\/de\\\/produkte\\\/pflanzenextrakte\\\/extrakt-aus-der-bluete-der-chinesischen-pampelmuse-pulsatilla-chinensis\\\/#primaryimage\",\"url\":\"https:\\\/\\\/naturalpoland.com\\\/wp-content\\\/uploads\\\/pulsatilla_chinensis_extract.webp\",\"contentUrl\":\"https:\\\/\\\/naturalpoland.com\\\/wp-content\\\/uploads\\\/pulsatilla_chinensis_extract.webp\",\"width\":1024,\"height\":1024,\"caption\":\"Ekstrakt z sasanki chi\u0144skiej\"},{\"@type\":\"BreadcrumbList\",\"@id\":\"https:\\\/\\\/naturalpoland.com\\\/de\\\/produkte\\\/pflanzenextrakte\\\/extrakt-aus-der-bluete-der-chinesischen-pampelmuse-pulsatilla-chinensis\\\/#breadcrumb\",\"itemListElement\":[{\"@type\":\"ListItem\",\"position\":1,\"name\":\"Startseite\",\"item\":\"https:\\\/\\\/naturalpoland.com\\\/de\\\/\"},{\"@type\":\"ListItem\",\"position\":2,\"name\":\"Produkte\",\"item\":\"https:\\\/\\\/naturalpoland.com\\\/de\\\/produkte\\\/\"},{\"@type\":\"ListItem\",\"position\":3,\"name\":\"Extrakt aus der Bl\u00fcte der Chinesischen Pampelmuse (Pulsatilla chinensis)\"}]},{\"@type\":\"WebSite\",\"@id\":\"https:\\\/\\\/naturalpoland.com\\\/de\\\/#website\",\"url\":\"https:\\\/\\\/naturalpoland.com\\\/de\\\/\",\"name\":\"NATURAL POLAND - IMPORT UND HANDEL VON ROHSTOFFEN\",\"description\":\"Rohstoffe f\u00fcr die Lebensmittelindustrie, Kosmetikindustrie, Pharmaindustrie\",\"publisher\":{\"@id\":\"https:\\\/\\\/naturalpoland.com\\\/de\\\/#organization\"},\"potentialAction\":[{\"@type\":\"SearchAction\",\"target\":{\"@type\":\"EntryPoint\",\"urlTemplate\":\"https:\\\/\\\/naturalpoland.com\\\/de\\\/?s={search_term_string}\"},\"query-input\":{\"@type\":\"PropertyValueSpecification\",\"valueRequired\":true,\"valueName\":\"search_term_string\"}}],\"inLanguage\":\"de\"},{\"@type\":\"Organization\",\"@id\":\"https:\\\/\\\/naturalpoland.com\\\/de\\\/#organization\",\"name\":\"Natural Poland\",\"url\":\"https:\\\/\\\/naturalpoland.com\\\/de\\\/\",\"logo\":{\"@type\":\"ImageObject\",\"inLanguage\":\"de\",\"@id\":\"https:\\\/\\\/naturalpoland.com\\\/de\\\/#\\\/schema\\\/logo\\\/image\\\/\",\"url\":\"https:\\\/\\\/naturalpoland.com\\\/wp-content\\\/uploads\\\/2021\\\/05\\\/natural-poland-icon.png\",\"contentUrl\":\"https:\\\/\\\/naturalpoland.com\\\/wp-content\\\/uploads\\\/2021\\\/05\\\/natural-poland-icon.png\",\"width\":512,\"height\":512,\"caption\":\"Natural Poland\"},\"image\":{\"@id\":\"https:\\\/\\\/naturalpoland.com\\\/de\\\/#\\\/schema\\\/logo\\\/image\\\/\"},\"sameAs\":[\"https:\\\/\\\/www.facebook.com\\\/naturalpoland.b2b\",\"https:\\\/\\\/pl.linkedin.com\\\/company\\\/natural-poland\",\"https:\\\/\\\/www.youtube.com\\\/channel\\\/UCgeGGkvOMahZo-xu_MSEWxg\"]}]}<\/script>\n<!-- \/ Yoast SEO plugin. -->","yoast_head_json":{"title":"Extrakt aus der Bl\u00fcte der Chinesischen Pampelmuse (Pulsatilla chinensis) - Gro\u00dfhandelsvertrieb","description":"Der Extrakt aus chinesischer Wiesenschaumkraut (Pulsatilla chinensis) ist ein gesch\u00e4tzter Bestandteil im Bereich der nat\u00fcrlichen Gesundheitserg\u00e4nzungen.","robots":{"index":"index","follow":"follow","max-snippet":"max-snippet:-1","max-image-preview":"max-image-preview:large","max-video-preview":"max-video-preview:-1"},"canonical":"https:\/\/naturalpoland.com\/de\/produkte\/pflanzenextrakte\/extrakt-aus-der-bluete-der-chinesischen-pampelmuse-pulsatilla-chinensis\/","og_locale":"de_DE","og_type":"article","og_title":"Extrakt aus der Bl\u00fcte der Chinesischen Pampelmuse (Pulsatilla chinensis) - Gro\u00dfhandelsvertrieb","og_description":"Der Extrakt aus chinesischer Wiesenschaumkraut (Pulsatilla chinensis) ist ein gesch\u00e4tzter Bestandteil im Bereich der nat\u00fcrlichen Gesundheitserg\u00e4nzungen.","og_url":"https:\/\/naturalpoland.com\/de\/produkte\/pflanzenextrakte\/extrakt-aus-der-bluete-der-chinesischen-pampelmuse-pulsatilla-chinensis\/","og_site_name":"NATURAL POLAND - IMPORT UND HANDEL VON ROHSTOFFEN","article_publisher":"https:\/\/www.facebook.com\/naturalpoland.b2b","og_image":[{"width":1024,"height":1024,"url":"https:\/\/naturalpoland.com\/wp-content\/uploads\/pulsatilla_chinensis_extract.webp","type":"image\/webp"}],"schema":{"@context":"https:\/\/schema.org","@graph":[{"@type":"WebPage","@id":"https:\/\/naturalpoland.com\/de\/produkte\/pflanzenextrakte\/extrakt-aus-der-bluete-der-chinesischen-pampelmuse-pulsatilla-chinensis\/","url":"https:\/\/naturalpoland.com\/de\/produkte\/pflanzenextrakte\/extrakt-aus-der-bluete-der-chinesischen-pampelmuse-pulsatilla-chinensis\/","name":"Extrakt aus der Bl\u00fcte der Chinesischen Pampelmuse (Pulsatilla chinensis) - Gro\u00dfhandelsvertrieb","isPartOf":{"@id":"https:\/\/naturalpoland.com\/de\/#website"},"primaryImageOfPage":{"@id":"https:\/\/naturalpoland.com\/de\/produkte\/pflanzenextrakte\/extrakt-aus-der-bluete-der-chinesischen-pampelmuse-pulsatilla-chinensis\/#primaryimage"},"image":{"@id":"https:\/\/naturalpoland.com\/de\/produkte\/pflanzenextrakte\/extrakt-aus-der-bluete-der-chinesischen-pampelmuse-pulsatilla-chinensis\/#primaryimage"},"thumbnailUrl":"https:\/\/naturalpoland.com\/wp-content\/uploads\/pulsatilla_chinensis_extract.webp","datePublished":"2024-04-29T12:04:26+00:00","description":"Der Extrakt aus chinesischer Wiesenschaumkraut (Pulsatilla chinensis) ist ein gesch\u00e4tzter Bestandteil im Bereich der nat\u00fcrlichen Gesundheitserg\u00e4nzungen.","breadcrumb":{"@id":"https:\/\/naturalpoland.com\/de\/produkte\/pflanzenextrakte\/extrakt-aus-der-bluete-der-chinesischen-pampelmuse-pulsatilla-chinensis\/#breadcrumb"},"inLanguage":"de","potentialAction":[{"@type":"ReadAction","target":["https:\/\/naturalpoland.com\/de\/produkte\/pflanzenextrakte\/extrakt-aus-der-bluete-der-chinesischen-pampelmuse-pulsatilla-chinensis\/"]}]},{"@type":"ImageObject","inLanguage":"de","@id":"https:\/\/naturalpoland.com\/de\/produkte\/pflanzenextrakte\/extrakt-aus-der-bluete-der-chinesischen-pampelmuse-pulsatilla-chinensis\/#primaryimage","url":"https:\/\/naturalpoland.com\/wp-content\/uploads\/pulsatilla_chinensis_extract.webp","contentUrl":"https:\/\/naturalpoland.com\/wp-content\/uploads\/pulsatilla_chinensis_extract.webp","width":1024,"height":1024,"caption":"Ekstrakt z sasanki chi\u0144skiej"},{"@type":"BreadcrumbList","@id":"https:\/\/naturalpoland.com\/de\/produkte\/pflanzenextrakte\/extrakt-aus-der-bluete-der-chinesischen-pampelmuse-pulsatilla-chinensis\/#breadcrumb","itemListElement":[{"@type":"ListItem","position":1,"name":"Startseite","item":"https:\/\/naturalpoland.com\/de\/"},{"@type":"ListItem","position":2,"name":"Produkte","item":"https:\/\/naturalpoland.com\/de\/produkte\/"},{"@type":"ListItem","position":3,"name":"Extrakt aus der Bl\u00fcte der Chinesischen Pampelmuse (Pulsatilla chinensis)"}]},{"@type":"WebSite","@id":"https:\/\/naturalpoland.com\/de\/#website","url":"https:\/\/naturalpoland.com\/de\/","name":"NATURAL POLAND - IMPORT UND HANDEL VON ROHSTOFFEN","description":"Rohstoffe f\u00fcr die Lebensmittelindustrie, Kosmetikindustrie, Pharmaindustrie","publisher":{"@id":"https:\/\/naturalpoland.com\/de\/#organization"},"potentialAction":[{"@type":"SearchAction","target":{"@type":"EntryPoint","urlTemplate":"https:\/\/naturalpoland.com\/de\/?s={search_term_string}"},"query-input":{"@type":"PropertyValueSpecification","valueRequired":true,"valueName":"search_term_string"}}],"inLanguage":"de"},{"@type":"Organization","@id":"https:\/\/naturalpoland.com\/de\/#organization","name":"Natural Poland","url":"https:\/\/naturalpoland.com\/de\/","logo":{"@type":"ImageObject","inLanguage":"de","@id":"https:\/\/naturalpoland.com\/de\/#\/schema\/logo\/image\/","url":"https:\/\/naturalpoland.com\/wp-content\/uploads\/2021\/05\/natural-poland-icon.png","contentUrl":"https:\/\/naturalpoland.com\/wp-content\/uploads\/2021\/05\/natural-poland-icon.png","width":512,"height":512,"caption":"Natural Poland"},"image":{"@id":"https:\/\/naturalpoland.com\/de\/#\/schema\/logo\/image\/"},"sameAs":["https:\/\/www.facebook.com\/naturalpoland.b2b","https:\/\/pl.linkedin.com\/company\/natural-poland","https:\/\/www.youtube.com\/channel\/UCgeGGkvOMahZo-xu_MSEWxg"]}]}},"_links":{"self":[{"href":"https:\/\/naturalpoland.com\/de\/wp-json\/wp\/v2\/product\/31478","targetHints":{"allow":["GET"]}}],"collection":[{"href":"https:\/\/naturalpoland.com\/de\/wp-json\/wp\/v2\/product"}],"about":[{"href":"https:\/\/naturalpoland.com\/de\/wp-json\/wp\/v2\/types\/product"}],"wp:featuredmedia":[{"embeddable":true,"href":"https:\/\/naturalpoland.com\/de\/wp-json\/wp\/v2\/media\/30916"}],"wp:attachment":[{"href":"https:\/\/naturalpoland.com\/de\/wp-json\/wp\/v2\/media?parent=31478"}],"wp:term":[{"taxonomy":"product_brand","embeddable":true,"href":"https:\/\/naturalpoland.com\/de\/wp-json\/wp\/v2\/product_brand?post=31478"},{"taxonomy":"product_cat","embeddable":true,"href":"https:\/\/naturalpoland.com\/de\/wp-json\/wp\/v2\/product_cat?post=31478"},{"taxonomy":"product_tag","embeddable":true,"href":"https:\/\/naturalpoland.com\/de\/wp-json\/wp\/v2\/product_tag?post=31478"}],"curies":[{"name":"wp","href":"https:\/\/api.w.org\/{rel}","templated":true}]}}