{"id":31490,"date":"2024-04-10T12:40:15","date_gmt":"2024-04-10T10:40:15","guid":{"rendered":"https:\/\/naturalpoland.com\/produkty\/unkategorisiert\/maisstaerke\/"},"modified":"2024-08-20T12:06:01","modified_gmt":"2024-08-20T10:06:01","slug":"maisstaerke","status":"publish","type":"product","link":"https:\/\/naturalpoland.com\/de\/produkte\/produkte-der-lebensmittelindustrie\/rohstoffe-fur-die-produktion\/maisstaerke\/","title":{"rendered":"Maisst\u00e4rke"},"content":{"rendered":"<p><strong>Eigenschaften und Verwendung von Maisst\u00e4rke<\/strong><\/p>\n<p>Maisst\u00e4rke ist von wei\u00dfer Farbe und hat einen typischen feinen Geschmack und Geruch. Dank seiner flie\u00dff\u00e4higen und leichten Textur l\u00e4sst er sich leicht in eine Vielzahl von Rezepturen einarbeiten, von Backwaren bis hin zu Desserts und Getr\u00e4nken. Maisst\u00e4rke hat die F\u00e4higkeit, beim Erhitzen ein Gel zu bilden, das zum Andicken von So\u00dfen, Suppen oder Kuchenf\u00fcllungen verwendet wird und gleichzeitig f\u00fcr Klarheit und ein gl\u00e4nzendes Finish der Speisen sorgt.<\/p>\n<p>In der <a href=\"https:\/\/naturalpoland.com\/de\/kategorie\/produkte-fur-die-pharmaindustrie\/\">pharmazeutischen Industrie<\/a> wird Maisst\u00e4rke als F\u00fcllstoff in Tabletten und Kapseln verwendet. Sie dient als Tr\u00e4gersubstanz f\u00fcr medizinische Wirkstoffe und erleichtert deren Dosierung und Freisetzung.<\/p>\n<p>Seine feuchtigkeitsbindenden Eigenschaften machen es au\u00dferdem zu einem gesch\u00e4tzten Inhaltsstoff <strong>in der Kosmetikherstellung<\/strong>, wo es zur Kontrolle der Viskosit\u00e4t von Produkten und als nat\u00fcrliches Absorptionsmittel f\u00fcr \u00fcbersch\u00fcssigen Talg auf der Haut verwendet wird.<\/p>\n<p><strong>Sicherheit<\/strong><\/p>\n<p>Das Produkt hat au\u00dferdem ein g\u00fcnstiges Sicherheitsprofil. Die Maisst\u00e4rke ist frei von GVO und wird ohne Konservierungsstoffe hergestellt. Physikalisch-chemische Kontrollen best\u00e4tigen einen niedrigen Feuchtigkeits-, Asche- und Proteingehalt, was auf eine hohe Reinheit der Zutat hinweist. Dar\u00fcber hinaus erf\u00fcllt die St\u00e4rke strenge Standards f\u00fcr den Gehalt an Schwermetallen und Mykotoxinen, was eine sichere Verwendung garantiert.<\/p>\n<hr \/>\n<h3>N\u00e4hrwertangaben<\/h3>\n<table>\n<tbody>\n<tr>\n<td><b>N\u00e4hrwert des Produkts<\/b><\/td>\n<td><b>in 100g<\/b><\/td>\n<\/tr>\n<tr>\n<td>Energiewert<\/td>\n<td>1493 kJ \/ 351 kcal<\/td>\n<\/tr>\n<tr>\n<td>Fett<\/td>\n<td>0 g<\/td>\n<\/tr>\n<tr>\n<td>davon ges\u00e4ttigte Fetts\u00e4uren<\/td>\n<td>0 g<\/td>\n<\/tr>\n<tr>\n<td>Kohlenhydrate<\/td>\n<td>86,8 g<\/td>\n<\/tr>\n<tr>\n<td>davon Zucker<\/td>\n<td>0,9 g<\/td>\n<\/tr>\n<tr>\n<td>Faser<\/td>\n<td>1,7 g<\/td>\n<\/tr>\n<tr>\n<td>Protein<\/td>\n<td>0,2 g<\/td>\n<\/tr>\n<tr>\n<td>Salz *<\/td>\n<td>0,01 g<\/td>\n<\/tr>\n<\/tbody>\n<\/table>\n<p>*Der Salzgehalt ist ausschlie\u00dflich auf das Vorhandensein von nat\u00fcrlich vorkommendem Natrium zur\u00fcckzuf\u00fchren.<\/p>\n","protected":false},"excerpt":{"rendered":"<p>Maisst\u00e4rke ist eine vielseitige Zutat, die in der Lebensmittel-, Pharma- und Kosmetikindustrie einen guten Ruf genie\u00dft. Es ist ein nat\u00fcrliches Polymer, das aus Maisk\u00f6rnern gewonnen wird.<\/p>\n","protected":false},"featured_media":31371,"template":"","meta":{"_acf_changed":false},"product_brand":[],"product_cat":[349],"product_tag":[],"class_list":{"0":"post-31490","1":"product","2":"type-product","3":"status-publish","4":"has-post-thumbnail","6":"product_cat-rohstoffe-fur-die-produktion","8":"first","9":"instock","10":"shipping-taxable","11":"product-type-simple"},"acf":[],"yoast_head":"<!-- This site is optimized with the Yoast SEO plugin v27.4 - https:\/\/yoast.com\/product\/yoast-seo-wordpress\/ -->\n<title>Maisst\u00e4rke - NATURAL POLAND - IMPORT UND HANDEL VON ROHSTOFFEN<\/title>\n<meta name=\"description\" content=\"Dank ihrer Eigenschaften ist Maisst\u00e4rke eine wichtige Zutat f\u00fcr Hersteller, die hochwertige Produkte herstellen wollen.\" \/>\n<meta name=\"robots\" content=\"index, follow, max-snippet:-1, max-image-preview:large, max-video-preview:-1\" \/>\n<link rel=\"canonical\" href=\"https:\/\/naturalpoland.com\/de\/produkte\/produkte-der-lebensmittelindustrie\/rohstoffe-fur-die-produktion\/maisstaerke\/\" \/>\n<meta property=\"og:locale\" content=\"de_DE\" \/>\n<meta property=\"og:type\" content=\"article\" \/>\n<meta property=\"og:title\" content=\"Maisst\u00e4rke - NATURAL POLAND - IMPORT UND HANDEL VON ROHSTOFFEN\" \/>\n<meta property=\"og:description\" content=\"Dank ihrer Eigenschaften ist Maisst\u00e4rke eine wichtige Zutat f\u00fcr Hersteller, die hochwertige Produkte herstellen wollen.\" \/>\n<meta property=\"og:url\" content=\"https:\/\/naturalpoland.com\/de\/produkte\/produkte-der-lebensmittelindustrie\/rohstoffe-fur-die-produktion\/maisstaerke\/\" \/>\n<meta property=\"og:site_name\" content=\"NATURAL POLAND - IMPORT UND HANDEL VON ROHSTOFFEN\" \/>\n<meta property=\"article:publisher\" content=\"https:\/\/www.facebook.com\/naturalpoland.b2b\" \/>\n<meta property=\"article:modified_time\" content=\"2024-08-20T10:06:01+00:00\" \/>\n<meta property=\"og:image\" content=\"https:\/\/naturalpoland.com\/wp-content\/uploads\/skrobia-kukurydziana-1.jpg\" \/>\n\t<meta property=\"og:image:width\" content=\"500\" \/>\n\t<meta property=\"og:image:height\" content=\"500\" \/>\n\t<meta property=\"og:image:type\" content=\"image\/jpeg\" \/>\n<script type=\"application\/ld+json\" class=\"yoast-schema-graph\">{\"@context\":\"https:\\\/\\\/schema.org\",\"@graph\":[{\"@type\":\"WebPage\",\"@id\":\"https:\\\/\\\/naturalpoland.com\\\/de\\\/produkte\\\/produkte-der-lebensmittelindustrie\\\/rohstoffe-fur-die-produktion\\\/maisstaerke\\\/\",\"url\":\"https:\\\/\\\/naturalpoland.com\\\/de\\\/produkte\\\/produkte-der-lebensmittelindustrie\\\/rohstoffe-fur-die-produktion\\\/maisstaerke\\\/\",\"name\":\"Maisst\u00e4rke - NATURAL POLAND - IMPORT UND HANDEL VON ROHSTOFFEN\",\"isPartOf\":{\"@id\":\"https:\\\/\\\/naturalpoland.com\\\/de\\\/#website\"},\"primaryImageOfPage\":{\"@id\":\"https:\\\/\\\/naturalpoland.com\\\/de\\\/produkte\\\/produkte-der-lebensmittelindustrie\\\/rohstoffe-fur-die-produktion\\\/maisstaerke\\\/#primaryimage\"},\"image\":{\"@id\":\"https:\\\/\\\/naturalpoland.com\\\/de\\\/produkte\\\/produkte-der-lebensmittelindustrie\\\/rohstoffe-fur-die-produktion\\\/maisstaerke\\\/#primaryimage\"},\"thumbnailUrl\":\"https:\\\/\\\/naturalpoland.com\\\/wp-content\\\/uploads\\\/skrobia-kukurydziana-1.jpg\",\"datePublished\":\"2024-04-10T10:40:15+00:00\",\"dateModified\":\"2024-08-20T10:06:01+00:00\",\"description\":\"Dank ihrer Eigenschaften ist Maisst\u00e4rke eine wichtige Zutat f\u00fcr Hersteller, die hochwertige Produkte herstellen wollen.\",\"breadcrumb\":{\"@id\":\"https:\\\/\\\/naturalpoland.com\\\/de\\\/produkte\\\/produkte-der-lebensmittelindustrie\\\/rohstoffe-fur-die-produktion\\\/maisstaerke\\\/#breadcrumb\"},\"inLanguage\":\"de\",\"potentialAction\":[{\"@type\":\"ReadAction\",\"target\":[\"https:\\\/\\\/naturalpoland.com\\\/de\\\/produkte\\\/produkte-der-lebensmittelindustrie\\\/rohstoffe-fur-die-produktion\\\/maisstaerke\\\/\"]}]},{\"@type\":\"ImageObject\",\"inLanguage\":\"de\",\"@id\":\"https:\\\/\\\/naturalpoland.com\\\/de\\\/produkte\\\/produkte-der-lebensmittelindustrie\\\/rohstoffe-fur-die-produktion\\\/maisstaerke\\\/#primaryimage\",\"url\":\"https:\\\/\\\/naturalpoland.com\\\/wp-content\\\/uploads\\\/skrobia-kukurydziana-1.jpg\",\"contentUrl\":\"https:\\\/\\\/naturalpoland.com\\\/wp-content\\\/uploads\\\/skrobia-kukurydziana-1.jpg\",\"width\":500,\"height\":500,\"caption\":\"skrobia kukurydziana\"},{\"@type\":\"BreadcrumbList\",\"@id\":\"https:\\\/\\\/naturalpoland.com\\\/de\\\/produkte\\\/produkte-der-lebensmittelindustrie\\\/rohstoffe-fur-die-produktion\\\/maisstaerke\\\/#breadcrumb\",\"itemListElement\":[{\"@type\":\"ListItem\",\"position\":1,\"name\":\"Startseite\",\"item\":\"https:\\\/\\\/naturalpoland.com\\\/de\\\/\"},{\"@type\":\"ListItem\",\"position\":2,\"name\":\"Produkte\",\"item\":\"https:\\\/\\\/naturalpoland.com\\\/de\\\/produkte\\\/\"},{\"@type\":\"ListItem\",\"position\":3,\"name\":\"Maisst\u00e4rke\"}]},{\"@type\":\"WebSite\",\"@id\":\"https:\\\/\\\/naturalpoland.com\\\/de\\\/#website\",\"url\":\"https:\\\/\\\/naturalpoland.com\\\/de\\\/\",\"name\":\"NATURAL POLAND - IMPORT UND HANDEL VON ROHSTOFFEN\",\"description\":\"Rohstoffe f\u00fcr die Lebensmittelindustrie, Kosmetikindustrie, Pharmaindustrie\",\"publisher\":{\"@id\":\"https:\\\/\\\/naturalpoland.com\\\/de\\\/#organization\"},\"potentialAction\":[{\"@type\":\"SearchAction\",\"target\":{\"@type\":\"EntryPoint\",\"urlTemplate\":\"https:\\\/\\\/naturalpoland.com\\\/de\\\/?s={search_term_string}\"},\"query-input\":{\"@type\":\"PropertyValueSpecification\",\"valueRequired\":true,\"valueName\":\"search_term_string\"}}],\"inLanguage\":\"de\"},{\"@type\":\"Organization\",\"@id\":\"https:\\\/\\\/naturalpoland.com\\\/de\\\/#organization\",\"name\":\"Natural Poland\",\"url\":\"https:\\\/\\\/naturalpoland.com\\\/de\\\/\",\"logo\":{\"@type\":\"ImageObject\",\"inLanguage\":\"de\",\"@id\":\"https:\\\/\\\/naturalpoland.com\\\/de\\\/#\\\/schema\\\/logo\\\/image\\\/\",\"url\":\"https:\\\/\\\/naturalpoland.com\\\/wp-content\\\/uploads\\\/2021\\\/05\\\/natural-poland-icon.png\",\"contentUrl\":\"https:\\\/\\\/naturalpoland.com\\\/wp-content\\\/uploads\\\/2021\\\/05\\\/natural-poland-icon.png\",\"width\":512,\"height\":512,\"caption\":\"Natural Poland\"},\"image\":{\"@id\":\"https:\\\/\\\/naturalpoland.com\\\/de\\\/#\\\/schema\\\/logo\\\/image\\\/\"},\"sameAs\":[\"https:\\\/\\\/www.facebook.com\\\/naturalpoland.b2b\",\"https:\\\/\\\/pl.linkedin.com\\\/company\\\/natural-poland\",\"https:\\\/\\\/www.youtube.com\\\/channel\\\/UCgeGGkvOMahZo-xu_MSEWxg\"]}]}<\/script>\n<!-- \/ Yoast SEO plugin. -->","yoast_head_json":{"title":"Maisst\u00e4rke - NATURAL POLAND - IMPORT UND HANDEL VON ROHSTOFFEN","description":"Dank ihrer Eigenschaften ist Maisst\u00e4rke eine wichtige Zutat f\u00fcr Hersteller, die hochwertige Produkte herstellen wollen.","robots":{"index":"index","follow":"follow","max-snippet":"max-snippet:-1","max-image-preview":"max-image-preview:large","max-video-preview":"max-video-preview:-1"},"canonical":"https:\/\/naturalpoland.com\/de\/produkte\/produkte-der-lebensmittelindustrie\/rohstoffe-fur-die-produktion\/maisstaerke\/","og_locale":"de_DE","og_type":"article","og_title":"Maisst\u00e4rke - NATURAL POLAND - IMPORT UND HANDEL VON ROHSTOFFEN","og_description":"Dank ihrer Eigenschaften ist Maisst\u00e4rke eine wichtige Zutat f\u00fcr Hersteller, die hochwertige Produkte herstellen wollen.","og_url":"https:\/\/naturalpoland.com\/de\/produkte\/produkte-der-lebensmittelindustrie\/rohstoffe-fur-die-produktion\/maisstaerke\/","og_site_name":"NATURAL POLAND - IMPORT UND HANDEL VON ROHSTOFFEN","article_publisher":"https:\/\/www.facebook.com\/naturalpoland.b2b","article_modified_time":"2024-08-20T10:06:01+00:00","og_image":[{"width":500,"height":500,"url":"https:\/\/naturalpoland.com\/wp-content\/uploads\/skrobia-kukurydziana-1.jpg","type":"image\/jpeg"}],"schema":{"@context":"https:\/\/schema.org","@graph":[{"@type":"WebPage","@id":"https:\/\/naturalpoland.com\/de\/produkte\/produkte-der-lebensmittelindustrie\/rohstoffe-fur-die-produktion\/maisstaerke\/","url":"https:\/\/naturalpoland.com\/de\/produkte\/produkte-der-lebensmittelindustrie\/rohstoffe-fur-die-produktion\/maisstaerke\/","name":"Maisst\u00e4rke - NATURAL POLAND - IMPORT UND HANDEL VON ROHSTOFFEN","isPartOf":{"@id":"https:\/\/naturalpoland.com\/de\/#website"},"primaryImageOfPage":{"@id":"https:\/\/naturalpoland.com\/de\/produkte\/produkte-der-lebensmittelindustrie\/rohstoffe-fur-die-produktion\/maisstaerke\/#primaryimage"},"image":{"@id":"https:\/\/naturalpoland.com\/de\/produkte\/produkte-der-lebensmittelindustrie\/rohstoffe-fur-die-produktion\/maisstaerke\/#primaryimage"},"thumbnailUrl":"https:\/\/naturalpoland.com\/wp-content\/uploads\/skrobia-kukurydziana-1.jpg","datePublished":"2024-04-10T10:40:15+00:00","dateModified":"2024-08-20T10:06:01+00:00","description":"Dank ihrer Eigenschaften ist Maisst\u00e4rke eine wichtige Zutat f\u00fcr Hersteller, die hochwertige Produkte herstellen wollen.","breadcrumb":{"@id":"https:\/\/naturalpoland.com\/de\/produkte\/produkte-der-lebensmittelindustrie\/rohstoffe-fur-die-produktion\/maisstaerke\/#breadcrumb"},"inLanguage":"de","potentialAction":[{"@type":"ReadAction","target":["https:\/\/naturalpoland.com\/de\/produkte\/produkte-der-lebensmittelindustrie\/rohstoffe-fur-die-produktion\/maisstaerke\/"]}]},{"@type":"ImageObject","inLanguage":"de","@id":"https:\/\/naturalpoland.com\/de\/produkte\/produkte-der-lebensmittelindustrie\/rohstoffe-fur-die-produktion\/maisstaerke\/#primaryimage","url":"https:\/\/naturalpoland.com\/wp-content\/uploads\/skrobia-kukurydziana-1.jpg","contentUrl":"https:\/\/naturalpoland.com\/wp-content\/uploads\/skrobia-kukurydziana-1.jpg","width":500,"height":500,"caption":"skrobia kukurydziana"},{"@type":"BreadcrumbList","@id":"https:\/\/naturalpoland.com\/de\/produkte\/produkte-der-lebensmittelindustrie\/rohstoffe-fur-die-produktion\/maisstaerke\/#breadcrumb","itemListElement":[{"@type":"ListItem","position":1,"name":"Startseite","item":"https:\/\/naturalpoland.com\/de\/"},{"@type":"ListItem","position":2,"name":"Produkte","item":"https:\/\/naturalpoland.com\/de\/produkte\/"},{"@type":"ListItem","position":3,"name":"Maisst\u00e4rke"}]},{"@type":"WebSite","@id":"https:\/\/naturalpoland.com\/de\/#website","url":"https:\/\/naturalpoland.com\/de\/","name":"NATURAL POLAND - IMPORT UND HANDEL VON ROHSTOFFEN","description":"Rohstoffe f\u00fcr die Lebensmittelindustrie, Kosmetikindustrie, Pharmaindustrie","publisher":{"@id":"https:\/\/naturalpoland.com\/de\/#organization"},"potentialAction":[{"@type":"SearchAction","target":{"@type":"EntryPoint","urlTemplate":"https:\/\/naturalpoland.com\/de\/?s={search_term_string}"},"query-input":{"@type":"PropertyValueSpecification","valueRequired":true,"valueName":"search_term_string"}}],"inLanguage":"de"},{"@type":"Organization","@id":"https:\/\/naturalpoland.com\/de\/#organization","name":"Natural Poland","url":"https:\/\/naturalpoland.com\/de\/","logo":{"@type":"ImageObject","inLanguage":"de","@id":"https:\/\/naturalpoland.com\/de\/#\/schema\/logo\/image\/","url":"https:\/\/naturalpoland.com\/wp-content\/uploads\/2021\/05\/natural-poland-icon.png","contentUrl":"https:\/\/naturalpoland.com\/wp-content\/uploads\/2021\/05\/natural-poland-icon.png","width":512,"height":512,"caption":"Natural Poland"},"image":{"@id":"https:\/\/naturalpoland.com\/de\/#\/schema\/logo\/image\/"},"sameAs":["https:\/\/www.facebook.com\/naturalpoland.b2b","https:\/\/pl.linkedin.com\/company\/natural-poland","https:\/\/www.youtube.com\/channel\/UCgeGGkvOMahZo-xu_MSEWxg"]}]}},"_links":{"self":[{"href":"https:\/\/naturalpoland.com\/de\/wp-json\/wp\/v2\/product\/31490","targetHints":{"allow":["GET"]}}],"collection":[{"href":"https:\/\/naturalpoland.com\/de\/wp-json\/wp\/v2\/product"}],"about":[{"href":"https:\/\/naturalpoland.com\/de\/wp-json\/wp\/v2\/types\/product"}],"wp:featuredmedia":[{"embeddable":true,"href":"https:\/\/naturalpoland.com\/de\/wp-json\/wp\/v2\/media\/31371"}],"wp:attachment":[{"href":"https:\/\/naturalpoland.com\/de\/wp-json\/wp\/v2\/media?parent=31490"}],"wp:term":[{"taxonomy":"product_brand","embeddable":true,"href":"https:\/\/naturalpoland.com\/de\/wp-json\/wp\/v2\/product_brand?post=31490"},{"taxonomy":"product_cat","embeddable":true,"href":"https:\/\/naturalpoland.com\/de\/wp-json\/wp\/v2\/product_cat?post=31490"},{"taxonomy":"product_tag","embeddable":true,"href":"https:\/\/naturalpoland.com\/de\/wp-json\/wp\/v2\/product_tag?post=31490"}],"curies":[{"name":"wp","href":"https:\/\/api.w.org\/{rel}","templated":true}]}}