{"id":31501,"date":"2024-04-10T11:44:06","date_gmt":"2024-04-29T12:11:59","guid":{"rendered":"https:\/\/naturalpoland.com\/produkty\/unkategorisiert\/extrakt-aus-afrikanischen-mangosamen\/"},"modified":"2024-04-29T14:11:59","modified_gmt":"2024-04-29T12:11:59","slug":"extrakt-aus-afrikanischen-mangosamen","status":"publish","type":"product","link":"https:\/\/naturalpoland.com\/de\/produkte\/pflanzenextrakte\/extrakt-aus-afrikanischen-mangosamen\/","title":{"rendered":"Extrakt aus afrikanischen Mangosamen"},"content":{"rendered":"<p>Der Extrakt wird aus den Samen ausgew\u00e4hlter afrikanischer Mangos gewonnen. Es kann in einer Vielzahl von Formulierungen von Nahrungserg\u00e4nzungsmitteln und Gesundheitsprodukten verwendet werden.<\/p>\n<p><strong>Die antioxidative Wirkung des<\/strong> afrikanischen Mangosamenextrakts hat einen direkten Einfluss auf die kardiovaskul\u00e4re Gesundheit und die Regulierung des Blutzuckerspiegels. Dank dieser Eigenschaften wird das Produkt zur Vorbeugung von Zivilisationskrankheiten wie Diabetes Typ 2 und Herzkrankheiten eingesetzt. Dar\u00fcber hinaus unterst\u00fctzen die im Extrakt enthaltenen Flavone die Stoffwechselprozesse, was zu einer effektiveren Gewichtskontrolle beitragen und die allgemeine K\u00f6rperkondition verbessern kann.<\/p>\n<p>Die <strong>Verwendung von afrikanischem Mangosamenextrakt<\/strong> ist nicht auf Nahrungserg\u00e4nzungsmittel beschr\u00e4nkt. Seine einzigartigen Eigenschaften machen es auch zu einem gesch\u00e4tzten Inhaltsstoff in Naturkosmetika, wo seine antioxidative und regenerative Wirkung dazu beitragen kann, das Aussehen und den Zustand der Haut zu verbessern.<\/p>\n<p>F\u00fcr die Hersteller von Gesundheits- und Sch\u00f6nheitsprodukten bietet der afrikanische Mangosamenextrakt die M\u00f6glichkeit, ihr Angebot mit innovativen Formulierungen zu bereichern und so der wachsenden Nachfrage der Verbraucher nach Produkten auf der Basis nat\u00fcrlicher Inhaltsstoffe zu entsprechen. Seine vielseitige Verwendung in Verbindung mit seinen in der Forschung nachgewiesenen Eigenschaften machen diesen Extrakt zu einer wertvollen Investition in die Entwicklung von Spitzenprodukten.<\/p>\n","protected":false},"excerpt":{"rendered":"<p>Afrikanischer Mangosamenextrakt ist ein wertvoller Bestandteil von Nahrungserg\u00e4nzungsmitteln, der f\u00fcr seine einzigartigen gesundheitlichen Eigenschaften gesch\u00e4tzt wird. Extrahiert aus <strong><br \/>\n  <em>Irvingia Gabonensis<\/em><br \/>\n<\/strong>einer im afrikanischen Regenwald beheimateten Pflanze, ist dieser Extrakt eine reiche Quelle von <strong><br \/>\n  <a href=\"https:\/\/naturalpoland.com\/artykuly\/produkty-naturalne\/czym-sa-i-jak-dzialaja-flawonoidy\/\">Flavonen<\/a><br \/>\n<\/strong>. Sein Gehalt betr\u00e4gt mehr als 10%, was durch UV-Tests best\u00e4tigt wurde.<\/p>\n","protected":false},"featured_media":30888,"template":"","meta":[],"product_brand":[],"product_cat":[385],"product_tag":[],"class_list":{"0":"post-31501","1":"product","2":"type-product","3":"status-publish","4":"has-post-thumbnail","6":"product_cat-pflanzenextrakte","7":"pa_certyfikaty-halal-de","8":"pa_certyfikaty-koscher-zertifizierung","10":"first","11":"instock","12":"shipping-taxable","13":"product-type-simple"},"yoast_head":"<!-- This site is optimized with the Yoast SEO plugin v27.4 - https:\/\/yoast.com\/product\/yoast-seo-wordpress\/ -->\n<title>Extrakt aus afrikanischen Mangosamen - Gro\u00dfhandelsvertrieb<\/title>\n<meta name=\"description\" content=\"Afrikanischer Mangosamenextrakt bietet die M\u00f6glichkeit, das Sortiment mit innovativen Formulierungen auf der Basis nat\u00fcrlicher Inhaltsstoffe zu erweitern.\" \/>\n<meta name=\"robots\" content=\"index, follow, max-snippet:-1, max-image-preview:large, max-video-preview:-1\" \/>\n<link rel=\"canonical\" href=\"https:\/\/naturalpoland.com\/de\/produkte\/pflanzenextrakte\/extrakt-aus-afrikanischen-mangosamen\/\" \/>\n<meta property=\"og:locale\" content=\"de_DE\" \/>\n<meta property=\"og:type\" content=\"article\" \/>\n<meta property=\"og:title\" content=\"Extrakt aus afrikanischen Mangosamen - Gro\u00dfhandelsvertrieb\" \/>\n<meta property=\"og:description\" content=\"Afrikanischer Mangosamenextrakt bietet die M\u00f6glichkeit, das Sortiment mit innovativen Formulierungen auf der Basis nat\u00fcrlicher Inhaltsstoffe zu erweitern.\" \/>\n<meta property=\"og:url\" content=\"https:\/\/naturalpoland.com\/de\/produkte\/pflanzenextrakte\/extrakt-aus-afrikanischen-mangosamen\/\" \/>\n<meta property=\"og:site_name\" content=\"NATURAL POLAND - IMPORT UND HANDEL VON ROHSTOFFEN\" \/>\n<meta property=\"article:publisher\" content=\"https:\/\/www.facebook.com\/naturalpoland.b2b\" \/>\n<meta property=\"og:image\" content=\"https:\/\/naturalpoland.com\/wp-content\/uploads\/african_mango_seed_extract.webp\" \/>\n\t<meta property=\"og:image:width\" content=\"700\" \/>\n\t<meta property=\"og:image:height\" content=\"700\" \/>\n\t<meta property=\"og:image:type\" content=\"image\/webp\" \/>\n<script type=\"application\/ld+json\" class=\"yoast-schema-graph\">{\"@context\":\"https:\\\/\\\/schema.org\",\"@graph\":[{\"@type\":\"WebPage\",\"@id\":\"https:\\\/\\\/naturalpoland.com\\\/de\\\/produkte\\\/pflanzenextrakte\\\/extrakt-aus-afrikanischen-mangosamen\\\/\",\"url\":\"https:\\\/\\\/naturalpoland.com\\\/de\\\/produkte\\\/pflanzenextrakte\\\/extrakt-aus-afrikanischen-mangosamen\\\/\",\"name\":\"Extrakt aus afrikanischen Mangosamen - Gro\u00dfhandelsvertrieb\",\"isPartOf\":{\"@id\":\"https:\\\/\\\/naturalpoland.com\\\/de\\\/#website\"},\"primaryImageOfPage\":{\"@id\":\"https:\\\/\\\/naturalpoland.com\\\/de\\\/produkte\\\/pflanzenextrakte\\\/extrakt-aus-afrikanischen-mangosamen\\\/#primaryimage\"},\"image\":{\"@id\":\"https:\\\/\\\/naturalpoland.com\\\/de\\\/produkte\\\/pflanzenextrakte\\\/extrakt-aus-afrikanischen-mangosamen\\\/#primaryimage\"},\"thumbnailUrl\":\"https:\\\/\\\/naturalpoland.com\\\/wp-content\\\/uploads\\\/african_mango_seed_extract.webp\",\"datePublished\":\"2024-04-29T12:11:59+00:00\",\"description\":\"Afrikanischer Mangosamenextrakt bietet die M\u00f6glichkeit, das Sortiment mit innovativen Formulierungen auf der Basis nat\u00fcrlicher Inhaltsstoffe zu erweitern.\",\"breadcrumb\":{\"@id\":\"https:\\\/\\\/naturalpoland.com\\\/de\\\/produkte\\\/pflanzenextrakte\\\/extrakt-aus-afrikanischen-mangosamen\\\/#breadcrumb\"},\"inLanguage\":\"de\",\"potentialAction\":[{\"@type\":\"ReadAction\",\"target\":[\"https:\\\/\\\/naturalpoland.com\\\/de\\\/produkte\\\/pflanzenextrakte\\\/extrakt-aus-afrikanischen-mangosamen\\\/\"]}]},{\"@type\":\"ImageObject\",\"inLanguage\":\"de\",\"@id\":\"https:\\\/\\\/naturalpoland.com\\\/de\\\/produkte\\\/pflanzenextrakte\\\/extrakt-aus-afrikanischen-mangosamen\\\/#primaryimage\",\"url\":\"https:\\\/\\\/naturalpoland.com\\\/wp-content\\\/uploads\\\/african_mango_seed_extract.webp\",\"contentUrl\":\"https:\\\/\\\/naturalpoland.com\\\/wp-content\\\/uploads\\\/african_mango_seed_extract.webp\",\"width\":700,\"height\":700,\"caption\":\"Ekstrakt z nasion afryka\u0144skiego mango\"},{\"@type\":\"BreadcrumbList\",\"@id\":\"https:\\\/\\\/naturalpoland.com\\\/de\\\/produkte\\\/pflanzenextrakte\\\/extrakt-aus-afrikanischen-mangosamen\\\/#breadcrumb\",\"itemListElement\":[{\"@type\":\"ListItem\",\"position\":1,\"name\":\"Startseite\",\"item\":\"https:\\\/\\\/naturalpoland.com\\\/de\\\/\"},{\"@type\":\"ListItem\",\"position\":2,\"name\":\"Produkte\",\"item\":\"https:\\\/\\\/naturalpoland.com\\\/de\\\/produkte\\\/\"},{\"@type\":\"ListItem\",\"position\":3,\"name\":\"Extrakt aus afrikanischen Mangosamen\"}]},{\"@type\":\"WebSite\",\"@id\":\"https:\\\/\\\/naturalpoland.com\\\/de\\\/#website\",\"url\":\"https:\\\/\\\/naturalpoland.com\\\/de\\\/\",\"name\":\"NATURAL POLAND - IMPORT UND HANDEL VON ROHSTOFFEN\",\"description\":\"Rohstoffe f\u00fcr die Lebensmittelindustrie, Kosmetikindustrie, Pharmaindustrie\",\"publisher\":{\"@id\":\"https:\\\/\\\/naturalpoland.com\\\/de\\\/#organization\"},\"potentialAction\":[{\"@type\":\"SearchAction\",\"target\":{\"@type\":\"EntryPoint\",\"urlTemplate\":\"https:\\\/\\\/naturalpoland.com\\\/de\\\/?s={search_term_string}\"},\"query-input\":{\"@type\":\"PropertyValueSpecification\",\"valueRequired\":true,\"valueName\":\"search_term_string\"}}],\"inLanguage\":\"de\"},{\"@type\":\"Organization\",\"@id\":\"https:\\\/\\\/naturalpoland.com\\\/de\\\/#organization\",\"name\":\"Natural Poland\",\"url\":\"https:\\\/\\\/naturalpoland.com\\\/de\\\/\",\"logo\":{\"@type\":\"ImageObject\",\"inLanguage\":\"de\",\"@id\":\"https:\\\/\\\/naturalpoland.com\\\/de\\\/#\\\/schema\\\/logo\\\/image\\\/\",\"url\":\"https:\\\/\\\/naturalpoland.com\\\/wp-content\\\/uploads\\\/2021\\\/05\\\/natural-poland-icon.png\",\"contentUrl\":\"https:\\\/\\\/naturalpoland.com\\\/wp-content\\\/uploads\\\/2021\\\/05\\\/natural-poland-icon.png\",\"width\":512,\"height\":512,\"caption\":\"Natural Poland\"},\"image\":{\"@id\":\"https:\\\/\\\/naturalpoland.com\\\/de\\\/#\\\/schema\\\/logo\\\/image\\\/\"},\"sameAs\":[\"https:\\\/\\\/www.facebook.com\\\/naturalpoland.b2b\",\"https:\\\/\\\/pl.linkedin.com\\\/company\\\/natural-poland\",\"https:\\\/\\\/www.youtube.com\\\/channel\\\/UCgeGGkvOMahZo-xu_MSEWxg\"]}]}<\/script>\n<!-- \/ Yoast SEO plugin. -->","yoast_head_json":{"title":"Extrakt aus afrikanischen Mangosamen - Gro\u00dfhandelsvertrieb","description":"Afrikanischer Mangosamenextrakt bietet die M\u00f6glichkeit, das Sortiment mit innovativen Formulierungen auf der Basis nat\u00fcrlicher Inhaltsstoffe zu erweitern.","robots":{"index":"index","follow":"follow","max-snippet":"max-snippet:-1","max-image-preview":"max-image-preview:large","max-video-preview":"max-video-preview:-1"},"canonical":"https:\/\/naturalpoland.com\/de\/produkte\/pflanzenextrakte\/extrakt-aus-afrikanischen-mangosamen\/","og_locale":"de_DE","og_type":"article","og_title":"Extrakt aus afrikanischen Mangosamen - Gro\u00dfhandelsvertrieb","og_description":"Afrikanischer Mangosamenextrakt bietet die M\u00f6glichkeit, das Sortiment mit innovativen Formulierungen auf der Basis nat\u00fcrlicher Inhaltsstoffe zu erweitern.","og_url":"https:\/\/naturalpoland.com\/de\/produkte\/pflanzenextrakte\/extrakt-aus-afrikanischen-mangosamen\/","og_site_name":"NATURAL POLAND - IMPORT UND HANDEL VON ROHSTOFFEN","article_publisher":"https:\/\/www.facebook.com\/naturalpoland.b2b","og_image":[{"width":700,"height":700,"url":"https:\/\/naturalpoland.com\/wp-content\/uploads\/african_mango_seed_extract.webp","type":"image\/webp"}],"schema":{"@context":"https:\/\/schema.org","@graph":[{"@type":"WebPage","@id":"https:\/\/naturalpoland.com\/de\/produkte\/pflanzenextrakte\/extrakt-aus-afrikanischen-mangosamen\/","url":"https:\/\/naturalpoland.com\/de\/produkte\/pflanzenextrakte\/extrakt-aus-afrikanischen-mangosamen\/","name":"Extrakt aus afrikanischen Mangosamen - Gro\u00dfhandelsvertrieb","isPartOf":{"@id":"https:\/\/naturalpoland.com\/de\/#website"},"primaryImageOfPage":{"@id":"https:\/\/naturalpoland.com\/de\/produkte\/pflanzenextrakte\/extrakt-aus-afrikanischen-mangosamen\/#primaryimage"},"image":{"@id":"https:\/\/naturalpoland.com\/de\/produkte\/pflanzenextrakte\/extrakt-aus-afrikanischen-mangosamen\/#primaryimage"},"thumbnailUrl":"https:\/\/naturalpoland.com\/wp-content\/uploads\/african_mango_seed_extract.webp","datePublished":"2024-04-29T12:11:59+00:00","description":"Afrikanischer Mangosamenextrakt bietet die M\u00f6glichkeit, das Sortiment mit innovativen Formulierungen auf der Basis nat\u00fcrlicher Inhaltsstoffe zu erweitern.","breadcrumb":{"@id":"https:\/\/naturalpoland.com\/de\/produkte\/pflanzenextrakte\/extrakt-aus-afrikanischen-mangosamen\/#breadcrumb"},"inLanguage":"de","potentialAction":[{"@type":"ReadAction","target":["https:\/\/naturalpoland.com\/de\/produkte\/pflanzenextrakte\/extrakt-aus-afrikanischen-mangosamen\/"]}]},{"@type":"ImageObject","inLanguage":"de","@id":"https:\/\/naturalpoland.com\/de\/produkte\/pflanzenextrakte\/extrakt-aus-afrikanischen-mangosamen\/#primaryimage","url":"https:\/\/naturalpoland.com\/wp-content\/uploads\/african_mango_seed_extract.webp","contentUrl":"https:\/\/naturalpoland.com\/wp-content\/uploads\/african_mango_seed_extract.webp","width":700,"height":700,"caption":"Ekstrakt z nasion afryka\u0144skiego mango"},{"@type":"BreadcrumbList","@id":"https:\/\/naturalpoland.com\/de\/produkte\/pflanzenextrakte\/extrakt-aus-afrikanischen-mangosamen\/#breadcrumb","itemListElement":[{"@type":"ListItem","position":1,"name":"Startseite","item":"https:\/\/naturalpoland.com\/de\/"},{"@type":"ListItem","position":2,"name":"Produkte","item":"https:\/\/naturalpoland.com\/de\/produkte\/"},{"@type":"ListItem","position":3,"name":"Extrakt aus afrikanischen Mangosamen"}]},{"@type":"WebSite","@id":"https:\/\/naturalpoland.com\/de\/#website","url":"https:\/\/naturalpoland.com\/de\/","name":"NATURAL POLAND - IMPORT UND HANDEL VON ROHSTOFFEN","description":"Rohstoffe f\u00fcr die Lebensmittelindustrie, Kosmetikindustrie, Pharmaindustrie","publisher":{"@id":"https:\/\/naturalpoland.com\/de\/#organization"},"potentialAction":[{"@type":"SearchAction","target":{"@type":"EntryPoint","urlTemplate":"https:\/\/naturalpoland.com\/de\/?s={search_term_string}"},"query-input":{"@type":"PropertyValueSpecification","valueRequired":true,"valueName":"search_term_string"}}],"inLanguage":"de"},{"@type":"Organization","@id":"https:\/\/naturalpoland.com\/de\/#organization","name":"Natural Poland","url":"https:\/\/naturalpoland.com\/de\/","logo":{"@type":"ImageObject","inLanguage":"de","@id":"https:\/\/naturalpoland.com\/de\/#\/schema\/logo\/image\/","url":"https:\/\/naturalpoland.com\/wp-content\/uploads\/2021\/05\/natural-poland-icon.png","contentUrl":"https:\/\/naturalpoland.com\/wp-content\/uploads\/2021\/05\/natural-poland-icon.png","width":512,"height":512,"caption":"Natural Poland"},"image":{"@id":"https:\/\/naturalpoland.com\/de\/#\/schema\/logo\/image\/"},"sameAs":["https:\/\/www.facebook.com\/naturalpoland.b2b","https:\/\/pl.linkedin.com\/company\/natural-poland","https:\/\/www.youtube.com\/channel\/UCgeGGkvOMahZo-xu_MSEWxg"]}]}},"_links":{"self":[{"href":"https:\/\/naturalpoland.com\/de\/wp-json\/wp\/v2\/product\/31501","targetHints":{"allow":["GET"]}}],"collection":[{"href":"https:\/\/naturalpoland.com\/de\/wp-json\/wp\/v2\/product"}],"about":[{"href":"https:\/\/naturalpoland.com\/de\/wp-json\/wp\/v2\/types\/product"}],"wp:featuredmedia":[{"embeddable":true,"href":"https:\/\/naturalpoland.com\/de\/wp-json\/wp\/v2\/media\/30888"}],"wp:attachment":[{"href":"https:\/\/naturalpoland.com\/de\/wp-json\/wp\/v2\/media?parent=31501"}],"wp:term":[{"taxonomy":"product_brand","embeddable":true,"href":"https:\/\/naturalpoland.com\/de\/wp-json\/wp\/v2\/product_brand?post=31501"},{"taxonomy":"product_cat","embeddable":true,"href":"https:\/\/naturalpoland.com\/de\/wp-json\/wp\/v2\/product_cat?post=31501"},{"taxonomy":"product_tag","embeddable":true,"href":"https:\/\/naturalpoland.com\/de\/wp-json\/wp\/v2\/product_tag?post=31501"}],"curies":[{"name":"wp","href":"https:\/\/api.w.org\/{rel}","templated":true}]}}