{"id":31522,"date":"2024-02-22T16:32:29","date_gmt":"2024-04-29T12:45:41","guid":{"rendered":"https:\/\/naturalpoland.com\/produkty\/unkategorisiert\/schisandra-frucht-extrakt\/"},"modified":"2024-04-29T14:45:41","modified_gmt":"2024-04-29T12:45:41","slug":"schisandra-frucht-extrakt","status":"publish","type":"product","link":"https:\/\/naturalpoland.com\/de\/produkte\/pflanzenextrakte\/schisandra-frucht-extrakt\/","title":{"rendered":"Schisandra-Frucht-Extrakt"},"content":{"rendered":"<p>Schisandra-Frucht-Extrakt hat die Form eines nat\u00fcrlichen, fein gemahlenen Pulvers mit einer br\u00e4unlich-gelben Farbe und einem charakteristischen Geruch und Geschmack. Es wird aus getrockneten Schisandra-Fr\u00fcchten hergestellt. Seine ausgezeichnete Wasserl\u00f6slichkeit erleichtert die Verwendung in einer Vielzahl von Formen, wodurch es bequem und einfach zu verwenden ist.<\/p>\n<p>Der Extrakt wird mit Wasser als Extraktionsl\u00f6sungsmittel gewonnen, was die Sicherheit und den Erhalt der nat\u00fcrlichen Eigenschaften des Rohstoffs garantiert. Der Zusatz von %-10% Maltodextrin sorgt f\u00fcr die Stabilit\u00e4t und die richtige Textur des Produkts und unterstreicht gleichzeitig seine hohe Qualit\u00e4t. Charakteristisch ist, dass 95% des Extrakts durch ein 80-Mesh-Sieb fallen, was seine ausgezeichnete Konsistenz und Homogenit\u00e4t beweist.<\/p>\n<p>Der Wassergehalt des Produkts ist gering, wie ein Trocknungsverlust von 3,68% zeigt, und der Aschegehalt liegt bei 3,74%, was die Reinheit und hohe Qualit\u00e4t des Extrakts weiter best\u00e4tigt. Die Verwendung von 100% nat\u00fcrlichen, getrockneten Schisandra-Fr\u00fcchten, ohne Zusatz- oder F\u00fcllstoffe, unterstreicht die Nat\u00fcrlichkeit und den Fokus auf den N\u00e4hrwert.<\/p>\n<h2>Eigenschaften von Schisandra-Frucht-Extrakt<\/h2>\n<p>Der Extrakt aus der Schisandra-Frucht wird f\u00fcr seine <strong>adaptogenen Eigenschaften<\/strong> gesch\u00e4tzt, die dem K\u00f6rper helfen, Stress zu bew\u00e4ltigen und die Konzentration und die k\u00f6rperliche Ausdauer zu verbessern. Es ist ideal f\u00fcr alle, die nach nat\u00fcrlichen Methoden suchen, um ihr allgemeines Wohlbefinden zu verbessern und ihre Lebensenergie zu steigern.<\/p>\n<p>Wenn Sie sich f\u00fcr Schisandra-Frucht-Extrakt entscheiden, entscheiden Sie sich f\u00fcr eine nat\u00fcrliche Unterst\u00fctzung Ihres K\u00f6rpers und genie\u00dfen gleichzeitig die einfache Anwendung und den angenehmen Geschmack des Produkts. Es ist eine ausgezeichnete Wahl f\u00fcr alle, die ihre Ern\u00e4hrung mit einer hochwertigen, nat\u00fcrlichen Zutat zur Unterst\u00fctzung von Gesundheit und Wohlbefinden bereichern m\u00f6chten.<\/p>\n","protected":false},"excerpt":{"rendered":"<p>Der Extrakt aus der Schisandra-Frucht, der direkt aus China stammt, ist ein einzigartiges Naturprodukt, das aufgrund seiner einzigartigen Eigenschaften weltweite Anerkennung gefunden hat.<\/p>\n","protected":false},"featured_media":30503,"template":"","meta":{"_acf_changed":false},"product_brand":[],"product_cat":[385],"product_tag":[],"class_list":{"0":"post-31522","1":"product","2":"type-product","3":"status-publish","4":"has-post-thumbnail","6":"product_cat-pflanzenextrakte","7":"pa_czesc-rosliny-obst","9":"first","10":"instock","11":"shipping-taxable","12":"product-type-simple"},"acf":[],"yoast_head":"<!-- This site is optimized with the Yoast SEO plugin v27.5 - https:\/\/yoast.com\/product\/yoast-seo-wordpress\/ -->\n<title>Schisandra-Frucht-Extrakt - Gro\u00dfhandelsvertrieb<\/title>\n<meta name=\"description\" content=\"Der Extrakt aus der Schisandra-Frucht wird f\u00fcr seine adaptogenen Eigenschaften gesch\u00e4tzt, die dem K\u00f6rper helfen, Stress zu bew\u00e4ltigen.\" \/>\n<meta name=\"robots\" content=\"index, follow, max-snippet:-1, max-image-preview:large, max-video-preview:-1\" \/>\n<link rel=\"canonical\" href=\"https:\/\/naturalpoland.com\/de\/produkte\/pflanzenextrakte\/schisandra-frucht-extrakt\/\" \/>\n<meta property=\"og:locale\" content=\"de_DE\" \/>\n<meta property=\"og:type\" content=\"article\" \/>\n<meta property=\"og:title\" content=\"Schisandra-Frucht-Extrakt - Gro\u00dfhandelsvertrieb\" \/>\n<meta property=\"og:description\" content=\"Der Extrakt aus der Schisandra-Frucht wird f\u00fcr seine adaptogenen Eigenschaften gesch\u00e4tzt, die dem K\u00f6rper helfen, Stress zu bew\u00e4ltigen.\" \/>\n<meta property=\"og:url\" content=\"https:\/\/naturalpoland.com\/de\/produkte\/pflanzenextrakte\/schisandra-frucht-extrakt\/\" \/>\n<meta property=\"og:site_name\" content=\"NATURAL POLAND - IMPORT UND HANDEL VON ROHSTOFFEN\" \/>\n<meta property=\"article:publisher\" content=\"https:\/\/www.facebook.com\/naturalpoland.b2b\" \/>\n<meta property=\"og:image\" content=\"https:\/\/naturalpoland.com\/wp-content\/uploads\/schisandra_berry_extract.webp\" \/>\n\t<meta property=\"og:image:width\" content=\"350\" \/>\n\t<meta property=\"og:image:height\" content=\"350\" \/>\n\t<meta property=\"og:image:type\" content=\"image\/webp\" \/>\n<script type=\"application\/ld+json\" class=\"yoast-schema-graph\">{\"@context\":\"https:\\\/\\\/schema.org\",\"@graph\":[{\"@type\":\"WebPage\",\"@id\":\"https:\\\/\\\/naturalpoland.com\\\/de\\\/produkte\\\/pflanzenextrakte\\\/schisandra-frucht-extrakt\\\/\",\"url\":\"https:\\\/\\\/naturalpoland.com\\\/de\\\/produkte\\\/pflanzenextrakte\\\/schisandra-frucht-extrakt\\\/\",\"name\":\"Schisandra-Frucht-Extrakt - Gro\u00dfhandelsvertrieb\",\"isPartOf\":{\"@id\":\"https:\\\/\\\/naturalpoland.com\\\/de\\\/#website\"},\"primaryImageOfPage\":{\"@id\":\"https:\\\/\\\/naturalpoland.com\\\/de\\\/produkte\\\/pflanzenextrakte\\\/schisandra-frucht-extrakt\\\/#primaryimage\"},\"image\":{\"@id\":\"https:\\\/\\\/naturalpoland.com\\\/de\\\/produkte\\\/pflanzenextrakte\\\/schisandra-frucht-extrakt\\\/#primaryimage\"},\"thumbnailUrl\":\"https:\\\/\\\/naturalpoland.com\\\/wp-content\\\/uploads\\\/schisandra_berry_extract.webp\",\"datePublished\":\"2024-04-29T12:45:41+00:00\",\"description\":\"Der Extrakt aus der Schisandra-Frucht wird f\u00fcr seine adaptogenen Eigenschaften gesch\u00e4tzt, die dem K\u00f6rper helfen, Stress zu bew\u00e4ltigen.\",\"breadcrumb\":{\"@id\":\"https:\\\/\\\/naturalpoland.com\\\/de\\\/produkte\\\/pflanzenextrakte\\\/schisandra-frucht-extrakt\\\/#breadcrumb\"},\"inLanguage\":\"de\",\"potentialAction\":[{\"@type\":\"ReadAction\",\"target\":[\"https:\\\/\\\/naturalpoland.com\\\/de\\\/produkte\\\/pflanzenextrakte\\\/schisandra-frucht-extrakt\\\/\"]}]},{\"@type\":\"ImageObject\",\"inLanguage\":\"de\",\"@id\":\"https:\\\/\\\/naturalpoland.com\\\/de\\\/produkte\\\/pflanzenextrakte\\\/schisandra-frucht-extrakt\\\/#primaryimage\",\"url\":\"https:\\\/\\\/naturalpoland.com\\\/wp-content\\\/uploads\\\/schisandra_berry_extract.webp\",\"contentUrl\":\"https:\\\/\\\/naturalpoland.com\\\/wp-content\\\/uploads\\\/schisandra_berry_extract.webp\",\"width\":350,\"height\":350,\"caption\":\"ekstrakt z owoc\u00f3w Schisandra\"},{\"@type\":\"BreadcrumbList\",\"@id\":\"https:\\\/\\\/naturalpoland.com\\\/de\\\/produkte\\\/pflanzenextrakte\\\/schisandra-frucht-extrakt\\\/#breadcrumb\",\"itemListElement\":[{\"@type\":\"ListItem\",\"position\":1,\"name\":\"Startseite\",\"item\":\"https:\\\/\\\/naturalpoland.com\\\/de\\\/\"},{\"@type\":\"ListItem\",\"position\":2,\"name\":\"Produkte\",\"item\":\"https:\\\/\\\/naturalpoland.com\\\/de\\\/produkte\\\/\"},{\"@type\":\"ListItem\",\"position\":3,\"name\":\"Schisandra-Frucht-Extrakt\"}]},{\"@type\":\"WebSite\",\"@id\":\"https:\\\/\\\/naturalpoland.com\\\/de\\\/#website\",\"url\":\"https:\\\/\\\/naturalpoland.com\\\/de\\\/\",\"name\":\"NATURAL POLAND - IMPORT UND HANDEL VON ROHSTOFFEN\",\"description\":\"Rohstoffe f\u00fcr die Lebensmittelindustrie, Kosmetikindustrie, Pharmaindustrie\",\"publisher\":{\"@id\":\"https:\\\/\\\/naturalpoland.com\\\/de\\\/#organization\"},\"potentialAction\":[{\"@type\":\"SearchAction\",\"target\":{\"@type\":\"EntryPoint\",\"urlTemplate\":\"https:\\\/\\\/naturalpoland.com\\\/de\\\/?s={search_term_string}\"},\"query-input\":{\"@type\":\"PropertyValueSpecification\",\"valueRequired\":true,\"valueName\":\"search_term_string\"}}],\"inLanguage\":\"de\"},{\"@type\":\"Organization\",\"@id\":\"https:\\\/\\\/naturalpoland.com\\\/de\\\/#organization\",\"name\":\"Natural Poland\",\"url\":\"https:\\\/\\\/naturalpoland.com\\\/de\\\/\",\"logo\":{\"@type\":\"ImageObject\",\"inLanguage\":\"de\",\"@id\":\"https:\\\/\\\/naturalpoland.com\\\/de\\\/#\\\/schema\\\/logo\\\/image\\\/\",\"url\":\"https:\\\/\\\/naturalpoland.com\\\/wp-content\\\/uploads\\\/2021\\\/05\\\/natural-poland-icon.png\",\"contentUrl\":\"https:\\\/\\\/naturalpoland.com\\\/wp-content\\\/uploads\\\/2021\\\/05\\\/natural-poland-icon.png\",\"width\":512,\"height\":512,\"caption\":\"Natural Poland\"},\"image\":{\"@id\":\"https:\\\/\\\/naturalpoland.com\\\/de\\\/#\\\/schema\\\/logo\\\/image\\\/\"},\"sameAs\":[\"https:\\\/\\\/www.facebook.com\\\/naturalpoland.b2b\",\"https:\\\/\\\/pl.linkedin.com\\\/company\\\/natural-poland\",\"https:\\\/\\\/www.youtube.com\\\/channel\\\/UCgeGGkvOMahZo-xu_MSEWxg\"]}]}<\/script>\n<!-- \/ Yoast SEO plugin. -->","yoast_head_json":{"title":"Schisandra-Frucht-Extrakt - Gro\u00dfhandelsvertrieb","description":"Der Extrakt aus der Schisandra-Frucht wird f\u00fcr seine adaptogenen Eigenschaften gesch\u00e4tzt, die dem K\u00f6rper helfen, Stress zu bew\u00e4ltigen.","robots":{"index":"index","follow":"follow","max-snippet":"max-snippet:-1","max-image-preview":"max-image-preview:large","max-video-preview":"max-video-preview:-1"},"canonical":"https:\/\/naturalpoland.com\/de\/produkte\/pflanzenextrakte\/schisandra-frucht-extrakt\/","og_locale":"de_DE","og_type":"article","og_title":"Schisandra-Frucht-Extrakt - Gro\u00dfhandelsvertrieb","og_description":"Der Extrakt aus der Schisandra-Frucht wird f\u00fcr seine adaptogenen Eigenschaften gesch\u00e4tzt, die dem K\u00f6rper helfen, Stress zu bew\u00e4ltigen.","og_url":"https:\/\/naturalpoland.com\/de\/produkte\/pflanzenextrakte\/schisandra-frucht-extrakt\/","og_site_name":"NATURAL POLAND - IMPORT UND HANDEL VON ROHSTOFFEN","article_publisher":"https:\/\/www.facebook.com\/naturalpoland.b2b","og_image":[{"width":350,"height":350,"url":"https:\/\/naturalpoland.com\/wp-content\/uploads\/schisandra_berry_extract.webp","type":"image\/webp"}],"schema":{"@context":"https:\/\/schema.org","@graph":[{"@type":"WebPage","@id":"https:\/\/naturalpoland.com\/de\/produkte\/pflanzenextrakte\/schisandra-frucht-extrakt\/","url":"https:\/\/naturalpoland.com\/de\/produkte\/pflanzenextrakte\/schisandra-frucht-extrakt\/","name":"Schisandra-Frucht-Extrakt - Gro\u00dfhandelsvertrieb","isPartOf":{"@id":"https:\/\/naturalpoland.com\/de\/#website"},"primaryImageOfPage":{"@id":"https:\/\/naturalpoland.com\/de\/produkte\/pflanzenextrakte\/schisandra-frucht-extrakt\/#primaryimage"},"image":{"@id":"https:\/\/naturalpoland.com\/de\/produkte\/pflanzenextrakte\/schisandra-frucht-extrakt\/#primaryimage"},"thumbnailUrl":"https:\/\/naturalpoland.com\/wp-content\/uploads\/schisandra_berry_extract.webp","datePublished":"2024-04-29T12:45:41+00:00","description":"Der Extrakt aus der Schisandra-Frucht wird f\u00fcr seine adaptogenen Eigenschaften gesch\u00e4tzt, die dem K\u00f6rper helfen, Stress zu bew\u00e4ltigen.","breadcrumb":{"@id":"https:\/\/naturalpoland.com\/de\/produkte\/pflanzenextrakte\/schisandra-frucht-extrakt\/#breadcrumb"},"inLanguage":"de","potentialAction":[{"@type":"ReadAction","target":["https:\/\/naturalpoland.com\/de\/produkte\/pflanzenextrakte\/schisandra-frucht-extrakt\/"]}]},{"@type":"ImageObject","inLanguage":"de","@id":"https:\/\/naturalpoland.com\/de\/produkte\/pflanzenextrakte\/schisandra-frucht-extrakt\/#primaryimage","url":"https:\/\/naturalpoland.com\/wp-content\/uploads\/schisandra_berry_extract.webp","contentUrl":"https:\/\/naturalpoland.com\/wp-content\/uploads\/schisandra_berry_extract.webp","width":350,"height":350,"caption":"ekstrakt z owoc\u00f3w Schisandra"},{"@type":"BreadcrumbList","@id":"https:\/\/naturalpoland.com\/de\/produkte\/pflanzenextrakte\/schisandra-frucht-extrakt\/#breadcrumb","itemListElement":[{"@type":"ListItem","position":1,"name":"Startseite","item":"https:\/\/naturalpoland.com\/de\/"},{"@type":"ListItem","position":2,"name":"Produkte","item":"https:\/\/naturalpoland.com\/de\/produkte\/"},{"@type":"ListItem","position":3,"name":"Schisandra-Frucht-Extrakt"}]},{"@type":"WebSite","@id":"https:\/\/naturalpoland.com\/de\/#website","url":"https:\/\/naturalpoland.com\/de\/","name":"NATURAL POLAND - IMPORT UND HANDEL VON ROHSTOFFEN","description":"Rohstoffe f\u00fcr die Lebensmittelindustrie, Kosmetikindustrie, Pharmaindustrie","publisher":{"@id":"https:\/\/naturalpoland.com\/de\/#organization"},"potentialAction":[{"@type":"SearchAction","target":{"@type":"EntryPoint","urlTemplate":"https:\/\/naturalpoland.com\/de\/?s={search_term_string}"},"query-input":{"@type":"PropertyValueSpecification","valueRequired":true,"valueName":"search_term_string"}}],"inLanguage":"de"},{"@type":"Organization","@id":"https:\/\/naturalpoland.com\/de\/#organization","name":"Natural Poland","url":"https:\/\/naturalpoland.com\/de\/","logo":{"@type":"ImageObject","inLanguage":"de","@id":"https:\/\/naturalpoland.com\/de\/#\/schema\/logo\/image\/","url":"https:\/\/naturalpoland.com\/wp-content\/uploads\/2021\/05\/natural-poland-icon.png","contentUrl":"https:\/\/naturalpoland.com\/wp-content\/uploads\/2021\/05\/natural-poland-icon.png","width":512,"height":512,"caption":"Natural Poland"},"image":{"@id":"https:\/\/naturalpoland.com\/de\/#\/schema\/logo\/image\/"},"sameAs":["https:\/\/www.facebook.com\/naturalpoland.b2b","https:\/\/pl.linkedin.com\/company\/natural-poland","https:\/\/www.youtube.com\/channel\/UCgeGGkvOMahZo-xu_MSEWxg"]}]}},"_links":{"self":[{"href":"https:\/\/naturalpoland.com\/de\/wp-json\/wp\/v2\/product\/31522","targetHints":{"allow":["GET"]}}],"collection":[{"href":"https:\/\/naturalpoland.com\/de\/wp-json\/wp\/v2\/product"}],"about":[{"href":"https:\/\/naturalpoland.com\/de\/wp-json\/wp\/v2\/types\/product"}],"wp:featuredmedia":[{"embeddable":true,"href":"https:\/\/naturalpoland.com\/de\/wp-json\/wp\/v2\/media\/30503"}],"wp:attachment":[{"href":"https:\/\/naturalpoland.com\/de\/wp-json\/wp\/v2\/media?parent=31522"}],"wp:term":[{"taxonomy":"product_brand","embeddable":true,"href":"https:\/\/naturalpoland.com\/de\/wp-json\/wp\/v2\/product_brand?post=31522"},{"taxonomy":"product_cat","embeddable":true,"href":"https:\/\/naturalpoland.com\/de\/wp-json\/wp\/v2\/product_cat?post=31522"},{"taxonomy":"product_tag","embeddable":true,"href":"https:\/\/naturalpoland.com\/de\/wp-json\/wp\/v2\/product_tag?post=31522"}],"curies":[{"name":"wp","href":"https:\/\/api.w.org\/{rel}","templated":true}]}}