{"id":31533,"date":"2023-10-11T10:25:55","date_gmt":"2024-04-29T12:58:34","guid":{"rendered":"https:\/\/naturalpoland.com\/produkty\/unkategorisiert\/tauroursodeoxycholsaeure-tudca\/"},"modified":"2024-04-29T14:58:34","modified_gmt":"2024-04-29T12:58:34","slug":"tauroursodeoxycholsaeure-tudca","status":"publish","type":"product","link":"https:\/\/naturalpoland.com\/de\/produkte\/produkte-fur-die-pharmaindustrie\/nahrungserganzungmittel\/tauroursodeoxycholsaeure-tudca\/","title":{"rendered":"Tauroursodeoxychols\u00e4ure (TUDCA)"},"content":{"rendered":"<p>Tauroursodeoxychols\u00e4ure (TUDCA) ist die konjugierte Form von Ursodeoxychols\u00e4ure (UDCA), die von Gallens\u00e4uren abgeleitet ist, die ein nat\u00fcrlicher Bestandteil der von der Leber produzierten Galle sind. Dieses Produkt wird h\u00e4ufig als Nahrungserg\u00e4nzungsmittel verwendet, insbesondere von Sportlern und Menschen mit einem aktiven Lebensstil.<\/p>\n<h3><strong>Eigenschaften und Verwendung von TUDCA:<\/strong><\/h3>\n<ul>\n<li><strong>Unterst\u00fctzung der Leber: <\/strong>TUDCA ist ein wichtiger Bestandteil, der die Entgiftung und den Schutz der Leber unterst\u00fctzt, ihre normale Funktion gew\u00e4hrleistet und Sch\u00e4den verhindert. Es ist ein beliebtes Produkt bei Sportlern, insbesondere bei denen, die Nahrungserg\u00e4nzungsmittel oder Medikamente verwenden, die die Leber belasten k\u00f6nnen, wie z.B. Anabolika.<\/li>\n<li><strong>Schutz der Nervenzellen: <\/strong>zeigt die F\u00e4higkeit, Nervenzellen vor oxidativem Stress und Toxizit\u00e4t (z.B. bei k\u00f6rperlicher Aktivit\u00e4t) zu sch\u00fctzen, was im Zusammenhang mit verschiedenen neurologischen Erkrankungen von Vorteil sein kann.<\/li>\n<li><strong>Augengesundheit: <\/strong>TUDCA unterst\u00fctzt die Gesundheit der Netzhaut und wird auf seine F\u00e4higkeit untersucht, das Risiko verschiedener Augenkrankheiten, einschlie\u00dflich Retinopathie und Makuladegeneration, zu minimieren.<\/li>\n<li><strong>Entz\u00fcndungshemmende Wirkung: <\/strong>Regelm\u00e4\u00dfiger Sport kann Entz\u00fcndungen im K\u00f6rper hervorrufen. TUDCA hat eine entz\u00fcndungshemmende Wirkung, was f\u00fcr Sportler, die eine schnelle Erholung anstreben und chronischen Entz\u00fcndungen vorbeugen wollen, von Vorteil ist.<\/li>\n<\/ul>\n<h3><strong>Verwendung von TUDCA zur Nahrungserg\u00e4nzung:<\/strong><\/h3>\n<ul>\n<li>TUDCA wird h\u00e4ufig in Nahrungserg\u00e4nzungsmitteln zur Unterst\u00fctzung der Leberfunktion verwendet, insbesondere im Rahmen von Entgiftungsbehandlungen und zur Unterst\u00fctzung der Leber bei der Einnahme von verschiedenen Nahrungserg\u00e4nzungsmitteln und Medikamenten, die dieses Organ belasten.<\/li>\n<li>Dank seiner einzigartigen Eigenschaften wird TUDCA auch f\u00fcr den Einsatz in adjuvanten Therapien im Zusammenhang mit neurodegenerativen Erkrankungen und zum Schutz der Augen untersucht.<\/li>\n<\/ul>\n","protected":false},"excerpt":{"rendered":"<p>Tauroursodeoxychols\u00e4ure (TUDCA) ist einer der angesehensten und wirksamsten Inhaltsstoffe zur Unterst\u00fctzung einer gesunden Leberfunktion und der allgemeinen Hom\u00f6ostase des K\u00f6rpers.<\/p>\n","protected":false},"featured_media":31307,"template":"","meta":{"_acf_changed":false},"product_brand":[],"product_cat":[373],"product_tag":[],"class_list":{"0":"post-31533","1":"product","2":"type-product","3":"status-publish","4":"has-post-thumbnail","6":"product_cat-nahrungserganzungmittel","8":"first","9":"instock","10":"shipping-taxable","11":"product-type-simple"},"acf":[],"yoast_head":"<!-- This site is optimized with the Yoast SEO plugin v27.5 - https:\/\/yoast.com\/product\/yoast-seo-wordpress\/ -->\n<title>Tauroursodeoxychols\u00e4ure (TUDCA) - Gro\u00dfhandelsvertrieb<\/title>\n<meta name=\"description\" content=\"TUDCA ist ein wertvolles Hilfsmittel zur Unterst\u00fctzung der Lebergesundheit, der Regeneration und der allgemeinen K\u00f6rperhom\u00f6ostase bei intensiver Belastung\" \/>\n<meta name=\"robots\" content=\"index, follow, max-snippet:-1, max-image-preview:large, max-video-preview:-1\" \/>\n<link rel=\"canonical\" href=\"https:\/\/naturalpoland.com\/de\/produkte\/produkte-fur-die-pharmaindustrie\/nahrungserganzungmittel\/tauroursodeoxycholsaeure-tudca\/\" \/>\n<meta property=\"og:locale\" content=\"de_DE\" \/>\n<meta property=\"og:type\" content=\"article\" \/>\n<meta property=\"og:title\" content=\"Tauroursodeoxychols\u00e4ure (TUDCA) - Gro\u00dfhandelsvertrieb\" \/>\n<meta property=\"og:description\" content=\"TUDCA ist ein wertvolles Hilfsmittel zur Unterst\u00fctzung der Lebergesundheit, der Regeneration und der allgemeinen K\u00f6rperhom\u00f6ostase bei intensiver Belastung\" \/>\n<meta property=\"og:url\" content=\"https:\/\/naturalpoland.com\/de\/produkte\/produkte-fur-die-pharmaindustrie\/nahrungserganzungmittel\/tauroursodeoxycholsaeure-tudca\/\" \/>\n<meta property=\"og:site_name\" content=\"NATURAL POLAND - IMPORT UND HANDEL VON ROHSTOFFEN\" \/>\n<meta property=\"article:publisher\" content=\"https:\/\/www.facebook.com\/naturalpoland.b2b\" \/>\n<meta property=\"og:image\" content=\"https:\/\/naturalpoland.com\/wp-content\/uploads\/tauroursodeoxycholic-acid.jpg\" \/>\n\t<meta property=\"og:image:width\" content=\"500\" \/>\n\t<meta property=\"og:image:height\" content=\"500\" \/>\n\t<meta property=\"og:image:type\" content=\"image\/jpeg\" \/>\n<script type=\"application\/ld+json\" class=\"yoast-schema-graph\">{\"@context\":\"https:\\\/\\\/schema.org\",\"@graph\":[{\"@type\":\"WebPage\",\"@id\":\"https:\\\/\\\/naturalpoland.com\\\/de\\\/produkte\\\/produkte-fur-die-pharmaindustrie\\\/nahrungserganzungmittel\\\/tauroursodeoxycholsaeure-tudca\\\/\",\"url\":\"https:\\\/\\\/naturalpoland.com\\\/de\\\/produkte\\\/produkte-fur-die-pharmaindustrie\\\/nahrungserganzungmittel\\\/tauroursodeoxycholsaeure-tudca\\\/\",\"name\":\"Tauroursodeoxychols\u00e4ure (TUDCA) - Gro\u00dfhandelsvertrieb\",\"isPartOf\":{\"@id\":\"https:\\\/\\\/naturalpoland.com\\\/de\\\/#website\"},\"primaryImageOfPage\":{\"@id\":\"https:\\\/\\\/naturalpoland.com\\\/de\\\/produkte\\\/produkte-fur-die-pharmaindustrie\\\/nahrungserganzungmittel\\\/tauroursodeoxycholsaeure-tudca\\\/#primaryimage\"},\"image\":{\"@id\":\"https:\\\/\\\/naturalpoland.com\\\/de\\\/produkte\\\/produkte-fur-die-pharmaindustrie\\\/nahrungserganzungmittel\\\/tauroursodeoxycholsaeure-tudca\\\/#primaryimage\"},\"thumbnailUrl\":\"https:\\\/\\\/naturalpoland.com\\\/wp-content\\\/uploads\\\/tauroursodeoxycholic-acid.jpg\",\"datePublished\":\"2024-04-29T12:58:34+00:00\",\"description\":\"TUDCA ist ein wertvolles Hilfsmittel zur Unterst\u00fctzung der Lebergesundheit, der Regeneration und der allgemeinen K\u00f6rperhom\u00f6ostase bei intensiver Belastung\",\"breadcrumb\":{\"@id\":\"https:\\\/\\\/naturalpoland.com\\\/de\\\/produkte\\\/produkte-fur-die-pharmaindustrie\\\/nahrungserganzungmittel\\\/tauroursodeoxycholsaeure-tudca\\\/#breadcrumb\"},\"inLanguage\":\"de\",\"potentialAction\":[{\"@type\":\"ReadAction\",\"target\":[\"https:\\\/\\\/naturalpoland.com\\\/de\\\/produkte\\\/produkte-fur-die-pharmaindustrie\\\/nahrungserganzungmittel\\\/tauroursodeoxycholsaeure-tudca\\\/\"]}]},{\"@type\":\"ImageObject\",\"inLanguage\":\"de\",\"@id\":\"https:\\\/\\\/naturalpoland.com\\\/de\\\/produkte\\\/produkte-fur-die-pharmaindustrie\\\/nahrungserganzungmittel\\\/tauroursodeoxycholsaeure-tudca\\\/#primaryimage\",\"url\":\"https:\\\/\\\/naturalpoland.com\\\/wp-content\\\/uploads\\\/tauroursodeoxycholic-acid.jpg\",\"contentUrl\":\"https:\\\/\\\/naturalpoland.com\\\/wp-content\\\/uploads\\\/tauroursodeoxycholic-acid.jpg\",\"width\":500,\"height\":500,\"caption\":\"tauroursodeoxycholic acid\"},{\"@type\":\"BreadcrumbList\",\"@id\":\"https:\\\/\\\/naturalpoland.com\\\/de\\\/produkte\\\/produkte-fur-die-pharmaindustrie\\\/nahrungserganzungmittel\\\/tauroursodeoxycholsaeure-tudca\\\/#breadcrumb\",\"itemListElement\":[{\"@type\":\"ListItem\",\"position\":1,\"name\":\"Startseite\",\"item\":\"https:\\\/\\\/naturalpoland.com\\\/de\\\/\"},{\"@type\":\"ListItem\",\"position\":2,\"name\":\"Produkte\",\"item\":\"https:\\\/\\\/naturalpoland.com\\\/de\\\/produkte\\\/\"},{\"@type\":\"ListItem\",\"position\":3,\"name\":\"Tauroursodeoxychols\u00e4ure (TUDCA)\"}]},{\"@type\":\"WebSite\",\"@id\":\"https:\\\/\\\/naturalpoland.com\\\/de\\\/#website\",\"url\":\"https:\\\/\\\/naturalpoland.com\\\/de\\\/\",\"name\":\"NATURAL POLAND - IMPORT UND HANDEL VON ROHSTOFFEN\",\"description\":\"Rohstoffe f\u00fcr die Lebensmittelindustrie, Kosmetikindustrie, Pharmaindustrie\",\"publisher\":{\"@id\":\"https:\\\/\\\/naturalpoland.com\\\/de\\\/#organization\"},\"potentialAction\":[{\"@type\":\"SearchAction\",\"target\":{\"@type\":\"EntryPoint\",\"urlTemplate\":\"https:\\\/\\\/naturalpoland.com\\\/de\\\/?s={search_term_string}\"},\"query-input\":{\"@type\":\"PropertyValueSpecification\",\"valueRequired\":true,\"valueName\":\"search_term_string\"}}],\"inLanguage\":\"de\"},{\"@type\":\"Organization\",\"@id\":\"https:\\\/\\\/naturalpoland.com\\\/de\\\/#organization\",\"name\":\"Natural Poland\",\"url\":\"https:\\\/\\\/naturalpoland.com\\\/de\\\/\",\"logo\":{\"@type\":\"ImageObject\",\"inLanguage\":\"de\",\"@id\":\"https:\\\/\\\/naturalpoland.com\\\/de\\\/#\\\/schema\\\/logo\\\/image\\\/\",\"url\":\"https:\\\/\\\/naturalpoland.com\\\/wp-content\\\/uploads\\\/2021\\\/05\\\/natural-poland-icon.png\",\"contentUrl\":\"https:\\\/\\\/naturalpoland.com\\\/wp-content\\\/uploads\\\/2021\\\/05\\\/natural-poland-icon.png\",\"width\":512,\"height\":512,\"caption\":\"Natural Poland\"},\"image\":{\"@id\":\"https:\\\/\\\/naturalpoland.com\\\/de\\\/#\\\/schema\\\/logo\\\/image\\\/\"},\"sameAs\":[\"https:\\\/\\\/www.facebook.com\\\/naturalpoland.b2b\",\"https:\\\/\\\/pl.linkedin.com\\\/company\\\/natural-poland\",\"https:\\\/\\\/www.youtube.com\\\/channel\\\/UCgeGGkvOMahZo-xu_MSEWxg\"]}]}<\/script>\n<!-- \/ Yoast SEO plugin. -->","yoast_head_json":{"title":"Tauroursodeoxychols\u00e4ure (TUDCA) - Gro\u00dfhandelsvertrieb","description":"TUDCA ist ein wertvolles Hilfsmittel zur Unterst\u00fctzung der Lebergesundheit, der Regeneration und der allgemeinen K\u00f6rperhom\u00f6ostase bei intensiver Belastung","robots":{"index":"index","follow":"follow","max-snippet":"max-snippet:-1","max-image-preview":"max-image-preview:large","max-video-preview":"max-video-preview:-1"},"canonical":"https:\/\/naturalpoland.com\/de\/produkte\/produkte-fur-die-pharmaindustrie\/nahrungserganzungmittel\/tauroursodeoxycholsaeure-tudca\/","og_locale":"de_DE","og_type":"article","og_title":"Tauroursodeoxychols\u00e4ure (TUDCA) - Gro\u00dfhandelsvertrieb","og_description":"TUDCA ist ein wertvolles Hilfsmittel zur Unterst\u00fctzung der Lebergesundheit, der Regeneration und der allgemeinen K\u00f6rperhom\u00f6ostase bei intensiver Belastung","og_url":"https:\/\/naturalpoland.com\/de\/produkte\/produkte-fur-die-pharmaindustrie\/nahrungserganzungmittel\/tauroursodeoxycholsaeure-tudca\/","og_site_name":"NATURAL POLAND - IMPORT UND HANDEL VON ROHSTOFFEN","article_publisher":"https:\/\/www.facebook.com\/naturalpoland.b2b","og_image":[{"width":500,"height":500,"url":"https:\/\/naturalpoland.com\/wp-content\/uploads\/tauroursodeoxycholic-acid.jpg","type":"image\/jpeg"}],"schema":{"@context":"https:\/\/schema.org","@graph":[{"@type":"WebPage","@id":"https:\/\/naturalpoland.com\/de\/produkte\/produkte-fur-die-pharmaindustrie\/nahrungserganzungmittel\/tauroursodeoxycholsaeure-tudca\/","url":"https:\/\/naturalpoland.com\/de\/produkte\/produkte-fur-die-pharmaindustrie\/nahrungserganzungmittel\/tauroursodeoxycholsaeure-tudca\/","name":"Tauroursodeoxychols\u00e4ure (TUDCA) - Gro\u00dfhandelsvertrieb","isPartOf":{"@id":"https:\/\/naturalpoland.com\/de\/#website"},"primaryImageOfPage":{"@id":"https:\/\/naturalpoland.com\/de\/produkte\/produkte-fur-die-pharmaindustrie\/nahrungserganzungmittel\/tauroursodeoxycholsaeure-tudca\/#primaryimage"},"image":{"@id":"https:\/\/naturalpoland.com\/de\/produkte\/produkte-fur-die-pharmaindustrie\/nahrungserganzungmittel\/tauroursodeoxycholsaeure-tudca\/#primaryimage"},"thumbnailUrl":"https:\/\/naturalpoland.com\/wp-content\/uploads\/tauroursodeoxycholic-acid.jpg","datePublished":"2024-04-29T12:58:34+00:00","description":"TUDCA ist ein wertvolles Hilfsmittel zur Unterst\u00fctzung der Lebergesundheit, der Regeneration und der allgemeinen K\u00f6rperhom\u00f6ostase bei intensiver Belastung","breadcrumb":{"@id":"https:\/\/naturalpoland.com\/de\/produkte\/produkte-fur-die-pharmaindustrie\/nahrungserganzungmittel\/tauroursodeoxycholsaeure-tudca\/#breadcrumb"},"inLanguage":"de","potentialAction":[{"@type":"ReadAction","target":["https:\/\/naturalpoland.com\/de\/produkte\/produkte-fur-die-pharmaindustrie\/nahrungserganzungmittel\/tauroursodeoxycholsaeure-tudca\/"]}]},{"@type":"ImageObject","inLanguage":"de","@id":"https:\/\/naturalpoland.com\/de\/produkte\/produkte-fur-die-pharmaindustrie\/nahrungserganzungmittel\/tauroursodeoxycholsaeure-tudca\/#primaryimage","url":"https:\/\/naturalpoland.com\/wp-content\/uploads\/tauroursodeoxycholic-acid.jpg","contentUrl":"https:\/\/naturalpoland.com\/wp-content\/uploads\/tauroursodeoxycholic-acid.jpg","width":500,"height":500,"caption":"tauroursodeoxycholic acid"},{"@type":"BreadcrumbList","@id":"https:\/\/naturalpoland.com\/de\/produkte\/produkte-fur-die-pharmaindustrie\/nahrungserganzungmittel\/tauroursodeoxycholsaeure-tudca\/#breadcrumb","itemListElement":[{"@type":"ListItem","position":1,"name":"Startseite","item":"https:\/\/naturalpoland.com\/de\/"},{"@type":"ListItem","position":2,"name":"Produkte","item":"https:\/\/naturalpoland.com\/de\/produkte\/"},{"@type":"ListItem","position":3,"name":"Tauroursodeoxychols\u00e4ure (TUDCA)"}]},{"@type":"WebSite","@id":"https:\/\/naturalpoland.com\/de\/#website","url":"https:\/\/naturalpoland.com\/de\/","name":"NATURAL POLAND - IMPORT UND HANDEL VON ROHSTOFFEN","description":"Rohstoffe f\u00fcr die Lebensmittelindustrie, Kosmetikindustrie, Pharmaindustrie","publisher":{"@id":"https:\/\/naturalpoland.com\/de\/#organization"},"potentialAction":[{"@type":"SearchAction","target":{"@type":"EntryPoint","urlTemplate":"https:\/\/naturalpoland.com\/de\/?s={search_term_string}"},"query-input":{"@type":"PropertyValueSpecification","valueRequired":true,"valueName":"search_term_string"}}],"inLanguage":"de"},{"@type":"Organization","@id":"https:\/\/naturalpoland.com\/de\/#organization","name":"Natural Poland","url":"https:\/\/naturalpoland.com\/de\/","logo":{"@type":"ImageObject","inLanguage":"de","@id":"https:\/\/naturalpoland.com\/de\/#\/schema\/logo\/image\/","url":"https:\/\/naturalpoland.com\/wp-content\/uploads\/2021\/05\/natural-poland-icon.png","contentUrl":"https:\/\/naturalpoland.com\/wp-content\/uploads\/2021\/05\/natural-poland-icon.png","width":512,"height":512,"caption":"Natural Poland"},"image":{"@id":"https:\/\/naturalpoland.com\/de\/#\/schema\/logo\/image\/"},"sameAs":["https:\/\/www.facebook.com\/naturalpoland.b2b","https:\/\/pl.linkedin.com\/company\/natural-poland","https:\/\/www.youtube.com\/channel\/UCgeGGkvOMahZo-xu_MSEWxg"]}]}},"_links":{"self":[{"href":"https:\/\/naturalpoland.com\/de\/wp-json\/wp\/v2\/product\/31533","targetHints":{"allow":["GET"]}}],"collection":[{"href":"https:\/\/naturalpoland.com\/de\/wp-json\/wp\/v2\/product"}],"about":[{"href":"https:\/\/naturalpoland.com\/de\/wp-json\/wp\/v2\/types\/product"}],"wp:featuredmedia":[{"embeddable":true,"href":"https:\/\/naturalpoland.com\/de\/wp-json\/wp\/v2\/media\/31307"}],"wp:attachment":[{"href":"https:\/\/naturalpoland.com\/de\/wp-json\/wp\/v2\/media?parent=31533"}],"wp:term":[{"taxonomy":"product_brand","embeddable":true,"href":"https:\/\/naturalpoland.com\/de\/wp-json\/wp\/v2\/product_brand?post=31533"},{"taxonomy":"product_cat","embeddable":true,"href":"https:\/\/naturalpoland.com\/de\/wp-json\/wp\/v2\/product_cat?post=31533"},{"taxonomy":"product_tag","embeddable":true,"href":"https:\/\/naturalpoland.com\/de\/wp-json\/wp\/v2\/product_tag?post=31533"}],"curies":[{"name":"wp","href":"https:\/\/api.w.org\/{rel}","templated":true}]}}