{"id":31907,"date":"2024-05-08T16:09:19","date_gmt":"2024-05-13T11:39:19","guid":{"rendered":"https:\/\/naturalpoland.com\/produkty\/unkategorisiert\/jasminhydrolat\/"},"modified":"2024-05-13T13:39:19","modified_gmt":"2024-05-13T11:39:19","slug":"jasminhydrolat","status":"publish","type":"product","link":"https:\/\/naturalpoland.com\/de\/produkte\/produkte-fur-die-kosmetikindustrie\/blutenwasser\/jasminhydrolat\/","title":{"rendered":"Jasminhydrolat"},"content":{"rendered":"<h3>Eigenschaften und Zusammensetzung<\/h3>\n<p>Jasminhydrolat hat einen tiefen, s\u00fc\u00dfen und intensiv blumigen Duft, der f\u00fcr seine beruhigenden und stimmungsaufhellenden Eigenschaften bekannt ist. Die Zusammensetzung dieses Hydrolats enth\u00e4lt zahlreiche Wirkstoffe, darunter Antioxidantien wie <a href=\"https:\/\/naturalpoland.com\/artykuly\/produkty-naturalne\/czym-sa-i-jak-dzialaja-flawonoidy\/\">Flavonoide<\/a> und Saponine, die zu seiner F\u00e4higkeit beitragen, freie Radikale zu neutralisieren und die Haut vor vorzeitiger Alterung zu sch\u00fctzen.<\/p>\n<h3>Kosmetische Anwendungen<\/h3>\n<p>Jasminhydrolat wird f\u00fcr alle Hauttypen empfohlen, insbesondere f\u00fcr reife, trockene und empfindliche Haut, da es eine intensiv feuchtigkeitsspendende und regenerierende Wirkung hat. Seine beruhigenden Eigenschaften tragen dazu bei, Entz\u00fcndungen zu lindern, R\u00f6tungen zu reduzieren und die Heilung kleinerer Hautsch\u00e4den zu f\u00f6rdern. Damit ist es ideal f\u00fcr gereizte oder dermatologisch angegriffene Haut.<\/p>\n<p>Jasminhydrolat eignet sich auch hervorragend als nat\u00fcrliches Gesichtswasser, um die Haut zu erfrischen, zu straffen und ihren pH-Wert wiederherzustellen, damit sie gesund und strahlend aussieht. Es kann sowohl morgens als auch abends verwendet werden, um die Haut auf die weiteren Pflegeschritte vorzubereiten oder als erfrischender Nebel w\u00e4hrend des Tages.<\/p>\n<h3>Vorteile f\u00fcr die Haut<\/h3>\n<ul>\n<li><strong>Antioxidative Wirkung<\/strong>: Sch\u00fctzt die Haut vor Sch\u00e4den durch freie Radikale und verz\u00f6gert den Alterungsprozess.<\/li>\n<li>Lindert <strong>Entz\u00fcndungen<\/strong>: Hilft, Hautentz\u00fcndungen zu lindern, reduziert R\u00f6tungen und Reizungen.<\/li>\n<li>Feuchtigkeit <strong>und Regeneration<\/strong>: Spendet intensiv Feuchtigkeit, f\u00f6rdert die Zellerneuerung und macht die Haut wieder weich und elastisch.<\/li>\n<li><strong>Stimmungsaufhellung und Entspannung<\/strong>: Der s\u00fc\u00dfe, angenehme Duft des Hydrolats hat eine beruhigende Wirkung auf die Sinne und tr\u00e4gt zur Entspannung und Verbesserung der Stimmung bei.<\/li>\n<\/ul>\n","protected":false},"excerpt":{"rendered":"<p>Jasminhydrolat, wird durch Wasserdampfdestillation aus Jasminbl\u00fcten gewonnen. Es wird sowohl in der Kosmetik als auch in der Aromatherapie verwendet und kommt sowohl K\u00f6rper als auch Geist zugute.<\/p>\n","protected":false},"featured_media":31642,"template":"","meta":{"_acf_changed":false},"product_brand":[],"product_cat":[3552],"product_tag":[],"class_list":{"0":"post-31907","1":"product","2":"type-product","3":"status-publish","4":"has-post-thumbnail","6":"product_cat-blutenwasser","7":"pa_grupa-substancji-destillate","9":"first","10":"instock","11":"shipping-taxable","12":"product-type-simple"},"acf":[],"yoast_head":"<!-- This site is optimized with the Yoast SEO plugin v27.4 - https:\/\/yoast.com\/product\/yoast-seo-wordpress\/ -->\n<title>Jasminhydrolat - Gro\u00dfhandelsvertrieb<\/title>\n<meta name=\"description\" content=\"Jasminhydrolat eignet sich ideal als Zusatz zu Masken, Cremes oder Lotionen, bereichert deren Pflegeeigenschaften und verleiht Kosmetika Aroma.\" \/>\n<meta name=\"robots\" content=\"index, follow, max-snippet:-1, max-image-preview:large, max-video-preview:-1\" \/>\n<link rel=\"canonical\" href=\"https:\/\/naturalpoland.com\/de\/produkte\/produkte-fur-die-kosmetikindustrie\/blutenwasser\/jasminhydrolat\/\" \/>\n<meta property=\"og:locale\" content=\"de_DE\" \/>\n<meta property=\"og:type\" content=\"article\" \/>\n<meta property=\"og:title\" content=\"Jasminhydrolat - Gro\u00dfhandelsvertrieb\" \/>\n<meta property=\"og:description\" content=\"Jasminhydrolat eignet sich ideal als Zusatz zu Masken, Cremes oder Lotionen, bereichert deren Pflegeeigenschaften und verleiht Kosmetika Aroma.\" \/>\n<meta property=\"og:url\" content=\"https:\/\/naturalpoland.com\/de\/produkte\/produkte-fur-die-kosmetikindustrie\/blutenwasser\/jasminhydrolat\/\" \/>\n<meta property=\"og:site_name\" content=\"NATURAL POLAND - IMPORT UND HANDEL VON ROHSTOFFEN\" \/>\n<meta property=\"article:publisher\" content=\"https:\/\/www.facebook.com\/naturalpoland.b2b\" \/>\n<meta property=\"og:image\" content=\"https:\/\/naturalpoland.com\/wp-content\/uploads\/hydrolat-jasminowy.webp\" \/>\n\t<meta property=\"og:image:width\" content=\"1024\" \/>\n\t<meta property=\"og:image:height\" content=\"1024\" \/>\n\t<meta property=\"og:image:type\" content=\"image\/webp\" \/>\n<script type=\"application\/ld+json\" class=\"yoast-schema-graph\">{\"@context\":\"https:\\\/\\\/schema.org\",\"@graph\":[{\"@type\":\"WebPage\",\"@id\":\"https:\\\/\\\/naturalpoland.com\\\/de\\\/produkte\\\/produkte-fur-die-kosmetikindustrie\\\/blutenwasser\\\/jasminhydrolat\\\/\",\"url\":\"https:\\\/\\\/naturalpoland.com\\\/de\\\/produkte\\\/produkte-fur-die-kosmetikindustrie\\\/blutenwasser\\\/jasminhydrolat\\\/\",\"name\":\"Jasminhydrolat - Gro\u00dfhandelsvertrieb\",\"isPartOf\":{\"@id\":\"https:\\\/\\\/naturalpoland.com\\\/de\\\/#website\"},\"primaryImageOfPage\":{\"@id\":\"https:\\\/\\\/naturalpoland.com\\\/de\\\/produkte\\\/produkte-fur-die-kosmetikindustrie\\\/blutenwasser\\\/jasminhydrolat\\\/#primaryimage\"},\"image\":{\"@id\":\"https:\\\/\\\/naturalpoland.com\\\/de\\\/produkte\\\/produkte-fur-die-kosmetikindustrie\\\/blutenwasser\\\/jasminhydrolat\\\/#primaryimage\"},\"thumbnailUrl\":\"https:\\\/\\\/naturalpoland.com\\\/wp-content\\\/uploads\\\/hydrolat-jasminowy.webp\",\"datePublished\":\"2024-05-13T11:39:19+00:00\",\"description\":\"Jasminhydrolat eignet sich ideal als Zusatz zu Masken, Cremes oder Lotionen, bereichert deren Pflegeeigenschaften und verleiht Kosmetika Aroma.\",\"breadcrumb\":{\"@id\":\"https:\\\/\\\/naturalpoland.com\\\/de\\\/produkte\\\/produkte-fur-die-kosmetikindustrie\\\/blutenwasser\\\/jasminhydrolat\\\/#breadcrumb\"},\"inLanguage\":\"de\",\"potentialAction\":[{\"@type\":\"ReadAction\",\"target\":[\"https:\\\/\\\/naturalpoland.com\\\/de\\\/produkte\\\/produkte-fur-die-kosmetikindustrie\\\/blutenwasser\\\/jasminhydrolat\\\/\"]}]},{\"@type\":\"ImageObject\",\"inLanguage\":\"de\",\"@id\":\"https:\\\/\\\/naturalpoland.com\\\/de\\\/produkte\\\/produkte-fur-die-kosmetikindustrie\\\/blutenwasser\\\/jasminhydrolat\\\/#primaryimage\",\"url\":\"https:\\\/\\\/naturalpoland.com\\\/wp-content\\\/uploads\\\/hydrolat-jasminowy.webp\",\"contentUrl\":\"https:\\\/\\\/naturalpoland.com\\\/wp-content\\\/uploads\\\/hydrolat-jasminowy.webp\",\"width\":1024,\"height\":1024,\"caption\":\"hydrolat ja\u015bminowy\"},{\"@type\":\"BreadcrumbList\",\"@id\":\"https:\\\/\\\/naturalpoland.com\\\/de\\\/produkte\\\/produkte-fur-die-kosmetikindustrie\\\/blutenwasser\\\/jasminhydrolat\\\/#breadcrumb\",\"itemListElement\":[{\"@type\":\"ListItem\",\"position\":1,\"name\":\"Startseite\",\"item\":\"https:\\\/\\\/naturalpoland.com\\\/de\\\/\"},{\"@type\":\"ListItem\",\"position\":2,\"name\":\"Produkte\",\"item\":\"https:\\\/\\\/naturalpoland.com\\\/de\\\/produkte\\\/\"},{\"@type\":\"ListItem\",\"position\":3,\"name\":\"Jasminhydrolat\"}]},{\"@type\":\"WebSite\",\"@id\":\"https:\\\/\\\/naturalpoland.com\\\/de\\\/#website\",\"url\":\"https:\\\/\\\/naturalpoland.com\\\/de\\\/\",\"name\":\"NATURAL POLAND - IMPORT UND HANDEL VON ROHSTOFFEN\",\"description\":\"Rohstoffe f\u00fcr die Lebensmittelindustrie, Kosmetikindustrie, Pharmaindustrie\",\"publisher\":{\"@id\":\"https:\\\/\\\/naturalpoland.com\\\/de\\\/#organization\"},\"potentialAction\":[{\"@type\":\"SearchAction\",\"target\":{\"@type\":\"EntryPoint\",\"urlTemplate\":\"https:\\\/\\\/naturalpoland.com\\\/de\\\/?s={search_term_string}\"},\"query-input\":{\"@type\":\"PropertyValueSpecification\",\"valueRequired\":true,\"valueName\":\"search_term_string\"}}],\"inLanguage\":\"de\"},{\"@type\":\"Organization\",\"@id\":\"https:\\\/\\\/naturalpoland.com\\\/de\\\/#organization\",\"name\":\"Natural Poland\",\"url\":\"https:\\\/\\\/naturalpoland.com\\\/de\\\/\",\"logo\":{\"@type\":\"ImageObject\",\"inLanguage\":\"de\",\"@id\":\"https:\\\/\\\/naturalpoland.com\\\/de\\\/#\\\/schema\\\/logo\\\/image\\\/\",\"url\":\"https:\\\/\\\/naturalpoland.com\\\/wp-content\\\/uploads\\\/2021\\\/05\\\/natural-poland-icon.png\",\"contentUrl\":\"https:\\\/\\\/naturalpoland.com\\\/wp-content\\\/uploads\\\/2021\\\/05\\\/natural-poland-icon.png\",\"width\":512,\"height\":512,\"caption\":\"Natural Poland\"},\"image\":{\"@id\":\"https:\\\/\\\/naturalpoland.com\\\/de\\\/#\\\/schema\\\/logo\\\/image\\\/\"},\"sameAs\":[\"https:\\\/\\\/www.facebook.com\\\/naturalpoland.b2b\",\"https:\\\/\\\/pl.linkedin.com\\\/company\\\/natural-poland\",\"https:\\\/\\\/www.youtube.com\\\/channel\\\/UCgeGGkvOMahZo-xu_MSEWxg\"]}]}<\/script>\n<!-- \/ Yoast SEO plugin. -->","yoast_head_json":{"title":"Jasminhydrolat - Gro\u00dfhandelsvertrieb","description":"Jasminhydrolat eignet sich ideal als Zusatz zu Masken, Cremes oder Lotionen, bereichert deren Pflegeeigenschaften und verleiht Kosmetika Aroma.","robots":{"index":"index","follow":"follow","max-snippet":"max-snippet:-1","max-image-preview":"max-image-preview:large","max-video-preview":"max-video-preview:-1"},"canonical":"https:\/\/naturalpoland.com\/de\/produkte\/produkte-fur-die-kosmetikindustrie\/blutenwasser\/jasminhydrolat\/","og_locale":"de_DE","og_type":"article","og_title":"Jasminhydrolat - Gro\u00dfhandelsvertrieb","og_description":"Jasminhydrolat eignet sich ideal als Zusatz zu Masken, Cremes oder Lotionen, bereichert deren Pflegeeigenschaften und verleiht Kosmetika Aroma.","og_url":"https:\/\/naturalpoland.com\/de\/produkte\/produkte-fur-die-kosmetikindustrie\/blutenwasser\/jasminhydrolat\/","og_site_name":"NATURAL POLAND - IMPORT UND HANDEL VON ROHSTOFFEN","article_publisher":"https:\/\/www.facebook.com\/naturalpoland.b2b","og_image":[{"width":1024,"height":1024,"url":"https:\/\/naturalpoland.com\/wp-content\/uploads\/hydrolat-jasminowy.webp","type":"image\/webp"}],"schema":{"@context":"https:\/\/schema.org","@graph":[{"@type":"WebPage","@id":"https:\/\/naturalpoland.com\/de\/produkte\/produkte-fur-die-kosmetikindustrie\/blutenwasser\/jasminhydrolat\/","url":"https:\/\/naturalpoland.com\/de\/produkte\/produkte-fur-die-kosmetikindustrie\/blutenwasser\/jasminhydrolat\/","name":"Jasminhydrolat - Gro\u00dfhandelsvertrieb","isPartOf":{"@id":"https:\/\/naturalpoland.com\/de\/#website"},"primaryImageOfPage":{"@id":"https:\/\/naturalpoland.com\/de\/produkte\/produkte-fur-die-kosmetikindustrie\/blutenwasser\/jasminhydrolat\/#primaryimage"},"image":{"@id":"https:\/\/naturalpoland.com\/de\/produkte\/produkte-fur-die-kosmetikindustrie\/blutenwasser\/jasminhydrolat\/#primaryimage"},"thumbnailUrl":"https:\/\/naturalpoland.com\/wp-content\/uploads\/hydrolat-jasminowy.webp","datePublished":"2024-05-13T11:39:19+00:00","description":"Jasminhydrolat eignet sich ideal als Zusatz zu Masken, Cremes oder Lotionen, bereichert deren Pflegeeigenschaften und verleiht Kosmetika Aroma.","breadcrumb":{"@id":"https:\/\/naturalpoland.com\/de\/produkte\/produkte-fur-die-kosmetikindustrie\/blutenwasser\/jasminhydrolat\/#breadcrumb"},"inLanguage":"de","potentialAction":[{"@type":"ReadAction","target":["https:\/\/naturalpoland.com\/de\/produkte\/produkte-fur-die-kosmetikindustrie\/blutenwasser\/jasminhydrolat\/"]}]},{"@type":"ImageObject","inLanguage":"de","@id":"https:\/\/naturalpoland.com\/de\/produkte\/produkte-fur-die-kosmetikindustrie\/blutenwasser\/jasminhydrolat\/#primaryimage","url":"https:\/\/naturalpoland.com\/wp-content\/uploads\/hydrolat-jasminowy.webp","contentUrl":"https:\/\/naturalpoland.com\/wp-content\/uploads\/hydrolat-jasminowy.webp","width":1024,"height":1024,"caption":"hydrolat ja\u015bminowy"},{"@type":"BreadcrumbList","@id":"https:\/\/naturalpoland.com\/de\/produkte\/produkte-fur-die-kosmetikindustrie\/blutenwasser\/jasminhydrolat\/#breadcrumb","itemListElement":[{"@type":"ListItem","position":1,"name":"Startseite","item":"https:\/\/naturalpoland.com\/de\/"},{"@type":"ListItem","position":2,"name":"Produkte","item":"https:\/\/naturalpoland.com\/de\/produkte\/"},{"@type":"ListItem","position":3,"name":"Jasminhydrolat"}]},{"@type":"WebSite","@id":"https:\/\/naturalpoland.com\/de\/#website","url":"https:\/\/naturalpoland.com\/de\/","name":"NATURAL POLAND - IMPORT UND HANDEL VON ROHSTOFFEN","description":"Rohstoffe f\u00fcr die Lebensmittelindustrie, Kosmetikindustrie, Pharmaindustrie","publisher":{"@id":"https:\/\/naturalpoland.com\/de\/#organization"},"potentialAction":[{"@type":"SearchAction","target":{"@type":"EntryPoint","urlTemplate":"https:\/\/naturalpoland.com\/de\/?s={search_term_string}"},"query-input":{"@type":"PropertyValueSpecification","valueRequired":true,"valueName":"search_term_string"}}],"inLanguage":"de"},{"@type":"Organization","@id":"https:\/\/naturalpoland.com\/de\/#organization","name":"Natural Poland","url":"https:\/\/naturalpoland.com\/de\/","logo":{"@type":"ImageObject","inLanguage":"de","@id":"https:\/\/naturalpoland.com\/de\/#\/schema\/logo\/image\/","url":"https:\/\/naturalpoland.com\/wp-content\/uploads\/2021\/05\/natural-poland-icon.png","contentUrl":"https:\/\/naturalpoland.com\/wp-content\/uploads\/2021\/05\/natural-poland-icon.png","width":512,"height":512,"caption":"Natural Poland"},"image":{"@id":"https:\/\/naturalpoland.com\/de\/#\/schema\/logo\/image\/"},"sameAs":["https:\/\/www.facebook.com\/naturalpoland.b2b","https:\/\/pl.linkedin.com\/company\/natural-poland","https:\/\/www.youtube.com\/channel\/UCgeGGkvOMahZo-xu_MSEWxg"]}]}},"_links":{"self":[{"href":"https:\/\/naturalpoland.com\/de\/wp-json\/wp\/v2\/product\/31907","targetHints":{"allow":["GET"]}}],"collection":[{"href":"https:\/\/naturalpoland.com\/de\/wp-json\/wp\/v2\/product"}],"about":[{"href":"https:\/\/naturalpoland.com\/de\/wp-json\/wp\/v2\/types\/product"}],"wp:featuredmedia":[{"embeddable":true,"href":"https:\/\/naturalpoland.com\/de\/wp-json\/wp\/v2\/media\/31642"}],"wp:attachment":[{"href":"https:\/\/naturalpoland.com\/de\/wp-json\/wp\/v2\/media?parent=31907"}],"wp:term":[{"taxonomy":"product_brand","embeddable":true,"href":"https:\/\/naturalpoland.com\/de\/wp-json\/wp\/v2\/product_brand?post=31907"},{"taxonomy":"product_cat","embeddable":true,"href":"https:\/\/naturalpoland.com\/de\/wp-json\/wp\/v2\/product_cat?post=31907"},{"taxonomy":"product_tag","embeddable":true,"href":"https:\/\/naturalpoland.com\/de\/wp-json\/wp\/v2\/product_tag?post=31907"}],"curies":[{"name":"wp","href":"https:\/\/api.w.org\/{rel}","templated":true}]}}