{"id":31912,"date":"2024-05-08T16:02:30","date_gmt":"2024-05-13T11:39:20","guid":{"rendered":"https:\/\/naturalpoland.com\/produkty\/unkategorisiert\/zitronenhydrolat\/"},"modified":"2024-05-13T13:39:20","modified_gmt":"2024-05-13T11:39:20","slug":"zitronenhydrolat","status":"publish","type":"product","link":"https:\/\/naturalpoland.com\/de\/produkte\/produkte-fur-die-kosmetikindustrie\/blutenwasser\/zitronenhydrolat\/","title":{"rendered":"Zitronenhydrolat"},"content":{"rendered":"<h3>Eigenschaften und Zusammensetzung<\/h3>\n<p>Zitronenhydrolat zeichnet sich durch seine leichte, w\u00e4ssrige Textur und seinen frischen, zitrusartigen Duft aus, der zus\u00e4tzlich erfrischend wirkt. Er ist reich an <a href=\"https:\/\/naturalpoland.com\/artykuly\/produkty-naturalne\/czym-sa-i-jak-dzialaja-flawonoidy\/\">Bioflavonoiden<\/a>, Vitamin C und Fruchts\u00e4uren, die zu seinen starken antioxidativen, aufhellenden und straffenden Eigenschaften beitragen. Die regelm\u00e4\u00dfige Anwendung von Zitronenhydrolat kann dazu beitragen, die Melaninproduktion zu hemmen, was eine direkte Auswirkung auf die Reduzierung und Verhinderung der Bildung neuer Hyperpigmentierungen hat.<\/p>\n<h3>Kosmetische Anwendungen<\/h3>\n<p>Zitronenhydrolat ist aufgrund seiner adstringierenden und antibakteriellen Eigenschaften besonders f\u00fcr fettige Haut und Mischhaut zu empfehlen. Es eignet sich perfekt als Gesichtswasser, das die Haut nicht nur erfrischt und strafft, sondern auch hilft, die Poren zu schlie\u00dfen und die Talgabsonderung zu regulieren. Es kann auch als Bestandteil von aufhellenden Masken und Seren sowie als sanfter Zusatz zu Tagescremes verwendet werden und bietet Schutz vor negativen \u00e4u\u00dferen Einfl\u00fcssen.<\/p>\n<h3>Vorteile f\u00fcr die Haut<\/h3>\n<ul>\n<li><strong>Aufhellung von Hyperpigmentierungen<\/strong>: Zitronens\u00e4ure, die nat\u00fcrlich in Zitronen vorkommt, ist f\u00fcr ihre aufhellenden Eigenschaften bekannt und wirkt gegen Hautverf\u00e4rbungen.<\/li>\n<li><strong>Vereinheitlichung des Hauttons<\/strong>: Die regelm\u00e4\u00dfige Anwendung von Zitronenhydrolat hilft, den Hautton auszugleichen und verleiht der Haut ein ges\u00fcnderes und strahlenderes Aussehen.<\/li>\n<li><strong>Antioxidative Wirkung<\/strong>: Vitamin C und andere Antioxidantien in dem Hydrolat sch\u00fctzen die Haut vor Sch\u00e4den durch freie Radikale und UV-Strahlung.<\/li>\n<li><strong>Sebumregulierung<\/strong>: Ideal f\u00fcr alle, die zu fettiger Haut neigen. Es reguliert die Talgabsonderung und beugt so der Bildung von Hautunreinheiten vor.<\/li>\n<\/ul>\n","protected":false},"excerpt":{"rendered":"<p>Zitronenhydrolat, das durch Wasserdampfdestillation aus den Schalen und dem Fruchtfleisch von Zitronen gewonnen wird, hat hautaufhellende und vereinheitlichende Eigenschaften. Dank seines hohen Gehalts an Vitamin C und organischen S\u00e4uren ist dieses Hydrolat die ideale L\u00f6sung f\u00fcr alle, die mit Verf\u00e4rbungen, ungleichm\u00e4\u00dfigem Hautton oder anderen Pigmentst\u00f6rungen zu k\u00e4mpfen haben.<\/p>\n","protected":false},"featured_media":31629,"template":"","meta":{"_acf_changed":false},"product_brand":[],"product_cat":[3552],"product_tag":[],"class_list":{"0":"post-31912","1":"product","2":"type-product","3":"status-publish","4":"has-post-thumbnail","6":"product_cat-blutenwasser","7":"pa_grupa-substancji-destillate","9":"first","10":"instock","11":"shipping-taxable","12":"product-type-simple"},"acf":[],"yoast_head":"<!-- This site is optimized with the Yoast SEO plugin v27.4 - https:\/\/yoast.com\/product\/yoast-seo-wordpress\/ -->\n<title>Zitronenhydrolat - Gro\u00dfhandelsvertrieb<\/title>\n<meta name=\"description\" content=\"Zitronenhydrolat ist ein vielseitiges und wirksames Produkt, das f\u00fcr diejenigen empfohlen wird, die mit einem ungleichm\u00e4\u00dfigen Hautton und Hyperpigmentierung zu k\u00e4mpfen haben.\" \/>\n<meta name=\"robots\" content=\"index, follow, max-snippet:-1, max-image-preview:large, max-video-preview:-1\" \/>\n<link rel=\"canonical\" href=\"https:\/\/naturalpoland.com\/de\/produkte\/produkte-fur-die-kosmetikindustrie\/blutenwasser\/zitronenhydrolat\/\" \/>\n<meta property=\"og:locale\" content=\"de_DE\" \/>\n<meta property=\"og:type\" content=\"article\" \/>\n<meta property=\"og:title\" content=\"Zitronenhydrolat - Gro\u00dfhandelsvertrieb\" \/>\n<meta property=\"og:description\" content=\"Zitronenhydrolat ist ein vielseitiges und wirksames Produkt, das f\u00fcr diejenigen empfohlen wird, die mit einem ungleichm\u00e4\u00dfigen Hautton und Hyperpigmentierung zu k\u00e4mpfen haben.\" \/>\n<meta property=\"og:url\" content=\"https:\/\/naturalpoland.com\/de\/produkte\/produkte-fur-die-kosmetikindustrie\/blutenwasser\/zitronenhydrolat\/\" \/>\n<meta property=\"og:site_name\" content=\"NATURAL POLAND - IMPORT UND HANDEL VON ROHSTOFFEN\" \/>\n<meta property=\"article:publisher\" content=\"https:\/\/www.facebook.com\/naturalpoland.b2b\" \/>\n<meta property=\"og:image\" content=\"https:\/\/naturalpoland.com\/wp-content\/uploads\/hydrolat-cytrynowy.webp\" \/>\n\t<meta property=\"og:image:width\" content=\"1024\" \/>\n\t<meta property=\"og:image:height\" content=\"1024\" \/>\n\t<meta property=\"og:image:type\" content=\"image\/webp\" \/>\n<script type=\"application\/ld+json\" class=\"yoast-schema-graph\">{\"@context\":\"https:\\\/\\\/schema.org\",\"@graph\":[{\"@type\":\"WebPage\",\"@id\":\"https:\\\/\\\/naturalpoland.com\\\/de\\\/produkte\\\/produkte-fur-die-kosmetikindustrie\\\/blutenwasser\\\/zitronenhydrolat\\\/\",\"url\":\"https:\\\/\\\/naturalpoland.com\\\/de\\\/produkte\\\/produkte-fur-die-kosmetikindustrie\\\/blutenwasser\\\/zitronenhydrolat\\\/\",\"name\":\"Zitronenhydrolat - Gro\u00dfhandelsvertrieb\",\"isPartOf\":{\"@id\":\"https:\\\/\\\/naturalpoland.com\\\/de\\\/#website\"},\"primaryImageOfPage\":{\"@id\":\"https:\\\/\\\/naturalpoland.com\\\/de\\\/produkte\\\/produkte-fur-die-kosmetikindustrie\\\/blutenwasser\\\/zitronenhydrolat\\\/#primaryimage\"},\"image\":{\"@id\":\"https:\\\/\\\/naturalpoland.com\\\/de\\\/produkte\\\/produkte-fur-die-kosmetikindustrie\\\/blutenwasser\\\/zitronenhydrolat\\\/#primaryimage\"},\"thumbnailUrl\":\"https:\\\/\\\/naturalpoland.com\\\/wp-content\\\/uploads\\\/hydrolat-cytrynowy.webp\",\"datePublished\":\"2024-05-13T11:39:20+00:00\",\"description\":\"Zitronenhydrolat ist ein vielseitiges und wirksames Produkt, das f\u00fcr diejenigen empfohlen wird, die mit einem ungleichm\u00e4\u00dfigen Hautton und Hyperpigmentierung zu k\u00e4mpfen haben.\",\"breadcrumb\":{\"@id\":\"https:\\\/\\\/naturalpoland.com\\\/de\\\/produkte\\\/produkte-fur-die-kosmetikindustrie\\\/blutenwasser\\\/zitronenhydrolat\\\/#breadcrumb\"},\"inLanguage\":\"de\",\"potentialAction\":[{\"@type\":\"ReadAction\",\"target\":[\"https:\\\/\\\/naturalpoland.com\\\/de\\\/produkte\\\/produkte-fur-die-kosmetikindustrie\\\/blutenwasser\\\/zitronenhydrolat\\\/\"]}]},{\"@type\":\"ImageObject\",\"inLanguage\":\"de\",\"@id\":\"https:\\\/\\\/naturalpoland.com\\\/de\\\/produkte\\\/produkte-fur-die-kosmetikindustrie\\\/blutenwasser\\\/zitronenhydrolat\\\/#primaryimage\",\"url\":\"https:\\\/\\\/naturalpoland.com\\\/wp-content\\\/uploads\\\/hydrolat-cytrynowy.webp\",\"contentUrl\":\"https:\\\/\\\/naturalpoland.com\\\/wp-content\\\/uploads\\\/hydrolat-cytrynowy.webp\",\"width\":1024,\"height\":1024,\"caption\":\"hydrolat cytrynowy\"},{\"@type\":\"BreadcrumbList\",\"@id\":\"https:\\\/\\\/naturalpoland.com\\\/de\\\/produkte\\\/produkte-fur-die-kosmetikindustrie\\\/blutenwasser\\\/zitronenhydrolat\\\/#breadcrumb\",\"itemListElement\":[{\"@type\":\"ListItem\",\"position\":1,\"name\":\"Startseite\",\"item\":\"https:\\\/\\\/naturalpoland.com\\\/de\\\/\"},{\"@type\":\"ListItem\",\"position\":2,\"name\":\"Produkte\",\"item\":\"https:\\\/\\\/naturalpoland.com\\\/de\\\/produkte\\\/\"},{\"@type\":\"ListItem\",\"position\":3,\"name\":\"Zitronenhydrolat\"}]},{\"@type\":\"WebSite\",\"@id\":\"https:\\\/\\\/naturalpoland.com\\\/de\\\/#website\",\"url\":\"https:\\\/\\\/naturalpoland.com\\\/de\\\/\",\"name\":\"NATURAL POLAND - IMPORT UND HANDEL VON ROHSTOFFEN\",\"description\":\"Rohstoffe f\u00fcr die Lebensmittelindustrie, Kosmetikindustrie, Pharmaindustrie\",\"publisher\":{\"@id\":\"https:\\\/\\\/naturalpoland.com\\\/de\\\/#organization\"},\"potentialAction\":[{\"@type\":\"SearchAction\",\"target\":{\"@type\":\"EntryPoint\",\"urlTemplate\":\"https:\\\/\\\/naturalpoland.com\\\/de\\\/?s={search_term_string}\"},\"query-input\":{\"@type\":\"PropertyValueSpecification\",\"valueRequired\":true,\"valueName\":\"search_term_string\"}}],\"inLanguage\":\"de\"},{\"@type\":\"Organization\",\"@id\":\"https:\\\/\\\/naturalpoland.com\\\/de\\\/#organization\",\"name\":\"Natural Poland\",\"url\":\"https:\\\/\\\/naturalpoland.com\\\/de\\\/\",\"logo\":{\"@type\":\"ImageObject\",\"inLanguage\":\"de\",\"@id\":\"https:\\\/\\\/naturalpoland.com\\\/de\\\/#\\\/schema\\\/logo\\\/image\\\/\",\"url\":\"https:\\\/\\\/naturalpoland.com\\\/wp-content\\\/uploads\\\/2021\\\/05\\\/natural-poland-icon.png\",\"contentUrl\":\"https:\\\/\\\/naturalpoland.com\\\/wp-content\\\/uploads\\\/2021\\\/05\\\/natural-poland-icon.png\",\"width\":512,\"height\":512,\"caption\":\"Natural Poland\"},\"image\":{\"@id\":\"https:\\\/\\\/naturalpoland.com\\\/de\\\/#\\\/schema\\\/logo\\\/image\\\/\"},\"sameAs\":[\"https:\\\/\\\/www.facebook.com\\\/naturalpoland.b2b\",\"https:\\\/\\\/pl.linkedin.com\\\/company\\\/natural-poland\",\"https:\\\/\\\/www.youtube.com\\\/channel\\\/UCgeGGkvOMahZo-xu_MSEWxg\"]}]}<\/script>\n<!-- \/ Yoast SEO plugin. -->","yoast_head_json":{"title":"Zitronenhydrolat - Gro\u00dfhandelsvertrieb","description":"Zitronenhydrolat ist ein vielseitiges und wirksames Produkt, das f\u00fcr diejenigen empfohlen wird, die mit einem ungleichm\u00e4\u00dfigen Hautton und Hyperpigmentierung zu k\u00e4mpfen haben.","robots":{"index":"index","follow":"follow","max-snippet":"max-snippet:-1","max-image-preview":"max-image-preview:large","max-video-preview":"max-video-preview:-1"},"canonical":"https:\/\/naturalpoland.com\/de\/produkte\/produkte-fur-die-kosmetikindustrie\/blutenwasser\/zitronenhydrolat\/","og_locale":"de_DE","og_type":"article","og_title":"Zitronenhydrolat - Gro\u00dfhandelsvertrieb","og_description":"Zitronenhydrolat ist ein vielseitiges und wirksames Produkt, das f\u00fcr diejenigen empfohlen wird, die mit einem ungleichm\u00e4\u00dfigen Hautton und Hyperpigmentierung zu k\u00e4mpfen haben.","og_url":"https:\/\/naturalpoland.com\/de\/produkte\/produkte-fur-die-kosmetikindustrie\/blutenwasser\/zitronenhydrolat\/","og_site_name":"NATURAL POLAND - IMPORT UND HANDEL VON ROHSTOFFEN","article_publisher":"https:\/\/www.facebook.com\/naturalpoland.b2b","og_image":[{"width":1024,"height":1024,"url":"https:\/\/naturalpoland.com\/wp-content\/uploads\/hydrolat-cytrynowy.webp","type":"image\/webp"}],"schema":{"@context":"https:\/\/schema.org","@graph":[{"@type":"WebPage","@id":"https:\/\/naturalpoland.com\/de\/produkte\/produkte-fur-die-kosmetikindustrie\/blutenwasser\/zitronenhydrolat\/","url":"https:\/\/naturalpoland.com\/de\/produkte\/produkte-fur-die-kosmetikindustrie\/blutenwasser\/zitronenhydrolat\/","name":"Zitronenhydrolat - Gro\u00dfhandelsvertrieb","isPartOf":{"@id":"https:\/\/naturalpoland.com\/de\/#website"},"primaryImageOfPage":{"@id":"https:\/\/naturalpoland.com\/de\/produkte\/produkte-fur-die-kosmetikindustrie\/blutenwasser\/zitronenhydrolat\/#primaryimage"},"image":{"@id":"https:\/\/naturalpoland.com\/de\/produkte\/produkte-fur-die-kosmetikindustrie\/blutenwasser\/zitronenhydrolat\/#primaryimage"},"thumbnailUrl":"https:\/\/naturalpoland.com\/wp-content\/uploads\/hydrolat-cytrynowy.webp","datePublished":"2024-05-13T11:39:20+00:00","description":"Zitronenhydrolat ist ein vielseitiges und wirksames Produkt, das f\u00fcr diejenigen empfohlen wird, die mit einem ungleichm\u00e4\u00dfigen Hautton und Hyperpigmentierung zu k\u00e4mpfen haben.","breadcrumb":{"@id":"https:\/\/naturalpoland.com\/de\/produkte\/produkte-fur-die-kosmetikindustrie\/blutenwasser\/zitronenhydrolat\/#breadcrumb"},"inLanguage":"de","potentialAction":[{"@type":"ReadAction","target":["https:\/\/naturalpoland.com\/de\/produkte\/produkte-fur-die-kosmetikindustrie\/blutenwasser\/zitronenhydrolat\/"]}]},{"@type":"ImageObject","inLanguage":"de","@id":"https:\/\/naturalpoland.com\/de\/produkte\/produkte-fur-die-kosmetikindustrie\/blutenwasser\/zitronenhydrolat\/#primaryimage","url":"https:\/\/naturalpoland.com\/wp-content\/uploads\/hydrolat-cytrynowy.webp","contentUrl":"https:\/\/naturalpoland.com\/wp-content\/uploads\/hydrolat-cytrynowy.webp","width":1024,"height":1024,"caption":"hydrolat cytrynowy"},{"@type":"BreadcrumbList","@id":"https:\/\/naturalpoland.com\/de\/produkte\/produkte-fur-die-kosmetikindustrie\/blutenwasser\/zitronenhydrolat\/#breadcrumb","itemListElement":[{"@type":"ListItem","position":1,"name":"Startseite","item":"https:\/\/naturalpoland.com\/de\/"},{"@type":"ListItem","position":2,"name":"Produkte","item":"https:\/\/naturalpoland.com\/de\/produkte\/"},{"@type":"ListItem","position":3,"name":"Zitronenhydrolat"}]},{"@type":"WebSite","@id":"https:\/\/naturalpoland.com\/de\/#website","url":"https:\/\/naturalpoland.com\/de\/","name":"NATURAL POLAND - IMPORT UND HANDEL VON ROHSTOFFEN","description":"Rohstoffe f\u00fcr die Lebensmittelindustrie, Kosmetikindustrie, Pharmaindustrie","publisher":{"@id":"https:\/\/naturalpoland.com\/de\/#organization"},"potentialAction":[{"@type":"SearchAction","target":{"@type":"EntryPoint","urlTemplate":"https:\/\/naturalpoland.com\/de\/?s={search_term_string}"},"query-input":{"@type":"PropertyValueSpecification","valueRequired":true,"valueName":"search_term_string"}}],"inLanguage":"de"},{"@type":"Organization","@id":"https:\/\/naturalpoland.com\/de\/#organization","name":"Natural Poland","url":"https:\/\/naturalpoland.com\/de\/","logo":{"@type":"ImageObject","inLanguage":"de","@id":"https:\/\/naturalpoland.com\/de\/#\/schema\/logo\/image\/","url":"https:\/\/naturalpoland.com\/wp-content\/uploads\/2021\/05\/natural-poland-icon.png","contentUrl":"https:\/\/naturalpoland.com\/wp-content\/uploads\/2021\/05\/natural-poland-icon.png","width":512,"height":512,"caption":"Natural Poland"},"image":{"@id":"https:\/\/naturalpoland.com\/de\/#\/schema\/logo\/image\/"},"sameAs":["https:\/\/www.facebook.com\/naturalpoland.b2b","https:\/\/pl.linkedin.com\/company\/natural-poland","https:\/\/www.youtube.com\/channel\/UCgeGGkvOMahZo-xu_MSEWxg"]}]}},"_links":{"self":[{"href":"https:\/\/naturalpoland.com\/de\/wp-json\/wp\/v2\/product\/31912","targetHints":{"allow":["GET"]}}],"collection":[{"href":"https:\/\/naturalpoland.com\/de\/wp-json\/wp\/v2\/product"}],"about":[{"href":"https:\/\/naturalpoland.com\/de\/wp-json\/wp\/v2\/types\/product"}],"wp:featuredmedia":[{"embeddable":true,"href":"https:\/\/naturalpoland.com\/de\/wp-json\/wp\/v2\/media\/31629"}],"wp:attachment":[{"href":"https:\/\/naturalpoland.com\/de\/wp-json\/wp\/v2\/media?parent=31912"}],"wp:term":[{"taxonomy":"product_brand","embeddable":true,"href":"https:\/\/naturalpoland.com\/de\/wp-json\/wp\/v2\/product_brand?post=31912"},{"taxonomy":"product_cat","embeddable":true,"href":"https:\/\/naturalpoland.com\/de\/wp-json\/wp\/v2\/product_cat?post=31912"},{"taxonomy":"product_tag","embeddable":true,"href":"https:\/\/naturalpoland.com\/de\/wp-json\/wp\/v2\/product_tag?post=31912"}],"curies":[{"name":"wp","href":"https:\/\/api.w.org\/{rel}","templated":true}]}}