{"id":31951,"date":"2024-05-14T12:11:05","date_gmt":"2024-05-14T10:12:20","guid":{"rendered":"https:\/\/naturalpoland.com\/produkty\/unkategorisiert\/vitamin-a\/"},"modified":"2024-05-14T12:12:20","modified_gmt":"2024-05-14T10:12:20","slug":"vitamin-a","status":"publish","type":"product","link":"https:\/\/naturalpoland.com\/de\/produkte\/produkte-fur-die-kosmetikindustrie\/rohstoffe-fur-kosmetika\/vitamin-a\/","title":{"rendered":"Vitamin A"},"content":{"rendered":"<p>Wir bieten verschiedene Formen von Vitamin A an, um den spezifischen Bed\u00fcrfnissen unserer Kunden aus der Lebensmittel- und Kosmetikindustrie gerecht zu werden:<\/p>\n<h3>Vitamin A-Acetat 2,8 MIU\/G<\/h3>\n<p>Es handelt sich um Vitamin A in Acetatform mit einer Konzentration von 2,8 MIU\/G, einer sehr stabilen Form dieses Vitamins. Es findet Anwendung in Produkten, die eine lange Haltbarkeit erfordern, wie <strong>Cremes<\/strong>, <strong>Lotionen<\/strong> und <strong>Nahrungserg\u00e4nzungsmittel<\/strong>. Dank seiner Stabilit\u00e4t sch\u00fctzt es die Haut wirksam vor freien Radikalen, f\u00f6rdert ihre Regeneration und verbessert ihr Aussehen.<\/p>\n<h3>Vitamin A Palmitat 1.0 MIU\/G<\/h3>\n<p>Diese Form von Vitamin A ist mit <strong>Palmitins\u00e4ure<\/strong> kombiniert <strong>.<\/strong> Es zeichnet sich durch seine leichte Aufnahme durch den K\u00f6rper aus. Es bietet 1,0 MIU\/G, ideal geeignet f\u00fcr die Anreicherung von Lebensmitteln und als Zutat in kosmetischen Produkten. F\u00f6rdert die Gesundheit der Haut, verbessert die Elastizit\u00e4t und mildert das Erscheinungsbild von feinen Linien.<\/p>\n<h3>Vitamin A Palmitat 1,6 MIU\/G (YYYYPY12)<\/h3>\n<p>Die Sorte Vitamin A Palmitat mit 1,6 MIU\/G ist eine konzentriertere Form dieses Vitamins. Es wurde f\u00fcr fortschrittliche kosmetische Formulierungen und Nahrungserg\u00e4nzungsmittel entwickelt. Die hohe Konzentration erm\u00f6glicht eine effektivere Anti-Aging- und antioxidative Wirkung. Es wird in hochwertigen Produkten verwendet.<\/p>\n<h3>Vitamin A Palmitat 1,7 MIU\/G<\/h3>\n<p>Die st\u00e4rkste Form von Vitamin A in unserem Sortiment enth\u00e4lt 1,7 MIU\/G. Es wird in hochwertigen Produkten verwendet, die die Haut intensiv regenerieren und sie vor Sch\u00e4den durch \u00e4u\u00dfere Einfl\u00fcsse wie UV-Strahlung oder Umweltschadstoffe sch\u00fctzen sollen.<\/p>\n<p>&nbsp;<\/p>\n","protected":false},"excerpt":{"rendered":"<p>Vitamin A hat au\u00dfergew\u00f6hnliche n\u00e4hrende und regenerierende Eigenschaften. Es ist ein wesentlicher Bestandteil vieler Gesundheits- und Sch\u00f6nheitsprodukte.<\/p>\n","protected":false},"featured_media":31943,"template":"","meta":{"_acf_changed":false},"product_brand":[],"product_cat":[381,372],"product_tag":[],"class_list":{"0":"post-31951","1":"product","2":"type-product","3":"status-publish","4":"has-post-thumbnail","6":"product_cat-rohstoffe-fur-kosmetika","7":"product_cat-vitamine","8":"pa_grupa-substancji-retinoide","10":"first","11":"instock","12":"shipping-taxable","13":"product-type-simple"},"acf":[],"yoast_head":"<!-- This site is optimized with the Yoast SEO plugin v27.4 - https:\/\/yoast.com\/product\/yoast-seo-wordpress\/ -->\n<title>Vitamin A - Gro\u00dfhandelsvertrieb<\/title>\n<meta name=\"description\" content=\"Die Verwendung von Vitamin A in Lebensmitteln und kosmetischen Produkten verbessert garantiert den Gesamtzustand und das Aussehen der Haut und unterst\u00fctzt die Gesundheit der Augen.\" \/>\n<meta name=\"robots\" content=\"index, follow, max-snippet:-1, max-image-preview:large, max-video-preview:-1\" \/>\n<link rel=\"canonical\" href=\"https:\/\/naturalpoland.com\/de\/produkte\/produkte-fur-die-kosmetikindustrie\/rohstoffe-fur-kosmetika\/vitamin-a\/\" \/>\n<meta property=\"og:locale\" content=\"de_DE\" \/>\n<meta property=\"og:type\" content=\"article\" \/>\n<meta property=\"og:title\" content=\"Vitamin A - Gro\u00dfhandelsvertrieb\" \/>\n<meta property=\"og:description\" content=\"Die Verwendung von Vitamin A in Lebensmitteln und kosmetischen Produkten verbessert garantiert den Gesamtzustand und das Aussehen der Haut und unterst\u00fctzt die Gesundheit der Augen.\" \/>\n<meta property=\"og:url\" content=\"https:\/\/naturalpoland.com\/de\/produkte\/produkte-fur-die-kosmetikindustrie\/rohstoffe-fur-kosmetika\/vitamin-a\/\" \/>\n<meta property=\"og:site_name\" content=\"NATURAL POLAND - IMPORT UND HANDEL VON ROHSTOFFEN\" \/>\n<meta property=\"article:publisher\" content=\"https:\/\/www.facebook.com\/naturalpoland.b2b\" \/>\n<meta property=\"og:image\" content=\"https:\/\/naturalpoland.com\/wp-content\/uploads\/witamina-a.webp\" \/>\n\t<meta property=\"og:image:width\" content=\"1024\" \/>\n\t<meta property=\"og:image:height\" content=\"1024\" \/>\n\t<meta property=\"og:image:type\" content=\"image\/webp\" \/>\n<script type=\"application\/ld+json\" class=\"yoast-schema-graph\">{\"@context\":\"https:\\\/\\\/schema.org\",\"@graph\":[{\"@type\":\"WebPage\",\"@id\":\"https:\\\/\\\/naturalpoland.com\\\/de\\\/produkte\\\/produkte-fur-die-kosmetikindustrie\\\/rohstoffe-fur-kosmetika\\\/vitamin-a\\\/\",\"url\":\"https:\\\/\\\/naturalpoland.com\\\/de\\\/produkte\\\/produkte-fur-die-kosmetikindustrie\\\/rohstoffe-fur-kosmetika\\\/vitamin-a\\\/\",\"name\":\"Vitamin A - Gro\u00dfhandelsvertrieb\",\"isPartOf\":{\"@id\":\"https:\\\/\\\/naturalpoland.com\\\/de\\\/#website\"},\"primaryImageOfPage\":{\"@id\":\"https:\\\/\\\/naturalpoland.com\\\/de\\\/produkte\\\/produkte-fur-die-kosmetikindustrie\\\/rohstoffe-fur-kosmetika\\\/vitamin-a\\\/#primaryimage\"},\"image\":{\"@id\":\"https:\\\/\\\/naturalpoland.com\\\/de\\\/produkte\\\/produkte-fur-die-kosmetikindustrie\\\/rohstoffe-fur-kosmetika\\\/vitamin-a\\\/#primaryimage\"},\"thumbnailUrl\":\"https:\\\/\\\/naturalpoland.com\\\/wp-content\\\/uploads\\\/witamina-a.webp\",\"datePublished\":\"2024-05-14T10:12:20+00:00\",\"description\":\"Die Verwendung von Vitamin A in Lebensmitteln und kosmetischen Produkten verbessert garantiert den Gesamtzustand und das Aussehen der Haut und unterst\u00fctzt die Gesundheit der Augen.\",\"breadcrumb\":{\"@id\":\"https:\\\/\\\/naturalpoland.com\\\/de\\\/produkte\\\/produkte-fur-die-kosmetikindustrie\\\/rohstoffe-fur-kosmetika\\\/vitamin-a\\\/#breadcrumb\"},\"inLanguage\":\"de\",\"potentialAction\":[{\"@type\":\"ReadAction\",\"target\":[\"https:\\\/\\\/naturalpoland.com\\\/de\\\/produkte\\\/produkte-fur-die-kosmetikindustrie\\\/rohstoffe-fur-kosmetika\\\/vitamin-a\\\/\"]}]},{\"@type\":\"ImageObject\",\"inLanguage\":\"de\",\"@id\":\"https:\\\/\\\/naturalpoland.com\\\/de\\\/produkte\\\/produkte-fur-die-kosmetikindustrie\\\/rohstoffe-fur-kosmetika\\\/vitamin-a\\\/#primaryimage\",\"url\":\"https:\\\/\\\/naturalpoland.com\\\/wp-content\\\/uploads\\\/witamina-a.webp\",\"contentUrl\":\"https:\\\/\\\/naturalpoland.com\\\/wp-content\\\/uploads\\\/witamina-a.webp\",\"width\":1024,\"height\":1024,\"caption\":\"Witamina A\"},{\"@type\":\"BreadcrumbList\",\"@id\":\"https:\\\/\\\/naturalpoland.com\\\/de\\\/produkte\\\/produkte-fur-die-kosmetikindustrie\\\/rohstoffe-fur-kosmetika\\\/vitamin-a\\\/#breadcrumb\",\"itemListElement\":[{\"@type\":\"ListItem\",\"position\":1,\"name\":\"Startseite\",\"item\":\"https:\\\/\\\/naturalpoland.com\\\/de\\\/\"},{\"@type\":\"ListItem\",\"position\":2,\"name\":\"Produkte\",\"item\":\"https:\\\/\\\/naturalpoland.com\\\/de\\\/produkte\\\/\"},{\"@type\":\"ListItem\",\"position\":3,\"name\":\"Vitamin A\"}]},{\"@type\":\"WebSite\",\"@id\":\"https:\\\/\\\/naturalpoland.com\\\/de\\\/#website\",\"url\":\"https:\\\/\\\/naturalpoland.com\\\/de\\\/\",\"name\":\"NATURAL POLAND - IMPORT UND HANDEL VON ROHSTOFFEN\",\"description\":\"Rohstoffe f\u00fcr die Lebensmittelindustrie, Kosmetikindustrie, Pharmaindustrie\",\"publisher\":{\"@id\":\"https:\\\/\\\/naturalpoland.com\\\/de\\\/#organization\"},\"potentialAction\":[{\"@type\":\"SearchAction\",\"target\":{\"@type\":\"EntryPoint\",\"urlTemplate\":\"https:\\\/\\\/naturalpoland.com\\\/de\\\/?s={search_term_string}\"},\"query-input\":{\"@type\":\"PropertyValueSpecification\",\"valueRequired\":true,\"valueName\":\"search_term_string\"}}],\"inLanguage\":\"de\"},{\"@type\":\"Organization\",\"@id\":\"https:\\\/\\\/naturalpoland.com\\\/de\\\/#organization\",\"name\":\"Natural Poland\",\"url\":\"https:\\\/\\\/naturalpoland.com\\\/de\\\/\",\"logo\":{\"@type\":\"ImageObject\",\"inLanguage\":\"de\",\"@id\":\"https:\\\/\\\/naturalpoland.com\\\/de\\\/#\\\/schema\\\/logo\\\/image\\\/\",\"url\":\"https:\\\/\\\/naturalpoland.com\\\/wp-content\\\/uploads\\\/2021\\\/05\\\/natural-poland-icon.png\",\"contentUrl\":\"https:\\\/\\\/naturalpoland.com\\\/wp-content\\\/uploads\\\/2021\\\/05\\\/natural-poland-icon.png\",\"width\":512,\"height\":512,\"caption\":\"Natural Poland\"},\"image\":{\"@id\":\"https:\\\/\\\/naturalpoland.com\\\/de\\\/#\\\/schema\\\/logo\\\/image\\\/\"},\"sameAs\":[\"https:\\\/\\\/www.facebook.com\\\/naturalpoland.b2b\",\"https:\\\/\\\/pl.linkedin.com\\\/company\\\/natural-poland\",\"https:\\\/\\\/www.youtube.com\\\/channel\\\/UCgeGGkvOMahZo-xu_MSEWxg\"]}]}<\/script>\n<!-- \/ Yoast SEO plugin. -->","yoast_head_json":{"title":"Vitamin A - Gro\u00dfhandelsvertrieb","description":"Die Verwendung von Vitamin A in Lebensmitteln und kosmetischen Produkten verbessert garantiert den Gesamtzustand und das Aussehen der Haut und unterst\u00fctzt die Gesundheit der Augen.","robots":{"index":"index","follow":"follow","max-snippet":"max-snippet:-1","max-image-preview":"max-image-preview:large","max-video-preview":"max-video-preview:-1"},"canonical":"https:\/\/naturalpoland.com\/de\/produkte\/produkte-fur-die-kosmetikindustrie\/rohstoffe-fur-kosmetika\/vitamin-a\/","og_locale":"de_DE","og_type":"article","og_title":"Vitamin A - Gro\u00dfhandelsvertrieb","og_description":"Die Verwendung von Vitamin A in Lebensmitteln und kosmetischen Produkten verbessert garantiert den Gesamtzustand und das Aussehen der Haut und unterst\u00fctzt die Gesundheit der Augen.","og_url":"https:\/\/naturalpoland.com\/de\/produkte\/produkte-fur-die-kosmetikindustrie\/rohstoffe-fur-kosmetika\/vitamin-a\/","og_site_name":"NATURAL POLAND - IMPORT UND HANDEL VON ROHSTOFFEN","article_publisher":"https:\/\/www.facebook.com\/naturalpoland.b2b","og_image":[{"width":1024,"height":1024,"url":"https:\/\/naturalpoland.com\/wp-content\/uploads\/witamina-a.webp","type":"image\/webp"}],"schema":{"@context":"https:\/\/schema.org","@graph":[{"@type":"WebPage","@id":"https:\/\/naturalpoland.com\/de\/produkte\/produkte-fur-die-kosmetikindustrie\/rohstoffe-fur-kosmetika\/vitamin-a\/","url":"https:\/\/naturalpoland.com\/de\/produkte\/produkte-fur-die-kosmetikindustrie\/rohstoffe-fur-kosmetika\/vitamin-a\/","name":"Vitamin A - Gro\u00dfhandelsvertrieb","isPartOf":{"@id":"https:\/\/naturalpoland.com\/de\/#website"},"primaryImageOfPage":{"@id":"https:\/\/naturalpoland.com\/de\/produkte\/produkte-fur-die-kosmetikindustrie\/rohstoffe-fur-kosmetika\/vitamin-a\/#primaryimage"},"image":{"@id":"https:\/\/naturalpoland.com\/de\/produkte\/produkte-fur-die-kosmetikindustrie\/rohstoffe-fur-kosmetika\/vitamin-a\/#primaryimage"},"thumbnailUrl":"https:\/\/naturalpoland.com\/wp-content\/uploads\/witamina-a.webp","datePublished":"2024-05-14T10:12:20+00:00","description":"Die Verwendung von Vitamin A in Lebensmitteln und kosmetischen Produkten verbessert garantiert den Gesamtzustand und das Aussehen der Haut und unterst\u00fctzt die Gesundheit der Augen.","breadcrumb":{"@id":"https:\/\/naturalpoland.com\/de\/produkte\/produkte-fur-die-kosmetikindustrie\/rohstoffe-fur-kosmetika\/vitamin-a\/#breadcrumb"},"inLanguage":"de","potentialAction":[{"@type":"ReadAction","target":["https:\/\/naturalpoland.com\/de\/produkte\/produkte-fur-die-kosmetikindustrie\/rohstoffe-fur-kosmetika\/vitamin-a\/"]}]},{"@type":"ImageObject","inLanguage":"de","@id":"https:\/\/naturalpoland.com\/de\/produkte\/produkte-fur-die-kosmetikindustrie\/rohstoffe-fur-kosmetika\/vitamin-a\/#primaryimage","url":"https:\/\/naturalpoland.com\/wp-content\/uploads\/witamina-a.webp","contentUrl":"https:\/\/naturalpoland.com\/wp-content\/uploads\/witamina-a.webp","width":1024,"height":1024,"caption":"Witamina A"},{"@type":"BreadcrumbList","@id":"https:\/\/naturalpoland.com\/de\/produkte\/produkte-fur-die-kosmetikindustrie\/rohstoffe-fur-kosmetika\/vitamin-a\/#breadcrumb","itemListElement":[{"@type":"ListItem","position":1,"name":"Startseite","item":"https:\/\/naturalpoland.com\/de\/"},{"@type":"ListItem","position":2,"name":"Produkte","item":"https:\/\/naturalpoland.com\/de\/produkte\/"},{"@type":"ListItem","position":3,"name":"Vitamin A"}]},{"@type":"WebSite","@id":"https:\/\/naturalpoland.com\/de\/#website","url":"https:\/\/naturalpoland.com\/de\/","name":"NATURAL POLAND - IMPORT UND HANDEL VON ROHSTOFFEN","description":"Rohstoffe f\u00fcr die Lebensmittelindustrie, Kosmetikindustrie, Pharmaindustrie","publisher":{"@id":"https:\/\/naturalpoland.com\/de\/#organization"},"potentialAction":[{"@type":"SearchAction","target":{"@type":"EntryPoint","urlTemplate":"https:\/\/naturalpoland.com\/de\/?s={search_term_string}"},"query-input":{"@type":"PropertyValueSpecification","valueRequired":true,"valueName":"search_term_string"}}],"inLanguage":"de"},{"@type":"Organization","@id":"https:\/\/naturalpoland.com\/de\/#organization","name":"Natural Poland","url":"https:\/\/naturalpoland.com\/de\/","logo":{"@type":"ImageObject","inLanguage":"de","@id":"https:\/\/naturalpoland.com\/de\/#\/schema\/logo\/image\/","url":"https:\/\/naturalpoland.com\/wp-content\/uploads\/2021\/05\/natural-poland-icon.png","contentUrl":"https:\/\/naturalpoland.com\/wp-content\/uploads\/2021\/05\/natural-poland-icon.png","width":512,"height":512,"caption":"Natural Poland"},"image":{"@id":"https:\/\/naturalpoland.com\/de\/#\/schema\/logo\/image\/"},"sameAs":["https:\/\/www.facebook.com\/naturalpoland.b2b","https:\/\/pl.linkedin.com\/company\/natural-poland","https:\/\/www.youtube.com\/channel\/UCgeGGkvOMahZo-xu_MSEWxg"]}]}},"_links":{"self":[{"href":"https:\/\/naturalpoland.com\/de\/wp-json\/wp\/v2\/product\/31951","targetHints":{"allow":["GET"]}}],"collection":[{"href":"https:\/\/naturalpoland.com\/de\/wp-json\/wp\/v2\/product"}],"about":[{"href":"https:\/\/naturalpoland.com\/de\/wp-json\/wp\/v2\/types\/product"}],"wp:featuredmedia":[{"embeddable":true,"href":"https:\/\/naturalpoland.com\/de\/wp-json\/wp\/v2\/media\/31943"}],"wp:attachment":[{"href":"https:\/\/naturalpoland.com\/de\/wp-json\/wp\/v2\/media?parent=31951"}],"wp:term":[{"taxonomy":"product_brand","embeddable":true,"href":"https:\/\/naturalpoland.com\/de\/wp-json\/wp\/v2\/product_brand?post=31951"},{"taxonomy":"product_cat","embeddable":true,"href":"https:\/\/naturalpoland.com\/de\/wp-json\/wp\/v2\/product_cat?post=31951"},{"taxonomy":"product_tag","embeddable":true,"href":"https:\/\/naturalpoland.com\/de\/wp-json\/wp\/v2\/product_tag?post=31951"}],"curies":[{"name":"wp","href":"https:\/\/api.w.org\/{rel}","templated":true}]}}