{"id":32248,"date":"2024-05-17T11:26:28","date_gmt":"2024-05-17T12:45:28","guid":{"rendered":"https:\/\/naturalpoland.com\/produkty\/unkategorisiert\/vitamin-d3-cholecalciferol\/"},"modified":"2024-07-24T10:54:02","modified_gmt":"2024-07-24T08:54:02","slug":"vitamin-d3-cholecalciferol","status":"publish","type":"product","link":"https:\/\/naturalpoland.com\/de\/produkte\/produkte-fur-die-pharmaindustrie\/vitamine\/vitamin-d3-cholecalciferol\/","title":{"rendered":"Vitamin D3, Cholecalciferol"},"content":{"rendered":"<p>Vitamin D3 wird auf nat\u00fcrliche Weise in der menschlichen Haut gebildet, wenn sie dem Sonnenlicht (UVB) ausgesetzt ist. Aufgrund der begrenzten Sonneneinstrahlung, insbesondere in gem\u00e4\u00dfigten Klimazonen, ist jedoch h\u00e4ufig eine Supplementierung erforderlich. <\/p>\n<h3>Eigenschaften von Vitamin D3<\/h3>\n<p> Vitamin D3 ist ein Rohstoff, der bei der Herstellung von Nahrungserg\u00e4nzungsmitteln und angereicherten Lebensmitteln wie Milch, Joghurt und Fr\u00fchst\u00fcckszerealien verwendet wird. Es ist wirksamer bei der Erh\u00f6hung und Aufrechterhaltung des Vitamin-D-Spiegels im K\u00f6rper als sein pflanzliches Gegenst\u00fcck, Vitamin D2 (Ergocalciferol). <\/p>\n<h3>Eigenschaften und Anwendungen<\/h3>\n<ol>\n<li>Vitamin D3 ist wichtig f\u00fcr den Aufbau und die Erhaltung starker Knochen und zur Vorbeugung von Osteoporose, da es die Aufnahme von Kalzium und Phosphor aus dem Verdauungstrakt reguliert.<\/li>\n<li>Unterst\u00fctzt das Immunsystem und sch\u00fctzt den K\u00f6rper vor Infektionen. Es hat das Potenzial, das Risiko bestimmter Autoimmunkrankheiten zu verringern.<\/li>\n<li>Es hat eine vorbeugende Wirkung gegen chronische Krankheiten, einschlie\u00dflich bestimmter Arten von Krebs, Herzerkrankungen und Diabetes.<\/li>\n<li>Unterst\u00fctzt die geistige Gesundheit. Sein Mangel kann mit einem h\u00f6heren Risiko f\u00fcr die Entwicklung von Stimmungsst\u00f6rungen, einschlie\u00dflich Depressionen, zusammenh\u00e4ngen.<\/li>\n<\/ol>\n<h3>Rohe Form von Vitamin D3<\/h3>\n<p> Rohes Vitamin D3 ist normalerweise in \u00f6liger Form oder als Pulver erh\u00e4ltlich, das leicht in die Formulierung von Nahrungserg\u00e4nzungsmitteln, angereicherten Lebensmitteln und in pharmazeutischen Produkten eingearbeitet werden kann. Die \u00f6lige Form eignet sich besonders f\u00fcr die Herstellung von weichen Gelkapseln und fl\u00fcssigen Zubereitungen, die die Aufnahme von Vitamin D3 erleichtern.<\/p>\n","protected":false},"excerpt":{"rendered":"<p>Vitamin D3, auch bekannt als Cholecalciferol, ist eine Form von Vitamin D, die eine Schl\u00fcsselrolle bei vielen gesundheitlichen Prozessen im menschlichen K\u00f6rper spielt, einschlie\u00dflich der Regulierung des Kalzium- und Phosphorspiegels. Es ist entscheidend f\u00fcr die Gesundheit von Knochen und Z\u00e4hnen.<\/p>\n","protected":false},"featured_media":32124,"template":"","meta":[],"product_brand":[],"product_cat":[372],"product_tag":[],"class_list":{"0":"post-32248","1":"product","2":"type-product","3":"status-publish","4":"has-post-thumbnail","6":"product_cat-vitamine","8":"first","9":"instock","10":"shipping-taxable","11":"product-type-simple"},"yoast_head":"<!-- This site is optimized with the Yoast SEO plugin v27.4 - https:\/\/yoast.com\/product\/yoast-seo-wordpress\/ -->\n<title>Vitamin D3, Cholecalciferol - Gro\u00dfhandelsvertrieb<\/title>\n<meta name=\"description\" content=\"Vitamin D3, auch bekannt als Cholecalciferol, ist eine Form von Vitamin D, die eine Schl\u00fcsselrolle bei vielen Gesundheitsprozessen im menschlichen K\u00f6rper spielt.\" \/>\n<meta name=\"robots\" content=\"index, follow, max-snippet:-1, max-image-preview:large, max-video-preview:-1\" \/>\n<link rel=\"canonical\" href=\"https:\/\/naturalpoland.com\/de\/produkte\/produkte-fur-die-pharmaindustrie\/vitamine\/vitamin-d3-cholecalciferol\/\" \/>\n<meta property=\"og:locale\" content=\"de_DE\" \/>\n<meta property=\"og:type\" content=\"article\" \/>\n<meta property=\"og:title\" content=\"Vitamin D3, Cholecalciferol - Gro\u00dfhandelsvertrieb\" \/>\n<meta property=\"og:description\" content=\"Vitamin D3, auch bekannt als Cholecalciferol, ist eine Form von Vitamin D, die eine Schl\u00fcsselrolle bei vielen Gesundheitsprozessen im menschlichen K\u00f6rper spielt.\" \/>\n<meta property=\"og:url\" content=\"https:\/\/naturalpoland.com\/de\/produkte\/produkte-fur-die-pharmaindustrie\/vitamine\/vitamin-d3-cholecalciferol\/\" \/>\n<meta property=\"og:site_name\" content=\"NATURAL POLAND - IMPORT UND HANDEL VON ROHSTOFFEN\" \/>\n<meta property=\"article:publisher\" content=\"https:\/\/www.facebook.com\/naturalpoland.b2b\" \/>\n<meta property=\"article:modified_time\" content=\"2024-07-24T08:54:02+00:00\" \/>\n<meta property=\"og:image\" content=\"https:\/\/naturalpoland.com\/wp-content\/uploads\/witamina-d3.webp\" \/>\n\t<meta property=\"og:image:width\" content=\"616\" \/>\n\t<meta property=\"og:image:height\" content=\"616\" \/>\n\t<meta property=\"og:image:type\" content=\"image\/webp\" \/>\n<script type=\"application\/ld+json\" class=\"yoast-schema-graph\">{\"@context\":\"https:\\\/\\\/schema.org\",\"@graph\":[{\"@type\":\"WebPage\",\"@id\":\"https:\\\/\\\/naturalpoland.com\\\/de\\\/produkte\\\/produkte-fur-die-pharmaindustrie\\\/vitamine\\\/vitamin-d3-cholecalciferol\\\/\",\"url\":\"https:\\\/\\\/naturalpoland.com\\\/de\\\/produkte\\\/produkte-fur-die-pharmaindustrie\\\/vitamine\\\/vitamin-d3-cholecalciferol\\\/\",\"name\":\"Vitamin D3, Cholecalciferol - Gro\u00dfhandelsvertrieb\",\"isPartOf\":{\"@id\":\"https:\\\/\\\/naturalpoland.com\\\/de\\\/#website\"},\"primaryImageOfPage\":{\"@id\":\"https:\\\/\\\/naturalpoland.com\\\/de\\\/produkte\\\/produkte-fur-die-pharmaindustrie\\\/vitamine\\\/vitamin-d3-cholecalciferol\\\/#primaryimage\"},\"image\":{\"@id\":\"https:\\\/\\\/naturalpoland.com\\\/de\\\/produkte\\\/produkte-fur-die-pharmaindustrie\\\/vitamine\\\/vitamin-d3-cholecalciferol\\\/#primaryimage\"},\"thumbnailUrl\":\"https:\\\/\\\/naturalpoland.com\\\/wp-content\\\/uploads\\\/witamina-d3.webp\",\"datePublished\":\"2024-05-17T12:45:28+00:00\",\"dateModified\":\"2024-07-24T08:54:02+00:00\",\"description\":\"Vitamin D3, auch bekannt als Cholecalciferol, ist eine Form von Vitamin D, die eine Schl\u00fcsselrolle bei vielen Gesundheitsprozessen im menschlichen K\u00f6rper spielt.\",\"breadcrumb\":{\"@id\":\"https:\\\/\\\/naturalpoland.com\\\/de\\\/produkte\\\/produkte-fur-die-pharmaindustrie\\\/vitamine\\\/vitamin-d3-cholecalciferol\\\/#breadcrumb\"},\"inLanguage\":\"de\",\"potentialAction\":[{\"@type\":\"ReadAction\",\"target\":[\"https:\\\/\\\/naturalpoland.com\\\/de\\\/produkte\\\/produkte-fur-die-pharmaindustrie\\\/vitamine\\\/vitamin-d3-cholecalciferol\\\/\"]}]},{\"@type\":\"ImageObject\",\"inLanguage\":\"de\",\"@id\":\"https:\\\/\\\/naturalpoland.com\\\/de\\\/produkte\\\/produkte-fur-die-pharmaindustrie\\\/vitamine\\\/vitamin-d3-cholecalciferol\\\/#primaryimage\",\"url\":\"https:\\\/\\\/naturalpoland.com\\\/wp-content\\\/uploads\\\/witamina-d3.webp\",\"contentUrl\":\"https:\\\/\\\/naturalpoland.com\\\/wp-content\\\/uploads\\\/witamina-d3.webp\",\"width\":616,\"height\":616,\"caption\":\"witamina D3\"},{\"@type\":\"BreadcrumbList\",\"@id\":\"https:\\\/\\\/naturalpoland.com\\\/de\\\/produkte\\\/produkte-fur-die-pharmaindustrie\\\/vitamine\\\/vitamin-d3-cholecalciferol\\\/#breadcrumb\",\"itemListElement\":[{\"@type\":\"ListItem\",\"position\":1,\"name\":\"Startseite\",\"item\":\"https:\\\/\\\/naturalpoland.com\\\/de\\\/\"},{\"@type\":\"ListItem\",\"position\":2,\"name\":\"Produkte\",\"item\":\"https:\\\/\\\/naturalpoland.com\\\/de\\\/produkte\\\/\"},{\"@type\":\"ListItem\",\"position\":3,\"name\":\"Vitamin D3, Cholecalciferol\"}]},{\"@type\":\"WebSite\",\"@id\":\"https:\\\/\\\/naturalpoland.com\\\/de\\\/#website\",\"url\":\"https:\\\/\\\/naturalpoland.com\\\/de\\\/\",\"name\":\"NATURAL POLAND - IMPORT UND HANDEL VON ROHSTOFFEN\",\"description\":\"Rohstoffe f\u00fcr die Lebensmittelindustrie, Kosmetikindustrie, Pharmaindustrie\",\"publisher\":{\"@id\":\"https:\\\/\\\/naturalpoland.com\\\/de\\\/#organization\"},\"potentialAction\":[{\"@type\":\"SearchAction\",\"target\":{\"@type\":\"EntryPoint\",\"urlTemplate\":\"https:\\\/\\\/naturalpoland.com\\\/de\\\/?s={search_term_string}\"},\"query-input\":{\"@type\":\"PropertyValueSpecification\",\"valueRequired\":true,\"valueName\":\"search_term_string\"}}],\"inLanguage\":\"de\"},{\"@type\":\"Organization\",\"@id\":\"https:\\\/\\\/naturalpoland.com\\\/de\\\/#organization\",\"name\":\"Natural Poland\",\"url\":\"https:\\\/\\\/naturalpoland.com\\\/de\\\/\",\"logo\":{\"@type\":\"ImageObject\",\"inLanguage\":\"de\",\"@id\":\"https:\\\/\\\/naturalpoland.com\\\/de\\\/#\\\/schema\\\/logo\\\/image\\\/\",\"url\":\"https:\\\/\\\/naturalpoland.com\\\/wp-content\\\/uploads\\\/2021\\\/05\\\/natural-poland-icon.png\",\"contentUrl\":\"https:\\\/\\\/naturalpoland.com\\\/wp-content\\\/uploads\\\/2021\\\/05\\\/natural-poland-icon.png\",\"width\":512,\"height\":512,\"caption\":\"Natural Poland\"},\"image\":{\"@id\":\"https:\\\/\\\/naturalpoland.com\\\/de\\\/#\\\/schema\\\/logo\\\/image\\\/\"},\"sameAs\":[\"https:\\\/\\\/www.facebook.com\\\/naturalpoland.b2b\",\"https:\\\/\\\/pl.linkedin.com\\\/company\\\/natural-poland\",\"https:\\\/\\\/www.youtube.com\\\/channel\\\/UCgeGGkvOMahZo-xu_MSEWxg\"]}]}<\/script>\n<!-- \/ Yoast SEO plugin. -->","yoast_head_json":{"title":"Vitamin D3, Cholecalciferol - Gro\u00dfhandelsvertrieb","description":"Vitamin D3, auch bekannt als Cholecalciferol, ist eine Form von Vitamin D, die eine Schl\u00fcsselrolle bei vielen Gesundheitsprozessen im menschlichen K\u00f6rper spielt.","robots":{"index":"index","follow":"follow","max-snippet":"max-snippet:-1","max-image-preview":"max-image-preview:large","max-video-preview":"max-video-preview:-1"},"canonical":"https:\/\/naturalpoland.com\/de\/produkte\/produkte-fur-die-pharmaindustrie\/vitamine\/vitamin-d3-cholecalciferol\/","og_locale":"de_DE","og_type":"article","og_title":"Vitamin D3, Cholecalciferol - Gro\u00dfhandelsvertrieb","og_description":"Vitamin D3, auch bekannt als Cholecalciferol, ist eine Form von Vitamin D, die eine Schl\u00fcsselrolle bei vielen Gesundheitsprozessen im menschlichen K\u00f6rper spielt.","og_url":"https:\/\/naturalpoland.com\/de\/produkte\/produkte-fur-die-pharmaindustrie\/vitamine\/vitamin-d3-cholecalciferol\/","og_site_name":"NATURAL POLAND - IMPORT UND HANDEL VON ROHSTOFFEN","article_publisher":"https:\/\/www.facebook.com\/naturalpoland.b2b","article_modified_time":"2024-07-24T08:54:02+00:00","og_image":[{"width":616,"height":616,"url":"https:\/\/naturalpoland.com\/wp-content\/uploads\/witamina-d3.webp","type":"image\/webp"}],"schema":{"@context":"https:\/\/schema.org","@graph":[{"@type":"WebPage","@id":"https:\/\/naturalpoland.com\/de\/produkte\/produkte-fur-die-pharmaindustrie\/vitamine\/vitamin-d3-cholecalciferol\/","url":"https:\/\/naturalpoland.com\/de\/produkte\/produkte-fur-die-pharmaindustrie\/vitamine\/vitamin-d3-cholecalciferol\/","name":"Vitamin D3, Cholecalciferol - Gro\u00dfhandelsvertrieb","isPartOf":{"@id":"https:\/\/naturalpoland.com\/de\/#website"},"primaryImageOfPage":{"@id":"https:\/\/naturalpoland.com\/de\/produkte\/produkte-fur-die-pharmaindustrie\/vitamine\/vitamin-d3-cholecalciferol\/#primaryimage"},"image":{"@id":"https:\/\/naturalpoland.com\/de\/produkte\/produkte-fur-die-pharmaindustrie\/vitamine\/vitamin-d3-cholecalciferol\/#primaryimage"},"thumbnailUrl":"https:\/\/naturalpoland.com\/wp-content\/uploads\/witamina-d3.webp","datePublished":"2024-05-17T12:45:28+00:00","dateModified":"2024-07-24T08:54:02+00:00","description":"Vitamin D3, auch bekannt als Cholecalciferol, ist eine Form von Vitamin D, die eine Schl\u00fcsselrolle bei vielen Gesundheitsprozessen im menschlichen K\u00f6rper spielt.","breadcrumb":{"@id":"https:\/\/naturalpoland.com\/de\/produkte\/produkte-fur-die-pharmaindustrie\/vitamine\/vitamin-d3-cholecalciferol\/#breadcrumb"},"inLanguage":"de","potentialAction":[{"@type":"ReadAction","target":["https:\/\/naturalpoland.com\/de\/produkte\/produkte-fur-die-pharmaindustrie\/vitamine\/vitamin-d3-cholecalciferol\/"]}]},{"@type":"ImageObject","inLanguage":"de","@id":"https:\/\/naturalpoland.com\/de\/produkte\/produkte-fur-die-pharmaindustrie\/vitamine\/vitamin-d3-cholecalciferol\/#primaryimage","url":"https:\/\/naturalpoland.com\/wp-content\/uploads\/witamina-d3.webp","contentUrl":"https:\/\/naturalpoland.com\/wp-content\/uploads\/witamina-d3.webp","width":616,"height":616,"caption":"witamina D3"},{"@type":"BreadcrumbList","@id":"https:\/\/naturalpoland.com\/de\/produkte\/produkte-fur-die-pharmaindustrie\/vitamine\/vitamin-d3-cholecalciferol\/#breadcrumb","itemListElement":[{"@type":"ListItem","position":1,"name":"Startseite","item":"https:\/\/naturalpoland.com\/de\/"},{"@type":"ListItem","position":2,"name":"Produkte","item":"https:\/\/naturalpoland.com\/de\/produkte\/"},{"@type":"ListItem","position":3,"name":"Vitamin D3, Cholecalciferol"}]},{"@type":"WebSite","@id":"https:\/\/naturalpoland.com\/de\/#website","url":"https:\/\/naturalpoland.com\/de\/","name":"NATURAL POLAND - IMPORT UND HANDEL VON ROHSTOFFEN","description":"Rohstoffe f\u00fcr die Lebensmittelindustrie, Kosmetikindustrie, Pharmaindustrie","publisher":{"@id":"https:\/\/naturalpoland.com\/de\/#organization"},"potentialAction":[{"@type":"SearchAction","target":{"@type":"EntryPoint","urlTemplate":"https:\/\/naturalpoland.com\/de\/?s={search_term_string}"},"query-input":{"@type":"PropertyValueSpecification","valueRequired":true,"valueName":"search_term_string"}}],"inLanguage":"de"},{"@type":"Organization","@id":"https:\/\/naturalpoland.com\/de\/#organization","name":"Natural Poland","url":"https:\/\/naturalpoland.com\/de\/","logo":{"@type":"ImageObject","inLanguage":"de","@id":"https:\/\/naturalpoland.com\/de\/#\/schema\/logo\/image\/","url":"https:\/\/naturalpoland.com\/wp-content\/uploads\/2021\/05\/natural-poland-icon.png","contentUrl":"https:\/\/naturalpoland.com\/wp-content\/uploads\/2021\/05\/natural-poland-icon.png","width":512,"height":512,"caption":"Natural Poland"},"image":{"@id":"https:\/\/naturalpoland.com\/de\/#\/schema\/logo\/image\/"},"sameAs":["https:\/\/www.facebook.com\/naturalpoland.b2b","https:\/\/pl.linkedin.com\/company\/natural-poland","https:\/\/www.youtube.com\/channel\/UCgeGGkvOMahZo-xu_MSEWxg"]}]}},"_links":{"self":[{"href":"https:\/\/naturalpoland.com\/de\/wp-json\/wp\/v2\/product\/32248","targetHints":{"allow":["GET"]}}],"collection":[{"href":"https:\/\/naturalpoland.com\/de\/wp-json\/wp\/v2\/product"}],"about":[{"href":"https:\/\/naturalpoland.com\/de\/wp-json\/wp\/v2\/types\/product"}],"wp:featuredmedia":[{"embeddable":true,"href":"https:\/\/naturalpoland.com\/de\/wp-json\/wp\/v2\/media\/32124"}],"wp:attachment":[{"href":"https:\/\/naturalpoland.com\/de\/wp-json\/wp\/v2\/media?parent=32248"}],"wp:term":[{"taxonomy":"product_brand","embeddable":true,"href":"https:\/\/naturalpoland.com\/de\/wp-json\/wp\/v2\/product_brand?post=32248"},{"taxonomy":"product_cat","embeddable":true,"href":"https:\/\/naturalpoland.com\/de\/wp-json\/wp\/v2\/product_cat?post=32248"},{"taxonomy":"product_tag","embeddable":true,"href":"https:\/\/naturalpoland.com\/de\/wp-json\/wp\/v2\/product_tag?post=32248"}],"curies":[{"name":"wp","href":"https:\/\/api.w.org\/{rel}","templated":true}]}}