{"id":32344,"date":"2024-05-20T13:51:41","date_gmt":"2024-05-20T13:25:38","guid":{"rendered":"https:\/\/naturalpoland.com\/produkty\/unkategorisiert\/lotusblumen-blatthydrolat\/"},"modified":"2024-05-20T15:25:38","modified_gmt":"2024-05-20T13:25:38","slug":"lotusblumen-blatthydrolat","status":"publish","type":"product","link":"https:\/\/naturalpoland.com\/de\/produkte\/produkte-fur-die-kosmetikindustrie\/blutenwasser\/lotusblumen-blatthydrolat\/","title":{"rendered":"Lotusbl\u00fctenblatt-Hydrolat"},"content":{"rendered":"<p>Lotusbl\u00fctenblatthydrolat ist reich an nat\u00fcrlichen N\u00e4hrstoffen wie Vitaminen (insbesondere Vitamin C), Mineralien, Antioxidantien und anderen bioaktiven Verbindungen, die die Gesundheit und Vitalit\u00e4t der Haut unterst\u00fctzen. Es hat eine leichte, w\u00e4ssrige Textur und ist ideal als Bestandteil von feuchtigkeitsspendenden und tonisierenden Produkten.<\/p>\n<h3>Eigenschaften von Lotosblatthydrolat<\/h3>\n<p>Lotusbl\u00fctenblatt-Hydrolat spendet der Haut intensiv Feuchtigkeit. Es bildet auf der Oberfl\u00e4che eine weiche, sch\u00fctzende Schicht, die hilft, die Feuchtigkeit zu speichern.<\/p>\n<p>Dank seiner beruhigenden Eigenschaften ist dieses Hydrolat ideal f\u00fcr empfindliche und gereizte Haut. Es kann helfen, R\u00f6tungen und Reizungen zu lindern.<\/p>\n<p>Lotusbl\u00fctenblatt-Hydrolat erfrischt die Haut und hinterl\u00e4sst ein sauberes und leichtes Gef\u00fchl. Es eignet sich gut als Tonikum zur Belebung der Haut, besonders an warmen Sommertagen.<\/p>\n<h3>Kosmetische Anwendungen<\/h3>\n<p>Lotusbl\u00fctenblatthydrolat wird in einer breiten Palette von kosmetischen Produkten verwendet. Es kann als Bestandteil von Tonics, Gesichtsnebeln und feuchtigkeitsspendenden Seren verwendet werden. In After-Sun-Produkten sind seine beruhigenden und erfrischenden Eigenschaften besonders wertvoll. Au\u00dferdem tr\u00e4gt es dank seiner antioxidativen Eigenschaften dazu bei, die Haut vor vorzeitiger Alterung zu sch\u00fctzen.<\/p>\n","protected":false},"excerpt":{"rendered":"<p>Lotusbl\u00fctenblatthydrolat ist ein delikater, w\u00e4ssriger Extrakt, der aus den Bl\u00e4ttern einer der poetischsten und symboltr\u00e4chtigsten Pflanzen der Menschheitsgeschichte gewonnen wird &#8211; der Lotusblume, die f\u00fcr ihre reinigenden und beruhigenden Eigenschaften bekannt ist.<\/p>\n","protected":false},"featured_media":32333,"template":"","meta":{"_acf_changed":false},"product_brand":[],"product_cat":[3552],"product_tag":[],"class_list":{"0":"post-32344","1":"product","2":"type-product","3":"status-publish","4":"has-post-thumbnail","6":"product_cat-blutenwasser","7":"pa_grupa-substancji-destillate","9":"first","10":"instock","11":"shipping-taxable","12":"product-type-simple"},"acf":[],"yoast_head":"<!-- This site is optimized with the Yoast SEO plugin v27.4 - https:\/\/yoast.com\/product\/yoast-seo-wordpress\/ -->\n<title>Lotusbl\u00fctenblatt-Hydrolat - NATURAL POLAND - IMPORT UND HANDEL VON ROHSTOFFEN<\/title>\n<meta name=\"description\" content=\"Lotusbl\u00fctenblatthydrolat ist ein au\u00dfergew\u00f6hnlicher kosmetischer Rohstoff, der f\u00fcr seine feuchtigkeitsspendenden, beruhigenden und erfrischenden Eigenschaften gesch\u00e4tzt wird.\" \/>\n<meta name=\"robots\" content=\"index, follow, max-snippet:-1, max-image-preview:large, max-video-preview:-1\" \/>\n<link rel=\"canonical\" href=\"https:\/\/naturalpoland.com\/de\/produkte\/produkte-fur-die-kosmetikindustrie\/blutenwasser\/lotusblumen-blatthydrolat\/\" \/>\n<meta property=\"og:locale\" content=\"de_DE\" \/>\n<meta property=\"og:type\" content=\"article\" \/>\n<meta property=\"og:title\" content=\"Lotusbl\u00fctenblatt-Hydrolat - NATURAL POLAND - IMPORT UND HANDEL VON ROHSTOFFEN\" \/>\n<meta property=\"og:description\" content=\"Lotusbl\u00fctenblatthydrolat ist ein au\u00dfergew\u00f6hnlicher kosmetischer Rohstoff, der f\u00fcr seine feuchtigkeitsspendenden, beruhigenden und erfrischenden Eigenschaften gesch\u00e4tzt wird.\" \/>\n<meta property=\"og:url\" content=\"https:\/\/naturalpoland.com\/de\/produkte\/produkte-fur-die-kosmetikindustrie\/blutenwasser\/lotusblumen-blatthydrolat\/\" \/>\n<meta property=\"og:site_name\" content=\"NATURAL POLAND - IMPORT UND HANDEL VON ROHSTOFFEN\" \/>\n<meta property=\"article:publisher\" content=\"https:\/\/www.facebook.com\/naturalpoland.b2b\" \/>\n<meta property=\"og:image\" content=\"https:\/\/naturalpoland.com\/wp-content\/uploads\/hydrolat-z-lisci-lotosu.webp\" \/>\n\t<meta property=\"og:image:width\" content=\"611\" \/>\n\t<meta property=\"og:image:height\" content=\"611\" \/>\n\t<meta property=\"og:image:type\" content=\"image\/webp\" \/>\n<script type=\"application\/ld+json\" class=\"yoast-schema-graph\">{\"@context\":\"https:\\\/\\\/schema.org\",\"@graph\":[{\"@type\":\"WebPage\",\"@id\":\"https:\\\/\\\/naturalpoland.com\\\/de\\\/produkte\\\/produkte-fur-die-kosmetikindustrie\\\/blutenwasser\\\/lotusblumen-blatthydrolat\\\/\",\"url\":\"https:\\\/\\\/naturalpoland.com\\\/de\\\/produkte\\\/produkte-fur-die-kosmetikindustrie\\\/blutenwasser\\\/lotusblumen-blatthydrolat\\\/\",\"name\":\"Lotusbl\u00fctenblatt-Hydrolat - NATURAL POLAND - IMPORT UND HANDEL VON ROHSTOFFEN\",\"isPartOf\":{\"@id\":\"https:\\\/\\\/naturalpoland.com\\\/de\\\/#website\"},\"primaryImageOfPage\":{\"@id\":\"https:\\\/\\\/naturalpoland.com\\\/de\\\/produkte\\\/produkte-fur-die-kosmetikindustrie\\\/blutenwasser\\\/lotusblumen-blatthydrolat\\\/#primaryimage\"},\"image\":{\"@id\":\"https:\\\/\\\/naturalpoland.com\\\/de\\\/produkte\\\/produkte-fur-die-kosmetikindustrie\\\/blutenwasser\\\/lotusblumen-blatthydrolat\\\/#primaryimage\"},\"thumbnailUrl\":\"https:\\\/\\\/naturalpoland.com\\\/wp-content\\\/uploads\\\/hydrolat-z-lisci-lotosu.webp\",\"datePublished\":\"2024-05-20T13:25:38+00:00\",\"description\":\"Lotusbl\u00fctenblatthydrolat ist ein au\u00dfergew\u00f6hnlicher kosmetischer Rohstoff, der f\u00fcr seine feuchtigkeitsspendenden, beruhigenden und erfrischenden Eigenschaften gesch\u00e4tzt wird.\",\"breadcrumb\":{\"@id\":\"https:\\\/\\\/naturalpoland.com\\\/de\\\/produkte\\\/produkte-fur-die-kosmetikindustrie\\\/blutenwasser\\\/lotusblumen-blatthydrolat\\\/#breadcrumb\"},\"inLanguage\":\"de\",\"potentialAction\":[{\"@type\":\"ReadAction\",\"target\":[\"https:\\\/\\\/naturalpoland.com\\\/de\\\/produkte\\\/produkte-fur-die-kosmetikindustrie\\\/blutenwasser\\\/lotusblumen-blatthydrolat\\\/\"]}]},{\"@type\":\"ImageObject\",\"inLanguage\":\"de\",\"@id\":\"https:\\\/\\\/naturalpoland.com\\\/de\\\/produkte\\\/produkte-fur-die-kosmetikindustrie\\\/blutenwasser\\\/lotusblumen-blatthydrolat\\\/#primaryimage\",\"url\":\"https:\\\/\\\/naturalpoland.com\\\/wp-content\\\/uploads\\\/hydrolat-z-lisci-lotosu.webp\",\"contentUrl\":\"https:\\\/\\\/naturalpoland.com\\\/wp-content\\\/uploads\\\/hydrolat-z-lisci-lotosu.webp\",\"width\":611,\"height\":611,\"caption\":\"Hydrolat z li\u015bci kwiatu lotosu\"},{\"@type\":\"BreadcrumbList\",\"@id\":\"https:\\\/\\\/naturalpoland.com\\\/de\\\/produkte\\\/produkte-fur-die-kosmetikindustrie\\\/blutenwasser\\\/lotusblumen-blatthydrolat\\\/#breadcrumb\",\"itemListElement\":[{\"@type\":\"ListItem\",\"position\":1,\"name\":\"Startseite\",\"item\":\"https:\\\/\\\/naturalpoland.com\\\/de\\\/\"},{\"@type\":\"ListItem\",\"position\":2,\"name\":\"Produkte\",\"item\":\"https:\\\/\\\/naturalpoland.com\\\/de\\\/produkte\\\/\"},{\"@type\":\"ListItem\",\"position\":3,\"name\":\"Lotusbl\u00fctenblatt-Hydrolat\"}]},{\"@type\":\"WebSite\",\"@id\":\"https:\\\/\\\/naturalpoland.com\\\/de\\\/#website\",\"url\":\"https:\\\/\\\/naturalpoland.com\\\/de\\\/\",\"name\":\"NATURAL POLAND - IMPORT UND HANDEL VON ROHSTOFFEN\",\"description\":\"Rohstoffe f\u00fcr die Lebensmittelindustrie, Kosmetikindustrie, Pharmaindustrie\",\"publisher\":{\"@id\":\"https:\\\/\\\/naturalpoland.com\\\/de\\\/#organization\"},\"potentialAction\":[{\"@type\":\"SearchAction\",\"target\":{\"@type\":\"EntryPoint\",\"urlTemplate\":\"https:\\\/\\\/naturalpoland.com\\\/de\\\/?s={search_term_string}\"},\"query-input\":{\"@type\":\"PropertyValueSpecification\",\"valueRequired\":true,\"valueName\":\"search_term_string\"}}],\"inLanguage\":\"de\"},{\"@type\":\"Organization\",\"@id\":\"https:\\\/\\\/naturalpoland.com\\\/de\\\/#organization\",\"name\":\"Natural Poland\",\"url\":\"https:\\\/\\\/naturalpoland.com\\\/de\\\/\",\"logo\":{\"@type\":\"ImageObject\",\"inLanguage\":\"de\",\"@id\":\"https:\\\/\\\/naturalpoland.com\\\/de\\\/#\\\/schema\\\/logo\\\/image\\\/\",\"url\":\"https:\\\/\\\/naturalpoland.com\\\/wp-content\\\/uploads\\\/2021\\\/05\\\/natural-poland-icon.png\",\"contentUrl\":\"https:\\\/\\\/naturalpoland.com\\\/wp-content\\\/uploads\\\/2021\\\/05\\\/natural-poland-icon.png\",\"width\":512,\"height\":512,\"caption\":\"Natural Poland\"},\"image\":{\"@id\":\"https:\\\/\\\/naturalpoland.com\\\/de\\\/#\\\/schema\\\/logo\\\/image\\\/\"},\"sameAs\":[\"https:\\\/\\\/www.facebook.com\\\/naturalpoland.b2b\",\"https:\\\/\\\/pl.linkedin.com\\\/company\\\/natural-poland\",\"https:\\\/\\\/www.youtube.com\\\/channel\\\/UCgeGGkvOMahZo-xu_MSEWxg\"]}]}<\/script>\n<!-- \/ Yoast SEO plugin. -->","yoast_head_json":{"title":"Lotusbl\u00fctenblatt-Hydrolat - NATURAL POLAND - IMPORT UND HANDEL VON ROHSTOFFEN","description":"Lotusbl\u00fctenblatthydrolat ist ein au\u00dfergew\u00f6hnlicher kosmetischer Rohstoff, der f\u00fcr seine feuchtigkeitsspendenden, beruhigenden und erfrischenden Eigenschaften gesch\u00e4tzt wird.","robots":{"index":"index","follow":"follow","max-snippet":"max-snippet:-1","max-image-preview":"max-image-preview:large","max-video-preview":"max-video-preview:-1"},"canonical":"https:\/\/naturalpoland.com\/de\/produkte\/produkte-fur-die-kosmetikindustrie\/blutenwasser\/lotusblumen-blatthydrolat\/","og_locale":"de_DE","og_type":"article","og_title":"Lotusbl\u00fctenblatt-Hydrolat - NATURAL POLAND - IMPORT UND HANDEL VON ROHSTOFFEN","og_description":"Lotusbl\u00fctenblatthydrolat ist ein au\u00dfergew\u00f6hnlicher kosmetischer Rohstoff, der f\u00fcr seine feuchtigkeitsspendenden, beruhigenden und erfrischenden Eigenschaften gesch\u00e4tzt wird.","og_url":"https:\/\/naturalpoland.com\/de\/produkte\/produkte-fur-die-kosmetikindustrie\/blutenwasser\/lotusblumen-blatthydrolat\/","og_site_name":"NATURAL POLAND - IMPORT UND HANDEL VON ROHSTOFFEN","article_publisher":"https:\/\/www.facebook.com\/naturalpoland.b2b","og_image":[{"width":611,"height":611,"url":"https:\/\/naturalpoland.com\/wp-content\/uploads\/hydrolat-z-lisci-lotosu.webp","type":"image\/webp"}],"schema":{"@context":"https:\/\/schema.org","@graph":[{"@type":"WebPage","@id":"https:\/\/naturalpoland.com\/de\/produkte\/produkte-fur-die-kosmetikindustrie\/blutenwasser\/lotusblumen-blatthydrolat\/","url":"https:\/\/naturalpoland.com\/de\/produkte\/produkte-fur-die-kosmetikindustrie\/blutenwasser\/lotusblumen-blatthydrolat\/","name":"Lotusbl\u00fctenblatt-Hydrolat - NATURAL POLAND - IMPORT UND HANDEL VON ROHSTOFFEN","isPartOf":{"@id":"https:\/\/naturalpoland.com\/de\/#website"},"primaryImageOfPage":{"@id":"https:\/\/naturalpoland.com\/de\/produkte\/produkte-fur-die-kosmetikindustrie\/blutenwasser\/lotusblumen-blatthydrolat\/#primaryimage"},"image":{"@id":"https:\/\/naturalpoland.com\/de\/produkte\/produkte-fur-die-kosmetikindustrie\/blutenwasser\/lotusblumen-blatthydrolat\/#primaryimage"},"thumbnailUrl":"https:\/\/naturalpoland.com\/wp-content\/uploads\/hydrolat-z-lisci-lotosu.webp","datePublished":"2024-05-20T13:25:38+00:00","description":"Lotusbl\u00fctenblatthydrolat ist ein au\u00dfergew\u00f6hnlicher kosmetischer Rohstoff, der f\u00fcr seine feuchtigkeitsspendenden, beruhigenden und erfrischenden Eigenschaften gesch\u00e4tzt wird.","breadcrumb":{"@id":"https:\/\/naturalpoland.com\/de\/produkte\/produkte-fur-die-kosmetikindustrie\/blutenwasser\/lotusblumen-blatthydrolat\/#breadcrumb"},"inLanguage":"de","potentialAction":[{"@type":"ReadAction","target":["https:\/\/naturalpoland.com\/de\/produkte\/produkte-fur-die-kosmetikindustrie\/blutenwasser\/lotusblumen-blatthydrolat\/"]}]},{"@type":"ImageObject","inLanguage":"de","@id":"https:\/\/naturalpoland.com\/de\/produkte\/produkte-fur-die-kosmetikindustrie\/blutenwasser\/lotusblumen-blatthydrolat\/#primaryimage","url":"https:\/\/naturalpoland.com\/wp-content\/uploads\/hydrolat-z-lisci-lotosu.webp","contentUrl":"https:\/\/naturalpoland.com\/wp-content\/uploads\/hydrolat-z-lisci-lotosu.webp","width":611,"height":611,"caption":"Hydrolat z li\u015bci kwiatu lotosu"},{"@type":"BreadcrumbList","@id":"https:\/\/naturalpoland.com\/de\/produkte\/produkte-fur-die-kosmetikindustrie\/blutenwasser\/lotusblumen-blatthydrolat\/#breadcrumb","itemListElement":[{"@type":"ListItem","position":1,"name":"Startseite","item":"https:\/\/naturalpoland.com\/de\/"},{"@type":"ListItem","position":2,"name":"Produkte","item":"https:\/\/naturalpoland.com\/de\/produkte\/"},{"@type":"ListItem","position":3,"name":"Lotusbl\u00fctenblatt-Hydrolat"}]},{"@type":"WebSite","@id":"https:\/\/naturalpoland.com\/de\/#website","url":"https:\/\/naturalpoland.com\/de\/","name":"NATURAL POLAND - IMPORT UND HANDEL VON ROHSTOFFEN","description":"Rohstoffe f\u00fcr die Lebensmittelindustrie, Kosmetikindustrie, Pharmaindustrie","publisher":{"@id":"https:\/\/naturalpoland.com\/de\/#organization"},"potentialAction":[{"@type":"SearchAction","target":{"@type":"EntryPoint","urlTemplate":"https:\/\/naturalpoland.com\/de\/?s={search_term_string}"},"query-input":{"@type":"PropertyValueSpecification","valueRequired":true,"valueName":"search_term_string"}}],"inLanguage":"de"},{"@type":"Organization","@id":"https:\/\/naturalpoland.com\/de\/#organization","name":"Natural Poland","url":"https:\/\/naturalpoland.com\/de\/","logo":{"@type":"ImageObject","inLanguage":"de","@id":"https:\/\/naturalpoland.com\/de\/#\/schema\/logo\/image\/","url":"https:\/\/naturalpoland.com\/wp-content\/uploads\/2021\/05\/natural-poland-icon.png","contentUrl":"https:\/\/naturalpoland.com\/wp-content\/uploads\/2021\/05\/natural-poland-icon.png","width":512,"height":512,"caption":"Natural Poland"},"image":{"@id":"https:\/\/naturalpoland.com\/de\/#\/schema\/logo\/image\/"},"sameAs":["https:\/\/www.facebook.com\/naturalpoland.b2b","https:\/\/pl.linkedin.com\/company\/natural-poland","https:\/\/www.youtube.com\/channel\/UCgeGGkvOMahZo-xu_MSEWxg"]}]}},"_links":{"self":[{"href":"https:\/\/naturalpoland.com\/de\/wp-json\/wp\/v2\/product\/32344","targetHints":{"allow":["GET"]}}],"collection":[{"href":"https:\/\/naturalpoland.com\/de\/wp-json\/wp\/v2\/product"}],"about":[{"href":"https:\/\/naturalpoland.com\/de\/wp-json\/wp\/v2\/types\/product"}],"wp:featuredmedia":[{"embeddable":true,"href":"https:\/\/naturalpoland.com\/de\/wp-json\/wp\/v2\/media\/32333"}],"wp:attachment":[{"href":"https:\/\/naturalpoland.com\/de\/wp-json\/wp\/v2\/media?parent=32344"}],"wp:term":[{"taxonomy":"product_brand","embeddable":true,"href":"https:\/\/naturalpoland.com\/de\/wp-json\/wp\/v2\/product_brand?post=32344"},{"taxonomy":"product_cat","embeddable":true,"href":"https:\/\/naturalpoland.com\/de\/wp-json\/wp\/v2\/product_cat?post=32344"},{"taxonomy":"product_tag","embeddable":true,"href":"https:\/\/naturalpoland.com\/de\/wp-json\/wp\/v2\/product_tag?post=32344"}],"curies":[{"name":"wp","href":"https:\/\/api.w.org\/{rel}","templated":true}]}}