{"id":32677,"date":"2024-06-07T15:05:44","date_gmt":"2024-06-13T11:28:59","guid":{"rendered":"https:\/\/naturalpoland.com\/produkty\/unkategorisiert\/d-panthenol-75\/"},"modified":"2024-06-13T13:28:59","modified_gmt":"2024-06-13T11:28:59","slug":"d-panthenol-75","status":"publish","type":"product","link":"https:\/\/naturalpoland.com\/de\/produkte\/produkte-fur-die-kosmetikindustrie\/rohstoffe-fur-kosmetika\/d-panthenol-75\/","title":{"rendered":"D-Panthenol 75%"},"content":{"rendered":"<h3>Eigenschaften von D-Panthenol<\/h3>\n<p>Provitamin B5 ist <strong>hygroskopisch<\/strong>, da es die einzigartige F\u00e4higkeit besitzt,<strong> Wasser anzuziehen und zu binden. <\/strong>Dies macht es zu einem hervorragenden Feuchtigkeitsspender, der die Haut weicher, geschmeidiger und glatter macht.<\/p>\n<p>Das Rohmaterial ist <strong>chemisch<\/strong> sehr <strong>stabil<\/strong>. Es beh\u00e4lt seine Eigenschaften in verschiedenen kosmetischen Formulierungen bei, was es zu einer idealen Erg\u00e4nzung f\u00fcr viele Hautpflegeprodukte macht.<\/p>\n<p>Dank seiner molekularen Struktur dringt D-Panthenol leicht tief in Haut und Haar ein, erh\u00f6ht seine Wirksamkeit und sorgt f\u00fcr lang anhaltende Ergebnisse.<\/p>\n<h3>Wirkung von D-Panthenol<\/h3>\n<p>D-Panthenol wirkt feuchtigkeitsspendend, zieht Wasser in Haut und Haar an und hilft, den Feuchtigkeitsgehalt zu erhalten. Die regelm\u00e4\u00dfige Einnahme von D-Panthenol beugt Trockenheit vor, verbessert die Textur von Haut und Haar und verleiht ihnen einen gesunden Glanz. In der Haut wird D-Panthenol in Pantothens\u00e4ure umgewandelt, die die Regenerationsprozesse der Hautzellen unterst\u00fctzt. Es beschleunigt die Heilung kleinerer Wunden, Sch\u00fcrfwunden und Irritationen, was es zu einem unverzichtbaren Bestandteil von beruhigenden und regenerierenden Produkten macht.<\/p>\n<p>D-Panthenol hat au\u00dferdem eine beruhigende und bes\u00e4nftigende Wirkung. Es wird in Produkten f\u00fcr empfindliche, gereizte und zu Allergien neigende Haut verwendet. Hilft, R\u00f6tungen zu reduzieren und lindert Reizungen.<\/p>\n<p>Die regelm\u00e4\u00dfige Einnahme von D-Panthenol kann die Elastizit\u00e4t der Haut deutlich verbessern und das Gef\u00fchl von Trockenheit und Rauheit verringern. Die Haut wird straffer und widerstandsf\u00e4higer gegen Sch\u00e4den.<\/p>\n<p>In der Haarkosmetik hat D-Panthenol eine st\u00e4rkende Wirkung, verbessert die Haarstruktur, erh\u00f6ht die Elastizit\u00e4t und die Widerstandsf\u00e4higkeit gegen mechanische Sch\u00e4den. Das Haar wird gl\u00e4nzender, st\u00e4rker und weniger anf\u00e4llig f\u00fcr Haarbruch.<\/p>\n<h3>Anwendung von D-Panthenol<\/h3>\n<p><strong>Hautpflege Kosmetik<\/strong><\/p>\n<p>Cremes, Lotionen, Seren, beruhigende Salben &#8211; D-Panthenol ist ein Inhaltsstoff, der dank seiner vielseitigen feuchtigkeitsspendenden und regenerierenden Eigenschaften in all diesen Produkten gut funktioniert.<\/p>\n<p><strong>Haarkosmetik<\/strong><\/p>\n<p>Shampoos, Sp\u00fclungen, Haarmasken &#8211; D-Panthenol st\u00e4rkt das Haar, verbessert seine Struktur und verleiht ihm einen gesunden Glanz, weshalb es in vielen Haarpflegeprodukten verwendet wird.<\/p>\n<p><strong>After-Sun-Produkte<\/strong><\/p>\n<p>D-Panthenol lindert Sonnenbrand und f\u00f6rdert die Regeneration der Haut, daher wird es h\u00e4ufig After-Sun-Produkten zugesetzt.<\/p>\n<p><strong>Produkte f\u00fcr Kinder<\/strong><\/p>\n<p>Cremes gegen Windelausschlag, beruhigende Windelsalben &#8211; D-Panthenol ist ein sicherer und wirksamer Inhaltsstoff, der sich ideal zur Verwendung in Babyprodukten eignet.<\/p>\n<h3>Sicherheit<\/h3>\n<p>Es ist ein Inhaltsstoff, der von den meisten Haut- und Haartypen gut vertragen wird. Dank seiner vielseitigen Eigenschaften wird es von Dermatologen und Kosmetologen als sicherer und wirksamer Inhaltsstoff empfohlen.<\/p>\n","protected":false},"excerpt":{"rendered":"<p><strong>D-Panthenol<\/strong>, auch bekannt als <strong>Provitamin B5<\/strong>, ist ein wichtiger Inhaltsstoff, der h\u00e4ufig in Kosmetika sowie Haut- und Haarpflegeprodukten verwendet wird. Diese stabile, alkoholische Form der Pantothens\u00e4ure dringt leicht in Haut und Haar ein, wo sie in ihre aktive Form, die Pantothens\u00e4ure (Vitamin B5), umgewandelt wird.<\/p>\n<h3><\/h3>\n","protected":false},"featured_media":32588,"template":"","meta":{"_acf_changed":false},"product_brand":[],"product_cat":[381,372],"product_tag":[],"class_list":{"0":"post-32677","1":"product","2":"type-product","3":"status-publish","4":"has-post-thumbnail","6":"product_cat-rohstoffe-fur-kosmetika","7":"product_cat-vitamine","8":"pa_grupa-substancji-alkohole-de","10":"first","11":"instock","12":"shipping-taxable","13":"product-type-simple"},"acf":[],"yoast_head":"<!-- This site is optimized with the Yoast SEO plugin v27.4 - https:\/\/yoast.com\/product\/yoast-seo-wordpress\/ -->\n<title>D-Panthenol 75% - NATURAL POLAND - IMPORT UND HANDEL VON ROHSTOFFEN<\/title>\n<meta name=\"description\" content=\"D-Panthenol 75% ist ein unverzichtbarer Bestandteil moderner Kosmetika, der feuchtigkeitsspendend, regenerierend und beruhigend wirkt.\" \/>\n<meta name=\"robots\" content=\"index, follow, max-snippet:-1, max-image-preview:large, max-video-preview:-1\" \/>\n<link rel=\"canonical\" href=\"https:\/\/naturalpoland.com\/de\/produkte\/produkte-fur-die-kosmetikindustrie\/rohstoffe-fur-kosmetika\/d-panthenol-75\/\" \/>\n<meta property=\"og:locale\" content=\"de_DE\" \/>\n<meta property=\"og:type\" content=\"article\" \/>\n<meta property=\"og:title\" content=\"D-Panthenol 75% - NATURAL POLAND - IMPORT UND HANDEL VON ROHSTOFFEN\" \/>\n<meta property=\"og:description\" content=\"D-Panthenol 75% ist ein unverzichtbarer Bestandteil moderner Kosmetika, der feuchtigkeitsspendend, regenerierend und beruhigend wirkt.\" \/>\n<meta property=\"og:url\" content=\"https:\/\/naturalpoland.com\/de\/produkte\/produkte-fur-die-kosmetikindustrie\/rohstoffe-fur-kosmetika\/d-panthenol-75\/\" \/>\n<meta property=\"og:site_name\" content=\"NATURAL POLAND - IMPORT UND HANDEL VON ROHSTOFFEN\" \/>\n<meta property=\"article:publisher\" content=\"https:\/\/www.facebook.com\/naturalpoland.b2b\" \/>\n<meta property=\"og:image\" content=\"https:\/\/naturalpoland.com\/wp-content\/uploads\/dpanthenol.webp\" \/>\n\t<meta property=\"og:image:width\" content=\"607\" \/>\n\t<meta property=\"og:image:height\" content=\"607\" \/>\n\t<meta property=\"og:image:type\" content=\"image\/webp\" \/>\n<script type=\"application\/ld+json\" class=\"yoast-schema-graph\">{\"@context\":\"https:\\\/\\\/schema.org\",\"@graph\":[{\"@type\":\"WebPage\",\"@id\":\"https:\\\/\\\/naturalpoland.com\\\/de\\\/produkte\\\/produkte-fur-die-kosmetikindustrie\\\/rohstoffe-fur-kosmetika\\\/d-panthenol-75\\\/\",\"url\":\"https:\\\/\\\/naturalpoland.com\\\/de\\\/produkte\\\/produkte-fur-die-kosmetikindustrie\\\/rohstoffe-fur-kosmetika\\\/d-panthenol-75\\\/\",\"name\":\"D-Panthenol 75% - NATURAL POLAND - IMPORT UND HANDEL VON ROHSTOFFEN\",\"isPartOf\":{\"@id\":\"https:\\\/\\\/naturalpoland.com\\\/de\\\/#website\"},\"primaryImageOfPage\":{\"@id\":\"https:\\\/\\\/naturalpoland.com\\\/de\\\/produkte\\\/produkte-fur-die-kosmetikindustrie\\\/rohstoffe-fur-kosmetika\\\/d-panthenol-75\\\/#primaryimage\"},\"image\":{\"@id\":\"https:\\\/\\\/naturalpoland.com\\\/de\\\/produkte\\\/produkte-fur-die-kosmetikindustrie\\\/rohstoffe-fur-kosmetika\\\/d-panthenol-75\\\/#primaryimage\"},\"thumbnailUrl\":\"https:\\\/\\\/naturalpoland.com\\\/wp-content\\\/uploads\\\/dpanthenol.webp\",\"datePublished\":\"2024-06-13T11:28:59+00:00\",\"description\":\"D-Panthenol 75% ist ein unverzichtbarer Bestandteil moderner Kosmetika, der feuchtigkeitsspendend, regenerierend und beruhigend wirkt.\",\"breadcrumb\":{\"@id\":\"https:\\\/\\\/naturalpoland.com\\\/de\\\/produkte\\\/produkte-fur-die-kosmetikindustrie\\\/rohstoffe-fur-kosmetika\\\/d-panthenol-75\\\/#breadcrumb\"},\"inLanguage\":\"de\",\"potentialAction\":[{\"@type\":\"ReadAction\",\"target\":[\"https:\\\/\\\/naturalpoland.com\\\/de\\\/produkte\\\/produkte-fur-die-kosmetikindustrie\\\/rohstoffe-fur-kosmetika\\\/d-panthenol-75\\\/\"]}]},{\"@type\":\"ImageObject\",\"inLanguage\":\"de\",\"@id\":\"https:\\\/\\\/naturalpoland.com\\\/de\\\/produkte\\\/produkte-fur-die-kosmetikindustrie\\\/rohstoffe-fur-kosmetika\\\/d-panthenol-75\\\/#primaryimage\",\"url\":\"https:\\\/\\\/naturalpoland.com\\\/wp-content\\\/uploads\\\/dpanthenol.webp\",\"contentUrl\":\"https:\\\/\\\/naturalpoland.com\\\/wp-content\\\/uploads\\\/dpanthenol.webp\",\"width\":607,\"height\":607,\"caption\":\"d-panthenol\"},{\"@type\":\"BreadcrumbList\",\"@id\":\"https:\\\/\\\/naturalpoland.com\\\/de\\\/produkte\\\/produkte-fur-die-kosmetikindustrie\\\/rohstoffe-fur-kosmetika\\\/d-panthenol-75\\\/#breadcrumb\",\"itemListElement\":[{\"@type\":\"ListItem\",\"position\":1,\"name\":\"Startseite\",\"item\":\"https:\\\/\\\/naturalpoland.com\\\/de\\\/\"},{\"@type\":\"ListItem\",\"position\":2,\"name\":\"Produkte\",\"item\":\"https:\\\/\\\/naturalpoland.com\\\/de\\\/produkte\\\/\"},{\"@type\":\"ListItem\",\"position\":3,\"name\":\"D-Panthenol 75%\"}]},{\"@type\":\"WebSite\",\"@id\":\"https:\\\/\\\/naturalpoland.com\\\/de\\\/#website\",\"url\":\"https:\\\/\\\/naturalpoland.com\\\/de\\\/\",\"name\":\"NATURAL POLAND - IMPORT UND HANDEL VON ROHSTOFFEN\",\"description\":\"Rohstoffe f\u00fcr die Lebensmittelindustrie, Kosmetikindustrie, Pharmaindustrie\",\"publisher\":{\"@id\":\"https:\\\/\\\/naturalpoland.com\\\/de\\\/#organization\"},\"potentialAction\":[{\"@type\":\"SearchAction\",\"target\":{\"@type\":\"EntryPoint\",\"urlTemplate\":\"https:\\\/\\\/naturalpoland.com\\\/de\\\/?s={search_term_string}\"},\"query-input\":{\"@type\":\"PropertyValueSpecification\",\"valueRequired\":true,\"valueName\":\"search_term_string\"}}],\"inLanguage\":\"de\"},{\"@type\":\"Organization\",\"@id\":\"https:\\\/\\\/naturalpoland.com\\\/de\\\/#organization\",\"name\":\"Natural Poland\",\"url\":\"https:\\\/\\\/naturalpoland.com\\\/de\\\/\",\"logo\":{\"@type\":\"ImageObject\",\"inLanguage\":\"de\",\"@id\":\"https:\\\/\\\/naturalpoland.com\\\/de\\\/#\\\/schema\\\/logo\\\/image\\\/\",\"url\":\"https:\\\/\\\/naturalpoland.com\\\/wp-content\\\/uploads\\\/2021\\\/05\\\/natural-poland-icon.png\",\"contentUrl\":\"https:\\\/\\\/naturalpoland.com\\\/wp-content\\\/uploads\\\/2021\\\/05\\\/natural-poland-icon.png\",\"width\":512,\"height\":512,\"caption\":\"Natural Poland\"},\"image\":{\"@id\":\"https:\\\/\\\/naturalpoland.com\\\/de\\\/#\\\/schema\\\/logo\\\/image\\\/\"},\"sameAs\":[\"https:\\\/\\\/www.facebook.com\\\/naturalpoland.b2b\",\"https:\\\/\\\/pl.linkedin.com\\\/company\\\/natural-poland\",\"https:\\\/\\\/www.youtube.com\\\/channel\\\/UCgeGGkvOMahZo-xu_MSEWxg\"]}]}<\/script>\n<!-- \/ Yoast SEO plugin. -->","yoast_head_json":{"title":"D-Panthenol 75% - NATURAL POLAND - IMPORT UND HANDEL VON ROHSTOFFEN","description":"D-Panthenol 75% ist ein unverzichtbarer Bestandteil moderner Kosmetika, der feuchtigkeitsspendend, regenerierend und beruhigend wirkt.","robots":{"index":"index","follow":"follow","max-snippet":"max-snippet:-1","max-image-preview":"max-image-preview:large","max-video-preview":"max-video-preview:-1"},"canonical":"https:\/\/naturalpoland.com\/de\/produkte\/produkte-fur-die-kosmetikindustrie\/rohstoffe-fur-kosmetika\/d-panthenol-75\/","og_locale":"de_DE","og_type":"article","og_title":"D-Panthenol 75% - NATURAL POLAND - IMPORT UND HANDEL VON ROHSTOFFEN","og_description":"D-Panthenol 75% ist ein unverzichtbarer Bestandteil moderner Kosmetika, der feuchtigkeitsspendend, regenerierend und beruhigend wirkt.","og_url":"https:\/\/naturalpoland.com\/de\/produkte\/produkte-fur-die-kosmetikindustrie\/rohstoffe-fur-kosmetika\/d-panthenol-75\/","og_site_name":"NATURAL POLAND - IMPORT UND HANDEL VON ROHSTOFFEN","article_publisher":"https:\/\/www.facebook.com\/naturalpoland.b2b","og_image":[{"width":607,"height":607,"url":"https:\/\/naturalpoland.com\/wp-content\/uploads\/dpanthenol.webp","type":"image\/webp"}],"schema":{"@context":"https:\/\/schema.org","@graph":[{"@type":"WebPage","@id":"https:\/\/naturalpoland.com\/de\/produkte\/produkte-fur-die-kosmetikindustrie\/rohstoffe-fur-kosmetika\/d-panthenol-75\/","url":"https:\/\/naturalpoland.com\/de\/produkte\/produkte-fur-die-kosmetikindustrie\/rohstoffe-fur-kosmetika\/d-panthenol-75\/","name":"D-Panthenol 75% - NATURAL POLAND - IMPORT UND HANDEL VON ROHSTOFFEN","isPartOf":{"@id":"https:\/\/naturalpoland.com\/de\/#website"},"primaryImageOfPage":{"@id":"https:\/\/naturalpoland.com\/de\/produkte\/produkte-fur-die-kosmetikindustrie\/rohstoffe-fur-kosmetika\/d-panthenol-75\/#primaryimage"},"image":{"@id":"https:\/\/naturalpoland.com\/de\/produkte\/produkte-fur-die-kosmetikindustrie\/rohstoffe-fur-kosmetika\/d-panthenol-75\/#primaryimage"},"thumbnailUrl":"https:\/\/naturalpoland.com\/wp-content\/uploads\/dpanthenol.webp","datePublished":"2024-06-13T11:28:59+00:00","description":"D-Panthenol 75% ist ein unverzichtbarer Bestandteil moderner Kosmetika, der feuchtigkeitsspendend, regenerierend und beruhigend wirkt.","breadcrumb":{"@id":"https:\/\/naturalpoland.com\/de\/produkte\/produkte-fur-die-kosmetikindustrie\/rohstoffe-fur-kosmetika\/d-panthenol-75\/#breadcrumb"},"inLanguage":"de","potentialAction":[{"@type":"ReadAction","target":["https:\/\/naturalpoland.com\/de\/produkte\/produkte-fur-die-kosmetikindustrie\/rohstoffe-fur-kosmetika\/d-panthenol-75\/"]}]},{"@type":"ImageObject","inLanguage":"de","@id":"https:\/\/naturalpoland.com\/de\/produkte\/produkte-fur-die-kosmetikindustrie\/rohstoffe-fur-kosmetika\/d-panthenol-75\/#primaryimage","url":"https:\/\/naturalpoland.com\/wp-content\/uploads\/dpanthenol.webp","contentUrl":"https:\/\/naturalpoland.com\/wp-content\/uploads\/dpanthenol.webp","width":607,"height":607,"caption":"d-panthenol"},{"@type":"BreadcrumbList","@id":"https:\/\/naturalpoland.com\/de\/produkte\/produkte-fur-die-kosmetikindustrie\/rohstoffe-fur-kosmetika\/d-panthenol-75\/#breadcrumb","itemListElement":[{"@type":"ListItem","position":1,"name":"Startseite","item":"https:\/\/naturalpoland.com\/de\/"},{"@type":"ListItem","position":2,"name":"Produkte","item":"https:\/\/naturalpoland.com\/de\/produkte\/"},{"@type":"ListItem","position":3,"name":"D-Panthenol 75%"}]},{"@type":"WebSite","@id":"https:\/\/naturalpoland.com\/de\/#website","url":"https:\/\/naturalpoland.com\/de\/","name":"NATURAL POLAND - IMPORT UND HANDEL VON ROHSTOFFEN","description":"Rohstoffe f\u00fcr die Lebensmittelindustrie, Kosmetikindustrie, Pharmaindustrie","publisher":{"@id":"https:\/\/naturalpoland.com\/de\/#organization"},"potentialAction":[{"@type":"SearchAction","target":{"@type":"EntryPoint","urlTemplate":"https:\/\/naturalpoland.com\/de\/?s={search_term_string}"},"query-input":{"@type":"PropertyValueSpecification","valueRequired":true,"valueName":"search_term_string"}}],"inLanguage":"de"},{"@type":"Organization","@id":"https:\/\/naturalpoland.com\/de\/#organization","name":"Natural Poland","url":"https:\/\/naturalpoland.com\/de\/","logo":{"@type":"ImageObject","inLanguage":"de","@id":"https:\/\/naturalpoland.com\/de\/#\/schema\/logo\/image\/","url":"https:\/\/naturalpoland.com\/wp-content\/uploads\/2021\/05\/natural-poland-icon.png","contentUrl":"https:\/\/naturalpoland.com\/wp-content\/uploads\/2021\/05\/natural-poland-icon.png","width":512,"height":512,"caption":"Natural Poland"},"image":{"@id":"https:\/\/naturalpoland.com\/de\/#\/schema\/logo\/image\/"},"sameAs":["https:\/\/www.facebook.com\/naturalpoland.b2b","https:\/\/pl.linkedin.com\/company\/natural-poland","https:\/\/www.youtube.com\/channel\/UCgeGGkvOMahZo-xu_MSEWxg"]}]}},"_links":{"self":[{"href":"https:\/\/naturalpoland.com\/de\/wp-json\/wp\/v2\/product\/32677","targetHints":{"allow":["GET"]}}],"collection":[{"href":"https:\/\/naturalpoland.com\/de\/wp-json\/wp\/v2\/product"}],"about":[{"href":"https:\/\/naturalpoland.com\/de\/wp-json\/wp\/v2\/types\/product"}],"wp:featuredmedia":[{"embeddable":true,"href":"https:\/\/naturalpoland.com\/de\/wp-json\/wp\/v2\/media\/32588"}],"wp:attachment":[{"href":"https:\/\/naturalpoland.com\/de\/wp-json\/wp\/v2\/media?parent=32677"}],"wp:term":[{"taxonomy":"product_brand","embeddable":true,"href":"https:\/\/naturalpoland.com\/de\/wp-json\/wp\/v2\/product_brand?post=32677"},{"taxonomy":"product_cat","embeddable":true,"href":"https:\/\/naturalpoland.com\/de\/wp-json\/wp\/v2\/product_cat?post=32677"},{"taxonomy":"product_tag","embeddable":true,"href":"https:\/\/naturalpoland.com\/de\/wp-json\/wp\/v2\/product_tag?post=32677"}],"curies":[{"name":"wp","href":"https:\/\/api.w.org\/{rel}","templated":true}]}}