{"id":33475,"date":"2024-07-09T13:12:18","date_gmt":"2024-07-10T08:29:21","guid":{"rendered":"https:\/\/naturalpoland.com\/produkty\/unkategorisiert\/wildrosensamen-extrakt\/"},"modified":"2024-07-10T10:29:21","modified_gmt":"2024-07-10T08:29:21","slug":"wildrosensamen-extrakt","status":"publish","type":"product","link":"https:\/\/naturalpoland.com\/de\/produkte\/pflanzenextrakte\/wildrosensamen-extrakt\/","title":{"rendered":"Extrakt aus Hagebuttenkernen"},"content":{"rendered":"<h2>CO2-Extrakt<\/h2>\n<p>Wir bieten einen CO2-Extrakt an, der durch eine moderne Extraktionsmethode mit Kohlendioxid unter \u00fcberkritischen Bedingungen gewonnen wird. Das Ergebnis ist ein Produkt mit hoher Reinheit und konzentrierten Eigenschaften, wobei die F\u00fclle der nat\u00fcrlichen Wirkstoffe der Pflanze erhalten bleibt.<\/p>\n<p>Die CO2-Extraktion ist eine fortschrittliche Technologie, die die Isolierung bioaktiver Inhaltsstoffe ohne den Einsatz hoher Temperaturen oder chemischer L\u00f6sungsmittel erm\u00f6glicht und so den vollen N\u00e4hrwert und die Frische des Extrakts garantiert. Pro 12-15 kg getrockneter Samen erh\u00e4lt man 1 kg dieses wertvollen Produkts, was seine au\u00dfergew\u00f6hnliche Konzentration beweist.<\/p>\n<h2>Eigenschaften von Hagebuttenextrakt<\/h2>\n<p>Hagebuttenkernextrakt ist reich an essentiellen Fetts\u00e4uren wie Linols\u00e4ure (Omega-6) und Alpha-Linolens\u00e4ure (Omega-3), die f\u00fcr die Gesundheit und Elastizit\u00e4t der Haut wichtig sind. Au\u00dferdem enth\u00e4lt es nat\u00fcrliche Antioxidantien, darunter Vitamin E und Carotinoide, die die Haut vor freien Radikalen und UV-Strahlung sch\u00fctzen. Dar\u00fcber hinaus bietet der nat\u00fcrliche Rosmarinextrakt einen zus\u00e4tzlichen antioxidativen Schutz und verl\u00e4ngert die Haltbarkeit des Produkts.<\/p>\n<h2>Anmeldung<\/h2>\n<p><strong>Kosmetika<\/strong><\/p>\n<p>Der Extrakt wird h\u00e4ufig in Hautpflegeprodukten verwendet, insbesondere in Cremes, Seren und Lotionen f\u00fcr trockene, reife und problematische Haut. Seine regenerierenden und feuchtigkeitsspendenden Eigenschaften machen es ideal im Kampf gegen Falten, Narben und andere Hautprobleme.<\/p>\n<p><strong>Nahrungserg\u00e4nzung<\/strong><\/p>\n<p>Dank seiner gesundheitsf\u00f6rdernden Eigenschaften kann der Extrakt auch als Bestandteil von Nahrungserg\u00e4nzungsmitteln verwendet werden, um die Gesundheit von Haut, Haaren und N\u00e4geln zu unterst\u00fctzen.<\/p>\n","protected":false},"excerpt":{"rendered":"<p>Hagebuttenkernextrakt<em>(Rosa canina<\/em>), wird aus getrockneten Rosensamen aus biologischem Anbau gewonnen.<\/p>\n","protected":false},"featured_media":33348,"template":"","meta":{"_acf_changed":false},"product_brand":[],"product_cat":[385],"product_tag":[],"class_list":{"0":"post-33475","1":"product","2":"type-product","3":"status-publish","4":"has-post-thumbnail","6":"product_cat-pflanzenextrakte","7":"pa_czesc-rosliny-samen","8":"pa_metoda-pozyskiwania-co2-extraktion","10":"first","11":"instock","12":"shipping-taxable","13":"product-type-simple"},"acf":[],"yoast_head":"<!-- This site is optimized with the Yoast SEO plugin v27.4 - https:\/\/yoast.com\/product\/yoast-seo-wordpress\/ -->\n<title>Extrakt aus Hagebuttenkernen - NATURAL POLAND - IMPORT UND HANDEL VON ROHSTOFFEN<\/title>\n<meta name=\"description\" content=\"Hagebuttenkernextrakt vereint nicht nur au\u00dfergew\u00f6hnliche Vorteile f\u00fcr die Haut, sondern auch ein Engagement f\u00fcr Umweltschutz und Nachhaltigkeit.\" \/>\n<meta name=\"robots\" content=\"index, follow, max-snippet:-1, max-image-preview:large, max-video-preview:-1\" \/>\n<link rel=\"canonical\" href=\"https:\/\/naturalpoland.com\/de\/produkte\/pflanzenextrakte\/wildrosensamen-extrakt\/\" \/>\n<meta property=\"og:locale\" content=\"de_DE\" \/>\n<meta property=\"og:type\" content=\"article\" \/>\n<meta property=\"og:title\" content=\"Extrakt aus Hagebuttenkernen - NATURAL POLAND - IMPORT UND HANDEL VON ROHSTOFFEN\" \/>\n<meta property=\"og:description\" content=\"Hagebuttenkernextrakt vereint nicht nur au\u00dfergew\u00f6hnliche Vorteile f\u00fcr die Haut, sondern auch ein Engagement f\u00fcr Umweltschutz und Nachhaltigkeit.\" \/>\n<meta property=\"og:url\" content=\"https:\/\/naturalpoland.com\/de\/produkte\/pflanzenextrakte\/wildrosensamen-extrakt\/\" \/>\n<meta property=\"og:site_name\" content=\"NATURAL POLAND - IMPORT UND HANDEL VON ROHSTOFFEN\" \/>\n<meta property=\"article:publisher\" content=\"https:\/\/www.facebook.com\/naturalpoland.b2b\" \/>\n<meta property=\"og:image\" content=\"https:\/\/naturalpoland.com\/wp-content\/uploads\/ekstrakt-z-nasion-dzikiej-rozy.webp\" \/>\n\t<meta property=\"og:image:width\" content=\"615\" \/>\n\t<meta property=\"og:image:height\" content=\"615\" \/>\n\t<meta property=\"og:image:type\" content=\"image\/webp\" \/>\n<script type=\"application\/ld+json\" class=\"yoast-schema-graph\">{\"@context\":\"https:\\\/\\\/schema.org\",\"@graph\":[{\"@type\":\"WebPage\",\"@id\":\"https:\\\/\\\/naturalpoland.com\\\/de\\\/produkte\\\/pflanzenextrakte\\\/wildrosensamen-extrakt\\\/\",\"url\":\"https:\\\/\\\/naturalpoland.com\\\/de\\\/produkte\\\/pflanzenextrakte\\\/wildrosensamen-extrakt\\\/\",\"name\":\"Extrakt aus Hagebuttenkernen - NATURAL POLAND - IMPORT UND HANDEL VON ROHSTOFFEN\",\"isPartOf\":{\"@id\":\"https:\\\/\\\/naturalpoland.com\\\/de\\\/#website\"},\"primaryImageOfPage\":{\"@id\":\"https:\\\/\\\/naturalpoland.com\\\/de\\\/produkte\\\/pflanzenextrakte\\\/wildrosensamen-extrakt\\\/#primaryimage\"},\"image\":{\"@id\":\"https:\\\/\\\/naturalpoland.com\\\/de\\\/produkte\\\/pflanzenextrakte\\\/wildrosensamen-extrakt\\\/#primaryimage\"},\"thumbnailUrl\":\"https:\\\/\\\/naturalpoland.com\\\/wp-content\\\/uploads\\\/ekstrakt-z-nasion-dzikiej-rozy.webp\",\"datePublished\":\"2024-07-10T08:29:21+00:00\",\"description\":\"Hagebuttenkernextrakt vereint nicht nur au\u00dfergew\u00f6hnliche Vorteile f\u00fcr die Haut, sondern auch ein Engagement f\u00fcr Umweltschutz und Nachhaltigkeit.\",\"breadcrumb\":{\"@id\":\"https:\\\/\\\/naturalpoland.com\\\/de\\\/produkte\\\/pflanzenextrakte\\\/wildrosensamen-extrakt\\\/#breadcrumb\"},\"inLanguage\":\"de\",\"potentialAction\":[{\"@type\":\"ReadAction\",\"target\":[\"https:\\\/\\\/naturalpoland.com\\\/de\\\/produkte\\\/pflanzenextrakte\\\/wildrosensamen-extrakt\\\/\"]}]},{\"@type\":\"ImageObject\",\"inLanguage\":\"de\",\"@id\":\"https:\\\/\\\/naturalpoland.com\\\/de\\\/produkte\\\/pflanzenextrakte\\\/wildrosensamen-extrakt\\\/#primaryimage\",\"url\":\"https:\\\/\\\/naturalpoland.com\\\/wp-content\\\/uploads\\\/ekstrakt-z-nasion-dzikiej-rozy.webp\",\"contentUrl\":\"https:\\\/\\\/naturalpoland.com\\\/wp-content\\\/uploads\\\/ekstrakt-z-nasion-dzikiej-rozy.webp\",\"width\":615,\"height\":615,\"caption\":\"ekstrakt z nasion dzikiej r\u00f3\u017cy\"},{\"@type\":\"BreadcrumbList\",\"@id\":\"https:\\\/\\\/naturalpoland.com\\\/de\\\/produkte\\\/pflanzenextrakte\\\/wildrosensamen-extrakt\\\/#breadcrumb\",\"itemListElement\":[{\"@type\":\"ListItem\",\"position\":1,\"name\":\"Startseite\",\"item\":\"https:\\\/\\\/naturalpoland.com\\\/de\\\/\"},{\"@type\":\"ListItem\",\"position\":2,\"name\":\"Produkte\",\"item\":\"https:\\\/\\\/naturalpoland.com\\\/de\\\/produkte\\\/\"},{\"@type\":\"ListItem\",\"position\":3,\"name\":\"Extrakt aus Hagebuttenkernen\"}]},{\"@type\":\"WebSite\",\"@id\":\"https:\\\/\\\/naturalpoland.com\\\/de\\\/#website\",\"url\":\"https:\\\/\\\/naturalpoland.com\\\/de\\\/\",\"name\":\"NATURAL POLAND - IMPORT UND HANDEL VON ROHSTOFFEN\",\"description\":\"Rohstoffe f\u00fcr die Lebensmittelindustrie, Kosmetikindustrie, Pharmaindustrie\",\"publisher\":{\"@id\":\"https:\\\/\\\/naturalpoland.com\\\/de\\\/#organization\"},\"potentialAction\":[{\"@type\":\"SearchAction\",\"target\":{\"@type\":\"EntryPoint\",\"urlTemplate\":\"https:\\\/\\\/naturalpoland.com\\\/de\\\/?s={search_term_string}\"},\"query-input\":{\"@type\":\"PropertyValueSpecification\",\"valueRequired\":true,\"valueName\":\"search_term_string\"}}],\"inLanguage\":\"de\"},{\"@type\":\"Organization\",\"@id\":\"https:\\\/\\\/naturalpoland.com\\\/de\\\/#organization\",\"name\":\"Natural Poland\",\"url\":\"https:\\\/\\\/naturalpoland.com\\\/de\\\/\",\"logo\":{\"@type\":\"ImageObject\",\"inLanguage\":\"de\",\"@id\":\"https:\\\/\\\/naturalpoland.com\\\/de\\\/#\\\/schema\\\/logo\\\/image\\\/\",\"url\":\"https:\\\/\\\/naturalpoland.com\\\/wp-content\\\/uploads\\\/2021\\\/05\\\/natural-poland-icon.png\",\"contentUrl\":\"https:\\\/\\\/naturalpoland.com\\\/wp-content\\\/uploads\\\/2021\\\/05\\\/natural-poland-icon.png\",\"width\":512,\"height\":512,\"caption\":\"Natural Poland\"},\"image\":{\"@id\":\"https:\\\/\\\/naturalpoland.com\\\/de\\\/#\\\/schema\\\/logo\\\/image\\\/\"},\"sameAs\":[\"https:\\\/\\\/www.facebook.com\\\/naturalpoland.b2b\",\"https:\\\/\\\/pl.linkedin.com\\\/company\\\/natural-poland\",\"https:\\\/\\\/www.youtube.com\\\/channel\\\/UCgeGGkvOMahZo-xu_MSEWxg\"]}]}<\/script>\n<!-- \/ Yoast SEO plugin. -->","yoast_head_json":{"title":"Extrakt aus Hagebuttenkernen - NATURAL POLAND - IMPORT UND HANDEL VON ROHSTOFFEN","description":"Hagebuttenkernextrakt vereint nicht nur au\u00dfergew\u00f6hnliche Vorteile f\u00fcr die Haut, sondern auch ein Engagement f\u00fcr Umweltschutz und Nachhaltigkeit.","robots":{"index":"index","follow":"follow","max-snippet":"max-snippet:-1","max-image-preview":"max-image-preview:large","max-video-preview":"max-video-preview:-1"},"canonical":"https:\/\/naturalpoland.com\/de\/produkte\/pflanzenextrakte\/wildrosensamen-extrakt\/","og_locale":"de_DE","og_type":"article","og_title":"Extrakt aus Hagebuttenkernen - NATURAL POLAND - IMPORT UND HANDEL VON ROHSTOFFEN","og_description":"Hagebuttenkernextrakt vereint nicht nur au\u00dfergew\u00f6hnliche Vorteile f\u00fcr die Haut, sondern auch ein Engagement f\u00fcr Umweltschutz und Nachhaltigkeit.","og_url":"https:\/\/naturalpoland.com\/de\/produkte\/pflanzenextrakte\/wildrosensamen-extrakt\/","og_site_name":"NATURAL POLAND - IMPORT UND HANDEL VON ROHSTOFFEN","article_publisher":"https:\/\/www.facebook.com\/naturalpoland.b2b","og_image":[{"width":615,"height":615,"url":"https:\/\/naturalpoland.com\/wp-content\/uploads\/ekstrakt-z-nasion-dzikiej-rozy.webp","type":"image\/webp"}],"schema":{"@context":"https:\/\/schema.org","@graph":[{"@type":"WebPage","@id":"https:\/\/naturalpoland.com\/de\/produkte\/pflanzenextrakte\/wildrosensamen-extrakt\/","url":"https:\/\/naturalpoland.com\/de\/produkte\/pflanzenextrakte\/wildrosensamen-extrakt\/","name":"Extrakt aus Hagebuttenkernen - NATURAL POLAND - IMPORT UND HANDEL VON ROHSTOFFEN","isPartOf":{"@id":"https:\/\/naturalpoland.com\/de\/#website"},"primaryImageOfPage":{"@id":"https:\/\/naturalpoland.com\/de\/produkte\/pflanzenextrakte\/wildrosensamen-extrakt\/#primaryimage"},"image":{"@id":"https:\/\/naturalpoland.com\/de\/produkte\/pflanzenextrakte\/wildrosensamen-extrakt\/#primaryimage"},"thumbnailUrl":"https:\/\/naturalpoland.com\/wp-content\/uploads\/ekstrakt-z-nasion-dzikiej-rozy.webp","datePublished":"2024-07-10T08:29:21+00:00","description":"Hagebuttenkernextrakt vereint nicht nur au\u00dfergew\u00f6hnliche Vorteile f\u00fcr die Haut, sondern auch ein Engagement f\u00fcr Umweltschutz und Nachhaltigkeit.","breadcrumb":{"@id":"https:\/\/naturalpoland.com\/de\/produkte\/pflanzenextrakte\/wildrosensamen-extrakt\/#breadcrumb"},"inLanguage":"de","potentialAction":[{"@type":"ReadAction","target":["https:\/\/naturalpoland.com\/de\/produkte\/pflanzenextrakte\/wildrosensamen-extrakt\/"]}]},{"@type":"ImageObject","inLanguage":"de","@id":"https:\/\/naturalpoland.com\/de\/produkte\/pflanzenextrakte\/wildrosensamen-extrakt\/#primaryimage","url":"https:\/\/naturalpoland.com\/wp-content\/uploads\/ekstrakt-z-nasion-dzikiej-rozy.webp","contentUrl":"https:\/\/naturalpoland.com\/wp-content\/uploads\/ekstrakt-z-nasion-dzikiej-rozy.webp","width":615,"height":615,"caption":"ekstrakt z nasion dzikiej r\u00f3\u017cy"},{"@type":"BreadcrumbList","@id":"https:\/\/naturalpoland.com\/de\/produkte\/pflanzenextrakte\/wildrosensamen-extrakt\/#breadcrumb","itemListElement":[{"@type":"ListItem","position":1,"name":"Startseite","item":"https:\/\/naturalpoland.com\/de\/"},{"@type":"ListItem","position":2,"name":"Produkte","item":"https:\/\/naturalpoland.com\/de\/produkte\/"},{"@type":"ListItem","position":3,"name":"Extrakt aus Hagebuttenkernen"}]},{"@type":"WebSite","@id":"https:\/\/naturalpoland.com\/de\/#website","url":"https:\/\/naturalpoland.com\/de\/","name":"NATURAL POLAND - IMPORT UND HANDEL VON ROHSTOFFEN","description":"Rohstoffe f\u00fcr die Lebensmittelindustrie, Kosmetikindustrie, Pharmaindustrie","publisher":{"@id":"https:\/\/naturalpoland.com\/de\/#organization"},"potentialAction":[{"@type":"SearchAction","target":{"@type":"EntryPoint","urlTemplate":"https:\/\/naturalpoland.com\/de\/?s={search_term_string}"},"query-input":{"@type":"PropertyValueSpecification","valueRequired":true,"valueName":"search_term_string"}}],"inLanguage":"de"},{"@type":"Organization","@id":"https:\/\/naturalpoland.com\/de\/#organization","name":"Natural Poland","url":"https:\/\/naturalpoland.com\/de\/","logo":{"@type":"ImageObject","inLanguage":"de","@id":"https:\/\/naturalpoland.com\/de\/#\/schema\/logo\/image\/","url":"https:\/\/naturalpoland.com\/wp-content\/uploads\/2021\/05\/natural-poland-icon.png","contentUrl":"https:\/\/naturalpoland.com\/wp-content\/uploads\/2021\/05\/natural-poland-icon.png","width":512,"height":512,"caption":"Natural Poland"},"image":{"@id":"https:\/\/naturalpoland.com\/de\/#\/schema\/logo\/image\/"},"sameAs":["https:\/\/www.facebook.com\/naturalpoland.b2b","https:\/\/pl.linkedin.com\/company\/natural-poland","https:\/\/www.youtube.com\/channel\/UCgeGGkvOMahZo-xu_MSEWxg"]}]}},"_links":{"self":[{"href":"https:\/\/naturalpoland.com\/de\/wp-json\/wp\/v2\/product\/33475","targetHints":{"allow":["GET"]}}],"collection":[{"href":"https:\/\/naturalpoland.com\/de\/wp-json\/wp\/v2\/product"}],"about":[{"href":"https:\/\/naturalpoland.com\/de\/wp-json\/wp\/v2\/types\/product"}],"wp:featuredmedia":[{"embeddable":true,"href":"https:\/\/naturalpoland.com\/de\/wp-json\/wp\/v2\/media\/33348"}],"wp:attachment":[{"href":"https:\/\/naturalpoland.com\/de\/wp-json\/wp\/v2\/media?parent=33475"}],"wp:term":[{"taxonomy":"product_brand","embeddable":true,"href":"https:\/\/naturalpoland.com\/de\/wp-json\/wp\/v2\/product_brand?post=33475"},{"taxonomy":"product_cat","embeddable":true,"href":"https:\/\/naturalpoland.com\/de\/wp-json\/wp\/v2\/product_cat?post=33475"},{"taxonomy":"product_tag","embeddable":true,"href":"https:\/\/naturalpoland.com\/de\/wp-json\/wp\/v2\/product_tag?post=33475"}],"curies":[{"name":"wp","href":"https:\/\/api.w.org\/{rel}","templated":true}]}}