{"id":33478,"date":"2024-07-09T13:28:18","date_gmt":"2024-07-10T08:29:30","guid":{"rendered":"https:\/\/naturalpoland.com\/produkty\/unkategorisiert\/sanddornsamen-extrakt\/"},"modified":"2024-07-10T10:29:30","modified_gmt":"2024-07-10T08:29:30","slug":"sanddornsamen-extrakt","status":"publish","type":"product","link":"https:\/\/naturalpoland.com\/de\/produkte\/pflanzenextrakte\/sanddornsamen-extrakt\/","title":{"rendered":"Extrakt aus Sanddornsamen"},"content":{"rendered":"<h2>CO2-Extrakt<\/h2>\n<p>Wir bieten Bio-Sanddornsamen-Extrakt CO2 an. Die \u00fcberkritische CO2-Extraktionstechnik erm\u00f6glicht die Gewinnung hochkonzentrierter Extrakte ohne Verwendung herk\u00f6mmlicher L\u00f6sungsmittel. Dieses Verfahren garantiert die Reinheit und die maximale Aktivit\u00e4t der bioaktiven Bestandteile des Sanddorns. Um 1 kg Extrakt zu erhalten, werden 11 bis 17 kg getrocknete Samen ben\u00f6tigt, was die Intensit\u00e4t und den Wert des Produkts zeigt.<\/p>\n<h2>Eigenschaften des Extrakts<\/h2>\n<p>Sanddornextrakt enth\u00e4lt einen hohen Anteil an Fetts\u00e4uren, wie zum Beispiel:<\/p>\n<ul>\n<li>Linols\u00e4ure (Omega-6) &#8211; 40.7%<\/li>\n<li>Alpha-Linolens\u00e4ure (Omega-3) &#8211; 28.4%<\/li>\n<li>\u00d6ls\u00e4ure (Omega-9) &#8211; 18.1%<\/li>\n<\/ul>\n<p>Diese Fetts\u00e4uren sind der Schl\u00fcssel zur Aufrechterhaltung der Hautbarriere, zur Regulierung der Hydratation und der Elastizit\u00e4t. Dar\u00fcber hinaus enth\u00e4lt der Extrakt Tocopherole (Vitamin E) und <a href=\"https:\/\/naturalpoland.com\/artykuly\/produkty-naturalne\/karotenoidy-skladniki-ktore-nadaja-olejowi-z-rokitnika-jego-charakterystyczny-blysk\/\">Carotinoide<\/a>, die starke antioxidative Eigenschaften haben und die Haut vor vorzeitiger Alterung sch\u00fctzen.<\/p>\n<h2>Kosmetische Anwendungen<\/h2>\n<p>Dank seiner regenerierenden und n\u00e4hrenden Eigenschaften ist Sanddornsamenextrakt ein idealer Inhaltsstoff in Cremes, Seren und Lotionen f\u00fcr trockene, reife und gesch\u00e4digte Haut. Es hilft, Falten zu reduzieren, verbessert die Festigkeit der Haut und f\u00f6rdert die Heilung kleinerer Wunden und Irritationen.<\/p>\n<h2>Verwendung zur Nahrungserg\u00e4nzung<\/h2>\n<p>Als Nahrungserg\u00e4nzungsmittel kann Sanddorn-Extrakt die kardiovaskul\u00e4re Gesundheit unterst\u00fctzen, das Immunsystem st\u00e4rken und den Gesamtzustand von Haut, Haaren und N\u00e4geln durch seine entz\u00fcndungshemmenden und regenerierenden Eigenschaften verbessern.<\/p>\n<p>&nbsp;<\/p>\n","protected":false},"excerpt":{"rendered":"<p>Sanddornsamen-Extrakt, wird aus den getrockneten Samen des Sanddorns<em>(Hippophae rhamnoides<\/em>) gewonnen. Er ist bekannt f\u00fcr seinen hohen Gehalt an essentiellen Fetts\u00e4uren, Antioxidantien und anderen bioaktiven Verbindungen.<\/p>\n","protected":false},"featured_media":33361,"template":"","meta":{"_acf_changed":false},"product_brand":[],"product_cat":[385],"product_tag":[],"class_list":{"0":"post-33478","1":"product","2":"type-product","3":"status-publish","4":"has-post-thumbnail","6":"product_cat-pflanzenextrakte","8":"first","9":"instock","10":"shipping-taxable","11":"product-type-simple"},"acf":[],"yoast_head":"<!-- This site is optimized with the Yoast SEO plugin v27.4 - https:\/\/yoast.com\/product\/yoast-seo-wordpress\/ -->\n<title>Extrakt aus Sanddornsamen - NATURAL POLAND - IMPORT UND HANDEL VON ROHSTOFFEN<\/title>\n<meta name=\"description\" content=\"Sanddornsamenextrakt ist eine au\u00dfergew\u00f6hnlich reiche Quelle nat\u00fcrlicher N\u00e4hrstoffe, die erhebliche Vorteile f\u00fcr die Gesundheit und Sch\u00f6nheit bieten.\" \/>\n<meta name=\"robots\" content=\"index, follow, max-snippet:-1, max-image-preview:large, max-video-preview:-1\" \/>\n<link rel=\"canonical\" href=\"https:\/\/naturalpoland.com\/de\/produkte\/pflanzenextrakte\/sanddornsamen-extrakt\/\" \/>\n<meta property=\"og:locale\" content=\"de_DE\" \/>\n<meta property=\"og:type\" content=\"article\" \/>\n<meta property=\"og:title\" content=\"Extrakt aus Sanddornsamen - NATURAL POLAND - IMPORT UND HANDEL VON ROHSTOFFEN\" \/>\n<meta property=\"og:description\" content=\"Sanddornsamenextrakt ist eine au\u00dfergew\u00f6hnlich reiche Quelle nat\u00fcrlicher N\u00e4hrstoffe, die erhebliche Vorteile f\u00fcr die Gesundheit und Sch\u00f6nheit bieten.\" \/>\n<meta property=\"og:url\" content=\"https:\/\/naturalpoland.com\/de\/produkte\/pflanzenextrakte\/sanddornsamen-extrakt\/\" \/>\n<meta property=\"og:site_name\" content=\"NATURAL POLAND - IMPORT UND HANDEL VON ROHSTOFFEN\" \/>\n<meta property=\"article:publisher\" content=\"https:\/\/www.facebook.com\/naturalpoland.b2b\" \/>\n<meta property=\"og:image\" content=\"https:\/\/naturalpoland.com\/wp-content\/uploads\/ekstrakt-z-rokitnika.webp\" \/>\n\t<meta property=\"og:image:width\" content=\"615\" \/>\n\t<meta property=\"og:image:height\" content=\"615\" \/>\n\t<meta property=\"og:image:type\" content=\"image\/webp\" \/>\n<script type=\"application\/ld+json\" class=\"yoast-schema-graph\">{\"@context\":\"https:\\\/\\\/schema.org\",\"@graph\":[{\"@type\":\"WebPage\",\"@id\":\"https:\\\/\\\/naturalpoland.com\\\/de\\\/produkte\\\/pflanzenextrakte\\\/sanddornsamen-extrakt\\\/\",\"url\":\"https:\\\/\\\/naturalpoland.com\\\/de\\\/produkte\\\/pflanzenextrakte\\\/sanddornsamen-extrakt\\\/\",\"name\":\"Extrakt aus Sanddornsamen - NATURAL POLAND - IMPORT UND HANDEL VON ROHSTOFFEN\",\"isPartOf\":{\"@id\":\"https:\\\/\\\/naturalpoland.com\\\/de\\\/#website\"},\"primaryImageOfPage\":{\"@id\":\"https:\\\/\\\/naturalpoland.com\\\/de\\\/produkte\\\/pflanzenextrakte\\\/sanddornsamen-extrakt\\\/#primaryimage\"},\"image\":{\"@id\":\"https:\\\/\\\/naturalpoland.com\\\/de\\\/produkte\\\/pflanzenextrakte\\\/sanddornsamen-extrakt\\\/#primaryimage\"},\"thumbnailUrl\":\"https:\\\/\\\/naturalpoland.com\\\/wp-content\\\/uploads\\\/ekstrakt-z-rokitnika.webp\",\"datePublished\":\"2024-07-10T08:29:30+00:00\",\"description\":\"Sanddornsamenextrakt ist eine au\u00dfergew\u00f6hnlich reiche Quelle nat\u00fcrlicher N\u00e4hrstoffe, die erhebliche Vorteile f\u00fcr die Gesundheit und Sch\u00f6nheit bieten.\",\"breadcrumb\":{\"@id\":\"https:\\\/\\\/naturalpoland.com\\\/de\\\/produkte\\\/pflanzenextrakte\\\/sanddornsamen-extrakt\\\/#breadcrumb\"},\"inLanguage\":\"de\",\"potentialAction\":[{\"@type\":\"ReadAction\",\"target\":[\"https:\\\/\\\/naturalpoland.com\\\/de\\\/produkte\\\/pflanzenextrakte\\\/sanddornsamen-extrakt\\\/\"]}]},{\"@type\":\"ImageObject\",\"inLanguage\":\"de\",\"@id\":\"https:\\\/\\\/naturalpoland.com\\\/de\\\/produkte\\\/pflanzenextrakte\\\/sanddornsamen-extrakt\\\/#primaryimage\",\"url\":\"https:\\\/\\\/naturalpoland.com\\\/wp-content\\\/uploads\\\/ekstrakt-z-rokitnika.webp\",\"contentUrl\":\"https:\\\/\\\/naturalpoland.com\\\/wp-content\\\/uploads\\\/ekstrakt-z-rokitnika.webp\",\"width\":615,\"height\":615,\"caption\":\"ekstrakt z rokitnika\"},{\"@type\":\"BreadcrumbList\",\"@id\":\"https:\\\/\\\/naturalpoland.com\\\/de\\\/produkte\\\/pflanzenextrakte\\\/sanddornsamen-extrakt\\\/#breadcrumb\",\"itemListElement\":[{\"@type\":\"ListItem\",\"position\":1,\"name\":\"Startseite\",\"item\":\"https:\\\/\\\/naturalpoland.com\\\/de\\\/\"},{\"@type\":\"ListItem\",\"position\":2,\"name\":\"Produkte\",\"item\":\"https:\\\/\\\/naturalpoland.com\\\/de\\\/produkte\\\/\"},{\"@type\":\"ListItem\",\"position\":3,\"name\":\"Extrakt aus Sanddornsamen\"}]},{\"@type\":\"WebSite\",\"@id\":\"https:\\\/\\\/naturalpoland.com\\\/de\\\/#website\",\"url\":\"https:\\\/\\\/naturalpoland.com\\\/de\\\/\",\"name\":\"NATURAL POLAND - IMPORT UND HANDEL VON ROHSTOFFEN\",\"description\":\"Rohstoffe f\u00fcr die Lebensmittelindustrie, Kosmetikindustrie, Pharmaindustrie\",\"publisher\":{\"@id\":\"https:\\\/\\\/naturalpoland.com\\\/de\\\/#organization\"},\"potentialAction\":[{\"@type\":\"SearchAction\",\"target\":{\"@type\":\"EntryPoint\",\"urlTemplate\":\"https:\\\/\\\/naturalpoland.com\\\/de\\\/?s={search_term_string}\"},\"query-input\":{\"@type\":\"PropertyValueSpecification\",\"valueRequired\":true,\"valueName\":\"search_term_string\"}}],\"inLanguage\":\"de\"},{\"@type\":\"Organization\",\"@id\":\"https:\\\/\\\/naturalpoland.com\\\/de\\\/#organization\",\"name\":\"Natural Poland\",\"url\":\"https:\\\/\\\/naturalpoland.com\\\/de\\\/\",\"logo\":{\"@type\":\"ImageObject\",\"inLanguage\":\"de\",\"@id\":\"https:\\\/\\\/naturalpoland.com\\\/de\\\/#\\\/schema\\\/logo\\\/image\\\/\",\"url\":\"https:\\\/\\\/naturalpoland.com\\\/wp-content\\\/uploads\\\/2021\\\/05\\\/natural-poland-icon.png\",\"contentUrl\":\"https:\\\/\\\/naturalpoland.com\\\/wp-content\\\/uploads\\\/2021\\\/05\\\/natural-poland-icon.png\",\"width\":512,\"height\":512,\"caption\":\"Natural Poland\"},\"image\":{\"@id\":\"https:\\\/\\\/naturalpoland.com\\\/de\\\/#\\\/schema\\\/logo\\\/image\\\/\"},\"sameAs\":[\"https:\\\/\\\/www.facebook.com\\\/naturalpoland.b2b\",\"https:\\\/\\\/pl.linkedin.com\\\/company\\\/natural-poland\",\"https:\\\/\\\/www.youtube.com\\\/channel\\\/UCgeGGkvOMahZo-xu_MSEWxg\"]}]}<\/script>\n<!-- \/ Yoast SEO plugin. -->","yoast_head_json":{"title":"Extrakt aus Sanddornsamen - NATURAL POLAND - IMPORT UND HANDEL VON ROHSTOFFEN","description":"Sanddornsamenextrakt ist eine au\u00dfergew\u00f6hnlich reiche Quelle nat\u00fcrlicher N\u00e4hrstoffe, die erhebliche Vorteile f\u00fcr die Gesundheit und Sch\u00f6nheit bieten.","robots":{"index":"index","follow":"follow","max-snippet":"max-snippet:-1","max-image-preview":"max-image-preview:large","max-video-preview":"max-video-preview:-1"},"canonical":"https:\/\/naturalpoland.com\/de\/produkte\/pflanzenextrakte\/sanddornsamen-extrakt\/","og_locale":"de_DE","og_type":"article","og_title":"Extrakt aus Sanddornsamen - NATURAL POLAND - IMPORT UND HANDEL VON ROHSTOFFEN","og_description":"Sanddornsamenextrakt ist eine au\u00dfergew\u00f6hnlich reiche Quelle nat\u00fcrlicher N\u00e4hrstoffe, die erhebliche Vorteile f\u00fcr die Gesundheit und Sch\u00f6nheit bieten.","og_url":"https:\/\/naturalpoland.com\/de\/produkte\/pflanzenextrakte\/sanddornsamen-extrakt\/","og_site_name":"NATURAL POLAND - IMPORT UND HANDEL VON ROHSTOFFEN","article_publisher":"https:\/\/www.facebook.com\/naturalpoland.b2b","og_image":[{"width":615,"height":615,"url":"https:\/\/naturalpoland.com\/wp-content\/uploads\/ekstrakt-z-rokitnika.webp","type":"image\/webp"}],"schema":{"@context":"https:\/\/schema.org","@graph":[{"@type":"WebPage","@id":"https:\/\/naturalpoland.com\/de\/produkte\/pflanzenextrakte\/sanddornsamen-extrakt\/","url":"https:\/\/naturalpoland.com\/de\/produkte\/pflanzenextrakte\/sanddornsamen-extrakt\/","name":"Extrakt aus Sanddornsamen - NATURAL POLAND - IMPORT UND HANDEL VON ROHSTOFFEN","isPartOf":{"@id":"https:\/\/naturalpoland.com\/de\/#website"},"primaryImageOfPage":{"@id":"https:\/\/naturalpoland.com\/de\/produkte\/pflanzenextrakte\/sanddornsamen-extrakt\/#primaryimage"},"image":{"@id":"https:\/\/naturalpoland.com\/de\/produkte\/pflanzenextrakte\/sanddornsamen-extrakt\/#primaryimage"},"thumbnailUrl":"https:\/\/naturalpoland.com\/wp-content\/uploads\/ekstrakt-z-rokitnika.webp","datePublished":"2024-07-10T08:29:30+00:00","description":"Sanddornsamenextrakt ist eine au\u00dfergew\u00f6hnlich reiche Quelle nat\u00fcrlicher N\u00e4hrstoffe, die erhebliche Vorteile f\u00fcr die Gesundheit und Sch\u00f6nheit bieten.","breadcrumb":{"@id":"https:\/\/naturalpoland.com\/de\/produkte\/pflanzenextrakte\/sanddornsamen-extrakt\/#breadcrumb"},"inLanguage":"de","potentialAction":[{"@type":"ReadAction","target":["https:\/\/naturalpoland.com\/de\/produkte\/pflanzenextrakte\/sanddornsamen-extrakt\/"]}]},{"@type":"ImageObject","inLanguage":"de","@id":"https:\/\/naturalpoland.com\/de\/produkte\/pflanzenextrakte\/sanddornsamen-extrakt\/#primaryimage","url":"https:\/\/naturalpoland.com\/wp-content\/uploads\/ekstrakt-z-rokitnika.webp","contentUrl":"https:\/\/naturalpoland.com\/wp-content\/uploads\/ekstrakt-z-rokitnika.webp","width":615,"height":615,"caption":"ekstrakt z rokitnika"},{"@type":"BreadcrumbList","@id":"https:\/\/naturalpoland.com\/de\/produkte\/pflanzenextrakte\/sanddornsamen-extrakt\/#breadcrumb","itemListElement":[{"@type":"ListItem","position":1,"name":"Startseite","item":"https:\/\/naturalpoland.com\/de\/"},{"@type":"ListItem","position":2,"name":"Produkte","item":"https:\/\/naturalpoland.com\/de\/produkte\/"},{"@type":"ListItem","position":3,"name":"Extrakt aus Sanddornsamen"}]},{"@type":"WebSite","@id":"https:\/\/naturalpoland.com\/de\/#website","url":"https:\/\/naturalpoland.com\/de\/","name":"NATURAL POLAND - IMPORT UND HANDEL VON ROHSTOFFEN","description":"Rohstoffe f\u00fcr die Lebensmittelindustrie, Kosmetikindustrie, Pharmaindustrie","publisher":{"@id":"https:\/\/naturalpoland.com\/de\/#organization"},"potentialAction":[{"@type":"SearchAction","target":{"@type":"EntryPoint","urlTemplate":"https:\/\/naturalpoland.com\/de\/?s={search_term_string}"},"query-input":{"@type":"PropertyValueSpecification","valueRequired":true,"valueName":"search_term_string"}}],"inLanguage":"de"},{"@type":"Organization","@id":"https:\/\/naturalpoland.com\/de\/#organization","name":"Natural Poland","url":"https:\/\/naturalpoland.com\/de\/","logo":{"@type":"ImageObject","inLanguage":"de","@id":"https:\/\/naturalpoland.com\/de\/#\/schema\/logo\/image\/","url":"https:\/\/naturalpoland.com\/wp-content\/uploads\/2021\/05\/natural-poland-icon.png","contentUrl":"https:\/\/naturalpoland.com\/wp-content\/uploads\/2021\/05\/natural-poland-icon.png","width":512,"height":512,"caption":"Natural Poland"},"image":{"@id":"https:\/\/naturalpoland.com\/de\/#\/schema\/logo\/image\/"},"sameAs":["https:\/\/www.facebook.com\/naturalpoland.b2b","https:\/\/pl.linkedin.com\/company\/natural-poland","https:\/\/www.youtube.com\/channel\/UCgeGGkvOMahZo-xu_MSEWxg"]}]}},"_links":{"self":[{"href":"https:\/\/naturalpoland.com\/de\/wp-json\/wp\/v2\/product\/33478","targetHints":{"allow":["GET"]}}],"collection":[{"href":"https:\/\/naturalpoland.com\/de\/wp-json\/wp\/v2\/product"}],"about":[{"href":"https:\/\/naturalpoland.com\/de\/wp-json\/wp\/v2\/types\/product"}],"wp:featuredmedia":[{"embeddable":true,"href":"https:\/\/naturalpoland.com\/de\/wp-json\/wp\/v2\/media\/33361"}],"wp:attachment":[{"href":"https:\/\/naturalpoland.com\/de\/wp-json\/wp\/v2\/media?parent=33478"}],"wp:term":[{"taxonomy":"product_brand","embeddable":true,"href":"https:\/\/naturalpoland.com\/de\/wp-json\/wp\/v2\/product_brand?post=33478"},{"taxonomy":"product_cat","embeddable":true,"href":"https:\/\/naturalpoland.com\/de\/wp-json\/wp\/v2\/product_cat?post=33478"},{"taxonomy":"product_tag","embeddable":true,"href":"https:\/\/naturalpoland.com\/de\/wp-json\/wp\/v2\/product_tag?post=33478"}],"curies":[{"name":"wp","href":"https:\/\/api.w.org\/{rel}","templated":true}]}}