{"id":33511,"date":"2024-07-08T13:40:06","date_gmt":"2024-07-10T08:33:19","guid":{"rendered":"https:\/\/naturalpoland.com\/produkty\/unkategorisiert\/thymopro-thymochinon\/"},"modified":"2024-07-10T10:33:19","modified_gmt":"2024-07-10T08:33:19","slug":"thymopro-thymochinon","status":"publish","type":"product","link":"https:\/\/naturalpoland.com\/de\/produkte\/produkte-fur-die-pharmaindustrie\/nahrungserganzungmittel\/thymopro-thymochinon\/","title":{"rendered":"ThymoPro\u2122 (Thymochinon)"},"content":{"rendered":"<h2>Vorteile der BioSNEDS\u2122 Technologie<\/h2>\n<ul>\n<li>ThymoPro\u2122 ist im Vergleich zu herk\u00f6mmlichem Thymochinon 14-mal besser bioverf\u00fcgbar. Das bedeutet, dass die 4 mg aktives Thymochinon in BioSNEDS\u2122 bio\u00e4quivalent zu 50 mg herk\u00f6mmlichem Thymochinon sind.<\/li>\n<li>  Mehr Dosen pro Kilogramm &#8211; 25.000 Dosen pro Kilogramm im Vergleich zu 600 Dosen von herk\u00f6mmlichem Thymochinon.<\/li>\n<li>Erh\u00e4ltlich in Form von Pulvern und Emulsionen mit neutralem Geschmack und ohne Geruch.<\/li>\n<\/ul>\n<h2>Vorteile f\u00fcr die Gesundheit<\/h2>\n<ul>\n<li>St\u00e4rkt die Immunfunktion des K\u00f6rpers.<\/li>\n<li>Es reduziert effektiv die Entz\u00fcndungen im K\u00f6rper.<\/li>\n<li>Unterst\u00fctzt die kardiovaskul\u00e4re Gesundheit.<\/li>\n<li>Es sch\u00fctzt die Zellen vor oxidativem Stress.<\/li>\n<li>Hilft, die Gesundheit der Haut zu verbessern und Anzeichen der Hautalterung zu reduzieren.<\/li>\n<li>Unterst\u00fctzt einen gesunden Stoffwechsel und die Kontrolle des Blutzuckerspiegels.<\/li>\n<li>Unterst\u00fctzt die Gesundheit des Gehirns und die neurologische Funktion.<\/li>\n<li>Hilft bei der Gewichtskontrolle.<\/li>\n<li>Hilft bei der Erholung nach dem Sport.<\/li>\n<\/ul>\n","protected":false},"excerpt":{"rendered":"<p><strong>ThymoPro\u2122 <\/strong>ist ein fortschrittliches Produkt, das die BioSNEDS\u2122-Technologie verwendet, die die Bioverf\u00fcgbarkeit von Thymochinon, einem wichtigen Inhaltsstoff aus Nigella sativa (Nigella) Samen, der f\u00fcr sein breites Spektrum an gesundheitlichen Vorteilen, einschlie\u00dflich entz\u00fcndungshemmender und antioxidativer Eigenschaften, bekannt ist, deutlich erh\u00f6ht.<\/p>\n","protected":false},"featured_media":33282,"template":"","meta":{"_acf_changed":false},"product_brand":[],"product_cat":[373],"product_tag":[],"class_list":{"0":"post-33511","1":"product","2":"type-product","3":"status-publish","4":"has-post-thumbnail","6":"product_cat-nahrungserganzungmittel","7":"pa_technologia-biosneds-technologie","9":"first","10":"instock","11":"shipping-taxable","12":"product-type-simple"},"acf":[],"yoast_head":"<!-- This site is optimized with the Yoast SEO plugin v27.4 - https:\/\/yoast.com\/product\/yoast-seo-wordpress\/ -->\n<title>ThymoPro\u2122 (Thymochinon) - NATURAL POLAND - IMPORT UND HANDEL VON ROHSTOFFEN<\/title>\n<meta name=\"description\" content=\"ThymoPro ist ein Produkt, das die Gesundheit des Immunsystems, die neurologische Funktion, die entz\u00fcndungshemmende Wirkung und viele andere Aspekte der Gesundheit unterst\u00fctzt.\" \/>\n<meta name=\"robots\" content=\"index, follow, max-snippet:-1, max-image-preview:large, max-video-preview:-1\" \/>\n<link rel=\"canonical\" href=\"https:\/\/naturalpoland.com\/de\/produkte\/produkte-fur-die-pharmaindustrie\/nahrungserganzungmittel\/thymopro-thymochinon\/\" \/>\n<meta property=\"og:locale\" content=\"de_DE\" \/>\n<meta property=\"og:type\" content=\"article\" \/>\n<meta property=\"og:title\" content=\"ThymoPro\u2122 (Thymochinon) - NATURAL POLAND - IMPORT UND HANDEL VON ROHSTOFFEN\" \/>\n<meta property=\"og:description\" content=\"ThymoPro ist ein Produkt, das die Gesundheit des Immunsystems, die neurologische Funktion, die entz\u00fcndungshemmende Wirkung und viele andere Aspekte der Gesundheit unterst\u00fctzt.\" \/>\n<meta property=\"og:url\" content=\"https:\/\/naturalpoland.com\/de\/produkte\/produkte-fur-die-pharmaindustrie\/nahrungserganzungmittel\/thymopro-thymochinon\/\" \/>\n<meta property=\"og:site_name\" content=\"NATURAL POLAND - IMPORT UND HANDEL VON ROHSTOFFEN\" \/>\n<meta property=\"article:publisher\" content=\"https:\/\/www.facebook.com\/naturalpoland.b2b\" \/>\n<meta property=\"og:image\" content=\"https:\/\/naturalpoland.com\/wp-content\/uploads\/hymoquinone.webp\" \/>\n\t<meta property=\"og:image:width\" content=\"613\" \/>\n\t<meta property=\"og:image:height\" content=\"613\" \/>\n\t<meta property=\"og:image:type\" content=\"image\/webp\" \/>\n<script type=\"application\/ld+json\" class=\"yoast-schema-graph\">{\"@context\":\"https:\\\/\\\/schema.org\",\"@graph\":[{\"@type\":\"WebPage\",\"@id\":\"https:\\\/\\\/naturalpoland.com\\\/de\\\/produkte\\\/produkte-fur-die-pharmaindustrie\\\/nahrungserganzungmittel\\\/thymopro-thymochinon\\\/\",\"url\":\"https:\\\/\\\/naturalpoland.com\\\/de\\\/produkte\\\/produkte-fur-die-pharmaindustrie\\\/nahrungserganzungmittel\\\/thymopro-thymochinon\\\/\",\"name\":\"ThymoPro\u2122 (Thymochinon) - NATURAL POLAND - IMPORT UND HANDEL VON ROHSTOFFEN\",\"isPartOf\":{\"@id\":\"https:\\\/\\\/naturalpoland.com\\\/de\\\/#website\"},\"primaryImageOfPage\":{\"@id\":\"https:\\\/\\\/naturalpoland.com\\\/de\\\/produkte\\\/produkte-fur-die-pharmaindustrie\\\/nahrungserganzungmittel\\\/thymopro-thymochinon\\\/#primaryimage\"},\"image\":{\"@id\":\"https:\\\/\\\/naturalpoland.com\\\/de\\\/produkte\\\/produkte-fur-die-pharmaindustrie\\\/nahrungserganzungmittel\\\/thymopro-thymochinon\\\/#primaryimage\"},\"thumbnailUrl\":\"https:\\\/\\\/naturalpoland.com\\\/wp-content\\\/uploads\\\/hymoquinone.webp\",\"datePublished\":\"2024-07-10T08:33:19+00:00\",\"description\":\"ThymoPro ist ein Produkt, das die Gesundheit des Immunsystems, die neurologische Funktion, die entz\u00fcndungshemmende Wirkung und viele andere Aspekte der Gesundheit unterst\u00fctzt.\",\"breadcrumb\":{\"@id\":\"https:\\\/\\\/naturalpoland.com\\\/de\\\/produkte\\\/produkte-fur-die-pharmaindustrie\\\/nahrungserganzungmittel\\\/thymopro-thymochinon\\\/#breadcrumb\"},\"inLanguage\":\"de\",\"potentialAction\":[{\"@type\":\"ReadAction\",\"target\":[\"https:\\\/\\\/naturalpoland.com\\\/de\\\/produkte\\\/produkte-fur-die-pharmaindustrie\\\/nahrungserganzungmittel\\\/thymopro-thymochinon\\\/\"]}]},{\"@type\":\"ImageObject\",\"inLanguage\":\"de\",\"@id\":\"https:\\\/\\\/naturalpoland.com\\\/de\\\/produkte\\\/produkte-fur-die-pharmaindustrie\\\/nahrungserganzungmittel\\\/thymopro-thymochinon\\\/#primaryimage\",\"url\":\"https:\\\/\\\/naturalpoland.com\\\/wp-content\\\/uploads\\\/hymoquinone.webp\",\"contentUrl\":\"https:\\\/\\\/naturalpoland.com\\\/wp-content\\\/uploads\\\/hymoquinone.webp\",\"width\":613,\"height\":613,\"caption\":\"Tymochinon w postaci wolnoprzep\u0142ywowej emulsji w kolorze be\u017cowym do r\u00f3\u017cowego\"},{\"@type\":\"BreadcrumbList\",\"@id\":\"https:\\\/\\\/naturalpoland.com\\\/de\\\/produkte\\\/produkte-fur-die-pharmaindustrie\\\/nahrungserganzungmittel\\\/thymopro-thymochinon\\\/#breadcrumb\",\"itemListElement\":[{\"@type\":\"ListItem\",\"position\":1,\"name\":\"Startseite\",\"item\":\"https:\\\/\\\/naturalpoland.com\\\/de\\\/\"},{\"@type\":\"ListItem\",\"position\":2,\"name\":\"Produkte\",\"item\":\"https:\\\/\\\/naturalpoland.com\\\/de\\\/produkte\\\/\"},{\"@type\":\"ListItem\",\"position\":3,\"name\":\"ThymoPro\u2122 (Thymochinon)\"}]},{\"@type\":\"WebSite\",\"@id\":\"https:\\\/\\\/naturalpoland.com\\\/de\\\/#website\",\"url\":\"https:\\\/\\\/naturalpoland.com\\\/de\\\/\",\"name\":\"NATURAL POLAND - IMPORT UND HANDEL VON ROHSTOFFEN\",\"description\":\"Rohstoffe f\u00fcr die Lebensmittelindustrie, Kosmetikindustrie, Pharmaindustrie\",\"publisher\":{\"@id\":\"https:\\\/\\\/naturalpoland.com\\\/de\\\/#organization\"},\"potentialAction\":[{\"@type\":\"SearchAction\",\"target\":{\"@type\":\"EntryPoint\",\"urlTemplate\":\"https:\\\/\\\/naturalpoland.com\\\/de\\\/?s={search_term_string}\"},\"query-input\":{\"@type\":\"PropertyValueSpecification\",\"valueRequired\":true,\"valueName\":\"search_term_string\"}}],\"inLanguage\":\"de\"},{\"@type\":\"Organization\",\"@id\":\"https:\\\/\\\/naturalpoland.com\\\/de\\\/#organization\",\"name\":\"Natural Poland\",\"url\":\"https:\\\/\\\/naturalpoland.com\\\/de\\\/\",\"logo\":{\"@type\":\"ImageObject\",\"inLanguage\":\"de\",\"@id\":\"https:\\\/\\\/naturalpoland.com\\\/de\\\/#\\\/schema\\\/logo\\\/image\\\/\",\"url\":\"https:\\\/\\\/naturalpoland.com\\\/wp-content\\\/uploads\\\/2021\\\/05\\\/natural-poland-icon.png\",\"contentUrl\":\"https:\\\/\\\/naturalpoland.com\\\/wp-content\\\/uploads\\\/2021\\\/05\\\/natural-poland-icon.png\",\"width\":512,\"height\":512,\"caption\":\"Natural Poland\"},\"image\":{\"@id\":\"https:\\\/\\\/naturalpoland.com\\\/de\\\/#\\\/schema\\\/logo\\\/image\\\/\"},\"sameAs\":[\"https:\\\/\\\/www.facebook.com\\\/naturalpoland.b2b\",\"https:\\\/\\\/pl.linkedin.com\\\/company\\\/natural-poland\",\"https:\\\/\\\/www.youtube.com\\\/channel\\\/UCgeGGkvOMahZo-xu_MSEWxg\"]}]}<\/script>\n<!-- \/ Yoast SEO plugin. -->","yoast_head_json":{"title":"ThymoPro\u2122 (Thymochinon) - NATURAL POLAND - IMPORT UND HANDEL VON ROHSTOFFEN","description":"ThymoPro ist ein Produkt, das die Gesundheit des Immunsystems, die neurologische Funktion, die entz\u00fcndungshemmende Wirkung und viele andere Aspekte der Gesundheit unterst\u00fctzt.","robots":{"index":"index","follow":"follow","max-snippet":"max-snippet:-1","max-image-preview":"max-image-preview:large","max-video-preview":"max-video-preview:-1"},"canonical":"https:\/\/naturalpoland.com\/de\/produkte\/produkte-fur-die-pharmaindustrie\/nahrungserganzungmittel\/thymopro-thymochinon\/","og_locale":"de_DE","og_type":"article","og_title":"ThymoPro\u2122 (Thymochinon) - NATURAL POLAND - IMPORT UND HANDEL VON ROHSTOFFEN","og_description":"ThymoPro ist ein Produkt, das die Gesundheit des Immunsystems, die neurologische Funktion, die entz\u00fcndungshemmende Wirkung und viele andere Aspekte der Gesundheit unterst\u00fctzt.","og_url":"https:\/\/naturalpoland.com\/de\/produkte\/produkte-fur-die-pharmaindustrie\/nahrungserganzungmittel\/thymopro-thymochinon\/","og_site_name":"NATURAL POLAND - IMPORT UND HANDEL VON ROHSTOFFEN","article_publisher":"https:\/\/www.facebook.com\/naturalpoland.b2b","og_image":[{"width":613,"height":613,"url":"https:\/\/naturalpoland.com\/wp-content\/uploads\/hymoquinone.webp","type":"image\/webp"}],"schema":{"@context":"https:\/\/schema.org","@graph":[{"@type":"WebPage","@id":"https:\/\/naturalpoland.com\/de\/produkte\/produkte-fur-die-pharmaindustrie\/nahrungserganzungmittel\/thymopro-thymochinon\/","url":"https:\/\/naturalpoland.com\/de\/produkte\/produkte-fur-die-pharmaindustrie\/nahrungserganzungmittel\/thymopro-thymochinon\/","name":"ThymoPro\u2122 (Thymochinon) - NATURAL POLAND - IMPORT UND HANDEL VON ROHSTOFFEN","isPartOf":{"@id":"https:\/\/naturalpoland.com\/de\/#website"},"primaryImageOfPage":{"@id":"https:\/\/naturalpoland.com\/de\/produkte\/produkte-fur-die-pharmaindustrie\/nahrungserganzungmittel\/thymopro-thymochinon\/#primaryimage"},"image":{"@id":"https:\/\/naturalpoland.com\/de\/produkte\/produkte-fur-die-pharmaindustrie\/nahrungserganzungmittel\/thymopro-thymochinon\/#primaryimage"},"thumbnailUrl":"https:\/\/naturalpoland.com\/wp-content\/uploads\/hymoquinone.webp","datePublished":"2024-07-10T08:33:19+00:00","description":"ThymoPro ist ein Produkt, das die Gesundheit des Immunsystems, die neurologische Funktion, die entz\u00fcndungshemmende Wirkung und viele andere Aspekte der Gesundheit unterst\u00fctzt.","breadcrumb":{"@id":"https:\/\/naturalpoland.com\/de\/produkte\/produkte-fur-die-pharmaindustrie\/nahrungserganzungmittel\/thymopro-thymochinon\/#breadcrumb"},"inLanguage":"de","potentialAction":[{"@type":"ReadAction","target":["https:\/\/naturalpoland.com\/de\/produkte\/produkte-fur-die-pharmaindustrie\/nahrungserganzungmittel\/thymopro-thymochinon\/"]}]},{"@type":"ImageObject","inLanguage":"de","@id":"https:\/\/naturalpoland.com\/de\/produkte\/produkte-fur-die-pharmaindustrie\/nahrungserganzungmittel\/thymopro-thymochinon\/#primaryimage","url":"https:\/\/naturalpoland.com\/wp-content\/uploads\/hymoquinone.webp","contentUrl":"https:\/\/naturalpoland.com\/wp-content\/uploads\/hymoquinone.webp","width":613,"height":613,"caption":"Tymochinon w postaci wolnoprzep\u0142ywowej emulsji w kolorze be\u017cowym do r\u00f3\u017cowego"},{"@type":"BreadcrumbList","@id":"https:\/\/naturalpoland.com\/de\/produkte\/produkte-fur-die-pharmaindustrie\/nahrungserganzungmittel\/thymopro-thymochinon\/#breadcrumb","itemListElement":[{"@type":"ListItem","position":1,"name":"Startseite","item":"https:\/\/naturalpoland.com\/de\/"},{"@type":"ListItem","position":2,"name":"Produkte","item":"https:\/\/naturalpoland.com\/de\/produkte\/"},{"@type":"ListItem","position":3,"name":"ThymoPro\u2122 (Thymochinon)"}]},{"@type":"WebSite","@id":"https:\/\/naturalpoland.com\/de\/#website","url":"https:\/\/naturalpoland.com\/de\/","name":"NATURAL POLAND - IMPORT UND HANDEL VON ROHSTOFFEN","description":"Rohstoffe f\u00fcr die Lebensmittelindustrie, Kosmetikindustrie, Pharmaindustrie","publisher":{"@id":"https:\/\/naturalpoland.com\/de\/#organization"},"potentialAction":[{"@type":"SearchAction","target":{"@type":"EntryPoint","urlTemplate":"https:\/\/naturalpoland.com\/de\/?s={search_term_string}"},"query-input":{"@type":"PropertyValueSpecification","valueRequired":true,"valueName":"search_term_string"}}],"inLanguage":"de"},{"@type":"Organization","@id":"https:\/\/naturalpoland.com\/de\/#organization","name":"Natural Poland","url":"https:\/\/naturalpoland.com\/de\/","logo":{"@type":"ImageObject","inLanguage":"de","@id":"https:\/\/naturalpoland.com\/de\/#\/schema\/logo\/image\/","url":"https:\/\/naturalpoland.com\/wp-content\/uploads\/2021\/05\/natural-poland-icon.png","contentUrl":"https:\/\/naturalpoland.com\/wp-content\/uploads\/2021\/05\/natural-poland-icon.png","width":512,"height":512,"caption":"Natural Poland"},"image":{"@id":"https:\/\/naturalpoland.com\/de\/#\/schema\/logo\/image\/"},"sameAs":["https:\/\/www.facebook.com\/naturalpoland.b2b","https:\/\/pl.linkedin.com\/company\/natural-poland","https:\/\/www.youtube.com\/channel\/UCgeGGkvOMahZo-xu_MSEWxg"]}]}},"_links":{"self":[{"href":"https:\/\/naturalpoland.com\/de\/wp-json\/wp\/v2\/product\/33511","targetHints":{"allow":["GET"]}}],"collection":[{"href":"https:\/\/naturalpoland.com\/de\/wp-json\/wp\/v2\/product"}],"about":[{"href":"https:\/\/naturalpoland.com\/de\/wp-json\/wp\/v2\/types\/product"}],"wp:featuredmedia":[{"embeddable":true,"href":"https:\/\/naturalpoland.com\/de\/wp-json\/wp\/v2\/media\/33282"}],"wp:attachment":[{"href":"https:\/\/naturalpoland.com\/de\/wp-json\/wp\/v2\/media?parent=33511"}],"wp:term":[{"taxonomy":"product_brand","embeddable":true,"href":"https:\/\/naturalpoland.com\/de\/wp-json\/wp\/v2\/product_brand?post=33511"},{"taxonomy":"product_cat","embeddable":true,"href":"https:\/\/naturalpoland.com\/de\/wp-json\/wp\/v2\/product_cat?post=33511"},{"taxonomy":"product_tag","embeddable":true,"href":"https:\/\/naturalpoland.com\/de\/wp-json\/wp\/v2\/product_tag?post=33511"}],"curies":[{"name":"wp","href":"https:\/\/api.w.org\/{rel}","templated":true}]}}