{"id":33522,"date":"2024-07-09T12:51:45","date_gmt":"2024-07-10T08:33:37","guid":{"rendered":"https:\/\/naturalpoland.com\/produkty\/unkategorisiert\/boden-morelli-pestle\/"},"modified":"2024-07-10T10:33:37","modified_gmt":"2024-07-10T08:33:37","slug":"boden-morelli-pestle","status":"publish","type":"product","link":"https:\/\/naturalpoland.com\/de\/produkte\/produkte-fur-die-kosmetikindustrie\/peelings\/boden-morelli-pestle\/","title":{"rendered":"Gemahlene Aprikosenkerne"},"content":{"rendered":"<p>Gemahlener Aprikosenkern ist reich an hautpflegenden \u00d6len, Vitaminen und Mineralien. Es enth\u00e4lt Vitamin E, das f\u00fcr seine antioxidativen Eigenschaften bekannt ist und hilft, die Haut vor Sch\u00e4den durch freie Radikale und UV-Strahlung zu sch\u00fctzen. Au\u00dferdem k\u00f6nnen die in den Aprikosenkernen enthaltenen nat\u00fcrlichen \u00d6le dazu beitragen, die Haut mit Feuchtigkeit zu versorgen und sie weicher zu machen.<\/p>\n<h2>Kosmetische Anwendungen<\/h2>\n<p>Mit seiner feinen Textur und seinen n\u00e4hrenden Eigenschaften ist der gemahlene Aprikosenkern eine hervorragende Zutat f\u00fcr Hautpflegeprodukte. Es wird oft als nat\u00fcrliches Peeling verwendet, um abgestorbene Hautzellen sanft zu entfernen und die Textur und das Aussehen der Haut zu verbessern. Es kann auch Masken, Cremes oder Lotionen zugesetzt werden, wo es als Emolliens wirkt und die Hautfeuchtigkeit erh\u00f6ht.<\/p>\n<h2>Verwendung in der Ern\u00e4hrung<\/h2>\n<p>Gemahlene Aprikosenkerne sind nicht nur ein Kosmetikum, sondern auch eine wertvolle Erg\u00e4nzung f\u00fcr die Ern\u00e4hrung. Sie k\u00f6nnen es in Joghurt, Smoothies oder als Streuung auf Salaten und Desserts verwenden und so Ihren t\u00e4glichen Speiseplan mit zus\u00e4tzlichen Vitaminen und Mineralien bereichern. Dank seines hohen Ballaststoffgehalts kann er auch die Verdauung unterst\u00fctzen und zu einem besseren Wohlbefinden beitragen.<\/p>\n<h2>Sicherheits- und Qualit\u00e4tsstandards<\/h2>\n<p>Nach den vorliegenden Analysen sind gemahlene Aprikosenkerne ein hochreines Produkt. Der Feuchtigkeitsgehalt wird niedrig gehalten (weniger als 12%), um Frische und Haltbarkeit zu gew\u00e4hrleisten. Das Produkt ist au\u00dferdem frei von pflanzlichen und mineralischen Verunreinigungen, was seine hohe Qualit\u00e4t und Sicherheit sowohl f\u00fcr die kosmetische als auch f\u00fcr die di\u00e4tetische Verwendung best\u00e4tigt.<\/p>\n","protected":false},"excerpt":{"rendered":"<p><strong>Gemahlener Aprikosenkern<\/strong><em>(Prunus Armeniaca Seed Powder<\/em>) ist eine vielseitige, in der Kosmetik und Gastronomie gesch\u00e4tzte Zutat, die aus Aprikosenkernen gewonnen wird. Er ist reich an N\u00e4hrstoffen, die sowohl in Hautpflegeprodukten als auch als gesunde Erg\u00e4nzung der Ern\u00e4hrung verwendet werden k\u00f6nnen.<\/p>\n","protected":false},"featured_media":33334,"template":"","meta":{"_acf_changed":false},"product_brand":[],"product_cat":[390,2667,373],"product_tag":[],"class_list":{"0":"post-33522","1":"product","2":"type-product","3":"status-publish","4":"has-post-thumbnail","6":"product_cat-peelings","7":"product_cat-pflanzliche-proteine","8":"product_cat-nahrungserganzungmittel","10":"first","11":"instock","12":"shipping-taxable","13":"product-type-simple"},"acf":[],"yoast_head":"<!-- This site is optimized with the Yoast SEO plugin v27.5 - https:\/\/yoast.com\/product\/yoast-seo-wordpress\/ -->\n<title>Gemahlene Aprikosenkerne - NATURAL POLAND - IMPORT UND HANDEL VON ROHSTOFFEN<\/title>\n<meta name=\"description\" content=\"Gemahlener Aprikosenkern (Prunus Armeniaca Seed Powder) ist eine vielseitige, in der Kosmetik und Gastronomie gesch\u00e4tzte Zutat, die aus Aprikosenkernen gewonnen wird.\" \/>\n<meta name=\"robots\" content=\"index, follow, max-snippet:-1, max-image-preview:large, max-video-preview:-1\" \/>\n<link rel=\"canonical\" href=\"https:\/\/naturalpoland.com\/de\/produkte\/produkte-fur-die-kosmetikindustrie\/peelings\/boden-morelli-pestle\/\" \/>\n<meta property=\"og:locale\" content=\"de_DE\" \/>\n<meta property=\"og:type\" content=\"article\" \/>\n<meta property=\"og:title\" content=\"Gemahlene Aprikosenkerne - NATURAL POLAND - IMPORT UND HANDEL VON ROHSTOFFEN\" \/>\n<meta property=\"og:description\" content=\"Gemahlener Aprikosenkern (Prunus Armeniaca Seed Powder) ist eine vielseitige, in der Kosmetik und Gastronomie gesch\u00e4tzte Zutat, die aus Aprikosenkernen gewonnen wird.\" \/>\n<meta property=\"og:url\" content=\"https:\/\/naturalpoland.com\/de\/produkte\/produkte-fur-die-kosmetikindustrie\/peelings\/boden-morelli-pestle\/\" \/>\n<meta property=\"og:site_name\" content=\"NATURAL POLAND - IMPORT UND HANDEL VON ROHSTOFFEN\" \/>\n<meta property=\"article:publisher\" content=\"https:\/\/www.facebook.com\/naturalpoland.b2b\" \/>\n<meta property=\"og:image\" content=\"https:\/\/naturalpoland.com\/wp-content\/uploads\/mielona-pestka-moreli.webp\" \/>\n\t<meta property=\"og:image:width\" content=\"615\" \/>\n\t<meta property=\"og:image:height\" content=\"615\" \/>\n\t<meta property=\"og:image:type\" content=\"image\/webp\" \/>\n<script type=\"application\/ld+json\" class=\"yoast-schema-graph\">{\"@context\":\"https:\\\/\\\/schema.org\",\"@graph\":[{\"@type\":\"WebPage\",\"@id\":\"https:\\\/\\\/naturalpoland.com\\\/de\\\/produkte\\\/produkte-fur-die-kosmetikindustrie\\\/peelings\\\/boden-morelli-pestle\\\/\",\"url\":\"https:\\\/\\\/naturalpoland.com\\\/de\\\/produkte\\\/produkte-fur-die-kosmetikindustrie\\\/peelings\\\/boden-morelli-pestle\\\/\",\"name\":\"Gemahlene Aprikosenkerne - NATURAL POLAND - IMPORT UND HANDEL VON ROHSTOFFEN\",\"isPartOf\":{\"@id\":\"https:\\\/\\\/naturalpoland.com\\\/de\\\/#website\"},\"primaryImageOfPage\":{\"@id\":\"https:\\\/\\\/naturalpoland.com\\\/de\\\/produkte\\\/produkte-fur-die-kosmetikindustrie\\\/peelings\\\/boden-morelli-pestle\\\/#primaryimage\"},\"image\":{\"@id\":\"https:\\\/\\\/naturalpoland.com\\\/de\\\/produkte\\\/produkte-fur-die-kosmetikindustrie\\\/peelings\\\/boden-morelli-pestle\\\/#primaryimage\"},\"thumbnailUrl\":\"https:\\\/\\\/naturalpoland.com\\\/wp-content\\\/uploads\\\/mielona-pestka-moreli.webp\",\"datePublished\":\"2024-07-10T08:33:37+00:00\",\"description\":\"Gemahlener Aprikosenkern (Prunus Armeniaca Seed Powder) ist eine vielseitige, in der Kosmetik und Gastronomie gesch\u00e4tzte Zutat, die aus Aprikosenkernen gewonnen wird.\",\"breadcrumb\":{\"@id\":\"https:\\\/\\\/naturalpoland.com\\\/de\\\/produkte\\\/produkte-fur-die-kosmetikindustrie\\\/peelings\\\/boden-morelli-pestle\\\/#breadcrumb\"},\"inLanguage\":\"de\",\"potentialAction\":[{\"@type\":\"ReadAction\",\"target\":[\"https:\\\/\\\/naturalpoland.com\\\/de\\\/produkte\\\/produkte-fur-die-kosmetikindustrie\\\/peelings\\\/boden-morelli-pestle\\\/\"]}]},{\"@type\":\"ImageObject\",\"inLanguage\":\"de\",\"@id\":\"https:\\\/\\\/naturalpoland.com\\\/de\\\/produkte\\\/produkte-fur-die-kosmetikindustrie\\\/peelings\\\/boden-morelli-pestle\\\/#primaryimage\",\"url\":\"https:\\\/\\\/naturalpoland.com\\\/wp-content\\\/uploads\\\/mielona-pestka-moreli.webp\",\"contentUrl\":\"https:\\\/\\\/naturalpoland.com\\\/wp-content\\\/uploads\\\/mielona-pestka-moreli.webp\",\"width\":615,\"height\":615,\"caption\":\"mielona pestka moreli\"},{\"@type\":\"BreadcrumbList\",\"@id\":\"https:\\\/\\\/naturalpoland.com\\\/de\\\/produkte\\\/produkte-fur-die-kosmetikindustrie\\\/peelings\\\/boden-morelli-pestle\\\/#breadcrumb\",\"itemListElement\":[{\"@type\":\"ListItem\",\"position\":1,\"name\":\"Startseite\",\"item\":\"https:\\\/\\\/naturalpoland.com\\\/de\\\/\"},{\"@type\":\"ListItem\",\"position\":2,\"name\":\"Produkte\",\"item\":\"https:\\\/\\\/naturalpoland.com\\\/de\\\/produkte\\\/\"},{\"@type\":\"ListItem\",\"position\":3,\"name\":\"Gemahlene Aprikosenkerne\"}]},{\"@type\":\"WebSite\",\"@id\":\"https:\\\/\\\/naturalpoland.com\\\/de\\\/#website\",\"url\":\"https:\\\/\\\/naturalpoland.com\\\/de\\\/\",\"name\":\"NATURAL POLAND - IMPORT UND HANDEL VON ROHSTOFFEN\",\"description\":\"Rohstoffe f\u00fcr die Lebensmittelindustrie, Kosmetikindustrie, Pharmaindustrie\",\"publisher\":{\"@id\":\"https:\\\/\\\/naturalpoland.com\\\/de\\\/#organization\"},\"potentialAction\":[{\"@type\":\"SearchAction\",\"target\":{\"@type\":\"EntryPoint\",\"urlTemplate\":\"https:\\\/\\\/naturalpoland.com\\\/de\\\/?s={search_term_string}\"},\"query-input\":{\"@type\":\"PropertyValueSpecification\",\"valueRequired\":true,\"valueName\":\"search_term_string\"}}],\"inLanguage\":\"de\"},{\"@type\":\"Organization\",\"@id\":\"https:\\\/\\\/naturalpoland.com\\\/de\\\/#organization\",\"name\":\"Natural Poland\",\"url\":\"https:\\\/\\\/naturalpoland.com\\\/de\\\/\",\"logo\":{\"@type\":\"ImageObject\",\"inLanguage\":\"de\",\"@id\":\"https:\\\/\\\/naturalpoland.com\\\/de\\\/#\\\/schema\\\/logo\\\/image\\\/\",\"url\":\"https:\\\/\\\/naturalpoland.com\\\/wp-content\\\/uploads\\\/2021\\\/05\\\/natural-poland-icon.png\",\"contentUrl\":\"https:\\\/\\\/naturalpoland.com\\\/wp-content\\\/uploads\\\/2021\\\/05\\\/natural-poland-icon.png\",\"width\":512,\"height\":512,\"caption\":\"Natural Poland\"},\"image\":{\"@id\":\"https:\\\/\\\/naturalpoland.com\\\/de\\\/#\\\/schema\\\/logo\\\/image\\\/\"},\"sameAs\":[\"https:\\\/\\\/www.facebook.com\\\/naturalpoland.b2b\",\"https:\\\/\\\/pl.linkedin.com\\\/company\\\/natural-poland\",\"https:\\\/\\\/www.youtube.com\\\/channel\\\/UCgeGGkvOMahZo-xu_MSEWxg\"]}]}<\/script>\n<!-- \/ Yoast SEO plugin. -->","yoast_head_json":{"title":"Gemahlene Aprikosenkerne - NATURAL POLAND - IMPORT UND HANDEL VON ROHSTOFFEN","description":"Gemahlener Aprikosenkern (Prunus Armeniaca Seed Powder) ist eine vielseitige, in der Kosmetik und Gastronomie gesch\u00e4tzte Zutat, die aus Aprikosenkernen gewonnen wird.","robots":{"index":"index","follow":"follow","max-snippet":"max-snippet:-1","max-image-preview":"max-image-preview:large","max-video-preview":"max-video-preview:-1"},"canonical":"https:\/\/naturalpoland.com\/de\/produkte\/produkte-fur-die-kosmetikindustrie\/peelings\/boden-morelli-pestle\/","og_locale":"de_DE","og_type":"article","og_title":"Gemahlene Aprikosenkerne - NATURAL POLAND - IMPORT UND HANDEL VON ROHSTOFFEN","og_description":"Gemahlener Aprikosenkern (Prunus Armeniaca Seed Powder) ist eine vielseitige, in der Kosmetik und Gastronomie gesch\u00e4tzte Zutat, die aus Aprikosenkernen gewonnen wird.","og_url":"https:\/\/naturalpoland.com\/de\/produkte\/produkte-fur-die-kosmetikindustrie\/peelings\/boden-morelli-pestle\/","og_site_name":"NATURAL POLAND - IMPORT UND HANDEL VON ROHSTOFFEN","article_publisher":"https:\/\/www.facebook.com\/naturalpoland.b2b","og_image":[{"width":615,"height":615,"url":"https:\/\/naturalpoland.com\/wp-content\/uploads\/mielona-pestka-moreli.webp","type":"image\/webp"}],"schema":{"@context":"https:\/\/schema.org","@graph":[{"@type":"WebPage","@id":"https:\/\/naturalpoland.com\/de\/produkte\/produkte-fur-die-kosmetikindustrie\/peelings\/boden-morelli-pestle\/","url":"https:\/\/naturalpoland.com\/de\/produkte\/produkte-fur-die-kosmetikindustrie\/peelings\/boden-morelli-pestle\/","name":"Gemahlene Aprikosenkerne - NATURAL POLAND - IMPORT UND HANDEL VON ROHSTOFFEN","isPartOf":{"@id":"https:\/\/naturalpoland.com\/de\/#website"},"primaryImageOfPage":{"@id":"https:\/\/naturalpoland.com\/de\/produkte\/produkte-fur-die-kosmetikindustrie\/peelings\/boden-morelli-pestle\/#primaryimage"},"image":{"@id":"https:\/\/naturalpoland.com\/de\/produkte\/produkte-fur-die-kosmetikindustrie\/peelings\/boden-morelli-pestle\/#primaryimage"},"thumbnailUrl":"https:\/\/naturalpoland.com\/wp-content\/uploads\/mielona-pestka-moreli.webp","datePublished":"2024-07-10T08:33:37+00:00","description":"Gemahlener Aprikosenkern (Prunus Armeniaca Seed Powder) ist eine vielseitige, in der Kosmetik und Gastronomie gesch\u00e4tzte Zutat, die aus Aprikosenkernen gewonnen wird.","breadcrumb":{"@id":"https:\/\/naturalpoland.com\/de\/produkte\/produkte-fur-die-kosmetikindustrie\/peelings\/boden-morelli-pestle\/#breadcrumb"},"inLanguage":"de","potentialAction":[{"@type":"ReadAction","target":["https:\/\/naturalpoland.com\/de\/produkte\/produkte-fur-die-kosmetikindustrie\/peelings\/boden-morelli-pestle\/"]}]},{"@type":"ImageObject","inLanguage":"de","@id":"https:\/\/naturalpoland.com\/de\/produkte\/produkte-fur-die-kosmetikindustrie\/peelings\/boden-morelli-pestle\/#primaryimage","url":"https:\/\/naturalpoland.com\/wp-content\/uploads\/mielona-pestka-moreli.webp","contentUrl":"https:\/\/naturalpoland.com\/wp-content\/uploads\/mielona-pestka-moreli.webp","width":615,"height":615,"caption":"mielona pestka moreli"},{"@type":"BreadcrumbList","@id":"https:\/\/naturalpoland.com\/de\/produkte\/produkte-fur-die-kosmetikindustrie\/peelings\/boden-morelli-pestle\/#breadcrumb","itemListElement":[{"@type":"ListItem","position":1,"name":"Startseite","item":"https:\/\/naturalpoland.com\/de\/"},{"@type":"ListItem","position":2,"name":"Produkte","item":"https:\/\/naturalpoland.com\/de\/produkte\/"},{"@type":"ListItem","position":3,"name":"Gemahlene Aprikosenkerne"}]},{"@type":"WebSite","@id":"https:\/\/naturalpoland.com\/de\/#website","url":"https:\/\/naturalpoland.com\/de\/","name":"NATURAL POLAND - IMPORT UND HANDEL VON ROHSTOFFEN","description":"Rohstoffe f\u00fcr die Lebensmittelindustrie, Kosmetikindustrie, Pharmaindustrie","publisher":{"@id":"https:\/\/naturalpoland.com\/de\/#organization"},"potentialAction":[{"@type":"SearchAction","target":{"@type":"EntryPoint","urlTemplate":"https:\/\/naturalpoland.com\/de\/?s={search_term_string}"},"query-input":{"@type":"PropertyValueSpecification","valueRequired":true,"valueName":"search_term_string"}}],"inLanguage":"de"},{"@type":"Organization","@id":"https:\/\/naturalpoland.com\/de\/#organization","name":"Natural Poland","url":"https:\/\/naturalpoland.com\/de\/","logo":{"@type":"ImageObject","inLanguage":"de","@id":"https:\/\/naturalpoland.com\/de\/#\/schema\/logo\/image\/","url":"https:\/\/naturalpoland.com\/wp-content\/uploads\/2021\/05\/natural-poland-icon.png","contentUrl":"https:\/\/naturalpoland.com\/wp-content\/uploads\/2021\/05\/natural-poland-icon.png","width":512,"height":512,"caption":"Natural Poland"},"image":{"@id":"https:\/\/naturalpoland.com\/de\/#\/schema\/logo\/image\/"},"sameAs":["https:\/\/www.facebook.com\/naturalpoland.b2b","https:\/\/pl.linkedin.com\/company\/natural-poland","https:\/\/www.youtube.com\/channel\/UCgeGGkvOMahZo-xu_MSEWxg"]}]}},"_links":{"self":[{"href":"https:\/\/naturalpoland.com\/de\/wp-json\/wp\/v2\/product\/33522","targetHints":{"allow":["GET"]}}],"collection":[{"href":"https:\/\/naturalpoland.com\/de\/wp-json\/wp\/v2\/product"}],"about":[{"href":"https:\/\/naturalpoland.com\/de\/wp-json\/wp\/v2\/types\/product"}],"wp:featuredmedia":[{"embeddable":true,"href":"https:\/\/naturalpoland.com\/de\/wp-json\/wp\/v2\/media\/33334"}],"wp:attachment":[{"href":"https:\/\/naturalpoland.com\/de\/wp-json\/wp\/v2\/media?parent=33522"}],"wp:term":[{"taxonomy":"product_brand","embeddable":true,"href":"https:\/\/naturalpoland.com\/de\/wp-json\/wp\/v2\/product_brand?post=33522"},{"taxonomy":"product_cat","embeddable":true,"href":"https:\/\/naturalpoland.com\/de\/wp-json\/wp\/v2\/product_cat?post=33522"},{"taxonomy":"product_tag","embeddable":true,"href":"https:\/\/naturalpoland.com\/de\/wp-json\/wp\/v2\/product_tag?post=33522"}],"curies":[{"name":"wp","href":"https:\/\/api.w.org\/{rel}","templated":true}]}}