{"id":33550,"date":"2024-07-04T14:51:18","date_gmt":"2024-07-04T12:51:18","guid":{"rendered":"https:\/\/naturalpoland.com\/produkty\/unkategorisiert\/resverasol-lsme-resveratrol\/"},"modified":"2024-07-10T10:55:37","modified_gmt":"2024-07-10T08:55:37","slug":"resverasol-lsme-resveratrol","status":"publish","type":"product","link":"https:\/\/naturalpoland.com\/de\/produkte\/produkte-fur-die-pharmaindustrie\/nahrungserganzungmittel\/resverasol-lsme-resveratrol\/","title":{"rendered":"ResveraSol\u2122 (Resveratrol)"},"content":{"rendered":"<h2>Vorteile der BioSNEDS\u2122 Technologie<\/h2>\n<ul>\n<li>ResveraSol\u2122 ist 48-mal besser bioverf\u00fcgbar als herk\u00f6mmliches Resveratrol. Das bedeutet, dass die 16 mg aktives Resveratrol in BioSNEDS\u2122 bio\u00e4quivalent zu 750 mg herk\u00f6mmlichem Resveratrol sind.<\/li>\n<li>Mehr Dosen pro Kilogramm &#8211; 6.250 Dosen pro Kilogramm im Vergleich zu 1.306 Dosen herk\u00f6mmlichen Resveratrols.<\/li>\n<li>Erh\u00e4ltlich in Form von Pulvern und Emulsionen mit neutralem Geschmack und ohne Geruch.<\/li>\n<\/ul>\n<h2>Vorteile f\u00fcr die Gesundheit<\/h2>\n<ul>\n<li>Resveratrol unterst\u00fctzt die kardiovaskul\u00e4re Gesundheit.<\/li>\n<li>F\u00f6rdert die Energieproduktion in den Zellen, die f\u00fcr die Gesundheit und Ausdauer der Muskeln entscheidend ist.<\/li>\n<li>Reduziert Entz\u00fcndungen im K\u00f6rper.<\/li>\n<li>Unterst\u00fctzt die Gesundheit des Gehirns und die neurologische Funktion.<\/li>\n<li>Es sch\u00fctzt die Zellen vor oxidativem Stress, was Alterung und chronischen Krankheiten vorbeugen kann.<\/li>\n<li>Es kann die Gesundheit der Haut verbessern und Anzeichen der Hautalterung reduzieren.<\/li>\n<\/ul>\n<h2>Anwendung:<\/h2>\n<p>Nahrungserg\u00e4nzungsmittel, funktionelle Lebensmittel, topische Kosmetika, Tiernahrung.<\/p>\n","protected":false},"excerpt":{"rendered":"<p><strong>ResveraSol\u2122 <\/strong>ist ein fortschrittliches Produkt mit BioSNEDS\u2122-Technologie, das die Bioverf\u00fcgbarkeit von Resveratrol deutlich erh\u00f6ht. Resveratrol ist ein starkes Polyphenol, das f\u00fcr sein breites Spektrum an gesundheitlichen Vorteilen bekannt ist, darunter antioxidative, entz\u00fcndungshemmende und die kardiovaskul\u00e4re Gesundheit unterst\u00fctzende Eigenschaften.<\/p>\n","protected":false},"featured_media":33242,"template":"","meta":{"_acf_changed":false},"product_brand":[],"product_cat":[373],"product_tag":[],"class_list":{"0":"post-33550","1":"product","2":"type-product","3":"status-publish","4":"has-post-thumbnail","6":"product_cat-nahrungserganzungmittel","7":"pa_grupa-substancji-nutrazeutika","8":"pa_technologia-biosneds-technologie","10":"first","11":"instock","12":"shipping-taxable","13":"product-type-simple"},"acf":[],"yoast_head":"<!-- This site is optimized with the Yoast SEO plugin v27.5 - https:\/\/yoast.com\/product\/yoast-seo-wordpress\/ -->\n<title>ResveraSol\u2122 (Resveratrol) - NATURAL POLAND - IMPORT UND HANDEL VON ROHSTOFFEN<\/title>\n<meta name=\"description\" content=\"ResveraSol\u2122 unterst\u00fctzt die kardiovaskul\u00e4re Gesundheit, die neurologische Funktion, die entz\u00fcndungshemmende Wirkung und viele andere Aspekte der Gesundheit.\" \/>\n<meta name=\"robots\" content=\"index, follow, max-snippet:-1, max-image-preview:large, max-video-preview:-1\" \/>\n<link rel=\"canonical\" href=\"https:\/\/naturalpoland.com\/de\/produkte\/produkte-fur-die-pharmaindustrie\/nahrungserganzungmittel\/resverasol-lsme-resveratrol\/\" \/>\n<meta property=\"og:locale\" content=\"de_DE\" \/>\n<meta property=\"og:type\" content=\"article\" \/>\n<meta property=\"og:title\" content=\"ResveraSol\u2122 (Resveratrol) - NATURAL POLAND - IMPORT UND HANDEL VON ROHSTOFFEN\" \/>\n<meta property=\"og:description\" content=\"ResveraSol\u2122 unterst\u00fctzt die kardiovaskul\u00e4re Gesundheit, die neurologische Funktion, die entz\u00fcndungshemmende Wirkung und viele andere Aspekte der Gesundheit.\" \/>\n<meta property=\"og:url\" content=\"https:\/\/naturalpoland.com\/de\/produkte\/produkte-fur-die-pharmaindustrie\/nahrungserganzungmittel\/resverasol-lsme-resveratrol\/\" \/>\n<meta property=\"og:site_name\" content=\"NATURAL POLAND - IMPORT UND HANDEL VON ROHSTOFFEN\" \/>\n<meta property=\"article:publisher\" content=\"https:\/\/www.facebook.com\/naturalpoland.b2b\" \/>\n<meta property=\"article:modified_time\" content=\"2024-07-10T08:55:37+00:00\" \/>\n<meta property=\"og:image\" content=\"https:\/\/naturalpoland.com\/wp-content\/uploads\/resweratrol.webp\" \/>\n\t<meta property=\"og:image:width\" content=\"606\" \/>\n\t<meta property=\"og:image:height\" content=\"606\" \/>\n\t<meta property=\"og:image:type\" content=\"image\/webp\" \/>\n<script type=\"application\/ld+json\" class=\"yoast-schema-graph\">{\"@context\":\"https:\\\/\\\/schema.org\",\"@graph\":[{\"@type\":\"WebPage\",\"@id\":\"https:\\\/\\\/naturalpoland.com\\\/de\\\/produkte\\\/produkte-fur-die-pharmaindustrie\\\/nahrungserganzungmittel\\\/resverasol-lsme-resveratrol\\\/\",\"url\":\"https:\\\/\\\/naturalpoland.com\\\/de\\\/produkte\\\/produkte-fur-die-pharmaindustrie\\\/nahrungserganzungmittel\\\/resverasol-lsme-resveratrol\\\/\",\"name\":\"ResveraSol\u2122 (Resveratrol) - NATURAL POLAND - IMPORT UND HANDEL VON ROHSTOFFEN\",\"isPartOf\":{\"@id\":\"https:\\\/\\\/naturalpoland.com\\\/de\\\/#website\"},\"primaryImageOfPage\":{\"@id\":\"https:\\\/\\\/naturalpoland.com\\\/de\\\/produkte\\\/produkte-fur-die-pharmaindustrie\\\/nahrungserganzungmittel\\\/resverasol-lsme-resveratrol\\\/#primaryimage\"},\"image\":{\"@id\":\"https:\\\/\\\/naturalpoland.com\\\/de\\\/produkte\\\/produkte-fur-die-pharmaindustrie\\\/nahrungserganzungmittel\\\/resverasol-lsme-resveratrol\\\/#primaryimage\"},\"thumbnailUrl\":\"https:\\\/\\\/naturalpoland.com\\\/wp-content\\\/uploads\\\/resweratrol.webp\",\"datePublished\":\"2024-07-04T12:51:18+00:00\",\"dateModified\":\"2024-07-10T08:55:37+00:00\",\"description\":\"ResveraSol\u2122 unterst\u00fctzt die kardiovaskul\u00e4re Gesundheit, die neurologische Funktion, die entz\u00fcndungshemmende Wirkung und viele andere Aspekte der Gesundheit.\",\"breadcrumb\":{\"@id\":\"https:\\\/\\\/naturalpoland.com\\\/de\\\/produkte\\\/produkte-fur-die-pharmaindustrie\\\/nahrungserganzungmittel\\\/resverasol-lsme-resveratrol\\\/#breadcrumb\"},\"inLanguage\":\"de\",\"potentialAction\":[{\"@type\":\"ReadAction\",\"target\":[\"https:\\\/\\\/naturalpoland.com\\\/de\\\/produkte\\\/produkte-fur-die-pharmaindustrie\\\/nahrungserganzungmittel\\\/resverasol-lsme-resveratrol\\\/\"]}]},{\"@type\":\"ImageObject\",\"inLanguage\":\"de\",\"@id\":\"https:\\\/\\\/naturalpoland.com\\\/de\\\/produkte\\\/produkte-fur-die-pharmaindustrie\\\/nahrungserganzungmittel\\\/resverasol-lsme-resveratrol\\\/#primaryimage\",\"url\":\"https:\\\/\\\/naturalpoland.com\\\/wp-content\\\/uploads\\\/resweratrol.webp\",\"contentUrl\":\"https:\\\/\\\/naturalpoland.com\\\/wp-content\\\/uploads\\\/resweratrol.webp\",\"width\":606,\"height\":606,\"caption\":\"Resweratrol\"},{\"@type\":\"BreadcrumbList\",\"@id\":\"https:\\\/\\\/naturalpoland.com\\\/de\\\/produkte\\\/produkte-fur-die-pharmaindustrie\\\/nahrungserganzungmittel\\\/resverasol-lsme-resveratrol\\\/#breadcrumb\",\"itemListElement\":[{\"@type\":\"ListItem\",\"position\":1,\"name\":\"Startseite\",\"item\":\"https:\\\/\\\/naturalpoland.com\\\/de\\\/\"},{\"@type\":\"ListItem\",\"position\":2,\"name\":\"Produkte\",\"item\":\"https:\\\/\\\/naturalpoland.com\\\/de\\\/produkte\\\/\"},{\"@type\":\"ListItem\",\"position\":3,\"name\":\"ResveraSol\u2122 (Resveratrol)\"}]},{\"@type\":\"WebSite\",\"@id\":\"https:\\\/\\\/naturalpoland.com\\\/de\\\/#website\",\"url\":\"https:\\\/\\\/naturalpoland.com\\\/de\\\/\",\"name\":\"NATURAL POLAND - IMPORT UND HANDEL VON ROHSTOFFEN\",\"description\":\"Rohstoffe f\u00fcr die Lebensmittelindustrie, Kosmetikindustrie, Pharmaindustrie\",\"publisher\":{\"@id\":\"https:\\\/\\\/naturalpoland.com\\\/de\\\/#organization\"},\"potentialAction\":[{\"@type\":\"SearchAction\",\"target\":{\"@type\":\"EntryPoint\",\"urlTemplate\":\"https:\\\/\\\/naturalpoland.com\\\/de\\\/?s={search_term_string}\"},\"query-input\":{\"@type\":\"PropertyValueSpecification\",\"valueRequired\":true,\"valueName\":\"search_term_string\"}}],\"inLanguage\":\"de\"},{\"@type\":\"Organization\",\"@id\":\"https:\\\/\\\/naturalpoland.com\\\/de\\\/#organization\",\"name\":\"Natural Poland\",\"url\":\"https:\\\/\\\/naturalpoland.com\\\/de\\\/\",\"logo\":{\"@type\":\"ImageObject\",\"inLanguage\":\"de\",\"@id\":\"https:\\\/\\\/naturalpoland.com\\\/de\\\/#\\\/schema\\\/logo\\\/image\\\/\",\"url\":\"https:\\\/\\\/naturalpoland.com\\\/wp-content\\\/uploads\\\/2021\\\/05\\\/natural-poland-icon.png\",\"contentUrl\":\"https:\\\/\\\/naturalpoland.com\\\/wp-content\\\/uploads\\\/2021\\\/05\\\/natural-poland-icon.png\",\"width\":512,\"height\":512,\"caption\":\"Natural Poland\"},\"image\":{\"@id\":\"https:\\\/\\\/naturalpoland.com\\\/de\\\/#\\\/schema\\\/logo\\\/image\\\/\"},\"sameAs\":[\"https:\\\/\\\/www.facebook.com\\\/naturalpoland.b2b\",\"https:\\\/\\\/pl.linkedin.com\\\/company\\\/natural-poland\",\"https:\\\/\\\/www.youtube.com\\\/channel\\\/UCgeGGkvOMahZo-xu_MSEWxg\"]}]}<\/script>\n<!-- \/ Yoast SEO plugin. -->","yoast_head_json":{"title":"ResveraSol\u2122 (Resveratrol) - NATURAL POLAND - IMPORT UND HANDEL VON ROHSTOFFEN","description":"ResveraSol\u2122 unterst\u00fctzt die kardiovaskul\u00e4re Gesundheit, die neurologische Funktion, die entz\u00fcndungshemmende Wirkung und viele andere Aspekte der Gesundheit.","robots":{"index":"index","follow":"follow","max-snippet":"max-snippet:-1","max-image-preview":"max-image-preview:large","max-video-preview":"max-video-preview:-1"},"canonical":"https:\/\/naturalpoland.com\/de\/produkte\/produkte-fur-die-pharmaindustrie\/nahrungserganzungmittel\/resverasol-lsme-resveratrol\/","og_locale":"de_DE","og_type":"article","og_title":"ResveraSol\u2122 (Resveratrol) - NATURAL POLAND - IMPORT UND HANDEL VON ROHSTOFFEN","og_description":"ResveraSol\u2122 unterst\u00fctzt die kardiovaskul\u00e4re Gesundheit, die neurologische Funktion, die entz\u00fcndungshemmende Wirkung und viele andere Aspekte der Gesundheit.","og_url":"https:\/\/naturalpoland.com\/de\/produkte\/produkte-fur-die-pharmaindustrie\/nahrungserganzungmittel\/resverasol-lsme-resveratrol\/","og_site_name":"NATURAL POLAND - IMPORT UND HANDEL VON ROHSTOFFEN","article_publisher":"https:\/\/www.facebook.com\/naturalpoland.b2b","article_modified_time":"2024-07-10T08:55:37+00:00","og_image":[{"width":606,"height":606,"url":"https:\/\/naturalpoland.com\/wp-content\/uploads\/resweratrol.webp","type":"image\/webp"}],"schema":{"@context":"https:\/\/schema.org","@graph":[{"@type":"WebPage","@id":"https:\/\/naturalpoland.com\/de\/produkte\/produkte-fur-die-pharmaindustrie\/nahrungserganzungmittel\/resverasol-lsme-resveratrol\/","url":"https:\/\/naturalpoland.com\/de\/produkte\/produkte-fur-die-pharmaindustrie\/nahrungserganzungmittel\/resverasol-lsme-resveratrol\/","name":"ResveraSol\u2122 (Resveratrol) - NATURAL POLAND - IMPORT UND HANDEL VON ROHSTOFFEN","isPartOf":{"@id":"https:\/\/naturalpoland.com\/de\/#website"},"primaryImageOfPage":{"@id":"https:\/\/naturalpoland.com\/de\/produkte\/produkte-fur-die-pharmaindustrie\/nahrungserganzungmittel\/resverasol-lsme-resveratrol\/#primaryimage"},"image":{"@id":"https:\/\/naturalpoland.com\/de\/produkte\/produkte-fur-die-pharmaindustrie\/nahrungserganzungmittel\/resverasol-lsme-resveratrol\/#primaryimage"},"thumbnailUrl":"https:\/\/naturalpoland.com\/wp-content\/uploads\/resweratrol.webp","datePublished":"2024-07-04T12:51:18+00:00","dateModified":"2024-07-10T08:55:37+00:00","description":"ResveraSol\u2122 unterst\u00fctzt die kardiovaskul\u00e4re Gesundheit, die neurologische Funktion, die entz\u00fcndungshemmende Wirkung und viele andere Aspekte der Gesundheit.","breadcrumb":{"@id":"https:\/\/naturalpoland.com\/de\/produkte\/produkte-fur-die-pharmaindustrie\/nahrungserganzungmittel\/resverasol-lsme-resveratrol\/#breadcrumb"},"inLanguage":"de","potentialAction":[{"@type":"ReadAction","target":["https:\/\/naturalpoland.com\/de\/produkte\/produkte-fur-die-pharmaindustrie\/nahrungserganzungmittel\/resverasol-lsme-resveratrol\/"]}]},{"@type":"ImageObject","inLanguage":"de","@id":"https:\/\/naturalpoland.com\/de\/produkte\/produkte-fur-die-pharmaindustrie\/nahrungserganzungmittel\/resverasol-lsme-resveratrol\/#primaryimage","url":"https:\/\/naturalpoland.com\/wp-content\/uploads\/resweratrol.webp","contentUrl":"https:\/\/naturalpoland.com\/wp-content\/uploads\/resweratrol.webp","width":606,"height":606,"caption":"Resweratrol"},{"@type":"BreadcrumbList","@id":"https:\/\/naturalpoland.com\/de\/produkte\/produkte-fur-die-pharmaindustrie\/nahrungserganzungmittel\/resverasol-lsme-resveratrol\/#breadcrumb","itemListElement":[{"@type":"ListItem","position":1,"name":"Startseite","item":"https:\/\/naturalpoland.com\/de\/"},{"@type":"ListItem","position":2,"name":"Produkte","item":"https:\/\/naturalpoland.com\/de\/produkte\/"},{"@type":"ListItem","position":3,"name":"ResveraSol\u2122 (Resveratrol)"}]},{"@type":"WebSite","@id":"https:\/\/naturalpoland.com\/de\/#website","url":"https:\/\/naturalpoland.com\/de\/","name":"NATURAL POLAND - IMPORT UND HANDEL VON ROHSTOFFEN","description":"Rohstoffe f\u00fcr die Lebensmittelindustrie, Kosmetikindustrie, Pharmaindustrie","publisher":{"@id":"https:\/\/naturalpoland.com\/de\/#organization"},"potentialAction":[{"@type":"SearchAction","target":{"@type":"EntryPoint","urlTemplate":"https:\/\/naturalpoland.com\/de\/?s={search_term_string}"},"query-input":{"@type":"PropertyValueSpecification","valueRequired":true,"valueName":"search_term_string"}}],"inLanguage":"de"},{"@type":"Organization","@id":"https:\/\/naturalpoland.com\/de\/#organization","name":"Natural Poland","url":"https:\/\/naturalpoland.com\/de\/","logo":{"@type":"ImageObject","inLanguage":"de","@id":"https:\/\/naturalpoland.com\/de\/#\/schema\/logo\/image\/","url":"https:\/\/naturalpoland.com\/wp-content\/uploads\/2021\/05\/natural-poland-icon.png","contentUrl":"https:\/\/naturalpoland.com\/wp-content\/uploads\/2021\/05\/natural-poland-icon.png","width":512,"height":512,"caption":"Natural Poland"},"image":{"@id":"https:\/\/naturalpoland.com\/de\/#\/schema\/logo\/image\/"},"sameAs":["https:\/\/www.facebook.com\/naturalpoland.b2b","https:\/\/pl.linkedin.com\/company\/natural-poland","https:\/\/www.youtube.com\/channel\/UCgeGGkvOMahZo-xu_MSEWxg"]}]}},"_links":{"self":[{"href":"https:\/\/naturalpoland.com\/de\/wp-json\/wp\/v2\/product\/33550","targetHints":{"allow":["GET"]}}],"collection":[{"href":"https:\/\/naturalpoland.com\/de\/wp-json\/wp\/v2\/product"}],"about":[{"href":"https:\/\/naturalpoland.com\/de\/wp-json\/wp\/v2\/types\/product"}],"wp:featuredmedia":[{"embeddable":true,"href":"https:\/\/naturalpoland.com\/de\/wp-json\/wp\/v2\/media\/33242"}],"wp:attachment":[{"href":"https:\/\/naturalpoland.com\/de\/wp-json\/wp\/v2\/media?parent=33550"}],"wp:term":[{"taxonomy":"product_brand","embeddable":true,"href":"https:\/\/naturalpoland.com\/de\/wp-json\/wp\/v2\/product_brand?post=33550"},{"taxonomy":"product_cat","embeddable":true,"href":"https:\/\/naturalpoland.com\/de\/wp-json\/wp\/v2\/product_cat?post=33550"},{"taxonomy":"product_tag","embeddable":true,"href":"https:\/\/naturalpoland.com\/de\/wp-json\/wp\/v2\/product_tag?post=33550"}],"curies":[{"name":"wp","href":"https:\/\/api.w.org\/{rel}","templated":true}]}}