{"id":33886,"date":"2024-07-04T12:48:14","date_gmt":"2024-07-17T09:58:11","guid":{"rendered":"https:\/\/naturalpoland.com\/produkty\/unkategorisiert\/ellagisol-lsme-elagic-acid\/"},"modified":"2024-07-17T11:58:11","modified_gmt":"2024-07-17T09:58:11","slug":"ellagisol-lsme-elagic-acid","status":"publish","type":"product","link":"https:\/\/naturalpoland.com\/de\/produkte\/produkte-fur-die-pharmaindustrie\/nahrungserganzungmittel\/ellagisol-lsme-elagic-acid\/","title":{"rendered":"EllagiSol\u2122 (Ellags\u00e4ure)"},"content":{"rendered":"<h2>Vorteile der BioSNEDS\u2122 Technologie<\/h2>\n<ul>\n<li>EllagiSol\u2122 ist 100 Mal besser bioverf\u00fcgbar als herk\u00f6mmliche Ellags\u00e4ure. Das bedeutet, dass 5 mg aktive Ellags\u00e4ure in BioSNEDS\u2122 bio\u00e4quivalent zu 500 mg herk\u00f6mmlicher Ellags\u00e4ure sind.<\/li>\n<li>Mehr Dosen pro Kilogramm &#8211; 10.000 Dosen pro Kilogramm im Vergleich zu 1.940 Dosen der herk\u00f6mmlichen Ellags\u00e4ure.<\/li>\n<\/ul>\n<h2>Vorteile f\u00fcr die Gesundheit<\/h2>\n<ul>\n<li>St\u00e4rkt die Immunfunktion des K\u00f6rpers.<\/li>\n<li>Unterst\u00fctzt die Gesundheit des Gehirns und die neurologische Funktion.<\/li>\n<li>Reduziert Entz\u00fcndungen im K\u00f6rper.<\/li>\n<li>Unterst\u00fctzt die kardiovaskul\u00e4re Gesundheit.<\/li>\n<li>Hilft bei der Erholung nach dem Sport.<\/li>\n<li>Sch\u00fctzt die Zellen vor oxidativem Stress, was die Alterung verhindern kann.<\/li>\n<li>Unterst\u00fctzt die Gesundheit der Haut und reduziert die Zeichen der Hautalterung.<\/li>\n<\/ul>\n<h2>Anwendung:<\/h2>\n<p>Nahrungserg\u00e4nzungsmittel, funktionelle Lebensmittel, topische Kosmetika, Tiernahrung.<\/p>\n","protected":false},"excerpt":{"rendered":"<p><strong>EllagiSol\u2122 <\/strong>ist ein fortschrittliches Produkt mit BioSNEDS\u2122-Technologie, das die Bioverf\u00fcgbarkeit von Ellags\u00e4ure, einem starken Polyphenol mit einem breiten Spektrum an gesundheitlichen Vorteilen, einschlie\u00dflich antioxidativer und entz\u00fcndungshemmender Eigenschaften, deutlich erh\u00f6ht.<\/p>\n","protected":false},"featured_media":33190,"template":"","meta":{"_acf_changed":false},"product_brand":[],"product_cat":[373],"product_tag":[],"class_list":{"0":"post-33886","1":"product","2":"type-product","3":"status-publish","4":"has-post-thumbnail","6":"product_cat-nahrungserganzungmittel","7":"pa_grupa-substancji-nutrazeutika","8":"pa_technologia-biosneds-technologie","10":"first","11":"instock","12":"shipping-taxable","13":"product-type-simple"},"acf":[],"yoast_head":"<!-- This site is optimized with the Yoast SEO plugin v27.4 - https:\/\/yoast.com\/product\/yoast-seo-wordpress\/ -->\n<title>EllagiSol\u2122 (Ellags\u00e4ure) - NATURAL POLAND - IMPORT UND HANDEL VON ROHSTOFFEN<\/title>\n<meta name=\"description\" content=\"Ellags\u00e4ure unterst\u00fctzt die Gesundheit des Immunsystems, die neurologische Funktion, die Gesundheit des Herzens, entz\u00fcndungshemmende Eigenschaften und viele andere Aspekte der Gesundheit.\" \/>\n<meta name=\"robots\" content=\"index, follow, max-snippet:-1, max-image-preview:large, max-video-preview:-1\" \/>\n<link rel=\"canonical\" href=\"https:\/\/naturalpoland.com\/de\/produkte\/produkte-fur-die-pharmaindustrie\/nahrungserganzungmittel\/ellagisol-lsme-elagic-acid\/\" \/>\n<meta property=\"og:locale\" content=\"de_DE\" \/>\n<meta property=\"og:type\" content=\"article\" \/>\n<meta property=\"og:title\" content=\"EllagiSol\u2122 (Ellags\u00e4ure) - NATURAL POLAND - IMPORT UND HANDEL VON ROHSTOFFEN\" \/>\n<meta property=\"og:description\" content=\"Ellags\u00e4ure unterst\u00fctzt die Gesundheit des Immunsystems, die neurologische Funktion, die Gesundheit des Herzens, entz\u00fcndungshemmende Eigenschaften und viele andere Aspekte der Gesundheit.\" \/>\n<meta property=\"og:url\" content=\"https:\/\/naturalpoland.com\/de\/produkte\/produkte-fur-die-pharmaindustrie\/nahrungserganzungmittel\/ellagisol-lsme-elagic-acid\/\" \/>\n<meta property=\"og:site_name\" content=\"NATURAL POLAND - IMPORT UND HANDEL VON ROHSTOFFEN\" \/>\n<meta property=\"article:publisher\" content=\"https:\/\/www.facebook.com\/naturalpoland.b2b\" \/>\n<meta property=\"og:image\" content=\"https:\/\/naturalpoland.com\/wp-content\/uploads\/kwas-elagowy-1.webp\" \/>\n\t<meta property=\"og:image:width\" content=\"614\" \/>\n\t<meta property=\"og:image:height\" content=\"614\" \/>\n\t<meta property=\"og:image:type\" content=\"image\/webp\" \/>\n<script type=\"application\/ld+json\" class=\"yoast-schema-graph\">{\"@context\":\"https:\\\/\\\/schema.org\",\"@graph\":[{\"@type\":\"WebPage\",\"@id\":\"https:\\\/\\\/naturalpoland.com\\\/de\\\/produkte\\\/produkte-fur-die-pharmaindustrie\\\/nahrungserganzungmittel\\\/ellagisol-lsme-elagic-acid\\\/\",\"url\":\"https:\\\/\\\/naturalpoland.com\\\/de\\\/produkte\\\/produkte-fur-die-pharmaindustrie\\\/nahrungserganzungmittel\\\/ellagisol-lsme-elagic-acid\\\/\",\"name\":\"EllagiSol\u2122 (Ellags\u00e4ure) - NATURAL POLAND - IMPORT UND HANDEL VON ROHSTOFFEN\",\"isPartOf\":{\"@id\":\"https:\\\/\\\/naturalpoland.com\\\/de\\\/#website\"},\"primaryImageOfPage\":{\"@id\":\"https:\\\/\\\/naturalpoland.com\\\/de\\\/produkte\\\/produkte-fur-die-pharmaindustrie\\\/nahrungserganzungmittel\\\/ellagisol-lsme-elagic-acid\\\/#primaryimage\"},\"image\":{\"@id\":\"https:\\\/\\\/naturalpoland.com\\\/de\\\/produkte\\\/produkte-fur-die-pharmaindustrie\\\/nahrungserganzungmittel\\\/ellagisol-lsme-elagic-acid\\\/#primaryimage\"},\"thumbnailUrl\":\"https:\\\/\\\/naturalpoland.com\\\/wp-content\\\/uploads\\\/kwas-elagowy-1.webp\",\"datePublished\":\"2024-07-17T09:58:11+00:00\",\"description\":\"Ellags\u00e4ure unterst\u00fctzt die Gesundheit des Immunsystems, die neurologische Funktion, die Gesundheit des Herzens, entz\u00fcndungshemmende Eigenschaften und viele andere Aspekte der Gesundheit.\",\"breadcrumb\":{\"@id\":\"https:\\\/\\\/naturalpoland.com\\\/de\\\/produkte\\\/produkte-fur-die-pharmaindustrie\\\/nahrungserganzungmittel\\\/ellagisol-lsme-elagic-acid\\\/#breadcrumb\"},\"inLanguage\":\"de\",\"potentialAction\":[{\"@type\":\"ReadAction\",\"target\":[\"https:\\\/\\\/naturalpoland.com\\\/de\\\/produkte\\\/produkte-fur-die-pharmaindustrie\\\/nahrungserganzungmittel\\\/ellagisol-lsme-elagic-acid\\\/\"]}]},{\"@type\":\"ImageObject\",\"inLanguage\":\"de\",\"@id\":\"https:\\\/\\\/naturalpoland.com\\\/de\\\/produkte\\\/produkte-fur-die-pharmaindustrie\\\/nahrungserganzungmittel\\\/ellagisol-lsme-elagic-acid\\\/#primaryimage\",\"url\":\"https:\\\/\\\/naturalpoland.com\\\/wp-content\\\/uploads\\\/kwas-elagowy-1.webp\",\"contentUrl\":\"https:\\\/\\\/naturalpoland.com\\\/wp-content\\\/uploads\\\/kwas-elagowy-1.webp\",\"width\":614,\"height\":614,\"caption\":\"kwas elagowy w formie be\u017cowego proszku\"},{\"@type\":\"BreadcrumbList\",\"@id\":\"https:\\\/\\\/naturalpoland.com\\\/de\\\/produkte\\\/produkte-fur-die-pharmaindustrie\\\/nahrungserganzungmittel\\\/ellagisol-lsme-elagic-acid\\\/#breadcrumb\",\"itemListElement\":[{\"@type\":\"ListItem\",\"position\":1,\"name\":\"Startseite\",\"item\":\"https:\\\/\\\/naturalpoland.com\\\/de\\\/\"},{\"@type\":\"ListItem\",\"position\":2,\"name\":\"Produkte\",\"item\":\"https:\\\/\\\/naturalpoland.com\\\/de\\\/produkte\\\/\"},{\"@type\":\"ListItem\",\"position\":3,\"name\":\"EllagiSol\u2122 (Ellags\u00e4ure)\"}]},{\"@type\":\"WebSite\",\"@id\":\"https:\\\/\\\/naturalpoland.com\\\/de\\\/#website\",\"url\":\"https:\\\/\\\/naturalpoland.com\\\/de\\\/\",\"name\":\"NATURAL POLAND - IMPORT UND HANDEL VON ROHSTOFFEN\",\"description\":\"Rohstoffe f\u00fcr die Lebensmittelindustrie, Kosmetikindustrie, Pharmaindustrie\",\"publisher\":{\"@id\":\"https:\\\/\\\/naturalpoland.com\\\/de\\\/#organization\"},\"potentialAction\":[{\"@type\":\"SearchAction\",\"target\":{\"@type\":\"EntryPoint\",\"urlTemplate\":\"https:\\\/\\\/naturalpoland.com\\\/de\\\/?s={search_term_string}\"},\"query-input\":{\"@type\":\"PropertyValueSpecification\",\"valueRequired\":true,\"valueName\":\"search_term_string\"}}],\"inLanguage\":\"de\"},{\"@type\":\"Organization\",\"@id\":\"https:\\\/\\\/naturalpoland.com\\\/de\\\/#organization\",\"name\":\"Natural Poland\",\"url\":\"https:\\\/\\\/naturalpoland.com\\\/de\\\/\",\"logo\":{\"@type\":\"ImageObject\",\"inLanguage\":\"de\",\"@id\":\"https:\\\/\\\/naturalpoland.com\\\/de\\\/#\\\/schema\\\/logo\\\/image\\\/\",\"url\":\"https:\\\/\\\/naturalpoland.com\\\/wp-content\\\/uploads\\\/2021\\\/05\\\/natural-poland-icon.png\",\"contentUrl\":\"https:\\\/\\\/naturalpoland.com\\\/wp-content\\\/uploads\\\/2021\\\/05\\\/natural-poland-icon.png\",\"width\":512,\"height\":512,\"caption\":\"Natural Poland\"},\"image\":{\"@id\":\"https:\\\/\\\/naturalpoland.com\\\/de\\\/#\\\/schema\\\/logo\\\/image\\\/\"},\"sameAs\":[\"https:\\\/\\\/www.facebook.com\\\/naturalpoland.b2b\",\"https:\\\/\\\/pl.linkedin.com\\\/company\\\/natural-poland\",\"https:\\\/\\\/www.youtube.com\\\/channel\\\/UCgeGGkvOMahZo-xu_MSEWxg\"]}]}<\/script>\n<!-- \/ Yoast SEO plugin. -->","yoast_head_json":{"title":"EllagiSol\u2122 (Ellags\u00e4ure) - NATURAL POLAND - IMPORT UND HANDEL VON ROHSTOFFEN","description":"Ellags\u00e4ure unterst\u00fctzt die Gesundheit des Immunsystems, die neurologische Funktion, die Gesundheit des Herzens, entz\u00fcndungshemmende Eigenschaften und viele andere Aspekte der Gesundheit.","robots":{"index":"index","follow":"follow","max-snippet":"max-snippet:-1","max-image-preview":"max-image-preview:large","max-video-preview":"max-video-preview:-1"},"canonical":"https:\/\/naturalpoland.com\/de\/produkte\/produkte-fur-die-pharmaindustrie\/nahrungserganzungmittel\/ellagisol-lsme-elagic-acid\/","og_locale":"de_DE","og_type":"article","og_title":"EllagiSol\u2122 (Ellags\u00e4ure) - NATURAL POLAND - IMPORT UND HANDEL VON ROHSTOFFEN","og_description":"Ellags\u00e4ure unterst\u00fctzt die Gesundheit des Immunsystems, die neurologische Funktion, die Gesundheit des Herzens, entz\u00fcndungshemmende Eigenschaften und viele andere Aspekte der Gesundheit.","og_url":"https:\/\/naturalpoland.com\/de\/produkte\/produkte-fur-die-pharmaindustrie\/nahrungserganzungmittel\/ellagisol-lsme-elagic-acid\/","og_site_name":"NATURAL POLAND - IMPORT UND HANDEL VON ROHSTOFFEN","article_publisher":"https:\/\/www.facebook.com\/naturalpoland.b2b","og_image":[{"width":614,"height":614,"url":"https:\/\/naturalpoland.com\/wp-content\/uploads\/kwas-elagowy-1.webp","type":"image\/webp"}],"schema":{"@context":"https:\/\/schema.org","@graph":[{"@type":"WebPage","@id":"https:\/\/naturalpoland.com\/de\/produkte\/produkte-fur-die-pharmaindustrie\/nahrungserganzungmittel\/ellagisol-lsme-elagic-acid\/","url":"https:\/\/naturalpoland.com\/de\/produkte\/produkte-fur-die-pharmaindustrie\/nahrungserganzungmittel\/ellagisol-lsme-elagic-acid\/","name":"EllagiSol\u2122 (Ellags\u00e4ure) - NATURAL POLAND - IMPORT UND HANDEL VON ROHSTOFFEN","isPartOf":{"@id":"https:\/\/naturalpoland.com\/de\/#website"},"primaryImageOfPage":{"@id":"https:\/\/naturalpoland.com\/de\/produkte\/produkte-fur-die-pharmaindustrie\/nahrungserganzungmittel\/ellagisol-lsme-elagic-acid\/#primaryimage"},"image":{"@id":"https:\/\/naturalpoland.com\/de\/produkte\/produkte-fur-die-pharmaindustrie\/nahrungserganzungmittel\/ellagisol-lsme-elagic-acid\/#primaryimage"},"thumbnailUrl":"https:\/\/naturalpoland.com\/wp-content\/uploads\/kwas-elagowy-1.webp","datePublished":"2024-07-17T09:58:11+00:00","description":"Ellags\u00e4ure unterst\u00fctzt die Gesundheit des Immunsystems, die neurologische Funktion, die Gesundheit des Herzens, entz\u00fcndungshemmende Eigenschaften und viele andere Aspekte der Gesundheit.","breadcrumb":{"@id":"https:\/\/naturalpoland.com\/de\/produkte\/produkte-fur-die-pharmaindustrie\/nahrungserganzungmittel\/ellagisol-lsme-elagic-acid\/#breadcrumb"},"inLanguage":"de","potentialAction":[{"@type":"ReadAction","target":["https:\/\/naturalpoland.com\/de\/produkte\/produkte-fur-die-pharmaindustrie\/nahrungserganzungmittel\/ellagisol-lsme-elagic-acid\/"]}]},{"@type":"ImageObject","inLanguage":"de","@id":"https:\/\/naturalpoland.com\/de\/produkte\/produkte-fur-die-pharmaindustrie\/nahrungserganzungmittel\/ellagisol-lsme-elagic-acid\/#primaryimage","url":"https:\/\/naturalpoland.com\/wp-content\/uploads\/kwas-elagowy-1.webp","contentUrl":"https:\/\/naturalpoland.com\/wp-content\/uploads\/kwas-elagowy-1.webp","width":614,"height":614,"caption":"kwas elagowy w formie be\u017cowego proszku"},{"@type":"BreadcrumbList","@id":"https:\/\/naturalpoland.com\/de\/produkte\/produkte-fur-die-pharmaindustrie\/nahrungserganzungmittel\/ellagisol-lsme-elagic-acid\/#breadcrumb","itemListElement":[{"@type":"ListItem","position":1,"name":"Startseite","item":"https:\/\/naturalpoland.com\/de\/"},{"@type":"ListItem","position":2,"name":"Produkte","item":"https:\/\/naturalpoland.com\/de\/produkte\/"},{"@type":"ListItem","position":3,"name":"EllagiSol\u2122 (Ellags\u00e4ure)"}]},{"@type":"WebSite","@id":"https:\/\/naturalpoland.com\/de\/#website","url":"https:\/\/naturalpoland.com\/de\/","name":"NATURAL POLAND - IMPORT UND HANDEL VON ROHSTOFFEN","description":"Rohstoffe f\u00fcr die Lebensmittelindustrie, Kosmetikindustrie, Pharmaindustrie","publisher":{"@id":"https:\/\/naturalpoland.com\/de\/#organization"},"potentialAction":[{"@type":"SearchAction","target":{"@type":"EntryPoint","urlTemplate":"https:\/\/naturalpoland.com\/de\/?s={search_term_string}"},"query-input":{"@type":"PropertyValueSpecification","valueRequired":true,"valueName":"search_term_string"}}],"inLanguage":"de"},{"@type":"Organization","@id":"https:\/\/naturalpoland.com\/de\/#organization","name":"Natural Poland","url":"https:\/\/naturalpoland.com\/de\/","logo":{"@type":"ImageObject","inLanguage":"de","@id":"https:\/\/naturalpoland.com\/de\/#\/schema\/logo\/image\/","url":"https:\/\/naturalpoland.com\/wp-content\/uploads\/2021\/05\/natural-poland-icon.png","contentUrl":"https:\/\/naturalpoland.com\/wp-content\/uploads\/2021\/05\/natural-poland-icon.png","width":512,"height":512,"caption":"Natural Poland"},"image":{"@id":"https:\/\/naturalpoland.com\/de\/#\/schema\/logo\/image\/"},"sameAs":["https:\/\/www.facebook.com\/naturalpoland.b2b","https:\/\/pl.linkedin.com\/company\/natural-poland","https:\/\/www.youtube.com\/channel\/UCgeGGkvOMahZo-xu_MSEWxg"]}]}},"_links":{"self":[{"href":"https:\/\/naturalpoland.com\/de\/wp-json\/wp\/v2\/product\/33886","targetHints":{"allow":["GET"]}}],"collection":[{"href":"https:\/\/naturalpoland.com\/de\/wp-json\/wp\/v2\/product"}],"about":[{"href":"https:\/\/naturalpoland.com\/de\/wp-json\/wp\/v2\/types\/product"}],"wp:featuredmedia":[{"embeddable":true,"href":"https:\/\/naturalpoland.com\/de\/wp-json\/wp\/v2\/media\/33190"}],"wp:attachment":[{"href":"https:\/\/naturalpoland.com\/de\/wp-json\/wp\/v2\/media?parent=33886"}],"wp:term":[{"taxonomy":"product_brand","embeddable":true,"href":"https:\/\/naturalpoland.com\/de\/wp-json\/wp\/v2\/product_brand?post=33886"},{"taxonomy":"product_cat","embeddable":true,"href":"https:\/\/naturalpoland.com\/de\/wp-json\/wp\/v2\/product_cat?post=33886"},{"taxonomy":"product_tag","embeddable":true,"href":"https:\/\/naturalpoland.com\/de\/wp-json\/wp\/v2\/product_tag?post=33886"}],"curies":[{"name":"wp","href":"https:\/\/api.w.org\/{rel}","templated":true}]}}