{"id":33887,"date":"2024-07-04T13:08:12","date_gmt":"2024-07-17T09:58:17","guid":{"rendered":"https:\/\/naturalpoland.com\/produkty\/unkategorisiert\/supra-lsme-quercetin-niacinamid\/"},"modified":"2024-07-17T11:58:17","modified_gmt":"2024-07-17T09:58:17","slug":"supra-lsme-quercetin-niacinamid","status":"publish","type":"product","link":"https:\/\/naturalpoland.com\/de\/produkte\/produkte-fur-die-pharmaindustrie\/nahrungserganzungmittel\/supra-lsme-quercetin-niacinamid\/","title":{"rendered":"NADPro\u2122 (Quercetin, Niacinamid)"},"content":{"rendered":"<h2>Vorteile der BioSNEDS\u2122 Technologie<\/h2>\n<ul>\n<li>NADPro\u2122 ist im Vergleich zu herk\u00f6mmlichem Quercetin 44-mal besser bioverf\u00fcgbar. Das bedeutet, dass die 12 mg aktives Quercetin\/Niacinamid in BioSNEDS\u2122 bio\u00e4quivalent zu 500 mg herk\u00f6mmlichem Quercetin sind.<\/li>\n<li>Mehr Dosen pro Kilogramm &#8211; 8.333 Dosen pro Kilogramm im Vergleich zu 1.940 Dosen von herk\u00f6mmlichem Quercetin.<\/li>\n<li>Erh\u00e4ltlich in Form von Pulvern und Emulsionen mit neutralem Geschmack und ohne Geruch.<\/li>\n<\/ul>\n<h2>Vorteile f\u00fcr die Gesundheit<\/h2>\n<ul>\n<li>Erh\u00f6ht den NAD+-Spiegel im K\u00f6rper, der f\u00fcr die zellul\u00e4re Energieproduktion entscheidend ist.<\/li>\n<li>Unterst\u00fctzt die Gesundheit des Gehirns und die neurologische Funktion.<\/li>\n<li>Unterst\u00fctzt die kardiovaskul\u00e4re Gesundheit.<\/li>\n<li>Hilft, das Energieniveau und die Ausdauer zu erh\u00f6hen.<\/li>\n<li>St\u00e4rkt die Immunfunktion des K\u00f6rpers.<\/li>\n<li>Unterst\u00fctzt die Anti-Aging-Funktionen durch Verbesserung der NAD+-Synthese und Optimierung der Sirtuin-Aktivit\u00e4t.<\/li>\n<\/ul>\n<h2>Anwendung:<\/h2>\n<p>Nahrungserg\u00e4nzungsmittel, funktionelle Lebensmittel, topische Kosmetika, Tiernahrung.<\/p>\n","protected":false},"excerpt":{"rendered":"<p><strong>NADPro\u2122 <\/strong>ist ein fortschrittliches Produkt mit BioSNEDS\u2122-Technologie, das die Bioverf\u00fcgbarkeit von Quercetin und Niacinamid deutlich erh\u00f6ht. Diese Inhaltsstoffe sind entscheidend f\u00fcr die Unterst\u00fctzung des NAD+-Spiegels im K\u00f6rper, der f\u00fcr die Energiefunktion, die neurologische Unterst\u00fctzung und die Alterungsvorbeugung wichtig ist.<\/p>\n","protected":false},"featured_media":33203,"template":"","meta":{"_acf_changed":false},"product_brand":[],"product_cat":[373],"product_tag":[],"class_list":{"0":"post-33887","1":"product","2":"type-product","3":"status-publish","4":"has-post-thumbnail","6":"product_cat-nahrungserganzungmittel","7":"pa_grupa-substancji-nutrazeutika","8":"pa_technologia-biosneds-technologie","10":"first","11":"instock","12":"shipping-taxable","13":"product-type-simple"},"acf":[],"yoast_head":"<!-- This site is optimized with the Yoast SEO plugin v27.4 - https:\/\/yoast.com\/product\/yoast-seo-wordpress\/ -->\n<title>NADPro\u2122 (Quercetin, Niacinamid) - NATURAL POLAND - IMPORT UND HANDEL VON ROHSTOFFEN<\/title>\n<meta name=\"description\" content=\"NADPro\u2122 ist ein fortschrittliches Produkt, das auf der BioSNEDS\u2122-Technologie basiert und eine h\u00f6here Bioverf\u00fcgbarkeit, Effizienz und breite Anwendung bietet.\" \/>\n<meta name=\"robots\" content=\"index, follow, max-snippet:-1, max-image-preview:large, max-video-preview:-1\" \/>\n<link rel=\"canonical\" href=\"https:\/\/naturalpoland.com\/de\/produkte\/produkte-fur-die-pharmaindustrie\/nahrungserganzungmittel\/supra-lsme-quercetin-niacinamid\/\" \/>\n<meta property=\"og:locale\" content=\"de_DE\" \/>\n<meta property=\"og:type\" content=\"article\" \/>\n<meta property=\"og:title\" content=\"NADPro\u2122 (Quercetin, Niacinamid) - NATURAL POLAND - IMPORT UND HANDEL VON ROHSTOFFEN\" \/>\n<meta property=\"og:description\" content=\"NADPro\u2122 ist ein fortschrittliches Produkt, das auf der BioSNEDS\u2122-Technologie basiert und eine h\u00f6here Bioverf\u00fcgbarkeit, Effizienz und breite Anwendung bietet.\" \/>\n<meta property=\"og:url\" content=\"https:\/\/naturalpoland.com\/de\/produkte\/produkte-fur-die-pharmaindustrie\/nahrungserganzungmittel\/supra-lsme-quercetin-niacinamid\/\" \/>\n<meta property=\"og:site_name\" content=\"NATURAL POLAND - IMPORT UND HANDEL VON ROHSTOFFEN\" \/>\n<meta property=\"article:publisher\" content=\"https:\/\/www.facebook.com\/naturalpoland.b2b\" \/>\n<meta property=\"og:image\" content=\"https:\/\/naturalpoland.com\/wp-content\/uploads\/kwercetyna-niacynamid.webp\" \/>\n\t<meta property=\"og:image:width\" content=\"614\" \/>\n\t<meta property=\"og:image:height\" content=\"614\" \/>\n\t<meta property=\"og:image:type\" content=\"image\/webp\" \/>\n<script type=\"application\/ld+json\" class=\"yoast-schema-graph\">{\"@context\":\"https:\\\/\\\/schema.org\",\"@graph\":[{\"@type\":\"WebPage\",\"@id\":\"https:\\\/\\\/naturalpoland.com\\\/de\\\/produkte\\\/produkte-fur-die-pharmaindustrie\\\/nahrungserganzungmittel\\\/supra-lsme-quercetin-niacinamid\\\/\",\"url\":\"https:\\\/\\\/naturalpoland.com\\\/de\\\/produkte\\\/produkte-fur-die-pharmaindustrie\\\/nahrungserganzungmittel\\\/supra-lsme-quercetin-niacinamid\\\/\",\"name\":\"NADPro\u2122 (Quercetin, Niacinamid) - NATURAL POLAND - IMPORT UND HANDEL VON ROHSTOFFEN\",\"isPartOf\":{\"@id\":\"https:\\\/\\\/naturalpoland.com\\\/de\\\/#website\"},\"primaryImageOfPage\":{\"@id\":\"https:\\\/\\\/naturalpoland.com\\\/de\\\/produkte\\\/produkte-fur-die-pharmaindustrie\\\/nahrungserganzungmittel\\\/supra-lsme-quercetin-niacinamid\\\/#primaryimage\"},\"image\":{\"@id\":\"https:\\\/\\\/naturalpoland.com\\\/de\\\/produkte\\\/produkte-fur-die-pharmaindustrie\\\/nahrungserganzungmittel\\\/supra-lsme-quercetin-niacinamid\\\/#primaryimage\"},\"thumbnailUrl\":\"https:\\\/\\\/naturalpoland.com\\\/wp-content\\\/uploads\\\/kwercetyna-niacynamid.webp\",\"datePublished\":\"2024-07-17T09:58:17+00:00\",\"description\":\"NADPro\u2122 ist ein fortschrittliches Produkt, das auf der BioSNEDS\u2122-Technologie basiert und eine h\u00f6here Bioverf\u00fcgbarkeit, Effizienz und breite Anwendung bietet.\",\"breadcrumb\":{\"@id\":\"https:\\\/\\\/naturalpoland.com\\\/de\\\/produkte\\\/produkte-fur-die-pharmaindustrie\\\/nahrungserganzungmittel\\\/supra-lsme-quercetin-niacinamid\\\/#breadcrumb\"},\"inLanguage\":\"de\",\"potentialAction\":[{\"@type\":\"ReadAction\",\"target\":[\"https:\\\/\\\/naturalpoland.com\\\/de\\\/produkte\\\/produkte-fur-die-pharmaindustrie\\\/nahrungserganzungmittel\\\/supra-lsme-quercetin-niacinamid\\\/\"]}]},{\"@type\":\"ImageObject\",\"inLanguage\":\"de\",\"@id\":\"https:\\\/\\\/naturalpoland.com\\\/de\\\/produkte\\\/produkte-fur-die-pharmaindustrie\\\/nahrungserganzungmittel\\\/supra-lsme-quercetin-niacinamid\\\/#primaryimage\",\"url\":\"https:\\\/\\\/naturalpoland.com\\\/wp-content\\\/uploads\\\/kwercetyna-niacynamid.webp\",\"contentUrl\":\"https:\\\/\\\/naturalpoland.com\\\/wp-content\\\/uploads\\\/kwercetyna-niacynamid.webp\",\"width\":614,\"height\":614,\"caption\":\"Kwercetyna, Niacynamid\"},{\"@type\":\"BreadcrumbList\",\"@id\":\"https:\\\/\\\/naturalpoland.com\\\/de\\\/produkte\\\/produkte-fur-die-pharmaindustrie\\\/nahrungserganzungmittel\\\/supra-lsme-quercetin-niacinamid\\\/#breadcrumb\",\"itemListElement\":[{\"@type\":\"ListItem\",\"position\":1,\"name\":\"Startseite\",\"item\":\"https:\\\/\\\/naturalpoland.com\\\/de\\\/\"},{\"@type\":\"ListItem\",\"position\":2,\"name\":\"Produkte\",\"item\":\"https:\\\/\\\/naturalpoland.com\\\/de\\\/produkte\\\/\"},{\"@type\":\"ListItem\",\"position\":3,\"name\":\"NADPro\u2122 (Quercetin, Niacinamid)\"}]},{\"@type\":\"WebSite\",\"@id\":\"https:\\\/\\\/naturalpoland.com\\\/de\\\/#website\",\"url\":\"https:\\\/\\\/naturalpoland.com\\\/de\\\/\",\"name\":\"NATURAL POLAND - IMPORT UND HANDEL VON ROHSTOFFEN\",\"description\":\"Rohstoffe f\u00fcr die Lebensmittelindustrie, Kosmetikindustrie, Pharmaindustrie\",\"publisher\":{\"@id\":\"https:\\\/\\\/naturalpoland.com\\\/de\\\/#organization\"},\"potentialAction\":[{\"@type\":\"SearchAction\",\"target\":{\"@type\":\"EntryPoint\",\"urlTemplate\":\"https:\\\/\\\/naturalpoland.com\\\/de\\\/?s={search_term_string}\"},\"query-input\":{\"@type\":\"PropertyValueSpecification\",\"valueRequired\":true,\"valueName\":\"search_term_string\"}}],\"inLanguage\":\"de\"},{\"@type\":\"Organization\",\"@id\":\"https:\\\/\\\/naturalpoland.com\\\/de\\\/#organization\",\"name\":\"Natural Poland\",\"url\":\"https:\\\/\\\/naturalpoland.com\\\/de\\\/\",\"logo\":{\"@type\":\"ImageObject\",\"inLanguage\":\"de\",\"@id\":\"https:\\\/\\\/naturalpoland.com\\\/de\\\/#\\\/schema\\\/logo\\\/image\\\/\",\"url\":\"https:\\\/\\\/naturalpoland.com\\\/wp-content\\\/uploads\\\/2021\\\/05\\\/natural-poland-icon.png\",\"contentUrl\":\"https:\\\/\\\/naturalpoland.com\\\/wp-content\\\/uploads\\\/2021\\\/05\\\/natural-poland-icon.png\",\"width\":512,\"height\":512,\"caption\":\"Natural Poland\"},\"image\":{\"@id\":\"https:\\\/\\\/naturalpoland.com\\\/de\\\/#\\\/schema\\\/logo\\\/image\\\/\"},\"sameAs\":[\"https:\\\/\\\/www.facebook.com\\\/naturalpoland.b2b\",\"https:\\\/\\\/pl.linkedin.com\\\/company\\\/natural-poland\",\"https:\\\/\\\/www.youtube.com\\\/channel\\\/UCgeGGkvOMahZo-xu_MSEWxg\"]}]}<\/script>\n<!-- \/ Yoast SEO plugin. -->","yoast_head_json":{"title":"NADPro\u2122 (Quercetin, Niacinamid) - NATURAL POLAND - IMPORT UND HANDEL VON ROHSTOFFEN","description":"NADPro\u2122 ist ein fortschrittliches Produkt, das auf der BioSNEDS\u2122-Technologie basiert und eine h\u00f6here Bioverf\u00fcgbarkeit, Effizienz und breite Anwendung bietet.","robots":{"index":"index","follow":"follow","max-snippet":"max-snippet:-1","max-image-preview":"max-image-preview:large","max-video-preview":"max-video-preview:-1"},"canonical":"https:\/\/naturalpoland.com\/de\/produkte\/produkte-fur-die-pharmaindustrie\/nahrungserganzungmittel\/supra-lsme-quercetin-niacinamid\/","og_locale":"de_DE","og_type":"article","og_title":"NADPro\u2122 (Quercetin, Niacinamid) - NATURAL POLAND - IMPORT UND HANDEL VON ROHSTOFFEN","og_description":"NADPro\u2122 ist ein fortschrittliches Produkt, das auf der BioSNEDS\u2122-Technologie basiert und eine h\u00f6here Bioverf\u00fcgbarkeit, Effizienz und breite Anwendung bietet.","og_url":"https:\/\/naturalpoland.com\/de\/produkte\/produkte-fur-die-pharmaindustrie\/nahrungserganzungmittel\/supra-lsme-quercetin-niacinamid\/","og_site_name":"NATURAL POLAND - IMPORT UND HANDEL VON ROHSTOFFEN","article_publisher":"https:\/\/www.facebook.com\/naturalpoland.b2b","og_image":[{"width":614,"height":614,"url":"https:\/\/naturalpoland.com\/wp-content\/uploads\/kwercetyna-niacynamid.webp","type":"image\/webp"}],"schema":{"@context":"https:\/\/schema.org","@graph":[{"@type":"WebPage","@id":"https:\/\/naturalpoland.com\/de\/produkte\/produkte-fur-die-pharmaindustrie\/nahrungserganzungmittel\/supra-lsme-quercetin-niacinamid\/","url":"https:\/\/naturalpoland.com\/de\/produkte\/produkte-fur-die-pharmaindustrie\/nahrungserganzungmittel\/supra-lsme-quercetin-niacinamid\/","name":"NADPro\u2122 (Quercetin, Niacinamid) - NATURAL POLAND - IMPORT UND HANDEL VON ROHSTOFFEN","isPartOf":{"@id":"https:\/\/naturalpoland.com\/de\/#website"},"primaryImageOfPage":{"@id":"https:\/\/naturalpoland.com\/de\/produkte\/produkte-fur-die-pharmaindustrie\/nahrungserganzungmittel\/supra-lsme-quercetin-niacinamid\/#primaryimage"},"image":{"@id":"https:\/\/naturalpoland.com\/de\/produkte\/produkte-fur-die-pharmaindustrie\/nahrungserganzungmittel\/supra-lsme-quercetin-niacinamid\/#primaryimage"},"thumbnailUrl":"https:\/\/naturalpoland.com\/wp-content\/uploads\/kwercetyna-niacynamid.webp","datePublished":"2024-07-17T09:58:17+00:00","description":"NADPro\u2122 ist ein fortschrittliches Produkt, das auf der BioSNEDS\u2122-Technologie basiert und eine h\u00f6here Bioverf\u00fcgbarkeit, Effizienz und breite Anwendung bietet.","breadcrumb":{"@id":"https:\/\/naturalpoland.com\/de\/produkte\/produkte-fur-die-pharmaindustrie\/nahrungserganzungmittel\/supra-lsme-quercetin-niacinamid\/#breadcrumb"},"inLanguage":"de","potentialAction":[{"@type":"ReadAction","target":["https:\/\/naturalpoland.com\/de\/produkte\/produkte-fur-die-pharmaindustrie\/nahrungserganzungmittel\/supra-lsme-quercetin-niacinamid\/"]}]},{"@type":"ImageObject","inLanguage":"de","@id":"https:\/\/naturalpoland.com\/de\/produkte\/produkte-fur-die-pharmaindustrie\/nahrungserganzungmittel\/supra-lsme-quercetin-niacinamid\/#primaryimage","url":"https:\/\/naturalpoland.com\/wp-content\/uploads\/kwercetyna-niacynamid.webp","contentUrl":"https:\/\/naturalpoland.com\/wp-content\/uploads\/kwercetyna-niacynamid.webp","width":614,"height":614,"caption":"Kwercetyna, Niacynamid"},{"@type":"BreadcrumbList","@id":"https:\/\/naturalpoland.com\/de\/produkte\/produkte-fur-die-pharmaindustrie\/nahrungserganzungmittel\/supra-lsme-quercetin-niacinamid\/#breadcrumb","itemListElement":[{"@type":"ListItem","position":1,"name":"Startseite","item":"https:\/\/naturalpoland.com\/de\/"},{"@type":"ListItem","position":2,"name":"Produkte","item":"https:\/\/naturalpoland.com\/de\/produkte\/"},{"@type":"ListItem","position":3,"name":"NADPro\u2122 (Quercetin, Niacinamid)"}]},{"@type":"WebSite","@id":"https:\/\/naturalpoland.com\/de\/#website","url":"https:\/\/naturalpoland.com\/de\/","name":"NATURAL POLAND - IMPORT UND HANDEL VON ROHSTOFFEN","description":"Rohstoffe f\u00fcr die Lebensmittelindustrie, Kosmetikindustrie, Pharmaindustrie","publisher":{"@id":"https:\/\/naturalpoland.com\/de\/#organization"},"potentialAction":[{"@type":"SearchAction","target":{"@type":"EntryPoint","urlTemplate":"https:\/\/naturalpoland.com\/de\/?s={search_term_string}"},"query-input":{"@type":"PropertyValueSpecification","valueRequired":true,"valueName":"search_term_string"}}],"inLanguage":"de"},{"@type":"Organization","@id":"https:\/\/naturalpoland.com\/de\/#organization","name":"Natural Poland","url":"https:\/\/naturalpoland.com\/de\/","logo":{"@type":"ImageObject","inLanguage":"de","@id":"https:\/\/naturalpoland.com\/de\/#\/schema\/logo\/image\/","url":"https:\/\/naturalpoland.com\/wp-content\/uploads\/2021\/05\/natural-poland-icon.png","contentUrl":"https:\/\/naturalpoland.com\/wp-content\/uploads\/2021\/05\/natural-poland-icon.png","width":512,"height":512,"caption":"Natural Poland"},"image":{"@id":"https:\/\/naturalpoland.com\/de\/#\/schema\/logo\/image\/"},"sameAs":["https:\/\/www.facebook.com\/naturalpoland.b2b","https:\/\/pl.linkedin.com\/company\/natural-poland","https:\/\/www.youtube.com\/channel\/UCgeGGkvOMahZo-xu_MSEWxg"]}]}},"_links":{"self":[{"href":"https:\/\/naturalpoland.com\/de\/wp-json\/wp\/v2\/product\/33887","targetHints":{"allow":["GET"]}}],"collection":[{"href":"https:\/\/naturalpoland.com\/de\/wp-json\/wp\/v2\/product"}],"about":[{"href":"https:\/\/naturalpoland.com\/de\/wp-json\/wp\/v2\/types\/product"}],"wp:featuredmedia":[{"embeddable":true,"href":"https:\/\/naturalpoland.com\/de\/wp-json\/wp\/v2\/media\/33203"}],"wp:attachment":[{"href":"https:\/\/naturalpoland.com\/de\/wp-json\/wp\/v2\/media?parent=33887"}],"wp:term":[{"taxonomy":"product_brand","embeddable":true,"href":"https:\/\/naturalpoland.com\/de\/wp-json\/wp\/v2\/product_brand?post=33887"},{"taxonomy":"product_cat","embeddable":true,"href":"https:\/\/naturalpoland.com\/de\/wp-json\/wp\/v2\/product_cat?post=33887"},{"taxonomy":"product_tag","embeddable":true,"href":"https:\/\/naturalpoland.com\/de\/wp-json\/wp\/v2\/product_tag?post=33887"}],"curies":[{"name":"wp","href":"https:\/\/api.w.org\/{rel}","templated":true}]}}