{"id":34152,"date":"2024-07-23T14:20:50","date_gmt":"2024-07-24T08:45:51","guid":{"rendered":"https:\/\/naturalpoland.com\/produkty\/unkategorisiert\/extrakt-aus-haematococcus-pluvialis\/"},"modified":"2024-07-24T10:45:51","modified_gmt":"2024-07-24T08:45:51","slug":"extrakt-aus-haematococcus-pluvialis","status":"publish","type":"product","link":"https:\/\/naturalpoland.com\/de\/produkte\/produkte-fur-die-pharmaindustrie\/nahrungserganzungmittel\/extrakt-aus-haematococcus-pluvialis\/","title":{"rendered":"Haematococcus Pluvialis Extrakt"},"content":{"rendered":"<h2>Merkmale und Vorteile<\/h2>\n<ul>\n<li>Schutz der Zellen vor Sch\u00e4den durch freie Radikale,<\/li>\n<li>unterst\u00fctzen das Immunsystem und helfen dem K\u00f6rper, Infektionen und Krankheiten zu bek\u00e4mpfen.<\/li>\n<\/ul>\n<p>  Dar\u00fcber hinaus weisen Studien darauf hin, dass Astaxanthin die k\u00f6rperliche Leistungsf\u00e4higkeit verbessern und die Muskelerm\u00fcdung verringern kann.  <\/p>\n<h3>Anmeldung<\/h3>\n<p>  Haematococcus Pluvialis-Extrakt wird h\u00e4ufig als <strong>Bestandteil von Nahrungserg\u00e4nzungsmitteln<\/strong> verwendet, um Gesundheit und Vitalit\u00e4t zu unterst\u00fctzen.<br \/>\nEr kann Kapseln, Tabletten, Pulvern und funktionellen Getr\u00e4nken zugesetzt werden. <b>In der Kosmetikindustrie<\/b> wird der Extrakt in kosmetischen Formulierungen wie Cremes, Seren, Masken und Lotionen verwendet und hilft, die Haut vor Alterung und sch\u00e4dlichen Umwelteinfl\u00fcssen zu sch\u00fctzen.<br \/>\nHaematococcus Pluvialis-Extrakt wird auch in <strong>pharmazeutischen Produkten <\/strong>verwendet <strong>. <\/strong>Dank seiner antioxidativen und entz\u00fcndungshemmenden Eigenschaften unterst\u00fctzt er die Behandlung und Pr\u00e4vention verschiedener Erkrankungen.  <\/p>\n","protected":false},"excerpt":{"rendered":"<p><strong>Haematococcus Pluvialis Extrakt<\/strong> ist ein Nahrungserg\u00e4nzungsmittel, das aus der Mikroalge Haematococcus pluvialis gewonnen wird, die f\u00fcr ihren Gehalt an Astaxanthin bekannt ist. <strong>Astaxanthin<\/strong> ist eines der st\u00e4rksten bekannten Antioxidantien.<br \/>\nDieses Produkt ist in Form eines feinen, r\u00f6tlich-dunklen Pulvers erh\u00e4ltlich. <\/p>\n","protected":false},"featured_media":34051,"template":"","meta":{"_acf_changed":false},"product_brand":[],"product_cat":[373],"product_tag":[],"class_list":{"0":"post-34152","1":"product","2":"type-product","3":"status-publish","4":"has-post-thumbnail","6":"product_cat-nahrungserganzungmittel","8":"first","9":"instock","10":"shipping-taxable","11":"product-type-simple"},"acf":[],"yoast_head":"<!-- This site is optimized with the Yoast SEO plugin v27.4 - https:\/\/yoast.com\/product\/yoast-seo-wordpress\/ -->\n<title>Haematococcus Pluvialis Extrakt - NATURAL POLAND - IMPORT UND HANDEL VON ROHSTOFFEN<\/title>\n<meta name=\"description\" content=\"Haematococcus Pluvialis Extrakt ist ein hochwertiges Nahrungserg\u00e4nzungsmittel, das aus der Mikroalge Haematococcus pluvialis gewonnen wird, die f\u00fcr ihren Gehalt an Astaxanthin bekannt ist.\" \/>\n<meta name=\"robots\" content=\"index, follow, max-snippet:-1, max-image-preview:large, max-video-preview:-1\" \/>\n<link rel=\"canonical\" href=\"https:\/\/naturalpoland.com\/de\/produkte\/produkte-fur-die-pharmaindustrie\/nahrungserganzungmittel\/extrakt-aus-haematococcus-pluvialis\/\" \/>\n<meta property=\"og:locale\" content=\"de_DE\" \/>\n<meta property=\"og:type\" content=\"article\" \/>\n<meta property=\"og:title\" content=\"Haematococcus Pluvialis Extrakt - NATURAL POLAND - IMPORT UND HANDEL VON ROHSTOFFEN\" \/>\n<meta property=\"og:description\" content=\"Haematococcus Pluvialis Extrakt ist ein hochwertiges Nahrungserg\u00e4nzungsmittel, das aus der Mikroalge Haematococcus pluvialis gewonnen wird, die f\u00fcr ihren Gehalt an Astaxanthin bekannt ist.\" \/>\n<meta property=\"og:url\" content=\"https:\/\/naturalpoland.com\/de\/produkte\/produkte-fur-die-pharmaindustrie\/nahrungserganzungmittel\/extrakt-aus-haematococcus-pluvialis\/\" \/>\n<meta property=\"og:site_name\" content=\"NATURAL POLAND - IMPORT UND HANDEL VON ROHSTOFFEN\" \/>\n<meta property=\"article:publisher\" content=\"https:\/\/www.facebook.com\/naturalpoland.b2b\" \/>\n<meta property=\"og:image\" content=\"https:\/\/naturalpoland.com\/wp-content\/uploads\/haematococcus_pluvialis_extract.webp\" \/>\n\t<meta property=\"og:image:width\" content=\"615\" \/>\n\t<meta property=\"og:image:height\" content=\"615\" \/>\n\t<meta property=\"og:image:type\" content=\"image\/webp\" \/>\n<script type=\"application\/ld+json\" class=\"yoast-schema-graph\">{\"@context\":\"https:\\\/\\\/schema.org\",\"@graph\":[{\"@type\":\"WebPage\",\"@id\":\"https:\\\/\\\/naturalpoland.com\\\/de\\\/produkte\\\/produkte-fur-die-pharmaindustrie\\\/nahrungserganzungmittel\\\/extrakt-aus-haematococcus-pluvialis\\\/\",\"url\":\"https:\\\/\\\/naturalpoland.com\\\/de\\\/produkte\\\/produkte-fur-die-pharmaindustrie\\\/nahrungserganzungmittel\\\/extrakt-aus-haematococcus-pluvialis\\\/\",\"name\":\"Haematococcus Pluvialis Extrakt - NATURAL POLAND - IMPORT UND HANDEL VON ROHSTOFFEN\",\"isPartOf\":{\"@id\":\"https:\\\/\\\/naturalpoland.com\\\/de\\\/#website\"},\"primaryImageOfPage\":{\"@id\":\"https:\\\/\\\/naturalpoland.com\\\/de\\\/produkte\\\/produkte-fur-die-pharmaindustrie\\\/nahrungserganzungmittel\\\/extrakt-aus-haematococcus-pluvialis\\\/#primaryimage\"},\"image\":{\"@id\":\"https:\\\/\\\/naturalpoland.com\\\/de\\\/produkte\\\/produkte-fur-die-pharmaindustrie\\\/nahrungserganzungmittel\\\/extrakt-aus-haematococcus-pluvialis\\\/#primaryimage\"},\"thumbnailUrl\":\"https:\\\/\\\/naturalpoland.com\\\/wp-content\\\/uploads\\\/haematococcus_pluvialis_extract.webp\",\"datePublished\":\"2024-07-24T08:45:51+00:00\",\"description\":\"Haematococcus Pluvialis Extrakt ist ein hochwertiges Nahrungserg\u00e4nzungsmittel, das aus der Mikroalge Haematococcus pluvialis gewonnen wird, die f\u00fcr ihren Gehalt an Astaxanthin bekannt ist.\",\"breadcrumb\":{\"@id\":\"https:\\\/\\\/naturalpoland.com\\\/de\\\/produkte\\\/produkte-fur-die-pharmaindustrie\\\/nahrungserganzungmittel\\\/extrakt-aus-haematococcus-pluvialis\\\/#breadcrumb\"},\"inLanguage\":\"de\",\"potentialAction\":[{\"@type\":\"ReadAction\",\"target\":[\"https:\\\/\\\/naturalpoland.com\\\/de\\\/produkte\\\/produkte-fur-die-pharmaindustrie\\\/nahrungserganzungmittel\\\/extrakt-aus-haematococcus-pluvialis\\\/\"]}]},{\"@type\":\"ImageObject\",\"inLanguage\":\"de\",\"@id\":\"https:\\\/\\\/naturalpoland.com\\\/de\\\/produkte\\\/produkte-fur-die-pharmaindustrie\\\/nahrungserganzungmittel\\\/extrakt-aus-haematococcus-pluvialis\\\/#primaryimage\",\"url\":\"https:\\\/\\\/naturalpoland.com\\\/wp-content\\\/uploads\\\/haematococcus_pluvialis_extract.webp\",\"contentUrl\":\"https:\\\/\\\/naturalpoland.com\\\/wp-content\\\/uploads\\\/haematococcus_pluvialis_extract.webp\",\"width\":615,\"height\":615,\"caption\":\"Ekstrakt z Haematococcus Pluvialis\"},{\"@type\":\"BreadcrumbList\",\"@id\":\"https:\\\/\\\/naturalpoland.com\\\/de\\\/produkte\\\/produkte-fur-die-pharmaindustrie\\\/nahrungserganzungmittel\\\/extrakt-aus-haematococcus-pluvialis\\\/#breadcrumb\",\"itemListElement\":[{\"@type\":\"ListItem\",\"position\":1,\"name\":\"Startseite\",\"item\":\"https:\\\/\\\/naturalpoland.com\\\/de\\\/\"},{\"@type\":\"ListItem\",\"position\":2,\"name\":\"Produkte\",\"item\":\"https:\\\/\\\/naturalpoland.com\\\/de\\\/produkte\\\/\"},{\"@type\":\"ListItem\",\"position\":3,\"name\":\"Haematococcus Pluvialis Extrakt\"}]},{\"@type\":\"WebSite\",\"@id\":\"https:\\\/\\\/naturalpoland.com\\\/de\\\/#website\",\"url\":\"https:\\\/\\\/naturalpoland.com\\\/de\\\/\",\"name\":\"NATURAL POLAND - IMPORT UND HANDEL VON ROHSTOFFEN\",\"description\":\"Rohstoffe f\u00fcr die Lebensmittelindustrie, Kosmetikindustrie, Pharmaindustrie\",\"publisher\":{\"@id\":\"https:\\\/\\\/naturalpoland.com\\\/de\\\/#organization\"},\"potentialAction\":[{\"@type\":\"SearchAction\",\"target\":{\"@type\":\"EntryPoint\",\"urlTemplate\":\"https:\\\/\\\/naturalpoland.com\\\/de\\\/?s={search_term_string}\"},\"query-input\":{\"@type\":\"PropertyValueSpecification\",\"valueRequired\":true,\"valueName\":\"search_term_string\"}}],\"inLanguage\":\"de\"},{\"@type\":\"Organization\",\"@id\":\"https:\\\/\\\/naturalpoland.com\\\/de\\\/#organization\",\"name\":\"Natural Poland\",\"url\":\"https:\\\/\\\/naturalpoland.com\\\/de\\\/\",\"logo\":{\"@type\":\"ImageObject\",\"inLanguage\":\"de\",\"@id\":\"https:\\\/\\\/naturalpoland.com\\\/de\\\/#\\\/schema\\\/logo\\\/image\\\/\",\"url\":\"https:\\\/\\\/naturalpoland.com\\\/wp-content\\\/uploads\\\/2021\\\/05\\\/natural-poland-icon.png\",\"contentUrl\":\"https:\\\/\\\/naturalpoland.com\\\/wp-content\\\/uploads\\\/2021\\\/05\\\/natural-poland-icon.png\",\"width\":512,\"height\":512,\"caption\":\"Natural Poland\"},\"image\":{\"@id\":\"https:\\\/\\\/naturalpoland.com\\\/de\\\/#\\\/schema\\\/logo\\\/image\\\/\"},\"sameAs\":[\"https:\\\/\\\/www.facebook.com\\\/naturalpoland.b2b\",\"https:\\\/\\\/pl.linkedin.com\\\/company\\\/natural-poland\",\"https:\\\/\\\/www.youtube.com\\\/channel\\\/UCgeGGkvOMahZo-xu_MSEWxg\"]}]}<\/script>\n<!-- \/ Yoast SEO plugin. -->","yoast_head_json":{"title":"Haematococcus Pluvialis Extrakt - NATURAL POLAND - IMPORT UND HANDEL VON ROHSTOFFEN","description":"Haematococcus Pluvialis Extrakt ist ein hochwertiges Nahrungserg\u00e4nzungsmittel, das aus der Mikroalge Haematococcus pluvialis gewonnen wird, die f\u00fcr ihren Gehalt an Astaxanthin bekannt ist.","robots":{"index":"index","follow":"follow","max-snippet":"max-snippet:-1","max-image-preview":"max-image-preview:large","max-video-preview":"max-video-preview:-1"},"canonical":"https:\/\/naturalpoland.com\/de\/produkte\/produkte-fur-die-pharmaindustrie\/nahrungserganzungmittel\/extrakt-aus-haematococcus-pluvialis\/","og_locale":"de_DE","og_type":"article","og_title":"Haematococcus Pluvialis Extrakt - NATURAL POLAND - IMPORT UND HANDEL VON ROHSTOFFEN","og_description":"Haematococcus Pluvialis Extrakt ist ein hochwertiges Nahrungserg\u00e4nzungsmittel, das aus der Mikroalge Haematococcus pluvialis gewonnen wird, die f\u00fcr ihren Gehalt an Astaxanthin bekannt ist.","og_url":"https:\/\/naturalpoland.com\/de\/produkte\/produkte-fur-die-pharmaindustrie\/nahrungserganzungmittel\/extrakt-aus-haematococcus-pluvialis\/","og_site_name":"NATURAL POLAND - IMPORT UND HANDEL VON ROHSTOFFEN","article_publisher":"https:\/\/www.facebook.com\/naturalpoland.b2b","og_image":[{"width":615,"height":615,"url":"https:\/\/naturalpoland.com\/wp-content\/uploads\/haematococcus_pluvialis_extract.webp","type":"image\/webp"}],"schema":{"@context":"https:\/\/schema.org","@graph":[{"@type":"WebPage","@id":"https:\/\/naturalpoland.com\/de\/produkte\/produkte-fur-die-pharmaindustrie\/nahrungserganzungmittel\/extrakt-aus-haematococcus-pluvialis\/","url":"https:\/\/naturalpoland.com\/de\/produkte\/produkte-fur-die-pharmaindustrie\/nahrungserganzungmittel\/extrakt-aus-haematococcus-pluvialis\/","name":"Haematococcus Pluvialis Extrakt - NATURAL POLAND - IMPORT UND HANDEL VON ROHSTOFFEN","isPartOf":{"@id":"https:\/\/naturalpoland.com\/de\/#website"},"primaryImageOfPage":{"@id":"https:\/\/naturalpoland.com\/de\/produkte\/produkte-fur-die-pharmaindustrie\/nahrungserganzungmittel\/extrakt-aus-haematococcus-pluvialis\/#primaryimage"},"image":{"@id":"https:\/\/naturalpoland.com\/de\/produkte\/produkte-fur-die-pharmaindustrie\/nahrungserganzungmittel\/extrakt-aus-haematococcus-pluvialis\/#primaryimage"},"thumbnailUrl":"https:\/\/naturalpoland.com\/wp-content\/uploads\/haematococcus_pluvialis_extract.webp","datePublished":"2024-07-24T08:45:51+00:00","description":"Haematococcus Pluvialis Extrakt ist ein hochwertiges Nahrungserg\u00e4nzungsmittel, das aus der Mikroalge Haematococcus pluvialis gewonnen wird, die f\u00fcr ihren Gehalt an Astaxanthin bekannt ist.","breadcrumb":{"@id":"https:\/\/naturalpoland.com\/de\/produkte\/produkte-fur-die-pharmaindustrie\/nahrungserganzungmittel\/extrakt-aus-haematococcus-pluvialis\/#breadcrumb"},"inLanguage":"de","potentialAction":[{"@type":"ReadAction","target":["https:\/\/naturalpoland.com\/de\/produkte\/produkte-fur-die-pharmaindustrie\/nahrungserganzungmittel\/extrakt-aus-haematococcus-pluvialis\/"]}]},{"@type":"ImageObject","inLanguage":"de","@id":"https:\/\/naturalpoland.com\/de\/produkte\/produkte-fur-die-pharmaindustrie\/nahrungserganzungmittel\/extrakt-aus-haematococcus-pluvialis\/#primaryimage","url":"https:\/\/naturalpoland.com\/wp-content\/uploads\/haematococcus_pluvialis_extract.webp","contentUrl":"https:\/\/naturalpoland.com\/wp-content\/uploads\/haematococcus_pluvialis_extract.webp","width":615,"height":615,"caption":"Ekstrakt z Haematococcus Pluvialis"},{"@type":"BreadcrumbList","@id":"https:\/\/naturalpoland.com\/de\/produkte\/produkte-fur-die-pharmaindustrie\/nahrungserganzungmittel\/extrakt-aus-haematococcus-pluvialis\/#breadcrumb","itemListElement":[{"@type":"ListItem","position":1,"name":"Startseite","item":"https:\/\/naturalpoland.com\/de\/"},{"@type":"ListItem","position":2,"name":"Produkte","item":"https:\/\/naturalpoland.com\/de\/produkte\/"},{"@type":"ListItem","position":3,"name":"Haematococcus Pluvialis Extrakt"}]},{"@type":"WebSite","@id":"https:\/\/naturalpoland.com\/de\/#website","url":"https:\/\/naturalpoland.com\/de\/","name":"NATURAL POLAND - IMPORT UND HANDEL VON ROHSTOFFEN","description":"Rohstoffe f\u00fcr die Lebensmittelindustrie, Kosmetikindustrie, Pharmaindustrie","publisher":{"@id":"https:\/\/naturalpoland.com\/de\/#organization"},"potentialAction":[{"@type":"SearchAction","target":{"@type":"EntryPoint","urlTemplate":"https:\/\/naturalpoland.com\/de\/?s={search_term_string}"},"query-input":{"@type":"PropertyValueSpecification","valueRequired":true,"valueName":"search_term_string"}}],"inLanguage":"de"},{"@type":"Organization","@id":"https:\/\/naturalpoland.com\/de\/#organization","name":"Natural Poland","url":"https:\/\/naturalpoland.com\/de\/","logo":{"@type":"ImageObject","inLanguage":"de","@id":"https:\/\/naturalpoland.com\/de\/#\/schema\/logo\/image\/","url":"https:\/\/naturalpoland.com\/wp-content\/uploads\/2021\/05\/natural-poland-icon.png","contentUrl":"https:\/\/naturalpoland.com\/wp-content\/uploads\/2021\/05\/natural-poland-icon.png","width":512,"height":512,"caption":"Natural Poland"},"image":{"@id":"https:\/\/naturalpoland.com\/de\/#\/schema\/logo\/image\/"},"sameAs":["https:\/\/www.facebook.com\/naturalpoland.b2b","https:\/\/pl.linkedin.com\/company\/natural-poland","https:\/\/www.youtube.com\/channel\/UCgeGGkvOMahZo-xu_MSEWxg"]}]}},"_links":{"self":[{"href":"https:\/\/naturalpoland.com\/de\/wp-json\/wp\/v2\/product\/34152","targetHints":{"allow":["GET"]}}],"collection":[{"href":"https:\/\/naturalpoland.com\/de\/wp-json\/wp\/v2\/product"}],"about":[{"href":"https:\/\/naturalpoland.com\/de\/wp-json\/wp\/v2\/types\/product"}],"wp:featuredmedia":[{"embeddable":true,"href":"https:\/\/naturalpoland.com\/de\/wp-json\/wp\/v2\/media\/34051"}],"wp:attachment":[{"href":"https:\/\/naturalpoland.com\/de\/wp-json\/wp\/v2\/media?parent=34152"}],"wp:term":[{"taxonomy":"product_brand","embeddable":true,"href":"https:\/\/naturalpoland.com\/de\/wp-json\/wp\/v2\/product_brand?post=34152"},{"taxonomy":"product_cat","embeddable":true,"href":"https:\/\/naturalpoland.com\/de\/wp-json\/wp\/v2\/product_cat?post=34152"},{"taxonomy":"product_tag","embeddable":true,"href":"https:\/\/naturalpoland.com\/de\/wp-json\/wp\/v2\/product_tag?post=34152"}],"curies":[{"name":"wp","href":"https:\/\/api.w.org\/{rel}","templated":true}]}}