{"id":34986,"date":"2024-08-30T11:17:37","date_gmt":"2024-08-30T10:02:01","guid":{"rendered":"https:\/\/naturalpoland.com\/produkty\/unkategorisiert\/ribosid-nikotinamid-hydrochlorid-nr\/"},"modified":"2024-08-30T12:02:01","modified_gmt":"2024-08-30T10:02:01","slug":"ribosid-nikotinamid-hydrochlorid-nr","status":"publish","type":"product","link":"https:\/\/naturalpoland.com\/de\/produkte\/produkte-fur-die-pharmaindustrie\/vitamine\/ribosid-nikotinamid-hydrochlorid-nr\/","title":{"rendered":"Nicotinamid-Ribosid-Hydrochlorid (NR)"},"content":{"rendered":"<h2>Eigenschaften von NR<\/h2>\n<p>  Nicotinamid-Ribosid-Hydrochlorid tr\u00e4gt dazu bei, den NAD+-Spiegel in den Zellen zu erh\u00f6hen.<br \/>\nNAD+ ist ein wichtiges Coenzym in Stoffwechselprozessen, das f\u00fcr die Energieproduktion, die DNA-Reparatur, die Regulierung des Schlaf- und Wachzyklus und die Gesundheit des Nervensystems verantwortlich ist.<br \/>\nDaher wird NR besonders f\u00fcr seine Anti-Aging-Eigenschaften gesch\u00e4tzt, die die Zellregeneration unterst\u00fctzen und die Funktion der Mitochondrien verbessern.<br \/>\nDie Forschung zeigt au\u00dferdem, dass eine Nahrungserg\u00e4nzung mit NR die Gesundheit des Herzens und des Immunsystems unterst\u00fctzen und die allgemeine Vitalit\u00e4t des K\u00f6rpers verbessern kann.     <\/p>\n<h2>Anwendung NR<\/h2>\n<p>  Nicotinamid-Ribosid-Hydrochlorid wird als Bestandteil von Nahrungserg\u00e4nzungsmitteln verwendet, insbesondere von solchen, die auf die Unterst\u00fctzung der Zellgesundheit, die Verbesserung der Energie und die Unterst\u00fctzung der Gesundheit von Herz und Gehirn ausgerichtet sind.<br \/>\nAu\u00dferdem bek\u00e4mpft es die Auswirkungen des Alterns.<br \/>\nNR wird auch in Anti-Aging-Produkten verwendet, die darauf abzielen, <span style=\"font-size: 14.4px;\">den Alterungsprozess zu verlangsamen, die Elastizit\u00e4t der Haut zu verbessern und die Zellregeneration zu unterst\u00fctzen.<\/span> Als Vorstufe von NAD+ kann NR in Produkten zur Verbesserung des Energieniveaus und zur Unterst\u00fctzung der k\u00f6rperlichen und geistigen Leistungsf\u00e4higkeit eingesetzt werden.  <\/p>\n","protected":false},"excerpt":{"rendered":"<p><strong>Nicotinamid-Ribosid-Hydrochlorid (NR)<\/strong> ist eine Form von Vitamin B3 (Niacin).<br \/>\nEs zeigt die F\u00e4higkeit, den NAD+-Spiegel (Nicotinamid-Adenin-Dinukleotid) im K\u00f6rper zu erh\u00f6hen, wodurch die Funktion der Mitochondrien verbessert und die Vitalit\u00e4t gesteigert wird. <\/p>\n","protected":false},"featured_media":34946,"template":"","meta":{"_acf_changed":false},"product_brand":[],"product_cat":[372,373],"product_tag":[],"class_list":{"0":"post-34986","1":"product","2":"type-product","3":"status-publish","4":"has-post-thumbnail","6":"product_cat-vitamine","7":"product_cat-nahrungserganzungmittel","9":"first","10":"instock","11":"shipping-taxable","12":"product-type-simple"},"acf":[],"yoast_head":"<!-- This site is optimized with the Yoast SEO plugin v27.4 - https:\/\/yoast.com\/product\/yoast-seo-wordpress\/ -->\n<title>Nicotinamid-Ribosid-Hydrochlorid (NR) - NATURAL POLAND - IMPORT UND HANDEL VON ROHSTOFFEN<\/title>\n<meta name=\"description\" content=\"Nicotinamid-Ribosid-Hydrochlorid hat die F\u00e4higkeit, den NAD+-Spiegel zu erh\u00f6hen. Es ist ein idealer Inhaltsstoff f\u00fcr Nahrungserg\u00e4nzungsmittel und Anti-Aging-Produkte.\" \/>\n<meta name=\"robots\" content=\"index, follow, max-snippet:-1, max-image-preview:large, max-video-preview:-1\" \/>\n<link rel=\"canonical\" href=\"https:\/\/naturalpoland.com\/de\/produkte\/produkte-fur-die-pharmaindustrie\/vitamine\/ribosid-nikotinamid-hydrochlorid-nr\/\" \/>\n<meta property=\"og:locale\" content=\"de_DE\" \/>\n<meta property=\"og:type\" content=\"article\" \/>\n<meta property=\"og:title\" content=\"Nicotinamid-Ribosid-Hydrochlorid (NR) - NATURAL POLAND - IMPORT UND HANDEL VON ROHSTOFFEN\" \/>\n<meta property=\"og:description\" content=\"Nicotinamid-Ribosid-Hydrochlorid hat die F\u00e4higkeit, den NAD+-Spiegel zu erh\u00f6hen. Es ist ein idealer Inhaltsstoff f\u00fcr Nahrungserg\u00e4nzungsmittel und Anti-Aging-Produkte.\" \/>\n<meta property=\"og:url\" content=\"https:\/\/naturalpoland.com\/de\/produkte\/produkte-fur-die-pharmaindustrie\/vitamine\/ribosid-nikotinamid-hydrochlorid-nr\/\" \/>\n<meta property=\"og:site_name\" content=\"NATURAL POLAND - IMPORT UND HANDEL VON ROHSTOFFEN\" \/>\n<meta property=\"article:publisher\" content=\"https:\/\/www.facebook.com\/naturalpoland.b2b\" \/>\n<meta property=\"og:image\" content=\"https:\/\/naturalpoland.com\/wp-content\/uploads\/nr.webp\" \/>\n\t<meta property=\"og:image:width\" content=\"618\" \/>\n\t<meta property=\"og:image:height\" content=\"618\" \/>\n\t<meta property=\"og:image:type\" content=\"image\/webp\" \/>\n<script type=\"application\/ld+json\" class=\"yoast-schema-graph\">{\"@context\":\"https:\\\/\\\/schema.org\",\"@graph\":[{\"@type\":\"WebPage\",\"@id\":\"https:\\\/\\\/naturalpoland.com\\\/de\\\/produkte\\\/produkte-fur-die-pharmaindustrie\\\/vitamine\\\/ribosid-nikotinamid-hydrochlorid-nr\\\/\",\"url\":\"https:\\\/\\\/naturalpoland.com\\\/de\\\/produkte\\\/produkte-fur-die-pharmaindustrie\\\/vitamine\\\/ribosid-nikotinamid-hydrochlorid-nr\\\/\",\"name\":\"Nicotinamid-Ribosid-Hydrochlorid (NR) - NATURAL POLAND - IMPORT UND HANDEL VON ROHSTOFFEN\",\"isPartOf\":{\"@id\":\"https:\\\/\\\/naturalpoland.com\\\/de\\\/#website\"},\"primaryImageOfPage\":{\"@id\":\"https:\\\/\\\/naturalpoland.com\\\/de\\\/produkte\\\/produkte-fur-die-pharmaindustrie\\\/vitamine\\\/ribosid-nikotinamid-hydrochlorid-nr\\\/#primaryimage\"},\"image\":{\"@id\":\"https:\\\/\\\/naturalpoland.com\\\/de\\\/produkte\\\/produkte-fur-die-pharmaindustrie\\\/vitamine\\\/ribosid-nikotinamid-hydrochlorid-nr\\\/#primaryimage\"},\"thumbnailUrl\":\"https:\\\/\\\/naturalpoland.com\\\/wp-content\\\/uploads\\\/nr.webp\",\"datePublished\":\"2024-08-30T10:02:01+00:00\",\"description\":\"Nicotinamid-Ribosid-Hydrochlorid hat die F\u00e4higkeit, den NAD+-Spiegel zu erh\u00f6hen. Es ist ein idealer Inhaltsstoff f\u00fcr Nahrungserg\u00e4nzungsmittel und Anti-Aging-Produkte.\",\"breadcrumb\":{\"@id\":\"https:\\\/\\\/naturalpoland.com\\\/de\\\/produkte\\\/produkte-fur-die-pharmaindustrie\\\/vitamine\\\/ribosid-nikotinamid-hydrochlorid-nr\\\/#breadcrumb\"},\"inLanguage\":\"de\",\"potentialAction\":[{\"@type\":\"ReadAction\",\"target\":[\"https:\\\/\\\/naturalpoland.com\\\/de\\\/produkte\\\/produkte-fur-die-pharmaindustrie\\\/vitamine\\\/ribosid-nikotinamid-hydrochlorid-nr\\\/\"]}]},{\"@type\":\"ImageObject\",\"inLanguage\":\"de\",\"@id\":\"https:\\\/\\\/naturalpoland.com\\\/de\\\/produkte\\\/produkte-fur-die-pharmaindustrie\\\/vitamine\\\/ribosid-nikotinamid-hydrochlorid-nr\\\/#primaryimage\",\"url\":\"https:\\\/\\\/naturalpoland.com\\\/wp-content\\\/uploads\\\/nr.webp\",\"contentUrl\":\"https:\\\/\\\/naturalpoland.com\\\/wp-content\\\/uploads\\\/nr.webp\",\"width\":618,\"height\":618,\"caption\":\"chlorowodorek rybozydu nikotynamidu\"},{\"@type\":\"BreadcrumbList\",\"@id\":\"https:\\\/\\\/naturalpoland.com\\\/de\\\/produkte\\\/produkte-fur-die-pharmaindustrie\\\/vitamine\\\/ribosid-nikotinamid-hydrochlorid-nr\\\/#breadcrumb\",\"itemListElement\":[{\"@type\":\"ListItem\",\"position\":1,\"name\":\"Startseite\",\"item\":\"https:\\\/\\\/naturalpoland.com\\\/de\\\/\"},{\"@type\":\"ListItem\",\"position\":2,\"name\":\"Produkte\",\"item\":\"https:\\\/\\\/naturalpoland.com\\\/de\\\/produkte\\\/\"},{\"@type\":\"ListItem\",\"position\":3,\"name\":\"Nicotinamid-Ribosid-Hydrochlorid (NR)\"}]},{\"@type\":\"WebSite\",\"@id\":\"https:\\\/\\\/naturalpoland.com\\\/de\\\/#website\",\"url\":\"https:\\\/\\\/naturalpoland.com\\\/de\\\/\",\"name\":\"NATURAL POLAND - IMPORT UND HANDEL VON ROHSTOFFEN\",\"description\":\"Rohstoffe f\u00fcr die Lebensmittelindustrie, Kosmetikindustrie, Pharmaindustrie\",\"publisher\":{\"@id\":\"https:\\\/\\\/naturalpoland.com\\\/de\\\/#organization\"},\"potentialAction\":[{\"@type\":\"SearchAction\",\"target\":{\"@type\":\"EntryPoint\",\"urlTemplate\":\"https:\\\/\\\/naturalpoland.com\\\/de\\\/?s={search_term_string}\"},\"query-input\":{\"@type\":\"PropertyValueSpecification\",\"valueRequired\":true,\"valueName\":\"search_term_string\"}}],\"inLanguage\":\"de\"},{\"@type\":\"Organization\",\"@id\":\"https:\\\/\\\/naturalpoland.com\\\/de\\\/#organization\",\"name\":\"Natural Poland\",\"url\":\"https:\\\/\\\/naturalpoland.com\\\/de\\\/\",\"logo\":{\"@type\":\"ImageObject\",\"inLanguage\":\"de\",\"@id\":\"https:\\\/\\\/naturalpoland.com\\\/de\\\/#\\\/schema\\\/logo\\\/image\\\/\",\"url\":\"https:\\\/\\\/naturalpoland.com\\\/wp-content\\\/uploads\\\/2021\\\/05\\\/natural-poland-icon.png\",\"contentUrl\":\"https:\\\/\\\/naturalpoland.com\\\/wp-content\\\/uploads\\\/2021\\\/05\\\/natural-poland-icon.png\",\"width\":512,\"height\":512,\"caption\":\"Natural Poland\"},\"image\":{\"@id\":\"https:\\\/\\\/naturalpoland.com\\\/de\\\/#\\\/schema\\\/logo\\\/image\\\/\"},\"sameAs\":[\"https:\\\/\\\/www.facebook.com\\\/naturalpoland.b2b\",\"https:\\\/\\\/pl.linkedin.com\\\/company\\\/natural-poland\",\"https:\\\/\\\/www.youtube.com\\\/channel\\\/UCgeGGkvOMahZo-xu_MSEWxg\"]}]}<\/script>\n<!-- \/ Yoast SEO plugin. -->","yoast_head_json":{"title":"Nicotinamid-Ribosid-Hydrochlorid (NR) - NATURAL POLAND - IMPORT UND HANDEL VON ROHSTOFFEN","description":"Nicotinamid-Ribosid-Hydrochlorid hat die F\u00e4higkeit, den NAD+-Spiegel zu erh\u00f6hen. Es ist ein idealer Inhaltsstoff f\u00fcr Nahrungserg\u00e4nzungsmittel und Anti-Aging-Produkte.","robots":{"index":"index","follow":"follow","max-snippet":"max-snippet:-1","max-image-preview":"max-image-preview:large","max-video-preview":"max-video-preview:-1"},"canonical":"https:\/\/naturalpoland.com\/de\/produkte\/produkte-fur-die-pharmaindustrie\/vitamine\/ribosid-nikotinamid-hydrochlorid-nr\/","og_locale":"de_DE","og_type":"article","og_title":"Nicotinamid-Ribosid-Hydrochlorid (NR) - NATURAL POLAND - IMPORT UND HANDEL VON ROHSTOFFEN","og_description":"Nicotinamid-Ribosid-Hydrochlorid hat die F\u00e4higkeit, den NAD+-Spiegel zu erh\u00f6hen. Es ist ein idealer Inhaltsstoff f\u00fcr Nahrungserg\u00e4nzungsmittel und Anti-Aging-Produkte.","og_url":"https:\/\/naturalpoland.com\/de\/produkte\/produkte-fur-die-pharmaindustrie\/vitamine\/ribosid-nikotinamid-hydrochlorid-nr\/","og_site_name":"NATURAL POLAND - IMPORT UND HANDEL VON ROHSTOFFEN","article_publisher":"https:\/\/www.facebook.com\/naturalpoland.b2b","og_image":[{"width":618,"height":618,"url":"https:\/\/naturalpoland.com\/wp-content\/uploads\/nr.webp","type":"image\/webp"}],"schema":{"@context":"https:\/\/schema.org","@graph":[{"@type":"WebPage","@id":"https:\/\/naturalpoland.com\/de\/produkte\/produkte-fur-die-pharmaindustrie\/vitamine\/ribosid-nikotinamid-hydrochlorid-nr\/","url":"https:\/\/naturalpoland.com\/de\/produkte\/produkte-fur-die-pharmaindustrie\/vitamine\/ribosid-nikotinamid-hydrochlorid-nr\/","name":"Nicotinamid-Ribosid-Hydrochlorid (NR) - NATURAL POLAND - IMPORT UND HANDEL VON ROHSTOFFEN","isPartOf":{"@id":"https:\/\/naturalpoland.com\/de\/#website"},"primaryImageOfPage":{"@id":"https:\/\/naturalpoland.com\/de\/produkte\/produkte-fur-die-pharmaindustrie\/vitamine\/ribosid-nikotinamid-hydrochlorid-nr\/#primaryimage"},"image":{"@id":"https:\/\/naturalpoland.com\/de\/produkte\/produkte-fur-die-pharmaindustrie\/vitamine\/ribosid-nikotinamid-hydrochlorid-nr\/#primaryimage"},"thumbnailUrl":"https:\/\/naturalpoland.com\/wp-content\/uploads\/nr.webp","datePublished":"2024-08-30T10:02:01+00:00","description":"Nicotinamid-Ribosid-Hydrochlorid hat die F\u00e4higkeit, den NAD+-Spiegel zu erh\u00f6hen. Es ist ein idealer Inhaltsstoff f\u00fcr Nahrungserg\u00e4nzungsmittel und Anti-Aging-Produkte.","breadcrumb":{"@id":"https:\/\/naturalpoland.com\/de\/produkte\/produkte-fur-die-pharmaindustrie\/vitamine\/ribosid-nikotinamid-hydrochlorid-nr\/#breadcrumb"},"inLanguage":"de","potentialAction":[{"@type":"ReadAction","target":["https:\/\/naturalpoland.com\/de\/produkte\/produkte-fur-die-pharmaindustrie\/vitamine\/ribosid-nikotinamid-hydrochlorid-nr\/"]}]},{"@type":"ImageObject","inLanguage":"de","@id":"https:\/\/naturalpoland.com\/de\/produkte\/produkte-fur-die-pharmaindustrie\/vitamine\/ribosid-nikotinamid-hydrochlorid-nr\/#primaryimage","url":"https:\/\/naturalpoland.com\/wp-content\/uploads\/nr.webp","contentUrl":"https:\/\/naturalpoland.com\/wp-content\/uploads\/nr.webp","width":618,"height":618,"caption":"chlorowodorek rybozydu nikotynamidu"},{"@type":"BreadcrumbList","@id":"https:\/\/naturalpoland.com\/de\/produkte\/produkte-fur-die-pharmaindustrie\/vitamine\/ribosid-nikotinamid-hydrochlorid-nr\/#breadcrumb","itemListElement":[{"@type":"ListItem","position":1,"name":"Startseite","item":"https:\/\/naturalpoland.com\/de\/"},{"@type":"ListItem","position":2,"name":"Produkte","item":"https:\/\/naturalpoland.com\/de\/produkte\/"},{"@type":"ListItem","position":3,"name":"Nicotinamid-Ribosid-Hydrochlorid (NR)"}]},{"@type":"WebSite","@id":"https:\/\/naturalpoland.com\/de\/#website","url":"https:\/\/naturalpoland.com\/de\/","name":"NATURAL POLAND - IMPORT UND HANDEL VON ROHSTOFFEN","description":"Rohstoffe f\u00fcr die Lebensmittelindustrie, Kosmetikindustrie, Pharmaindustrie","publisher":{"@id":"https:\/\/naturalpoland.com\/de\/#organization"},"potentialAction":[{"@type":"SearchAction","target":{"@type":"EntryPoint","urlTemplate":"https:\/\/naturalpoland.com\/de\/?s={search_term_string}"},"query-input":{"@type":"PropertyValueSpecification","valueRequired":true,"valueName":"search_term_string"}}],"inLanguage":"de"},{"@type":"Organization","@id":"https:\/\/naturalpoland.com\/de\/#organization","name":"Natural Poland","url":"https:\/\/naturalpoland.com\/de\/","logo":{"@type":"ImageObject","inLanguage":"de","@id":"https:\/\/naturalpoland.com\/de\/#\/schema\/logo\/image\/","url":"https:\/\/naturalpoland.com\/wp-content\/uploads\/2021\/05\/natural-poland-icon.png","contentUrl":"https:\/\/naturalpoland.com\/wp-content\/uploads\/2021\/05\/natural-poland-icon.png","width":512,"height":512,"caption":"Natural Poland"},"image":{"@id":"https:\/\/naturalpoland.com\/de\/#\/schema\/logo\/image\/"},"sameAs":["https:\/\/www.facebook.com\/naturalpoland.b2b","https:\/\/pl.linkedin.com\/company\/natural-poland","https:\/\/www.youtube.com\/channel\/UCgeGGkvOMahZo-xu_MSEWxg"]}]}},"_links":{"self":[{"href":"https:\/\/naturalpoland.com\/de\/wp-json\/wp\/v2\/product\/34986","targetHints":{"allow":["GET"]}}],"collection":[{"href":"https:\/\/naturalpoland.com\/de\/wp-json\/wp\/v2\/product"}],"about":[{"href":"https:\/\/naturalpoland.com\/de\/wp-json\/wp\/v2\/types\/product"}],"wp:featuredmedia":[{"embeddable":true,"href":"https:\/\/naturalpoland.com\/de\/wp-json\/wp\/v2\/media\/34946"}],"wp:attachment":[{"href":"https:\/\/naturalpoland.com\/de\/wp-json\/wp\/v2\/media?parent=34986"}],"wp:term":[{"taxonomy":"product_brand","embeddable":true,"href":"https:\/\/naturalpoland.com\/de\/wp-json\/wp\/v2\/product_brand?post=34986"},{"taxonomy":"product_cat","embeddable":true,"href":"https:\/\/naturalpoland.com\/de\/wp-json\/wp\/v2\/product_cat?post=34986"},{"taxonomy":"product_tag","embeddable":true,"href":"https:\/\/naturalpoland.com\/de\/wp-json\/wp\/v2\/product_tag?post=34986"}],"curies":[{"name":"wp","href":"https:\/\/api.w.org\/{rel}","templated":true}]}}